{"id":11376,"date":"2022-08-16T16:57:15","date_gmt":"2022-08-16T14:57:15","guid":{"rendered":"https:\/\/projects.atxeit.ch\/sveb\/werbung-platzieren\/"},"modified":"2025-09-22T15:58:28","modified_gmt":"2025-09-22T13:58:28","slug":"placer-une-publicite","status":"publish","type":"page","link":"https:\/\/alice.ch\/fr\/services\/placer-une-publicite\/","title":{"rendered":"Placer une publicit\u00e9"},"content":{"rendered":"\n<div class=\"wp-block-group is-style-reduced-width is-layout-flow wp-block-group-is-layout-flow\">\n<h1 class=\"wp-block-heading\">Votre publicit\u00e9 chez nous \u2013 atteignez vos groupes cibles \u00e0 travers nos canaux<\/h1>\n\n\n\n<p>Avec nous, vous atteignez directement votre groupe cible  :<\/p>\n\n\n\n<ul class=\"wp-block-list\">\n<li>responsables d\u2019organismes de formation continue priv\u00e9s et publics,<\/li>\n\n\n\n<li>animateurs-trices de cours et formateurs-trices d\u2019adultes,<\/li>\n\n\n\n<li>responsables des ressources humaines et de la formation en entreprise, formateurs en entreprise,<\/li>\n\n\n\n<li>d\u00e9cideurs dans les associations sp\u00e9cialis\u00e9es, les fondations et les organisations professionnelles,<\/li>\n\n\n\n<li>conseillers-\u00e8res en orientation, coaches, orateurs-trices,<\/li>\n\n\n\n<li>prestataires de formation,<\/li>\n\n\n\n<li>membres et contacts du r\u00e9seau FSEA et autres personnes int\u00e9ress\u00e9es par la formation.<\/li>\n<\/ul>\n\n\n\n<div style=\"height:35px\" aria-hidden=\"true\" class=\"wp-block-spacer\"><\/div>\n\n\n\n<p>Pour atteindre vos objectifs de communication, profitez de nos divers canaux et formats \u2013 en ligne et hors ligne.<\/p>\n\n\n\n<div class=\"wp-block-group is-style-default is-layout-flow wp-block-group-is-layout-flow\">\n<div class=\"wp-block-media-text alignwide is-stacked-on-mobile is-style-icon-text\"><figure class=\"wp-block-media-text__media\"><a href=\"https:\/\/alice.ch\/fr\/services\/placer-une-publicite\/reserver-une-banniere\/\"><img decoding=\"async\" width=\"550\" height=\"500\" src=\"https:\/\/alice.ch\/app\/uploads\/2022\/10\/icon-werbung.png\" alt=\"\" class=\"wp-image-5976 size-full\" srcset=\"https:\/\/alice.ch\/app\/uploads\/2022\/10\/icon-werbung.png 550w, https:\/\/alice.ch\/app\/uploads\/2022\/10\/icon-werbung-300x273.png 300w\" sizes=\"(max-width: 550px) 100vw, 550px\" \/><\/a><\/figure><div class=\"wp-block-media-text__content\">\n<h2 class=\"wp-block-heading\"><a href=\"https:\/\/alice.ch\/fr\/services\/placer-une-publicite\/reserver-une-banniere\/\">Banni\u00e8re sur alice.ch<\/a><\/h2>\n\n\n\n<p>Tous les mois, notre site <a href=\"https:\/\/alice.ch\/fr\/\">alice.ch <\/a>est vu environ 16\u2019000 fois de personnes s\u2019int\u00e9ressant \u00e0 la formation continue ou travaillant dans ce domaine. Afin d\u2019atteindre votre groupe cible sur alice.ch, vous disposez de plusieurs possibilit\u00e9s.<\/p>\n<\/div><\/div>\n\n\n\n<hr class=\"wp-block-separator has-alpha-channel-opacity is-style-wide\"\/>\n\n\n\n<div class=\"wp-block-media-text alignwide is-stacked-on-mobile is-style-icon-text\"><figure class=\"wp-block-media-text__media\"><a href=\"https:\/\/alice.ch\/fr\/services\/placer-une-publicite\/annonce-dans-la-newsletter\/\"><img decoding=\"async\" width=\"330\" height=\"250\" src=\"https:\/\/alice.ch\/app\/uploads\/2022\/10\/icon-newsletter.png\" alt=\"\" class=\"wp-image-5884 size-full\" srcset=\"https:\/\/alice.ch\/app\/uploads\/2022\/10\/icon-newsletter.png 330w, https:\/\/alice.ch\/app\/uploads\/2022\/10\/icon-newsletter-300x227.png 300w\" sizes=\"(max-width: 330px) 100vw, 330px\" \/><\/a><\/figure><div class=\"wp-block-media-text__content\">\n<h2 class=\"wp-block-heading\"><a href=\"https:\/\/alice.ch\/fr\/services\/placer-une-publicite\/annonce-dans-la-newsletter\/\">Annonce dans le newsletter de la FSEA<\/a><\/h2>\n\n\n\n<p>Avec la&nbsp;<a href=\"https:\/\/alice.ch\/fr\/actualite\/newsletter\/\">newsletter de la FSEA<\/a>, vous avez acc\u00e8s \u00e0 environ 8000 professionnels et personnes int\u00e9ress\u00e9es du domaine de la formation. La newsletter est diffus\u00e9e sur abonnement 11 fois par an et se penche sur des th\u00e8mes et d\u00e9veloppements d\u2019actualit\u00e9 de la formation continue.<\/p>\n<\/div><\/div>\n\n\n\n<hr class=\"wp-block-separator has-alpha-channel-opacity is-style-wide\"\/>\n\n\n\n<div class=\"wp-block-media-text alignwide is-stacked-on-mobile is-style-icon-text\"><figure class=\"wp-block-media-text__media\"><a href=\"https:\/\/alice.ch\/fr\/services\/placer-une-publicite\/reservation-ep\/\"><img decoding=\"async\" width=\"456\" height=\"348\" src=\"https:\/\/alice.ch\/app\/uploads\/2022\/10\/icon-ep.png\" alt=\"\" class=\"wp-image-5892 size-full\" srcset=\"https:\/\/alice.ch\/app\/uploads\/2022\/10\/icon-ep.png 456w, https:\/\/alice.ch\/app\/uploads\/2022\/10\/icon-ep-300x229.png 300w\" sizes=\"(max-width: 456px) 100vw, 456px\" \/><\/a><\/figure><div class=\"wp-block-media-text__content\">\n<h2 class=\"wp-block-heading\"><a href=\"https:\/\/alice.ch\/fr\/services\/placer-une-publicite\/reservation-ep\/\">Annonce dans l&rsquo;Education Permanente<\/a><\/h2>\n\n\n\n<p>Education Permanente (EP) est la seule revue professionnelle qui porte sur la formation continue en Suisse. L&rsquo;EP para\u00eet deux fois par an sous forme de journal imprim\u00e9 et en ligne en allemand et en fran\u00e7ais.<\/p>\n<\/div><\/div>\n\n\n\n<hr class=\"wp-block-separator has-alpha-channel-opacity is-style-wide\"\/>\n\n\n\n<div class=\"wp-block-media-text alignwide is-stacked-on-mobile is-style-icon-text\"><figure class=\"wp-block-media-text__media\"><a href=\"https:\/\/alice.ch\/fr\/services\/placer-une-publicite\/banniere-publicitaire-formationcontinue-swiss\/\"><img decoding=\"async\" width=\"550\" height=\"500\" src=\"https:\/\/alice.ch\/app\/uploads\/2022\/10\/icon-werbung.png\" alt=\"\" class=\"wp-image-5976 size-medium\" srcset=\"https:\/\/alice.ch\/app\/uploads\/2022\/10\/icon-werbung.png 550w, https:\/\/alice.ch\/app\/uploads\/2022\/10\/icon-werbung-300x273.png 300w\" sizes=\"(max-width: 550px) 100vw, 550px\" \/><\/a><\/figure><div class=\"wp-block-media-text__content\">\n<h2 class=\"wp-block-heading\"><a href=\"https:\/\/alice.ch\/fr\/services\/placer-une-publicite\/banniere-publicitaire-formationcontinue-swiss\/\">Banni\u00e8re sur formationcontinue.swiss<\/a><\/h2>\n\n\n\n<p>Le site Internet trilingue <a href=\"https:\/\/www.formationcontinue.swiss\/?content=home&amp;=fr\">formationcontinue.swiss<\/a> s&rsquo;adresse aux personnes qui cherchent des offres adapt\u00e9es. Le portail des cours est g\u00e9r\u00e9 par la FSEA.<\/p>\n<\/div><\/div>\n\n\n\n<hr class=\"wp-block-separator has-alpha-channel-opacity is-style-wide\"\/>\n\n\n\n<div class=\"wp-block-media-text alignwide is-stacked-on-mobile is-style-icon-text\"><figure class=\"wp-block-media-text__media\"><a href=\"https:\/\/alice.ch\/fr\/services\/jobs\/saisir-les-offres-demploi\/\"><img decoding=\"async\" width=\"800\" height=\"930\" src=\"https:\/\/alice.ch\/app\/uploads\/2022\/10\/icon-grundkompetenzen-2.png\" alt=\"\" class=\"wp-image-6065 size-full\" srcset=\"https:\/\/alice.ch\/app\/uploads\/2022\/10\/icon-grundkompetenzen-2.png 800w, https:\/\/alice.ch\/app\/uploads\/2022\/10\/icon-grundkompetenzen-2-258x300.png 258w, https:\/\/alice.ch\/app\/uploads\/2022\/10\/icon-grundkompetenzen-2-768x893.png 768w\" sizes=\"(max-width: 800px) 100vw, 800px\" \/><\/a><\/figure><div class=\"wp-block-media-text__content\">\n<h2 class=\"wp-block-heading\"><a href=\"https:\/\/alice.ch\/fr\/services\/jobs\/saisir-les-offres-demploi\/\">Publier une offre d\u2019emploi<\/a><\/h2>\n\n\n\n<p>Le <a href=\"https:\/\/alice.ch\/fr\/services\/jobs\/\">march\u00e9 de l&#8217;emploi <\/a>sur alice.ch offre l&rsquo;aper\u00e7u le plus complet des postes vacants dans le domaine de la formation continue en Suisse. <\/p>\n<\/div><\/div>\n<\/div>\n\n\n\n<div style=\"height:43px\" aria-hidden=\"true\" class=\"wp-block-spacer\"><\/div>\n\n\n\n<p>Si vous commandez une publication dans plusieurs canaux publicitaires ou des publications r\u00e9p\u00e9t\u00e9es, nous vous offrons des conditions sp\u00e9ciales. En tant que&nbsp;<a href=\"https:\/\/alice.ch\/fr\/fsea-fr\/membres\/devenir-membre\/\">membre<\/a>&nbsp;\u00e9galement, vous b\u00e9n\u00e9ficiez de prix r\u00e9duits.<\/p>\n\n\n\n<p>Nous avons la solution pour tout budget. Jugez-en vous-m\u00eame ou&nbsp;<a href=\"mailto:marie.gandola@alice.ch\">contactez-nous<\/a>&nbsp;pour une assistance-conseil personnalis\u00e9e.<\/p>\n\n\n\n<h2 class=\"wp-block-heading\" id=\"rabais-combine\">Rabais sp\u00e9cial<\/h2>\n\n\n\n<p>Combinez les canaux publicitaires et b\u00e9n\u00e9ficiez de rabais:<\/p>\n\n\n\n<ul class=\"wp-block-list\">\n<li>7% sur le total publicitaire en choisissant 2 canaux-m\u00e9dias<\/li>\n\n\n\n<li>10% sur le total publicitaire en choisissant 3 canaux-m\u00e9dias<\/li>\n\n\n\n<li>12% sur le total publicitaire en choisissant 4 canaux-m\u00e9dias<\/li>\n\n\n\n<li>20% sur le total comme <a href=\"https:\/\/alice.ch\/fr\/fsea-fr\/membres\/devenir-membre\/\">membre de la FSEA<\/a><\/li>\n<\/ul>\n\n\n\n<div class=\"wp-block-columns is-layout-flex wp-container-core-columns-is-layout-28f84493 wp-block-columns-is-layout-flex\">\n<div class=\"wp-block-column is-layout-flow wp-block-column-is-layout-flow\" style=\"flex-basis:50%\">\n<div class=\"wp-block-file\"><a id=\"wp-block-file--media-0fe086ca-c34b-49a1-9588-7c9f8895f178\" href=\"https:\/\/alice.ch\/app\/uploads\/2024\/11\/options-publicitaires-2025-fsea.pdf\">Options publicitaires \u00e0 la FSEA 2025<br \/>PDF &#8211; 2 Mo<\/a><a href=\"https:\/\/alice.ch\/app\/uploads\/2024\/11\/options-publicitaires-2025-fsea.pdf\" class=\"wp-block-file__button wp-element-button\" download aria-describedby=\"wp-block-file--media-0fe086ca-c34b-49a1-9588-7c9f8895f178\">Herunterladen<br \/>PDF &#8211; 2 Mo<\/a><\/div>\n<\/div>\n\n\n\n<div class=\"wp-block-column is-layout-flow wp-block-column-is-layout-flow\" style=\"flex-basis:50%\">\n<div class=\"wp-block-file\"><a id=\"wp-block-file--media-01c795f3-9070-4631-87a3-a869de1ed5af\" href=\"https:\/\/alice.ch\/app\/uploads\/2025\/09\/fsea-options-publicitaires-2026.pdf\">Options publicitaires \u00e0 la FSEA 2025<br \/>PDF &#8211; 386 kb<\/a><a href=\"https:\/\/alice.ch\/app\/uploads\/2025\/09\/fsea-options-publicitaires-2026.pdf\" class=\"wp-block-file__button wp-element-button\" download aria-describedby=\"wp-block-file--media-01c795f3-9070-4631-87a3-a869de1ed5af\">Herunterladen<br \/>PDF &#8211; 386 kb<\/a><\/div>\n<\/div>\n<\/div>\n\n\n\n<h2 class=\"wp-block-heading\">Contact annonces publicitaires<\/h2>\n\n\n\n<div class=\"wp-block-columns is-layout-flex wp-container-core-columns-is-layout-28f84493 wp-block-columns-is-layout-flex\">\n<div class=\"wp-block-column is-layout-flow wp-block-column-is-layout-flow\" style=\"flex-basis:50%\"><div class=\"contact-persons\">\n\n\t\t\t\t\t<div class=\"contact-person\">\n\t\t\t\t\tMarie Gandola<br \/>\t\t\t\t\tAssistante de Direction   Coordinatrice FFA Romandie<br \/>\t\t\t\t\t<br \/>\n\t\t\t\t\t\t\t\t\t\t<a href=\"tel:+41 (0)22 994 20 10\">+41 (0)22 994 20 10<\/a><br \/>\t\t\t\t\t<a href=\"mailto:marie.gandola@alice.ch\">marie.gandola@alice.ch<\/a><br \/>\t\t\t\t\t<\/div>\n\t\t\t\t\t<\/div>\n<\/div>\n\n\n\n<div class=\"wp-block-column is-layout-flow wp-block-column-is-layout-flow\" style=\"flex-basis:50%\"><\/div>\n<\/div>\n<\/div>\n","protected":false},"excerpt":{"rendered":"<p>Votre publicit\u00e9 chez nous \u2013 atteignez vos groupes cibles \u00e0 travers nos canaux Avec nous, vous atteignez directement votre groupe [&hellip;]<\/p>\n","protected":false},"author":4,"featured_media":20799,"parent":17422,"menu_order":272,"comment_status":"closed","ping_status":"closed","template":"","meta":{"_acf_changed":false,"inline_featured_image":false,"footnotes":""},"class_list":["post-11376","page","type-page","status-publish","has-post-thumbnail","hentry"],"acf":[],"yoast_head":"<!-- This site is optimized with the Yoast SEO plugin v27.3 - https:\/\/yoast.com\/product\/yoast-seo-wordpress\/ -->\n<title>Placer une publicit\u00e9 - FSEA<\/title>\n<meta name=\"description\" content=\"Pour atteindre vos objectifs publicitaires dans le domaine de la formation continue, utilisez nos diff\u00e9rents canaux et formats.\" \/>\n<meta name=\"robots\" content=\"index, follow, max-snippet:-1, max-image-preview:large, max-video-preview:-1\" \/>\n<link rel=\"canonical\" href=\"https:\/\/alice.ch\/fr\/services\/placer-une-publicite\/\" \/>\n<meta property=\"og:locale\" content=\"fr_FR\" \/>\n<meta property=\"og:type\" content=\"article\" \/>\n<meta property=\"og:title\" content=\"Placer une publicit\u00e9 - FSEA\" \/>\n<meta property=\"og:description\" content=\"Pour atteindre vos objectifs publicitaires dans le domaine de la formation continue, utilisez nos diff\u00e9rents canaux et formats.\" \/>\n<meta property=\"og:url\" content=\"https:\/\/alice.ch\/fr\/services\/placer-une-publicite\/\" \/>\n<meta property=\"og:site_name\" content=\"SVEB\" \/>\n<meta property=\"article:modified_time\" content=\"2025-09-22T13:58:28+00:00\" \/>\n<meta property=\"og:image\" content=\"https:\/\/alice.ch\/app\/uploads\/2022\/10\/icon-werbung.png\" \/>\n\t<meta property=\"og:image:width\" content=\"550\" \/>\n\t<meta property=\"og:image:height\" content=\"500\" \/>\n\t<meta property=\"og:image:type\" content=\"image\/png\" \/>\n<meta name=\"twitter:card\" content=\"summary_large_image\" \/>\n<meta name=\"twitter:label1\" content=\"Dur\u00e9e de lecture estim\u00e9e\" \/>\n\t<meta name=\"twitter:data1\" content=\"2 minutes\" \/>\n<script type=\"application\/ld+json\" class=\"yoast-schema-graph\">{\"@context\":\"https:\\\/\\\/schema.org\",\"@graph\":[{\"@type\":\"WebPage\",\"@id\":\"https:\\\/\\\/alice.ch\\\/fr\\\/services\\\/placer-une-publicite\\\/\",\"url\":\"https:\\\/\\\/alice.ch\\\/fr\\\/services\\\/placer-une-publicite\\\/\",\"name\":\"Placer une publicit\u00e9 - FSEA\",\"isPartOf\":{\"@id\":\"https:\\\/\\\/alice.ch\\\/fr\\\/#website\"},\"primaryImageOfPage\":{\"@id\":\"https:\\\/\\\/alice.ch\\\/fr\\\/services\\\/placer-une-publicite\\\/#primaryimage\"},\"image\":{\"@id\":\"https:\\\/\\\/alice.ch\\\/fr\\\/services\\\/placer-une-publicite\\\/#primaryimage\"},\"thumbnailUrl\":\"https:\\\/\\\/alice.ch\\\/app\\\/uploads\\\/2022\\\/11\\\/default.jpg\",\"datePublished\":\"2022-08-16T14:57:15+00:00\",\"dateModified\":\"2025-09-22T13:58:28+00:00\",\"description\":\"Pour atteindre vos objectifs publicitaires dans le domaine de la formation continue, utilisez nos diff\u00e9rents canaux et formats.\",\"breadcrumb\":{\"@id\":\"https:\\\/\\\/alice.ch\\\/fr\\\/services\\\/placer-une-publicite\\\/#breadcrumb\"},\"inLanguage\":\"fr-FR\",\"potentialAction\":[{\"@type\":\"ReadAction\",\"target\":[\"https:\\\/\\\/alice.ch\\\/fr\\\/services\\\/placer-une-publicite\\\/\"]}]},{\"@type\":\"ImageObject\",\"inLanguage\":\"fr-FR\",\"@id\":\"https:\\\/\\\/alice.ch\\\/fr\\\/services\\\/placer-une-publicite\\\/#primaryimage\",\"url\":\"https:\\\/\\\/alice.ch\\\/app\\\/uploads\\\/2022\\\/11\\\/default.jpg\",\"contentUrl\":\"https:\\\/\\\/alice.ch\\\/app\\\/uploads\\\/2022\\\/11\\\/default.jpg\",\"width\":1600,\"height\":900},{\"@type\":\"BreadcrumbList\",\"@id\":\"https:\\\/\\\/alice.ch\\\/fr\\\/services\\\/placer-une-publicite\\\/#breadcrumb\",\"itemListElement\":[{\"@type\":\"ListItem\",\"position\":1,\"name\":\"Page d'accueil\",\"item\":\"https:\\\/\\\/alice.ch\\\/fr\\\/\"},{\"@type\":\"ListItem\",\"position\":2,\"name\":\"Services\",\"item\":\"https:\\\/\\\/alice.ch\\\/fr\\\/services\\\/\"},{\"@type\":\"ListItem\",\"position\":3,\"name\":\"Placer une publicit\u00e9\"}]},{\"@type\":\"WebSite\",\"@id\":\"https:\\\/\\\/alice.ch\\\/fr\\\/#website\",\"url\":\"https:\\\/\\\/alice.ch\\\/fr\\\/\",\"name\":\"alice.ch (Adult Learning Information Center) ist das Portal der Weiterbildung in der Schweiz.\",\"description\":\"Schweizerischer Verband f\u00fcr Weiterbildung\",\"publisher\":{\"@id\":\"https:\\\/\\\/alice.ch\\\/fr\\\/#organization\"},\"potentialAction\":[{\"@type\":\"SearchAction\",\"target\":{\"@type\":\"EntryPoint\",\"urlTemplate\":\"https:\\\/\\\/alice.ch\\\/fr\\\/?s={search_term_string}\"},\"query-input\":{\"@type\":\"PropertyValueSpecification\",\"valueRequired\":true,\"valueName\":\"search_term_string\"}}],\"inLanguage\":\"fr-FR\"},{\"@type\":\"Organization\",\"@id\":\"https:\\\/\\\/alice.ch\\\/fr\\\/#organization\",\"name\":\"FSEA F\u00e9d\u00e9ration suisse pour la formation continue\",\"url\":\"https:\\\/\\\/alice.ch\\\/fr\\\/\",\"logo\":{\"@type\":\"ImageObject\",\"inLanguage\":\"fr-FR\",\"@id\":\"https:\\\/\\\/alice.ch\\\/fr\\\/#\\\/schema\\\/logo\\\/image\\\/\",\"url\":\"https:\\\/\\\/alice.ch\\\/app\\\/uploads\\\/2022\\\/07\\\/logo-sveb.png\",\"contentUrl\":\"https:\\\/\\\/alice.ch\\\/app\\\/uploads\\\/2022\\\/07\\\/logo-sveb.png\",\"width\":145,\"height\":64,\"caption\":\"FSEA F\u00e9d\u00e9ration suisse pour la formation continue\"},\"image\":{\"@id\":\"https:\\\/\\\/alice.ch\\\/fr\\\/#\\\/schema\\\/logo\\\/image\\\/\"},\"sameAs\":[\"https:\\\/\\\/www.linkedin.com\\\/company\\\/schweizerischer-verband-fr-weiterbildung-sveb\\\/\"]}]}<\/script>\n<!-- \/ Yoast SEO plugin. -->","yoast_head_json":{"title":"Placer une publicit\u00e9 - FSEA","description":"Pour atteindre vos objectifs publicitaires dans le domaine de la formation continue, utilisez nos diff\u00e9rents canaux et formats.","robots":{"index":"index","follow":"follow","max-snippet":"max-snippet:-1","max-image-preview":"max-image-preview:large","max-video-preview":"max-video-preview:-1"},"canonical":"https:\/\/alice.ch\/fr\/services\/placer-une-publicite\/","og_locale":"fr_FR","og_type":"article","og_title":"Placer une publicit\u00e9 - FSEA","og_description":"Pour atteindre vos objectifs publicitaires dans le domaine de la formation continue, utilisez nos diff\u00e9rents canaux et formats.","og_url":"https:\/\/alice.ch\/fr\/services\/placer-une-publicite\/","og_site_name":"SVEB","article_modified_time":"2025-09-22T13:58:28+00:00","og_image":[{"width":550,"height":500,"url":"https:\/\/alice.ch\/app\/uploads\/2022\/10\/icon-werbung.png","type":"image\/png"}],"twitter_card":"summary_large_image","twitter_misc":{"Dur\u00e9e de lecture estim\u00e9e":"2 minutes"},"schema":{"@context":"https:\/\/schema.org","@graph":[{"@type":"WebPage","@id":"https:\/\/alice.ch\/fr\/services\/placer-une-publicite\/","url":"https:\/\/alice.ch\/fr\/services\/placer-une-publicite\/","name":"Placer une publicit\u00e9 - FSEA","isPartOf":{"@id":"https:\/\/alice.ch\/fr\/#website"},"primaryImageOfPage":{"@id":"https:\/\/alice.ch\/fr\/services\/placer-une-publicite\/#primaryimage"},"image":{"@id":"https:\/\/alice.ch\/fr\/services\/placer-une-publicite\/#primaryimage"},"thumbnailUrl":"https:\/\/alice.ch\/app\/uploads\/2022\/11\/default.jpg","datePublished":"2022-08-16T14:57:15+00:00","dateModified":"2025-09-22T13:58:28+00:00","description":"Pour atteindre vos objectifs publicitaires dans le domaine de la formation continue, utilisez nos diff\u00e9rents canaux et formats.","breadcrumb":{"@id":"https:\/\/alice.ch\/fr\/services\/placer-une-publicite\/#breadcrumb"},"inLanguage":"fr-FR","potentialAction":[{"@type":"ReadAction","target":["https:\/\/alice.ch\/fr\/services\/placer-une-publicite\/"]}]},{"@type":"ImageObject","inLanguage":"fr-FR","@id":"https:\/\/alice.ch\/fr\/services\/placer-une-publicite\/#primaryimage","url":"https:\/\/alice.ch\/app\/uploads\/2022\/11\/default.jpg","contentUrl":"https:\/\/alice.ch\/app\/uploads\/2022\/11\/default.jpg","width":1600,"height":900},{"@type":"BreadcrumbList","@id":"https:\/\/alice.ch\/fr\/services\/placer-une-publicite\/#breadcrumb","itemListElement":[{"@type":"ListItem","position":1,"name":"Page d'accueil","item":"https:\/\/alice.ch\/fr\/"},{"@type":"ListItem","position":2,"name":"Services","item":"https:\/\/alice.ch\/fr\/services\/"},{"@type":"ListItem","position":3,"name":"Placer une publicit\u00e9"}]},{"@type":"WebSite","@id":"https:\/\/alice.ch\/fr\/#website","url":"https:\/\/alice.ch\/fr\/","name":"alice.ch (Adult Learning Information Center) ist das Portal der Weiterbildung in der Schweiz.","description":"Schweizerischer Verband f\u00fcr Weiterbildung","publisher":{"@id":"https:\/\/alice.ch\/fr\/#organization"},"potentialAction":[{"@type":"SearchAction","target":{"@type":"EntryPoint","urlTemplate":"https:\/\/alice.ch\/fr\/?s={search_term_string}"},"query-input":{"@type":"PropertyValueSpecification","valueRequired":true,"valueName":"search_term_string"}}],"inLanguage":"fr-FR"},{"@type":"Organization","@id":"https:\/\/alice.ch\/fr\/#organization","name":"FSEA F\u00e9d\u00e9ration suisse pour la formation continue","url":"https:\/\/alice.ch\/fr\/","logo":{"@type":"ImageObject","inLanguage":"fr-FR","@id":"https:\/\/alice.ch\/fr\/#\/schema\/logo\/image\/","url":"https:\/\/alice.ch\/app\/uploads\/2022\/07\/logo-sveb.png","contentUrl":"https:\/\/alice.ch\/app\/uploads\/2022\/07\/logo-sveb.png","width":145,"height":64,"caption":"FSEA F\u00e9d\u00e9ration suisse pour la formation continue"},"image":{"@id":"https:\/\/alice.ch\/fr\/#\/schema\/logo\/image\/"},"sameAs":["https:\/\/www.linkedin.com\/company\/schweizerischer-verband-fr-weiterbildung-sveb\/"]}]}},"_links":{"self":[{"href":"https:\/\/alice.ch\/fr\/wp-json\/wp\/v2\/pages\/11376","targetHints":{"allow":["GET"]}}],"collection":[{"href":"https:\/\/alice.ch\/fr\/wp-json\/wp\/v2\/pages"}],"about":[{"href":"https:\/\/alice.ch\/fr\/wp-json\/wp\/v2\/types\/page"}],"author":[{"embeddable":true,"href":"https:\/\/alice.ch\/fr\/wp-json\/wp\/v2\/users\/4"}],"replies":[{"embeddable":true,"href":"https:\/\/alice.ch\/fr\/wp-json\/wp\/v2\/comments?post=11376"}],"version-history":[{"count":45,"href":"https:\/\/alice.ch\/fr\/wp-json\/wp\/v2\/pages\/11376\/revisions"}],"predecessor-version":[{"id":72141,"href":"https:\/\/alice.ch\/fr\/wp-json\/wp\/v2\/pages\/11376\/revisions\/72141"}],"up":[{"embeddable":true,"href":"https:\/\/alice.ch\/fr\/wp-json\/wp\/v2\/pages\/17422"}],"wp:featuredmedia":[{"embeddable":true,"href":"https:\/\/alice.ch\/fr\/wp-json\/wp\/v2\/media\/20799"}],"wp:attachment":[{"href":"https:\/\/alice.ch\/fr\/wp-json\/wp\/v2\/media?parent=11376"}],"curies":[{"name":"wp","href":"https:\/\/api.w.org\/{rel}","templated":true}]}}