{"id":11386,"date":"2022-08-16T16:23:05","date_gmt":"2022-08-16T14:23:05","guid":{"rendered":"https:\/\/projects.atxeit.ch\/sveb\/geschaeftsstellen-standorte\/"},"modified":"2024-10-28T08:42:17","modified_gmt":"2024-10-28T07:42:17","slug":"les-secretariats-regionaux","status":"publish","type":"page","link":"https:\/\/alice.ch\/fr\/fsea-fr\/les-secretariats-regionaux\/","title":{"rendered":"Les secr\u00e9tariats r\u00e9gionaux"},"content":{"rendered":"\n<div class=\"wp-block-group is-style-reduced-width is-layout-flow wp-block-group-is-layout-flow\">\n<h1 class=\"wp-block-heading\">Nous sommes repr\u00e9sent\u00e9s dans les trois r\u00e9gions linguistiques<\/h1>\n\n\n\n<p class=\"is-style-lead\">Nous disposons de secr\u00e9tariats dans les trois r\u00e9gions linguistiques et h\u00e9bergeons \u00e9galement les secr\u00e9tariats pour la formation des formateurs FFA et eduQua, qui sont ainsi \u00e9galement repr\u00e9sent\u00e9s dans toutes les r\u00e9gions linguistiques.<\/p>\n\n\n\n<p class=\"is-style-default\">Notre secr\u00e9tariat national est sis \u00e0 Zurich. Le secr\u00e9tariat de la FSEA Suisse romande se trouve \u00e0 Lausanne et le secr\u00e9tariat pour la Suisse italienne \u00e0 Lugano. En Suisse romande et italienne, nos secr\u00e9tariats sont activement soutenus par des r\u00e9seaux r\u00e9gionaux.<\/p>\n\n\n\n<h2 class=\"wp-block-heading\">Secr\u00e9tariat national<\/h2>\n\n\n\n<p>Au si\u00e8ge administratif de Zurich, la repr\u00e9sentation des int\u00e9r\u00eats, les questions politiques de la formation ainsi que le travail professionnel sont au centre de nos activit\u00e9s. Nous sommes \u00e9galement le secr\u00e9tariat national pour la formation des formateurs\/trices ainsi qu&rsquo;eduQua.<\/p>\n\n\n\n<p>Environ 25 collaborateurs\/trices g\u00e8rent des projets nationaux et internationaux, d\u00e9veloppent diff\u00e9rents r\u00e9seaux, g\u00e8rent diff\u00e9rents services pour les membres et d\u00e9veloppent des concepts, des \u00e9tudes ou des proc\u00e9d\u00e9s innovants pour l&rsquo;encouragement de la formation continue. Le secr\u00e9tariat national traite des th\u00e9matiques larges. La professionnalisation, la Qualit\u00e9 et les comp\u00e9tences de base sont des th\u00e8mes centraux. De plus, nous travaillons sur le d\u00e9veloppement de la formation continue au niveau national et international ainsi que le travail professionnel et rendons les r\u00e9sultats de la recherche accessibles au public.<\/p>\n\n\n\n<h2 class=\"wp-block-heading\">FSEA Romand<\/h2>\n\n\n\n<p>La Suisse romande, aux caract\u00e9ristiques culturelles et \u00e9conomiques sp\u00e9cifiques, s\u2019engage dans l\u2019ensemble des th\u00e9matiques de la FSEA selon une organisation r\u00e9gionale propre. Dot\u00e9e d\u2019un secr\u00e9tariat bas\u00e9 \u00e0 Lausanne, la FSEA romande dispose de l&rsquo;organe d\u00e9cisionnel appel\u00e9 le&nbsp;<a href=\"https:\/\/alice.ch\/fr\/fsea-fr\/a-propos-de-la-fsea\/organes\/forum-romand\/\">Forum romand<\/a>&nbsp;ainsi que de deux R\u00e9seaux sp\u00e9cialis\u00e9s :<\/p>\n\n\n\n<div class=\"wp-block-buttons is-layout-flex wp-block-buttons-is-layout-flex\">\n<div class=\"wp-block-button has-custom-width wp-block-button__width-50 is-style-outline is-style-outline--1\"><a class=\"wp-block-button__link wp-element-button\" href=\"https:\/\/alice.ch\/fr\/fsea-fr\/a-propos-de-la-fsea\/federation-romande-des-acteurs-de-la-formation-des-formateurs-dadultes-fraffa\/\">R\u00e9seau Formation des formateurs d&rsquo;adultes FRAFFA<\/a><\/div>\n<\/div>\n\n\n\n<div class=\"wp-block-buttons is-layout-flex wp-block-buttons-is-layout-flex\">\n<div class=\"wp-block-button has-custom-width wp-block-button__width-50 is-style-outline is-style-outline--2\"><a class=\"wp-block-button__link wp-element-button\" href=\"https:\/\/www.crfba.ch\/\" target=\"_blank\" rel=\"noreferrer noopener\">Coordination romande pour la formation de base des adultes CRFBA<\/a><\/div>\n<\/div>\n\n\n\n<p>Tous deux sont repr\u00e9sent\u00e9s au Forum romand ainsi qu&rsquo;\u00e0 la&nbsp;<a href=\"https:\/\/www.crfc.ch\/\" target=\"_blank\" rel=\"noreferrer noopener\">Conf\u00e9rence romande de la formation continue CRFC<\/a>, ce qui assure la relation avec la FSEA nationale et une tribune ouverte sur le monde politique et \u00e9conomique.<\/p>\n\n\n\n<p>Le Forum romand peut \u00e9galement, en fonction des besoins, constituer un ou des groupes de travail sp\u00e9cifique(s) sur des th\u00e9matiques particuli\u00e8res.<\/p>\n\n\n\n<p>La FSEA romande a initi\u00e9 la&nbsp;<a href=\"https:\/\/www.crfc.ch\/\" target=\"_blank\" rel=\"noreferrer noopener\">Conf\u00e9rence romande de la formation continue CRFC<\/a>, qui est repr\u00e9sentative des cantons romands et des secteurs d\u2019activit\u00e9s de la formation continue : administrations cantonales, partenaires sociaux, prestataires de services priv\u00e9s et publics, organisations fa\u00eeti\u00e8res, repr\u00e9sentants politiques, entreprises, etc. Elle s\u2019est donn\u00e9 pour mission premi\u00e8re de promouvoir les politiques romandes en la mati\u00e8re.<\/p>\n\n\n\n<h2 class=\"wp-block-heading\">FSEA Tessinoise et CFC<\/h2>\n\n\n\n<p>La FSEA est pr\u00e9sente dans la Suisse italienne depuis l&rsquo;an 2000. Le secr\u00e9tariat r\u00e9gional a pu \u00eatre mis sur pied gr\u00e2ce au soutien du canton du Tessin. La collaboration a surv\u00e9cu au temps : la FSEA m\u00e8ne toujours un secr\u00e9tariat commun avec la Conf\u00e9rence cantonale pour la formation continue (Conferenza della Svizzera italiana per la formazione continua degli adulti), ce qui permet de nombreuses synergies pour les deux partenaires.<\/p>\n\n\n\n<p>Dans ses activit\u00e9s, le secr\u00e9tariat tessinois pr\u00e9sente un profil similaire au secr\u00e9tariat romand : \u00e0 c\u00f4t\u00e9 des t\u00e2ches et des projets nationaux et internationaux, les trois collaborateurs-trices s&rsquo;engagent dans la Suisse italienne, \u00e9galement pour une mise en r\u00e9seau r\u00e9gionale.<\/p>\n\n\n\n<div class=\"wp-block-columns is-layout-flex wp-container-core-columns-is-layout-28f84493 wp-block-columns-is-layout-flex\">\n<div class=\"wp-block-column is-layout-flow wp-block-column-is-layout-flow\">\n<div class=\"wp-block-buttons is-layout-flex wp-block-buttons-is-layout-flex\">\n<div class=\"wp-block-button has-custom-width wp-block-button__width-100 is-style-outline is-style-outline--3\"><a class=\"wp-block-button__link wp-element-button\" href=\"http:\/\/www.conferenzacfc.ch\/\" target=\"_blank\" rel=\"noreferrer noopener\">www.conferenzacfc.ch<\/a><\/div>\n<\/div>\n<\/div>\n\n\n\n<div class=\"wp-block-column is-layout-flow wp-block-column-is-layout-flow\"><\/div>\n<\/div>\n\n\n\n<h2 class=\"wp-block-heading\">Sites<\/h2>\n\n\n\n<h3 class=\"wp-block-heading\">Nationale Gesch\u00e4ftsstelle Z\u00fcrich<\/h3>\n\n\n\n<p>SVEB<br>Schweizerischer Verband f\u00fcr Weiterbildung<br>Hardstrasse 235<br>8005 Z\u00fcrich<\/p>\n\n\n\n<p>+41 (0)44 319 71 71<br><a href=\"mailto:info@alice.ch\" target=\"_blank\" rel=\"noreferrer noopener\">info@alice.ch<\/a><br><\/p>\n\n\n\n<h3 class=\"wp-block-heading\">Secr\u00e9tariat romand<\/h3>\n\n\n\n<p>FSEA<br>F\u00e9d\u00e9ration suisse pour la formation continue<br>Rue de Gen\u00e8ve 88<br>1004 Lausanne<\/p>\n\n\n\n<p>+41 (0)22 994 20 10<br><a href=\"mailto:fsea@alice.ch\">fsea@alice.ch<\/a><br><\/p>\n\n\n\n<h3 class=\"wp-block-heading\">Segretariato della Svizzera italiana<\/h3>\n\n\n\n<p>FSEA<br>Federazione svizzera per la formazione continua<br>Via Besso 84<br>6900 Lugano-Massagno<br><br>+41 (0)91 950 84 16<br><a href=\"mailto:fseaticino@alice.ch\" target=\"_blank\" rel=\"noreferrer noopener\">fseaticino@alice.ch<\/a><\/p>\n\n\n\n<h2 class=\"wp-block-heading\">Contact<\/h2>\n\n\n\n<div class=\"wp-block-columns is-layout-flex wp-container-core-columns-is-layout-28f84493 wp-block-columns-is-layout-flex\">\n<div class=\"wp-block-column is-layout-flow wp-block-column-is-layout-flow\" style=\"flex-basis:50%\"><div class=\"contact-persons\">\n\n\t\t\t\t\t<div class=\"contact-person\">\n\t\t\t\t\tFSEA F\u00e9d\u00e9ration suisse pour la formation continue<br \/>\t\t\t\t\t\t\t\t\t\t<br \/>\n\t\t\t\t\tSecr\u00e9tariat romand<br \/>\r\nRue de Gen\u00e8ve 88b<br \/>\r\n1004 Lausanne<br \/>\t\t\t\t\t<a href=\"tel:+41 (0)22 994 20 10\">+41 (0)22 994 20 10<\/a><br \/>\t\t\t\t\t<a href=\"mailto:fsea@alice.ch\">fsea@alice.ch<\/a><br \/>\t\t\t\t\t<\/div>\n\t\t\t\t\t<\/div>\n<\/div>\n\n\n\n<div class=\"wp-block-column is-layout-flow wp-block-column-is-layout-flow\" style=\"flex-basis:50%\"><\/div>\n<\/div>\n<\/div>\n","protected":false},"excerpt":{"rendered":"<p>Nous sommes repr\u00e9sent\u00e9s dans les trois r\u00e9gions linguistiques Nous disposons de secr\u00e9tariats dans les trois r\u00e9gions linguistiques et h\u00e9bergeons \u00e9galement [&hellip;]<\/p>\n","protected":false},"author":4,"featured_media":20799,"parent":17426,"menu_order":558,"comment_status":"closed","ping_status":"closed","template":"","meta":{"_acf_changed":false,"inline_featured_image":false,"footnotes":""},"class_list":["post-11386","page","type-page","status-publish","has-post-thumbnail","hentry"],"acf":[],"yoast_head":"<!-- This site is optimized with the Yoast SEO plugin v27.3 - https:\/\/yoast.com\/product\/yoast-seo-wordpress\/ -->\n<title>Les secr\u00e9tariats r\u00e9gionaux - FSEA<\/title>\n<meta name=\"description\" content=\"En tant que f\u00e9d\u00e9ration fa\u00eeti\u00e8re de la formation continue, la FSEA est repr\u00e9sent\u00e9e dans les trois r\u00e9gions linguistiques.\" \/>\n<meta name=\"robots\" content=\"index, follow, max-snippet:-1, max-image-preview:large, max-video-preview:-1\" \/>\n<link rel=\"canonical\" href=\"https:\/\/alice.ch\/fr\/fsea-fr\/les-secretariats-regionaux\/\" \/>\n<meta property=\"og:locale\" content=\"fr_FR\" \/>\n<meta property=\"og:type\" content=\"article\" \/>\n<meta property=\"og:title\" content=\"Les secr\u00e9tariats r\u00e9gionaux - FSEA\" \/>\n<meta property=\"og:description\" content=\"En tant que f\u00e9d\u00e9ration fa\u00eeti\u00e8re de la formation continue, la FSEA est repr\u00e9sent\u00e9e dans les trois r\u00e9gions linguistiques.\" \/>\n<meta property=\"og:url\" content=\"https:\/\/alice.ch\/fr\/fsea-fr\/les-secretariats-regionaux\/\" \/>\n<meta property=\"og:site_name\" content=\"SVEB\" \/>\n<meta property=\"article:modified_time\" content=\"2024-10-28T07:42:17+00:00\" \/>\n<meta name=\"twitter:card\" content=\"summary_large_image\" \/>\n<meta name=\"twitter:label1\" content=\"Dur\u00e9e de lecture estim\u00e9e\" \/>\n\t<meta name=\"twitter:data1\" content=\"3 minutes\" \/>\n<script type=\"application\/ld+json\" class=\"yoast-schema-graph\">{\"@context\":\"https:\\\/\\\/schema.org\",\"@graph\":[{\"@type\":\"WebPage\",\"@id\":\"https:\\\/\\\/alice.ch\\\/fr\\\/fsea-fr\\\/les-secretariats-regionaux\\\/\",\"url\":\"https:\\\/\\\/alice.ch\\\/fr\\\/fsea-fr\\\/les-secretariats-regionaux\\\/\",\"name\":\"Les secr\u00e9tariats r\u00e9gionaux - FSEA\",\"isPartOf\":{\"@id\":\"https:\\\/\\\/alice.ch\\\/fr\\\/#website\"},\"primaryImageOfPage\":{\"@id\":\"https:\\\/\\\/alice.ch\\\/fr\\\/fsea-fr\\\/les-secretariats-regionaux\\\/#primaryimage\"},\"image\":{\"@id\":\"https:\\\/\\\/alice.ch\\\/fr\\\/fsea-fr\\\/les-secretariats-regionaux\\\/#primaryimage\"},\"thumbnailUrl\":\"https:\\\/\\\/alice.ch\\\/app\\\/uploads\\\/2022\\\/11\\\/default.jpg\",\"datePublished\":\"2022-08-16T14:23:05+00:00\",\"dateModified\":\"2024-10-28T07:42:17+00:00\",\"description\":\"En tant que f\u00e9d\u00e9ration fa\u00eeti\u00e8re de la formation continue, la FSEA est repr\u00e9sent\u00e9e dans les trois r\u00e9gions linguistiques.\",\"breadcrumb\":{\"@id\":\"https:\\\/\\\/alice.ch\\\/fr\\\/fsea-fr\\\/les-secretariats-regionaux\\\/#breadcrumb\"},\"inLanguage\":\"fr-FR\",\"potentialAction\":[{\"@type\":\"ReadAction\",\"target\":[\"https:\\\/\\\/alice.ch\\\/fr\\\/fsea-fr\\\/les-secretariats-regionaux\\\/\"]}]},{\"@type\":\"ImageObject\",\"inLanguage\":\"fr-FR\",\"@id\":\"https:\\\/\\\/alice.ch\\\/fr\\\/fsea-fr\\\/les-secretariats-regionaux\\\/#primaryimage\",\"url\":\"https:\\\/\\\/alice.ch\\\/app\\\/uploads\\\/2022\\\/11\\\/default.jpg\",\"contentUrl\":\"https:\\\/\\\/alice.ch\\\/app\\\/uploads\\\/2022\\\/11\\\/default.jpg\",\"width\":1600,\"height\":900},{\"@type\":\"BreadcrumbList\",\"@id\":\"https:\\\/\\\/alice.ch\\\/fr\\\/fsea-fr\\\/les-secretariats-regionaux\\\/#breadcrumb\",\"itemListElement\":[{\"@type\":\"ListItem\",\"position\":1,\"name\":\"Page d'accueil\",\"item\":\"https:\\\/\\\/alice.ch\\\/fr\\\/\"},{\"@type\":\"ListItem\",\"position\":2,\"name\":\"FSEA\",\"item\":\"https:\\\/\\\/alice.ch\\\/fr\\\/fsea-fr\\\/\"},{\"@type\":\"ListItem\",\"position\":3,\"name\":\"Les secr\u00e9tariats r\u00e9gionaux\"}]},{\"@type\":\"WebSite\",\"@id\":\"https:\\\/\\\/alice.ch\\\/fr\\\/#website\",\"url\":\"https:\\\/\\\/alice.ch\\\/fr\\\/\",\"name\":\"alice.ch (Adult Learning Information Center) ist das Portal der Weiterbildung in der Schweiz.\",\"description\":\"Schweizerischer Verband f\u00fcr Weiterbildung\",\"publisher\":{\"@id\":\"https:\\\/\\\/alice.ch\\\/fr\\\/#organization\"},\"potentialAction\":[{\"@type\":\"SearchAction\",\"target\":{\"@type\":\"EntryPoint\",\"urlTemplate\":\"https:\\\/\\\/alice.ch\\\/fr\\\/?s={search_term_string}\"},\"query-input\":{\"@type\":\"PropertyValueSpecification\",\"valueRequired\":true,\"valueName\":\"search_term_string\"}}],\"inLanguage\":\"fr-FR\"},{\"@type\":\"Organization\",\"@id\":\"https:\\\/\\\/alice.ch\\\/fr\\\/#organization\",\"name\":\"FSEA F\u00e9d\u00e9ration suisse pour la formation continue\",\"url\":\"https:\\\/\\\/alice.ch\\\/fr\\\/\",\"logo\":{\"@type\":\"ImageObject\",\"inLanguage\":\"fr-FR\",\"@id\":\"https:\\\/\\\/alice.ch\\\/fr\\\/#\\\/schema\\\/logo\\\/image\\\/\",\"url\":\"https:\\\/\\\/alice.ch\\\/app\\\/uploads\\\/2022\\\/07\\\/logo-sveb.png\",\"contentUrl\":\"https:\\\/\\\/alice.ch\\\/app\\\/uploads\\\/2022\\\/07\\\/logo-sveb.png\",\"width\":145,\"height\":64,\"caption\":\"FSEA F\u00e9d\u00e9ration suisse pour la formation continue\"},\"image\":{\"@id\":\"https:\\\/\\\/alice.ch\\\/fr\\\/#\\\/schema\\\/logo\\\/image\\\/\"},\"sameAs\":[\"https:\\\/\\\/www.linkedin.com\\\/company\\\/schweizerischer-verband-fr-weiterbildung-sveb\\\/\"]}]}<\/script>\n<!-- \/ Yoast SEO plugin. -->","yoast_head_json":{"title":"Les secr\u00e9tariats r\u00e9gionaux - FSEA","description":"En tant que f\u00e9d\u00e9ration fa\u00eeti\u00e8re de la formation continue, la FSEA est repr\u00e9sent\u00e9e dans les trois r\u00e9gions linguistiques.","robots":{"index":"index","follow":"follow","max-snippet":"max-snippet:-1","max-image-preview":"max-image-preview:large","max-video-preview":"max-video-preview:-1"},"canonical":"https:\/\/alice.ch\/fr\/fsea-fr\/les-secretariats-regionaux\/","og_locale":"fr_FR","og_type":"article","og_title":"Les secr\u00e9tariats r\u00e9gionaux - FSEA","og_description":"En tant que f\u00e9d\u00e9ration fa\u00eeti\u00e8re de la formation continue, la FSEA est repr\u00e9sent\u00e9e dans les trois r\u00e9gions linguistiques.","og_url":"https:\/\/alice.ch\/fr\/fsea-fr\/les-secretariats-regionaux\/","og_site_name":"SVEB","article_modified_time":"2024-10-28T07:42:17+00:00","twitter_card":"summary_large_image","twitter_misc":{"Dur\u00e9e de lecture estim\u00e9e":"3 minutes"},"schema":{"@context":"https:\/\/schema.org","@graph":[{"@type":"WebPage","@id":"https:\/\/alice.ch\/fr\/fsea-fr\/les-secretariats-regionaux\/","url":"https:\/\/alice.ch\/fr\/fsea-fr\/les-secretariats-regionaux\/","name":"Les secr\u00e9tariats r\u00e9gionaux - FSEA","isPartOf":{"@id":"https:\/\/alice.ch\/fr\/#website"},"primaryImageOfPage":{"@id":"https:\/\/alice.ch\/fr\/fsea-fr\/les-secretariats-regionaux\/#primaryimage"},"image":{"@id":"https:\/\/alice.ch\/fr\/fsea-fr\/les-secretariats-regionaux\/#primaryimage"},"thumbnailUrl":"https:\/\/alice.ch\/app\/uploads\/2022\/11\/default.jpg","datePublished":"2022-08-16T14:23:05+00:00","dateModified":"2024-10-28T07:42:17+00:00","description":"En tant que f\u00e9d\u00e9ration fa\u00eeti\u00e8re de la formation continue, la FSEA est repr\u00e9sent\u00e9e dans les trois r\u00e9gions linguistiques.","breadcrumb":{"@id":"https:\/\/alice.ch\/fr\/fsea-fr\/les-secretariats-regionaux\/#breadcrumb"},"inLanguage":"fr-FR","potentialAction":[{"@type":"ReadAction","target":["https:\/\/alice.ch\/fr\/fsea-fr\/les-secretariats-regionaux\/"]}]},{"@type":"ImageObject","inLanguage":"fr-FR","@id":"https:\/\/alice.ch\/fr\/fsea-fr\/les-secretariats-regionaux\/#primaryimage","url":"https:\/\/alice.ch\/app\/uploads\/2022\/11\/default.jpg","contentUrl":"https:\/\/alice.ch\/app\/uploads\/2022\/11\/default.jpg","width":1600,"height":900},{"@type":"BreadcrumbList","@id":"https:\/\/alice.ch\/fr\/fsea-fr\/les-secretariats-regionaux\/#breadcrumb","itemListElement":[{"@type":"ListItem","position":1,"name":"Page d'accueil","item":"https:\/\/alice.ch\/fr\/"},{"@type":"ListItem","position":2,"name":"FSEA","item":"https:\/\/alice.ch\/fr\/fsea-fr\/"},{"@type":"ListItem","position":3,"name":"Les secr\u00e9tariats r\u00e9gionaux"}]},{"@type":"WebSite","@id":"https:\/\/alice.ch\/fr\/#website","url":"https:\/\/alice.ch\/fr\/","name":"alice.ch (Adult Learning Information Center) ist das Portal der Weiterbildung in der Schweiz.","description":"Schweizerischer Verband f\u00fcr Weiterbildung","publisher":{"@id":"https:\/\/alice.ch\/fr\/#organization"},"potentialAction":[{"@type":"SearchAction","target":{"@type":"EntryPoint","urlTemplate":"https:\/\/alice.ch\/fr\/?s={search_term_string}"},"query-input":{"@type":"PropertyValueSpecification","valueRequired":true,"valueName":"search_term_string"}}],"inLanguage":"fr-FR"},{"@type":"Organization","@id":"https:\/\/alice.ch\/fr\/#organization","name":"FSEA F\u00e9d\u00e9ration suisse pour la formation continue","url":"https:\/\/alice.ch\/fr\/","logo":{"@type":"ImageObject","inLanguage":"fr-FR","@id":"https:\/\/alice.ch\/fr\/#\/schema\/logo\/image\/","url":"https:\/\/alice.ch\/app\/uploads\/2022\/07\/logo-sveb.png","contentUrl":"https:\/\/alice.ch\/app\/uploads\/2022\/07\/logo-sveb.png","width":145,"height":64,"caption":"FSEA F\u00e9d\u00e9ration suisse pour la formation continue"},"image":{"@id":"https:\/\/alice.ch\/fr\/#\/schema\/logo\/image\/"},"sameAs":["https:\/\/www.linkedin.com\/company\/schweizerischer-verband-fr-weiterbildung-sveb\/"]}]}},"_links":{"self":[{"href":"https:\/\/alice.ch\/fr\/wp-json\/wp\/v2\/pages\/11386","targetHints":{"allow":["GET"]}}],"collection":[{"href":"https:\/\/alice.ch\/fr\/wp-json\/wp\/v2\/pages"}],"about":[{"href":"https:\/\/alice.ch\/fr\/wp-json\/wp\/v2\/types\/page"}],"author":[{"embeddable":true,"href":"https:\/\/alice.ch\/fr\/wp-json\/wp\/v2\/users\/4"}],"replies":[{"embeddable":true,"href":"https:\/\/alice.ch\/fr\/wp-json\/wp\/v2\/comments?post=11386"}],"version-history":[{"count":15,"href":"https:\/\/alice.ch\/fr\/wp-json\/wp\/v2\/pages\/11386\/revisions"}],"predecessor-version":[{"id":63517,"href":"https:\/\/alice.ch\/fr\/wp-json\/wp\/v2\/pages\/11386\/revisions\/63517"}],"up":[{"embeddable":true,"href":"https:\/\/alice.ch\/fr\/wp-json\/wp\/v2\/pages\/17426"}],"wp:featuredmedia":[{"embeddable":true,"href":"https:\/\/alice.ch\/fr\/wp-json\/wp\/v2\/media\/20799"}],"wp:attachment":[{"href":"https:\/\/alice.ch\/fr\/wp-json\/wp\/v2\/media?parent=11386"}],"curies":[{"name":"wp","href":"https:\/\/api.w.org\/{rel}","templated":true}]}}