{"id":11396,"date":"2022-08-16T16:24:59","date_gmt":"2022-08-16T14:24:59","guid":{"rendered":"https:\/\/projects.atxeit.ch\/sveb\/ueber-den-sveb\/sveb-in-zahlen\/"},"modified":"2023-12-05T15:29:51","modified_gmt":"2023-12-05T14:29:51","slug":"fsea-en-chiffres","status":"publish","type":"page","link":"https:\/\/alice.ch\/fr\/fsea-fr\/a-propos-de-la-fsea\/fsea-en-chiffres\/","title":{"rendered":"FSEA en chiffres"},"content":{"rendered":"\n<div class=\"wp-block-group is-style-reduced-width is-layout-flow wp-block-group-is-layout-flow\">\n<h1 class=\"wp-block-heading\">La FSEA en chiffres<\/h1>\n\n\n\n<h2 class=\"wp-block-heading\">Evolution de 1980 \u00e0 2022<\/h2>\n\n\n\n<p>Vous trouverez ici quelques faits et chiffres des derni\u00e8res ann\u00e9es sur la F\u00e9d\u00e9ration suisse pour la formation continue FSEA:<\/p>\n\n\n\n<div class=\"wp-block-group is-layout-flow wp-block-group-is-layout-flow\">\n<div class=\"wp-block-group is-layout-flow wp-block-group-is-layout-flow\">\n<div class=\"wp-block-columns is-layout-flex wp-container-core-columns-is-layout-28f84493 wp-block-columns-is-layout-flex\">\n<div class=\"wp-block-column is-layout-flow wp-block-column-is-layout-flow\" style=\"flex-basis:100%\">\n<figure class=\"wp-block-table is-style-stripes\"><table><thead><tr><th class=\"has-text-align-left\" data-align=\"left\" scope=\"col\"><strong>Ann\u00e9e<\/strong><\/th><th class=\"has-text-align-right\" data-align=\"right\" scope=\"col\">1980<\/th><th class=\"has-text-align-right\" data-align=\"right\" scope=\"col\">1990<\/th><th class=\"has-text-align-right\" data-align=\"right\" scope=\"col\">2001<\/th><th class=\"has-text-align-right\" data-align=\"right\" scope=\"col\">2010<\/th><th class=\"has-text-align-right\" data-align=\"right\" scope=\"col\">2020<\/th><th class=\"has-text-align-right\" data-align=\"right\">2021<\/th><th class=\"has-text-align-right\" data-align=\"right\">2022<\/th><\/tr><\/thead><tbody><tr><td class=\"has-text-align-left\" data-align=\"left\">Chiffre d\u2019affaires&nbsp;(CHF)<\/td><td class=\"has-text-align-right\" data-align=\"right\">345&rsquo;000<\/td><td class=\"has-text-align-right\" data-align=\"right\">789&rsquo;000<\/td><td class=\"has-text-align-right\" data-align=\"right\">2&rsquo;562&rsquo;000<\/td><td class=\"has-text-align-right\" data-align=\"right\">3&rsquo;540&rsquo;000<\/td><td class=\"has-text-align-right\" data-align=\"right\">3&rsquo;745&rsquo;710<\/td><td class=\"has-text-align-right\" data-align=\"right\">4&rsquo;245&rsquo;652<\/td><td class=\"has-text-align-right\" data-align=\"right\">4\u2019481\u2019095<\/td><\/tr><tr><td class=\"has-text-align-left\" data-align=\"left\">Subventions (CHF)<\/td><td class=\"has-text-align-right\" data-align=\"right\">200&rsquo;000<\/td><td class=\"has-text-align-right\" data-align=\"right\">567&rsquo;000<\/td><td class=\"has-text-align-right\" data-align=\"right\">645&rsquo;000<\/td><td class=\"has-text-align-right\" data-align=\"right\">595&rsquo;000<\/td><td class=\"has-text-align-right\" data-align=\"right\">1&rsquo;269&rsquo;799<\/td><td class=\"has-text-align-right\" data-align=\"right\">1&rsquo;820&rsquo;124<\/td><td class=\"has-text-align-right\" data-align=\"right\">1\u2019756\u2019024<\/td><\/tr><tr><td class=\"has-text-align-left\" data-align=\"left\">Membres<\/td><td class=\"has-text-align-right\" data-align=\"right\">29<\/td><td class=\"has-text-align-right\" data-align=\"right\">31<\/td><td class=\"has-text-align-right\" data-align=\"right\">420<\/td><td class=\"has-text-align-right\" data-align=\"right\">573<\/td><td class=\"has-text-align-right\" data-align=\"right\">756<\/td><td class=\"has-text-align-right\" data-align=\"right\">766<\/td><td class=\"has-text-align-right\" data-align=\"right\">751<\/td><\/tr><tr><td class=\"has-text-align-left\" data-align=\"left\">Cotisations des membres&nbsp;(CHF)<\/td><td class=\"has-text-align-right\" data-align=\"right\">15&rsquo;600<\/td><td class=\"has-text-align-right\" data-align=\"right\">37&rsquo;000<\/td><td class=\"has-text-align-right\" data-align=\"right\">120&rsquo;000<\/td><td class=\"has-text-align-right\" data-align=\"right\">187&rsquo;900<\/td><td class=\"has-text-align-right\" data-align=\"right\">249&rsquo;230<\/td><td class=\"has-text-align-right\" data-align=\"right\">264&rsquo;563<\/td><td class=\"has-text-align-right\" data-align=\"right\">266\u2019916<\/td><\/tr><tr><td class=\"has-text-align-left\" data-align=\"left\">Chiffre d\u2019affaires syst\u00e8me mod. FFA&nbsp;(CHF)<\/td><td class=\"has-text-align-right\" data-align=\"right\">\u2013<\/td><td class=\"has-text-align-right\" data-align=\"right\">\u2013<\/td><td class=\"has-text-align-right\" data-align=\"right\">400&rsquo;000<\/td><td class=\"has-text-align-right\" data-align=\"right\">1&rsquo;210&rsquo;000<\/td><td class=\"has-text-align-right\" data-align=\"right\">1&rsquo;158&rsquo;060<\/td><td class=\"has-text-align-right\" data-align=\"right\">1&rsquo;014&rsquo;199<\/td><td class=\"has-text-align-right\" data-align=\"right\">1\u2019185\u2019512<\/td><\/tr><tr><td class=\"has-text-align-left\" data-align=\"left\">Collaborateurs (emplois \u00e0 plein temps)<\/td><td class=\"has-text-align-right\" data-align=\"right\">3,9<\/td><td class=\"has-text-align-right\" data-align=\"right\">4,5<\/td><td class=\"has-text-align-right\" data-align=\"right\">5,2<\/td><td class=\"has-text-align-right\" data-align=\"right\">19,5<\/td><td class=\"has-text-align-right\" data-align=\"right\">18,2<\/td><td class=\"has-text-align-right\" data-align=\"right\">19,7<\/td><td class=\"has-text-align-right\" data-align=\"right\">22,0<\/td><\/tr><tr><td class=\"has-text-align-left\" data-align=\"left\">Mandats<\/td><td class=\"has-text-align-right\" data-align=\"right\">3<\/td><td class=\"has-text-align-right\" data-align=\"right\">3<\/td><td class=\"has-text-align-right\" data-align=\"right\">30<\/td><td class=\"has-text-align-right\" data-align=\"right\">65<\/td><td class=\"has-text-align-right\" data-align=\"right\">82<\/td><td class=\"has-text-align-right\" data-align=\"right\">79<\/td><td class=\"has-text-align-right\" data-align=\"right\">81<\/td><\/tr><tr><td class=\"has-text-align-left\" data-align=\"left\">Fonds propres (CHF)<\/td><td class=\"has-text-align-right\" data-align=\"right\">160&rsquo;000<\/td><td class=\"has-text-align-right\" data-align=\"right\">164&rsquo;000<\/td><td class=\"has-text-align-right\" data-align=\"right\">194&rsquo;000<\/td><td class=\"has-text-align-right\" data-align=\"right\">714&rsquo;800<\/td><td class=\"has-text-align-right\" data-align=\"right\">878&rsquo;836&nbsp;<\/td><td class=\"has-text-align-right\" data-align=\"right\">901&rsquo;620<\/td><td class=\"has-text-align-right\" data-align=\"right\">925\u2019214<\/td><\/tr><\/tbody><\/table><\/figure>\n\n\n\n<h2 class=\"wp-block-heading\">Informations Compl\u00e9mentaires<\/h2>\n\n\n\n<p>Pour plus d&rsquo;information veuillez consulter nos rapports annuels:<\/p>\n\n\n\n<div class=\"wp-block-columns is-layout-flex wp-container-core-columns-is-layout-28f84493 wp-block-columns-is-layout-flex\">\n<div class=\"wp-block-column is-layout-flow wp-block-column-is-layout-flow\">\n<div class=\"wp-block-buttons is-layout-flex wp-block-buttons-is-layout-flex\">\n<div class=\"wp-block-button has-custom-width wp-block-button__width-100 is-style-outline is-style-outline--1\"><a class=\"wp-block-button__link wp-element-button\" href=\"https:\/\/alice.ch\/fr\/fsea-fr\/a-propos-de-la-fsea\/rapports-annuels\/\">Rapports annuels ant\u00e9rieurs<\/a><\/div>\n<\/div>\n<\/div>\n\n\n\n<div class=\"wp-block-column is-layout-flow wp-block-column-is-layout-flow\"><\/div>\n<\/div>\n\n\n\n<h2 class=\"wp-block-heading\">Contact<\/h2>\n\n\n\n<div class=\"wp-block-columns is-layout-flex wp-container-core-columns-is-layout-28f84493 wp-block-columns-is-layout-flex\">\n<div class=\"wp-block-column is-layout-flow wp-block-column-is-layout-flow\" style=\"flex-basis:50%\"><div class=\"contact-persons\">\n\n\t\t\t\t\t<div class=\"contact-person\">\n\t\t\t\t\tFSEA F\u00e9d\u00e9ration suisse pour la formation continue<br \/>\t\t\t\t\t\t\t\t\t\t<br \/>\n\t\t\t\t\tSecr\u00e9tariat romand<br \/>\r\nRue de Gen\u00e8ve 88b<br \/>\r\n1004 Lausanne<br \/>\t\t\t\t\t<a href=\"tel:+41 (0)22 994 20 10\">+41 (0)22 994 20 10<\/a><br \/>\t\t\t\t\t<a href=\"mailto:fsea@alice.ch\">fsea@alice.ch<\/a><br \/>\t\t\t\t\t<\/div>\n\t\t\t\t\t<\/div>\n<\/div>\n\n\n\n<div class=\"wp-block-column is-layout-flow wp-block-column-is-layout-flow\" style=\"flex-basis:50%\"><\/div>\n<\/div>\n<\/div>\n<\/div>\n<\/div>\n<\/div>\n<\/div>\n","protected":false},"excerpt":{"rendered":"<p>La FSEA en chiffres Evolution de 1980 \u00e0 2022 Vous trouverez ici quelques faits et chiffres des derni\u00e8res ann\u00e9es sur [&hellip;]<\/p>\n","protected":false},"author":4,"featured_media":20799,"parent":11388,"menu_order":593,"comment_status":"closed","ping_status":"closed","template":"","meta":{"_acf_changed":false,"inline_featured_image":false,"footnotes":""},"class_list":["post-11396","page","type-page","status-publish","has-post-thumbnail","hentry"],"acf":[],"yoast_head":"<!-- This site is optimized with the Yoast SEO plugin v27.3 - https:\/\/yoast.com\/product\/yoast-seo-wordpress\/ -->\n<title>FSEA en chiffres - FSEA<\/title>\n<meta name=\"description\" content=\"Chiffres cl\u00e9s de la F\u00e9d\u00e9ration suisse pour la formation continue (FSEA) : du chiffre d&#039;affaires au nombre de membres et de collaborateurs.\" \/>\n<meta name=\"robots\" content=\"index, follow, max-snippet:-1, max-image-preview:large, max-video-preview:-1\" \/>\n<link rel=\"canonical\" href=\"https:\/\/alice.ch\/fr\/fsea-fr\/a-propos-de-la-fsea\/fsea-en-chiffres\/\" \/>\n<meta property=\"og:locale\" content=\"fr_FR\" \/>\n<meta property=\"og:type\" content=\"article\" \/>\n<meta property=\"og:title\" content=\"FSEA en chiffres - FSEA\" \/>\n<meta property=\"og:description\" content=\"Chiffres cl\u00e9s de la F\u00e9d\u00e9ration suisse pour la formation continue (FSEA) : du chiffre d&#039;affaires au nombre de membres et de collaborateurs.\" \/>\n<meta property=\"og:url\" content=\"https:\/\/alice.ch\/fr\/fsea-fr\/a-propos-de-la-fsea\/fsea-en-chiffres\/\" \/>\n<meta property=\"og:site_name\" content=\"SVEB\" \/>\n<meta property=\"article:modified_time\" content=\"2023-12-05T14:29:51+00:00\" \/>\n<meta name=\"twitter:card\" content=\"summary_large_image\" \/>\n<meta name=\"twitter:label1\" content=\"Dur\u00e9e de lecture estim\u00e9e\" \/>\n\t<meta name=\"twitter:data1\" content=\"1 minute\" \/>\n<script type=\"application\/ld+json\" class=\"yoast-schema-graph\">{\"@context\":\"https:\\\/\\\/schema.org\",\"@graph\":[{\"@type\":\"WebPage\",\"@id\":\"https:\\\/\\\/alice.ch\\\/fr\\\/fsea-fr\\\/a-propos-de-la-fsea\\\/fsea-en-chiffres\\\/\",\"url\":\"https:\\\/\\\/alice.ch\\\/fr\\\/fsea-fr\\\/a-propos-de-la-fsea\\\/fsea-en-chiffres\\\/\",\"name\":\"FSEA en chiffres - FSEA\",\"isPartOf\":{\"@id\":\"https:\\\/\\\/alice.ch\\\/fr\\\/#website\"},\"primaryImageOfPage\":{\"@id\":\"https:\\\/\\\/alice.ch\\\/fr\\\/fsea-fr\\\/a-propos-de-la-fsea\\\/fsea-en-chiffres\\\/#primaryimage\"},\"image\":{\"@id\":\"https:\\\/\\\/alice.ch\\\/fr\\\/fsea-fr\\\/a-propos-de-la-fsea\\\/fsea-en-chiffres\\\/#primaryimage\"},\"thumbnailUrl\":\"https:\\\/\\\/alice.ch\\\/app\\\/uploads\\\/2022\\\/11\\\/default.jpg\",\"datePublished\":\"2022-08-16T14:24:59+00:00\",\"dateModified\":\"2023-12-05T14:29:51+00:00\",\"description\":\"Chiffres cl\u00e9s de la F\u00e9d\u00e9ration suisse pour la formation continue (FSEA) : du chiffre d'affaires au nombre de membres et de collaborateurs.\",\"breadcrumb\":{\"@id\":\"https:\\\/\\\/alice.ch\\\/fr\\\/fsea-fr\\\/a-propos-de-la-fsea\\\/fsea-en-chiffres\\\/#breadcrumb\"},\"inLanguage\":\"fr-FR\",\"potentialAction\":[{\"@type\":\"ReadAction\",\"target\":[\"https:\\\/\\\/alice.ch\\\/fr\\\/fsea-fr\\\/a-propos-de-la-fsea\\\/fsea-en-chiffres\\\/\"]}]},{\"@type\":\"ImageObject\",\"inLanguage\":\"fr-FR\",\"@id\":\"https:\\\/\\\/alice.ch\\\/fr\\\/fsea-fr\\\/a-propos-de-la-fsea\\\/fsea-en-chiffres\\\/#primaryimage\",\"url\":\"https:\\\/\\\/alice.ch\\\/app\\\/uploads\\\/2022\\\/11\\\/default.jpg\",\"contentUrl\":\"https:\\\/\\\/alice.ch\\\/app\\\/uploads\\\/2022\\\/11\\\/default.jpg\",\"width\":1600,\"height\":900},{\"@type\":\"BreadcrumbList\",\"@id\":\"https:\\\/\\\/alice.ch\\\/fr\\\/fsea-fr\\\/a-propos-de-la-fsea\\\/fsea-en-chiffres\\\/#breadcrumb\",\"itemListElement\":[{\"@type\":\"ListItem\",\"position\":1,\"name\":\"Page d'accueil\",\"item\":\"https:\\\/\\\/alice.ch\\\/fr\\\/\"},{\"@type\":\"ListItem\",\"position\":2,\"name\":\"FSEA\",\"item\":\"https:\\\/\\\/alice.ch\\\/fr\\\/fsea-fr\\\/\"},{\"@type\":\"ListItem\",\"position\":3,\"name\":\"A propos de la FSEA\",\"item\":\"https:\\\/\\\/alice.ch\\\/fr\\\/fsea-fr\\\/a-propos-de-la-fsea\\\/\"},{\"@type\":\"ListItem\",\"position\":4,\"name\":\"FSEA en chiffres\"}]},{\"@type\":\"WebSite\",\"@id\":\"https:\\\/\\\/alice.ch\\\/fr\\\/#website\",\"url\":\"https:\\\/\\\/alice.ch\\\/fr\\\/\",\"name\":\"alice.ch (Adult Learning Information Center) ist das Portal der Weiterbildung in der Schweiz.\",\"description\":\"Schweizerischer Verband f\u00fcr Weiterbildung\",\"publisher\":{\"@id\":\"https:\\\/\\\/alice.ch\\\/fr\\\/#organization\"},\"potentialAction\":[{\"@type\":\"SearchAction\",\"target\":{\"@type\":\"EntryPoint\",\"urlTemplate\":\"https:\\\/\\\/alice.ch\\\/fr\\\/?s={search_term_string}\"},\"query-input\":{\"@type\":\"PropertyValueSpecification\",\"valueRequired\":true,\"valueName\":\"search_term_string\"}}],\"inLanguage\":\"fr-FR\"},{\"@type\":\"Organization\",\"@id\":\"https:\\\/\\\/alice.ch\\\/fr\\\/#organization\",\"name\":\"FSEA F\u00e9d\u00e9ration suisse pour la formation continue\",\"url\":\"https:\\\/\\\/alice.ch\\\/fr\\\/\",\"logo\":{\"@type\":\"ImageObject\",\"inLanguage\":\"fr-FR\",\"@id\":\"https:\\\/\\\/alice.ch\\\/fr\\\/#\\\/schema\\\/logo\\\/image\\\/\",\"url\":\"https:\\\/\\\/alice.ch\\\/app\\\/uploads\\\/2022\\\/07\\\/logo-sveb.png\",\"contentUrl\":\"https:\\\/\\\/alice.ch\\\/app\\\/uploads\\\/2022\\\/07\\\/logo-sveb.png\",\"width\":145,\"height\":64,\"caption\":\"FSEA F\u00e9d\u00e9ration suisse pour la formation continue\"},\"image\":{\"@id\":\"https:\\\/\\\/alice.ch\\\/fr\\\/#\\\/schema\\\/logo\\\/image\\\/\"},\"sameAs\":[\"https:\\\/\\\/www.linkedin.com\\\/company\\\/schweizerischer-verband-fr-weiterbildung-sveb\\\/\"]}]}<\/script>\n<!-- \/ Yoast SEO plugin. -->","yoast_head_json":{"title":"FSEA en chiffres - FSEA","description":"Chiffres cl\u00e9s de la F\u00e9d\u00e9ration suisse pour la formation continue (FSEA) : du chiffre d'affaires au nombre de membres et de collaborateurs.","robots":{"index":"index","follow":"follow","max-snippet":"max-snippet:-1","max-image-preview":"max-image-preview:large","max-video-preview":"max-video-preview:-1"},"canonical":"https:\/\/alice.ch\/fr\/fsea-fr\/a-propos-de-la-fsea\/fsea-en-chiffres\/","og_locale":"fr_FR","og_type":"article","og_title":"FSEA en chiffres - FSEA","og_description":"Chiffres cl\u00e9s de la F\u00e9d\u00e9ration suisse pour la formation continue (FSEA) : du chiffre d'affaires au nombre de membres et de collaborateurs.","og_url":"https:\/\/alice.ch\/fr\/fsea-fr\/a-propos-de-la-fsea\/fsea-en-chiffres\/","og_site_name":"SVEB","article_modified_time":"2023-12-05T14:29:51+00:00","twitter_card":"summary_large_image","twitter_misc":{"Dur\u00e9e de lecture estim\u00e9e":"1 minute"},"schema":{"@context":"https:\/\/schema.org","@graph":[{"@type":"WebPage","@id":"https:\/\/alice.ch\/fr\/fsea-fr\/a-propos-de-la-fsea\/fsea-en-chiffres\/","url":"https:\/\/alice.ch\/fr\/fsea-fr\/a-propos-de-la-fsea\/fsea-en-chiffres\/","name":"FSEA en chiffres - FSEA","isPartOf":{"@id":"https:\/\/alice.ch\/fr\/#website"},"primaryImageOfPage":{"@id":"https:\/\/alice.ch\/fr\/fsea-fr\/a-propos-de-la-fsea\/fsea-en-chiffres\/#primaryimage"},"image":{"@id":"https:\/\/alice.ch\/fr\/fsea-fr\/a-propos-de-la-fsea\/fsea-en-chiffres\/#primaryimage"},"thumbnailUrl":"https:\/\/alice.ch\/app\/uploads\/2022\/11\/default.jpg","datePublished":"2022-08-16T14:24:59+00:00","dateModified":"2023-12-05T14:29:51+00:00","description":"Chiffres cl\u00e9s de la F\u00e9d\u00e9ration suisse pour la formation continue (FSEA) : du chiffre d'affaires au nombre de membres et de collaborateurs.","breadcrumb":{"@id":"https:\/\/alice.ch\/fr\/fsea-fr\/a-propos-de-la-fsea\/fsea-en-chiffres\/#breadcrumb"},"inLanguage":"fr-FR","potentialAction":[{"@type":"ReadAction","target":["https:\/\/alice.ch\/fr\/fsea-fr\/a-propos-de-la-fsea\/fsea-en-chiffres\/"]}]},{"@type":"ImageObject","inLanguage":"fr-FR","@id":"https:\/\/alice.ch\/fr\/fsea-fr\/a-propos-de-la-fsea\/fsea-en-chiffres\/#primaryimage","url":"https:\/\/alice.ch\/app\/uploads\/2022\/11\/default.jpg","contentUrl":"https:\/\/alice.ch\/app\/uploads\/2022\/11\/default.jpg","width":1600,"height":900},{"@type":"BreadcrumbList","@id":"https:\/\/alice.ch\/fr\/fsea-fr\/a-propos-de-la-fsea\/fsea-en-chiffres\/#breadcrumb","itemListElement":[{"@type":"ListItem","position":1,"name":"Page d'accueil","item":"https:\/\/alice.ch\/fr\/"},{"@type":"ListItem","position":2,"name":"FSEA","item":"https:\/\/alice.ch\/fr\/fsea-fr\/"},{"@type":"ListItem","position":3,"name":"A propos de la FSEA","item":"https:\/\/alice.ch\/fr\/fsea-fr\/a-propos-de-la-fsea\/"},{"@type":"ListItem","position":4,"name":"FSEA en chiffres"}]},{"@type":"WebSite","@id":"https:\/\/alice.ch\/fr\/#website","url":"https:\/\/alice.ch\/fr\/","name":"alice.ch (Adult Learning Information Center) ist das Portal der Weiterbildung in der Schweiz.","description":"Schweizerischer Verband f\u00fcr Weiterbildung","publisher":{"@id":"https:\/\/alice.ch\/fr\/#organization"},"potentialAction":[{"@type":"SearchAction","target":{"@type":"EntryPoint","urlTemplate":"https:\/\/alice.ch\/fr\/?s={search_term_string}"},"query-input":{"@type":"PropertyValueSpecification","valueRequired":true,"valueName":"search_term_string"}}],"inLanguage":"fr-FR"},{"@type":"Organization","@id":"https:\/\/alice.ch\/fr\/#organization","name":"FSEA F\u00e9d\u00e9ration suisse pour la formation continue","url":"https:\/\/alice.ch\/fr\/","logo":{"@type":"ImageObject","inLanguage":"fr-FR","@id":"https:\/\/alice.ch\/fr\/#\/schema\/logo\/image\/","url":"https:\/\/alice.ch\/app\/uploads\/2022\/07\/logo-sveb.png","contentUrl":"https:\/\/alice.ch\/app\/uploads\/2022\/07\/logo-sveb.png","width":145,"height":64,"caption":"FSEA F\u00e9d\u00e9ration suisse pour la formation continue"},"image":{"@id":"https:\/\/alice.ch\/fr\/#\/schema\/logo\/image\/"},"sameAs":["https:\/\/www.linkedin.com\/company\/schweizerischer-verband-fr-weiterbildung-sveb\/"]}]}},"_links":{"self":[{"href":"https:\/\/alice.ch\/fr\/wp-json\/wp\/v2\/pages\/11396","targetHints":{"allow":["GET"]}}],"collection":[{"href":"https:\/\/alice.ch\/fr\/wp-json\/wp\/v2\/pages"}],"about":[{"href":"https:\/\/alice.ch\/fr\/wp-json\/wp\/v2\/types\/page"}],"author":[{"embeddable":true,"href":"https:\/\/alice.ch\/fr\/wp-json\/wp\/v2\/users\/4"}],"replies":[{"embeddable":true,"href":"https:\/\/alice.ch\/fr\/wp-json\/wp\/v2\/comments?post=11396"}],"version-history":[{"count":24,"href":"https:\/\/alice.ch\/fr\/wp-json\/wp\/v2\/pages\/11396\/revisions"}],"predecessor-version":[{"id":49558,"href":"https:\/\/alice.ch\/fr\/wp-json\/wp\/v2\/pages\/11396\/revisions\/49558"}],"up":[{"embeddable":true,"href":"https:\/\/alice.ch\/fr\/wp-json\/wp\/v2\/pages\/11388"}],"wp:featuredmedia":[{"embeddable":true,"href":"https:\/\/alice.ch\/fr\/wp-json\/wp\/v2\/media\/20799"}],"wp:attachment":[{"href":"https:\/\/alice.ch\/fr\/wp-json\/wp\/v2\/media?parent=11396"}],"curies":[{"name":"wp","href":"https:\/\/api.w.org\/{rel}","templated":true}]}}