{"id":11404,"date":"2022-09-22T09:05:14","date_gmt":"2022-09-22T07:05:14","guid":{"rendered":"https:\/\/projects.atxeit.ch\/sveb\/mitgliedschaft\/logo-fuer-sveb-mitglieder\/"},"modified":"2024-04-17T19:10:01","modified_gmt":"2024-04-17T17:10:01","slug":"logo-fsea-pour-les-membres","status":"publish","type":"page","link":"https:\/\/alice.ch\/fr\/fsea-fr\/membres\/logo-fsea-pour-les-membres\/","title":{"rendered":"Logo FSEA pour les membres"},"content":{"rendered":"\n<div class=\"wp-block-group alignwide is-style-reduced-width is-layout-flow wp-block-group-is-layout-flow\">\n<h1 class=\"wp-block-heading\">Logo FSEA pour les membres<\/h1>\n\n\n\n<div class=\"wp-block-columns alignwide are-vertically-aligned-top is-style-default is-layout-flex wp-container-core-columns-is-layout-28f84493 wp-block-columns-is-layout-flex\">\n<div class=\"wp-block-column is-layout-flow wp-block-column-is-layout-flow\" style=\"flex-basis:15%\">\n<figure class=\"wp-block-image\"><img decoding=\"async\" width=\"115\" height=\"98\" src=\"https:\/\/alice.ch\/app\/uploads\/2022\/09\/Mitglied_SVEB_hoch_schwarz.jpg\" alt=\"\" class=\"wp-image-1674\" \/><\/figure>\n<\/div>\n\n\n\n<div class=\"wp-block-column is-layout-flow wp-block-column-is-layout-flow\" style=\"flex-basis:85%\">\n<p class=\"is-style-lead\">L\u2019utilisation du logo par les membres est souhait\u00e9e. L&rsquo;utilisation du logo n&rsquo;est autoris\u00e9e qu&rsquo;apr\u00e8s une admission d\u00e9finitive comme membre de la f\u00e9d\u00e9ration.<\/p>\n\n\n\n<p>Vous trouverez ici le logo sous diff\u00e9rents formats et les conditions d&rsquo;utilisation :<\/p>\n\n\n\n<div class=\"wp-block-columns is-layout-flex wp-container-core-columns-is-layout-28f84493 wp-block-columns-is-layout-flex\">\n<div class=\"wp-block-column is-layout-flow wp-block-column-is-layout-flow\">\n<div class=\"wp-block-file\"><a id=\"wp-block-file--media-32ab3824-d974-473c-b607-71140184d2a6\" href=\"https:\/\/alice.ch\/app\/uploads\/2022\/11\/Logo_SVEB_FSEA_Mitglieder_Membres_Soci.zip\" target=\"_blank\" rel=\"noreferrer noopener\">Logo FSEA membre (tous formats)<br \/>ZIP &#8211; 905 kb<\/a><a href=\"https:\/\/alice.ch\/app\/uploads\/2022\/11\/Logo_SVEB_FSEA_Mitglieder_Membres_Soci.zip\" class=\"wp-block-file__button wp-element-button\" download aria-describedby=\"wp-block-file--media-32ab3824-d974-473c-b607-71140184d2a6\">Herunterladen<br \/>ZIP &#8211; 905 kb<\/a><\/div>\n<\/div>\n\n\n\n<div class=\"wp-block-column is-layout-flow wp-block-column-is-layout-flow\">\n<div class=\"wp-block-file\"><a id=\"wp-block-file--media-aa8dc5a4-9ed8-4227-a9bc-3f838498589e\" href=\"https:\/\/alice.ch\/app\/uploads\/2022\/09\/Re\u0300glement-dutilisation-du-logo-FSEA-1.pdf\">Re\u0300glement d\u2019utilisation du logo FSEA<br \/>PDF &#8211; 517 kb<\/a><a href=\"https:\/\/alice.ch\/app\/uploads\/2022\/09\/Re\u0300glement-dutilisation-du-logo-FSEA-1.pdf\" class=\"wp-block-file__button wp-element-button\" download aria-describedby=\"wp-block-file--media-aa8dc5a4-9ed8-4227-a9bc-3f838498589e\">Herunterladen<br \/>PDF &#8211; 517 kb<\/a><\/div>\n<\/div>\n<\/div>\n<\/div>\n<\/div>\n\n\n\n<h2 class=\"wp-block-heading\">Contact<\/h2>\n\n\n\n<div class=\"wp-block-columns is-layout-flex wp-container-core-columns-is-layout-28f84493 wp-block-columns-is-layout-flex\">\n<div class=\"wp-block-column is-layout-flow wp-block-column-is-layout-flow\" style=\"flex-basis:50%\"><div class=\"contact-persons\">\n\n\t\t\t\t\t<div class=\"contact-person\">\n\t\t\t\t\tMarie Gandola<br \/>\t\t\t\t\tAssistante de Direction   Coordinatrice FFA Romandie<br \/>\t\t\t\t\t<br \/>\n\t\t\t\t\t\t\t\t\t\t<a href=\"tel:+41 (0)22 994 20 10\">+41 (0)22 994 20 10<\/a><br \/>\t\t\t\t\t<a href=\"mailto:marie.gandola@alice.ch\">marie.gandola@alice.ch<\/a><br \/>\t\t\t\t\t<\/div>\n\t\t\t\t\t<\/div>\n<\/div>\n\n\n\n<div class=\"wp-block-column is-layout-flow wp-block-column-is-layout-flow\" style=\"flex-basis:50%\"><\/div>\n<\/div>\n<\/div>\n","protected":false},"excerpt":{"rendered":"<p>Logo FSEA pour les membres L\u2019utilisation du logo par les membres est souhait\u00e9e. L&rsquo;utilisation du logo n&rsquo;est autoris\u00e9e qu&rsquo;apr\u00e8s une [&hellip;]<\/p>\n","protected":false},"author":4,"featured_media":20799,"parent":11400,"menu_order":466,"comment_status":"closed","ping_status":"closed","template":"","meta":{"_acf_changed":false,"inline_featured_image":false,"footnotes":""},"class_list":["post-11404","page","type-page","status-publish","has-post-thumbnail","hentry"],"acf":[],"yoast_head":"<!-- This site is optimized with the Yoast SEO plugin v27.3 - https:\/\/yoast.com\/product\/yoast-seo-wordpress\/ -->\n<title>Logo FSEA pour les membres - FSEA<\/title>\n<meta name=\"description\" content=\"L&#039;utilisation du logo de la FSEA n&#039;est autoris\u00e9e aux membres de la FSEA qu&#039;apr\u00e8s leur admission d\u00e9finitive au sein de l&#039;association.\" \/>\n<meta name=\"robots\" content=\"index, follow, max-snippet:-1, max-image-preview:large, max-video-preview:-1\" \/>\n<link rel=\"canonical\" href=\"https:\/\/alice.ch\/fr\/fsea-fr\/membres\/logo-fsea-pour-les-membres\/\" \/>\n<meta property=\"og:locale\" content=\"fr_FR\" \/>\n<meta property=\"og:type\" content=\"article\" \/>\n<meta property=\"og:title\" content=\"Logo FSEA pour les membres - FSEA\" \/>\n<meta property=\"og:description\" content=\"L&#039;utilisation du logo de la FSEA n&#039;est autoris\u00e9e aux membres de la FSEA qu&#039;apr\u00e8s leur admission d\u00e9finitive au sein de l&#039;association.\" \/>\n<meta property=\"og:url\" content=\"https:\/\/alice.ch\/fr\/fsea-fr\/membres\/logo-fsea-pour-les-membres\/\" \/>\n<meta property=\"og:site_name\" content=\"SVEB\" \/>\n<meta property=\"article:modified_time\" content=\"2024-04-17T17:10:01+00:00\" \/>\n<meta property=\"og:image\" content=\"https:\/\/alice.ch\/app\/uploads\/2022\/09\/Mitglied_SVEB_hoch_schwarz.jpg\" \/>\n<meta name=\"twitter:card\" content=\"summary_large_image\" \/>\n<meta name=\"twitter:label1\" content=\"Dur\u00e9e de lecture estim\u00e9e\" \/>\n\t<meta name=\"twitter:data1\" content=\"1 minute\" \/>\n<script type=\"application\/ld+json\" class=\"yoast-schema-graph\">{\"@context\":\"https:\\\/\\\/schema.org\",\"@graph\":[{\"@type\":\"WebPage\",\"@id\":\"https:\\\/\\\/alice.ch\\\/fr\\\/fsea-fr\\\/membres\\\/logo-fsea-pour-les-membres\\\/\",\"url\":\"https:\\\/\\\/alice.ch\\\/fr\\\/fsea-fr\\\/membres\\\/logo-fsea-pour-les-membres\\\/\",\"name\":\"Logo FSEA pour les membres - FSEA\",\"isPartOf\":{\"@id\":\"https:\\\/\\\/alice.ch\\\/fr\\\/#website\"},\"primaryImageOfPage\":{\"@id\":\"https:\\\/\\\/alice.ch\\\/fr\\\/fsea-fr\\\/membres\\\/logo-fsea-pour-les-membres\\\/#primaryimage\"},\"image\":{\"@id\":\"https:\\\/\\\/alice.ch\\\/fr\\\/fsea-fr\\\/membres\\\/logo-fsea-pour-les-membres\\\/#primaryimage\"},\"thumbnailUrl\":\"https:\\\/\\\/alice.ch\\\/app\\\/uploads\\\/2022\\\/11\\\/default.jpg\",\"datePublished\":\"2022-09-22T07:05:14+00:00\",\"dateModified\":\"2024-04-17T17:10:01+00:00\",\"description\":\"L'utilisation du logo de la FSEA n'est autoris\u00e9e aux membres de la FSEA qu'apr\u00e8s leur admission d\u00e9finitive au sein de l'association.\",\"breadcrumb\":{\"@id\":\"https:\\\/\\\/alice.ch\\\/fr\\\/fsea-fr\\\/membres\\\/logo-fsea-pour-les-membres\\\/#breadcrumb\"},\"inLanguage\":\"fr-FR\",\"potentialAction\":[{\"@type\":\"ReadAction\",\"target\":[\"https:\\\/\\\/alice.ch\\\/fr\\\/fsea-fr\\\/membres\\\/logo-fsea-pour-les-membres\\\/\"]}]},{\"@type\":\"ImageObject\",\"inLanguage\":\"fr-FR\",\"@id\":\"https:\\\/\\\/alice.ch\\\/fr\\\/fsea-fr\\\/membres\\\/logo-fsea-pour-les-membres\\\/#primaryimage\",\"url\":\"https:\\\/\\\/alice.ch\\\/app\\\/uploads\\\/2022\\\/11\\\/default.jpg\",\"contentUrl\":\"https:\\\/\\\/alice.ch\\\/app\\\/uploads\\\/2022\\\/11\\\/default.jpg\",\"width\":1600,\"height\":900},{\"@type\":\"BreadcrumbList\",\"@id\":\"https:\\\/\\\/alice.ch\\\/fr\\\/fsea-fr\\\/membres\\\/logo-fsea-pour-les-membres\\\/#breadcrumb\",\"itemListElement\":[{\"@type\":\"ListItem\",\"position\":1,\"name\":\"Page d'accueil\",\"item\":\"https:\\\/\\\/alice.ch\\\/fr\\\/\"},{\"@type\":\"ListItem\",\"position\":2,\"name\":\"FSEA\",\"item\":\"https:\\\/\\\/alice.ch\\\/fr\\\/fsea-fr\\\/\"},{\"@type\":\"ListItem\",\"position\":3,\"name\":\"Membres\",\"item\":\"https:\\\/\\\/alice.ch\\\/fr\\\/fsea-fr\\\/membres\\\/\"},{\"@type\":\"ListItem\",\"position\":4,\"name\":\"Logo FSEA pour les membres\"}]},{\"@type\":\"WebSite\",\"@id\":\"https:\\\/\\\/alice.ch\\\/fr\\\/#website\",\"url\":\"https:\\\/\\\/alice.ch\\\/fr\\\/\",\"name\":\"alice.ch (Adult Learning Information Center) ist das Portal der Weiterbildung in der Schweiz.\",\"description\":\"Schweizerischer Verband f\u00fcr Weiterbildung\",\"publisher\":{\"@id\":\"https:\\\/\\\/alice.ch\\\/fr\\\/#organization\"},\"potentialAction\":[{\"@type\":\"SearchAction\",\"target\":{\"@type\":\"EntryPoint\",\"urlTemplate\":\"https:\\\/\\\/alice.ch\\\/fr\\\/?s={search_term_string}\"},\"query-input\":{\"@type\":\"PropertyValueSpecification\",\"valueRequired\":true,\"valueName\":\"search_term_string\"}}],\"inLanguage\":\"fr-FR\"},{\"@type\":\"Organization\",\"@id\":\"https:\\\/\\\/alice.ch\\\/fr\\\/#organization\",\"name\":\"FSEA F\u00e9d\u00e9ration suisse pour la formation continue\",\"url\":\"https:\\\/\\\/alice.ch\\\/fr\\\/\",\"logo\":{\"@type\":\"ImageObject\",\"inLanguage\":\"fr-FR\",\"@id\":\"https:\\\/\\\/alice.ch\\\/fr\\\/#\\\/schema\\\/logo\\\/image\\\/\",\"url\":\"https:\\\/\\\/alice.ch\\\/app\\\/uploads\\\/2022\\\/07\\\/logo-sveb.png\",\"contentUrl\":\"https:\\\/\\\/alice.ch\\\/app\\\/uploads\\\/2022\\\/07\\\/logo-sveb.png\",\"width\":145,\"height\":64,\"caption\":\"FSEA F\u00e9d\u00e9ration suisse pour la formation continue\"},\"image\":{\"@id\":\"https:\\\/\\\/alice.ch\\\/fr\\\/#\\\/schema\\\/logo\\\/image\\\/\"},\"sameAs\":[\"https:\\\/\\\/www.linkedin.com\\\/company\\\/schweizerischer-verband-fr-weiterbildung-sveb\\\/\"]}]}<\/script>\n<!-- \/ Yoast SEO plugin. -->","yoast_head_json":{"title":"Logo FSEA pour les membres - FSEA","description":"L'utilisation du logo de la FSEA n'est autoris\u00e9e aux membres de la FSEA qu'apr\u00e8s leur admission d\u00e9finitive au sein de l'association.","robots":{"index":"index","follow":"follow","max-snippet":"max-snippet:-1","max-image-preview":"max-image-preview:large","max-video-preview":"max-video-preview:-1"},"canonical":"https:\/\/alice.ch\/fr\/fsea-fr\/membres\/logo-fsea-pour-les-membres\/","og_locale":"fr_FR","og_type":"article","og_title":"Logo FSEA pour les membres - FSEA","og_description":"L'utilisation du logo de la FSEA n'est autoris\u00e9e aux membres de la FSEA qu'apr\u00e8s leur admission d\u00e9finitive au sein de l'association.","og_url":"https:\/\/alice.ch\/fr\/fsea-fr\/membres\/logo-fsea-pour-les-membres\/","og_site_name":"SVEB","article_modified_time":"2024-04-17T17:10:01+00:00","og_image":[{"url":"https:\/\/alice.ch\/app\/uploads\/2022\/09\/Mitglied_SVEB_hoch_schwarz.jpg","type":"","width":"","height":""}],"twitter_card":"summary_large_image","twitter_misc":{"Dur\u00e9e de lecture estim\u00e9e":"1 minute"},"schema":{"@context":"https:\/\/schema.org","@graph":[{"@type":"WebPage","@id":"https:\/\/alice.ch\/fr\/fsea-fr\/membres\/logo-fsea-pour-les-membres\/","url":"https:\/\/alice.ch\/fr\/fsea-fr\/membres\/logo-fsea-pour-les-membres\/","name":"Logo FSEA pour les membres - FSEA","isPartOf":{"@id":"https:\/\/alice.ch\/fr\/#website"},"primaryImageOfPage":{"@id":"https:\/\/alice.ch\/fr\/fsea-fr\/membres\/logo-fsea-pour-les-membres\/#primaryimage"},"image":{"@id":"https:\/\/alice.ch\/fr\/fsea-fr\/membres\/logo-fsea-pour-les-membres\/#primaryimage"},"thumbnailUrl":"https:\/\/alice.ch\/app\/uploads\/2022\/11\/default.jpg","datePublished":"2022-09-22T07:05:14+00:00","dateModified":"2024-04-17T17:10:01+00:00","description":"L'utilisation du logo de la FSEA n'est autoris\u00e9e aux membres de la FSEA qu'apr\u00e8s leur admission d\u00e9finitive au sein de l'association.","breadcrumb":{"@id":"https:\/\/alice.ch\/fr\/fsea-fr\/membres\/logo-fsea-pour-les-membres\/#breadcrumb"},"inLanguage":"fr-FR","potentialAction":[{"@type":"ReadAction","target":["https:\/\/alice.ch\/fr\/fsea-fr\/membres\/logo-fsea-pour-les-membres\/"]}]},{"@type":"ImageObject","inLanguage":"fr-FR","@id":"https:\/\/alice.ch\/fr\/fsea-fr\/membres\/logo-fsea-pour-les-membres\/#primaryimage","url":"https:\/\/alice.ch\/app\/uploads\/2022\/11\/default.jpg","contentUrl":"https:\/\/alice.ch\/app\/uploads\/2022\/11\/default.jpg","width":1600,"height":900},{"@type":"BreadcrumbList","@id":"https:\/\/alice.ch\/fr\/fsea-fr\/membres\/logo-fsea-pour-les-membres\/#breadcrumb","itemListElement":[{"@type":"ListItem","position":1,"name":"Page d'accueil","item":"https:\/\/alice.ch\/fr\/"},{"@type":"ListItem","position":2,"name":"FSEA","item":"https:\/\/alice.ch\/fr\/fsea-fr\/"},{"@type":"ListItem","position":3,"name":"Membres","item":"https:\/\/alice.ch\/fr\/fsea-fr\/membres\/"},{"@type":"ListItem","position":4,"name":"Logo FSEA pour les membres"}]},{"@type":"WebSite","@id":"https:\/\/alice.ch\/fr\/#website","url":"https:\/\/alice.ch\/fr\/","name":"alice.ch (Adult Learning Information Center) ist das Portal der Weiterbildung in der Schweiz.","description":"Schweizerischer Verband f\u00fcr Weiterbildung","publisher":{"@id":"https:\/\/alice.ch\/fr\/#organization"},"potentialAction":[{"@type":"SearchAction","target":{"@type":"EntryPoint","urlTemplate":"https:\/\/alice.ch\/fr\/?s={search_term_string}"},"query-input":{"@type":"PropertyValueSpecification","valueRequired":true,"valueName":"search_term_string"}}],"inLanguage":"fr-FR"},{"@type":"Organization","@id":"https:\/\/alice.ch\/fr\/#organization","name":"FSEA F\u00e9d\u00e9ration suisse pour la formation continue","url":"https:\/\/alice.ch\/fr\/","logo":{"@type":"ImageObject","inLanguage":"fr-FR","@id":"https:\/\/alice.ch\/fr\/#\/schema\/logo\/image\/","url":"https:\/\/alice.ch\/app\/uploads\/2022\/07\/logo-sveb.png","contentUrl":"https:\/\/alice.ch\/app\/uploads\/2022\/07\/logo-sveb.png","width":145,"height":64,"caption":"FSEA F\u00e9d\u00e9ration suisse pour la formation continue"},"image":{"@id":"https:\/\/alice.ch\/fr\/#\/schema\/logo\/image\/"},"sameAs":["https:\/\/www.linkedin.com\/company\/schweizerischer-verband-fr-weiterbildung-sveb\/"]}]}},"_links":{"self":[{"href":"https:\/\/alice.ch\/fr\/wp-json\/wp\/v2\/pages\/11404","targetHints":{"allow":["GET"]}}],"collection":[{"href":"https:\/\/alice.ch\/fr\/wp-json\/wp\/v2\/pages"}],"about":[{"href":"https:\/\/alice.ch\/fr\/wp-json\/wp\/v2\/types\/page"}],"author":[{"embeddable":true,"href":"https:\/\/alice.ch\/fr\/wp-json\/wp\/v2\/users\/4"}],"replies":[{"embeddable":true,"href":"https:\/\/alice.ch\/fr\/wp-json\/wp\/v2\/comments?post=11404"}],"version-history":[{"count":10,"href":"https:\/\/alice.ch\/fr\/wp-json\/wp\/v2\/pages\/11404\/revisions"}],"predecessor-version":[{"id":58117,"href":"https:\/\/alice.ch\/fr\/wp-json\/wp\/v2\/pages\/11404\/revisions\/58117"}],"up":[{"embeddable":true,"href":"https:\/\/alice.ch\/fr\/wp-json\/wp\/v2\/pages\/11400"}],"wp:featuredmedia":[{"embeddable":true,"href":"https:\/\/alice.ch\/fr\/wp-json\/wp\/v2\/media\/20799"}],"wp:attachment":[{"href":"https:\/\/alice.ch\/fr\/wp-json\/wp\/v2\/media?parent=11404"}],"curies":[{"name":"wp","href":"https:\/\/api.w.org\/{rel}","templated":true}]}}