{"id":11409,"date":"2022-08-16T16:26:22","date_gmt":"2022-08-16T14:26:22","guid":{"rendered":"https:\/\/projects.atxeit.ch\/sveb\/strategie\/"},"modified":"2025-11-03T13:29:42","modified_gmt":"2025-11-03T12:29:42","slug":"strategie","status":"publish","type":"page","link":"https:\/\/alice.ch\/fr\/fsea-fr\/strategie\/","title":{"rendered":"Strat\u00e9gie"},"content":{"rendered":"\n<div class=\"wp-block-group is-style-reduced-width is-layout-flow wp-block-group-is-layout-flow\">\n<h1 class=\"wp-block-heading\">Strat\u00e9gie de la FSEA pour les ann\u00e9es 2025\u20132028<\/h1>\n\n\n\n<p>La pr\u00e9sente strat\u00e9gie a \u00e9t\u00e9 approuv\u00e9e lors de l&rsquo;assembl\u00e9e des d\u00e9l\u00e9gu\u00e9s (AD) du 8 mai 2025. Une nouvelle strat\u00e9gie quadriennale sera adopt\u00e9e lors de l&rsquo;AD de mai 2028.<\/p>\n\n\n\n<h2 class=\"wp-block-heading\">Objectifs prioritaires<\/h2>\n\n\n\n<p>Au cours des quatre prochaines ann\u00e9es, le travail de la FSEA s&rsquo;orientera vers les objectifs g\u00e9n\u00e9raux suivants :<\/p>\n\n\n\n<ol start=\"1\" class=\"wp-block-list\">\n<li>Soutenir le domaine de la formation continue dans cette phase de mutation acc\u00e9l\u00e9r\u00e9e.<\/li>\n\n\n\n<li>Contribuer \u00e0 rendre le syst\u00e8me de formation continue accessible \u00e0 tous, innovant, flexible, de haute qualit\u00e9, bien inform\u00e9, interconnect\u00e9 et coordonn\u00e9.<\/li>\n\n\n\n<li>Emp\u00eacher les mesures d&rsquo;\u00e9conomie de la Conf\u00e9d\u00e9ration dans le domaine de la formation continue.<\/li>\n\n\n\n<li>Diversifier les sources de financement de la FSEA.<\/li>\n<\/ol>\n\n\n\n<h3 class=\"wp-block-heading\">Th\u00e8mes prioritaires (s\u00e9lection)<\/h3>\n\n\n\n<p>Jusqu&rsquo;en 2028, nous nous concentrerons sur les th\u00e8mes suivants, qui sont essentiels au vu des d\u00e9veloppements actuels dans le domaine de la formation continue :<\/p>\n\n\n\n<ul class=\"wp-block-list\">\n<li><strong>Tendances et leurs r\u00e9percussions sur la formation continue<\/strong> : transition num\u00e9rique (y compris l&rsquo;IA), transition \u00e9cologique, p\u00e9nurie de main-d&rsquo;\u0153uvre qualifi\u00e9e, migration, \u00e9volution d\u00e9mographique, flexibilisation du march\u00e9 du travail et des projets de vie<\/li>\n\n\n\n<li><strong>D\u00e9fis dans le syst\u00e8me de la formation continue<\/strong> : acc\u00e8s \u00e0 la formation continue, \u00e9galit\u00e9 des chances, disparit\u00e9s dans la formation continue, pauvret\u00e9, int\u00e9gration, \u00e9volution des besoins d&rsquo;apprentissage des adultes et d\u00e9veloppement de l&rsquo;offre de formation continue, reconnaissance et valeur de la formation continue<\/li>\n<\/ul>\n\n\n\n<h3 class=\"wp-block-heading\">Objectifs prioritaires par domaine d&rsquo;action (s\u00e9lection)<\/h3>\n\n\n\n<p>Dans les quatre domaines d&rsquo;action, nous poursuivons les objectifs suivants :<\/p>\n\n\n\n<ul class=\"wp-block-list\">\n<li><strong>Politique de formation continue<\/strong> : emp\u00eacher les mesures d&rsquo;\u00e9conomie de la Conf\u00e9d\u00e9ration dans le domaine de la formation continue, d\u00e9velopper la loi sur la formation continue, mettre en place un groupe de travail national sur la formation continue et \u00e9laborer une strat\u00e9gie nationale en mati\u00e8re de formation continue, promouvoir la participation \u00e0 la formation continue<\/li>\n\n\n\n<li><strong>D\u00e9veloppement et innovation<\/strong> : d\u00e9veloppement et \u00e9largissement syst\u00e9matiques ainsi que mise \u00e0 disposition d&rsquo;expertise sur les th\u00e8mes prioritaires, mise \u00e0 disposition p\u00e9riodique de donn\u00e9es et d&rsquo;indicateurs fiables sur le d\u00e9veloppement du march\u00e9 et du syst\u00e8me de formation continue, mise en \u0153uvre de projets de d\u00e9veloppement innovants et orient\u00e9s vers la pratique, d\u00e9veloppement d\u2019une perspective d&rsquo;avenir pour la formation continue, mise en r\u00e9seau et participation au d\u00e9bat transnational<\/li>\n\n\n\n<li><strong>Professionnalisation et qualit\u00e9<\/strong> : mise en \u0153uvre du nouveau syst\u00e8me modulaire FFA et de la norme de qualit\u00e9 eduQua:2021et pr\u00e9paration de leurs prochaines r\u00e9visions, promotion de la transparence en mati\u00e8re de conditions d&#8217;emploi dans la formation continue, professionnalisation du domaine des comp\u00e9tences de base<\/li>\n\n\n\n<li><strong>Service et coordination<\/strong> : mise \u00e0 disposition et regroupement d&rsquo;informations compl\u00e8tes et accessibles au public sur la formation continue, augmentation de la participation \u00e0 la formation continue, en particulier des adultes peu qualifi\u00e9s, diversification des sources de financement pour le travail de la FSEA<\/li>\n<\/ul>\n\n\n\n<div class=\"wp-block-group is-style-run-to-edge has-primary-background-color has-background is-layout-flow wp-block-group-is-layout-flow\">\n<h2 class=\"wp-block-heading\">Vision<\/h2>\n\n\n\n<p class=\"is-style-lead has-background-color has-text-color\">Nous nous engageons \u00e0 soutenir un syst\u00e8me de formation continue fort, innovant, professionnel et accessible \u00e0 tous et qui r\u00e9pond aux besoins des adultes ainsi qu\u2019\u00e0 ceux de la soci\u00e9t\u00e9, de l\u2019\u00e9conomie et de la politique.<\/p>\n<\/div>\n\n\n\n<h2 class=\"wp-block-heading\">Notre r\u00f4le<\/h2>\n\n\n\n<p>La FSEA est la f\u00e9d\u00e9ration suisse pour la formation continue. Elle:<\/p>\n\n\n\n<ul class=\"wp-block-list\">\n<li>Repr\u00e9sente les int\u00e9r\u00eats des prestataires et des participants de la formation continue au sein de la politique de l\u2019\u00e9conomie et de la soci\u00e9t\u00e9;<\/li>\n\n\n\n<li>Met en r\u00e9seaux les diff\u00e9rents acteurs;<\/li>\n\n\n\n<li>Soutient le d\u00e9veloppement de l\u2019assurance qualit\u00e9 dans la formation continue;<\/li>\n\n\n\n<li>D\u00e9fend l\u2019\u00e9galit\u00e9 des chances d\u2019acc\u00e8s \u00e0 la formation continue;<\/li>\n\n\n\n<li>Contribue \u00e0 cr\u00e9er un syst\u00e8me de formation continue fort et orient\u00e9 vers le futur;<\/li>\n\n\n\n<li>Elle est pr\u00e9sente dans les 3 r\u00e9gions linguistiques.<\/li>\n<\/ul>\n\n\n\n<h2 class=\"wp-block-heading\">Valeurs fondamentales de la FSEA<\/h2>\n\n\n\n<h3 class=\"wp-block-heading\">Comp\u00e9tence<\/h3>\n\n\n\n<p>Les secr\u00e9tariats et les organes de la FSEA disposent d\u2019une grande comp\u00e9tence sp\u00e9cialis\u00e9e. Pour la r\u00e9alisation de nos activit\u00e9s, nous coop\u00e9rons \u00e9troitement avec nos membres et d\u2019autres partenaires en Suisse et \u00e0 l\u2019\u00e9tranger. La FSEA est tr\u00e8s exigeante sur la qualit\u00e9 de son travail, ses produits et prestations ainsi que sur sa coop\u00e9ration avec toutes les parties prenantes. L\u00e0 o\u00f9 nous en constatons le besoin, nous prenons rapidement des mesures pour l\u2019am\u00e9lioration de la qualit\u00e9.<\/p>\n\n\n\n<h3 class=\"wp-block-heading\">R\u00e9seautage<\/h3>\n\n\n\n<p>Le r\u00e9seautage est \u00e0 la base de toutes les activit\u00e9s de la FSEA. Nous interconnectons tous les acteurs importants pour le domaine de la formation continue et proposons des possibilit\u00e9s de r\u00e9seautage \u00e0 l\u2019\u00e9chelle r\u00e9gionale, nationale et internationale. Nous initions et soutenons des r\u00e9seaux, cr\u00e9ons des plateformes et encourageons toutes les parties int\u00e9ress\u00e9es \u00e0 tirer activement profit de nos offres de r\u00e9seautage.<\/p>\n\n\n\n<h3 class=\"wp-block-heading\">Innovation<\/h3>\n\n\n\n<p>Notre travail est ouvert sur l\u2019avenir, nous disposons d\u2019une flexibilit\u00e9 \u00e9lev\u00e9e et sommes pr\u00eats \u00e0 accepter les mutations sociales et \u00e9conomiques comme d\u00e9fi pour la formation continue. Dans nos projets, nous d\u00e9veloppons des approches novatrices pour le syst\u00e8me de formation continue et ses conditions cadre.<\/p>\n\n\n\n<h3 class=\"wp-block-heading\">Pens\u00e9e et action entrepreneuriales<\/h3>\n\n\n\n<p>La FSEA fait un usage responsable de ses ressources. Pour toutes nos activit\u00e9s, nous misons sur une&nbsp;<strong>organisation efficace<\/strong>. Les produits et prestations sont con\u00e7us dans une orientation clients. Nous \u00e9valuons r\u00e9guli\u00e8rement les besoins des clients et des parties prenantes, et en tenons compte pour le d\u00e9veloppement des offres de la FSEA.<\/p>\n\n\n\n<h2 class=\"wp-block-heading\">Portrait en PDF<\/h2>\n\n\n\n<div class=\"wp-block-columns is-layout-flex wp-container-core-columns-is-layout-28f84493 wp-block-columns-is-layout-flex\">\n<div class=\"wp-block-column is-layout-flow wp-block-column-is-layout-flow\">\n<div class=\"wp-block-file\"><a id=\"wp-block-file--media-f14f455d-fad5-418e-81d3-641181091a9d\" href=\"https:\/\/alice.ch\/app\/uploads\/2022\/11\/Portrait-FSEA-2018.pdf\" target=\"_blank\" rel=\"noreferrer noopener\">FSEA Portrait<br \/>PDF &#8211; 200 kb<\/a><\/div>\n<\/div>\n\n\n\n<div class=\"wp-block-column is-layout-flow wp-block-column-is-layout-flow\"><\/div>\n<\/div>\n\n\n\n<div class=\"wp-block-columns is-layout-flex wp-container-core-columns-is-layout-28f84493 wp-block-columns-is-layout-flex\">\n<div class=\"wp-block-column is-layout-flow wp-block-column-is-layout-flow\">\n<div class=\"wp-block-buttons is-layout-flex wp-block-buttons-is-layout-flex\">\n<div class=\"wp-block-button has-custom-width wp-block-button__width-100 is-style-outline is-style-outline--1\"><a class=\"wp-block-button__link wp-element-button\" href=\"https:\/\/alice.ch\/fr\/strategie\/principes-politiques\/\">Principes de la politique de formation<\/a><\/div>\n\n\n\n<div class=\"wp-block-button has-custom-width wp-block-button__width-100 is-style-outline is-style-outline--2\"><a class=\"wp-block-button__link wp-element-button\" href=\"https:\/\/alice.ch\/fr\/politique-de-la-formation\/positions-politiques\/\">Politique de la formation<\/a><\/div>\n<\/div>\n<\/div>\n\n\n\n<div class=\"wp-block-column is-layout-flow wp-block-column-is-layout-flow\">\n<div class=\"wp-block-buttons is-layout-flex wp-block-buttons-is-layout-flex\">\n<div class=\"wp-block-button has-custom-width wp-block-button__width-100 is-style-outline is-style-outline--3\"><a class=\"wp-block-button__link wp-element-button\" href=\"https:\/\/alice.ch\/fr\/strategie\/programme-dactivites\/\">Programme d&rsquo;activit\u00e9s<\/a><\/div>\n\n\n\n<div class=\"wp-block-button has-custom-width wp-block-button__width-100 is-style-outline is-style-outline--4\"><a class=\"wp-block-button__link wp-element-button\" href=\"https:\/\/alice.ch\/fr\/themes\/formation-continue-suisse\/systeme-de-formation-continue\/\">Syst\u00e8me de la formation continue<\/a><\/div>\n<\/div>\n<\/div>\n<\/div>\n\n\n\n<h2 class=\"wp-block-heading\">Contact<\/h2>\n\n\n\n<div class=\"wp-block-columns is-layout-flex wp-container-core-columns-is-layout-28f84493 wp-block-columns-is-layout-flex\">\n<div class=\"wp-block-column is-layout-flow wp-block-column-is-layout-flow\" style=\"flex-basis:50%\"><div class=\"contact-persons\">\n\n\t\t\t\t\t<div class=\"contact-person\">\n\t\t\t\t\tFSEA F\u00e9d\u00e9ration suisse pour la formation continue<br \/>\t\t\t\t\t\t\t\t\t\t<br \/>\n\t\t\t\t\tSecr\u00e9tariat romand<br \/>\r\nRue de Gen\u00e8ve 88b<br \/>\r\n1004 Lausanne<br \/>\t\t\t\t\t<a href=\"tel:+41 (0)22 994 20 10\">+41 (0)22 994 20 10<\/a><br \/>\t\t\t\t\t<a href=\"mailto:fsea@alice.ch\">fsea@alice.ch<\/a><br \/>\t\t\t\t\t<\/div>\n\t\t\t\t\t<\/div>\n<\/div>\n\n\n\n<div class=\"wp-block-column is-layout-flow wp-block-column-is-layout-flow\" style=\"flex-basis:50%\"><\/div>\n<\/div>\n<\/div>\n","protected":false},"excerpt":{"rendered":"<p>Strat\u00e9gie de la FSEA pour les ann\u00e9es 2025\u20132028 La pr\u00e9sente strat\u00e9gie a \u00e9t\u00e9 approuv\u00e9e lors de l&rsquo;assembl\u00e9e des d\u00e9l\u00e9gu\u00e9s (AD) [&hellip;]<\/p>\n","protected":false},"author":4,"featured_media":20799,"parent":17426,"menu_order":607,"comment_status":"closed","ping_status":"closed","template":"","meta":{"_acf_changed":false,"inline_featured_image":false,"footnotes":""},"class_list":["post-11409","page","type-page","status-publish","has-post-thumbnail","hentry"],"acf":[],"yoast_head":"<!-- This site is optimized with the Yoast SEO plugin v27.3 - https:\/\/yoast.com\/product\/yoast-seo-wordpress\/ -->\n<title>Strat\u00e9gie - FSEA<\/title>\n<meta name=\"description\" content=\"La FSEA soutient le secteur de la formation continue et contribue au d\u00e9veloppement du syst\u00e8me de formation continue.\" \/>\n<meta name=\"robots\" content=\"index, follow, max-snippet:-1, max-image-preview:large, max-video-preview:-1\" \/>\n<link rel=\"canonical\" href=\"https:\/\/alice.ch\/fr\/fsea-fr\/strategie\/\" \/>\n<meta property=\"og:locale\" content=\"fr_FR\" \/>\n<meta property=\"og:type\" content=\"article\" \/>\n<meta property=\"og:title\" content=\"Strat\u00e9gie - FSEA\" \/>\n<meta property=\"og:description\" content=\"La FSEA soutient le secteur de la formation continue et contribue au d\u00e9veloppement du syst\u00e8me de formation continue.\" \/>\n<meta property=\"og:url\" content=\"https:\/\/alice.ch\/fr\/fsea-fr\/strategie\/\" \/>\n<meta property=\"og:site_name\" content=\"SVEB\" \/>\n<meta property=\"article:modified_time\" content=\"2025-11-03T12:29:42+00:00\" \/>\n<meta name=\"twitter:card\" content=\"summary_large_image\" \/>\n<meta name=\"twitter:label1\" content=\"Dur\u00e9e de lecture estim\u00e9e\" \/>\n\t<meta name=\"twitter:data1\" content=\"4 minutes\" \/>\n<script type=\"application\/ld+json\" class=\"yoast-schema-graph\">{\"@context\":\"https:\\\/\\\/schema.org\",\"@graph\":[{\"@type\":\"WebPage\",\"@id\":\"https:\\\/\\\/alice.ch\\\/fr\\\/fsea-fr\\\/strategie\\\/\",\"url\":\"https:\\\/\\\/alice.ch\\\/fr\\\/fsea-fr\\\/strategie\\\/\",\"name\":\"Strat\u00e9gie - FSEA\",\"isPartOf\":{\"@id\":\"https:\\\/\\\/alice.ch\\\/fr\\\/#website\"},\"primaryImageOfPage\":{\"@id\":\"https:\\\/\\\/alice.ch\\\/fr\\\/fsea-fr\\\/strategie\\\/#primaryimage\"},\"image\":{\"@id\":\"https:\\\/\\\/alice.ch\\\/fr\\\/fsea-fr\\\/strategie\\\/#primaryimage\"},\"thumbnailUrl\":\"https:\\\/\\\/alice.ch\\\/app\\\/uploads\\\/2022\\\/11\\\/default.jpg\",\"datePublished\":\"2022-08-16T14:26:22+00:00\",\"dateModified\":\"2025-11-03T12:29:42+00:00\",\"description\":\"La FSEA soutient le secteur de la formation continue et contribue au d\u00e9veloppement du syst\u00e8me de formation continue.\",\"breadcrumb\":{\"@id\":\"https:\\\/\\\/alice.ch\\\/fr\\\/fsea-fr\\\/strategie\\\/#breadcrumb\"},\"inLanguage\":\"fr-FR\",\"potentialAction\":[{\"@type\":\"ReadAction\",\"target\":[\"https:\\\/\\\/alice.ch\\\/fr\\\/fsea-fr\\\/strategie\\\/\"]}]},{\"@type\":\"ImageObject\",\"inLanguage\":\"fr-FR\",\"@id\":\"https:\\\/\\\/alice.ch\\\/fr\\\/fsea-fr\\\/strategie\\\/#primaryimage\",\"url\":\"https:\\\/\\\/alice.ch\\\/app\\\/uploads\\\/2022\\\/11\\\/default.jpg\",\"contentUrl\":\"https:\\\/\\\/alice.ch\\\/app\\\/uploads\\\/2022\\\/11\\\/default.jpg\",\"width\":1600,\"height\":900},{\"@type\":\"BreadcrumbList\",\"@id\":\"https:\\\/\\\/alice.ch\\\/fr\\\/fsea-fr\\\/strategie\\\/#breadcrumb\",\"itemListElement\":[{\"@type\":\"ListItem\",\"position\":1,\"name\":\"Page d'accueil\",\"item\":\"https:\\\/\\\/alice.ch\\\/fr\\\/\"},{\"@type\":\"ListItem\",\"position\":2,\"name\":\"FSEA\",\"item\":\"https:\\\/\\\/alice.ch\\\/fr\\\/fsea-fr\\\/\"},{\"@type\":\"ListItem\",\"position\":3,\"name\":\"Strat\u00e9gie\"}]},{\"@type\":\"WebSite\",\"@id\":\"https:\\\/\\\/alice.ch\\\/fr\\\/#website\",\"url\":\"https:\\\/\\\/alice.ch\\\/fr\\\/\",\"name\":\"alice.ch (Adult Learning Information Center) ist das Portal der Weiterbildung in der Schweiz.\",\"description\":\"Schweizerischer Verband f\u00fcr Weiterbildung\",\"publisher\":{\"@id\":\"https:\\\/\\\/alice.ch\\\/fr\\\/#organization\"},\"potentialAction\":[{\"@type\":\"SearchAction\",\"target\":{\"@type\":\"EntryPoint\",\"urlTemplate\":\"https:\\\/\\\/alice.ch\\\/fr\\\/?s={search_term_string}\"},\"query-input\":{\"@type\":\"PropertyValueSpecification\",\"valueRequired\":true,\"valueName\":\"search_term_string\"}}],\"inLanguage\":\"fr-FR\"},{\"@type\":\"Organization\",\"@id\":\"https:\\\/\\\/alice.ch\\\/fr\\\/#organization\",\"name\":\"FSEA F\u00e9d\u00e9ration suisse pour la formation continue\",\"url\":\"https:\\\/\\\/alice.ch\\\/fr\\\/\",\"logo\":{\"@type\":\"ImageObject\",\"inLanguage\":\"fr-FR\",\"@id\":\"https:\\\/\\\/alice.ch\\\/fr\\\/#\\\/schema\\\/logo\\\/image\\\/\",\"url\":\"https:\\\/\\\/alice.ch\\\/app\\\/uploads\\\/2022\\\/07\\\/logo-sveb.png\",\"contentUrl\":\"https:\\\/\\\/alice.ch\\\/app\\\/uploads\\\/2022\\\/07\\\/logo-sveb.png\",\"width\":145,\"height\":64,\"caption\":\"FSEA F\u00e9d\u00e9ration suisse pour la formation continue\"},\"image\":{\"@id\":\"https:\\\/\\\/alice.ch\\\/fr\\\/#\\\/schema\\\/logo\\\/image\\\/\"},\"sameAs\":[\"https:\\\/\\\/www.linkedin.com\\\/company\\\/schweizerischer-verband-fr-weiterbildung-sveb\\\/\"]}]}<\/script>\n<!-- \/ Yoast SEO plugin. -->","yoast_head_json":{"title":"Strat\u00e9gie - FSEA","description":"La FSEA soutient le secteur de la formation continue et contribue au d\u00e9veloppement du syst\u00e8me de formation continue.","robots":{"index":"index","follow":"follow","max-snippet":"max-snippet:-1","max-image-preview":"max-image-preview:large","max-video-preview":"max-video-preview:-1"},"canonical":"https:\/\/alice.ch\/fr\/fsea-fr\/strategie\/","og_locale":"fr_FR","og_type":"article","og_title":"Strat\u00e9gie - FSEA","og_description":"La FSEA soutient le secteur de la formation continue et contribue au d\u00e9veloppement du syst\u00e8me de formation continue.","og_url":"https:\/\/alice.ch\/fr\/fsea-fr\/strategie\/","og_site_name":"SVEB","article_modified_time":"2025-11-03T12:29:42+00:00","twitter_card":"summary_large_image","twitter_misc":{"Dur\u00e9e de lecture estim\u00e9e":"4 minutes"},"schema":{"@context":"https:\/\/schema.org","@graph":[{"@type":"WebPage","@id":"https:\/\/alice.ch\/fr\/fsea-fr\/strategie\/","url":"https:\/\/alice.ch\/fr\/fsea-fr\/strategie\/","name":"Strat\u00e9gie - FSEA","isPartOf":{"@id":"https:\/\/alice.ch\/fr\/#website"},"primaryImageOfPage":{"@id":"https:\/\/alice.ch\/fr\/fsea-fr\/strategie\/#primaryimage"},"image":{"@id":"https:\/\/alice.ch\/fr\/fsea-fr\/strategie\/#primaryimage"},"thumbnailUrl":"https:\/\/alice.ch\/app\/uploads\/2022\/11\/default.jpg","datePublished":"2022-08-16T14:26:22+00:00","dateModified":"2025-11-03T12:29:42+00:00","description":"La FSEA soutient le secteur de la formation continue et contribue au d\u00e9veloppement du syst\u00e8me de formation continue.","breadcrumb":{"@id":"https:\/\/alice.ch\/fr\/fsea-fr\/strategie\/#breadcrumb"},"inLanguage":"fr-FR","potentialAction":[{"@type":"ReadAction","target":["https:\/\/alice.ch\/fr\/fsea-fr\/strategie\/"]}]},{"@type":"ImageObject","inLanguage":"fr-FR","@id":"https:\/\/alice.ch\/fr\/fsea-fr\/strategie\/#primaryimage","url":"https:\/\/alice.ch\/app\/uploads\/2022\/11\/default.jpg","contentUrl":"https:\/\/alice.ch\/app\/uploads\/2022\/11\/default.jpg","width":1600,"height":900},{"@type":"BreadcrumbList","@id":"https:\/\/alice.ch\/fr\/fsea-fr\/strategie\/#breadcrumb","itemListElement":[{"@type":"ListItem","position":1,"name":"Page d'accueil","item":"https:\/\/alice.ch\/fr\/"},{"@type":"ListItem","position":2,"name":"FSEA","item":"https:\/\/alice.ch\/fr\/fsea-fr\/"},{"@type":"ListItem","position":3,"name":"Strat\u00e9gie"}]},{"@type":"WebSite","@id":"https:\/\/alice.ch\/fr\/#website","url":"https:\/\/alice.ch\/fr\/","name":"alice.ch (Adult Learning Information Center) ist das Portal der Weiterbildung in der Schweiz.","description":"Schweizerischer Verband f\u00fcr Weiterbildung","publisher":{"@id":"https:\/\/alice.ch\/fr\/#organization"},"potentialAction":[{"@type":"SearchAction","target":{"@type":"EntryPoint","urlTemplate":"https:\/\/alice.ch\/fr\/?s={search_term_string}"},"query-input":{"@type":"PropertyValueSpecification","valueRequired":true,"valueName":"search_term_string"}}],"inLanguage":"fr-FR"},{"@type":"Organization","@id":"https:\/\/alice.ch\/fr\/#organization","name":"FSEA F\u00e9d\u00e9ration suisse pour la formation continue","url":"https:\/\/alice.ch\/fr\/","logo":{"@type":"ImageObject","inLanguage":"fr-FR","@id":"https:\/\/alice.ch\/fr\/#\/schema\/logo\/image\/","url":"https:\/\/alice.ch\/app\/uploads\/2022\/07\/logo-sveb.png","contentUrl":"https:\/\/alice.ch\/app\/uploads\/2022\/07\/logo-sveb.png","width":145,"height":64,"caption":"FSEA F\u00e9d\u00e9ration suisse pour la formation continue"},"image":{"@id":"https:\/\/alice.ch\/fr\/#\/schema\/logo\/image\/"},"sameAs":["https:\/\/www.linkedin.com\/company\/schweizerischer-verband-fr-weiterbildung-sveb\/"]}]}},"_links":{"self":[{"href":"https:\/\/alice.ch\/fr\/wp-json\/wp\/v2\/pages\/11409","targetHints":{"allow":["GET"]}}],"collection":[{"href":"https:\/\/alice.ch\/fr\/wp-json\/wp\/v2\/pages"}],"about":[{"href":"https:\/\/alice.ch\/fr\/wp-json\/wp\/v2\/types\/page"}],"author":[{"embeddable":true,"href":"https:\/\/alice.ch\/fr\/wp-json\/wp\/v2\/users\/4"}],"replies":[{"embeddable":true,"href":"https:\/\/alice.ch\/fr\/wp-json\/wp\/v2\/comments?post=11409"}],"version-history":[{"count":17,"href":"https:\/\/alice.ch\/fr\/wp-json\/wp\/v2\/pages\/11409\/revisions"}],"predecessor-version":[{"id":71706,"href":"https:\/\/alice.ch\/fr\/wp-json\/wp\/v2\/pages\/11409\/revisions\/71706"}],"up":[{"embeddable":true,"href":"https:\/\/alice.ch\/fr\/wp-json\/wp\/v2\/pages\/17426"}],"wp:featuredmedia":[{"embeddable":true,"href":"https:\/\/alice.ch\/fr\/wp-json\/wp\/v2\/media\/20799"}],"wp:attachment":[{"href":"https:\/\/alice.ch\/fr\/wp-json\/wp\/v2\/media?parent=11409"}],"curies":[{"name":"wp","href":"https:\/\/api.w.org\/{rel}","templated":true}]}}