{"id":11412,"date":"2022-09-08T11:36:23","date_gmt":"2022-09-08T09:36:23","guid":{"rendered":"https:\/\/projects.atxeit.ch\/sveb\/strategie\/bildungspolitische-grundsaetze\/"},"modified":"2023-12-05T14:56:57","modified_gmt":"2023-12-05T13:56:57","slug":"principes-politiques","status":"publish","type":"page","link":"https:\/\/alice.ch\/fr\/fsea-fr\/strategie\/principes-politiques\/","title":{"rendered":"Principes politiques"},"content":{"rendered":"\n<div class=\"wp-block-group is-style-reduced-width is-layout-flow wp-block-group-is-layout-flow\">\n<h1 class=\"wp-block-heading\">Principes politiques<\/h1>\n\n\n\n<p class=\"is-style-lead\">Les principes politiques d\u00e9finissent comment la FSEA, en tant qu\u2019association fa\u00eeti\u00e8re, doit se positionner dans l\u2019environnement politique. Ils pr\u00e9sentent synth\u00e9tiquement ce pourquoi la FSEA s\u2019engage, quelles positions elle d\u00e9fend aupr\u00e8s&nbsp; de la Conf\u00e9d\u00e9ration et des cantons, et ce qu\u2019elle attend de la Loi f\u00e9d\u00e9rale sur la formation continue (LFCo).<\/p>\n\n\n\n<h2 class=\"wp-block-heading\">Contexte d\u2019\u00e9mergence<\/h2>\n\n\n\n<p>La FSEA s\u2019est engag\u00e9e depuis des d\u00e9cennies pour une loi sur la formation continue et a particip\u00e9 au processus d\u2019\u00e9laboration de la loi. Avec l\u2019entr\u00e9e en vigueur de la loi en janvier 2017, une \u00e9tape importante a \u00e9t\u00e9 franchie. Les demandes de la FSEA sont majoritairement pr\u00e9sentes dans la loi, comme par exemple le domaine de l&rsquo;encouragement des comp\u00e9tences de bases des adultes.&nbsp;<\/p>\n\n\n\n<p>La LFCo n\u2019est cependant pas une loi innovante ou visionnaire, qui offre \u00e0 la formation continue une nouvelle perspective. Elle se limite \u00e0 soutenir le syst\u00e8me actuel, \u00e0 d\u00e9finir la notion de formation continue et \u00e0 sp\u00e9cifier les objectifs politiques de la Conf\u00e9d\u00e9ration.<\/p>\n\n\n\n<p>La question est d\u00e8s \u00e0 pr\u00e9sent de savoir comment la loi est mise en \u0153uvre. La FSEA s\u2019engage \u00e0 ce que les principes de base qui y sont sp\u00e9cifi\u00e9s soit introduits dans les diverses lois sp\u00e9ciales et que la Conf\u00e9d\u00e9ration et les Cantons utilisent toutes les possibilit\u00e9s de soutien qui figurent dans la LFCo.<\/p>\n\n\n\n<p>De plus, il y a des questions et des demandes qui ne figurent pas dans la LFCo. C\u2019est pourquoi, l\u2019engagement de la FSEA et de ses membres est n\u00e9cessaire afin que la formation tout au long de la vie devienne pour tous les adultes une \u00e9vidence.<\/p>\n\n\n\n<h3 class=\"wp-block-heading\">Les \u00e9tapes de la loi f\u00e9d\u00e9rale sur la formation continue (LFCo)<\/h3>\n\n\n\n<p>En mai 2006, le peuple approuvait un nouvel article constitutionnel sur la formation continue. Dix ans plus tard, le Parlement a adopt\u00e9 la premi\u00e8re loi f\u00e9d\u00e9rale sur la formation continue (LFCo), qui est entr\u00e9e en vigueur en janvier 2017.<\/p>\n\n\n\n<h3 class=\"wp-block-heading\">L\u2019article sur la formation continue dans la Constitution f\u00e9d\u00e9rale :<\/h3>\n\n\n\n<h4 class=\"wp-block-heading\">Art 64a<\/h4>\n\n\n\n<ol class=\"wp-block-list\">\n<li>La Conf\u00e9d\u00e9ration fixe les principes applicables \u00e0 la formation continue.<\/li>\n\n\n\n<li>Elle peut encourager la formation continue.<\/li>\n\n\n\n<li>La loi fixe les domaines et les crit\u00e8res.<\/li>\n<\/ol>\n\n\n\n<h3 class=\"wp-block-heading\">La loi sur la formation continue<\/h3>\n\n\n\n<p>La LFCo est une loi cadre. Sa mise en \u0153uvre se fera principalement dans le cadre des lois sp\u00e9ciales, comme par exemple, la loi sur la formation professionnelle, la loi sur les \u00e9trangers ou la loi sur les assurances sociales. La LFCo d\u00e9finit la formation continue comme une formation non formelle et situe ce domaine de formation dans le syst\u00e8me national de formation.<\/p>\n\n\n\n<p>Cinq principes forment le noyau de la LFCo :<\/p>\n\n\n\n<ul class=\"wp-block-list\">\n<li>Responsabilit\u00e9 (Art. 5)<\/li>\n\n\n\n<li>Assurance et d\u00e9veloppement de la qualit\u00e9&nbsp; (Art. 6)<\/li>\n\n\n\n<li>Prise en compte des acquis dans la formation formelle (Art. 7)<\/li>\n\n\n\n<li>Am\u00e9lioration de l\u2019\u00e9galit\u00e9 des chances (Art. 8)<\/li>\n\n\n\n<li>Concurrence (Art. 9)<\/li>\n<\/ul>\n\n\n\n<p>La LFCo n&rsquo;est pas, en premier lieu, une loi de financement. Elle contient, cependant, deux m\u00e9canismes de soutien : Les aides financi\u00e8res en faveur d\u2019organisations actives dans le domaine de la formation continue (Art. 12) et le soutien pour l\u2019acquisition et le maintien des comp\u00e9tences de bases chez l\u2019adulte (Art. 13-16).<\/p>\n\n\n\n<p>Le financement de ces deux domaines est r\u00e9gl\u00e9 dans le cadre du Message pour l\u2019encouragement de la formation, recherche et innovation (Message FRI), qui est valable pour 4 ans.<\/p>\n\n\n\n<p>La FSEA s\u2019est engag\u00e9e pour une loi sur la formation continue depuis des d\u00e9cennies. Avec la LFCo, une \u00e9tape importante a \u00e9t\u00e9 franchie : la formation continue est repr\u00e9sent\u00e9e dans le syst\u00e8me national de formation et&nbsp; pour la premi\u00e8re fois, la formation continue est aussi de la responsabilit\u00e9 de la Conf\u00e9d\u00e9ration et elle est clairement d\u00e9finie dans la loi. Auparavant, ces responsabilit\u00e9s n\u2019\u00e9taient pas claires et partag\u00e9es entre plusieurs d\u00e9partements et offices f\u00e9d\u00e9raux.<\/p>\n\n\n\n<p>Depuis l\u2019entr\u00e9e en vigueur de la LFCo, le Secr\u00e9tariat de la formation, recherche et innovation (SEFRI) est responsable du soutien de la formation continue au niveau f\u00e9d\u00e9ral.<\/p>\n\n\n\n<h2 class=\"wp-block-heading\">Les 7 Principes politiques<\/h2>\n\n\n\n<h3 class=\"wp-block-heading\">1. Promotion de l\u2019\u00e9galit\u00e9 d\u2019acc\u00e8s \u00e0 la formation continue<\/h3>\n\n\n\n<ul class=\"wp-block-list\">\n<li>Soutien&nbsp; des comp\u00e9tences de bases pour les adultes\u2028:\n<ul class=\"wp-block-list\">\n<li>D\u00e9veloppement d\u2019une offre large dans le domaine des comp\u00e9tences de base, dans tous les cantons, et soutien des besoins sur la base des articles 13-16 de la LFCo.<\/li>\n\n\n\n<li>Augmentation des moyens financiers pour la mise en \u0153uvre des articles 13-16 de la LFCo dans le cadre du Message FRI 2021-2014.<\/li>\n\n\n\n<li>Incitation au d\u00e9veloppement et \u00e0 l\u2019utilisation de mod\u00e8les de soutien adapt\u00e9s aux divers contextes (Art. 14 LFCo).<\/li>\n\n\n\n<li>Utilisation des structures de formation continue pour promouvoir les comp\u00e9tences de base dans les lois sp\u00e9ciales.<\/li>\n<\/ul>\n<\/li>\n<\/ul>\n\n\n\n<ul class=\"wp-block-list\">\n<li>Promotion de formations flexibles \u00e0 l\u2019attention d\u2019un public adulte et de mod\u00e8les de conseil et d\u2019orientation dans le cadre des formations de rattrapage (formation qualifiante pour adultes).<\/li>\n\n\n\n<li>Soutien d\u2019un acc\u00e8s facilit\u00e9 \u00e0 l\u2019information et aux offres de conseils.<\/li>\n\n\n\n<li>Soutien de la formation continue pour faciliter l\u2019int\u00e9gration des migrant(e)s, diminuer l\u2019exclusion et la pauvret\u00e9 (Art. 8 LFCo).<\/li>\n\n\n\n<li>Promotion et soutien de la formation continue en entreprise, en particulier pour les personnes peu qualifi\u00e9es et pour les PME, par le biais notamment :\n<ul class=\"wp-block-list\">\n<li>d\u2019informations et de sensibilisation des directions des entreprises,<\/li>\n\n\n\n<li>de d\u00e9veloppement et de mise en \u0153uvre de programmes incitatifs efficients \u00e0 l\u2019attention des employeurs,<\/li>\n\n\n\n<li>afin qu\u2019ils&nbsp; assument leur part de responsabilit\u00e9 dans la formation de leurs employ\u00e9s (Art. 5 LFCo).<\/li>\n<\/ul>\n<\/li>\n<\/ul>\n\n\n\n<h3 class=\"wp-block-heading\">2. Promotion de la professionnalisation<\/h3>\n\n\n\n<ul class=\"wp-block-list\">\n<li>D\u00e9veloppement continu et promotion du syst\u00e8me de formation des formateurs d\u2019adultes (FFA).<\/li>\n\n\n\n<li>Encouragement de la mise en r\u00e9seaux, afin de faciliter les \u00e9changes et&nbsp; les transferts des connaissances entre les formateurs\/trices et les sp\u00e9cialistes de la formation continue.<\/li>\n\n\n\n<li>Soutien pour la formation et la formation continue des formateurs\/trices qui travaillent avec des publics cibles comprenant des personnes d\u00e9favoris\u00e9es, en particulier dans le domaine des comp\u00e9tences de base.<\/li>\n<\/ul>\n\n\n\n<h3 class=\"wp-block-heading\">3.&nbsp;&nbsp;&nbsp; Soutien de l\u2019assurance et du d\u00e9veloppement de la qualit\u00e9 (Art. 6 LFCo)<\/h3>\n\n\n\n<ul class=\"wp-block-list\">\n<li>Encouragement pour un d\u00e9veloppement continu et coordonn\u00e9 de l\u2019assurance et du d\u00e9veloppement de la qualit\u00e9 dans la formation continue.<\/li>\n\n\n\n<li>Sensibilisation des acteurs et en particulier des prestataires de formation continue \u00e0 l\u2019assurance et au d\u00e9veloppement de la qualit\u00e9.<\/li>\n<\/ul>\n\n\n\n<h3 class=\"wp-block-heading\">4. Encouragement de la prise en compte et de la valorisation des formations non-formelles et informelles (Art. 7 LFCo)<\/h3>\n\n\n\n<ul class=\"wp-block-list\">\n<li>D\u00e9veloppement continu et soutien des proc\u00e9dures de validation.<\/li>\n\n\n\n<li>Soutien de l\u2019orientation vers les comp\u00e9tences et de la modularisation.<\/li>\n\n\n\n<li>Mise en place d\u2019un syst\u00e8me de classification pour les qualifications non-formelles (certificats de branches) dans le cadre du cadre national de certifications (CNC).<\/li>\n<\/ul>\n\n\n\n<h3 class=\"wp-block-heading\">5. D\u00e9veloppement du syst\u00e8me de formation continue<\/h3>\n\n\n\n<ul class=\"wp-block-list\">\n<li>Mise en \u0153uvre de la LFCo en relation avec les lois sp\u00e9ciales.<\/li>\n\n\n\n<li>Prise en compte des processus internationaux au niveau de la politique de la formation, qui concernent la formation continue et en particulier la Conf\u00e9rence mondiale de la formation continue CONFINTEA ainsi que l\u2019Agenda 2030.<\/li>\n\n\n\n<li>D\u00e9veloppement de mod\u00e8les de financement innovants.<\/li>\n\n\n\n<li>Encouragement pour le d\u00e9veloppement de projets, en particulier dans le domaine de la digitalisation.<\/li>\n\n\n\n<li>Soutien de la recherche dans le domaine de la formation continue (Art. 11 LFCo).<\/li>\n\n\n\n<li>Elaboration de principes de base pour le d\u00e9veloppement d\u2019un monitorage et de statistiques dans le domaine de la formation continue (Art. 18, 19 LFCo).<\/li>\n<\/ul>\n\n\n\n<h3 class=\"wp-block-heading\">6. Soutien de la coordination et de la mise en r\u00e9seaux<\/h3>\n\n\n\n<ul class=\"wp-block-list\">\n<li>Mise en place d\u2019une conf\u00e9rence de la formation continue large et soutenue permettant une coordination entre la Conf\u00e9d\u00e9ration, les cantons, les partenaires sociaux et les organisations du monde du travail.<\/li>\n\n\n\n<li>Soutien des organisations de la formation continue pour la mise en \u0153uvre de la LFCo (Art. 12).<\/li>\n\n\n\n<li>Augmentation des moyens financiers pour ces organisations dans le cadre du Message pour l\u2019encouragement de la formation, recherche et innovation (FRI) 2021\u20132024.<\/li>\n\n\n\n<li>Encouragement de la mise en r\u00e9seaux internationale et de la coop\u00e9ration.<\/li>\n<\/ul>\n\n\n\n<h3 class=\"wp-block-heading\">7. Am\u00e9lioration de la visibilit\u00e9 (pr\u00e9sence publique) et de la transparence de la formation continue<\/h3>\n\n\n\n<ul class=\"wp-block-list\">\n<li>Promotion de l\u2019information sur la formation continue.<\/li>\n\n\n\n<li>Promotion d\u2019un \u00e9ventail large d\u2019informations et de projets, qui soutiennent la transparence dans la formation continue.<\/li>\n\n\n\n<li>Soutien de campagnes et de mesures de sensibilisation autant \u00e0 l\u2019attention de l\u2019ensemble de la population que pour des multiplicateurs.<\/li>\n<\/ul>\n\n\n\n<h2 class=\"wp-block-heading\">Contact<\/h2>\n\n\n\n<div class=\"wp-block-columns is-layout-flex wp-container-core-columns-is-layout-28f84493 wp-block-columns-is-layout-flex\">\n<div class=\"wp-block-column is-layout-flow wp-block-column-is-layout-flow\" style=\"flex-basis:50%\"><div class=\"contact-persons\">\n\n\t\t\t\t\t<div class=\"contact-person\">\n\t\t\t\t\tFSEA F\u00e9d\u00e9ration suisse pour la formation continue<br \/>\t\t\t\t\t\t\t\t\t\t<br \/>\n\t\t\t\t\tSecr\u00e9tariat romand<br \/>\r\nRue de Gen\u00e8ve 88b<br \/>\r\n1004 Lausanne<br \/>\t\t\t\t\t<a href=\"tel:+41 (0)22 994 20 10\">+41 (0)22 994 20 10<\/a><br \/>\t\t\t\t\t<a href=\"mailto:fsea@alice.ch\">fsea@alice.ch<\/a><br \/>\t\t\t\t\t<\/div>\n\t\t\t\t\t<\/div>\n<\/div>\n\n\n\n<div class=\"wp-block-column is-layout-flow wp-block-column-is-layout-flow\" style=\"flex-basis:50%\"><\/div>\n<\/div>\n<\/div>\n","protected":false},"excerpt":{"rendered":"<p>Principes politiques Les principes politiques d\u00e9finissent comment la FSEA, en tant qu\u2019association fa\u00eeti\u00e8re, doit se positionner dans l\u2019environnement politique. Ils [&hellip;]<\/p>\n","protected":false},"author":4,"featured_media":20799,"parent":11409,"menu_order":495,"comment_status":"closed","ping_status":"closed","template":"","meta":{"_acf_changed":false,"inline_featured_image":false,"footnotes":""},"class_list":["post-11412","page","type-page","status-publish","has-post-thumbnail","hentry"],"acf":[],"yoast_head":"<!-- This site is optimized with the Yoast SEO plugin v27.3 - https:\/\/yoast.com\/product\/yoast-seo-wordpress\/ -->\n<title>Principes politiques - FSEA<\/title>\n<meta name=\"description\" content=\"Les principes de politique de formation d\u00e9finissent comment la FSEA se positionne en tant qu&#039;association fa\u00eeti\u00e8re.\" \/>\n<meta name=\"robots\" content=\"index, follow, max-snippet:-1, max-image-preview:large, max-video-preview:-1\" \/>\n<link rel=\"canonical\" href=\"https:\/\/alice.ch\/fr\/fsea-fr\/strategie\/principes-politiques\/\" \/>\n<meta property=\"og:locale\" content=\"fr_FR\" \/>\n<meta property=\"og:type\" content=\"article\" \/>\n<meta property=\"og:title\" content=\"Principes politiques - FSEA\" \/>\n<meta property=\"og:description\" content=\"Les principes de politique de formation d\u00e9finissent comment la FSEA se positionne en tant qu&#039;association fa\u00eeti\u00e8re.\" \/>\n<meta property=\"og:url\" content=\"https:\/\/alice.ch\/fr\/fsea-fr\/strategie\/principes-politiques\/\" \/>\n<meta property=\"og:site_name\" content=\"SVEB\" \/>\n<meta property=\"article:modified_time\" content=\"2023-12-05T13:56:57+00:00\" \/>\n<meta name=\"twitter:card\" content=\"summary_large_image\" \/>\n<meta name=\"twitter:label1\" content=\"Dur\u00e9e de lecture estim\u00e9e\" \/>\n\t<meta name=\"twitter:data1\" content=\"7 minutes\" \/>\n<script type=\"application\/ld+json\" class=\"yoast-schema-graph\">{\"@context\":\"https:\\\/\\\/schema.org\",\"@graph\":[{\"@type\":\"WebPage\",\"@id\":\"https:\\\/\\\/alice.ch\\\/fr\\\/fsea-fr\\\/strategie\\\/principes-politiques\\\/\",\"url\":\"https:\\\/\\\/alice.ch\\\/fr\\\/fsea-fr\\\/strategie\\\/principes-politiques\\\/\",\"name\":\"Principes politiques - FSEA\",\"isPartOf\":{\"@id\":\"https:\\\/\\\/alice.ch\\\/fr\\\/#website\"},\"primaryImageOfPage\":{\"@id\":\"https:\\\/\\\/alice.ch\\\/fr\\\/fsea-fr\\\/strategie\\\/principes-politiques\\\/#primaryimage\"},\"image\":{\"@id\":\"https:\\\/\\\/alice.ch\\\/fr\\\/fsea-fr\\\/strategie\\\/principes-politiques\\\/#primaryimage\"},\"thumbnailUrl\":\"https:\\\/\\\/alice.ch\\\/app\\\/uploads\\\/2022\\\/11\\\/default.jpg\",\"datePublished\":\"2022-09-08T09:36:23+00:00\",\"dateModified\":\"2023-12-05T13:56:57+00:00\",\"description\":\"Les principes de politique de formation d\u00e9finissent comment la FSEA se positionne en tant qu'association fa\u00eeti\u00e8re.\",\"breadcrumb\":{\"@id\":\"https:\\\/\\\/alice.ch\\\/fr\\\/fsea-fr\\\/strategie\\\/principes-politiques\\\/#breadcrumb\"},\"inLanguage\":\"fr-FR\",\"potentialAction\":[{\"@type\":\"ReadAction\",\"target\":[\"https:\\\/\\\/alice.ch\\\/fr\\\/fsea-fr\\\/strategie\\\/principes-politiques\\\/\"]}]},{\"@type\":\"ImageObject\",\"inLanguage\":\"fr-FR\",\"@id\":\"https:\\\/\\\/alice.ch\\\/fr\\\/fsea-fr\\\/strategie\\\/principes-politiques\\\/#primaryimage\",\"url\":\"https:\\\/\\\/alice.ch\\\/app\\\/uploads\\\/2022\\\/11\\\/default.jpg\",\"contentUrl\":\"https:\\\/\\\/alice.ch\\\/app\\\/uploads\\\/2022\\\/11\\\/default.jpg\",\"width\":1600,\"height\":900},{\"@type\":\"BreadcrumbList\",\"@id\":\"https:\\\/\\\/alice.ch\\\/fr\\\/fsea-fr\\\/strategie\\\/principes-politiques\\\/#breadcrumb\",\"itemListElement\":[{\"@type\":\"ListItem\",\"position\":1,\"name\":\"Page d'accueil\",\"item\":\"https:\\\/\\\/alice.ch\\\/fr\\\/\"},{\"@type\":\"ListItem\",\"position\":2,\"name\":\"FSEA\",\"item\":\"https:\\\/\\\/alice.ch\\\/fr\\\/fsea-fr\\\/\"},{\"@type\":\"ListItem\",\"position\":3,\"name\":\"Strat\u00e9gie\",\"item\":\"https:\\\/\\\/alice.ch\\\/fr\\\/fsea-fr\\\/strategie\\\/\"},{\"@type\":\"ListItem\",\"position\":4,\"name\":\"Principes politiques\"}]},{\"@type\":\"WebSite\",\"@id\":\"https:\\\/\\\/alice.ch\\\/fr\\\/#website\",\"url\":\"https:\\\/\\\/alice.ch\\\/fr\\\/\",\"name\":\"alice.ch (Adult Learning Information Center) ist das Portal der Weiterbildung in der Schweiz.\",\"description\":\"Schweizerischer Verband f\u00fcr Weiterbildung\",\"publisher\":{\"@id\":\"https:\\\/\\\/alice.ch\\\/fr\\\/#organization\"},\"potentialAction\":[{\"@type\":\"SearchAction\",\"target\":{\"@type\":\"EntryPoint\",\"urlTemplate\":\"https:\\\/\\\/alice.ch\\\/fr\\\/?s={search_term_string}\"},\"query-input\":{\"@type\":\"PropertyValueSpecification\",\"valueRequired\":true,\"valueName\":\"search_term_string\"}}],\"inLanguage\":\"fr-FR\"},{\"@type\":\"Organization\",\"@id\":\"https:\\\/\\\/alice.ch\\\/fr\\\/#organization\",\"name\":\"FSEA F\u00e9d\u00e9ration suisse pour la formation continue\",\"url\":\"https:\\\/\\\/alice.ch\\\/fr\\\/\",\"logo\":{\"@type\":\"ImageObject\",\"inLanguage\":\"fr-FR\",\"@id\":\"https:\\\/\\\/alice.ch\\\/fr\\\/#\\\/schema\\\/logo\\\/image\\\/\",\"url\":\"https:\\\/\\\/alice.ch\\\/app\\\/uploads\\\/2022\\\/07\\\/logo-sveb.png\",\"contentUrl\":\"https:\\\/\\\/alice.ch\\\/app\\\/uploads\\\/2022\\\/07\\\/logo-sveb.png\",\"width\":145,\"height\":64,\"caption\":\"FSEA F\u00e9d\u00e9ration suisse pour la formation continue\"},\"image\":{\"@id\":\"https:\\\/\\\/alice.ch\\\/fr\\\/#\\\/schema\\\/logo\\\/image\\\/\"},\"sameAs\":[\"https:\\\/\\\/www.linkedin.com\\\/company\\\/schweizerischer-verband-fr-weiterbildung-sveb\\\/\"]}]}<\/script>\n<!-- \/ Yoast SEO plugin. -->","yoast_head_json":{"title":"Principes politiques - FSEA","description":"Les principes de politique de formation d\u00e9finissent comment la FSEA se positionne en tant qu'association fa\u00eeti\u00e8re.","robots":{"index":"index","follow":"follow","max-snippet":"max-snippet:-1","max-image-preview":"max-image-preview:large","max-video-preview":"max-video-preview:-1"},"canonical":"https:\/\/alice.ch\/fr\/fsea-fr\/strategie\/principes-politiques\/","og_locale":"fr_FR","og_type":"article","og_title":"Principes politiques - FSEA","og_description":"Les principes de politique de formation d\u00e9finissent comment la FSEA se positionne en tant qu'association fa\u00eeti\u00e8re.","og_url":"https:\/\/alice.ch\/fr\/fsea-fr\/strategie\/principes-politiques\/","og_site_name":"SVEB","article_modified_time":"2023-12-05T13:56:57+00:00","twitter_card":"summary_large_image","twitter_misc":{"Dur\u00e9e de lecture estim\u00e9e":"7 minutes"},"schema":{"@context":"https:\/\/schema.org","@graph":[{"@type":"WebPage","@id":"https:\/\/alice.ch\/fr\/fsea-fr\/strategie\/principes-politiques\/","url":"https:\/\/alice.ch\/fr\/fsea-fr\/strategie\/principes-politiques\/","name":"Principes politiques - FSEA","isPartOf":{"@id":"https:\/\/alice.ch\/fr\/#website"},"primaryImageOfPage":{"@id":"https:\/\/alice.ch\/fr\/fsea-fr\/strategie\/principes-politiques\/#primaryimage"},"image":{"@id":"https:\/\/alice.ch\/fr\/fsea-fr\/strategie\/principes-politiques\/#primaryimage"},"thumbnailUrl":"https:\/\/alice.ch\/app\/uploads\/2022\/11\/default.jpg","datePublished":"2022-09-08T09:36:23+00:00","dateModified":"2023-12-05T13:56:57+00:00","description":"Les principes de politique de formation d\u00e9finissent comment la FSEA se positionne en tant qu'association fa\u00eeti\u00e8re.","breadcrumb":{"@id":"https:\/\/alice.ch\/fr\/fsea-fr\/strategie\/principes-politiques\/#breadcrumb"},"inLanguage":"fr-FR","potentialAction":[{"@type":"ReadAction","target":["https:\/\/alice.ch\/fr\/fsea-fr\/strategie\/principes-politiques\/"]}]},{"@type":"ImageObject","inLanguage":"fr-FR","@id":"https:\/\/alice.ch\/fr\/fsea-fr\/strategie\/principes-politiques\/#primaryimage","url":"https:\/\/alice.ch\/app\/uploads\/2022\/11\/default.jpg","contentUrl":"https:\/\/alice.ch\/app\/uploads\/2022\/11\/default.jpg","width":1600,"height":900},{"@type":"BreadcrumbList","@id":"https:\/\/alice.ch\/fr\/fsea-fr\/strategie\/principes-politiques\/#breadcrumb","itemListElement":[{"@type":"ListItem","position":1,"name":"Page d'accueil","item":"https:\/\/alice.ch\/fr\/"},{"@type":"ListItem","position":2,"name":"FSEA","item":"https:\/\/alice.ch\/fr\/fsea-fr\/"},{"@type":"ListItem","position":3,"name":"Strat\u00e9gie","item":"https:\/\/alice.ch\/fr\/fsea-fr\/strategie\/"},{"@type":"ListItem","position":4,"name":"Principes politiques"}]},{"@type":"WebSite","@id":"https:\/\/alice.ch\/fr\/#website","url":"https:\/\/alice.ch\/fr\/","name":"alice.ch (Adult Learning Information Center) ist das Portal der Weiterbildung in der Schweiz.","description":"Schweizerischer Verband f\u00fcr Weiterbildung","publisher":{"@id":"https:\/\/alice.ch\/fr\/#organization"},"potentialAction":[{"@type":"SearchAction","target":{"@type":"EntryPoint","urlTemplate":"https:\/\/alice.ch\/fr\/?s={search_term_string}"},"query-input":{"@type":"PropertyValueSpecification","valueRequired":true,"valueName":"search_term_string"}}],"inLanguage":"fr-FR"},{"@type":"Organization","@id":"https:\/\/alice.ch\/fr\/#organization","name":"FSEA F\u00e9d\u00e9ration suisse pour la formation continue","url":"https:\/\/alice.ch\/fr\/","logo":{"@type":"ImageObject","inLanguage":"fr-FR","@id":"https:\/\/alice.ch\/fr\/#\/schema\/logo\/image\/","url":"https:\/\/alice.ch\/app\/uploads\/2022\/07\/logo-sveb.png","contentUrl":"https:\/\/alice.ch\/app\/uploads\/2022\/07\/logo-sveb.png","width":145,"height":64,"caption":"FSEA F\u00e9d\u00e9ration suisse pour la formation continue"},"image":{"@id":"https:\/\/alice.ch\/fr\/#\/schema\/logo\/image\/"},"sameAs":["https:\/\/www.linkedin.com\/company\/schweizerischer-verband-fr-weiterbildung-sveb\/"]}]}},"_links":{"self":[{"href":"https:\/\/alice.ch\/fr\/wp-json\/wp\/v2\/pages\/11412","targetHints":{"allow":["GET"]}}],"collection":[{"href":"https:\/\/alice.ch\/fr\/wp-json\/wp\/v2\/pages"}],"about":[{"href":"https:\/\/alice.ch\/fr\/wp-json\/wp\/v2\/types\/page"}],"author":[{"embeddable":true,"href":"https:\/\/alice.ch\/fr\/wp-json\/wp\/v2\/users\/4"}],"replies":[{"embeddable":true,"href":"https:\/\/alice.ch\/fr\/wp-json\/wp\/v2\/comments?post=11412"}],"version-history":[{"count":14,"href":"https:\/\/alice.ch\/fr\/wp-json\/wp\/v2\/pages\/11412\/revisions"}],"predecessor-version":[{"id":56398,"href":"https:\/\/alice.ch\/fr\/wp-json\/wp\/v2\/pages\/11412\/revisions\/56398"}],"up":[{"embeddable":true,"href":"https:\/\/alice.ch\/fr\/wp-json\/wp\/v2\/pages\/11409"}],"wp:featuredmedia":[{"embeddable":true,"href":"https:\/\/alice.ch\/fr\/wp-json\/wp\/v2\/media\/20799"}],"wp:attachment":[{"href":"https:\/\/alice.ch\/fr\/wp-json\/wp\/v2\/media?parent=11412"}],"curies":[{"name":"wp","href":"https:\/\/api.w.org\/{rel}","templated":true}]}}