{"id":11414,"date":"2022-09-08T12:24:42","date_gmt":"2022-09-08T10:24:42","guid":{"rendered":"https:\/\/projects.atxeit.ch\/sveb\/strategie\/taetigkeitsprogramm\/"},"modified":"2023-12-05T15:05:32","modified_gmt":"2023-12-05T14:05:32","slug":"programme-dactivites","status":"publish","type":"page","link":"https:\/\/alice.ch\/fr\/fsea-fr\/strategie\/programme-dactivites\/","title":{"rendered":"Programme d&rsquo;activit\u00e9s"},"content":{"rendered":"\n<h1 class=\"wp-block-heading\">Un engagement multiple<\/h1>\n\n\n\n<div class=\"wp-block-group is-style-reduced-width is-layout-flow wp-block-group-is-layout-flow\">\n<p class=\"is-style-lead\">Nous nous engageons en faveur d\u2019un syst\u00e8me de formation continue performant et porteur d\u2019avenir. En tant que communaut\u00e9 d\u2019int\u00e9r\u00eats, nous d\u00e9fendons les int\u00e9r\u00eats communs de nos membres. Avec notre travail de projet national et international, nous favorisons le professionnalisme et la qualit\u00e9 des offres.<\/p>\n\n\n\n<h2 class=\"wp-block-heading\">Activit\u00e9s<\/h2>\n\n\n\n<ol class=\"wp-block-list\">\n<li><strong>Politique de la formation<\/strong><br>Les activit\u00e9s qui tendent \u00e0 am\u00e9liorer les conditions cadre de la formation continue sont recens\u00e9es ici. En tant qu\u2019organisation du monde du travail (OrTra), la FSEA s\u2019implique fortement dans le d\u00e9veloppement politique de la formation continue et prend position sur les questions d\u2019actualit\u00e9.<br><\/li>\n\n\n\n<li><strong>D\u00e9veloppement de la professionnalisation et la qualit\u00e9 de la formation continue<\/strong><br>La formation des formateurs (syst\u00e8me modulaire FFA) est le pilier dans le domaine de la professionnalisation. Le label eduQua fait partie de l\u2019assurance qualit\u00e9, ainsi que diff\u00e9rents projets.<br><\/li>\n\n\n\n<li><strong>Sensibilisation pour la formation continue et \u00e0 l\u2019apprentissage tout au long de la vie<\/strong><br>La F\u00e9d\u00e9ration s\u2019implique dans de nombreux projets nationaux et internationaux relatifs \u00e0 ce th\u00e8me.<br><\/li>\n\n\n\n<li><strong>Mise en r\u00e9seau de tous les acteurs de la formation continue<\/strong><br>La FSEA organise des rencontres pour ses membres, d\u00e9veloppe ses propres r\u00e9seaux nationaux et internationaux, et r\u00e9unit les partenaires de la formation, de la politique et de l\u2019\u00e9conomie.<br><\/li>\n\n\n\n<li><strong>D\u00e9veloppement de l\u2019\u00e9galit\u00e9 des chances dans la formation continue<\/strong><br>La FSEA se mobilise pour le d\u00e9veloppement des comp\u00e9tences de base des adultes. Elle d\u00e9veloppe les bases et perspectives pour les domaines li\u00e9s au march\u00e9 de l\u2019emploi, 50plus, int\u00e9gration et formation continue dans les PME.<br><\/li>\n\n\n\n<li><strong>Communication<\/strong><br>Par la pr\u00e9sence dans les m\u00e9dias et les informations diffus\u00e9es dans nos propres publications, la perception de la formation continue est renforc\u00e9e. En outre, la FSEA est \u00e9galement pr\u00e9sente, gr\u00e2ce \u00e0 ses manifestations, dans le paysage suisse de la formation continue.<br><\/li>\n\n\n\n<li><strong>Marketing et services<\/strong><br>Ce service s\u2019occupe des diverses prestations pour ses membres, de l\u2019administration de la FSEA ainsi que du marketing et de la distribution des diff\u00e9rents produits FSEA.<\/li>\n<\/ol>\n\n\n\n<h2 class=\"wp-block-heading\">Contact<\/h2>\n\n\n\n<div class=\"wp-block-columns is-layout-flex wp-container-core-columns-is-layout-28f84493 wp-block-columns-is-layout-flex\">\n<div class=\"wp-block-column is-layout-flow wp-block-column-is-layout-flow\" style=\"flex-basis:50%\"><div class=\"contact-persons\">\n\n\t\t\t\t\t<div class=\"contact-person\">\n\t\t\t\t\tFSEA F\u00e9d\u00e9ration suisse pour la formation continue<br \/>\t\t\t\t\t\t\t\t\t\t<br \/>\n\t\t\t\t\tSecr\u00e9tariat romand<br \/>\r\nRue de Gen\u00e8ve 88b<br \/>\r\n1004 Lausanne<br \/>\t\t\t\t\t<a href=\"tel:+41 (0)22 994 20 10\">+41 (0)22 994 20 10<\/a><br \/>\t\t\t\t\t<a href=\"mailto:fsea@alice.ch\">fsea@alice.ch<\/a><br \/>\t\t\t\t\t<\/div>\n\t\t\t\t\t<\/div>\n<\/div>\n\n\n\n<div class=\"wp-block-column is-layout-flow wp-block-column-is-layout-flow\" style=\"flex-basis:50%\"><\/div>\n<\/div>\n<\/div>\n","protected":false},"excerpt":{"rendered":"<p>Un engagement multiple Nous nous engageons en faveur d\u2019un syst\u00e8me de formation continue performant et porteur d\u2019avenir. En tant que [&hellip;]<\/p>\n","protected":false},"author":4,"featured_media":20799,"parent":11409,"menu_order":505,"comment_status":"closed","ping_status":"closed","template":"","meta":{"_acf_changed":false,"inline_featured_image":false,"footnotes":""},"class_list":["post-11414","page","type-page","status-publish","has-post-thumbnail","hentry"],"acf":[],"yoast_head":"<!-- This site is optimized with the Yoast SEO plugin v27.3 - https:\/\/yoast.com\/product\/yoast-seo-wordpress\/ -->\n<title>Programme d&#039;activit\u00e9s - FSEA<\/title>\n<meta name=\"description\" content=\"La FSEA promeut le professionnalisme et la qualit\u00e9 des offres dans le domaine de la formation continue en Suisse.\" \/>\n<meta name=\"robots\" content=\"index, follow, max-snippet:-1, max-image-preview:large, max-video-preview:-1\" \/>\n<link rel=\"canonical\" href=\"https:\/\/alice.ch\/fr\/fsea-fr\/strategie\/programme-dactivites\/\" \/>\n<meta property=\"og:locale\" content=\"fr_FR\" \/>\n<meta property=\"og:type\" content=\"article\" \/>\n<meta property=\"og:title\" content=\"Programme d&#039;activit\u00e9s - FSEA\" \/>\n<meta property=\"og:description\" content=\"La FSEA promeut le professionnalisme et la qualit\u00e9 des offres dans le domaine de la formation continue en Suisse.\" \/>\n<meta property=\"og:url\" content=\"https:\/\/alice.ch\/fr\/fsea-fr\/strategie\/programme-dactivites\/\" \/>\n<meta property=\"og:site_name\" content=\"SVEB\" \/>\n<meta property=\"article:modified_time\" content=\"2023-12-05T14:05:32+00:00\" \/>\n<meta name=\"twitter:card\" content=\"summary_large_image\" \/>\n<meta name=\"twitter:label1\" content=\"Dur\u00e9e de lecture estim\u00e9e\" \/>\n\t<meta name=\"twitter:data1\" content=\"2 minutes\" \/>\n<script type=\"application\/ld+json\" class=\"yoast-schema-graph\">{\"@context\":\"https:\\\/\\\/schema.org\",\"@graph\":[{\"@type\":\"WebPage\",\"@id\":\"https:\\\/\\\/alice.ch\\\/fr\\\/fsea-fr\\\/strategie\\\/programme-dactivites\\\/\",\"url\":\"https:\\\/\\\/alice.ch\\\/fr\\\/fsea-fr\\\/strategie\\\/programme-dactivites\\\/\",\"name\":\"Programme d'activit\u00e9s - FSEA\",\"isPartOf\":{\"@id\":\"https:\\\/\\\/alice.ch\\\/fr\\\/#website\"},\"primaryImageOfPage\":{\"@id\":\"https:\\\/\\\/alice.ch\\\/fr\\\/fsea-fr\\\/strategie\\\/programme-dactivites\\\/#primaryimage\"},\"image\":{\"@id\":\"https:\\\/\\\/alice.ch\\\/fr\\\/fsea-fr\\\/strategie\\\/programme-dactivites\\\/#primaryimage\"},\"thumbnailUrl\":\"https:\\\/\\\/alice.ch\\\/app\\\/uploads\\\/2022\\\/11\\\/default.jpg\",\"datePublished\":\"2022-09-08T10:24:42+00:00\",\"dateModified\":\"2023-12-05T14:05:32+00:00\",\"description\":\"La FSEA promeut le professionnalisme et la qualit\u00e9 des offres dans le domaine de la formation continue en Suisse.\",\"breadcrumb\":{\"@id\":\"https:\\\/\\\/alice.ch\\\/fr\\\/fsea-fr\\\/strategie\\\/programme-dactivites\\\/#breadcrumb\"},\"inLanguage\":\"fr-FR\",\"potentialAction\":[{\"@type\":\"ReadAction\",\"target\":[\"https:\\\/\\\/alice.ch\\\/fr\\\/fsea-fr\\\/strategie\\\/programme-dactivites\\\/\"]}]},{\"@type\":\"ImageObject\",\"inLanguage\":\"fr-FR\",\"@id\":\"https:\\\/\\\/alice.ch\\\/fr\\\/fsea-fr\\\/strategie\\\/programme-dactivites\\\/#primaryimage\",\"url\":\"https:\\\/\\\/alice.ch\\\/app\\\/uploads\\\/2022\\\/11\\\/default.jpg\",\"contentUrl\":\"https:\\\/\\\/alice.ch\\\/app\\\/uploads\\\/2022\\\/11\\\/default.jpg\",\"width\":1600,\"height\":900},{\"@type\":\"BreadcrumbList\",\"@id\":\"https:\\\/\\\/alice.ch\\\/fr\\\/fsea-fr\\\/strategie\\\/programme-dactivites\\\/#breadcrumb\",\"itemListElement\":[{\"@type\":\"ListItem\",\"position\":1,\"name\":\"Page d'accueil\",\"item\":\"https:\\\/\\\/alice.ch\\\/fr\\\/\"},{\"@type\":\"ListItem\",\"position\":2,\"name\":\"FSEA\",\"item\":\"https:\\\/\\\/alice.ch\\\/fr\\\/fsea-fr\\\/\"},{\"@type\":\"ListItem\",\"position\":3,\"name\":\"Strat\u00e9gie\",\"item\":\"https:\\\/\\\/alice.ch\\\/fr\\\/fsea-fr\\\/strategie\\\/\"},{\"@type\":\"ListItem\",\"position\":4,\"name\":\"Programme d&#8217;activit\u00e9s\"}]},{\"@type\":\"WebSite\",\"@id\":\"https:\\\/\\\/alice.ch\\\/fr\\\/#website\",\"url\":\"https:\\\/\\\/alice.ch\\\/fr\\\/\",\"name\":\"alice.ch (Adult Learning Information Center) ist das Portal der Weiterbildung in der Schweiz.\",\"description\":\"Schweizerischer Verband f\u00fcr Weiterbildung\",\"publisher\":{\"@id\":\"https:\\\/\\\/alice.ch\\\/fr\\\/#organization\"},\"potentialAction\":[{\"@type\":\"SearchAction\",\"target\":{\"@type\":\"EntryPoint\",\"urlTemplate\":\"https:\\\/\\\/alice.ch\\\/fr\\\/?s={search_term_string}\"},\"query-input\":{\"@type\":\"PropertyValueSpecification\",\"valueRequired\":true,\"valueName\":\"search_term_string\"}}],\"inLanguage\":\"fr-FR\"},{\"@type\":\"Organization\",\"@id\":\"https:\\\/\\\/alice.ch\\\/fr\\\/#organization\",\"name\":\"FSEA F\u00e9d\u00e9ration suisse pour la formation continue\",\"url\":\"https:\\\/\\\/alice.ch\\\/fr\\\/\",\"logo\":{\"@type\":\"ImageObject\",\"inLanguage\":\"fr-FR\",\"@id\":\"https:\\\/\\\/alice.ch\\\/fr\\\/#\\\/schema\\\/logo\\\/image\\\/\",\"url\":\"https:\\\/\\\/alice.ch\\\/app\\\/uploads\\\/2022\\\/07\\\/logo-sveb.png\",\"contentUrl\":\"https:\\\/\\\/alice.ch\\\/app\\\/uploads\\\/2022\\\/07\\\/logo-sveb.png\",\"width\":145,\"height\":64,\"caption\":\"FSEA F\u00e9d\u00e9ration suisse pour la formation continue\"},\"image\":{\"@id\":\"https:\\\/\\\/alice.ch\\\/fr\\\/#\\\/schema\\\/logo\\\/image\\\/\"},\"sameAs\":[\"https:\\\/\\\/www.linkedin.com\\\/company\\\/schweizerischer-verband-fr-weiterbildung-sveb\\\/\"]}]}<\/script>\n<!-- \/ Yoast SEO plugin. -->","yoast_head_json":{"title":"Programme d'activit\u00e9s - FSEA","description":"La FSEA promeut le professionnalisme et la qualit\u00e9 des offres dans le domaine de la formation continue en Suisse.","robots":{"index":"index","follow":"follow","max-snippet":"max-snippet:-1","max-image-preview":"max-image-preview:large","max-video-preview":"max-video-preview:-1"},"canonical":"https:\/\/alice.ch\/fr\/fsea-fr\/strategie\/programme-dactivites\/","og_locale":"fr_FR","og_type":"article","og_title":"Programme d'activit\u00e9s - FSEA","og_description":"La FSEA promeut le professionnalisme et la qualit\u00e9 des offres dans le domaine de la formation continue en Suisse.","og_url":"https:\/\/alice.ch\/fr\/fsea-fr\/strategie\/programme-dactivites\/","og_site_name":"SVEB","article_modified_time":"2023-12-05T14:05:32+00:00","twitter_card":"summary_large_image","twitter_misc":{"Dur\u00e9e de lecture estim\u00e9e":"2 minutes"},"schema":{"@context":"https:\/\/schema.org","@graph":[{"@type":"WebPage","@id":"https:\/\/alice.ch\/fr\/fsea-fr\/strategie\/programme-dactivites\/","url":"https:\/\/alice.ch\/fr\/fsea-fr\/strategie\/programme-dactivites\/","name":"Programme d'activit\u00e9s - FSEA","isPartOf":{"@id":"https:\/\/alice.ch\/fr\/#website"},"primaryImageOfPage":{"@id":"https:\/\/alice.ch\/fr\/fsea-fr\/strategie\/programme-dactivites\/#primaryimage"},"image":{"@id":"https:\/\/alice.ch\/fr\/fsea-fr\/strategie\/programme-dactivites\/#primaryimage"},"thumbnailUrl":"https:\/\/alice.ch\/app\/uploads\/2022\/11\/default.jpg","datePublished":"2022-09-08T10:24:42+00:00","dateModified":"2023-12-05T14:05:32+00:00","description":"La FSEA promeut le professionnalisme et la qualit\u00e9 des offres dans le domaine de la formation continue en Suisse.","breadcrumb":{"@id":"https:\/\/alice.ch\/fr\/fsea-fr\/strategie\/programme-dactivites\/#breadcrumb"},"inLanguage":"fr-FR","potentialAction":[{"@type":"ReadAction","target":["https:\/\/alice.ch\/fr\/fsea-fr\/strategie\/programme-dactivites\/"]}]},{"@type":"ImageObject","inLanguage":"fr-FR","@id":"https:\/\/alice.ch\/fr\/fsea-fr\/strategie\/programme-dactivites\/#primaryimage","url":"https:\/\/alice.ch\/app\/uploads\/2022\/11\/default.jpg","contentUrl":"https:\/\/alice.ch\/app\/uploads\/2022\/11\/default.jpg","width":1600,"height":900},{"@type":"BreadcrumbList","@id":"https:\/\/alice.ch\/fr\/fsea-fr\/strategie\/programme-dactivites\/#breadcrumb","itemListElement":[{"@type":"ListItem","position":1,"name":"Page d'accueil","item":"https:\/\/alice.ch\/fr\/"},{"@type":"ListItem","position":2,"name":"FSEA","item":"https:\/\/alice.ch\/fr\/fsea-fr\/"},{"@type":"ListItem","position":3,"name":"Strat\u00e9gie","item":"https:\/\/alice.ch\/fr\/fsea-fr\/strategie\/"},{"@type":"ListItem","position":4,"name":"Programme d&#8217;activit\u00e9s"}]},{"@type":"WebSite","@id":"https:\/\/alice.ch\/fr\/#website","url":"https:\/\/alice.ch\/fr\/","name":"alice.ch (Adult Learning Information Center) ist das Portal der Weiterbildung in der Schweiz.","description":"Schweizerischer Verband f\u00fcr Weiterbildung","publisher":{"@id":"https:\/\/alice.ch\/fr\/#organization"},"potentialAction":[{"@type":"SearchAction","target":{"@type":"EntryPoint","urlTemplate":"https:\/\/alice.ch\/fr\/?s={search_term_string}"},"query-input":{"@type":"PropertyValueSpecification","valueRequired":true,"valueName":"search_term_string"}}],"inLanguage":"fr-FR"},{"@type":"Organization","@id":"https:\/\/alice.ch\/fr\/#organization","name":"FSEA F\u00e9d\u00e9ration suisse pour la formation continue","url":"https:\/\/alice.ch\/fr\/","logo":{"@type":"ImageObject","inLanguage":"fr-FR","@id":"https:\/\/alice.ch\/fr\/#\/schema\/logo\/image\/","url":"https:\/\/alice.ch\/app\/uploads\/2022\/07\/logo-sveb.png","contentUrl":"https:\/\/alice.ch\/app\/uploads\/2022\/07\/logo-sveb.png","width":145,"height":64,"caption":"FSEA F\u00e9d\u00e9ration suisse pour la formation continue"},"image":{"@id":"https:\/\/alice.ch\/fr\/#\/schema\/logo\/image\/"},"sameAs":["https:\/\/www.linkedin.com\/company\/schweizerischer-verband-fr-weiterbildung-sveb\/"]}]}},"_links":{"self":[{"href":"https:\/\/alice.ch\/fr\/wp-json\/wp\/v2\/pages\/11414","targetHints":{"allow":["GET"]}}],"collection":[{"href":"https:\/\/alice.ch\/fr\/wp-json\/wp\/v2\/pages"}],"about":[{"href":"https:\/\/alice.ch\/fr\/wp-json\/wp\/v2\/types\/page"}],"author":[{"embeddable":true,"href":"https:\/\/alice.ch\/fr\/wp-json\/wp\/v2\/users\/4"}],"replies":[{"embeddable":true,"href":"https:\/\/alice.ch\/fr\/wp-json\/wp\/v2\/comments?post=11414"}],"version-history":[{"count":12,"href":"https:\/\/alice.ch\/fr\/wp-json\/wp\/v2\/pages\/11414\/revisions"}],"predecessor-version":[{"id":50545,"href":"https:\/\/alice.ch\/fr\/wp-json\/wp\/v2\/pages\/11414\/revisions\/50545"}],"up":[{"embeddable":true,"href":"https:\/\/alice.ch\/fr\/wp-json\/wp\/v2\/pages\/11409"}],"wp:featuredmedia":[{"embeddable":true,"href":"https:\/\/alice.ch\/fr\/wp-json\/wp\/v2\/media\/20799"}],"wp:attachment":[{"href":"https:\/\/alice.ch\/fr\/wp-json\/wp\/v2\/media?parent=11414"}],"curies":[{"name":"wp","href":"https:\/\/api.w.org\/{rel}","templated":true}]}}