{"id":11420,"date":"2022-08-16T16:28:25","date_gmt":"2022-08-16T14:28:25","guid":{"rendered":"https:\/\/projects.atxeit.ch\/sveb\/weiterbildungspolitik\/weiterbildungsgesetz\/"},"modified":"2024-04-17T18:04:54","modified_gmt":"2024-04-17T16:04:54","slug":"loi-sur-la-formation-continue","status":"publish","type":"page","link":"https:\/\/alice.ch\/fr\/fsea-fr\/politique-de-la-formation\/loi-sur-la-formation-continue\/","title":{"rendered":"Loi sur la formation continue"},"content":{"rendered":"\n<div class=\"wp-block-group is-style-reduced-width is-layout-flow wp-block-group-is-layout-flow\">\n<h1 class=\"wp-block-heading\">La LFCo pose de nouvelles conditions cadre pour la formation continue<\/h1>\n\n\n\n<p class=\"is-style-lead\">La Suisse compte parmi les rares pays d\u2019Europe disposant d\u2019une loi nationale sur la formation continue: Avec la loi sur la formation continue (LFCo), la Suisse dispose pour la premi\u00e8re fois, \u00e0 partir du 1er janvier 2017, d\u2019une loi nationale sur la formation continue.<\/p>\n\n\n\n<p>La LFCo constitue la principale base l\u00e9gislative pour la formation continue en Suisse. De nouvelles conditions cadre s\u2019appliquent ainsi d\u00e9sormais au pilotage et \u00e0 l\u2019encouragement de la formation continue par la Conf\u00e9d\u00e9ration et les cantons.<\/p>\n\n\n\n<h2 class=\"wp-block-heading\">Mise en \u0153uvre par le biais de lois sp\u00e9ciales<\/h2>\n\n\n\n<p>La LFCo est une loi cadre. Elle fixe des lignes directrices g\u00e9n\u00e9rales, mais ne r\u00e8gle pas les d\u00e9tails. La loi cadre nationale est mise en \u0153uvre par le biais de lois sp\u00e9ciales, dont la principale est la loi sur la formation professionnelle LFPr. Comme autres lois sp\u00e9ciales d\u2019importance centrale, on peut citer, parmi bien d\u2019autres, la loi sur l\u2019assurance-ch\u00f4mage LACI et la loi f\u00e9d\u00e9rale sur les \u00e9trangers LEtr.<\/p>\n\n\n\n<h2 class=\"wp-block-heading\">Deux activit\u00e9s d\u2019encouragement<\/h2>\n\n\n\n<p>La LFCo englobe deux activit\u00e9s d\u2019encouragement. La premi\u00e8re concerne les aides financi\u00e8res en faveur d\u2019organisations actives dans le domaine de la formation continue (art. 12). La Conf\u00e9d\u00e9ration pose ici comme conditions que l\u2019organisation soit active \u00e0 l\u2019\u00e9chelle de la Suisse et poursuive un but non lucratif. La deuxi\u00e8me activit\u00e9 de soutien financier porte sur les comp\u00e9tences de base des adultes. Dans ce domaine, la Conf\u00e9d\u00e9ration met des fonds \u00e0 la disposition des cantons selon le principe de subsidiarit\u00e9.<\/p>\n\n\n\n<h2 class=\"wp-block-heading\">Les cinq principes de la loi sur la formation continue<\/h2>\n\n\n\n<p>La loi f\u00e9d\u00e9rale sur la formation continue r\u00e8glemente l\u2019ensemble du secteur de la formation continue non formelle. Elle se fonde sur cinq principes:<\/p>\n\n\n\n<ol class=\"wp-block-list\">\n<li><strong>Responsabilit\u00e9 :<\/strong>&nbsp;la loi pr\u00e9cise que \u00ab la formation continue rel\u00e8ve de la responsabilit\u00e9 individuelle \u00bb. L\u2019employeur et la Conf\u00e9d\u00e9ration prennent cependant aussi une part de responsabilit\u00e9 en soutenant et en \u00abencourageant\u00bb la formation continue.<\/li>\n\n\n\n<li><strong>Qualit\u00e9 :&nbsp;<\/strong>comme jusqu\u2019ici, la responsabilit\u00e9 d\u2019assurer la qualit\u00e9 de la formation continue revient aux prestataires. Mais la LFCo doit promouvoir davantage de transparence et, lorsque la formation continue b\u00e9n\u00e9fice de financements publics, garantir le d\u00e9veloppement de la qualit\u00e9 dans quatre domaines : information sur les offres, qualification des formateurs, programmes d\u2019apprentissage et proc\u00e9dures de qualification.<\/li>\n\n\n\n<li><strong>Prise en compte des acquis de la formation continue :<\/strong>&nbsp;la LFCo demande \u00e0 la Conf\u00e9d\u00e9ration et aux cantons d\u2019assurer la transparence en mati\u00e8re de prise en compte des acquis. Ainsi, les possibilit\u00e9s d\u2019acc\u00e9der \u00e0 des dipl\u00f4mes formels en tenant compte de la formation continue et des formations informelles devraient s\u2019am\u00e9liorer.<\/li>\n\n\n\n<li><strong>\u00c9galit\u00e9 des chances :<\/strong>&nbsp;la loi veut am\u00e9liorer l\u2019\u00e9galit\u00e9 des chances dans les formations continues b\u00e9n\u00e9ficiant de financements publics. Outre l\u2019\u00e9galit\u00e9 entre les genres, la loi mentionne les personnes avec un handicap, les \u00e9trangers ainsi que les personnes souhaitant se r\u00e9ins\u00e9rer dans la vie professionnelle.<\/li>\n\n\n\n<li><strong>Concurrence :<\/strong>&nbsp;la LFCo garantit que les offres de formation continue subventionn\u00e9es ne faussent pas la concurrence.<\/li>\n<\/ol>\n\n\n\n<h2 class=\"wp-block-heading\">Financement<\/h2>\n\n\n\n<p>La LFCo est financ\u00e9e par le message relatif \u00e0 l&rsquo;encouragement de la formation, de la recherche et de l&rsquo;innovation (message FRI). Pour la p\u00e9riode actuelle 2021\u20132024, le Parlement a allou\u00e9 69 millions de francs \u00e0 la formation continue.<\/p>\n\n\n\n<p>Les cantons re\u00e7oivent 43 millions de francs pour mettre en \u0153uvre leur mandat de promotion des comp\u00e9tences de base des adultes. Les moyens suppl\u00e9mentaires doivent permettre de combler les lacunes de l&rsquo;offre et de mettre en \u0153uvre des mesures de sensibilisation pour augmenter la participation aux cours dans ce domaine.<\/p>\n\n\n\n<p>Les&nbsp;<a href=\"https:\/\/www.sbfi.admin.ch\/sbfi\/fr\/home\/formation\/f-c\/organisations-formation-continue.html\" target=\"_blank\" rel=\"noreferrer noopener\">organisations de la formation continue<\/a>, dont la FSEA, disposent d&rsquo;un total de 16 millions de francs pour des prestations dans les domaines de la coordination et de l&rsquo;information, de la qualit\u00e9 et du d\u00e9veloppement du syst\u00e8me de formation continue \u2013 6 millions de plus que lors de la derni\u00e8re p\u00e9riode FRI. Sur la base de la loi sur la formation continue, les organisations de la formation continue ont pour mission de d\u00e9velopper le domaine de la formation continue en fournissant des prestations au niveau du syst\u00e8me. La formation continue doit devenir plus accessible, plus innovante, plus transparente et mieux coordonn\u00e9e.<\/p>\n\n\n\n<h2 class=\"wp-block-heading\">Documents<\/h2>\n\n\n\n<div class=\"wp-block-columns is-layout-flex wp-container-core-columns-is-layout-28f84493 wp-block-columns-is-layout-flex\">\n<div class=\"wp-block-column is-layout-flow wp-block-column-is-layout-flow\" style=\"flex-basis:50%\">\n<div class=\"wp-block-file\"><a id=\"wp-block-file--media-9a92bf5a-cf6f-4e1a-a9be-634b6b4082d8\" href=\"https:\/\/alice.ch\/app\/uploads\/2022\/11\/OFCO_ordonnance_F.pdf\" target=\"_blank\" rel=\"noreferrer noopener\">Ordonnance sur la LFCo<br \/>PDF &#8211; 327 kb<\/a><\/div>\n\n\n\n<div class=\"wp-block-buttons is-layout-flex wp-block-buttons-is-layout-flex\">\n<div class=\"wp-block-button has-custom-width wp-block-button__width-100 is-style-outline is-style-outline--1\"><a class=\"wp-block-button__link wp-element-button\" href=\"https:\/\/www.fedlex.admin.ch\/eli\/cc\/2016\/132\/fr\" target=\"_blank\" rel=\"noreferrer noopener\">Loi sur la formation continue LFCo<\/a><\/div>\n<\/div>\n\n\n\n<div class=\"wp-block-buttons is-layout-flex wp-block-buttons-is-layout-flex\">\n<div class=\"wp-block-button has-custom-width wp-block-button__width-100 is-style-outline is-style-outline--2\"><a class=\"wp-block-button__link wp-element-button\" href=\"https:\/\/www.sbfi.admin.ch\/sbfi\/de\/home\/dienstleistungen\/publikationen\/publikationsdatenbank\/umsetzung-wbg.html\" target=\"_blank\" rel=\"noreferrer noopener\">Documentation SEFRI sur la LFCo (allemand)<\/a><\/div>\n<\/div>\n<\/div>\n\n\n\n<div class=\"wp-block-column is-layout-flow wp-block-column-is-layout-flow\" style=\"flex-basis:50%\"><\/div>\n<\/div>\n\n\n\n<h2 class=\"wp-block-heading\">Contact<\/h2>\n\n\n\n<div class=\"wp-block-columns is-layout-flex wp-container-core-columns-is-layout-28f84493 wp-block-columns-is-layout-flex\">\n<div class=\"wp-block-column is-layout-flow wp-block-column-is-layout-flow\" style=\"flex-basis:50%\"><div class=\"contact-persons\">\n\n\t\t\t\t\t<div class=\"contact-person\">\n\t\t\t\t\tBernhard Gr\u00e4miger<br \/>\t\t\t\t\tDirecteur<br \/>\t\t\t\t\t<br \/>\n\t\t\t\t\t\t\t\t\t\t<a href=\"tel:+41 (0)44 319 71 61\">+41 (0)44 319 71 61<\/a><br \/>\t\t\t\t\t<a href=\"mailto:bernhard.graemiger@alice.ch\">bernhard.graemiger@alice.ch<\/a><br \/>\t\t\t\t\t<\/div>\n\t\t\t\t\t<\/div>\n<\/div>\n\n\n\n<div class=\"wp-block-column is-layout-flow wp-block-column-is-layout-flow\" style=\"flex-basis:50%\"><\/div>\n<\/div>\n<\/div>\n","protected":false},"excerpt":{"rendered":"<p>La LFCo pose de nouvelles conditions cadre pour la formation continue La Suisse compte parmi les rares pays d\u2019Europe disposant [&hellip;]<\/p>\n","protected":false},"author":4,"featured_media":20799,"parent":31927,"menu_order":611,"comment_status":"closed","ping_status":"closed","template":"","meta":{"_acf_changed":false,"inline_featured_image":false,"footnotes":""},"class_list":["post-11420","page","type-page","status-publish","has-post-thumbnail","hentry"],"acf":[],"yoast_head":"<!-- This site is optimized with the Yoast SEO plugin v27.3 - https:\/\/yoast.com\/product\/yoast-seo-wordpress\/ -->\n<title>Loi sur la formation continue - FSEA<\/title>\n<meta name=\"description\" content=\"La loi f\u00e9d\u00e9rale sur la formation continue (LFCo) est la principale base l\u00e9gale de la formation continue en Suisse.\" \/>\n<meta name=\"robots\" content=\"index, follow, max-snippet:-1, max-image-preview:large, max-video-preview:-1\" \/>\n<link rel=\"canonical\" href=\"https:\/\/alice.ch\/fr\/fsea-fr\/politique-de-la-formation\/loi-sur-la-formation-continue\/\" \/>\n<meta property=\"og:locale\" content=\"fr_FR\" \/>\n<meta property=\"og:type\" content=\"article\" \/>\n<meta property=\"og:title\" content=\"Loi sur la formation continue - FSEA\" \/>\n<meta property=\"og:description\" content=\"La loi f\u00e9d\u00e9rale sur la formation continue (LFCo) est la principale base l\u00e9gale de la formation continue en Suisse.\" \/>\n<meta property=\"og:url\" content=\"https:\/\/alice.ch\/fr\/fsea-fr\/politique-de-la-formation\/loi-sur-la-formation-continue\/\" \/>\n<meta property=\"og:site_name\" content=\"SVEB\" \/>\n<meta property=\"article:modified_time\" content=\"2024-04-17T16:04:54+00:00\" \/>\n<meta name=\"twitter:card\" content=\"summary_large_image\" \/>\n<meta name=\"twitter:label1\" content=\"Dur\u00e9e de lecture estim\u00e9e\" \/>\n\t<meta name=\"twitter:data1\" content=\"4 minutes\" \/>\n<script type=\"application\/ld+json\" class=\"yoast-schema-graph\">{\"@context\":\"https:\\\/\\\/schema.org\",\"@graph\":[{\"@type\":\"WebPage\",\"@id\":\"https:\\\/\\\/alice.ch\\\/fr\\\/fsea-fr\\\/politique-de-la-formation\\\/loi-sur-la-formation-continue\\\/\",\"url\":\"https:\\\/\\\/alice.ch\\\/fr\\\/fsea-fr\\\/politique-de-la-formation\\\/loi-sur-la-formation-continue\\\/\",\"name\":\"Loi sur la formation continue - FSEA\",\"isPartOf\":{\"@id\":\"https:\\\/\\\/alice.ch\\\/fr\\\/#website\"},\"primaryImageOfPage\":{\"@id\":\"https:\\\/\\\/alice.ch\\\/fr\\\/fsea-fr\\\/politique-de-la-formation\\\/loi-sur-la-formation-continue\\\/#primaryimage\"},\"image\":{\"@id\":\"https:\\\/\\\/alice.ch\\\/fr\\\/fsea-fr\\\/politique-de-la-formation\\\/loi-sur-la-formation-continue\\\/#primaryimage\"},\"thumbnailUrl\":\"https:\\\/\\\/alice.ch\\\/app\\\/uploads\\\/2022\\\/11\\\/default.jpg\",\"datePublished\":\"2022-08-16T14:28:25+00:00\",\"dateModified\":\"2024-04-17T16:04:54+00:00\",\"description\":\"La loi f\u00e9d\u00e9rale sur la formation continue (LFCo) est la principale base l\u00e9gale de la formation continue en Suisse.\",\"breadcrumb\":{\"@id\":\"https:\\\/\\\/alice.ch\\\/fr\\\/fsea-fr\\\/politique-de-la-formation\\\/loi-sur-la-formation-continue\\\/#breadcrumb\"},\"inLanguage\":\"fr-FR\",\"potentialAction\":[{\"@type\":\"ReadAction\",\"target\":[\"https:\\\/\\\/alice.ch\\\/fr\\\/fsea-fr\\\/politique-de-la-formation\\\/loi-sur-la-formation-continue\\\/\"]}]},{\"@type\":\"ImageObject\",\"inLanguage\":\"fr-FR\",\"@id\":\"https:\\\/\\\/alice.ch\\\/fr\\\/fsea-fr\\\/politique-de-la-formation\\\/loi-sur-la-formation-continue\\\/#primaryimage\",\"url\":\"https:\\\/\\\/alice.ch\\\/app\\\/uploads\\\/2022\\\/11\\\/default.jpg\",\"contentUrl\":\"https:\\\/\\\/alice.ch\\\/app\\\/uploads\\\/2022\\\/11\\\/default.jpg\",\"width\":1600,\"height\":900},{\"@type\":\"BreadcrumbList\",\"@id\":\"https:\\\/\\\/alice.ch\\\/fr\\\/fsea-fr\\\/politique-de-la-formation\\\/loi-sur-la-formation-continue\\\/#breadcrumb\",\"itemListElement\":[{\"@type\":\"ListItem\",\"position\":1,\"name\":\"Page d'accueil\",\"item\":\"https:\\\/\\\/alice.ch\\\/fr\\\/\"},{\"@type\":\"ListItem\",\"position\":2,\"name\":\"FSEA\",\"item\":\"https:\\\/\\\/alice.ch\\\/fr\\\/fsea-fr\\\/\"},{\"@type\":\"ListItem\",\"position\":3,\"name\":\"Politique de la formation\",\"item\":\"https:\\\/\\\/alice.ch\\\/fr\\\/fsea-fr\\\/politique-de-la-formation\\\/\"},{\"@type\":\"ListItem\",\"position\":4,\"name\":\"Loi sur la formation continue\"}]},{\"@type\":\"WebSite\",\"@id\":\"https:\\\/\\\/alice.ch\\\/fr\\\/#website\",\"url\":\"https:\\\/\\\/alice.ch\\\/fr\\\/\",\"name\":\"alice.ch (Adult Learning Information Center) ist das Portal der Weiterbildung in der Schweiz.\",\"description\":\"Schweizerischer Verband f\u00fcr Weiterbildung\",\"publisher\":{\"@id\":\"https:\\\/\\\/alice.ch\\\/fr\\\/#organization\"},\"potentialAction\":[{\"@type\":\"SearchAction\",\"target\":{\"@type\":\"EntryPoint\",\"urlTemplate\":\"https:\\\/\\\/alice.ch\\\/fr\\\/?s={search_term_string}\"},\"query-input\":{\"@type\":\"PropertyValueSpecification\",\"valueRequired\":true,\"valueName\":\"search_term_string\"}}],\"inLanguage\":\"fr-FR\"},{\"@type\":\"Organization\",\"@id\":\"https:\\\/\\\/alice.ch\\\/fr\\\/#organization\",\"name\":\"FSEA F\u00e9d\u00e9ration suisse pour la formation continue\",\"url\":\"https:\\\/\\\/alice.ch\\\/fr\\\/\",\"logo\":{\"@type\":\"ImageObject\",\"inLanguage\":\"fr-FR\",\"@id\":\"https:\\\/\\\/alice.ch\\\/fr\\\/#\\\/schema\\\/logo\\\/image\\\/\",\"url\":\"https:\\\/\\\/alice.ch\\\/app\\\/uploads\\\/2022\\\/07\\\/logo-sveb.png\",\"contentUrl\":\"https:\\\/\\\/alice.ch\\\/app\\\/uploads\\\/2022\\\/07\\\/logo-sveb.png\",\"width\":145,\"height\":64,\"caption\":\"FSEA F\u00e9d\u00e9ration suisse pour la formation continue\"},\"image\":{\"@id\":\"https:\\\/\\\/alice.ch\\\/fr\\\/#\\\/schema\\\/logo\\\/image\\\/\"},\"sameAs\":[\"https:\\\/\\\/www.linkedin.com\\\/company\\\/schweizerischer-verband-fr-weiterbildung-sveb\\\/\"]}]}<\/script>\n<!-- \/ Yoast SEO plugin. -->","yoast_head_json":{"title":"Loi sur la formation continue - FSEA","description":"La loi f\u00e9d\u00e9rale sur la formation continue (LFCo) est la principale base l\u00e9gale de la formation continue en Suisse.","robots":{"index":"index","follow":"follow","max-snippet":"max-snippet:-1","max-image-preview":"max-image-preview:large","max-video-preview":"max-video-preview:-1"},"canonical":"https:\/\/alice.ch\/fr\/fsea-fr\/politique-de-la-formation\/loi-sur-la-formation-continue\/","og_locale":"fr_FR","og_type":"article","og_title":"Loi sur la formation continue - FSEA","og_description":"La loi f\u00e9d\u00e9rale sur la formation continue (LFCo) est la principale base l\u00e9gale de la formation continue en Suisse.","og_url":"https:\/\/alice.ch\/fr\/fsea-fr\/politique-de-la-formation\/loi-sur-la-formation-continue\/","og_site_name":"SVEB","article_modified_time":"2024-04-17T16:04:54+00:00","twitter_card":"summary_large_image","twitter_misc":{"Dur\u00e9e de lecture estim\u00e9e":"4 minutes"},"schema":{"@context":"https:\/\/schema.org","@graph":[{"@type":"WebPage","@id":"https:\/\/alice.ch\/fr\/fsea-fr\/politique-de-la-formation\/loi-sur-la-formation-continue\/","url":"https:\/\/alice.ch\/fr\/fsea-fr\/politique-de-la-formation\/loi-sur-la-formation-continue\/","name":"Loi sur la formation continue - FSEA","isPartOf":{"@id":"https:\/\/alice.ch\/fr\/#website"},"primaryImageOfPage":{"@id":"https:\/\/alice.ch\/fr\/fsea-fr\/politique-de-la-formation\/loi-sur-la-formation-continue\/#primaryimage"},"image":{"@id":"https:\/\/alice.ch\/fr\/fsea-fr\/politique-de-la-formation\/loi-sur-la-formation-continue\/#primaryimage"},"thumbnailUrl":"https:\/\/alice.ch\/app\/uploads\/2022\/11\/default.jpg","datePublished":"2022-08-16T14:28:25+00:00","dateModified":"2024-04-17T16:04:54+00:00","description":"La loi f\u00e9d\u00e9rale sur la formation continue (LFCo) est la principale base l\u00e9gale de la formation continue en Suisse.","breadcrumb":{"@id":"https:\/\/alice.ch\/fr\/fsea-fr\/politique-de-la-formation\/loi-sur-la-formation-continue\/#breadcrumb"},"inLanguage":"fr-FR","potentialAction":[{"@type":"ReadAction","target":["https:\/\/alice.ch\/fr\/fsea-fr\/politique-de-la-formation\/loi-sur-la-formation-continue\/"]}]},{"@type":"ImageObject","inLanguage":"fr-FR","@id":"https:\/\/alice.ch\/fr\/fsea-fr\/politique-de-la-formation\/loi-sur-la-formation-continue\/#primaryimage","url":"https:\/\/alice.ch\/app\/uploads\/2022\/11\/default.jpg","contentUrl":"https:\/\/alice.ch\/app\/uploads\/2022\/11\/default.jpg","width":1600,"height":900},{"@type":"BreadcrumbList","@id":"https:\/\/alice.ch\/fr\/fsea-fr\/politique-de-la-formation\/loi-sur-la-formation-continue\/#breadcrumb","itemListElement":[{"@type":"ListItem","position":1,"name":"Page d'accueil","item":"https:\/\/alice.ch\/fr\/"},{"@type":"ListItem","position":2,"name":"FSEA","item":"https:\/\/alice.ch\/fr\/fsea-fr\/"},{"@type":"ListItem","position":3,"name":"Politique de la formation","item":"https:\/\/alice.ch\/fr\/fsea-fr\/politique-de-la-formation\/"},{"@type":"ListItem","position":4,"name":"Loi sur la formation continue"}]},{"@type":"WebSite","@id":"https:\/\/alice.ch\/fr\/#website","url":"https:\/\/alice.ch\/fr\/","name":"alice.ch (Adult Learning Information Center) ist das Portal der Weiterbildung in der Schweiz.","description":"Schweizerischer Verband f\u00fcr Weiterbildung","publisher":{"@id":"https:\/\/alice.ch\/fr\/#organization"},"potentialAction":[{"@type":"SearchAction","target":{"@type":"EntryPoint","urlTemplate":"https:\/\/alice.ch\/fr\/?s={search_term_string}"},"query-input":{"@type":"PropertyValueSpecification","valueRequired":true,"valueName":"search_term_string"}}],"inLanguage":"fr-FR"},{"@type":"Organization","@id":"https:\/\/alice.ch\/fr\/#organization","name":"FSEA F\u00e9d\u00e9ration suisse pour la formation continue","url":"https:\/\/alice.ch\/fr\/","logo":{"@type":"ImageObject","inLanguage":"fr-FR","@id":"https:\/\/alice.ch\/fr\/#\/schema\/logo\/image\/","url":"https:\/\/alice.ch\/app\/uploads\/2022\/07\/logo-sveb.png","contentUrl":"https:\/\/alice.ch\/app\/uploads\/2022\/07\/logo-sveb.png","width":145,"height":64,"caption":"FSEA F\u00e9d\u00e9ration suisse pour la formation continue"},"image":{"@id":"https:\/\/alice.ch\/fr\/#\/schema\/logo\/image\/"},"sameAs":["https:\/\/www.linkedin.com\/company\/schweizerischer-verband-fr-weiterbildung-sveb\/"]}]}},"_links":{"self":[{"href":"https:\/\/alice.ch\/fr\/wp-json\/wp\/v2\/pages\/11420","targetHints":{"allow":["GET"]}}],"collection":[{"href":"https:\/\/alice.ch\/fr\/wp-json\/wp\/v2\/pages"}],"about":[{"href":"https:\/\/alice.ch\/fr\/wp-json\/wp\/v2\/types\/page"}],"author":[{"embeddable":true,"href":"https:\/\/alice.ch\/fr\/wp-json\/wp\/v2\/users\/4"}],"replies":[{"embeddable":true,"href":"https:\/\/alice.ch\/fr\/wp-json\/wp\/v2\/comments?post=11420"}],"version-history":[{"count":14,"href":"https:\/\/alice.ch\/fr\/wp-json\/wp\/v2\/pages\/11420\/revisions"}],"predecessor-version":[{"id":59382,"href":"https:\/\/alice.ch\/fr\/wp-json\/wp\/v2\/pages\/11420\/revisions\/59382"}],"up":[{"embeddable":true,"href":"https:\/\/alice.ch\/fr\/wp-json\/wp\/v2\/pages\/31927"}],"wp:featuredmedia":[{"embeddable":true,"href":"https:\/\/alice.ch\/fr\/wp-json\/wp\/v2\/media\/20799"}],"wp:attachment":[{"href":"https:\/\/alice.ch\/fr\/wp-json\/wp\/v2\/media?parent=11420"}],"curies":[{"name":"wp","href":"https:\/\/api.w.org\/{rel}","templated":true}]}}