{"id":11422,"date":"2022-08-16T16:29:11","date_gmt":"2022-08-16T14:29:11","guid":{"rendered":"https:\/\/projects.atxeit.ch\/sveb\/weiterbildungspolitik\/sozialhilfe\/"},"modified":"2023-12-05T15:35:07","modified_gmt":"2023-12-05T14:35:07","slug":"aide-sociale","status":"publish","type":"page","link":"https:\/\/alice.ch\/fr\/fsea-fr\/politique-de-la-formation\/aide-sociale\/","title":{"rendered":"Aide sociale"},"content":{"rendered":"\n<div class=\"wp-block-group is-style-reduced-width is-layout-constrained wp-block-group-is-layout-constrained\">\n<div class=\"wp-block-group is-style-default is-layout-flow wp-block-group-is-layout-flow\">\n<h1 class=\"wp-block-heading\">Un emploi gr\u00e2ce \u00e0 une formation<\/h1>\n\n\n\n<p class=\"is-style-lead\">Gr\u00e2ce \u00e0 des mesures de formation appropri\u00e9es, certaines personnes peuvent \u00eatre ins\u00e9r\u00e9es durable-ment sur le march\u00e9 du travail. Les mesures de formation profitent \u00e9galement aux personnes pour lesquelles une activit\u00e9 lucrative ne semble gu\u00e8re envisageable \u00e0 court et \u00e0 moyen terme.<\/p>\n\n\n\n<p>Durant l\u2019ann\u00e9e 2021, quelque 182&rsquo;000 personnes adultes \u00e2g\u00e9es de 18 \u00e0 64 ans ont \u00e9t\u00e9 soutenues par l\u2019aide sociale. Environ la moiti\u00e9 d\u2019entre elles ne disposaient pas de certification professionnelle et un tiers pr\u00e9sentaient des difficult\u00e9s dans le domaine des <a href=\"https:\/\/alice.ch\/fr\/themes\/competences-de-base\/\">comp\u00e9tences de base<\/a>.<\/p>\n\n\n\n<p>Il vaut donc la peine d&rsquo;investir dans la formation continue des b\u00e9n\u00e9ficiaires de l\u2019aide sociale sur les plans humain, social et \u00e9conomique. Pour les b\u00e9n\u00e9ficiaires, le potentiel de la formation (continue) est \u00e0 ce jour sous-exploit\u00e9 dans l&rsquo;aide sociale.<\/p>\n\n\n\n<h2 class=\"wp-block-heading\">Offensive en faveur de la formation continue des b\u00e9n\u00e9ficiaires de l\u2019aide sociale<\/h2>\n\n\n\n<p>Dans ce contexte la <a href=\"https:\/\/alice.ch\/fr\/fsea-fr\/\">FSEA<\/a> et la <a href=\"https:\/\/www.csias.ch\/fr\/\" target=\"_blank\" rel=\"noreferrer noopener\">Conf\u00e9rence suisse des institutions d&rsquo;action sociale (CSIAS)<\/a> ont lanc\u00e9 en 2018 l\u2019<a href=\"https:\/\/alice.ch\/fr\/project\/offensive-pour-la-formation-continue-pour-les-personnes-beneficiaires-de-laide-sociale\/\">offensive de formation continue<\/a> dont l\u2019objectif consistait \u00e0 donner \u00e0 toute personne \u00e0 l\u2019aide sociale la possibilit\u00e9 de suivre une formation continue.<\/p>\n\n\n\n<p>Selon le paradigme pr\u00e9valant de nos jours, les b\u00e9n\u00e9ficiaires de l&rsquo;aide sociale sont ins\u00e9r\u00e9s d\u00e8s que possible \u00e0 l\u2019aide de mesures \u00e0 court terme sur le premier ou le second march\u00e9 du travail moins exigeant. L&rsquo;investissement doit \u00eatre restreint au strict minimum. Le nouveau paradigme exig\u00e9 par cette offensive en faveur de la formation continue ne vise en principe que le premier march\u00e9 du travail. La qualification doit \u00eatre aussi compl\u00e8te que possible.<\/p>\n\n\n\n<h2 class=\"wp-block-heading\">Une nouvelle d\u00e9marche comme opportunit\u00e9<\/h2>\n\n\n\n<p>En d\u2019autres termes: tout b\u00e9n\u00e9ficiaire de l\u2019aide sociale d\u00e9pourvu des comp\u00e9tences de base requises ou sans apprentissage achev\u00e9, b\u00e9n\u00e9ficie de l\u2019opportunit\u00e9 de se former. Afin de d\u00e9terminer le cursus de formation, une clarification des aptitudes et des comp\u00e9tences individuelles, la fixation des objectifs de formation, la recherche d\u2019une fili\u00e8re de formation ad\u00e9quate et la garantie d\u2019un financement permettant de couvrir le minimum vital sont n\u00e9cessaires. Le r\u00e9sultat est un plan de formation individuel contraignant, mais bas\u00e9 sur la motivation personnelle qui constitue le fondement de tout processus de formation r\u00e9ussi.<\/p>\n\n\n\n<p>Des mesures de formation appropri\u00e9es permettraient d&rsquo;ins\u00e9rer une partie des b\u00e9n\u00e9ficiaires de l&rsquo;aide sociale durablement dans le march\u00e9 du travail. On estime que quelque 40% des b\u00e9n\u00e9ficiaires adultes de l&rsquo;aide sociale apportent les conditions n\u00e9cessaires et la motivation correspondante. Cela correspond \u00e0 75&rsquo;000 personnes sur le plan national. Mais celles-ci n&rsquo;ont une chance que si elles peuvent combler leurs d\u00e9ficits de formation de mani\u00e8re cibl\u00e9e.<\/p>\n\n\n\n<h2 class=\"wp-block-heading\">Concr\u00e9tisation<\/h2>\n\n\n\n<p>Afin de mettre en \u0153uvre l&rsquo;offensive de formation continue, la CSIAS et la FSEA demandent \u00e0 la Conf\u00e9d\u00e9ration d&rsquo;accorder dans le cadre de la <a href=\"https:\/\/www.sbfi.admin.ch\/sbfi\/fr\/home\/services\/publications\/base-de-donnees-des-publications\/s-n-2019-1\/s-n-2019-1f.html\" target=\"_blank\" rel=\"noreferrer noopener\">p\u00e9riode FRI 2021\u20132024<\/a> un cr\u00e9dit substantiel destin\u00e9 \u00e0 la promotion des <a href=\"https:\/\/www.sbfi.admin.ch\/sbfi\/fr\/home\/formation\/f-c\/competences-de-base-des-adultes.html\" target=\"_blank\" rel=\"noreferrer noopener\">comp\u00e9tences de base<\/a> ainsi qu&rsquo;\u00e0 la qualification professionnelle des b\u00e9n\u00e9ficiaires de l&rsquo;aide sociale. Pendant la p\u00e9riode FRI 2017\u20132020, seuls CHF 15 millions par an en moyenne \u00e9taient disponibles \u00e0 cette fin. Les moyens suppl\u00e9mentaires devront permettre d&rsquo;une part, de combler les lacunes de formation existantes et, d&rsquo;autre part, d&rsquo;assurer aux b\u00e9n\u00e9ficiaires de l&rsquo;aide sociale l&rsquo;acc\u00e8s aux structures d&rsquo;encouragement dans la formation continue, la formation professionnelle et l&rsquo;assurance ch\u00f4mage.<\/p>\n\n\n\n<p>Parall\u00e8lement, la CSIAS et la FSEA, avec le soutien de la&nbsp;<a href=\"https:\/\/www.ernst-goehner-stiftung.ch\/index.php\/fr\" target=\"_blank\" rel=\"noreferrer noopener\">Fondation Ernst G\u00f6hner<\/a>, de la&nbsp;<a href=\"https:\/\/www.cms-basel.ch\/\" target=\"_blank\" rel=\"noreferrer noopener\">Fondation Christoph Merian<\/a>, de la&nbsp;<a href=\"https:\/\/paul-schiller-stiftung.ch\/\" target=\"_blank\" rel=\"noreferrer noopener\">Fondation Paul Schiller<\/a>&nbsp;et de la Fondation&nbsp;<a href=\"https:\/\/www.ubs.com\/global\/fr\/ubs-society\/foundations\/social-issues-education.html\" target=\"_blank\" rel=\"noreferrer noopener\">UBS pour les affaires sociales et l&rsquo;\u00e9ducation<\/a>, ont d\u00e9j\u00e0 d\u00e9velopp\u00e9 un programme pour mettre en \u0153uvre l&rsquo;offensive de la formation continue. Gr\u00e2ce \u00e0 ce&nbsp;<a href=\"https:\/\/alice.ch\/fr\/fsea\/les-projets\/offensivedeformationcontinue\/\">projet<\/a>, dix villes et communes seront soutenues et accompagn\u00e9es dans la mise en place de structures d&rsquo;appui \u00e0 depuis 2019.<\/p>\n\n\n\n<div class=\"wp-block-columns is-layout-flex wp-container-core-columns-is-layout-28f84493 wp-block-columns-is-layout-flex\">\n<div class=\"wp-block-column is-layout-flow wp-block-column-is-layout-flow\" style=\"flex-basis:50%\">\n<div class=\"wp-block-group is-style-border-box is-layout-flow wp-container-core-group-is-layout-215ed0c7 wp-block-group-is-layout-flow\">\n<div class=\"wp-block-group is-layout-flow wp-block-group-is-layout-flow\">\n<h3 class=\"wp-block-heading\">Notre Partenaire<\/h3>\n\n\n\n<figure class=\"wp-block-image size-full is-style-no-border\"><a href=\"https:\/\/skos.ch\/fr\/\" target=\"_blank\" rel=\"noreferrer noopener\"><img decoding=\"async\" width=\"600\" height=\"172\" src=\"https:\/\/alice.ch\/app\/uploads\/2022\/12\/skos-logo.png\" alt=\"\" class=\"wp-image-31598\" srcset=\"https:\/\/alice.ch\/app\/uploads\/2022\/12\/skos-logo.png 600w, https:\/\/alice.ch\/app\/uploads\/2022\/12\/skos-logo-300x86.png 300w\" sizes=\"(max-width: 600px) 100vw, 600px\" \/><\/a><\/figure>\n<\/div>\n<\/div>\n<\/div>\n\n\n\n<div class=\"wp-block-column is-layout-flow wp-block-column-is-layout-flow\" style=\"flex-basis:50%\"><\/div>\n<\/div>\n<\/div>\n\n\n\n<h2 class=\"wp-block-heading\">Cela peut aussi vous int\u00e9resser<\/h2>\n\n\n\n<div class=\"wp-block-buttons is-layout-flex wp-block-buttons-is-layout-flex\">\n<div class=\"wp-block-button has-custom-width wp-block-button__width-50 is-style-outline is-style-outline--1\"><a class=\"wp-block-button__link wp-element-button\" href=\"https:\/\/alice.ch\/fr\/project\/offensive-pour-la-formation-continue-pour-les-personnes-beneficiaires-de-laide-sociale\/\">Projet \u00ab\u00a0Offensive pour la formation continue pour les personnes b\u00e9n\u00e9ficiaires de l\u2019aide sociale\u00a0\u00bb<\/a><\/div>\n\n\n<\/div>\n\n\n\n<div class=\"wp-block-buttons is-layout-flex wp-block-buttons-is-layout-flex\">\n<div class=\"wp-block-button has-custom-width wp-block-button__width-50 is-style-outline is-style-outline--2\"><a class=\"wp-block-button__link wp-element-button\" href=\"https:\/\/alice.ch\/fr\/fsea-fr\/politique-de-la-formation\/aide-sociale\/exemples-pratique-premiere-phase-offensive-de-formation-continue\/\">Exemples tir\u00e9s de la pratique durant la premi\u00e8re phase de l\u2019offensive de formation continue<\/a><\/div>\n<\/div>\n\n\n\n<div class=\"wp-block-columns is-layout-flex wp-container-core-columns-is-layout-28f84493 wp-block-columns-is-layout-flex\">\n<div class=\"wp-block-column is-layout-flow wp-block-column-is-layout-flow\" style=\"flex-basis:100%\">\n<div class=\"wp-block-columns is-layout-flex wp-container-core-columns-is-layout-28f84493 wp-block-columns-is-layout-flex\">\n<div class=\"wp-block-column is-layout-flow wp-block-column-is-layout-flow\" style=\"flex-basis:50%\">\n<div class=\"wp-block-file\"><a id=\"wp-block-file--media-eec9df04-5b29-4ed0-89c9-db8c1ad39e07\" href=\"https:\/\/alice.ch\/app\/uploads\/2022\/12\/Offensive_de_formation_continue.pdf\" target=\"_blank\" rel=\"noreferrer noopener\">Rapport d&rsquo;\u00e9valuation (2019\u20132021)<br \/>PDF &#8211; 743 kb<\/a><\/div>\n<\/div>\n\n\n\n<div class=\"wp-block-column is-layout-flow wp-block-column-is-layout-flow\" style=\"flex-basis:50%\"><\/div>\n<\/div>\n<\/div>\n<\/div>\n\n\n\n<h2 class=\"wp-block-heading\">Contact<\/h2>\n\n\n\n<div class=\"wp-block-group is-style-default is-layout-flow wp-block-group-is-layout-flow\">\n<div class=\"wp-block-columns is-layout-flex wp-container-core-columns-is-layout-28f84493 wp-block-columns-is-layout-flex\">\n<div class=\"wp-block-column is-layout-flow wp-block-column-is-layout-flow\" style=\"flex-basis:50%\"><div class=\"contact-persons\">\n\n\t\t\t\t\t<div class=\"contact-person\">\n\t\t\t\t\tC\u00e4cilia M\u00e4rki<br \/>\t\t\t\t\tResponsable des projets senior et co-responsable de la coordination comp\u00e9tences de base<br \/>\t\t\t\t\t<br \/>\n\t\t\t\t\t\t\t\t\t\t<a href=\"tel:+41 (0)44 319 71 58\">+41 (0)44 319 71 58<\/a><br \/>\t\t\t\t\t<a href=\"mailto:caecilia.maerki@alice.ch\">caecilia.maerki@alice.ch<\/a><br \/>\t\t\t\t\t<\/div>\n\t\t\t\t\t<\/div>\n<\/div>\n\n\n\n<div class=\"wp-block-column is-layout-flow wp-block-column-is-layout-flow\" style=\"flex-basis:50%\"><\/div>\n<\/div>\n<\/div>\n<\/div>\n","protected":false},"excerpt":{"rendered":"<p>Un emploi gr\u00e2ce \u00e0 une formation Gr\u00e2ce \u00e0 des mesures de formation appropri\u00e9es, certaines personnes peuvent \u00eatre ins\u00e9r\u00e9es durable-ment sur [&hellip;]<\/p>\n","protected":false},"author":4,"featured_media":20799,"parent":31927,"menu_order":605,"comment_status":"closed","ping_status":"closed","template":"","meta":{"_acf_changed":false,"inline_featured_image":false,"footnotes":""},"class_list":["post-11422","page","type-page","status-publish","has-post-thumbnail","hentry"],"acf":[],"yoast_head":"<!-- This site is optimized with the Yoast SEO plugin v27.3 - https:\/\/yoast.com\/product\/yoast-seo-wordpress\/ -->\n<title>Offensive de formation continue dans l\u2019aide sociale- SVEB<\/title>\n<meta name=\"description\" content=\"Offensive de formation continue pour donner \u00e0 toute personne \u00e0 l\u2019aide sociale la possibilit\u00e9 d&#039;une formation continue.\" \/>\n<meta name=\"robots\" content=\"index, follow, max-snippet:-1, max-image-preview:large, max-video-preview:-1\" \/>\n<link rel=\"canonical\" href=\"https:\/\/alice.ch\/fr\/fsea-fr\/politique-de-la-formation\/aide-sociale\/\" \/>\n<meta property=\"og:locale\" content=\"fr_FR\" \/>\n<meta property=\"og:type\" content=\"article\" \/>\n<meta property=\"og:title\" content=\"Offensive de formation continue dans l\u2019aide sociale- SVEB\" \/>\n<meta property=\"og:description\" content=\"Offensive de formation continue pour donner \u00e0 toute personne \u00e0 l\u2019aide sociale la possibilit\u00e9 d&#039;une formation continue.\" \/>\n<meta property=\"og:url\" content=\"https:\/\/alice.ch\/fr\/fsea-fr\/politique-de-la-formation\/aide-sociale\/\" \/>\n<meta property=\"og:site_name\" content=\"SVEB\" \/>\n<meta property=\"article:modified_time\" content=\"2023-12-05T14:35:07+00:00\" \/>\n<meta property=\"og:image\" content=\"https:\/\/alice.ch\/app\/uploads\/2022\/12\/skos-logo.png\" \/>\n<meta name=\"twitter:card\" content=\"summary_large_image\" \/>\n<meta name=\"twitter:label1\" content=\"Dur\u00e9e de lecture estim\u00e9e\" \/>\n\t<meta name=\"twitter:data1\" content=\"4 minutes\" \/>\n<script type=\"application\/ld+json\" class=\"yoast-schema-graph\">{\"@context\":\"https:\\\/\\\/schema.org\",\"@graph\":[{\"@type\":\"WebPage\",\"@id\":\"https:\\\/\\\/alice.ch\\\/fr\\\/fsea-fr\\\/politique-de-la-formation\\\/aide-sociale\\\/\",\"url\":\"https:\\\/\\\/alice.ch\\\/fr\\\/fsea-fr\\\/politique-de-la-formation\\\/aide-sociale\\\/\",\"name\":\"Offensive de formation continue dans l\u2019aide sociale- SVEB\",\"isPartOf\":{\"@id\":\"https:\\\/\\\/alice.ch\\\/fr\\\/#website\"},\"primaryImageOfPage\":{\"@id\":\"https:\\\/\\\/alice.ch\\\/fr\\\/fsea-fr\\\/politique-de-la-formation\\\/aide-sociale\\\/#primaryimage\"},\"image\":{\"@id\":\"https:\\\/\\\/alice.ch\\\/fr\\\/fsea-fr\\\/politique-de-la-formation\\\/aide-sociale\\\/#primaryimage\"},\"thumbnailUrl\":\"https:\\\/\\\/alice.ch\\\/app\\\/uploads\\\/2022\\\/11\\\/default.jpg\",\"datePublished\":\"2022-08-16T14:29:11+00:00\",\"dateModified\":\"2023-12-05T14:35:07+00:00\",\"description\":\"Offensive de formation continue pour donner \u00e0 toute personne \u00e0 l\u2019aide sociale la possibilit\u00e9 d'une formation continue.\",\"breadcrumb\":{\"@id\":\"https:\\\/\\\/alice.ch\\\/fr\\\/fsea-fr\\\/politique-de-la-formation\\\/aide-sociale\\\/#breadcrumb\"},\"inLanguage\":\"fr-FR\",\"potentialAction\":[{\"@type\":\"ReadAction\",\"target\":[\"https:\\\/\\\/alice.ch\\\/fr\\\/fsea-fr\\\/politique-de-la-formation\\\/aide-sociale\\\/\"]}]},{\"@type\":\"ImageObject\",\"inLanguage\":\"fr-FR\",\"@id\":\"https:\\\/\\\/alice.ch\\\/fr\\\/fsea-fr\\\/politique-de-la-formation\\\/aide-sociale\\\/#primaryimage\",\"url\":\"https:\\\/\\\/alice.ch\\\/app\\\/uploads\\\/2022\\\/11\\\/default.jpg\",\"contentUrl\":\"https:\\\/\\\/alice.ch\\\/app\\\/uploads\\\/2022\\\/11\\\/default.jpg\",\"width\":1600,\"height\":900},{\"@type\":\"BreadcrumbList\",\"@id\":\"https:\\\/\\\/alice.ch\\\/fr\\\/fsea-fr\\\/politique-de-la-formation\\\/aide-sociale\\\/#breadcrumb\",\"itemListElement\":[{\"@type\":\"ListItem\",\"position\":1,\"name\":\"Page d'accueil\",\"item\":\"https:\\\/\\\/alice.ch\\\/fr\\\/\"},{\"@type\":\"ListItem\",\"position\":2,\"name\":\"FSEA\",\"item\":\"https:\\\/\\\/alice.ch\\\/fr\\\/fsea-fr\\\/\"},{\"@type\":\"ListItem\",\"position\":3,\"name\":\"Politique de la formation\",\"item\":\"https:\\\/\\\/alice.ch\\\/fr\\\/fsea-fr\\\/politique-de-la-formation\\\/\"},{\"@type\":\"ListItem\",\"position\":4,\"name\":\"Aide sociale\"}]},{\"@type\":\"WebSite\",\"@id\":\"https:\\\/\\\/alice.ch\\\/fr\\\/#website\",\"url\":\"https:\\\/\\\/alice.ch\\\/fr\\\/\",\"name\":\"alice.ch (Adult Learning Information Center) ist das Portal der Weiterbildung in der Schweiz.\",\"description\":\"Schweizerischer Verband f\u00fcr Weiterbildung\",\"publisher\":{\"@id\":\"https:\\\/\\\/alice.ch\\\/fr\\\/#organization\"},\"potentialAction\":[{\"@type\":\"SearchAction\",\"target\":{\"@type\":\"EntryPoint\",\"urlTemplate\":\"https:\\\/\\\/alice.ch\\\/fr\\\/?s={search_term_string}\"},\"query-input\":{\"@type\":\"PropertyValueSpecification\",\"valueRequired\":true,\"valueName\":\"search_term_string\"}}],\"inLanguage\":\"fr-FR\"},{\"@type\":\"Organization\",\"@id\":\"https:\\\/\\\/alice.ch\\\/fr\\\/#organization\",\"name\":\"FSEA F\u00e9d\u00e9ration suisse pour la formation continue\",\"url\":\"https:\\\/\\\/alice.ch\\\/fr\\\/\",\"logo\":{\"@type\":\"ImageObject\",\"inLanguage\":\"fr-FR\",\"@id\":\"https:\\\/\\\/alice.ch\\\/fr\\\/#\\\/schema\\\/logo\\\/image\\\/\",\"url\":\"https:\\\/\\\/alice.ch\\\/app\\\/uploads\\\/2022\\\/07\\\/logo-sveb.png\",\"contentUrl\":\"https:\\\/\\\/alice.ch\\\/app\\\/uploads\\\/2022\\\/07\\\/logo-sveb.png\",\"width\":145,\"height\":64,\"caption\":\"FSEA F\u00e9d\u00e9ration suisse pour la formation continue\"},\"image\":{\"@id\":\"https:\\\/\\\/alice.ch\\\/fr\\\/#\\\/schema\\\/logo\\\/image\\\/\"},\"sameAs\":[\"https:\\\/\\\/www.linkedin.com\\\/company\\\/schweizerischer-verband-fr-weiterbildung-sveb\\\/\"]}]}<\/script>\n<!-- \/ Yoast SEO plugin. -->","yoast_head_json":{"title":"Offensive de formation continue dans l\u2019aide sociale- SVEB","description":"Offensive de formation continue pour donner \u00e0 toute personne \u00e0 l\u2019aide sociale la possibilit\u00e9 d'une formation continue.","robots":{"index":"index","follow":"follow","max-snippet":"max-snippet:-1","max-image-preview":"max-image-preview:large","max-video-preview":"max-video-preview:-1"},"canonical":"https:\/\/alice.ch\/fr\/fsea-fr\/politique-de-la-formation\/aide-sociale\/","og_locale":"fr_FR","og_type":"article","og_title":"Offensive de formation continue dans l\u2019aide sociale- SVEB","og_description":"Offensive de formation continue pour donner \u00e0 toute personne \u00e0 l\u2019aide sociale la possibilit\u00e9 d'une formation continue.","og_url":"https:\/\/alice.ch\/fr\/fsea-fr\/politique-de-la-formation\/aide-sociale\/","og_site_name":"SVEB","article_modified_time":"2023-12-05T14:35:07+00:00","og_image":[{"url":"https:\/\/alice.ch\/app\/uploads\/2022\/12\/skos-logo.png","type":"","width":"","height":""}],"twitter_card":"summary_large_image","twitter_misc":{"Dur\u00e9e de lecture estim\u00e9e":"4 minutes"},"schema":{"@context":"https:\/\/schema.org","@graph":[{"@type":"WebPage","@id":"https:\/\/alice.ch\/fr\/fsea-fr\/politique-de-la-formation\/aide-sociale\/","url":"https:\/\/alice.ch\/fr\/fsea-fr\/politique-de-la-formation\/aide-sociale\/","name":"Offensive de formation continue dans l\u2019aide sociale- SVEB","isPartOf":{"@id":"https:\/\/alice.ch\/fr\/#website"},"primaryImageOfPage":{"@id":"https:\/\/alice.ch\/fr\/fsea-fr\/politique-de-la-formation\/aide-sociale\/#primaryimage"},"image":{"@id":"https:\/\/alice.ch\/fr\/fsea-fr\/politique-de-la-formation\/aide-sociale\/#primaryimage"},"thumbnailUrl":"https:\/\/alice.ch\/app\/uploads\/2022\/11\/default.jpg","datePublished":"2022-08-16T14:29:11+00:00","dateModified":"2023-12-05T14:35:07+00:00","description":"Offensive de formation continue pour donner \u00e0 toute personne \u00e0 l\u2019aide sociale la possibilit\u00e9 d'une formation continue.","breadcrumb":{"@id":"https:\/\/alice.ch\/fr\/fsea-fr\/politique-de-la-formation\/aide-sociale\/#breadcrumb"},"inLanguage":"fr-FR","potentialAction":[{"@type":"ReadAction","target":["https:\/\/alice.ch\/fr\/fsea-fr\/politique-de-la-formation\/aide-sociale\/"]}]},{"@type":"ImageObject","inLanguage":"fr-FR","@id":"https:\/\/alice.ch\/fr\/fsea-fr\/politique-de-la-formation\/aide-sociale\/#primaryimage","url":"https:\/\/alice.ch\/app\/uploads\/2022\/11\/default.jpg","contentUrl":"https:\/\/alice.ch\/app\/uploads\/2022\/11\/default.jpg","width":1600,"height":900},{"@type":"BreadcrumbList","@id":"https:\/\/alice.ch\/fr\/fsea-fr\/politique-de-la-formation\/aide-sociale\/#breadcrumb","itemListElement":[{"@type":"ListItem","position":1,"name":"Page d'accueil","item":"https:\/\/alice.ch\/fr\/"},{"@type":"ListItem","position":2,"name":"FSEA","item":"https:\/\/alice.ch\/fr\/fsea-fr\/"},{"@type":"ListItem","position":3,"name":"Politique de la formation","item":"https:\/\/alice.ch\/fr\/fsea-fr\/politique-de-la-formation\/"},{"@type":"ListItem","position":4,"name":"Aide sociale"}]},{"@type":"WebSite","@id":"https:\/\/alice.ch\/fr\/#website","url":"https:\/\/alice.ch\/fr\/","name":"alice.ch (Adult Learning Information Center) ist das Portal der Weiterbildung in der Schweiz.","description":"Schweizerischer Verband f\u00fcr Weiterbildung","publisher":{"@id":"https:\/\/alice.ch\/fr\/#organization"},"potentialAction":[{"@type":"SearchAction","target":{"@type":"EntryPoint","urlTemplate":"https:\/\/alice.ch\/fr\/?s={search_term_string}"},"query-input":{"@type":"PropertyValueSpecification","valueRequired":true,"valueName":"search_term_string"}}],"inLanguage":"fr-FR"},{"@type":"Organization","@id":"https:\/\/alice.ch\/fr\/#organization","name":"FSEA F\u00e9d\u00e9ration suisse pour la formation continue","url":"https:\/\/alice.ch\/fr\/","logo":{"@type":"ImageObject","inLanguage":"fr-FR","@id":"https:\/\/alice.ch\/fr\/#\/schema\/logo\/image\/","url":"https:\/\/alice.ch\/app\/uploads\/2022\/07\/logo-sveb.png","contentUrl":"https:\/\/alice.ch\/app\/uploads\/2022\/07\/logo-sveb.png","width":145,"height":64,"caption":"FSEA F\u00e9d\u00e9ration suisse pour la formation continue"},"image":{"@id":"https:\/\/alice.ch\/fr\/#\/schema\/logo\/image\/"},"sameAs":["https:\/\/www.linkedin.com\/company\/schweizerischer-verband-fr-weiterbildung-sveb\/"]}]}},"_links":{"self":[{"href":"https:\/\/alice.ch\/fr\/wp-json\/wp\/v2\/pages\/11422","targetHints":{"allow":["GET"]}}],"collection":[{"href":"https:\/\/alice.ch\/fr\/wp-json\/wp\/v2\/pages"}],"about":[{"href":"https:\/\/alice.ch\/fr\/wp-json\/wp\/v2\/types\/page"}],"author":[{"embeddable":true,"href":"https:\/\/alice.ch\/fr\/wp-json\/wp\/v2\/users\/4"}],"replies":[{"embeddable":true,"href":"https:\/\/alice.ch\/fr\/wp-json\/wp\/v2\/comments?post=11422"}],"version-history":[{"count":39,"href":"https:\/\/alice.ch\/fr\/wp-json\/wp\/v2\/pages\/11422\/revisions"}],"predecessor-version":[{"id":56404,"href":"https:\/\/alice.ch\/fr\/wp-json\/wp\/v2\/pages\/11422\/revisions\/56404"}],"up":[{"embeddable":true,"href":"https:\/\/alice.ch\/fr\/wp-json\/wp\/v2\/pages\/31927"}],"wp:featuredmedia":[{"embeddable":true,"href":"https:\/\/alice.ch\/fr\/wp-json\/wp\/v2\/media\/20799"}],"wp:attachment":[{"href":"https:\/\/alice.ch\/fr\/wp-json\/wp\/v2\/media?parent=11422"}],"curies":[{"name":"wp","href":"https:\/\/api.w.org\/{rel}","templated":true}]}}