{"id":11426,"date":"2022-07-11T11:20:14","date_gmt":"2022-07-11T09:20:14","guid":{"rendered":"https:\/\/projects.atxeit.ch\/sveb\/kontakt\/"},"modified":"2025-09-09T14:45:50","modified_gmt":"2025-09-09T12:45:50","slug":"contact","status":"publish","type":"page","link":"https:\/\/alice.ch\/fr\/fsea-fr\/contact\/","title":{"rendered":"Contact"},"content":{"rendered":"\n<div class=\"wp-block-group is-style-reduced-width is-layout-flow wp-block-group-is-layout-flow\">\n<h1 class=\"wp-block-heading\">Secr\u00e9tariat romand<\/h1>\n\n\n\n<p class=\"is-style-ui\">FSEA<br>F\u00e9d\u00e9ration suisse pour la formation continue<br>Rue de Gen\u00e8ve 88b<br>1004 Lausanne<\/p>\n\n\n\n<p class=\"is-style-ui\">+41 (0)22 994 20 10 <br>Lu-ve de 8h \u00e0 11h30<\/p>\n\n\n\n<p class=\"is-style-ui\"><a href=\"mailto:fsea@alice.ch\" target=\"_blank\" rel=\"noreferrer noopener\">fsea@alice.ch<\/a><\/p>\n\n\n\n<p><mark style=\"background-color:#0098A9;color:#ffffff\" class=\"has-inline-color\">Merci de prendre note qu\u2019il <strong>n\u2019y a pas de r\u00e9ception<\/strong> et <strong>tout rendez-vous dans nos locaux doit \u00eatre confirm\u00e9 au pr\u00e9alable<\/strong> avec la personne de contact.<\/mark><\/p>\n\n\n\n<h2 class=\"wp-block-heading\">Acc\u00e8s<\/h2>\n\n\n\n<p>Le bureau est accessible par transports publics ou par voiture. Il est situ\u00e9 entre la rue de Gen\u00e8ve et l\u2019avenue de Morges desservies par les lignes 4, 7, 17 et 18 (2 minutes \u00e0 pied). <\/p>\n\n\n\n<p><strong>N.b.<\/strong> Les travaux du nouveau m\u00e9tro perturbent passablement la circulation et les TL changent r\u00e9guli\u00e8rement les voies d&rsquo;acc\u00e8s des bus et les num\u00e9ros. <br><br>Des zones bleues et places de parc&nbsp;payantes sont disponibles dans le quartier.<br><br>L\u2019entr\u00e9e principale se situe du c\u00f4t\u00e9 de la rue de Gen\u00e8ve et notre bureau est au 6<sup>\u00e8me<\/sup>&nbsp;\u00e9tage du b\u00e2timent (en face de l\u2019ascenseur).<br><\/p>\n\n\n\n<div class=\"wp-block-buttons is-layout-flex wp-block-buttons-is-layout-flex\">\n<div class=\"wp-block-button has-custom-width wp-block-button__width-50 is-style-outline is-style-outline--1\"><a class=\"wp-block-button__link wp-element-button\" href=\"https:\/\/www.sbb.ch\/fr\/acheter\/pages\/fahrplan\/fahrplan.xhtml?nach=1004+Lausanne+Rue+de+Gen\u00e8ve+88\" target=\"_blank\" rel=\"noreferrer noopener\">CFF: Horaire et achat de billets<\/a><\/div>\n<\/div>\n\n\n\n\n\n<h2 class=\"wp-block-heading\">Informations suppl\u00e9mentaires<\/h2>\n\n\n\n<div class=\"wp-block-buttons is-layout-flex wp-block-buttons-is-layout-flex\">\n<div class=\"wp-block-button has-custom-width wp-block-button__width-50 is-style-outline is-style-outline--2\"><a class=\"wp-block-button__link wp-element-button\" href=\"https:\/\/alice.ch\/fr\/fsea-fr\/les-secretariats-regionaux\/\">Les secr\u00e9tariats r\u00e9gionaux<\/a><\/div>\n<\/div>\n<\/div>\n","protected":false},"excerpt":{"rendered":"<p>Secr\u00e9tariat romand FSEAF\u00e9d\u00e9ration suisse pour la formation continueRue de Gen\u00e8ve 88b1004 Lausanne +41 (0)22 994 20 10 Lu-ve de 8h [&hellip;]<\/p>\n","protected":false},"author":2,"featured_media":20799,"parent":17426,"menu_order":529,"comment_status":"closed","ping_status":"closed","template":"","meta":{"_acf_changed":false,"inline_featured_image":false,"footnotes":""},"class_list":["post-11426","page","type-page","status-publish","has-post-thumbnail","hentry"],"acf":[],"yoast_head":"<!-- This site is optimized with the Yoast SEO plugin v27.3 - https:\/\/yoast.com\/product\/yoast-seo-wordpress\/ -->\n<title>Contact - FSEA<\/title>\n<meta name=\"description\" content=\"En tant qu&#039;organisation fa\u00eeti\u00e8re de la formation continue, la FSEA r\u00e9pondra volontiers \u00e0 vos questions. Vous trouverez ici ses coordonn\u00e9es.\" \/>\n<meta name=\"robots\" content=\"index, follow, max-snippet:-1, max-image-preview:large, max-video-preview:-1\" \/>\n<link rel=\"canonical\" href=\"https:\/\/alice.ch\/fr\/fsea-fr\/contact\/\" \/>\n<meta property=\"og:locale\" content=\"fr_FR\" \/>\n<meta property=\"og:type\" content=\"article\" \/>\n<meta property=\"og:title\" content=\"Contact - FSEA\" \/>\n<meta property=\"og:description\" content=\"En tant qu&#039;organisation fa\u00eeti\u00e8re de la formation continue, la FSEA r\u00e9pondra volontiers \u00e0 vos questions. Vous trouverez ici ses coordonn\u00e9es.\" \/>\n<meta property=\"og:url\" content=\"https:\/\/alice.ch\/fr\/fsea-fr\/contact\/\" \/>\n<meta property=\"og:site_name\" content=\"SVEB\" \/>\n<meta property=\"article:modified_time\" content=\"2025-09-09T12:45:50+00:00\" \/>\n<meta name=\"twitter:card\" content=\"summary_large_image\" \/>\n<meta name=\"twitter:label1\" content=\"Dur\u00e9e de lecture estim\u00e9e\" \/>\n\t<meta name=\"twitter:data1\" content=\"1 minute\" \/>\n<script type=\"application\/ld+json\" class=\"yoast-schema-graph\">{\"@context\":\"https:\\\/\\\/schema.org\",\"@graph\":[{\"@type\":\"WebPage\",\"@id\":\"https:\\\/\\\/alice.ch\\\/fr\\\/fsea-fr\\\/contact\\\/\",\"url\":\"https:\\\/\\\/alice.ch\\\/fr\\\/fsea-fr\\\/contact\\\/\",\"name\":\"Contact - FSEA\",\"isPartOf\":{\"@id\":\"https:\\\/\\\/alice.ch\\\/fr\\\/#website\"},\"primaryImageOfPage\":{\"@id\":\"https:\\\/\\\/alice.ch\\\/fr\\\/fsea-fr\\\/contact\\\/#primaryimage\"},\"image\":{\"@id\":\"https:\\\/\\\/alice.ch\\\/fr\\\/fsea-fr\\\/contact\\\/#primaryimage\"},\"thumbnailUrl\":\"https:\\\/\\\/alice.ch\\\/app\\\/uploads\\\/2022\\\/11\\\/default.jpg\",\"datePublished\":\"2022-07-11T09:20:14+00:00\",\"dateModified\":\"2025-09-09T12:45:50+00:00\",\"description\":\"En tant qu'organisation fa\u00eeti\u00e8re de la formation continue, la FSEA r\u00e9pondra volontiers \u00e0 vos questions. Vous trouverez ici ses coordonn\u00e9es.\",\"breadcrumb\":{\"@id\":\"https:\\\/\\\/alice.ch\\\/fr\\\/fsea-fr\\\/contact\\\/#breadcrumb\"},\"inLanguage\":\"fr-FR\",\"potentialAction\":[{\"@type\":\"ReadAction\",\"target\":[\"https:\\\/\\\/alice.ch\\\/fr\\\/fsea-fr\\\/contact\\\/\"]}]},{\"@type\":\"ImageObject\",\"inLanguage\":\"fr-FR\",\"@id\":\"https:\\\/\\\/alice.ch\\\/fr\\\/fsea-fr\\\/contact\\\/#primaryimage\",\"url\":\"https:\\\/\\\/alice.ch\\\/app\\\/uploads\\\/2022\\\/11\\\/default.jpg\",\"contentUrl\":\"https:\\\/\\\/alice.ch\\\/app\\\/uploads\\\/2022\\\/11\\\/default.jpg\",\"width\":1600,\"height\":900},{\"@type\":\"BreadcrumbList\",\"@id\":\"https:\\\/\\\/alice.ch\\\/fr\\\/fsea-fr\\\/contact\\\/#breadcrumb\",\"itemListElement\":[{\"@type\":\"ListItem\",\"position\":1,\"name\":\"Page d'accueil\",\"item\":\"https:\\\/\\\/alice.ch\\\/fr\\\/\"},{\"@type\":\"ListItem\",\"position\":2,\"name\":\"FSEA\",\"item\":\"https:\\\/\\\/alice.ch\\\/fr\\\/fsea-fr\\\/\"},{\"@type\":\"ListItem\",\"position\":3,\"name\":\"Contact\"}]},{\"@type\":\"WebSite\",\"@id\":\"https:\\\/\\\/alice.ch\\\/fr\\\/#website\",\"url\":\"https:\\\/\\\/alice.ch\\\/fr\\\/\",\"name\":\"alice.ch (Adult Learning Information Center) ist das Portal der Weiterbildung in der Schweiz.\",\"description\":\"Schweizerischer Verband f\u00fcr Weiterbildung\",\"publisher\":{\"@id\":\"https:\\\/\\\/alice.ch\\\/fr\\\/#organization\"},\"potentialAction\":[{\"@type\":\"SearchAction\",\"target\":{\"@type\":\"EntryPoint\",\"urlTemplate\":\"https:\\\/\\\/alice.ch\\\/fr\\\/?s={search_term_string}\"},\"query-input\":{\"@type\":\"PropertyValueSpecification\",\"valueRequired\":true,\"valueName\":\"search_term_string\"}}],\"inLanguage\":\"fr-FR\"},{\"@type\":\"Organization\",\"@id\":\"https:\\\/\\\/alice.ch\\\/fr\\\/#organization\",\"name\":\"FSEA F\u00e9d\u00e9ration suisse pour la formation continue\",\"url\":\"https:\\\/\\\/alice.ch\\\/fr\\\/\",\"logo\":{\"@type\":\"ImageObject\",\"inLanguage\":\"fr-FR\",\"@id\":\"https:\\\/\\\/alice.ch\\\/fr\\\/#\\\/schema\\\/logo\\\/image\\\/\",\"url\":\"https:\\\/\\\/alice.ch\\\/app\\\/uploads\\\/2022\\\/07\\\/logo-sveb.png\",\"contentUrl\":\"https:\\\/\\\/alice.ch\\\/app\\\/uploads\\\/2022\\\/07\\\/logo-sveb.png\",\"width\":145,\"height\":64,\"caption\":\"FSEA F\u00e9d\u00e9ration suisse pour la formation continue\"},\"image\":{\"@id\":\"https:\\\/\\\/alice.ch\\\/fr\\\/#\\\/schema\\\/logo\\\/image\\\/\"},\"sameAs\":[\"https:\\\/\\\/www.linkedin.com\\\/company\\\/schweizerischer-verband-fr-weiterbildung-sveb\\\/\"]}]}<\/script>\n<!-- \/ Yoast SEO plugin. -->","yoast_head_json":{"title":"Contact - FSEA","description":"En tant qu'organisation fa\u00eeti\u00e8re de la formation continue, la FSEA r\u00e9pondra volontiers \u00e0 vos questions. Vous trouverez ici ses coordonn\u00e9es.","robots":{"index":"index","follow":"follow","max-snippet":"max-snippet:-1","max-image-preview":"max-image-preview:large","max-video-preview":"max-video-preview:-1"},"canonical":"https:\/\/alice.ch\/fr\/fsea-fr\/contact\/","og_locale":"fr_FR","og_type":"article","og_title":"Contact - FSEA","og_description":"En tant qu'organisation fa\u00eeti\u00e8re de la formation continue, la FSEA r\u00e9pondra volontiers \u00e0 vos questions. Vous trouverez ici ses coordonn\u00e9es.","og_url":"https:\/\/alice.ch\/fr\/fsea-fr\/contact\/","og_site_name":"SVEB","article_modified_time":"2025-09-09T12:45:50+00:00","twitter_card":"summary_large_image","twitter_misc":{"Dur\u00e9e de lecture estim\u00e9e":"1 minute"},"schema":{"@context":"https:\/\/schema.org","@graph":[{"@type":"WebPage","@id":"https:\/\/alice.ch\/fr\/fsea-fr\/contact\/","url":"https:\/\/alice.ch\/fr\/fsea-fr\/contact\/","name":"Contact - FSEA","isPartOf":{"@id":"https:\/\/alice.ch\/fr\/#website"},"primaryImageOfPage":{"@id":"https:\/\/alice.ch\/fr\/fsea-fr\/contact\/#primaryimage"},"image":{"@id":"https:\/\/alice.ch\/fr\/fsea-fr\/contact\/#primaryimage"},"thumbnailUrl":"https:\/\/alice.ch\/app\/uploads\/2022\/11\/default.jpg","datePublished":"2022-07-11T09:20:14+00:00","dateModified":"2025-09-09T12:45:50+00:00","description":"En tant qu'organisation fa\u00eeti\u00e8re de la formation continue, la FSEA r\u00e9pondra volontiers \u00e0 vos questions. Vous trouverez ici ses coordonn\u00e9es.","breadcrumb":{"@id":"https:\/\/alice.ch\/fr\/fsea-fr\/contact\/#breadcrumb"},"inLanguage":"fr-FR","potentialAction":[{"@type":"ReadAction","target":["https:\/\/alice.ch\/fr\/fsea-fr\/contact\/"]}]},{"@type":"ImageObject","inLanguage":"fr-FR","@id":"https:\/\/alice.ch\/fr\/fsea-fr\/contact\/#primaryimage","url":"https:\/\/alice.ch\/app\/uploads\/2022\/11\/default.jpg","contentUrl":"https:\/\/alice.ch\/app\/uploads\/2022\/11\/default.jpg","width":1600,"height":900},{"@type":"BreadcrumbList","@id":"https:\/\/alice.ch\/fr\/fsea-fr\/contact\/#breadcrumb","itemListElement":[{"@type":"ListItem","position":1,"name":"Page d'accueil","item":"https:\/\/alice.ch\/fr\/"},{"@type":"ListItem","position":2,"name":"FSEA","item":"https:\/\/alice.ch\/fr\/fsea-fr\/"},{"@type":"ListItem","position":3,"name":"Contact"}]},{"@type":"WebSite","@id":"https:\/\/alice.ch\/fr\/#website","url":"https:\/\/alice.ch\/fr\/","name":"alice.ch (Adult Learning Information Center) ist das Portal der Weiterbildung in der Schweiz.","description":"Schweizerischer Verband f\u00fcr Weiterbildung","publisher":{"@id":"https:\/\/alice.ch\/fr\/#organization"},"potentialAction":[{"@type":"SearchAction","target":{"@type":"EntryPoint","urlTemplate":"https:\/\/alice.ch\/fr\/?s={search_term_string}"},"query-input":{"@type":"PropertyValueSpecification","valueRequired":true,"valueName":"search_term_string"}}],"inLanguage":"fr-FR"},{"@type":"Organization","@id":"https:\/\/alice.ch\/fr\/#organization","name":"FSEA F\u00e9d\u00e9ration suisse pour la formation continue","url":"https:\/\/alice.ch\/fr\/","logo":{"@type":"ImageObject","inLanguage":"fr-FR","@id":"https:\/\/alice.ch\/fr\/#\/schema\/logo\/image\/","url":"https:\/\/alice.ch\/app\/uploads\/2022\/07\/logo-sveb.png","contentUrl":"https:\/\/alice.ch\/app\/uploads\/2022\/07\/logo-sveb.png","width":145,"height":64,"caption":"FSEA F\u00e9d\u00e9ration suisse pour la formation continue"},"image":{"@id":"https:\/\/alice.ch\/fr\/#\/schema\/logo\/image\/"},"sameAs":["https:\/\/www.linkedin.com\/company\/schweizerischer-verband-fr-weiterbildung-sveb\/"]}]}},"_links":{"self":[{"href":"https:\/\/alice.ch\/fr\/wp-json\/wp\/v2\/pages\/11426","targetHints":{"allow":["GET"]}}],"collection":[{"href":"https:\/\/alice.ch\/fr\/wp-json\/wp\/v2\/pages"}],"about":[{"href":"https:\/\/alice.ch\/fr\/wp-json\/wp\/v2\/types\/page"}],"author":[{"embeddable":true,"href":"https:\/\/alice.ch\/fr\/wp-json\/wp\/v2\/users\/2"}],"replies":[{"embeddable":true,"href":"https:\/\/alice.ch\/fr\/wp-json\/wp\/v2\/comments?post=11426"}],"version-history":[{"count":27,"href":"https:\/\/alice.ch\/fr\/wp-json\/wp\/v2\/pages\/11426\/revisions"}],"predecessor-version":[{"id":70245,"href":"https:\/\/alice.ch\/fr\/wp-json\/wp\/v2\/pages\/11426\/revisions\/70245"}],"up":[{"embeddable":true,"href":"https:\/\/alice.ch\/fr\/wp-json\/wp\/v2\/pages\/17426"}],"wp:featuredmedia":[{"embeddable":true,"href":"https:\/\/alice.ch\/fr\/wp-json\/wp\/v2\/media\/20799"}],"wp:attachment":[{"href":"https:\/\/alice.ch\/fr\/wp-json\/wp\/v2\/media?parent=11426"}],"curies":[{"name":"wp","href":"https:\/\/api.w.org\/{rel}","templated":true}]}}