{"id":12980,"date":"2022-11-04T17:06:22","date_gmt":"2022-11-04T16:06:22","guid":{"rendered":"https:\/\/projects.atxeit.ch\/sveb\/mitgliedschaft\/devenir-membre\/anmeldung\/"},"modified":"2023-07-18T19:22:10","modified_gmt":"2023-07-18T17:22:10","slug":"formulaire","status":"publish","type":"page","link":"https:\/\/alice.ch\/fr\/fsea-fr\/membres\/devenir-membre\/formulaire\/","title":{"rendered":"Formulaire"},"content":{"rendered":"\n<h1 class=\"wp-block-heading\">Formulaire d\u2019adh\u00e9sion<\/h1>\n\n\n\n<div class=\"wp-block-contact-form-7-contact-form-selector\">\n<div class=\"wpcf7 no-js\" id=\"wpcf7-f17991-o1\" lang=\"de-DE\" dir=\"ltr\" data-wpcf7-id=\"17991\">\n<div class=\"screen-reader-response\"><p role=\"status\" aria-live=\"polite\" aria-atomic=\"true\"><\/p> <ul><\/ul><\/div>\n<form action=\"\/fr\/wp-json\/wp\/v2\/pages\/12980#wpcf7-f17991-o1\" method=\"post\" class=\"wpcf7-form init\" aria-label=\"Kontaktformular\" novalidate=\"novalidate\" data-status=\"init\">\n<fieldset class=\"hidden-fields-container\"><input type=\"hidden\" name=\"_wpcf7\" value=\"17991\" \/><input type=\"hidden\" name=\"_wpcf7_version\" value=\"6.1.5\" \/><input type=\"hidden\" name=\"_wpcf7_locale\" value=\"de_DE\" \/><input type=\"hidden\" name=\"_wpcf7_unit_tag\" value=\"wpcf7-f17991-o1\" \/><input type=\"hidden\" name=\"_wpcf7_container_post\" value=\"0\" \/><input type=\"hidden\" name=\"_wpcf7_posted_data_hash\" value=\"\" \/>\n<\/fieldset>\n<p><label>Quelle cat\u00e9gorie ?*<\/label><br \/>\n<span class=\"wpcf7-form-control-wrap\" data-name=\"Categorie-checkbox-527\"><span class=\"wpcf7-form-control wpcf7-checkbox wpcf7-validates-as-required\"><span class=\"wpcf7-list-item first\"><label><input type=\"checkbox\" name=\"Categorie-checkbox-527[]\" value=\"Cat\u00e9gorie 1 organisations nationales (CHF 1&#039;200.\u2013)\" \/><span class=\"wpcf7-list-item-label\">Cat\u00e9gorie 1 organisations nationales (CHF 1&#039;200.\u2013)<\/span><\/label><\/span><span class=\"wpcf7-list-item\"><label><input type=\"checkbox\" name=\"Categorie-checkbox-527[]\" value=\"Cat\u00e9gorie 2 organisations r\u00e9gionales (CHF 450.\u2013)\" \/><span class=\"wpcf7-list-item-label\">Cat\u00e9gorie 2 organisations r\u00e9gionales (CHF 450.\u2013)<\/span><\/label><\/span><span class=\"wpcf7-list-item last\"><label><input type=\"checkbox\" name=\"Categorie-checkbox-527[]\" value=\"Cat\u00e9gorie 3 membres individuels (CHF 160.\u2013)\" \/><span class=\"wpcf7-list-item-label\">Cat\u00e9gorie 3 membres individuels (CHF 160.\u2013)<\/span><\/label><\/span><\/span><\/span>\n<\/p>\n<p><label>Organisation (pour cat. 1 &amp; 2)<br \/>\n<span class=\"wpcf7-form-control-wrap\" data-name=\"your-organisation\"><input size=\"40\" maxlength=\"400\" class=\"wpcf7-form-control wpcf7-text\" aria-invalid=\"false\" placeholder=\"Votre organisation\" value=\"\" type=\"text\" name=\"your-organisation\" \/><\/span><\/label><br \/>\n<label>Salutation*<br \/>\n<span class=\"wpcf7-form-control-wrap\" data-name=\"salutation\"><input size=\"40\" maxlength=\"400\" class=\"wpcf7-form-control wpcf7-text wpcf7-validates-as-required\" aria-required=\"true\" aria-invalid=\"false\" placeholder=\"Madame\" value=\"\" type=\"text\" name=\"salutation\" \/><\/span><br \/>\n<\/label><label>Pr\u00e9nom*<br \/>\n<span class=\"wpcf7-form-control-wrap\" data-name=\"your-forename\"><input size=\"40\" maxlength=\"400\" class=\"wpcf7-form-control wpcf7-text wpcf7-validates-as-required\" aria-required=\"true\" aria-invalid=\"false\" placeholder=\"Petra\" value=\"\" type=\"text\" name=\"your-forename\" \/><\/span><\/label><br \/>\n<label>Nom*<br \/>\n<span class=\"wpcf7-form-control-wrap\" data-name=\"your-name\"><input size=\"40\" maxlength=\"400\" class=\"wpcf7-form-control wpcf7-text wpcf7-validates-as-required\" aria-required=\"true\" aria-invalid=\"false\" placeholder=\"Muster\" value=\"\" type=\"text\" name=\"your-name\" \/><\/span><\/label><br \/>\n<label>Rue et no<br \/>\n<span class=\"wpcf7-form-control-wrap\" data-name=\"Strasse\"><input size=\"40\" maxlength=\"400\" class=\"wpcf7-form-control wpcf7-text\" aria-invalid=\"false\" placeholder=\"Rue de Gen\u00e8ve 88b\" value=\"\" type=\"text\" name=\"Strasse\" \/><\/span><\/label><br \/>\n<label>NPA et lieu<br \/>\n<span class=\"wpcf7-form-control-wrap\" data-name=\"PLZ\"><input size=\"40\" maxlength=\"400\" class=\"wpcf7-form-control wpcf7-text\" aria-invalid=\"false\" placeholder=\"1004 Lausanne\" value=\"\" type=\"text\" name=\"PLZ\" \/><\/span><\/label><br \/>\n<label>Num\u00e9ro de t\u00e9l\u00e9phone*<br \/>\n<span class=\"wpcf7-form-control-wrap\" data-name=\"tel-203\"><input size=\"40\" maxlength=\"400\" class=\"wpcf7-form-control wpcf7-tel wpcf7-validates-as-required wpcf7-text wpcf7-validates-as-tel\" aria-required=\"true\" aria-invalid=\"false\" placeholder=\"+41 (0)44 319 71 71\" value=\"\" type=\"tel\" name=\"tel-203\" \/><\/span><\/label><br \/>\n<label>Adresse \u00e9lectronique*<br \/>\n<span class=\"wpcf7-form-control-wrap\" data-name=\"your-email\"><input size=\"40\" maxlength=\"400\" class=\"wpcf7-form-control wpcf7-email wpcf7-validates-as-required wpcf7-text wpcf7-validates-as-email\" aria-required=\"true\" aria-invalid=\"false\" placeholder=\"petra.muster@alice.ch\" value=\"\" type=\"email\" name=\"your-email\" \/><\/span> <\/label><br \/>\n<label>Site web<br \/>\n<span class=\"wpcf7-form-control-wrap\" data-name=\"Website\"><input size=\"40\" maxlength=\"400\" class=\"wpcf7-form-control wpcf7-text\" aria-invalid=\"false\" placeholder=\"www.alice.ch\" value=\"\" type=\"text\" name=\"Website\" \/><\/span><\/label>\n<\/p>\n<p><label>Domaine d\u2019activit\u00e9<br \/>\n<span class=\"wpcf7-form-control-wrap\" data-name=\"Taetigkeitsbereich\"><input size=\"40\" maxlength=\"400\" class=\"wpcf7-form-control wpcf7-text wpcf7-validates-as-required\" aria-required=\"true\" aria-invalid=\"false\" placeholder=\"...\" value=\"\" type=\"text\" name=\"Taetigkeitsbereich\" \/><\/span><\/label>\n<\/p>\n<p><label>Activit\u00e9 (seul. pour cat. 1 et 2)<\/label><br \/>\n<span class=\"wpcf7-form-control-wrap\" data-name=\"Mitgliedschaft-Aktivitt\"><select class=\"wpcf7-form-control wpcf7-select\" aria-invalid=\"false\" name=\"Mitgliedschaft-Aktivitt\"><option value=\"national\">national<\/option><option value=\"r\u00e9gional \/ cantonal\">r\u00e9gional \/ cantonal<\/option><option value=\"ne travaillant pas principalement dans la formation continue\">ne travaillant pas principalement dans la formation continue<\/option><\/select><\/span>\n<\/p>\n<p><label>Motif de la demande d\u2019adh\u00e9sion*<br \/>\n<span class=\"wpcf7-form-control-wrap\" data-name=\"your-message\"><textarea cols=\"40\" rows=\"10\" maxlength=\"2000\" class=\"wpcf7-form-control wpcf7-textarea wpcf7-validates-as-required\" aria-required=\"true\" aria-invalid=\"false\" placeholder=\"...\" name=\"your-message\"><\/textarea><\/span> <\/label>\n<\/p>\n<p><label><\/label><br \/>\n<label>Afin de rester en contact avec vous, nous aimerions vous envoyer une fois par mois les derni\u00e8res informations concernant la FSEA et la formation continue. En donnant votre accord, vous acceptez que votre adresse e-mail soit saisie dans l'outil de cr\u00e9ation de newsletter Mailchimp. Pour plus d'informations \u00e0 ce sujet, veuillez consulter notre politique de confidentialit\u00e9.<br \/>\n<span class=\"wpcf7-form-control-wrap\" data-name=\"Newsletter\"><span class=\"wpcf7-form-control wpcf7-checkbox\"><span class=\"wpcf7-list-item first last\"><label><input type=\"checkbox\" name=\"Newsletter[]\" value=\"SVEB-Newsletter (Newsletter de la FSEA (une fois par mois avec des informations sur la formation continue et des membres)\" \/><span class=\"wpcf7-list-item-label\">SVEB-Newsletter (Newsletter de la FSEA (une fois par mois avec des informations sur la formation continue et des membres)<\/span><\/label><\/span><\/span><\/span><\/label><br \/>\n<label><\/label><br \/>\n<label> Nous vous invitons \u00e9galement \u00e0 nous indiquer les sujets qui vous int\u00e9ressent parmi les suivants. Outre l'envoi de la lettre d'information, nous vous informerons des activit\u00e9s actuelles de la FSEA sur ces sujets. Vous pouvez modifier votre consentement et vos int\u00e9r\u00eats \u00e0 tout moment.<\/label><br \/>\n<span class=\"wpcf7-form-control-wrap\" data-name=\"Themeninteresse\"><span class=\"wpcf7-form-control wpcf7-checkbox\"><span class=\"wpcf7-list-item first\"><label><input type=\"checkbox\" name=\"Themeninteresse[]\" value=\"La politique en mati\u00e8re de formation\" \/><span class=\"wpcf7-list-item-label\">La politique en mati\u00e8re de formation<\/span><\/label><\/span><span class=\"wpcf7-list-item\"><label><input type=\"checkbox\" name=\"Themeninteresse[]\" value=\"Devenir formateur\/trice\" \/><span class=\"wpcf7-list-item-label\">Devenir formateur\/trice<\/span><\/label><\/span><span class=\"wpcf7-list-item\"><label><input type=\"checkbox\" name=\"Themeninteresse[]\" value=\"La recherche\" \/><span class=\"wpcf7-list-item-label\">La recherche<\/span><\/label><\/span><span class=\"wpcf7-list-item\"><label><input type=\"checkbox\" name=\"Themeninteresse[]\" value=\"L\u2019assurance qualit\u00e9 dans la formation continue\" \/><span class=\"wpcf7-list-item-label\">L\u2019assurance qualit\u00e9 dans la formation continue<\/span><\/label><\/span><span class=\"wpcf7-list-item\"><label><input type=\"checkbox\" name=\"Themeninteresse[]\" value=\"Comp\u00e9tences de base\" \/><span class=\"wpcf7-list-item-label\">Comp\u00e9tences de base<\/span><\/label><\/span><span class=\"wpcf7-list-item\"><label><input type=\"checkbox\" name=\"Themeninteresse[]\" value=\"Digitalisation\" \/><span class=\"wpcf7-list-item-label\">Digitalisation<\/span><\/label><\/span><span class=\"wpcf7-list-item last\"><label><input type=\"checkbox\" name=\"Themeninteresse[]\" value=\"Formation continue dans les PME\" \/><span class=\"wpcf7-list-item-label\">Formation continue dans les PME<\/span><\/label><\/span><\/span><\/span>\n<\/p>\n<p><label><\/label><br \/>\n<label>Autorisez-vous la publication des donn\u00e9es relatives \u00e0 votre entreprise sur notre site alice.ch ?*<br \/>\n<span class=\"wpcf7-form-control-wrap\" data-name=\"radio-480\"><span class=\"wpcf7-form-control wpcf7-radio\"><span class=\"wpcf7-list-item first\"><label><input type=\"radio\" name=\"radio-480\" value=\"Oui\" checked=\"checked\" \/><span class=\"wpcf7-list-item-label\">Oui<\/span><\/label><\/span><span class=\"wpcf7-list-item last\"><label><input type=\"radio\" name=\"radio-480\" value=\"Non\" \/><span class=\"wpcf7-list-item-label\">Non<\/span><\/label><\/span><\/span><\/span><br \/>\n<span id=\"wpcf7-69ef912aad7dc-wrapper\" class=\"wpcf7-form-control-wrap honeypot-400-wrap\" style=\"display:none !important; visibility:hidden !important;\"><label for=\"wpcf7-69ef912aad7dc-field\" class=\"hp-message\">Bitte lasse dieses Feld leer.<\/label><input id=\"wpcf7-69ef912aad7dc-field\"  class=\"wpcf7-form-control wpcf7-text\" type=\"text\" name=\"honeypot-400\" value=\"\" size=\"40\" tabindex=\"-1\" autocomplete=\"new-password\" \/><\/span><br \/>\n<input class=\"wpcf7-form-control wpcf7-submit has-spinner\" type=\"submit\" value=\"Envoyer\" \/><br \/>\n*Champs obligatoires<\/label>\n<\/p><div class=\"cf7-cookie-message\" style=\"margin-top:1em;color:#000;\">Merci d\u2019accepter les cookies afin de pouvoir soumettre le formulaire.<\/div><div class=\"wpcf7-response-output\" aria-hidden=\"true\"><\/div>\n<\/form>\n<\/div>\n<\/div>\n\n\n\n<h2 class=\"wp-block-heading\">Contact<\/h2>\n\n\n\n<div class=\"wp-block-columns is-layout-flex wp-container-core-columns-is-layout-28f84493 wp-block-columns-is-layout-flex\">\n<div class=\"wp-block-column is-layout-flow wp-block-column-is-layout-flow\" style=\"flex-basis:50%\"><div class=\"contact-persons\">\n\n\t\t\t\t\t<div class=\"contact-person\">\n\t\t\t\t\tFSEA F\u00e9d\u00e9ration suisse pour la formation continue<br \/>\t\t\t\t\t\t\t\t\t\t<br \/>\n\t\t\t\t\tSecr\u00e9tariat romand<br \/>\r\nRue de Gen\u00e8ve 88b<br \/>\r\n1004 Lausanne<br \/>\t\t\t\t\t<a href=\"tel:+41 (0)22 994 20 10\">+41 (0)22 994 20 10<\/a><br \/>\t\t\t\t\t<a href=\"mailto:fsea@alice.ch\">fsea@alice.ch<\/a><br \/>\t\t\t\t\t<\/div>\n\t\t\t\t\t<\/div>\n<\/div>\n\n\n\n<div class=\"wp-block-column is-layout-flow wp-block-column-is-layout-flow\" style=\"flex-basis:50%\"><\/div>\n<\/div>\n","protected":false},"excerpt":{"rendered":"<p>Formulaire d\u2019adh\u00e9sion Contact<\/p>\n","protected":false},"author":2,"featured_media":20799,"parent":11402,"menu_order":499,"comment_status":"closed","ping_status":"closed","template":"","meta":{"_acf_changed":false,"inline_featured_image":false,"footnotes":""},"class_list":["post-12980","page","type-page","status-publish","has-post-thumbnail","hentry"],"acf":[],"yoast_head":"<!-- This site is optimized with the Yoast SEO plugin v27.3 - https:\/\/yoast.com\/product\/yoast-seo-wordpress\/ -->\n<title>Formulaire - FSEA<\/title>\n<meta name=\"robots\" content=\"index, follow, max-snippet:-1, max-image-preview:large, max-video-preview:-1\" \/>\n<link rel=\"canonical\" href=\"https:\/\/alice.ch\/fr\/fsea-fr\/membres\/devenir-membre\/formulaire\/\" \/>\n<meta property=\"og:locale\" content=\"fr_FR\" \/>\n<meta property=\"og:type\" content=\"article\" \/>\n<meta property=\"og:title\" content=\"Formulaire - FSEA\" \/>\n<meta property=\"og:description\" content=\"Formulaire d\u2019adh\u00e9sion Contact\" \/>\n<meta property=\"og:url\" content=\"https:\/\/alice.ch\/fr\/fsea-fr\/membres\/devenir-membre\/formulaire\/\" \/>\n<meta property=\"og:site_name\" content=\"SVEB\" \/>\n<meta property=\"article:modified_time\" content=\"2023-07-18T17:22:10+00:00\" \/>\n<meta name=\"twitter:card\" content=\"summary_large_image\" \/>\n<meta name=\"twitter:label1\" content=\"Dur\u00e9e de lecture estim\u00e9e\" \/>\n\t<meta name=\"twitter:data1\" content=\"1 minute\" \/>\n<script type=\"application\/ld+json\" class=\"yoast-schema-graph\">{\"@context\":\"https:\\\/\\\/schema.org\",\"@graph\":[{\"@type\":\"WebPage\",\"@id\":\"https:\\\/\\\/alice.ch\\\/fr\\\/fsea-fr\\\/membres\\\/devenir-membre\\\/formulaire\\\/\",\"url\":\"https:\\\/\\\/alice.ch\\\/fr\\\/fsea-fr\\\/membres\\\/devenir-membre\\\/formulaire\\\/\",\"name\":\"Formulaire - FSEA\",\"isPartOf\":{\"@id\":\"https:\\\/\\\/alice.ch\\\/fr\\\/#website\"},\"primaryImageOfPage\":{\"@id\":\"https:\\\/\\\/alice.ch\\\/fr\\\/fsea-fr\\\/membres\\\/devenir-membre\\\/formulaire\\\/#primaryimage\"},\"image\":{\"@id\":\"https:\\\/\\\/alice.ch\\\/fr\\\/fsea-fr\\\/membres\\\/devenir-membre\\\/formulaire\\\/#primaryimage\"},\"thumbnailUrl\":\"https:\\\/\\\/alice.ch\\\/app\\\/uploads\\\/2022\\\/11\\\/default.jpg\",\"datePublished\":\"2022-11-04T16:06:22+00:00\",\"dateModified\":\"2023-07-18T17:22:10+00:00\",\"breadcrumb\":{\"@id\":\"https:\\\/\\\/alice.ch\\\/fr\\\/fsea-fr\\\/membres\\\/devenir-membre\\\/formulaire\\\/#breadcrumb\"},\"inLanguage\":\"fr-FR\",\"potentialAction\":[{\"@type\":\"ReadAction\",\"target\":[\"https:\\\/\\\/alice.ch\\\/fr\\\/fsea-fr\\\/membres\\\/devenir-membre\\\/formulaire\\\/\"]}]},{\"@type\":\"ImageObject\",\"inLanguage\":\"fr-FR\",\"@id\":\"https:\\\/\\\/alice.ch\\\/fr\\\/fsea-fr\\\/membres\\\/devenir-membre\\\/formulaire\\\/#primaryimage\",\"url\":\"https:\\\/\\\/alice.ch\\\/app\\\/uploads\\\/2022\\\/11\\\/default.jpg\",\"contentUrl\":\"https:\\\/\\\/alice.ch\\\/app\\\/uploads\\\/2022\\\/11\\\/default.jpg\",\"width\":1600,\"height\":900},{\"@type\":\"BreadcrumbList\",\"@id\":\"https:\\\/\\\/alice.ch\\\/fr\\\/fsea-fr\\\/membres\\\/devenir-membre\\\/formulaire\\\/#breadcrumb\",\"itemListElement\":[{\"@type\":\"ListItem\",\"position\":1,\"name\":\"Page d'accueil\",\"item\":\"https:\\\/\\\/alice.ch\\\/fr\\\/\"},{\"@type\":\"ListItem\",\"position\":2,\"name\":\"FSEA\",\"item\":\"https:\\\/\\\/alice.ch\\\/fr\\\/fsea-fr\\\/\"},{\"@type\":\"ListItem\",\"position\":3,\"name\":\"Membres\",\"item\":\"https:\\\/\\\/alice.ch\\\/fr\\\/fsea-fr\\\/membres\\\/\"},{\"@type\":\"ListItem\",\"position\":4,\"name\":\"Devenir membre\",\"item\":\"https:\\\/\\\/alice.ch\\\/fr\\\/fsea-fr\\\/membres\\\/devenir-membre\\\/\"},{\"@type\":\"ListItem\",\"position\":5,\"name\":\"Formulaire\"}]},{\"@type\":\"WebSite\",\"@id\":\"https:\\\/\\\/alice.ch\\\/fr\\\/#website\",\"url\":\"https:\\\/\\\/alice.ch\\\/fr\\\/\",\"name\":\"alice.ch (Adult Learning Information Center) ist das Portal der Weiterbildung in der Schweiz.\",\"description\":\"Schweizerischer Verband f\u00fcr Weiterbildung\",\"publisher\":{\"@id\":\"https:\\\/\\\/alice.ch\\\/fr\\\/#organization\"},\"potentialAction\":[{\"@type\":\"SearchAction\",\"target\":{\"@type\":\"EntryPoint\",\"urlTemplate\":\"https:\\\/\\\/alice.ch\\\/fr\\\/?s={search_term_string}\"},\"query-input\":{\"@type\":\"PropertyValueSpecification\",\"valueRequired\":true,\"valueName\":\"search_term_string\"}}],\"inLanguage\":\"fr-FR\"},{\"@type\":\"Organization\",\"@id\":\"https:\\\/\\\/alice.ch\\\/fr\\\/#organization\",\"name\":\"FSEA F\u00e9d\u00e9ration suisse pour la formation continue\",\"url\":\"https:\\\/\\\/alice.ch\\\/fr\\\/\",\"logo\":{\"@type\":\"ImageObject\",\"inLanguage\":\"fr-FR\",\"@id\":\"https:\\\/\\\/alice.ch\\\/fr\\\/#\\\/schema\\\/logo\\\/image\\\/\",\"url\":\"https:\\\/\\\/alice.ch\\\/app\\\/uploads\\\/2022\\\/07\\\/logo-sveb.png\",\"contentUrl\":\"https:\\\/\\\/alice.ch\\\/app\\\/uploads\\\/2022\\\/07\\\/logo-sveb.png\",\"width\":145,\"height\":64,\"caption\":\"FSEA F\u00e9d\u00e9ration suisse pour la formation continue\"},\"image\":{\"@id\":\"https:\\\/\\\/alice.ch\\\/fr\\\/#\\\/schema\\\/logo\\\/image\\\/\"},\"sameAs\":[\"https:\\\/\\\/www.linkedin.com\\\/company\\\/schweizerischer-verband-fr-weiterbildung-sveb\\\/\"]}]}<\/script>\n<!-- \/ Yoast SEO plugin. -->","yoast_head_json":{"title":"Formulaire - FSEA","robots":{"index":"index","follow":"follow","max-snippet":"max-snippet:-1","max-image-preview":"max-image-preview:large","max-video-preview":"max-video-preview:-1"},"canonical":"https:\/\/alice.ch\/fr\/fsea-fr\/membres\/devenir-membre\/formulaire\/","og_locale":"fr_FR","og_type":"article","og_title":"Formulaire - FSEA","og_description":"Formulaire d\u2019adh\u00e9sion Contact","og_url":"https:\/\/alice.ch\/fr\/fsea-fr\/membres\/devenir-membre\/formulaire\/","og_site_name":"SVEB","article_modified_time":"2023-07-18T17:22:10+00:00","twitter_card":"summary_large_image","twitter_misc":{"Dur\u00e9e de lecture estim\u00e9e":"1 minute"},"schema":{"@context":"https:\/\/schema.org","@graph":[{"@type":"WebPage","@id":"https:\/\/alice.ch\/fr\/fsea-fr\/membres\/devenir-membre\/formulaire\/","url":"https:\/\/alice.ch\/fr\/fsea-fr\/membres\/devenir-membre\/formulaire\/","name":"Formulaire - FSEA","isPartOf":{"@id":"https:\/\/alice.ch\/fr\/#website"},"primaryImageOfPage":{"@id":"https:\/\/alice.ch\/fr\/fsea-fr\/membres\/devenir-membre\/formulaire\/#primaryimage"},"image":{"@id":"https:\/\/alice.ch\/fr\/fsea-fr\/membres\/devenir-membre\/formulaire\/#primaryimage"},"thumbnailUrl":"https:\/\/alice.ch\/app\/uploads\/2022\/11\/default.jpg","datePublished":"2022-11-04T16:06:22+00:00","dateModified":"2023-07-18T17:22:10+00:00","breadcrumb":{"@id":"https:\/\/alice.ch\/fr\/fsea-fr\/membres\/devenir-membre\/formulaire\/#breadcrumb"},"inLanguage":"fr-FR","potentialAction":[{"@type":"ReadAction","target":["https:\/\/alice.ch\/fr\/fsea-fr\/membres\/devenir-membre\/formulaire\/"]}]},{"@type":"ImageObject","inLanguage":"fr-FR","@id":"https:\/\/alice.ch\/fr\/fsea-fr\/membres\/devenir-membre\/formulaire\/#primaryimage","url":"https:\/\/alice.ch\/app\/uploads\/2022\/11\/default.jpg","contentUrl":"https:\/\/alice.ch\/app\/uploads\/2022\/11\/default.jpg","width":1600,"height":900},{"@type":"BreadcrumbList","@id":"https:\/\/alice.ch\/fr\/fsea-fr\/membres\/devenir-membre\/formulaire\/#breadcrumb","itemListElement":[{"@type":"ListItem","position":1,"name":"Page d'accueil","item":"https:\/\/alice.ch\/fr\/"},{"@type":"ListItem","position":2,"name":"FSEA","item":"https:\/\/alice.ch\/fr\/fsea-fr\/"},{"@type":"ListItem","position":3,"name":"Membres","item":"https:\/\/alice.ch\/fr\/fsea-fr\/membres\/"},{"@type":"ListItem","position":4,"name":"Devenir membre","item":"https:\/\/alice.ch\/fr\/fsea-fr\/membres\/devenir-membre\/"},{"@type":"ListItem","position":5,"name":"Formulaire"}]},{"@type":"WebSite","@id":"https:\/\/alice.ch\/fr\/#website","url":"https:\/\/alice.ch\/fr\/","name":"alice.ch (Adult Learning Information Center) ist das Portal der Weiterbildung in der Schweiz.","description":"Schweizerischer Verband f\u00fcr Weiterbildung","publisher":{"@id":"https:\/\/alice.ch\/fr\/#organization"},"potentialAction":[{"@type":"SearchAction","target":{"@type":"EntryPoint","urlTemplate":"https:\/\/alice.ch\/fr\/?s={search_term_string}"},"query-input":{"@type":"PropertyValueSpecification","valueRequired":true,"valueName":"search_term_string"}}],"inLanguage":"fr-FR"},{"@type":"Organization","@id":"https:\/\/alice.ch\/fr\/#organization","name":"FSEA F\u00e9d\u00e9ration suisse pour la formation continue","url":"https:\/\/alice.ch\/fr\/","logo":{"@type":"ImageObject","inLanguage":"fr-FR","@id":"https:\/\/alice.ch\/fr\/#\/schema\/logo\/image\/","url":"https:\/\/alice.ch\/app\/uploads\/2022\/07\/logo-sveb.png","contentUrl":"https:\/\/alice.ch\/app\/uploads\/2022\/07\/logo-sveb.png","width":145,"height":64,"caption":"FSEA F\u00e9d\u00e9ration suisse pour la formation continue"},"image":{"@id":"https:\/\/alice.ch\/fr\/#\/schema\/logo\/image\/"},"sameAs":["https:\/\/www.linkedin.com\/company\/schweizerischer-verband-fr-weiterbildung-sveb\/"]}]}},"_links":{"self":[{"href":"https:\/\/alice.ch\/fr\/wp-json\/wp\/v2\/pages\/12980","targetHints":{"allow":["GET"]}}],"collection":[{"href":"https:\/\/alice.ch\/fr\/wp-json\/wp\/v2\/pages"}],"about":[{"href":"https:\/\/alice.ch\/fr\/wp-json\/wp\/v2\/types\/page"}],"author":[{"embeddable":true,"href":"https:\/\/alice.ch\/fr\/wp-json\/wp\/v2\/users\/2"}],"replies":[{"embeddable":true,"href":"https:\/\/alice.ch\/fr\/wp-json\/wp\/v2\/comments?post=12980"}],"version-history":[{"count":9,"href":"https:\/\/alice.ch\/fr\/wp-json\/wp\/v2\/pages\/12980\/revisions"}],"predecessor-version":[{"id":52589,"href":"https:\/\/alice.ch\/fr\/wp-json\/wp\/v2\/pages\/12980\/revisions\/52589"}],"up":[{"embeddable":true,"href":"https:\/\/alice.ch\/fr\/wp-json\/wp\/v2\/pages\/11402"}],"wp:featuredmedia":[{"embeddable":true,"href":"https:\/\/alice.ch\/fr\/wp-json\/wp\/v2\/media\/20799"}],"wp:attachment":[{"href":"https:\/\/alice.ch\/fr\/wp-json\/wp\/v2\/media?parent=12980"}],"curies":[{"name":"wp","href":"https:\/\/api.w.org\/{rel}","templated":true}]}}