{"id":13056,"date":"2022-11-10T11:02:42","date_gmt":"2022-11-10T10:02:42","guid":{"rendered":"https:\/\/projects.atxeit.ch\/sveb\/competences-de-base\/promotion-innovante\/webinarreihe\/"},"modified":"2023-05-08T17:51:40","modified_gmt":"2023-05-08T15:51:40","slug":"webinaires","status":"publish","type":"page","link":"https:\/\/alice.ch\/fr\/themes\/competences-de-base\/promotion-innovante\/webinaires\/","title":{"rendered":"Webinaires"},"content":{"rendered":"\n<div class=\"wp-block-group is-style-reduced-width is-layout-constrained wp-block-group-is-layout-constrained\">\n<div class=\"wp-block-group wp-embed-aspect-16-9 wp-has-aspect-ratio is-layout-flow wp-block-group-is-layout-flow\">\n<h1 class=\"wp-block-heading\">Webinaires sur l&rsquo;apprentissage mobile<\/h1>\n\n\n\n<p class=\"is-style-lead\">Vous trouverez ci-dessous l\u2019ensemble des ressources des webinaires sur l\u2019apprentissage mobile:<\/p>\n\n\n\n<div class=\"wp-block-group is-style-run-to-edge has-primary-background-color has-background is-layout-flow wp-block-group-is-layout-flow\">\n<p class=\"is-style-lead has-background-color has-text-color\">L&rsquo;apprentissage mobile comme compl\u00e9ment \u00e0 l&rsquo;enseignement en pr\u00e9sentiel dans le cadre de l\u2019encouragement de l\u2019apprentissage de la langue et des comp\u00e9tences de base dans le domaine de l\u2019int\u00e9gration<\/p>\n<\/div>\n\n\n\n<div class=\"wp-block-columns is-layout-flex wp-container-core-columns-is-layout-28f84493 wp-block-columns-is-layout-flex\">\n<div class=\"wp-block-column is-layout-flow wp-block-column-is-layout-flow\" style=\"flex-basis:50%\">\n<div class=\"wp-block-file\"><a id=\"wp-block-file--media-81470fe6-17c3-4920-a90d-bf0c92b5246e\" href=\"https:\/\/alice.ch\/app\/uploads\/2022\/11\/FSEA-SEM_LIVRABLE1.pdf\" target=\"_blank\" rel=\"noreferrer noopener\">Webinaires au printemps 2020 :<br>Synth\u00e8se 1<br \/>PDF &#8211; 331 kb<\/a><a href=\"https:\/\/alice.ch\/app\/uploads\/2022\/11\/FSEA-SEM_LIVRABLE1.pdf\" class=\"wp-block-file__button wp-element-button\" download aria-describedby=\"wp-block-file--media-81470fe6-17c3-4920-a90d-bf0c92b5246e\">Herunterladen<br \/>PDF &#8211; 331 kb<\/a><\/div>\n<\/div>\n\n\n\n<div class=\"wp-block-column is-layout-flow wp-block-column-is-layout-flow\" style=\"flex-basis:50%\">\n<div class=\"wp-block-file\"><a id=\"wp-block-file--media-ba1c3724-8c70-48c3-989a-11b5ce06a25e\" href=\"https:\/\/alice.ch\/app\/uploads\/2022\/11\/FSEA-SEM2-synthese2.21.01.11.pdf\">Webinaires \u00e0 l&rsquo;automne 2020 :<br>Synth\u00e8se 2<br \/>PDF &#8211; 272 kb<\/a><a href=\"https:\/\/alice.ch\/app\/uploads\/2022\/11\/FSEA-SEM2-synthese2.21.01.11.pdf\" class=\"wp-block-file__button wp-element-button\" download aria-describedby=\"wp-block-file--media-ba1c3724-8c70-48c3-989a-11b5ce06a25e\">Herunterladen<br \/>PDF &#8211; 272 kb<\/a><\/div>\n<\/div>\n<\/div>\n<\/div>\n\n\n\n<div class=\"wp-block-group wp-embed-aspect-16-9 wp-has-aspect-ratio is-layout-constrained wp-block-group-is-layout-constrained\">\n<h2 class=\"wp-block-heading\">Bo\u00eete \u00e0 outils digitale du formateur<\/h2>\n\n\n\n<p><br>Ce Padlet (tableau collaboratif) est r\u00e9guli\u00e8rement aliment\u00e9 et compl\u00e9t\u00e9 de ressources utiles pour les enseignant-e-s\/formateurs-trices\/b\u00e9n\u00e9voles\/et toute autre personne active dans l&rsquo;enseignement et la formation des adultes.<\/p>\n\n\n\n<div class=\"wp-block-buttons is-layout-flex wp-block-buttons-is-layout-flex\">\n<div class=\"wp-block-button has-custom-width wp-block-button__width-50 is-style-outline is-style-outline--1\"><a class=\"wp-block-button__link wp-element-button\" href=\"https:\/\/padlet.com\/sveb_fsea\/webinaires-sur-l-apprentissage-mobile-2020-fsea-fide-sem-xr9loiewz9pmn34j\" target=\"_blank\" rel=\"noreferrer noopener\">Bo\u00eete \u00e0 outils digitale du formateur : PADLET<\/a><\/div>\n<\/div>\n<\/div>\n\n\n\n<div class=\"wp-block-group wp-embed-aspect-16-9 wp-has-aspect-ratio is-layout-flow wp-block-group-is-layout-flow\">\n<div class=\"wp-block-group is-layout-constrained wp-block-group-is-layout-constrained\">\n<h2 class=\"wp-block-heading\">Webinaire 1 \u2013 Les bases technologiques de l&rsquo;apprentissage mobile<\/h2>\n\n\n\n<p>Retrouvez le r\u00e9sum\u00e9 du premier webinaire sous la forme de trois vid\u00e9os de moins de 10 minutes chacune:<\/p>\n\n\n\n<div class=\"wp-block-columns is-layout-flex wp-container-core-columns-is-layout-28f84493 wp-block-columns-is-layout-flex\">\n<div class=\"wp-block-column is-layout-flow wp-block-column-is-layout-flow\">\n<figure class=\"wp-block-embed is-type-video is-provider-youtube wp-block-embed-youtube wp-embed-aspect-16-9 wp-has-aspect-ratio\"><div class=\"wp-block-embed__wrapper\">\n<iframe title=\"Webinaire 1 \u00ab Les bases technologiques de l&#039;apprentissage mobile \u00bb \u2013 vid\u00e9o 1\" width=\"500\" height=\"281\" src=\"https:\/\/www.youtube.com\/embed\/ghIJcV60y0E?feature=oembed\" frameborder=\"0\" allow=\"accelerometer; autoplay; clipboard-write; encrypted-media; gyroscope; picture-in-picture; web-share\" referrerpolicy=\"strict-origin-when-cross-origin\" allowfullscreen><\/iframe>\n<\/div><\/figure>\n\n\n\n<figure class=\"wp-block-embed is-type-video is-provider-youtube wp-block-embed-youtube wp-embed-aspect-16-9 wp-has-aspect-ratio\"><div class=\"wp-block-embed__wrapper\">\n<iframe title=\"Webinaire 1 \u00ab Les bases technologiques de l&#039;apprentissage mobile \u00bb \u2013 vid\u00e9o 2\" width=\"500\" height=\"281\" src=\"https:\/\/www.youtube.com\/embed\/rR8iOtId0dU?feature=oembed\" frameborder=\"0\" allow=\"accelerometer; autoplay; clipboard-write; encrypted-media; gyroscope; picture-in-picture; web-share\" referrerpolicy=\"strict-origin-when-cross-origin\" allowfullscreen><\/iframe>\n<\/div><\/figure>\n\n\n\n<figure class=\"wp-block-embed is-type-video is-provider-youtube wp-block-embed-youtube wp-embed-aspect-16-9 wp-has-aspect-ratio\"><div class=\"wp-block-embed__wrapper\">\n<iframe title=\"Webinaire 1 \u00ab Les bases technologiques de l&#039;apprentissage mobile \u00bb \u2013 vid\u00e9o 3\" width=\"500\" height=\"281\" src=\"https:\/\/www.youtube.com\/embed\/VD7NmwSoAPk?feature=oembed\" frameborder=\"0\" allow=\"accelerometer; autoplay; clipboard-write; encrypted-media; gyroscope; picture-in-picture; web-share\" referrerpolicy=\"strict-origin-when-cross-origin\" allowfullscreen><\/iframe>\n<\/div><\/figure>\n<\/div>\n\n\n\n<div class=\"wp-block-column is-layout-flow wp-block-column-is-layout-flow\"><\/div>\n<\/div>\n<\/div>\n\n\n\n<h2 class=\"wp-block-heading\">Et pour aller encore plus loin&#8230;<\/h2>\n\n\n\n<h3 class=\"wp-block-heading\">Webographie<\/h3>\n\n\n\n<ul class=\"wp-block-list\">\n<li>Un article int\u00e9ressant sur l&rsquo;<a href=\"https:\/\/blog.mieux-apprendre.com\/2020\/06\/10\/pourquoi-leleve-qui-parle-a-son-voisin-de-classe-a-peut-etre-raison-de-le-faire-partie-1\/\" target=\"_blank\" rel=\"noreferrer noopener\">interaction entre \u00e9l\u00e8ves en cours<\/a> pr\u00e9sentiel<\/li>\n\n\n\n<li>Le site Internet <a href=\"https:\/\/cursus.edu\/\" target=\"_blank\" rel=\"noreferrer noopener\">cursus.edu<\/a> : un site qui propose de nombreuses formations en ligne et ressources sur la culture num\u00e9rique. Vous y trouverez de nombreux articles class\u00e9s par th\u00e8mes p\u00e9dagogiques, et qui peuvent \u00eatre utiles \u00e0 votre pratique de formateur<\/li>\n\n\n\n<li>Une ressource audio extraite du site de France culture : 9 minutes \u00e0 \u00e9couter sur le th\u00e8me de <a href=\"https:\/\/www.franceculture.fr\/emissions\/radiographies-du-coronavirus\/pourquoi-est-il-si-difficile-de-travailler-seul-pedagogie-du-collectif\" target=\"_blank\" rel=\"noreferrer noopener\">l&rsquo;importance de l&rsquo;apprentissage en groupe<\/a>&nbsp;<\/li>\n\n\n\n<li>Le site Internet de EMDL (Edition Maison Des Langues) propose de nombreuses ressources, et une plate-forme virtuelle (acc\u00e8s payant, 39\u20ac\/an) avec des <a href=\"https:\/\/www.youtube.com\/watch?v=tywglpas6Hk&amp;feature=youtu.be\" target=\"_blank\" rel=\"noreferrer noopener\">tutoriels pour de nombreux outils num\u00e9riques<\/a>, des webinaires p\u00e9dagogiques et de nombreuses autres ressources int\u00e9ressantes&nbsp;<\/li>\n<\/ul>\n\n\n\n<p><strong>Bibliographie<\/strong> : Amadieu Franck, Tricot Andr\u00e9, \u00ab\u00a0Apprendre le num\u00e9rique\u00a0\u00bb, 2014<\/p>\n\n\n\n<h2 class=\"wp-block-heading\">Contact<\/h2>\n\n\n\n<div class=\"wp-block-columns is-layout-flex wp-container-core-columns-is-layout-28f84493 wp-block-columns-is-layout-flex\">\n<div class=\"wp-block-column is-layout-flow wp-block-column-is-layout-flow\" style=\"flex-basis:50%\"><div class=\"contact-persons\">\n\n\t\t\t\t\t<div class=\"contact-person\">\n\t\t\t\t\tCaroline Meier Quevedo<br \/>\t\t\t\t\tDirectrice du secr\u00e9tariat romand<br \/>\t\t\t\t\t<br \/>\n\t\t\t\t\t\t\t\t\t\t<a href=\"tel:+41 (0)22 994 20 10\">+41 (0)22 994 20 10<\/a><br \/>\t\t\t\t\t<a href=\"mailto:caroline.meier@alice.ch\">caroline.meier@alice.ch<\/a><br \/>\t\t\t\t\t<\/div>\n\t\t\t\t\t<\/div>\n<\/div>\n\n\n\n<div class=\"wp-block-column is-layout-flow wp-block-column-is-layout-flow\" style=\"flex-basis:50%\"><\/div>\n<\/div>\n<\/div>\n<\/div>\n","protected":false},"excerpt":{"rendered":"<p>Webinaires sur l&rsquo;apprentissage mobile Vous trouverez ci-dessous l\u2019ensemble des ressources des webinaires sur l\u2019apprentissage mobile: L&rsquo;apprentissage mobile comme compl\u00e9ment \u00e0 [&hellip;]<\/p>\n","protected":false},"author":2,"featured_media":20799,"parent":11020,"menu_order":75,"comment_status":"closed","ping_status":"closed","template":"","meta":{"_acf_changed":false,"inline_featured_image":false,"footnotes":""},"class_list":["post-13056","page","type-page","status-publish","has-post-thumbnail","hentry"],"acf":[],"yoast_head":"<!-- This site is optimized with the Yoast SEO plugin v27.3 - https:\/\/yoast.com\/product\/yoast-seo-wordpress\/ -->\n<title>Webinaires - FSEA<\/title>\n<meta name=\"robots\" content=\"index, follow, max-snippet:-1, max-image-preview:large, max-video-preview:-1\" \/>\n<link rel=\"canonical\" href=\"https:\/\/alice.ch\/fr\/themes\/competences-de-base\/promotion-innovante\/webinaires\/\" \/>\n<meta property=\"og:locale\" content=\"fr_FR\" \/>\n<meta property=\"og:type\" content=\"article\" \/>\n<meta property=\"og:title\" content=\"Webinaires - FSEA\" \/>\n<meta property=\"og:description\" content=\"Webinaires sur l&rsquo;apprentissage mobile Vous trouverez ci-dessous l\u2019ensemble des ressources des webinaires sur l\u2019apprentissage mobile: L&rsquo;apprentissage mobile comme compl\u00e9ment \u00e0 [&hellip;]\" \/>\n<meta property=\"og:url\" content=\"https:\/\/alice.ch\/fr\/themes\/competences-de-base\/promotion-innovante\/webinaires\/\" \/>\n<meta property=\"og:site_name\" content=\"SVEB\" \/>\n<meta property=\"article:modified_time\" content=\"2023-05-08T15:51:40+00:00\" \/>\n<meta name=\"twitter:card\" content=\"summary_large_image\" \/>\n<meta name=\"twitter:label1\" content=\"Dur\u00e9e de lecture estim\u00e9e\" \/>\n\t<meta name=\"twitter:data1\" content=\"2 minutes\" \/>\n<script type=\"application\/ld+json\" class=\"yoast-schema-graph\">{\"@context\":\"https:\\\/\\\/schema.org\",\"@graph\":[{\"@type\":\"WebPage\",\"@id\":\"https:\\\/\\\/alice.ch\\\/fr\\\/themes\\\/competences-de-base\\\/promotion-innovante\\\/webinaires\\\/\",\"url\":\"https:\\\/\\\/alice.ch\\\/fr\\\/themes\\\/competences-de-base\\\/promotion-innovante\\\/webinaires\\\/\",\"name\":\"Webinaires - FSEA\",\"isPartOf\":{\"@id\":\"https:\\\/\\\/alice.ch\\\/fr\\\/#website\"},\"primaryImageOfPage\":{\"@id\":\"https:\\\/\\\/alice.ch\\\/fr\\\/themes\\\/competences-de-base\\\/promotion-innovante\\\/webinaires\\\/#primaryimage\"},\"image\":{\"@id\":\"https:\\\/\\\/alice.ch\\\/fr\\\/themes\\\/competences-de-base\\\/promotion-innovante\\\/webinaires\\\/#primaryimage\"},\"thumbnailUrl\":\"https:\\\/\\\/alice.ch\\\/app\\\/uploads\\\/2022\\\/11\\\/default.jpg\",\"datePublished\":\"2022-11-10T10:02:42+00:00\",\"dateModified\":\"2023-05-08T15:51:40+00:00\",\"breadcrumb\":{\"@id\":\"https:\\\/\\\/alice.ch\\\/fr\\\/themes\\\/competences-de-base\\\/promotion-innovante\\\/webinaires\\\/#breadcrumb\"},\"inLanguage\":\"fr-FR\",\"potentialAction\":[{\"@type\":\"ReadAction\",\"target\":[\"https:\\\/\\\/alice.ch\\\/fr\\\/themes\\\/competences-de-base\\\/promotion-innovante\\\/webinaires\\\/\"]}]},{\"@type\":\"ImageObject\",\"inLanguage\":\"fr-FR\",\"@id\":\"https:\\\/\\\/alice.ch\\\/fr\\\/themes\\\/competences-de-base\\\/promotion-innovante\\\/webinaires\\\/#primaryimage\",\"url\":\"https:\\\/\\\/alice.ch\\\/app\\\/uploads\\\/2022\\\/11\\\/default.jpg\",\"contentUrl\":\"https:\\\/\\\/alice.ch\\\/app\\\/uploads\\\/2022\\\/11\\\/default.jpg\",\"width\":1600,\"height\":900},{\"@type\":\"BreadcrumbList\",\"@id\":\"https:\\\/\\\/alice.ch\\\/fr\\\/themes\\\/competences-de-base\\\/promotion-innovante\\\/webinaires\\\/#breadcrumb\",\"itemListElement\":[{\"@type\":\"ListItem\",\"position\":1,\"name\":\"Page d'accueil\",\"item\":\"https:\\\/\\\/alice.ch\\\/fr\\\/\"},{\"@type\":\"ListItem\",\"position\":2,\"name\":\"Th\u00e8mes\",\"item\":\"https:\\\/\\\/alice.ch\\\/fr\\\/themes\\\/\"},{\"@type\":\"ListItem\",\"position\":3,\"name\":\"Comp\u00e9tences de base\",\"item\":\"https:\\\/\\\/alice.ch\\\/fr\\\/themes\\\/competences-de-base\\\/\"},{\"@type\":\"ListItem\",\"position\":4,\"name\":\"Promotion innovante\",\"item\":\"https:\\\/\\\/alice.ch\\\/fr\\\/themes\\\/competences-de-base\\\/promotion-innovante\\\/\"},{\"@type\":\"ListItem\",\"position\":5,\"name\":\"Webinaires\"}]},{\"@type\":\"WebSite\",\"@id\":\"https:\\\/\\\/alice.ch\\\/fr\\\/#website\",\"url\":\"https:\\\/\\\/alice.ch\\\/fr\\\/\",\"name\":\"alice.ch (Adult Learning Information Center) ist das Portal der Weiterbildung in der Schweiz.\",\"description\":\"Schweizerischer Verband f\u00fcr Weiterbildung\",\"publisher\":{\"@id\":\"https:\\\/\\\/alice.ch\\\/fr\\\/#organization\"},\"potentialAction\":[{\"@type\":\"SearchAction\",\"target\":{\"@type\":\"EntryPoint\",\"urlTemplate\":\"https:\\\/\\\/alice.ch\\\/fr\\\/?s={search_term_string}\"},\"query-input\":{\"@type\":\"PropertyValueSpecification\",\"valueRequired\":true,\"valueName\":\"search_term_string\"}}],\"inLanguage\":\"fr-FR\"},{\"@type\":\"Organization\",\"@id\":\"https:\\\/\\\/alice.ch\\\/fr\\\/#organization\",\"name\":\"FSEA F\u00e9d\u00e9ration suisse pour la formation continue\",\"url\":\"https:\\\/\\\/alice.ch\\\/fr\\\/\",\"logo\":{\"@type\":\"ImageObject\",\"inLanguage\":\"fr-FR\",\"@id\":\"https:\\\/\\\/alice.ch\\\/fr\\\/#\\\/schema\\\/logo\\\/image\\\/\",\"url\":\"https:\\\/\\\/alice.ch\\\/app\\\/uploads\\\/2022\\\/07\\\/logo-sveb.png\",\"contentUrl\":\"https:\\\/\\\/alice.ch\\\/app\\\/uploads\\\/2022\\\/07\\\/logo-sveb.png\",\"width\":145,\"height\":64,\"caption\":\"FSEA F\u00e9d\u00e9ration suisse pour la formation continue\"},\"image\":{\"@id\":\"https:\\\/\\\/alice.ch\\\/fr\\\/#\\\/schema\\\/logo\\\/image\\\/\"},\"sameAs\":[\"https:\\\/\\\/www.linkedin.com\\\/company\\\/schweizerischer-verband-fr-weiterbildung-sveb\\\/\"]}]}<\/script>\n<!-- \/ Yoast SEO plugin. -->","yoast_head_json":{"title":"Webinaires - FSEA","robots":{"index":"index","follow":"follow","max-snippet":"max-snippet:-1","max-image-preview":"max-image-preview:large","max-video-preview":"max-video-preview:-1"},"canonical":"https:\/\/alice.ch\/fr\/themes\/competences-de-base\/promotion-innovante\/webinaires\/","og_locale":"fr_FR","og_type":"article","og_title":"Webinaires - FSEA","og_description":"Webinaires sur l&rsquo;apprentissage mobile Vous trouverez ci-dessous l\u2019ensemble des ressources des webinaires sur l\u2019apprentissage mobile: L&rsquo;apprentissage mobile comme compl\u00e9ment \u00e0 [&hellip;]","og_url":"https:\/\/alice.ch\/fr\/themes\/competences-de-base\/promotion-innovante\/webinaires\/","og_site_name":"SVEB","article_modified_time":"2023-05-08T15:51:40+00:00","twitter_card":"summary_large_image","twitter_misc":{"Dur\u00e9e de lecture estim\u00e9e":"2 minutes"},"schema":{"@context":"https:\/\/schema.org","@graph":[{"@type":"WebPage","@id":"https:\/\/alice.ch\/fr\/themes\/competences-de-base\/promotion-innovante\/webinaires\/","url":"https:\/\/alice.ch\/fr\/themes\/competences-de-base\/promotion-innovante\/webinaires\/","name":"Webinaires - FSEA","isPartOf":{"@id":"https:\/\/alice.ch\/fr\/#website"},"primaryImageOfPage":{"@id":"https:\/\/alice.ch\/fr\/themes\/competences-de-base\/promotion-innovante\/webinaires\/#primaryimage"},"image":{"@id":"https:\/\/alice.ch\/fr\/themes\/competences-de-base\/promotion-innovante\/webinaires\/#primaryimage"},"thumbnailUrl":"https:\/\/alice.ch\/app\/uploads\/2022\/11\/default.jpg","datePublished":"2022-11-10T10:02:42+00:00","dateModified":"2023-05-08T15:51:40+00:00","breadcrumb":{"@id":"https:\/\/alice.ch\/fr\/themes\/competences-de-base\/promotion-innovante\/webinaires\/#breadcrumb"},"inLanguage":"fr-FR","potentialAction":[{"@type":"ReadAction","target":["https:\/\/alice.ch\/fr\/themes\/competences-de-base\/promotion-innovante\/webinaires\/"]}]},{"@type":"ImageObject","inLanguage":"fr-FR","@id":"https:\/\/alice.ch\/fr\/themes\/competences-de-base\/promotion-innovante\/webinaires\/#primaryimage","url":"https:\/\/alice.ch\/app\/uploads\/2022\/11\/default.jpg","contentUrl":"https:\/\/alice.ch\/app\/uploads\/2022\/11\/default.jpg","width":1600,"height":900},{"@type":"BreadcrumbList","@id":"https:\/\/alice.ch\/fr\/themes\/competences-de-base\/promotion-innovante\/webinaires\/#breadcrumb","itemListElement":[{"@type":"ListItem","position":1,"name":"Page d'accueil","item":"https:\/\/alice.ch\/fr\/"},{"@type":"ListItem","position":2,"name":"Th\u00e8mes","item":"https:\/\/alice.ch\/fr\/themes\/"},{"@type":"ListItem","position":3,"name":"Comp\u00e9tences de base","item":"https:\/\/alice.ch\/fr\/themes\/competences-de-base\/"},{"@type":"ListItem","position":4,"name":"Promotion innovante","item":"https:\/\/alice.ch\/fr\/themes\/competences-de-base\/promotion-innovante\/"},{"@type":"ListItem","position":5,"name":"Webinaires"}]},{"@type":"WebSite","@id":"https:\/\/alice.ch\/fr\/#website","url":"https:\/\/alice.ch\/fr\/","name":"alice.ch (Adult Learning Information Center) ist das Portal der Weiterbildung in der Schweiz.","description":"Schweizerischer Verband f\u00fcr Weiterbildung","publisher":{"@id":"https:\/\/alice.ch\/fr\/#organization"},"potentialAction":[{"@type":"SearchAction","target":{"@type":"EntryPoint","urlTemplate":"https:\/\/alice.ch\/fr\/?s={search_term_string}"},"query-input":{"@type":"PropertyValueSpecification","valueRequired":true,"valueName":"search_term_string"}}],"inLanguage":"fr-FR"},{"@type":"Organization","@id":"https:\/\/alice.ch\/fr\/#organization","name":"FSEA F\u00e9d\u00e9ration suisse pour la formation continue","url":"https:\/\/alice.ch\/fr\/","logo":{"@type":"ImageObject","inLanguage":"fr-FR","@id":"https:\/\/alice.ch\/fr\/#\/schema\/logo\/image\/","url":"https:\/\/alice.ch\/app\/uploads\/2022\/07\/logo-sveb.png","contentUrl":"https:\/\/alice.ch\/app\/uploads\/2022\/07\/logo-sveb.png","width":145,"height":64,"caption":"FSEA F\u00e9d\u00e9ration suisse pour la formation continue"},"image":{"@id":"https:\/\/alice.ch\/fr\/#\/schema\/logo\/image\/"},"sameAs":["https:\/\/www.linkedin.com\/company\/schweizerischer-verband-fr-weiterbildung-sveb\/"]}]}},"_links":{"self":[{"href":"https:\/\/alice.ch\/fr\/wp-json\/wp\/v2\/pages\/13056","targetHints":{"allow":["GET"]}}],"collection":[{"href":"https:\/\/alice.ch\/fr\/wp-json\/wp\/v2\/pages"}],"about":[{"href":"https:\/\/alice.ch\/fr\/wp-json\/wp\/v2\/types\/page"}],"author":[{"embeddable":true,"href":"https:\/\/alice.ch\/fr\/wp-json\/wp\/v2\/users\/2"}],"replies":[{"embeddable":true,"href":"https:\/\/alice.ch\/fr\/wp-json\/wp\/v2\/comments?post=13056"}],"version-history":[{"count":38,"href":"https:\/\/alice.ch\/fr\/wp-json\/wp\/v2\/pages\/13056\/revisions"}],"predecessor-version":[{"id":50232,"href":"https:\/\/alice.ch\/fr\/wp-json\/wp\/v2\/pages\/13056\/revisions\/50232"}],"up":[{"embeddable":true,"href":"https:\/\/alice.ch\/fr\/wp-json\/wp\/v2\/pages\/11020"}],"wp:featuredmedia":[{"embeddable":true,"href":"https:\/\/alice.ch\/fr\/wp-json\/wp\/v2\/media\/20799"}],"wp:attachment":[{"href":"https:\/\/alice.ch\/fr\/wp-json\/wp\/v2\/media?parent=13056"}],"curies":[{"name":"wp","href":"https:\/\/api.w.org\/{rel}","templated":true}]}}