{"id":14958,"date":"2022-11-10T10:46:12","date_gmt":"2022-11-10T09:46:12","guid":{"rendered":"https:\/\/projects.atxeit.ch\/sveb\/?page_id=14958"},"modified":"2023-01-20T12:06:26","modified_gmt":"2023-01-20T11:06:26","slug":"importance-en-suisse","status":"publish","type":"page","link":"https:\/\/alice.ch\/fr\/themes\/competences-de-base\/promotion-innovante\/importance-en-suisse\/","title":{"rendered":"Importance en Suisse"},"content":{"rendered":"\n<div class=\"wp-block-group is-style-reduced-width is-layout-constrained wp-block-group-is-layout-constrained\">\n<h1 class=\"wp-block-heading\">Le manque de comp\u00e9tences de base en Suisse : importance et cons\u00e9quences<\/h1>\n\n\n\n<p>En Suisse, pr\u00e8s de 800 000 adultes disposent de comp\u00e9tences de lecture et d\u2019\u00e9criture insuffisantes. 8,6 % de la population r\u00e9sidente en Suisse entre 20 et 64 ans, soit plus de 400 000 personnes, ont beaucoup de mal \u00e0 r\u00e9soudre des probl\u00e8mes de calcul simples. On estime que 1,5 million de personnes entre 16 et 65 ans ne poss\u00e8dent que peu ou pas du tout de comp\u00e9tences en mati\u00e8re de TIC.<\/p>\n\n\n\n<h2 class=\"wp-block-heading\">Personnes concern\u00e9es<\/h2>\n\n\n\n<p>Le groupe de personnes ne poss\u00e9dant que peu de comp\u00e9tences de base est tr\u00e8s h\u00e9t\u00e9rog\u00e8ne. Parmi les facteurs de risque socio-d\u00e9mographiques particuliers comptent un faible niveau d\u2019instruction, l\u2019origine sociale et le statut migratoire. Les adultes sans formation post-obligatoire ainsi que les immigr\u00e9s souffrent plus souvent de ce probl\u00e8me, qui appara\u00eet toutefois dans toutes les couches sociales. M\u00eame des Suisses ou des Suissesses qui ont accompli toute leur scolarit\u00e9 en Suisse peuvent avoir des difficult\u00e9s au niveau des comp\u00e9tences de base.<\/p>\n\n\n\n<h2 class=\"wp-block-heading\">Cons\u00e9quences d\u2019un manque de comp\u00e9tences de base<\/h2>\n\n\n\n<p>Les cons\u00e9quences d\u2019une insuffisance des comp\u00e9tences de base sont lourdes pour les personnes concern\u00e9es, mais aussi pour l\u2019\u00e9conomie et la soci\u00e9t\u00e9.<\/p>\n\n\n\n<ul class=\"wp-block-list\">\n<li><strong>Pauvret\u00e9 et probl\u00e8mes de sant\u00e9 :<\/strong> les personnes aux comp\u00e9tences de base insuffisantes sont plus fortement frapp\u00e9es par la pauvret\u00e9 et les probl\u00e8mes de sant\u00e9 que la moyenne de la population.<\/li>\n\n\n\n<li><strong>Acc\u00e8s difficile \u00e0 la formation initiale et continue :<\/strong> le tabou et le manque de sensibilit\u00e9 entravent l\u2019acc\u00e8s \u00e0 la formation initiale et continue pour les personnes aux comp\u00e9tences de base insuffisantes. Les offres existantes de formation initiale et continue ne sont souvent pas adapt\u00e9es aux besoins de ces personnes.<\/li>\n\n\n\n<li><strong>Ch\u00f4mage :<\/strong> le changement structurel sur le march\u00e9 de l\u2019emploi entra\u00eene des exigences croissantes dans le domaine des comp\u00e9tences de base, m\u00eame pour les postes de travail dits \u00ab simples \u00bb. De faibles comp\u00e9tences de base constituent donc un risque de perdre son emploi ou de ne pas en retrouver un nouveau.<\/li>\n\n\n\n<li><strong>Productivit\u00e9 :<\/strong> les entreprises dont le personnel ne dispose pas de comp\u00e9tences de base suffisantes ne peuvent pas exploiter pleinement leur potentiel de productivit\u00e9.<\/li>\n\n\n\n<li><strong>Co\u00fbts sociaux :<\/strong> les co\u00fbts sociaux de la mauvaise ma\u00eetrise de la lecture en Suisse sont \u00e9lev\u00e9s. Selon le bureau d\u2019\u00e9tudes BASS, ils se chiffrent \u00e0 1,316 milliards de francs par an. Du point de vue de l\u2019\u00e9conomie nationale, il est donc judicieux d\u2019investir dans la promotion des comp\u00e9tences de base, en liaison avec la promotion de la certification professionnelle pour les adultes.des Berufsabschlusses f\u00fcr Erwachsene.<\/li>\n<\/ul>\n\n\n\n<p>Les cons\u00e9quences individuelles d\u2019une faible ma\u00eetrise de la lecture et de l\u2019\u00e9criture ainsi que d\u2019un manque de connaissances math\u00e9matiques \u00e9l\u00e9mentaires sont lourdes pour les personnes concern\u00e9es. La langue, l\u2019\u00e9criture et le calcul constituent en outre le pr\u00e9requis pour l\u2019utilisation fructueuse des technologies de l\u2019information et de la communication (TIC) au quotidien professionnel et priv\u00e9.<\/p>\n\n\n\n<div class=\"wp-block-columns is-layout-flex wp-container-core-columns-is-layout-28f84493 wp-block-columns-is-layout-flex\">\n<div class=\"wp-block-column is-layout-flow wp-block-column-is-layout-flow\" style=\"flex-basis:50%\"><div class=\"contact-persons\">\n\n\t\t\t\t\t<div class=\"contact-person\">\n\t\t\t\t\tCaroline Meier Quevedo<br \/>\t\t\t\t\tDirectrice du secr\u00e9tariat romand<br \/>\t\t\t\t\t<br \/>\n\t\t\t\t\t\t\t\t\t\t<a href=\"tel:+41 (0)22 994 20 10\">+41 (0)22 994 20 10<\/a><br \/>\t\t\t\t\t<a href=\"mailto:caroline.meier@alice.ch\">caroline.meier@alice.ch<\/a><br \/>\t\t\t\t\t<\/div>\n\t\t\t\t\t<\/div>\n<\/div>\n\n\n\n<div class=\"wp-block-column is-layout-flow wp-block-column-is-layout-flow\" style=\"flex-basis:50%\"><\/div>\n<\/div>\n<\/div>\n","protected":false},"excerpt":{"rendered":"<p>Le manque de comp\u00e9tences de base en Suisse : importance et cons\u00e9quences En Suisse, pr\u00e8s de 800 000 adultes disposent [&hellip;]<\/p>\n","protected":false},"author":2,"featured_media":20799,"parent":11020,"menu_order":77,"comment_status":"closed","ping_status":"closed","template":"","meta":{"_acf_changed":false,"inline_featured_image":false,"footnotes":""},"class_list":["post-14958","page","type-page","status-publish","has-post-thumbnail","hentry"],"acf":[],"yoast_head":"<!-- This site is optimized with the Yoast SEO plugin v27.3 - https:\/\/yoast.com\/product\/yoast-seo-wordpress\/ -->\n<title>Importance en Suisse - FSEA<\/title>\n<meta name=\"robots\" content=\"index, follow, max-snippet:-1, max-image-preview:large, max-video-preview:-1\" \/>\n<link rel=\"canonical\" href=\"https:\/\/alice.ch\/fr\/themes\/competences-de-base\/promotion-innovante\/importance-en-suisse\/\" \/>\n<meta property=\"og:locale\" content=\"fr_FR\" \/>\n<meta property=\"og:type\" content=\"article\" \/>\n<meta property=\"og:title\" content=\"Importance en Suisse - FSEA\" \/>\n<meta property=\"og:description\" content=\"Le manque de comp\u00e9tences de base en Suisse : importance et cons\u00e9quences En Suisse, pr\u00e8s de 800 000 adultes disposent [&hellip;]\" \/>\n<meta property=\"og:url\" content=\"https:\/\/alice.ch\/fr\/themes\/competences-de-base\/promotion-innovante\/importance-en-suisse\/\" \/>\n<meta property=\"og:site_name\" content=\"SVEB\" \/>\n<meta property=\"article:modified_time\" content=\"2023-01-20T11:06:26+00:00\" \/>\n<meta name=\"twitter:card\" content=\"summary_large_image\" \/>\n<meta name=\"twitter:label1\" content=\"Dur\u00e9e de lecture estim\u00e9e\" \/>\n\t<meta name=\"twitter:data1\" content=\"3 minutes\" \/>\n<script type=\"application\/ld+json\" class=\"yoast-schema-graph\">{\"@context\":\"https:\\\/\\\/schema.org\",\"@graph\":[{\"@type\":\"WebPage\",\"@id\":\"https:\\\/\\\/alice.ch\\\/fr\\\/themes\\\/competences-de-base\\\/promotion-innovante\\\/importance-en-suisse\\\/\",\"url\":\"https:\\\/\\\/alice.ch\\\/fr\\\/themes\\\/competences-de-base\\\/promotion-innovante\\\/importance-en-suisse\\\/\",\"name\":\"Importance en Suisse - FSEA\",\"isPartOf\":{\"@id\":\"https:\\\/\\\/alice.ch\\\/fr\\\/#website\"},\"primaryImageOfPage\":{\"@id\":\"https:\\\/\\\/alice.ch\\\/fr\\\/themes\\\/competences-de-base\\\/promotion-innovante\\\/importance-en-suisse\\\/#primaryimage\"},\"image\":{\"@id\":\"https:\\\/\\\/alice.ch\\\/fr\\\/themes\\\/competences-de-base\\\/promotion-innovante\\\/importance-en-suisse\\\/#primaryimage\"},\"thumbnailUrl\":\"https:\\\/\\\/alice.ch\\\/app\\\/uploads\\\/2022\\\/11\\\/default.jpg\",\"datePublished\":\"2022-11-10T09:46:12+00:00\",\"dateModified\":\"2023-01-20T11:06:26+00:00\",\"breadcrumb\":{\"@id\":\"https:\\\/\\\/alice.ch\\\/fr\\\/themes\\\/competences-de-base\\\/promotion-innovante\\\/importance-en-suisse\\\/#breadcrumb\"},\"inLanguage\":\"fr-FR\",\"potentialAction\":[{\"@type\":\"ReadAction\",\"target\":[\"https:\\\/\\\/alice.ch\\\/fr\\\/themes\\\/competences-de-base\\\/promotion-innovante\\\/importance-en-suisse\\\/\"]}]},{\"@type\":\"ImageObject\",\"inLanguage\":\"fr-FR\",\"@id\":\"https:\\\/\\\/alice.ch\\\/fr\\\/themes\\\/competences-de-base\\\/promotion-innovante\\\/importance-en-suisse\\\/#primaryimage\",\"url\":\"https:\\\/\\\/alice.ch\\\/app\\\/uploads\\\/2022\\\/11\\\/default.jpg\",\"contentUrl\":\"https:\\\/\\\/alice.ch\\\/app\\\/uploads\\\/2022\\\/11\\\/default.jpg\",\"width\":1600,\"height\":900},{\"@type\":\"BreadcrumbList\",\"@id\":\"https:\\\/\\\/alice.ch\\\/fr\\\/themes\\\/competences-de-base\\\/promotion-innovante\\\/importance-en-suisse\\\/#breadcrumb\",\"itemListElement\":[{\"@type\":\"ListItem\",\"position\":1,\"name\":\"Page d'accueil\",\"item\":\"https:\\\/\\\/alice.ch\\\/fr\\\/\"},{\"@type\":\"ListItem\",\"position\":2,\"name\":\"Th\u00e8mes\",\"item\":\"https:\\\/\\\/alice.ch\\\/fr\\\/themes\\\/\"},{\"@type\":\"ListItem\",\"position\":3,\"name\":\"Comp\u00e9tences de base\",\"item\":\"https:\\\/\\\/alice.ch\\\/fr\\\/themes\\\/competences-de-base\\\/\"},{\"@type\":\"ListItem\",\"position\":4,\"name\":\"Promotion innovante\",\"item\":\"https:\\\/\\\/alice.ch\\\/fr\\\/themes\\\/competences-de-base\\\/promotion-innovante\\\/\"},{\"@type\":\"ListItem\",\"position\":5,\"name\":\"Importance en Suisse\"}]},{\"@type\":\"WebSite\",\"@id\":\"https:\\\/\\\/alice.ch\\\/fr\\\/#website\",\"url\":\"https:\\\/\\\/alice.ch\\\/fr\\\/\",\"name\":\"alice.ch (Adult Learning Information Center) ist das Portal der Weiterbildung in der Schweiz.\",\"description\":\"Schweizerischer Verband f\u00fcr Weiterbildung\",\"publisher\":{\"@id\":\"https:\\\/\\\/alice.ch\\\/fr\\\/#organization\"},\"potentialAction\":[{\"@type\":\"SearchAction\",\"target\":{\"@type\":\"EntryPoint\",\"urlTemplate\":\"https:\\\/\\\/alice.ch\\\/fr\\\/?s={search_term_string}\"},\"query-input\":{\"@type\":\"PropertyValueSpecification\",\"valueRequired\":true,\"valueName\":\"search_term_string\"}}],\"inLanguage\":\"fr-FR\"},{\"@type\":\"Organization\",\"@id\":\"https:\\\/\\\/alice.ch\\\/fr\\\/#organization\",\"name\":\"FSEA F\u00e9d\u00e9ration suisse pour la formation continue\",\"url\":\"https:\\\/\\\/alice.ch\\\/fr\\\/\",\"logo\":{\"@type\":\"ImageObject\",\"inLanguage\":\"fr-FR\",\"@id\":\"https:\\\/\\\/alice.ch\\\/fr\\\/#\\\/schema\\\/logo\\\/image\\\/\",\"url\":\"https:\\\/\\\/alice.ch\\\/app\\\/uploads\\\/2022\\\/07\\\/logo-sveb.png\",\"contentUrl\":\"https:\\\/\\\/alice.ch\\\/app\\\/uploads\\\/2022\\\/07\\\/logo-sveb.png\",\"width\":145,\"height\":64,\"caption\":\"FSEA F\u00e9d\u00e9ration suisse pour la formation continue\"},\"image\":{\"@id\":\"https:\\\/\\\/alice.ch\\\/fr\\\/#\\\/schema\\\/logo\\\/image\\\/\"},\"sameAs\":[\"https:\\\/\\\/www.linkedin.com\\\/company\\\/schweizerischer-verband-fr-weiterbildung-sveb\\\/\"]}]}<\/script>\n<!-- \/ Yoast SEO plugin. -->","yoast_head_json":{"title":"Importance en Suisse - FSEA","robots":{"index":"index","follow":"follow","max-snippet":"max-snippet:-1","max-image-preview":"max-image-preview:large","max-video-preview":"max-video-preview:-1"},"canonical":"https:\/\/alice.ch\/fr\/themes\/competences-de-base\/promotion-innovante\/importance-en-suisse\/","og_locale":"fr_FR","og_type":"article","og_title":"Importance en Suisse - FSEA","og_description":"Le manque de comp\u00e9tences de base en Suisse : importance et cons\u00e9quences En Suisse, pr\u00e8s de 800 000 adultes disposent [&hellip;]","og_url":"https:\/\/alice.ch\/fr\/themes\/competences-de-base\/promotion-innovante\/importance-en-suisse\/","og_site_name":"SVEB","article_modified_time":"2023-01-20T11:06:26+00:00","twitter_card":"summary_large_image","twitter_misc":{"Dur\u00e9e de lecture estim\u00e9e":"3 minutes"},"schema":{"@context":"https:\/\/schema.org","@graph":[{"@type":"WebPage","@id":"https:\/\/alice.ch\/fr\/themes\/competences-de-base\/promotion-innovante\/importance-en-suisse\/","url":"https:\/\/alice.ch\/fr\/themes\/competences-de-base\/promotion-innovante\/importance-en-suisse\/","name":"Importance en Suisse - FSEA","isPartOf":{"@id":"https:\/\/alice.ch\/fr\/#website"},"primaryImageOfPage":{"@id":"https:\/\/alice.ch\/fr\/themes\/competences-de-base\/promotion-innovante\/importance-en-suisse\/#primaryimage"},"image":{"@id":"https:\/\/alice.ch\/fr\/themes\/competences-de-base\/promotion-innovante\/importance-en-suisse\/#primaryimage"},"thumbnailUrl":"https:\/\/alice.ch\/app\/uploads\/2022\/11\/default.jpg","datePublished":"2022-11-10T09:46:12+00:00","dateModified":"2023-01-20T11:06:26+00:00","breadcrumb":{"@id":"https:\/\/alice.ch\/fr\/themes\/competences-de-base\/promotion-innovante\/importance-en-suisse\/#breadcrumb"},"inLanguage":"fr-FR","potentialAction":[{"@type":"ReadAction","target":["https:\/\/alice.ch\/fr\/themes\/competences-de-base\/promotion-innovante\/importance-en-suisse\/"]}]},{"@type":"ImageObject","inLanguage":"fr-FR","@id":"https:\/\/alice.ch\/fr\/themes\/competences-de-base\/promotion-innovante\/importance-en-suisse\/#primaryimage","url":"https:\/\/alice.ch\/app\/uploads\/2022\/11\/default.jpg","contentUrl":"https:\/\/alice.ch\/app\/uploads\/2022\/11\/default.jpg","width":1600,"height":900},{"@type":"BreadcrumbList","@id":"https:\/\/alice.ch\/fr\/themes\/competences-de-base\/promotion-innovante\/importance-en-suisse\/#breadcrumb","itemListElement":[{"@type":"ListItem","position":1,"name":"Page d'accueil","item":"https:\/\/alice.ch\/fr\/"},{"@type":"ListItem","position":2,"name":"Th\u00e8mes","item":"https:\/\/alice.ch\/fr\/themes\/"},{"@type":"ListItem","position":3,"name":"Comp\u00e9tences de base","item":"https:\/\/alice.ch\/fr\/themes\/competences-de-base\/"},{"@type":"ListItem","position":4,"name":"Promotion innovante","item":"https:\/\/alice.ch\/fr\/themes\/competences-de-base\/promotion-innovante\/"},{"@type":"ListItem","position":5,"name":"Importance en Suisse"}]},{"@type":"WebSite","@id":"https:\/\/alice.ch\/fr\/#website","url":"https:\/\/alice.ch\/fr\/","name":"alice.ch (Adult Learning Information Center) ist das Portal der Weiterbildung in der Schweiz.","description":"Schweizerischer Verband f\u00fcr Weiterbildung","publisher":{"@id":"https:\/\/alice.ch\/fr\/#organization"},"potentialAction":[{"@type":"SearchAction","target":{"@type":"EntryPoint","urlTemplate":"https:\/\/alice.ch\/fr\/?s={search_term_string}"},"query-input":{"@type":"PropertyValueSpecification","valueRequired":true,"valueName":"search_term_string"}}],"inLanguage":"fr-FR"},{"@type":"Organization","@id":"https:\/\/alice.ch\/fr\/#organization","name":"FSEA F\u00e9d\u00e9ration suisse pour la formation continue","url":"https:\/\/alice.ch\/fr\/","logo":{"@type":"ImageObject","inLanguage":"fr-FR","@id":"https:\/\/alice.ch\/fr\/#\/schema\/logo\/image\/","url":"https:\/\/alice.ch\/app\/uploads\/2022\/07\/logo-sveb.png","contentUrl":"https:\/\/alice.ch\/app\/uploads\/2022\/07\/logo-sveb.png","width":145,"height":64,"caption":"FSEA F\u00e9d\u00e9ration suisse pour la formation continue"},"image":{"@id":"https:\/\/alice.ch\/fr\/#\/schema\/logo\/image\/"},"sameAs":["https:\/\/www.linkedin.com\/company\/schweizerischer-verband-fr-weiterbildung-sveb\/"]}]}},"_links":{"self":[{"href":"https:\/\/alice.ch\/fr\/wp-json\/wp\/v2\/pages\/14958","targetHints":{"allow":["GET"]}}],"collection":[{"href":"https:\/\/alice.ch\/fr\/wp-json\/wp\/v2\/pages"}],"about":[{"href":"https:\/\/alice.ch\/fr\/wp-json\/wp\/v2\/types\/page"}],"author":[{"embeddable":true,"href":"https:\/\/alice.ch\/fr\/wp-json\/wp\/v2\/users\/2"}],"replies":[{"embeddable":true,"href":"https:\/\/alice.ch\/fr\/wp-json\/wp\/v2\/comments?post=14958"}],"version-history":[{"count":8,"href":"https:\/\/alice.ch\/fr\/wp-json\/wp\/v2\/pages\/14958\/revisions"}],"predecessor-version":[{"id":43099,"href":"https:\/\/alice.ch\/fr\/wp-json\/wp\/v2\/pages\/14958\/revisions\/43099"}],"up":[{"embeddable":true,"href":"https:\/\/alice.ch\/fr\/wp-json\/wp\/v2\/pages\/11020"}],"wp:featuredmedia":[{"embeddable":true,"href":"https:\/\/alice.ch\/fr\/wp-json\/wp\/v2\/media\/20799"}],"wp:attachment":[{"href":"https:\/\/alice.ch\/fr\/wp-json\/wp\/v2\/media?parent=14958"}],"curies":[{"name":"wp","href":"https:\/\/api.w.org\/{rel}","templated":true}]}}