{"id":17395,"date":"2022-08-16T17:02:26","date_gmt":"2022-08-16T15:02:26","guid":{"rendered":"https:\/\/projects.atxeit.ch\/sveb\/projekte\/"},"modified":"2023-12-05T14:10:36","modified_gmt":"2023-12-05T13:10:36","slug":"projets","status":"publish","type":"page","link":"https:\/\/alice.ch\/fr\/recherche\/projets\/","title":{"rendered":"Projets"},"content":{"rendered":"\n<div class=\"wp-block-group is-style-reduced-width is-layout-flow wp-block-group-is-layout-flow\">\n<article class=\"wp-block-group is-style-default is-layout-flow wp-block-group-is-layout-flow\">\n<h1 class=\"wp-block-heading\">Projets FSEA<\/h1>\n\n\n\n<p class=\"is-style-lead\">Dans le cadre de projets nationaux et internationaux, la FSEA promeut la formation continue en Suisse. Notre portefeuille de projets se compose de projets nationaux et europ\u00e9ens. Gr\u00e2ce aux accords bilat\u00e9raux, la FSEA peut participer aux projets de l\u2019UE en tant que partenaire autofinanc\u00e9.<\/p>\n\n\n\n<p>Notre travail de projet s\u2019oriente vers des objectifs \u00e0 long terme d\u00e9finis dans le plan de d\u00e9veloppement de la FSEA. Lors du lancement de nouveaux projets, les lacunes dans le paysage de la formation continue sont sp\u00e9cialement prises en compte.<\/p>\n\n\n\n<p>Dans la banque de donn\u00e9es, vous pouvez s\u00e9lectionner les projets sur la base de crit\u00e8res et de p\u00e9riodes. En outre, il est possible d\u2019utiliser la recherche en texte libre pour trouver des termes sp\u00e9cifiques ou, par exemple, les personnes responsables et les partenaires du projet.<\/p>\n\n\n\n<div class=\"wp-block-group is-style-filter-holder is-layout-flow wp-block-group-is-layout-flow\">\n<div class=\"wp-block-group is-style-filter-holder is-nowrap is-layout-flex wp-container-core-group-is-layout-f66f9956 wp-block-group-is-layout-flex\">    <div class=\"filter-item \" data-url=\"https:\/\/alice.ch\/fr\/recherche\/projets\/\">\n                    <div class=\"title\">Cat\u00e9gorie<\/div>\n        \n                    <ul class=\"filters\"><li class=\"\" data-attr=\"326\"><input type=\"checkbox\" name=\"qf[project-category][326]\" value=\"1\"  \/>Durabilit\u00e9<\/li><li class=\"\" data-attr=\"150\"><input type=\"checkbox\" name=\"qf[project-category][150]\" value=\"1\"  \/>Syst\u00e8me de formation continue<\/li><li class=\"\" data-attr=\"147\"><input type=\"checkbox\" name=\"qf[project-category][147]\" value=\"1\"  \/>Qualit\u00e9<\/li><li class=\"\" data-attr=\"145\"><input type=\"checkbox\" name=\"qf[project-category][145]\" value=\"1\"  \/>Num\u00e9risation<\/li><li class=\"\" data-attr=\"143\"><input type=\"checkbox\" name=\"qf[project-category][143]\" value=\"1\"  \/>\u00c9galit\u00e9 des chances<\/li><li class=\"\" data-attr=\"138\"><input type=\"checkbox\" name=\"qf[project-category][138]\" value=\"1\"  \/>Autres sujets<\/li><li class=\"\" data-attr=\"135\"><input type=\"checkbox\" name=\"qf[project-category][135]\" value=\"1\"  \/>Professionnalisation<\/li><li class=\"\" data-attr=\"133\"><input type=\"checkbox\" name=\"qf[project-category][133]\" value=\"1\"  \/>Formation continue dans l&#039;entreprise<\/li><\/ul>        \n        <!-- <a class=\"wp-block-button__link submit-filter\">Filtrer<\/a> -->\n    <\/div>\n\n    \n\n    <div class=\"filter-item \" data-url=\"https:\/\/alice.ch\/fr\/recherche\/projets\/\">\n                    <div class=\"title\">Ordre par<\/div>\n        \n                    <ul class=\"filters sortby\"><li class=\"\" data-attr=\"menu_order:asc\"><input type=\"radio\" name=\"qs\" value=\"project-menu_order:asc\"  \/> Par dur\u00e9e (le plus r\u00e9cent en premier)\r<\/li><li class=\"\" data-attr=\"menu_order:desc\"><input type=\"radio\" name=\"qs\" value=\"project-menu_order:desc\"  \/> Par dur\u00e9e (le plus ancien en premier)\r<\/li><li class=\"\" data-attr=\"title:asc\"><input type=\"radio\" name=\"qs\" value=\"project-title:asc\"  \/>A-Z\r<\/li><li class=\"\" data-attr=\"title:desc\"><input type=\"radio\" name=\"qs\" value=\"project-title:desc\"  \/>Z-A<\/li><\/ul>        \n        <!-- <a class=\"wp-block-button__link submit-filter\">Filtrer<\/a> -->\n    <\/div>\n\n    \n\n<form class=\"filter-search\">\n\t<input type=\"text\" name=\"qf[search]\" placeholder=\"Recherche\" value=\"\" \/>\n<\/form>\n<\/div>\n<\/div>\n<\/article>\n<\/div>\n\n\n\n<div class=\"wp-block-group is-style-default is-layout-flow wp-block-group-is-layout-flow\">\n<div class=\"wp-block-query is-layout-flow wp-block-query-is-layout-flow\"><ul class=\"wp-block-post-template is-layout-flow wp-block-post-template-is-layout-flow\"><li class=\"wp-block-post post-71667 project type-project status-publish has-post-thumbnail hentry project-category-systeme-de-formation-continue project-region-ch project-region-eu project-region-international-fr global-category-chancengleichheit-fr global-category-international-fr global-category-internationale-projekte-fr global-category-professionalisierung global-category-qualitaet-fr global-category-weiterbildungssystem-fr global-category-weiterbildungssystem\">\n\n<a class=\"project-item\" href=\"https:\/\/alice.ch\/fr\/project\/villes-apprenantes-de-lunesco\/\" >\n\n\t<div class=\"title\">\n\t\t<h3>Villes apprenantes de l&rsquo;UNESCO<\/h3>\n\t\t<p>Des villes du monde entier s&rsquo;engagent \u00e0 promouvoir l&rsquo;apprentissage inclusif dans tous les domaines de l&rsquo;\u00e9ducation<\/p>\n\t<\/div>\n\t<div class=\"meta\">\n\t\t<div class=\"date\">\u2013<\/div>\n\t\t<div class=\"place\">International<\/div>\n\t<\/div>\n\t<div class=\"more\">\n\t\t<span class=\"button\">en savoir plus<\/span>\n\t<\/div>\n<\/a>\n\n<\/li><li class=\"wp-block-post post-71789 project type-project status-publish has-post-thumbnail hentry project-category-egalite-des-chances project-region-ch-fr project-region-ch project-region-eu global-category-forschung-fr\">\n\n<a class=\"project-item\" href=\"https:\/\/alice.ch\/fr\/project\/qui-frequente-les-caffe-apprendo\/\" >\n\n\t<div class=\"title\">\n\t\t<h3>Qui fr\u00e9quente les Caff\u00e8 APPrendo?\u00a0<\/h3>\n\t\t<p>\u00c9tude sur les utilisatrices et utilisateurs des Caff\u00e8 APPrendo dans le canton du Tessin\u00a0\u00a0<\/p>\n\t<\/div>\n\t<div class=\"meta\">\n\t\t<div class=\"date\">\u2013<\/div>\n\t\t<div class=\"place\">CH<\/div>\n\t<\/div>\n\t<div class=\"more\">\n\t\t<span class=\"button\">en savoir plus<\/span>\n\t<\/div>\n<\/a>\n\n<\/li><li class=\"wp-block-post post-71662 project type-project status-publish has-post-thumbnail hentry project-category-egalite-des-chances project-region-eu project-region-international-fr global-category-chancengleichheit-fr global-category-grundkompetenzen-fr\">\n\n<a class=\"project-item\" href=\"https:\/\/alice.ch\/fr\/project\/enhance-enhancing-adult-learners-voices\/\" >\n\n\t<div class=\"title\">\n\t\t<h3>ENHANCE \u2013 Enhancing Adult Learners Voices\u00a0\u00a0<\/h3>\n\t\t<p><\/p>\n\t<\/div>\n\t<div class=\"meta\">\n\t\t<div class=\"date\">\u2013<\/div>\n\t\t<div class=\"place\">International<\/div>\n\t<\/div>\n\t<div class=\"more\">\n\t\t<span class=\"button\">en savoir plus<\/span>\n\t<\/div>\n<\/a>\n\n<\/li><li class=\"wp-block-post post-73023 project type-project status-publish has-post-thumbnail hentry project-category-numerisation project-region-eu project-region-ue-fr global-category-digitalisierung global-category-digitalli-fr global-category-ia-et-formation-continue\">\n\n<a class=\"project-item\" href=\"https:\/\/alice.ch\/fr\/project\/voices-voices-of-immigrants-creating-empathy-social-cohesion\/\" >\n\n\t<div class=\"title\">\n\t\t<h3>VOICES \u2013 Voices of Immigrants creating Empathy &amp; Social Cohesion<\/h3>\n\t\t<p>Renforcement de la participation sociale et du sentiment d&rsquo;appartenance des personnes migrantes<\/p>\n\t<\/div>\n\t<div class=\"meta\">\n\t\t<div class=\"date\">2025\u20132028<\/div>\n\t\t<div class=\"place\">UE<\/div>\n\t<\/div>\n\t<div class=\"more\">\n\t\t<span class=\"button\">en savoir plus<\/span>\n\t<\/div>\n<\/a>\n\n<\/li><li class=\"wp-block-post post-51627 project type-project status-publish has-post-thumbnail hentry project-category-egalite-des-chances project-region-international-fr\">\n\n<a class=\"project-item\" href=\"https:\/\/alice.ch\/fr\/project\/projet-au-kirghizistan\/\" >\n\n\t<div class=\"title\">\n\t\t<h3>Projet au Kirghizistan<\/h3>\n\t\t<p>Promotion de la formation continue de la population<\/p>\n\t<\/div>\n\t<div class=\"meta\">\n\t\t<div class=\"date\">2023\u20132027<\/div>\n\t\t<div class=\"place\">International<\/div>\n\t<\/div>\n\t<div class=\"more\">\n\t\t<span class=\"button\">en savoir plus<\/span>\n\t<\/div>\n<\/a>\n\n<\/li><li class=\"wp-block-post post-68450 project type-project status-publish has-post-thumbnail hentry project-category-professionnalisation project-region-ch project-region-ch-fr global-category-professionalisierung-fr\">\n\n<a class=\"project-item\" href=\"https:\/\/alice.ch\/fr\/project\/passeport-numerique-de-formation\/\" >\n\n\t<div class=\"title\">\n\t\t<h3>Passeport num\u00e9rique de formation\u00a0<\/h3>\n\t\t<p>Examiner et, si n\u00e9cessaire, mettre en place un passeport num\u00e9rique suisse de formation pour une meilleure visibilit\u00e9 et reconnaissance dans le paysage suisse de la formation continue<\/p>\n\t<\/div>\n\t<div class=\"meta\">\n\t\t<div class=\"date\">2025\u20132026<\/div>\n\t\t<div class=\"place\">CH<\/div>\n\t<\/div>\n\t<div class=\"more\">\n\t\t<span class=\"button\">en savoir plus<\/span>\n\t<\/div>\n<\/a>\n\n<\/li><li class=\"wp-block-post post-68739 project type-project status-publish has-post-thumbnail hentry project-category-numerisation project-region-eu project-region-ue-fr global-category-digitalisierung-fr global-category-ethlae-fr global-category-ia-et-formation-continue global-category-movetia-fr global-category-professionalisierung-fr global-category-projet-ue\">\n\n<a class=\"project-item\" href=\"https:\/\/alice.ch\/fr\/project\/ethlae-emerging-technology-for-holistic-literacy-in-adult-education\/\" >\n\n\t<div class=\"title\">\n\t\t<h3>ETHLAE \u2013 Emerging Technology for Holistic Literacy in Adult Education<\/h3>\n\t\t<p>Saisir et \u00e9valuer les \u00abtechnologies \u00e9mergentes\u00bb pour la promotion des comp\u00e9tences de base<\/p>\n\t<\/div>\n\t<div class=\"meta\">\n\t\t<div class=\"date\">2024\u20132026<\/div>\n\t\t<div class=\"place\">UE<\/div>\n\t<\/div>\n\t<div class=\"more\">\n\t\t<span class=\"button\">en savoir plus<\/span>\n\t<\/div>\n<\/a>\n\n<\/li><li class=\"wp-block-post post-49458 project type-project status-publish has-post-thumbnail hentry project-category-egalite-des-chances project-region-international-fr\">\n\n<a class=\"project-item\" href=\"https:\/\/alice.ch\/fr\/project\/e4emk-deuxieme-phase-du-projet\/\" >\n\n\t<div class=\"title\">\n\t\t<h3>E4E@mk (deuxi\u00e8me phase du projet)<\/h3>\n\t\t<p>Education for Employment in North Macedonia<\/p>\n\t<\/div>\n\t<div class=\"meta\">\n\t\t<div class=\"date\">2022\u20132026<\/div>\n\t\t<div class=\"place\">International<\/div>\n\t<\/div>\n\t<div class=\"more\">\n\t\t<span class=\"button\">en savoir plus<\/span>\n\t<\/div>\n<\/a>\n\n<\/li><li class=\"wp-block-post post-69437 project type-project status-publish has-post-thumbnail hentry project-category-numerisation project-region-eu project-region-ue-fr global-category-digitalisierung-fr global-category-digitalli-fr global-category-ia-et-formation-continue global-category-movetia-fr global-category-professionalisierung global-category-professionalisierung-fr global-category-projet-ue\">\n\n<a class=\"project-item\" href=\"https:\/\/alice.ch\/fr\/project\/digitalli-digital-strategies-for-lifelong-learning-institutions\/\" >\n\n\t<div class=\"title\">\n\t\t<h3>DIGITALLI &#8211; Digital Strategies for Lifelong Learning Institutions<\/h3>\n\t\t<p>Soutenir les organisations de formation continue dans leur transformation num\u00e9rique<\/p>\n\t<\/div>\n\t<div class=\"meta\">\n\t\t<div class=\"date\">2024\u20132026<\/div>\n\t\t<div class=\"place\">UE<\/div>\n\t<\/div>\n\t<div class=\"more\">\n\t\t<span class=\"button\">en savoir plus<\/span>\n\t<\/div>\n<\/a>\n\n<\/li><li class=\"wp-block-post post-66021 project type-project status-publish has-post-thumbnail hentry project-category-weiterbildungssystem project-region-eu project-region-ue-fr global-category-weiterbildungssystem\">\n\n<a class=\"project-item\" href=\"https:\/\/alice.ch\/fr\/project\/boussole-de-linnovation\/\" >\n\n\t<div class=\"title\">\n\t\t<h3>Boussole de l\u2019innovation<\/h3>\n\t\t<p>\u00c9change international entre la FSEA et d\u2019autres institutions d\u2019\u00e9ducation des adultes<\/p>\n\t<\/div>\n\t<div class=\"meta\">\n\t\t<div class=\"date\">2024\u20132026<\/div>\n\t\t<div class=\"place\">UE<\/div>\n\t<\/div>\n\t<div class=\"more\">\n\t\t<span class=\"button\">en savoir plus<\/span>\n\t<\/div>\n<\/a>\n\n<\/li><\/ul>\n\n<nav class=\"wp-block-query-pagination is-content-justification-center is-layout-flex wp-container-core-query-pagination-is-layout-a89b3969 wp-block-query-pagination-is-layout-flex\" aria-label=\"Pagination\">\n\n\n<div class=\"wp-block-query-pagination-numbers\"><span aria-current=\"page\" class=\"page-numbers current\">1<\/span>\n<a class=\"page-numbers\" href=\"?query-0-page=2\">2<\/a>\n<a class=\"page-numbers\" href=\"?query-0-page=3\">3<\/a>\n<span class=\"page-numbers dots\">\u2026<\/span>\n<a class=\"page-numbers\" href=\"?query-0-page=7\">7<\/a><\/div>\n\n<a href=\"\/fr\/wp-json\/wp\/v2\/pages\/17395?query-0-page=2\" class=\"wp-block-query-pagination-next\">Page suivante<\/a>\n<\/nav>\n\n<\/div>\n<\/div>\n\n\n\n<div class=\"wp-block-group is-style-reduced-width is-layout-constrained wp-block-group-is-layout-constrained\">\n<div class=\"wp-block-group is-style-default is-layout-flow wp-block-group-is-layout-flow\">\n<h2 class=\"wp-block-heading\">Contact<\/h2>\n\n\n\n<div class=\"wp-block-columns is-layout-flex wp-container-core-columns-is-layout-28f84493 wp-block-columns-is-layout-flex\">\n<div class=\"wp-block-column is-layout-flow wp-block-column-is-layout-flow\" style=\"flex-basis:50%\"><div class=\"contact-persons\">\n\n\t\t\t\t\t<div class=\"contact-person\">\n\t\t\t\t\tIrena Sgier<br \/>\t\t\t\t\tDirectrice adjointe, Directrice de la recherche, du d\u00e9veloppement et de l\u2019innovation<br \/>\t\t\t\t\t<br \/>\n\t\t\t\t\t\t\t\t\t\t<a href=\"tel:+41 (0)44 319 71 59\">+41 (0)44 319 71 59<\/a><br \/>\t\t\t\t\t<a href=\"mailto:irena.sgier@alice.ch\">irena.sgier@alice.ch<\/a><br \/>\t\t\t\t\t<\/div>\n\t\t\t\t\t<\/div>\n<\/div>\n\n\n\n<div class=\"wp-block-column is-layout-flow wp-block-column-is-layout-flow\" style=\"flex-basis:50%\"><\/div>\n<\/div>\n<\/div>\n<\/div>\n","protected":false},"excerpt":{"rendered":"<p>Projets FSEA Dans le cadre de projets nationaux et internationaux, la FSEA promeut la formation continue en Suisse. Notre portefeuille [&hellip;]<\/p>\n","protected":false},"author":2,"featured_media":20799,"parent":17401,"menu_order":487,"comment_status":"closed","ping_status":"closed","template":"","meta":{"_acf_changed":false,"inline_featured_image":false,"footnotes":""},"class_list":["post-17395","page","type-page","status-publish","has-post-thumbnail","hentry"],"acf":[],"yoast_head":"<!-- This site is optimized with the Yoast SEO plugin v27.3 - https:\/\/yoast.com\/product\/yoast-seo-wordpress\/ -->\n<title>Projets - FSEA<\/title>\n<meta name=\"description\" content=\"Dans la base de donn\u00e9es, vous pouvez filtrer les projets de recherche et de d\u00e9veloppement par crit\u00e8res et par p\u00e9riodes.\" \/>\n<meta name=\"robots\" content=\"index, follow, max-snippet:-1, max-image-preview:large, max-video-preview:-1\" \/>\n<link rel=\"canonical\" href=\"https:\/\/alice.ch\/fr\/recherche\/projets\/\" \/>\n<link rel=\"next\" href=\"https:\/\/alice.ch\/fr\/recherche\/projets\/17395\/?query-0-page=2\" \/>\n<meta property=\"og:locale\" content=\"fr_FR\" \/>\n<meta property=\"og:type\" content=\"article\" \/>\n<meta property=\"og:title\" content=\"Projets - FSEA\" \/>\n<meta property=\"og:description\" content=\"Dans la base de donn\u00e9es, vous pouvez filtrer les projets de recherche et de d\u00e9veloppement par crit\u00e8res et par p\u00e9riodes.\" \/>\n<meta property=\"og:url\" content=\"https:\/\/alice.ch\/fr\/recherche\/projets\/\" \/>\n<meta property=\"og:site_name\" content=\"SVEB\" \/>\n<meta property=\"article:modified_time\" content=\"2023-12-05T13:10:36+00:00\" \/>\n<meta name=\"twitter:card\" content=\"summary_large_image\" \/>\n<meta name=\"twitter:label1\" content=\"Dur\u00e9e de lecture estim\u00e9e\" \/>\n\t<meta name=\"twitter:data1\" content=\"1 minute\" \/>\n<script type=\"application\/ld+json\" class=\"yoast-schema-graph\">{\"@context\":\"https:\\\/\\\/schema.org\",\"@graph\":[{\"@type\":\"WebPage\",\"@id\":\"https:\\\/\\\/alice.ch\\\/fr\\\/recherche\\\/projets\\\/\",\"url\":\"https:\\\/\\\/alice.ch\\\/fr\\\/recherche\\\/projets\\\/\",\"name\":\"Projets - FSEA\",\"isPartOf\":{\"@id\":\"https:\\\/\\\/alice.ch\\\/fr\\\/#website\"},\"primaryImageOfPage\":{\"@id\":\"https:\\\/\\\/alice.ch\\\/fr\\\/recherche\\\/projets\\\/#primaryimage\"},\"image\":{\"@id\":\"https:\\\/\\\/alice.ch\\\/fr\\\/recherche\\\/projets\\\/#primaryimage\"},\"thumbnailUrl\":\"https:\\\/\\\/alice.ch\\\/app\\\/uploads\\\/2022\\\/11\\\/default.jpg\",\"datePublished\":\"2022-08-16T15:02:26+00:00\",\"dateModified\":\"2023-12-05T13:10:36+00:00\",\"description\":\"Dans la base de donn\u00e9es, vous pouvez filtrer les projets de recherche et de d\u00e9veloppement par crit\u00e8res et par p\u00e9riodes.\",\"breadcrumb\":{\"@id\":\"https:\\\/\\\/alice.ch\\\/fr\\\/recherche\\\/projets\\\/#breadcrumb\"},\"inLanguage\":\"fr-FR\",\"potentialAction\":[{\"@type\":\"ReadAction\",\"target\":[\"https:\\\/\\\/alice.ch\\\/fr\\\/recherche\\\/projets\\\/\"]}]},{\"@type\":\"ImageObject\",\"inLanguage\":\"fr-FR\",\"@id\":\"https:\\\/\\\/alice.ch\\\/fr\\\/recherche\\\/projets\\\/#primaryimage\",\"url\":\"https:\\\/\\\/alice.ch\\\/app\\\/uploads\\\/2022\\\/11\\\/default.jpg\",\"contentUrl\":\"https:\\\/\\\/alice.ch\\\/app\\\/uploads\\\/2022\\\/11\\\/default.jpg\",\"width\":1600,\"height\":900},{\"@type\":\"BreadcrumbList\",\"@id\":\"https:\\\/\\\/alice.ch\\\/fr\\\/recherche\\\/projets\\\/#breadcrumb\",\"itemListElement\":[{\"@type\":\"ListItem\",\"position\":1,\"name\":\"Page d'accueil\",\"item\":\"https:\\\/\\\/alice.ch\\\/fr\\\/\"},{\"@type\":\"ListItem\",\"position\":2,\"name\":\"Recherche\",\"item\":\"https:\\\/\\\/alice.ch\\\/fr\\\/recherche\\\/\"},{\"@type\":\"ListItem\",\"position\":3,\"name\":\"Projets\"}]},{\"@type\":\"WebSite\",\"@id\":\"https:\\\/\\\/alice.ch\\\/fr\\\/#website\",\"url\":\"https:\\\/\\\/alice.ch\\\/fr\\\/\",\"name\":\"alice.ch (Adult Learning Information Center) ist das Portal der Weiterbildung in der Schweiz.\",\"description\":\"Schweizerischer Verband f\u00fcr Weiterbildung\",\"publisher\":{\"@id\":\"https:\\\/\\\/alice.ch\\\/fr\\\/#organization\"},\"potentialAction\":[{\"@type\":\"SearchAction\",\"target\":{\"@type\":\"EntryPoint\",\"urlTemplate\":\"https:\\\/\\\/alice.ch\\\/fr\\\/?s={search_term_string}\"},\"query-input\":{\"@type\":\"PropertyValueSpecification\",\"valueRequired\":true,\"valueName\":\"search_term_string\"}}],\"inLanguage\":\"fr-FR\"},{\"@type\":\"Organization\",\"@id\":\"https:\\\/\\\/alice.ch\\\/fr\\\/#organization\",\"name\":\"FSEA F\u00e9d\u00e9ration suisse pour la formation continue\",\"url\":\"https:\\\/\\\/alice.ch\\\/fr\\\/\",\"logo\":{\"@type\":\"ImageObject\",\"inLanguage\":\"fr-FR\",\"@id\":\"https:\\\/\\\/alice.ch\\\/fr\\\/#\\\/schema\\\/logo\\\/image\\\/\",\"url\":\"https:\\\/\\\/alice.ch\\\/app\\\/uploads\\\/2022\\\/07\\\/logo-sveb.png\",\"contentUrl\":\"https:\\\/\\\/alice.ch\\\/app\\\/uploads\\\/2022\\\/07\\\/logo-sveb.png\",\"width\":145,\"height\":64,\"caption\":\"FSEA F\u00e9d\u00e9ration suisse pour la formation continue\"},\"image\":{\"@id\":\"https:\\\/\\\/alice.ch\\\/fr\\\/#\\\/schema\\\/logo\\\/image\\\/\"},\"sameAs\":[\"https:\\\/\\\/www.linkedin.com\\\/company\\\/schweizerischer-verband-fr-weiterbildung-sveb\\\/\"]}]}<\/script>\n<!-- \/ Yoast SEO plugin. -->","yoast_head_json":{"title":"Projets - FSEA","description":"Dans la base de donn\u00e9es, vous pouvez filtrer les projets de recherche et de d\u00e9veloppement par crit\u00e8res et par p\u00e9riodes.","robots":{"index":"index","follow":"follow","max-snippet":"max-snippet:-1","max-image-preview":"max-image-preview:large","max-video-preview":"max-video-preview:-1"},"canonical":"https:\/\/alice.ch\/fr\/recherche\/projets\/","next":"https:\/\/alice.ch\/fr\/recherche\/projets\/17395?query-0-page=2","og_locale":"fr_FR","og_type":"article","og_title":"Projets - FSEA","og_description":"Dans la base de donn\u00e9es, vous pouvez filtrer les projets de recherche et de d\u00e9veloppement par crit\u00e8res et par p\u00e9riodes.","og_url":"https:\/\/alice.ch\/fr\/recherche\/projets\/","og_site_name":"SVEB","article_modified_time":"2023-12-05T13:10:36+00:00","twitter_card":"summary_large_image","twitter_misc":{"Dur\u00e9e de lecture estim\u00e9e":"1 minute"},"schema":{"@context":"https:\/\/schema.org","@graph":[{"@type":"WebPage","@id":"https:\/\/alice.ch\/fr\/recherche\/projets\/","url":"https:\/\/alice.ch\/fr\/recherche\/projets\/","name":"Projets - FSEA","isPartOf":{"@id":"https:\/\/alice.ch\/fr\/#website"},"primaryImageOfPage":{"@id":"https:\/\/alice.ch\/fr\/recherche\/projets\/#primaryimage"},"image":{"@id":"https:\/\/alice.ch\/fr\/recherche\/projets\/#primaryimage"},"thumbnailUrl":"https:\/\/alice.ch\/app\/uploads\/2022\/11\/default.jpg","datePublished":"2022-08-16T15:02:26+00:00","dateModified":"2023-12-05T13:10:36+00:00","description":"Dans la base de donn\u00e9es, vous pouvez filtrer les projets de recherche et de d\u00e9veloppement par crit\u00e8res et par p\u00e9riodes.","breadcrumb":{"@id":"https:\/\/alice.ch\/fr\/recherche\/projets\/#breadcrumb"},"inLanguage":"fr-FR","potentialAction":[{"@type":"ReadAction","target":["https:\/\/alice.ch\/fr\/recherche\/projets\/"]}]},{"@type":"ImageObject","inLanguage":"fr-FR","@id":"https:\/\/alice.ch\/fr\/recherche\/projets\/#primaryimage","url":"https:\/\/alice.ch\/app\/uploads\/2022\/11\/default.jpg","contentUrl":"https:\/\/alice.ch\/app\/uploads\/2022\/11\/default.jpg","width":1600,"height":900},{"@type":"BreadcrumbList","@id":"https:\/\/alice.ch\/fr\/recherche\/projets\/#breadcrumb","itemListElement":[{"@type":"ListItem","position":1,"name":"Page d'accueil","item":"https:\/\/alice.ch\/fr\/"},{"@type":"ListItem","position":2,"name":"Recherche","item":"https:\/\/alice.ch\/fr\/recherche\/"},{"@type":"ListItem","position":3,"name":"Projets"}]},{"@type":"WebSite","@id":"https:\/\/alice.ch\/fr\/#website","url":"https:\/\/alice.ch\/fr\/","name":"alice.ch (Adult Learning Information Center) ist das Portal der Weiterbildung in der Schweiz.","description":"Schweizerischer Verband f\u00fcr Weiterbildung","publisher":{"@id":"https:\/\/alice.ch\/fr\/#organization"},"potentialAction":[{"@type":"SearchAction","target":{"@type":"EntryPoint","urlTemplate":"https:\/\/alice.ch\/fr\/?s={search_term_string}"},"query-input":{"@type":"PropertyValueSpecification","valueRequired":true,"valueName":"search_term_string"}}],"inLanguage":"fr-FR"},{"@type":"Organization","@id":"https:\/\/alice.ch\/fr\/#organization","name":"FSEA F\u00e9d\u00e9ration suisse pour la formation continue","url":"https:\/\/alice.ch\/fr\/","logo":{"@type":"ImageObject","inLanguage":"fr-FR","@id":"https:\/\/alice.ch\/fr\/#\/schema\/logo\/image\/","url":"https:\/\/alice.ch\/app\/uploads\/2022\/07\/logo-sveb.png","contentUrl":"https:\/\/alice.ch\/app\/uploads\/2022\/07\/logo-sveb.png","width":145,"height":64,"caption":"FSEA F\u00e9d\u00e9ration suisse pour la formation continue"},"image":{"@id":"https:\/\/alice.ch\/fr\/#\/schema\/logo\/image\/"},"sameAs":["https:\/\/www.linkedin.com\/company\/schweizerischer-verband-fr-weiterbildung-sveb\/"]}]}},"_links":{"self":[{"href":"https:\/\/alice.ch\/fr\/wp-json\/wp\/v2\/pages\/17395","targetHints":{"allow":["GET"]}}],"collection":[{"href":"https:\/\/alice.ch\/fr\/wp-json\/wp\/v2\/pages"}],"about":[{"href":"https:\/\/alice.ch\/fr\/wp-json\/wp\/v2\/types\/page"}],"author":[{"embeddable":true,"href":"https:\/\/alice.ch\/fr\/wp-json\/wp\/v2\/users\/2"}],"replies":[{"embeddable":true,"href":"https:\/\/alice.ch\/fr\/wp-json\/wp\/v2\/comments?post=17395"}],"version-history":[{"count":12,"href":"https:\/\/alice.ch\/fr\/wp-json\/wp\/v2\/pages\/17395\/revisions"}],"predecessor-version":[{"id":56384,"href":"https:\/\/alice.ch\/fr\/wp-json\/wp\/v2\/pages\/17395\/revisions\/56384"}],"up":[{"embeddable":true,"href":"https:\/\/alice.ch\/fr\/wp-json\/wp\/v2\/pages\/17401"}],"wp:featuredmedia":[{"embeddable":true,"href":"https:\/\/alice.ch\/fr\/wp-json\/wp\/v2\/media\/20799"}],"wp:attachment":[{"href":"https:\/\/alice.ch\/fr\/wp-json\/wp\/v2\/media?parent=17395"}],"curies":[{"name":"wp","href":"https:\/\/api.w.org\/{rel}","templated":true}]}}