{"id":17401,"date":"2022-07-11T11:05:32","date_gmt":"2022-07-11T09:05:32","guid":{"rendered":"https:\/\/projects.atxeit.ch\/sveb\/forschung\/"},"modified":"2024-07-05T11:56:21","modified_gmt":"2024-07-05T09:56:21","slug":"recherche","status":"publish","type":"page","link":"https:\/\/alice.ch\/fr\/recherche\/","title":{"rendered":"Recherche"},"content":{"rendered":"\n<div class=\"wp-block-group is-style-default is-layout-flow wp-block-group-is-layout-flow\">\n<div class=\"wp-block-group is-style-reduced-width is-layout-flow wp-block-group-is-layout-flow\">\n<h1 class=\"wp-block-heading\">La formation continue en tant qu&rsquo;objet de recherche<\/h1>\n\n\n\n<p class=\"is-style-lead\">En comparaison internationale, peu de recherches sont consacr\u00e9es \u00e0 la formation continue en Suisse. La FSEA s&rsquo;est donc engag\u00e9e \u00e0 renforcer la recherche en mati\u00e8re de formation continue en Suisse et.<\/p>\n\n\n\n<p class=\"is-style-default\">Avec ses propres projets de recherche, la FSEA apporte \u00e9galement une contribution scientifique sur divers points centraux.<\/p>\n\n\n\n<div class=\"wp-block-media-text alignwide is-stacked-on-mobile is-style-icon-text\"><figure class=\"wp-block-media-text__media\"><a href=\"https:\/\/alice.ch\/fr\/recherche\/activites-de-recherche\/\"><img decoding=\"async\" width=\"624\" height=\"418\" src=\"https:\/\/alice.ch\/app\/uploads\/2022\/11\/icon-sveb-monitor.jpg\" alt=\"\" class=\"wp-image-6717 size-full\" srcset=\"https:\/\/alice.ch\/app\/uploads\/2022\/11\/icon-sveb-monitor.jpg 624w, https:\/\/alice.ch\/app\/uploads\/2022\/11\/icon-sveb-monitor-300x201.jpg 300w\" sizes=\"(max-width: 624px) 100vw, 624px\" \/><\/a><\/figure><div class=\"wp-block-media-text__content\">\n<h2 class=\"wp-block-heading\"><a href=\"https:\/\/alice.ch\/fr\/recherche\/activites-de-recherche\/\">Activit\u00e9s de recherche de la FSEA<\/a><\/h2>\n\n\n\n<p>La FSEA r\u00e9alise des\u00a0projets\u00a0scientifiques et pratiques\u00a0sur la formation continue.<\/p>\n<\/div><\/div>\n\n\n\n<hr class=\"wp-block-separator has-alpha-channel-opacity is-style-wide\"\/>\n\n\n\n<div class=\"wp-block-media-text alignwide is-stacked-on-mobile is-style-icon-text\"><figure class=\"wp-block-media-text__media\"><a href=\"https:\/\/alice.ch\/fr\/recherche\/developpements-pour-la-pratique\/\"><img decoding=\"async\" width=\"300\" height=\"330\" src=\"https:\/\/alice.ch\/app\/uploads\/2022\/10\/icon-pfeile.png\" alt=\"\" class=\"wp-image-5932 size-full\" srcset=\"https:\/\/alice.ch\/app\/uploads\/2022\/10\/icon-pfeile.png 300w, https:\/\/alice.ch\/app\/uploads\/2022\/10\/icon-pfeile-273x300.png 273w\" sizes=\"(max-width: 300px) 100vw, 300px\" \/><\/a><\/figure><div class=\"wp-block-media-text__content\">\n<h2 class=\"wp-block-heading\"><a href=\"https:\/\/alice.ch\/fr\/recherche\/developpements-pour-la-pratique\/\">D\u00e9veloppements orient\u00e9s vers la pratique<\/a><\/h2>\n\n\n\n<p>Avec des projets de d\u00e9veloppement orient\u00e9s vers la pratique, la FSEA veut contribuer au d\u00e9veloppement et \u00e0 l&rsquo;innovation dans la formation continue.<\/p>\n<\/div><\/div>\n\n\n\n<hr class=\"wp-block-separator has-alpha-channel-opacity is-style-wide\"\/>\n\n\n\n<div class=\"wp-block-media-text alignwide is-stacked-on-mobile is-style-icon-text\"><figure class=\"wp-block-media-text__media\"><a href=\"https:\/\/alice.ch\/fr\/recherche\/reseau-et-echange\/\"><img decoding=\"async\" width=\"300\" height=\"218\" src=\"https:\/\/alice.ch\/app\/uploads\/2022\/10\/icon-network-300x218.png\" alt=\"\" class=\"wp-image-5993 size-medium\" srcset=\"https:\/\/alice.ch\/app\/uploads\/2022\/10\/icon-network-300x218.png 300w, https:\/\/alice.ch\/app\/uploads\/2022\/10\/icon-network.png 316w\" sizes=\"(max-width: 300px) 100vw, 300px\" \/><\/a><\/figure><div class=\"wp-block-media-text__content\">\n<h2 class=\"wp-block-heading\"><a href=\"https:\/\/alice.ch\/fr\/recherche\/reseau-et-echange\/\">R\u00e9seau et \u00e9change<\/a><\/h2>\n\n\n\n<p>Nous d\u00e9veloppons des lignes directrices sur la formation continue et pilotons sa mise en \u0153uvre par de nombreux projets nationaux et europ\u00e9ens.<\/p>\n<\/div><\/div>\n\n\n\n<hr class=\"wp-block-separator has-alpha-channel-opacity is-style-wide\"\/>\n\n\n\n<div class=\"wp-block-media-text alignwide is-stacked-on-mobile is-style-icon-text\"><figure class=\"wp-block-media-text__media\"><a href=\"https:\/\/alice.ch\/fr\/recherche\/think-tank-transit\/\"><img decoding=\"async\" width=\"230\" height=\"202\" src=\"https:\/\/alice.ch\/app\/uploads\/2022\/10\/icon-forschung.png\" alt=\"\" class=\"wp-image-4496 size-full\"\/><\/a><\/figure><div class=\"wp-block-media-text__content\">\n<h2 class=\"wp-block-heading\"><a href=\"https:\/\/alice.ch\/fr\/recherche\/think-tank-transit\/\">Think Tank TRANSIT<\/a><\/h2>\n\n\n\n<p>Le think tank TRANSIT est une plateforme interdisciplinaire pour la formation continue et l&rsquo;apprentissage du futur.&nbsp;Il d\u00e9veloppe des th\u00e8ses, des analyses et des sc\u00e9narios sur le r\u00f4le de la formation continue dans la soci\u00e9t\u00e9.<\/p>\n<\/div><\/div>\n\n\n\n<hr class=\"wp-block-separator has-alpha-channel-opacity is-style-wide\"\/>\n\n\n\n<div class=\"wp-block-media-text alignwide is-stacked-on-mobile is-style-icon-text\"><figure class=\"wp-block-media-text__media\"><a href=\"https:\/\/alice.ch\/fr\/recherche\/projets\/\"><img decoding=\"async\" width=\"1000\" height=\"1200\" src=\"https:\/\/alice.ch\/app\/uploads\/2022\/10\/icon-agenda-1.png\" alt=\"\" class=\"wp-image-5908 size-full\" srcset=\"https:\/\/alice.ch\/app\/uploads\/2022\/10\/icon-agenda-1.png 1000w, https:\/\/alice.ch\/app\/uploads\/2022\/10\/icon-agenda-1-250x300.png 250w, https:\/\/alice.ch\/app\/uploads\/2022\/10\/icon-agenda-1-853x1024.png 853w, https:\/\/alice.ch\/app\/uploads\/2022\/10\/icon-agenda-1-768x922.png 768w\" sizes=\"(max-width: 1000px) 100vw, 1000px\" \/><\/a><\/figure><div class=\"wp-block-media-text__content\">\n<h2 class=\"wp-block-heading\"><a href=\"https:\/\/alice.ch\/fr\/recherche\/projets\/\">Base de donn\u00e9es des projets<\/a> <\/h2>\n\n\n\n<p>La FSEA r\u00e9alise divers projets de recherche et de d\u00e9veloppement. La base de donn\u00e9es des projets offre un aper\u00e7u de l&rsquo;ensemble de nos activit\u00e9s de recherche. Les projets peuvent \u00eatre filtr\u00e9s selon diff\u00e9rents crit\u00e8res.<\/p>\n<\/div><\/div>\n\n\n\n<p><\/p>\n\n\n\n<h2 class=\"wp-block-heading\">Publications et produits<\/h2>\n\n\n\n<div class=\"wp-block-buttons is-layout-flex wp-block-buttons-is-layout-flex\">\n<div class=\"wp-block-button has-custom-width wp-block-button__width-50 is-style-outline is-style-outline--1\"><a class=\"wp-block-button__link wp-element-button\" href=\"https:\/\/alice.ch\/fr\/services\/publications-et-produits\/\">Etudes etc. sur les principaux th\u00e8mes de la formation continue<\/a><\/div>\n<\/div>\n\n\n\n<h2 class=\"wp-block-heading\">Contact<\/h2>\n\n\n\n<div class=\"wp-block-columns is-layout-flex wp-container-core-columns-is-layout-28f84493 wp-block-columns-is-layout-flex\">\n<div class=\"wp-block-column is-layout-flow wp-block-column-is-layout-flow\" style=\"flex-basis:50%\"><div class=\"contact-persons\">\n\n\t\t\t\t\t<div class=\"contact-person\">\n\t\t\t\t\tIrena Sgier<br \/>\t\t\t\t\tDirectrice adjointe, Directrice de la recherche, du d\u00e9veloppement et de l\u2019innovation<br \/>\t\t\t\t\t<br \/>\n\t\t\t\t\t\t\t\t\t\t<a href=\"tel:+41 (0)44 319 71 59\">+41 (0)44 319 71 59<\/a><br \/>\t\t\t\t\t<a href=\"mailto:irena.sgier@alice.ch\">irena.sgier@alice.ch<\/a><br \/>\t\t\t\t\t<\/div>\n\t\t\t\t\t<\/div>\n<\/div>\n\n\n\n<div class=\"wp-block-column is-layout-flow wp-block-column-is-layout-flow\" style=\"flex-basis:50%\"><\/div>\n<\/div>\n<\/div>\n<\/div>\n","protected":false},"excerpt":{"rendered":"<p>La formation continue en tant qu&rsquo;objet de recherche En comparaison internationale, peu de recherches sont consacr\u00e9es \u00e0 la formation continue [&hellip;]<\/p>\n","protected":false},"author":2,"featured_media":20799,"parent":0,"menu_order":314,"comment_status":"closed","ping_status":"closed","template":"","meta":{"_acf_changed":false,"inline_featured_image":false,"footnotes":""},"class_list":["post-17401","page","type-page","status-publish","has-post-thumbnail","hentry"],"acf":[],"yoast_head":"<!-- This site is optimized with the Yoast SEO plugin v27.3 - https:\/\/yoast.com\/product\/yoast-seo-wordpress\/ -->\n<title>Recherche - FSEA<\/title>\n<meta name=\"description\" content=\"La FSEA veut renforcer la recherche en formation continue en Suisse - avec des publications de recherche et des projets de d\u00e9veloppement.\" \/>\n<meta name=\"robots\" content=\"index, follow, max-snippet:-1, max-image-preview:large, max-video-preview:-1\" \/>\n<link rel=\"canonical\" href=\"https:\/\/alice.ch\/fr\/recherche\/\" \/>\n<meta property=\"og:locale\" content=\"fr_FR\" \/>\n<meta property=\"og:type\" content=\"article\" \/>\n<meta property=\"og:title\" content=\"Recherche - FSEA\" \/>\n<meta property=\"og:description\" content=\"La FSEA veut renforcer la recherche en formation continue en Suisse - avec des publications de recherche et des projets de d\u00e9veloppement.\" \/>\n<meta property=\"og:url\" content=\"https:\/\/alice.ch\/fr\/recherche\/\" \/>\n<meta property=\"og:site_name\" content=\"SVEB\" \/>\n<meta property=\"article:modified_time\" content=\"2024-07-05T09:56:21+00:00\" \/>\n<meta property=\"og:image\" content=\"https:\/\/alice.ch\/app\/uploads\/2022\/11\/icon-sveb-monitor.jpg\" \/>\n<meta name=\"twitter:card\" content=\"summary_large_image\" \/>\n<meta name=\"twitter:label1\" content=\"Dur\u00e9e de lecture estim\u00e9e\" \/>\n\t<meta name=\"twitter:data1\" content=\"3 minutes\" \/>\n<script type=\"application\/ld+json\" class=\"yoast-schema-graph\">{\"@context\":\"https:\\\/\\\/schema.org\",\"@graph\":[{\"@type\":\"WebPage\",\"@id\":\"https:\\\/\\\/alice.ch\\\/fr\\\/recherche\\\/\",\"url\":\"https:\\\/\\\/alice.ch\\\/fr\\\/recherche\\\/\",\"name\":\"Recherche - FSEA\",\"isPartOf\":{\"@id\":\"https:\\\/\\\/alice.ch\\\/fr\\\/#website\"},\"primaryImageOfPage\":{\"@id\":\"https:\\\/\\\/alice.ch\\\/fr\\\/recherche\\\/#primaryimage\"},\"image\":{\"@id\":\"https:\\\/\\\/alice.ch\\\/fr\\\/recherche\\\/#primaryimage\"},\"thumbnailUrl\":\"https:\\\/\\\/alice.ch\\\/app\\\/uploads\\\/2022\\\/11\\\/default.jpg\",\"datePublished\":\"2022-07-11T09:05:32+00:00\",\"dateModified\":\"2024-07-05T09:56:21+00:00\",\"description\":\"La FSEA veut renforcer la recherche en formation continue en Suisse - avec des publications de recherche et des projets de d\u00e9veloppement.\",\"breadcrumb\":{\"@id\":\"https:\\\/\\\/alice.ch\\\/fr\\\/recherche\\\/#breadcrumb\"},\"inLanguage\":\"fr-FR\",\"potentialAction\":[{\"@type\":\"ReadAction\",\"target\":[\"https:\\\/\\\/alice.ch\\\/fr\\\/recherche\\\/\"]}]},{\"@type\":\"ImageObject\",\"inLanguage\":\"fr-FR\",\"@id\":\"https:\\\/\\\/alice.ch\\\/fr\\\/recherche\\\/#primaryimage\",\"url\":\"https:\\\/\\\/alice.ch\\\/app\\\/uploads\\\/2022\\\/11\\\/default.jpg\",\"contentUrl\":\"https:\\\/\\\/alice.ch\\\/app\\\/uploads\\\/2022\\\/11\\\/default.jpg\",\"width\":1600,\"height\":900},{\"@type\":\"BreadcrumbList\",\"@id\":\"https:\\\/\\\/alice.ch\\\/fr\\\/recherche\\\/#breadcrumb\",\"itemListElement\":[{\"@type\":\"ListItem\",\"position\":1,\"name\":\"Page d'accueil\",\"item\":\"https:\\\/\\\/alice.ch\\\/fr\\\/\"},{\"@type\":\"ListItem\",\"position\":2,\"name\":\"Recherche\"}]},{\"@type\":\"WebSite\",\"@id\":\"https:\\\/\\\/alice.ch\\\/fr\\\/#website\",\"url\":\"https:\\\/\\\/alice.ch\\\/fr\\\/\",\"name\":\"alice.ch (Adult Learning Information Center) ist das Portal der Weiterbildung in der Schweiz.\",\"description\":\"Schweizerischer Verband f\u00fcr Weiterbildung\",\"publisher\":{\"@id\":\"https:\\\/\\\/alice.ch\\\/fr\\\/#organization\"},\"potentialAction\":[{\"@type\":\"SearchAction\",\"target\":{\"@type\":\"EntryPoint\",\"urlTemplate\":\"https:\\\/\\\/alice.ch\\\/fr\\\/?s={search_term_string}\"},\"query-input\":{\"@type\":\"PropertyValueSpecification\",\"valueRequired\":true,\"valueName\":\"search_term_string\"}}],\"inLanguage\":\"fr-FR\"},{\"@type\":\"Organization\",\"@id\":\"https:\\\/\\\/alice.ch\\\/fr\\\/#organization\",\"name\":\"FSEA F\u00e9d\u00e9ration suisse pour la formation continue\",\"url\":\"https:\\\/\\\/alice.ch\\\/fr\\\/\",\"logo\":{\"@type\":\"ImageObject\",\"inLanguage\":\"fr-FR\",\"@id\":\"https:\\\/\\\/alice.ch\\\/fr\\\/#\\\/schema\\\/logo\\\/image\\\/\",\"url\":\"https:\\\/\\\/alice.ch\\\/app\\\/uploads\\\/2022\\\/07\\\/logo-sveb.png\",\"contentUrl\":\"https:\\\/\\\/alice.ch\\\/app\\\/uploads\\\/2022\\\/07\\\/logo-sveb.png\",\"width\":145,\"height\":64,\"caption\":\"FSEA F\u00e9d\u00e9ration suisse pour la formation continue\"},\"image\":{\"@id\":\"https:\\\/\\\/alice.ch\\\/fr\\\/#\\\/schema\\\/logo\\\/image\\\/\"},\"sameAs\":[\"https:\\\/\\\/www.linkedin.com\\\/company\\\/schweizerischer-verband-fr-weiterbildung-sveb\\\/\"]}]}<\/script>\n<!-- \/ Yoast SEO plugin. -->","yoast_head_json":{"title":"Recherche - FSEA","description":"La FSEA veut renforcer la recherche en formation continue en Suisse - avec des publications de recherche et des projets de d\u00e9veloppement.","robots":{"index":"index","follow":"follow","max-snippet":"max-snippet:-1","max-image-preview":"max-image-preview:large","max-video-preview":"max-video-preview:-1"},"canonical":"https:\/\/alice.ch\/fr\/recherche\/","og_locale":"fr_FR","og_type":"article","og_title":"Recherche - FSEA","og_description":"La FSEA veut renforcer la recherche en formation continue en Suisse - avec des publications de recherche et des projets de d\u00e9veloppement.","og_url":"https:\/\/alice.ch\/fr\/recherche\/","og_site_name":"SVEB","article_modified_time":"2024-07-05T09:56:21+00:00","og_image":[{"url":"https:\/\/alice.ch\/app\/uploads\/2022\/11\/icon-sveb-monitor.jpg","type":"","width":"","height":""}],"twitter_card":"summary_large_image","twitter_misc":{"Dur\u00e9e de lecture estim\u00e9e":"3 minutes"},"schema":{"@context":"https:\/\/schema.org","@graph":[{"@type":"WebPage","@id":"https:\/\/alice.ch\/fr\/recherche\/","url":"https:\/\/alice.ch\/fr\/recherche\/","name":"Recherche - FSEA","isPartOf":{"@id":"https:\/\/alice.ch\/fr\/#website"},"primaryImageOfPage":{"@id":"https:\/\/alice.ch\/fr\/recherche\/#primaryimage"},"image":{"@id":"https:\/\/alice.ch\/fr\/recherche\/#primaryimage"},"thumbnailUrl":"https:\/\/alice.ch\/app\/uploads\/2022\/11\/default.jpg","datePublished":"2022-07-11T09:05:32+00:00","dateModified":"2024-07-05T09:56:21+00:00","description":"La FSEA veut renforcer la recherche en formation continue en Suisse - avec des publications de recherche et des projets de d\u00e9veloppement.","breadcrumb":{"@id":"https:\/\/alice.ch\/fr\/recherche\/#breadcrumb"},"inLanguage":"fr-FR","potentialAction":[{"@type":"ReadAction","target":["https:\/\/alice.ch\/fr\/recherche\/"]}]},{"@type":"ImageObject","inLanguage":"fr-FR","@id":"https:\/\/alice.ch\/fr\/recherche\/#primaryimage","url":"https:\/\/alice.ch\/app\/uploads\/2022\/11\/default.jpg","contentUrl":"https:\/\/alice.ch\/app\/uploads\/2022\/11\/default.jpg","width":1600,"height":900},{"@type":"BreadcrumbList","@id":"https:\/\/alice.ch\/fr\/recherche\/#breadcrumb","itemListElement":[{"@type":"ListItem","position":1,"name":"Page d'accueil","item":"https:\/\/alice.ch\/fr\/"},{"@type":"ListItem","position":2,"name":"Recherche"}]},{"@type":"WebSite","@id":"https:\/\/alice.ch\/fr\/#website","url":"https:\/\/alice.ch\/fr\/","name":"alice.ch (Adult Learning Information Center) ist das Portal der Weiterbildung in der Schweiz.","description":"Schweizerischer Verband f\u00fcr Weiterbildung","publisher":{"@id":"https:\/\/alice.ch\/fr\/#organization"},"potentialAction":[{"@type":"SearchAction","target":{"@type":"EntryPoint","urlTemplate":"https:\/\/alice.ch\/fr\/?s={search_term_string}"},"query-input":{"@type":"PropertyValueSpecification","valueRequired":true,"valueName":"search_term_string"}}],"inLanguage":"fr-FR"},{"@type":"Organization","@id":"https:\/\/alice.ch\/fr\/#organization","name":"FSEA F\u00e9d\u00e9ration suisse pour la formation continue","url":"https:\/\/alice.ch\/fr\/","logo":{"@type":"ImageObject","inLanguage":"fr-FR","@id":"https:\/\/alice.ch\/fr\/#\/schema\/logo\/image\/","url":"https:\/\/alice.ch\/app\/uploads\/2022\/07\/logo-sveb.png","contentUrl":"https:\/\/alice.ch\/app\/uploads\/2022\/07\/logo-sveb.png","width":145,"height":64,"caption":"FSEA F\u00e9d\u00e9ration suisse pour la formation continue"},"image":{"@id":"https:\/\/alice.ch\/fr\/#\/schema\/logo\/image\/"},"sameAs":["https:\/\/www.linkedin.com\/company\/schweizerischer-verband-fr-weiterbildung-sveb\/"]}]}},"_links":{"self":[{"href":"https:\/\/alice.ch\/fr\/wp-json\/wp\/v2\/pages\/17401","targetHints":{"allow":["GET"]}}],"collection":[{"href":"https:\/\/alice.ch\/fr\/wp-json\/wp\/v2\/pages"}],"about":[{"href":"https:\/\/alice.ch\/fr\/wp-json\/wp\/v2\/types\/page"}],"author":[{"embeddable":true,"href":"https:\/\/alice.ch\/fr\/wp-json\/wp\/v2\/users\/2"}],"replies":[{"embeddable":true,"href":"https:\/\/alice.ch\/fr\/wp-json\/wp\/v2\/comments?post=17401"}],"version-history":[{"count":28,"href":"https:\/\/alice.ch\/fr\/wp-json\/wp\/v2\/pages\/17401\/revisions"}],"predecessor-version":[{"id":60887,"href":"https:\/\/alice.ch\/fr\/wp-json\/wp\/v2\/pages\/17401\/revisions\/60887"}],"wp:featuredmedia":[{"embeddable":true,"href":"https:\/\/alice.ch\/fr\/wp-json\/wp\/v2\/media\/20799"}],"wp:attachment":[{"href":"https:\/\/alice.ch\/fr\/wp-json\/wp\/v2\/media?parent=17401"}],"curies":[{"name":"wp","href":"https:\/\/api.w.org\/{rel}","templated":true}]}}