{"id":17406,"date":"2022-07-11T11:05:26","date_gmt":"2022-07-11T09:05:26","guid":{"rendered":"https:\/\/projects.atxeit.ch\/sveb\/qualitaet\/"},"modified":"2024-08-13T11:33:24","modified_gmt":"2024-08-13T09:33:24","slug":"qualite","status":"publish","type":"page","link":"https:\/\/alice.ch\/fr\/qualite\/","title":{"rendered":"Qualit\u00e9"},"content":{"rendered":"\n<div class=\"wp-block-group is-style-reduced-width is-layout-flow wp-block-group-is-layout-flow\">\n<h1 class=\"wp-block-heading\">Le label de qualit\u00e9 eduQua et la promotion de la qualit\u00e9 dans la formation continue<\/h1>\n\n\n\n<p class=\"is-style-lead\">En 2021, pr\u00e8s de 45% des personnes de plus de 16 ans en Suisse ont suivi une formation continue dans des situations de vie tr\u00e8s diverses. De ce fait, le march\u00e9 de la formation continue comprend une tr\u00e8s grande diversit\u00e9 de prestataires, d\u2019offres de formation continue et de formats d\u2019apprentissage dans tous les domaines.<\/p>\n\n\n\n<p>Le succ\u00e8s de la formation continue passe par la qualit\u00e9 des institutions de formation continue et des offres de formation suivies, laquelle joue un r\u00f4le majeur pour tous les participants et participantes. La loi sur la formation continue de 2017 a \u00e9galement mis l\u2019accent sur l\u2019importance de l\u2019assurance et du d\u00e9veloppement de la qualit\u00e9 au niveau l\u00e9gislatif.&nbsp;<\/p>\n\n\n\n<p>La FSEA \u0153uvre \u00e0 la promotion de la qualit\u00e9 dans la formation continue \u00e0 deux niveaux importants\u202f:<\/p>\n\n\n\n<ul class=\"wp-block-list\">\n<li>Depuis 2018, la FSEA est l\u2019unique porteur responsable du label de qualit\u00e9 eduQua, le label des prestataires de formation continue.&nbsp;<\/li>\n\n\n\n<li> Soucieuse de promouvoir la qualit\u00e9 dans la formation continue, la f\u00e9d\u00e9ration se penche sur des th\u00e8mes d\u2019actualit\u00e9 et organise r\u00e9guli\u00e8rement des \u00e9v\u00e9nements nationaux.&nbsp;<\/li>\n<\/ul>\n\n\n\n<div class=\"wp-block-media-text alignwide is-stacked-on-mobile is-style-icon-text\"><figure class=\"wp-block-media-text__media\"><a href=\"https:\/\/alice.ch\/fr\/qualite\/eduqua\/\"><img decoding=\"async\" width=\"350\" height=\"382\" src=\"https:\/\/alice.ch\/app\/uploads\/2022\/10\/icon_eduqua-revision-m-blau-1.png\" alt=\"\" class=\"wp-image-6090 size-full\" srcset=\"https:\/\/alice.ch\/app\/uploads\/2022\/10\/icon_eduqua-revision-m-blau-1.png 350w, https:\/\/alice.ch\/app\/uploads\/2022\/10\/icon_eduqua-revision-m-blau-1-275x300.png 275w\" sizes=\"(max-width: 350px) 100vw, 350px\" \/><\/a><\/figure><div class=\"wp-block-media-text__content\">\n<h2 class=\"wp-block-heading\"><a href=\"https:\/\/alice.ch\/fr\/qualite\/eduqua\/\">eduQua \u2013 le label de qualit\u00e9 de la formation continue<\/a><\/h2>\n\n\n\n<p>Le label de qualit\u00e9 eduQua constitue pour plus de 1100 prestataires la cl\u00e9 de vo\u00fbte de l\u2019assurance et du d\u00e9veloppement de la qualit\u00e9. La norme actuelle eduQua:2021 est centr\u00e9e sur les instituts de formation continue et leurs offres dans tous les domaines de la formation continue. Par le biais de la certification eduQua, les prestataires montrent aux parties prenantes qu\u2019ils remplissent les exigences de qualit\u00e9 \u00e9l\u00e9mentaires en mati\u00e8re de gestion, d\u2019offres de formation continue et de processus d\u2019apprentissage et qu\u2019ils ne cessent de d\u00e9velopper la qualit\u00e9. La FSEA g\u00e8re le Secr\u00e9tariat eduQua et veille au d\u00e9veloppement p\u00e9renne du label.&nbsp;<\/p>\n<\/div><\/div>\n\n\n\n<hr class=\"wp-block-separator has-alpha-channel-opacity is-style-wide\" \/>\n\n\n\n<div class=\"wp-block-media-text alignwide is-stacked-on-mobile is-style-icon-text\"><figure class=\"wp-block-media-text__media\"><a href=\"https:\/\/alice.ch\/fr\/qualite\/qualite-dans-la-formation-continue\/\"><img decoding=\"async\" width=\"250\" height=\"236\" src=\"https:\/\/alice.ch\/app\/uploads\/2022\/10\/icon-eduqua-pdca-kreis.png\" alt=\"\" class=\"wp-image-6094 size-full\" \/><\/a><\/figure><div class=\"wp-block-media-text__content\">\n<h2 class=\"wp-block-heading\"><a href=\"https:\/\/alice.ch\/fr\/qualite\/qualite-dans-la-formation-continue\/\">Promotion de la qualit\u00e9 dans la formation continue<\/a><\/h2>\n\n\n\n<p>Concernant la promotion de la qualit\u00e9 dans la formation continue, la FSEA fait preuve d\u2019initiative, d\u00e9veloppe des activit\u00e9s et documente les aspects importants de la qualit\u00e9, et ce, avec le soutien du Secr\u00e9tariat d\u2019\u00c9tat \u00e0 la formation, \u00e0 la recherche et \u00e0 l\u2019innovation (SEFRI). Le site Internet propose des informations g\u00e9n\u00e9rales sur la garantie et le d\u00e9veloppement de la qualit\u00e9 ainsi que sur les labels de qualit\u00e9 et les normes pertinents. Le d\u00e9partement Qualit\u00e9 dans la formation continue analyse, en collaboration avec des organisations partenaires, des th\u00e8mes d\u2019actualit\u00e9 et organise, avec des sp\u00e9cialistes issus de la science et de la pratique, des ateliers th\u00e9matiques et des journ\u00e9es nationales sur la qualit\u00e9. La FSEA soutient ainsi les efforts de qualit\u00e9 des prestataires et encourage le d\u00e9bat public sur le d\u00e9veloppement de la qualit\u00e9 dans la formation continue.&nbsp;<\/p>\n<\/div><\/div>\n\n\n\n<h2 class=\"wp-block-heading\">Contact<\/h2>\n\n\n\n<div class=\"wp-block-columns is-layout-flex wp-container-core-columns-is-layout-28f84493 wp-block-columns-is-layout-flex\">\n<div class=\"wp-block-column is-layout-flow wp-block-column-is-layout-flow\" style=\"flex-basis:50%\"><div class=\"contact-persons\">\n\n\t\t\t\t\t<div class=\"contact-person\">\n\t\t\t\t\tSecr\u00e9tariat r\u00e9gional eduQua<br \/>\t\t\t\t\tFSEA F\u00e9d\u00e9ration suisse pour la formation continue<br \/>\t\t\t\t\t<br \/>\n\t\t\t\t\tRue de Gen\u00e8ve 88b<br \/>\r\n1004 Lausanne<br \/>\t\t\t\t\t<a href=\"tel:+41 (0)22 994 20 10\">+41 (0)22 994 20 10<\/a><br \/>\t\t\t\t\t<a href=\"mailto:fsea@alice.ch\">fsea@alice.ch<\/a><br \/>\t\t\t\t\t<\/div>\n\t\t\t\t\t<\/div>\n<\/div>\n\n\n\n<div class=\"wp-block-column is-layout-flow wp-block-column-is-layout-flow\" style=\"flex-basis:50%\"><\/div>\n<\/div>\n<\/div>\n","protected":false},"excerpt":{"rendered":"<p>Le label de qualit\u00e9 eduQua et la promotion de la qualit\u00e9 dans la formation continue En 2021, pr\u00e8s de 45% [&hellip;]<\/p>\n","protected":false},"author":4,"featured_media":20799,"parent":0,"menu_order":235,"comment_status":"closed","ping_status":"closed","template":"","meta":{"_acf_changed":false,"inline_featured_image":false,"footnotes":""},"class_list":["post-17406","page","type-page","status-publish","has-post-thumbnail","hentry"],"acf":[],"yoast_head":"<!-- This site is optimized with the Yoast SEO plugin v27.3 - https:\/\/yoast.com\/product\/yoast-seo-wordpress\/ -->\n<title>Qualit\u00e9 - FSEA<\/title>\n<meta name=\"description\" content=\"La FSEA promeut la qualit\u00e9 dans la formation continue en tant qu&#039;organisme responsable du label de qualit\u00e9 eduQua.\" \/>\n<meta name=\"robots\" content=\"index, follow, max-snippet:-1, max-image-preview:large, max-video-preview:-1\" \/>\n<link rel=\"canonical\" href=\"https:\/\/alice.ch\/fr\/qualite\/\" \/>\n<meta property=\"og:locale\" content=\"fr_FR\" \/>\n<meta property=\"og:type\" content=\"article\" \/>\n<meta property=\"og:title\" content=\"Qualit\u00e9 - FSEA\" \/>\n<meta property=\"og:description\" content=\"La FSEA promeut la qualit\u00e9 dans la formation continue en tant qu&#039;organisme responsable du label de qualit\u00e9 eduQua.\" \/>\n<meta property=\"og:url\" content=\"https:\/\/alice.ch\/fr\/qualite\/\" \/>\n<meta property=\"og:site_name\" content=\"SVEB\" \/>\n<meta property=\"article:modified_time\" content=\"2024-08-13T09:33:24+00:00\" \/>\n<meta property=\"og:image\" content=\"https:\/\/alice.ch\/app\/uploads\/2022\/10\/icon_eduqua-revision-m-blau-1.png\" \/>\n<meta name=\"twitter:card\" content=\"summary_large_image\" \/>\n<meta name=\"twitter:label1\" content=\"Dur\u00e9e de lecture estim\u00e9e\" \/>\n\t<meta name=\"twitter:data1\" content=\"3 minutes\" \/>\n<script type=\"application\/ld+json\" class=\"yoast-schema-graph\">{\"@context\":\"https:\\\/\\\/schema.org\",\"@graph\":[{\"@type\":\"WebPage\",\"@id\":\"https:\\\/\\\/alice.ch\\\/fr\\\/qualite\\\/\",\"url\":\"https:\\\/\\\/alice.ch\\\/fr\\\/qualite\\\/\",\"name\":\"Qualit\u00e9 - FSEA\",\"isPartOf\":{\"@id\":\"https:\\\/\\\/alice.ch\\\/fr\\\/#website\"},\"primaryImageOfPage\":{\"@id\":\"https:\\\/\\\/alice.ch\\\/fr\\\/qualite\\\/#primaryimage\"},\"image\":{\"@id\":\"https:\\\/\\\/alice.ch\\\/fr\\\/qualite\\\/#primaryimage\"},\"thumbnailUrl\":\"https:\\\/\\\/alice.ch\\\/app\\\/uploads\\\/2022\\\/11\\\/default.jpg\",\"datePublished\":\"2022-07-11T09:05:26+00:00\",\"dateModified\":\"2024-08-13T09:33:24+00:00\",\"description\":\"La FSEA promeut la qualit\u00e9 dans la formation continue en tant qu'organisme responsable du label de qualit\u00e9 eduQua.\",\"breadcrumb\":{\"@id\":\"https:\\\/\\\/alice.ch\\\/fr\\\/qualite\\\/#breadcrumb\"},\"inLanguage\":\"fr-FR\",\"potentialAction\":[{\"@type\":\"ReadAction\",\"target\":[\"https:\\\/\\\/alice.ch\\\/fr\\\/qualite\\\/\"]}]},{\"@type\":\"ImageObject\",\"inLanguage\":\"fr-FR\",\"@id\":\"https:\\\/\\\/alice.ch\\\/fr\\\/qualite\\\/#primaryimage\",\"url\":\"https:\\\/\\\/alice.ch\\\/app\\\/uploads\\\/2022\\\/11\\\/default.jpg\",\"contentUrl\":\"https:\\\/\\\/alice.ch\\\/app\\\/uploads\\\/2022\\\/11\\\/default.jpg\",\"width\":1600,\"height\":900},{\"@type\":\"BreadcrumbList\",\"@id\":\"https:\\\/\\\/alice.ch\\\/fr\\\/qualite\\\/#breadcrumb\",\"itemListElement\":[{\"@type\":\"ListItem\",\"position\":1,\"name\":\"Page d'accueil\",\"item\":\"https:\\\/\\\/alice.ch\\\/fr\\\/\"},{\"@type\":\"ListItem\",\"position\":2,\"name\":\"Qualit\u00e9\"}]},{\"@type\":\"WebSite\",\"@id\":\"https:\\\/\\\/alice.ch\\\/fr\\\/#website\",\"url\":\"https:\\\/\\\/alice.ch\\\/fr\\\/\",\"name\":\"alice.ch (Adult Learning Information Center) ist das Portal der Weiterbildung in der Schweiz.\",\"description\":\"Schweizerischer Verband f\u00fcr Weiterbildung\",\"publisher\":{\"@id\":\"https:\\\/\\\/alice.ch\\\/fr\\\/#organization\"},\"potentialAction\":[{\"@type\":\"SearchAction\",\"target\":{\"@type\":\"EntryPoint\",\"urlTemplate\":\"https:\\\/\\\/alice.ch\\\/fr\\\/?s={search_term_string}\"},\"query-input\":{\"@type\":\"PropertyValueSpecification\",\"valueRequired\":true,\"valueName\":\"search_term_string\"}}],\"inLanguage\":\"fr-FR\"},{\"@type\":\"Organization\",\"@id\":\"https:\\\/\\\/alice.ch\\\/fr\\\/#organization\",\"name\":\"FSEA F\u00e9d\u00e9ration suisse pour la formation continue\",\"url\":\"https:\\\/\\\/alice.ch\\\/fr\\\/\",\"logo\":{\"@type\":\"ImageObject\",\"inLanguage\":\"fr-FR\",\"@id\":\"https:\\\/\\\/alice.ch\\\/fr\\\/#\\\/schema\\\/logo\\\/image\\\/\",\"url\":\"https:\\\/\\\/alice.ch\\\/app\\\/uploads\\\/2022\\\/07\\\/logo-sveb.png\",\"contentUrl\":\"https:\\\/\\\/alice.ch\\\/app\\\/uploads\\\/2022\\\/07\\\/logo-sveb.png\",\"width\":145,\"height\":64,\"caption\":\"FSEA F\u00e9d\u00e9ration suisse pour la formation continue\"},\"image\":{\"@id\":\"https:\\\/\\\/alice.ch\\\/fr\\\/#\\\/schema\\\/logo\\\/image\\\/\"},\"sameAs\":[\"https:\\\/\\\/www.linkedin.com\\\/company\\\/schweizerischer-verband-fr-weiterbildung-sveb\\\/\"]}]}<\/script>\n<!-- \/ Yoast SEO plugin. -->","yoast_head_json":{"title":"Qualit\u00e9 - FSEA","description":"La FSEA promeut la qualit\u00e9 dans la formation continue en tant qu'organisme responsable du label de qualit\u00e9 eduQua.","robots":{"index":"index","follow":"follow","max-snippet":"max-snippet:-1","max-image-preview":"max-image-preview:large","max-video-preview":"max-video-preview:-1"},"canonical":"https:\/\/alice.ch\/fr\/qualite\/","og_locale":"fr_FR","og_type":"article","og_title":"Qualit\u00e9 - FSEA","og_description":"La FSEA promeut la qualit\u00e9 dans la formation continue en tant qu'organisme responsable du label de qualit\u00e9 eduQua.","og_url":"https:\/\/alice.ch\/fr\/qualite\/","og_site_name":"SVEB","article_modified_time":"2024-08-13T09:33:24+00:00","og_image":[{"url":"https:\/\/alice.ch\/app\/uploads\/2022\/10\/icon_eduqua-revision-m-blau-1.png","type":"","width":"","height":""}],"twitter_card":"summary_large_image","twitter_misc":{"Dur\u00e9e de lecture estim\u00e9e":"3 minutes"},"schema":{"@context":"https:\/\/schema.org","@graph":[{"@type":"WebPage","@id":"https:\/\/alice.ch\/fr\/qualite\/","url":"https:\/\/alice.ch\/fr\/qualite\/","name":"Qualit\u00e9 - FSEA","isPartOf":{"@id":"https:\/\/alice.ch\/fr\/#website"},"primaryImageOfPage":{"@id":"https:\/\/alice.ch\/fr\/qualite\/#primaryimage"},"image":{"@id":"https:\/\/alice.ch\/fr\/qualite\/#primaryimage"},"thumbnailUrl":"https:\/\/alice.ch\/app\/uploads\/2022\/11\/default.jpg","datePublished":"2022-07-11T09:05:26+00:00","dateModified":"2024-08-13T09:33:24+00:00","description":"La FSEA promeut la qualit\u00e9 dans la formation continue en tant qu'organisme responsable du label de qualit\u00e9 eduQua.","breadcrumb":{"@id":"https:\/\/alice.ch\/fr\/qualite\/#breadcrumb"},"inLanguage":"fr-FR","potentialAction":[{"@type":"ReadAction","target":["https:\/\/alice.ch\/fr\/qualite\/"]}]},{"@type":"ImageObject","inLanguage":"fr-FR","@id":"https:\/\/alice.ch\/fr\/qualite\/#primaryimage","url":"https:\/\/alice.ch\/app\/uploads\/2022\/11\/default.jpg","contentUrl":"https:\/\/alice.ch\/app\/uploads\/2022\/11\/default.jpg","width":1600,"height":900},{"@type":"BreadcrumbList","@id":"https:\/\/alice.ch\/fr\/qualite\/#breadcrumb","itemListElement":[{"@type":"ListItem","position":1,"name":"Page d'accueil","item":"https:\/\/alice.ch\/fr\/"},{"@type":"ListItem","position":2,"name":"Qualit\u00e9"}]},{"@type":"WebSite","@id":"https:\/\/alice.ch\/fr\/#website","url":"https:\/\/alice.ch\/fr\/","name":"alice.ch (Adult Learning Information Center) ist das Portal der Weiterbildung in der Schweiz.","description":"Schweizerischer Verband f\u00fcr Weiterbildung","publisher":{"@id":"https:\/\/alice.ch\/fr\/#organization"},"potentialAction":[{"@type":"SearchAction","target":{"@type":"EntryPoint","urlTemplate":"https:\/\/alice.ch\/fr\/?s={search_term_string}"},"query-input":{"@type":"PropertyValueSpecification","valueRequired":true,"valueName":"search_term_string"}}],"inLanguage":"fr-FR"},{"@type":"Organization","@id":"https:\/\/alice.ch\/fr\/#organization","name":"FSEA F\u00e9d\u00e9ration suisse pour la formation continue","url":"https:\/\/alice.ch\/fr\/","logo":{"@type":"ImageObject","inLanguage":"fr-FR","@id":"https:\/\/alice.ch\/fr\/#\/schema\/logo\/image\/","url":"https:\/\/alice.ch\/app\/uploads\/2022\/07\/logo-sveb.png","contentUrl":"https:\/\/alice.ch\/app\/uploads\/2022\/07\/logo-sveb.png","width":145,"height":64,"caption":"FSEA F\u00e9d\u00e9ration suisse pour la formation continue"},"image":{"@id":"https:\/\/alice.ch\/fr\/#\/schema\/logo\/image\/"},"sameAs":["https:\/\/www.linkedin.com\/company\/schweizerischer-verband-fr-weiterbildung-sveb\/"]}]}},"_links":{"self":[{"href":"https:\/\/alice.ch\/fr\/wp-json\/wp\/v2\/pages\/17406","targetHints":{"allow":["GET"]}}],"collection":[{"href":"https:\/\/alice.ch\/fr\/wp-json\/wp\/v2\/pages"}],"about":[{"href":"https:\/\/alice.ch\/fr\/wp-json\/wp\/v2\/types\/page"}],"author":[{"embeddable":true,"href":"https:\/\/alice.ch\/fr\/wp-json\/wp\/v2\/users\/4"}],"replies":[{"embeddable":true,"href":"https:\/\/alice.ch\/fr\/wp-json\/wp\/v2\/comments?post=17406"}],"version-history":[{"count":14,"href":"https:\/\/alice.ch\/fr\/wp-json\/wp\/v2\/pages\/17406\/revisions"}],"predecessor-version":[{"id":61418,"href":"https:\/\/alice.ch\/fr\/wp-json\/wp\/v2\/pages\/17406\/revisions\/61418"}],"wp:featuredmedia":[{"embeddable":true,"href":"https:\/\/alice.ch\/fr\/wp-json\/wp\/v2\/media\/20799"}],"wp:attachment":[{"href":"https:\/\/alice.ch\/fr\/wp-json\/wp\/v2\/media?parent=17406"}],"curies":[{"name":"wp","href":"https:\/\/api.w.org\/{rel}","templated":true}]}}