{"id":17415,"date":"2022-07-11T11:05:20","date_gmt":"2022-07-11T09:05:20","guid":{"rendered":"https:\/\/projects.atxeit.ch\/sveb\/professionalisierung\/"},"modified":"2025-02-05T10:48:53","modified_gmt":"2025-02-05T09:48:53","slug":"professionnalisation","status":"publish","type":"page","link":"https:\/\/alice.ch\/fr\/professionnalisation\/","title":{"rendered":"Professionnalisation"},"content":{"rendered":"\n<div class=\"wp-block-group is-style-reduced-width is-layout-flow wp-block-group-is-layout-flow\">\n<h1 class=\"wp-block-heading\">Professionnalisation<\/h1>\n\n\n\n<p class=\"is-style-lead\">\u00catre un expert ou une experte dans son propre m\u00e9tier ne signifie pas n\u00e9cessairement que l\u2019on sait bien transmettre ses connaissances et son exp\u00e9rience aux autres.&nbsp;La FSEA s\u2019engage depuis des ann\u00e9es pour des formatrices et formateurs professionnels ainsi que pour des cours et des offres de formation de haute qualit\u00e9 dans la formation initiale et continue d\u2019adultes.<\/p>\n\n\n\n<p>Il s\u2019agit de garantir un niveau de qualification des formateurs et formatrices \u00e0 la hauteur des exigences professionnelles. <a href=\"https:\/\/alice.ch\/fr\/professionnalisation\/systeme-modulaire-ffa\/cours-modulaires-ffa-reconnus\/\"><strong>Rechercher un institut de formation FFA.<\/strong><\/a><\/p>\n\n\n\n<p>Le syst\u00e8me suisse de formation professionnelle conna\u00eet depuis longtemps diff\u00e9rents profils d\u2019exigences pour les personnes engag\u00e9es dans la formation professionnelle initiale et dans la formation professionnelle sup\u00e9rieure.&nbsp;<\/p>\n\n\n\n<p>Afin de favoriser la qualification des sp\u00e9cialistes de la formation continue, la FSEA a pris l\u2019initiative de d\u00e9velopper le syst\u00e8me \u00ab\u202fFormation des formateurs et formatrices\u202fd\u2019adultes \u00bb, en abr\u00e9g\u00e9 FFA. Ce syst\u00e8me permet une qualification cibl\u00e9e des personnes pour la formation initiale et continue d\u2019adultes de toutes les branches.<\/p>\n\n\n\n<div class=\"wp-block-group is-layout-flow wp-block-group-is-layout-flow\">\n<div class=\"wp-block-columns is-style-accordion is-layout-flex wp-container-core-columns-is-layout-28f84493 wp-block-columns-is-layout-flex\" id=\"faq-element-1\">\n<div class=\"wp-block-column is-layout-flow wp-block-column-is-layout-flow\">\n<h2 class=\"wp-block-heading\">R\u00e9vision du syst\u00e8me FFA<\/h2>\n<\/div>\n\n\n\n<div class=\"wp-block-column is-layout-flow wp-block-column-is-layout-flow\">\n<p>Le syst\u00e8me FFA est un pilier reconnu et important dans le paysage de la formation suisse et doit \u00eatre entretenu. La derni\u00e8re r\u00e9vision du syst\u00e8me modulaire 2024 met l\u2019accent sur trois th\u00e8mes\u202f: la num\u00e9risation, l\u2019orientation sur les comp\u00e9tences et la flexibilit\u00e9. Les candidats et candidates ont d\u00e9sormais la possibilit\u00e9 d\u2019approfondir les comp\u00e9tences qui leur sont particuli\u00e8rement utiles. Il s\u2019agit de d\u00e9velopper les comp\u00e9tences personnelles des formateurs et formatrices. La conception des r\u00f4les \u00e9volue de la transmission vers l\u2019accompagnement des processus, ce qui permet de d\u00e9velopper le rapport apprentissage\/enseignement au profit de la relation. Et bien entendu, il est fait appel \u00e0 des m\u00e9dias ax\u00e9s sur la technologie dans l\u2019ensemble du syst\u00e8me modulaire.<\/p>\n<\/div>\n<\/div>\n<\/div>\n\n\n\n<div class=\"wp-block-media-text alignwide is-stacked-on-mobile is-style-icon-text\"><figure class=\"wp-block-media-text__media\"><a href=\"https:\/\/alice.ch\/fr\/professionnalisation\/devenir-formateur-trice-dadultes\/\"><img decoding=\"async\" width=\"745\" height=\"1024\" src=\"https:\/\/alice.ch\/app\/uploads\/2022\/11\/icon-mitarbeitende-ada-745x1024.png\" alt=\"\" class=\"wp-image-9489 size-full\" srcset=\"https:\/\/alice.ch\/app\/uploads\/2022\/11\/icon-mitarbeitende-ada-745x1024.png 745w, https:\/\/alice.ch\/app\/uploads\/2022\/11\/icon-mitarbeitende-ada-218x300.png 218w, https:\/\/alice.ch\/app\/uploads\/2022\/11\/icon-mitarbeitende-ada-768x1056.png 768w, https:\/\/alice.ch\/app\/uploads\/2022\/11\/icon-mitarbeitende-ada-1117x1536.png 1117w, https:\/\/alice.ch\/app\/uploads\/2022\/11\/icon-mitarbeitende-ada-1489x2048.png 1489w, https:\/\/alice.ch\/app\/uploads\/2022\/11\/icon-mitarbeitende-ada.png 1600w\" sizes=\"(max-width: 745px) 100vw, 745px\" \/><\/a><\/figure><div class=\"wp-block-media-text__content\">\n<h2 class=\"wp-block-heading\"><a href=\"https:\/\/alice.ch\/fr\/professionnalisation\/devenir-formateur-trice-dadultes\/\">La formation d&rsquo;adultes comme profession<\/a><\/h2>\n\n\n\n<p>Transmission des connaissances et du savoir-faire de mani\u00e8re comp\u00e9tente et professionnelle<\/p>\n<\/div><\/div>\n\n\n\n<hr class=\"wp-block-separator has-alpha-channel-opacity is-style-wide\" \/>\n\n\n\n<div class=\"wp-block-media-text alignwide is-stacked-on-mobile is-style-icon-text\"><figure class=\"wp-block-media-text__media\"><a href=\"https:\/\/alice.ch\/fr\/professionnalisation\/systeme-modulaire-ffa\/\"><img decoding=\"async\" width=\"460\" height=\"460\" src=\"https:\/\/alice.ch\/app\/uploads\/2022\/11\/icon-ada-baukastensystem.png\" alt=\"\" class=\"wp-image-9469 size-full\" srcset=\"https:\/\/alice.ch\/app\/uploads\/2022\/11\/icon-ada-baukastensystem.png 460w, https:\/\/alice.ch\/app\/uploads\/2022\/11\/icon-ada-baukastensystem-300x300.png 300w, https:\/\/alice.ch\/app\/uploads\/2022\/11\/icon-ada-baukastensystem-150x150.png 150w\" sizes=\"(max-width: 460px) 100vw, 460px\" \/><\/a><\/figure><div class=\"wp-block-media-text__content\">\n<h2 class=\"wp-block-heading\"><a href=\"https:\/\/alice.ch\/fr\/professionnalisation\/systeme-modulaire-ffa\/\">Syst\u00e8me modulaire FFA<\/a><\/h2>\n\n\n\n<p>Pr\u00e9sentation et explication du syst\u00e8me modulaire FFA&nbsp;<\/p>\n<\/div><\/div>\n\n\n\n<hr class=\"wp-block-separator has-alpha-channel-opacity is-style-wide\" \/>\n\n\n\n<div class=\"wp-block-media-text alignwide is-stacked-on-mobile is-style-icon-text\"><figure class=\"wp-block-media-text__media\"><a href=\"https:\/\/alice.ch\/fr\/professionnalisation\/certificats-de-formatrice-formateur-dadultes\/\"><img decoding=\"async\" width=\"363\" height=\"384\" src=\"https:\/\/alice.ch\/app\/uploads\/2022\/11\/icon-beitraege-ada.png\" alt=\"\" class=\"wp-image-9477 size-full\" srcset=\"https:\/\/alice.ch\/app\/uploads\/2022\/11\/icon-beitraege-ada.png 363w, https:\/\/alice.ch\/app\/uploads\/2022\/11\/icon-beitraege-ada-284x300.png 284w\" sizes=\"(max-width: 363px) 100vw, 363px\" \/><\/a><\/figure><div class=\"wp-block-media-text__content\">\n<h2 class=\"wp-block-heading\"><a href=\"https:\/\/alice.ch\/fr\/professionnalisation\/certificats-de-formatrice-formateur-dadultes\/\">Certificats FSEA de formatrice\/formateur<\/a><\/h2>\n\n\n\n<p>Informations sur les certificats de niveau I&nbsp;<\/p>\n<\/div><\/div>\n\n\n\n<hr class=\"wp-block-separator has-alpha-channel-opacity is-style-wide\" \/>\n\n\n\n<div class=\"wp-block-media-text alignwide is-stacked-on-mobile is-style-icon-text\"><figure class=\"wp-block-media-text__media\"><a href=\"https:\/\/alice.ch\/fr\/professionnalisation\/brevet-federal-formatrice-formateur-dadultes-ffa\/\"><img decoding=\"async\" src=\"https:\/\/alice.ch\/app\/uploads\/2022\/11\/icon_zertifikat-ada-783x1024.png\" alt=\"\" class=\"wp-image-9473 size-full\" \/><\/a><\/figure><div class=\"wp-block-media-text__content\">\n<h2 class=\"wp-block-heading\"><a href=\"https:\/\/alice.ch\/fr\/professionnalisation\/brevet-federal-formatrice-formateur-dadultes-ffa\/\">Brevet f\u00e9d\u00e9ral de formatrice\/formateur<\/a><\/h2>\n\n\n\n<p>Informations sur les modules et les certificats de niveau II, explications relatives \u00e0 l\u2019examen final&nbsp;<\/p>\n<\/div><\/div>\n\n\n\n<hr class=\"wp-block-separator has-alpha-channel-opacity is-style-wide\" \/>\n\n\n\n<div class=\"wp-block-media-text alignwide is-stacked-on-mobile is-style-icon-text\"><figure class=\"wp-block-media-text__media\"><a href=\"https:\/\/alice.ch\/fr\/professionnalisation\/gestion-de-la-formation-et-expertise-en-matiere-de-formation\/\"><img decoding=\"async\" width=\"843\" height=\"1024\" src=\"https:\/\/alice.ch\/app\/uploads\/2022\/11\/icon-eidg-diplome-ada-843x1024.png\" alt=\"\" class=\"wp-image-9481 size-full\" srcset=\"https:\/\/alice.ch\/app\/uploads\/2022\/11\/icon-eidg-diplome-ada-843x1024.png 843w, https:\/\/alice.ch\/app\/uploads\/2022\/11\/icon-eidg-diplome-ada-247x300.png 247w, https:\/\/alice.ch\/app\/uploads\/2022\/11\/icon-eidg-diplome-ada-768x933.png 768w, https:\/\/alice.ch\/app\/uploads\/2022\/11\/icon-eidg-diplome-ada-1265x1536.png 1265w, https:\/\/alice.ch\/app\/uploads\/2022\/11\/icon-eidg-diplome-ada.png 1400w\" sizes=\"(max-width: 843px) 100vw, 843px\" \/><\/a><\/figure><div class=\"wp-block-media-text__content\">\n<h2 class=\"wp-block-heading\"><a href=\"https:\/\/alice.ch\/fr\/professionnalisation\/gestion-de-la-formation-et-expertise-en-matiere-de-formation\/\">Gestion de la formation et expertise en mati\u00e8re de formation<\/a><\/h2>\n\n\n\n<p>Informations sur les certificats de niveau III&nbsp;<\/p>\n<\/div><\/div>\n\n\n\n<hr class=\"wp-block-separator has-alpha-channel-opacity is-style-wide\" \/>\n\n\n\n<div class=\"wp-block-media-text alignwide is-stacked-on-mobile is-style-icon-text\"><figure class=\"wp-block-media-text__media\"><a href=\"https:\/\/alice.ch\/fr\/professionnalisation\/certificats-de-formation-continue-fsea\/\"><img decoding=\"async\" width=\"827\" height=\"1024\" src=\"https:\/\/alice.ch\/app\/uploads\/2022\/11\/icon-zertifikat-kursleiterin-ada-827x1024.png\" alt=\"\" class=\"wp-image-9497 size-medium\" srcset=\"https:\/\/alice.ch\/app\/uploads\/2022\/11\/icon-zertifikat-kursleiterin-ada-827x1024.png 827w, https:\/\/alice.ch\/app\/uploads\/2022\/11\/icon-zertifikat-kursleiterin-ada-242x300.png 242w, https:\/\/alice.ch\/app\/uploads\/2022\/11\/icon-zertifikat-kursleiterin-ada-768x951.png 768w, https:\/\/alice.ch\/app\/uploads\/2022\/11\/icon-zertifikat-kursleiterin-ada-1240x1536.png 1240w, https:\/\/alice.ch\/app\/uploads\/2022\/11\/icon-zertifikat-kursleiterin-ada.png 1443w\" sizes=\"(max-width: 827px) 100vw, 827px\" \/><\/a><\/figure><div class=\"wp-block-media-text__content\">\n<h2 class=\"wp-block-heading\"><a href=\"https:\/\/alice.ch\/fr\/professionnalisation\/certificats-de-formation-continue-fsea\/\">Certificats de formation continue FSEA<\/a><\/h2>\n\n\n\n<p>Qualifications compl\u00e9mentaires aux certificats&nbsp;<\/p>\n<\/div><\/div>\n\n\n\n<hr class=\"wp-block-separator has-alpha-channel-opacity is-style-wide\" \/>\n\n\n\n<div class=\"wp-block-media-text alignwide is-stacked-on-mobile is-style-icon-text\"><figure class=\"wp-block-media-text__media\"><a href=\"https:\/\/alice.ch\/fr\/professionnalisation\/validation-des-acquis-va\/\"><img decoding=\"async\" width=\"1024\" height=\"853\" src=\"https:\/\/alice.ch\/app\/uploads\/2022\/11\/Icons-arbeitsplatz-ada-1024x853.png\" alt=\"\" class=\"wp-image-9501 size-thumbnail\" srcset=\"https:\/\/alice.ch\/app\/uploads\/2022\/11\/Icons-arbeitsplatz-ada-1024x853.png 1024w, https:\/\/alice.ch\/app\/uploads\/2022\/11\/Icons-arbeitsplatz-ada-300x250.png 300w, https:\/\/alice.ch\/app\/uploads\/2022\/11\/Icons-arbeitsplatz-ada-768x640.png 768w, https:\/\/alice.ch\/app\/uploads\/2022\/11\/Icons-arbeitsplatz-ada.png 1200w\" sizes=\"(max-width: 1024px) 100vw, 1024px\" \/><\/a><\/figure><div class=\"wp-block-media-text__content\">\n<h2 class=\"wp-block-heading\"><a href=\"https:\/\/alice.ch\/fr\/professionnalisation\/validation-des-acquis-va\/\">Validation des acquis<\/a><\/h2>\n\n\n\n<p>Une proc\u00e9dure de qualification reconnue par la Conf\u00e9d\u00e9ration, qui permet aux formateurs et formatrices exp\u00e9riment\u00e9s d\u2019obtenir les certificats de modules justifiant des comp\u00e9tences et de l\u2019exp\u00e9rience pratique correspondantes.<\/p>\n<\/div><\/div>\n\n\n\n<hr class=\"wp-block-separator has-alpha-channel-opacity is-style-wide\" \/>\n\n\n\n<div class=\"wp-block-media-text alignwide is-stacked-on-mobile is-style-icon-text\"><figure class=\"wp-block-media-text__media\"><a href=\"https:\/\/alice.ch\/fr\/professionnalisation\/prestataires-ffa\/\"><img decoding=\"async\" width=\"1024\" height=\"977\" src=\"https:\/\/alice.ch\/app\/uploads\/2022\/11\/icon-mitglieder-ada-1024x977.png\" alt=\"\" class=\"wp-image-9493 size-full\" srcset=\"https:\/\/alice.ch\/app\/uploads\/2022\/11\/icon-mitglieder-ada-1024x977.png 1024w, https:\/\/alice.ch\/app\/uploads\/2022\/11\/icon-mitglieder-ada-300x286.png 300w, https:\/\/alice.ch\/app\/uploads\/2022\/11\/icon-mitglieder-ada-768x733.png 768w, https:\/\/alice.ch\/app\/uploads\/2022\/11\/icon-mitglieder-ada.png 1100w\" sizes=\"(max-width: 1024px) 100vw, 1024px\" \/><\/a><\/figure><div class=\"wp-block-media-text__content\">\n<h2 class=\"wp-block-heading\"><a href=\"https:\/\/alice.ch\/fr\/professionnalisation\/prestataires-ffa\/\">Prestataires FFA<\/a><\/h2>\n\n\n\n<p>Comment les institutions peuvent-elles devenir des prestataires FFA agr\u00e9\u00e9s ? Informations sur la proc\u00e9dure, informations pour les prestataires existants et sur les Journ\u00e9es FFA.&nbsp;<\/p>\n<\/div><\/div>\n\n\n\n<h2 class=\"wp-block-heading\">Contact<\/h2>\n\n\n\n<div class=\"wp-block-columns is-layout-flex wp-container-core-columns-is-layout-28f84493 wp-block-columns-is-layout-flex\">\n<div class=\"wp-block-column is-layout-flow wp-block-column-is-layout-flow\" style=\"flex-basis:50%\"><div class=\"contact-persons\">\n\n\t\t\t\t\t<div class=\"contact-person\">\n\t\t\t\t\tFSEA F\u00e9d\u00e9ration suisse pour la formation continue<br \/>\t\t\t\t\t\t\t\t\t\t<br \/>\n\t\t\t\t\tSecr\u00e9tariat romand<br \/>\r\nRue de Gen\u00e8ve 88b<br \/>\r\n1004 Lausanne<br \/>\t\t\t\t\t<a href=\"tel:+41 (0)22 994 20 10\">+41 (0)22 994 20 10<\/a><br \/>\t\t\t\t\t<a href=\"mailto:fsea@alice.ch\">fsea@alice.ch<\/a><br \/>\t\t\t\t\t<\/div>\n\t\t\t\t\t<\/div>\n<\/div>\n\n\n\n<div class=\"wp-block-column is-layout-flow wp-block-column-is-layout-flow\" style=\"flex-basis:50%\"><\/div>\n<\/div>\n<\/div>\n","protected":false},"excerpt":{"rendered":"<p>Professionnalisation \u00catre un expert ou une experte dans son propre m\u00e9tier ne signifie pas n\u00e9cessairement que l\u2019on sait bien transmettre [&hellip;]<\/p>\n","protected":false},"author":2,"featured_media":20799,"parent":0,"menu_order":384,"comment_status":"closed","ping_status":"closed","template":"","meta":{"_acf_changed":false,"inline_featured_image":false,"footnotes":""},"class_list":["post-17415","page","type-page","status-publish","has-post-thumbnail","hentry"],"acf":[],"yoast_head":"<!-- This site is optimized with the Yoast SEO plugin v27.3 - https:\/\/yoast.com\/product\/yoast-seo-wordpress\/ -->\n<title>Professionnalisation - FSEA<\/title>\n<meta name=\"description\" content=\"La FSEA s&#039;engage pour des offres de formation de haute qualit\u00e9 dans la formation initiale et continue des adultes.\" \/>\n<meta name=\"robots\" content=\"index, follow, max-snippet:-1, max-image-preview:large, max-video-preview:-1\" \/>\n<link rel=\"canonical\" href=\"https:\/\/alice.ch\/fr\/professionnalisation\/\" \/>\n<meta property=\"og:locale\" content=\"fr_FR\" \/>\n<meta property=\"og:type\" content=\"article\" \/>\n<meta property=\"og:title\" content=\"Professionnalisation - FSEA\" \/>\n<meta property=\"og:description\" content=\"La FSEA s&#039;engage pour des offres de formation de haute qualit\u00e9 dans la formation initiale et continue des adultes.\" \/>\n<meta property=\"og:url\" content=\"https:\/\/alice.ch\/fr\/professionnalisation\/\" \/>\n<meta property=\"og:site_name\" content=\"SVEB\" \/>\n<meta property=\"article:modified_time\" content=\"2025-02-05T09:48:53+00:00\" \/>\n<meta property=\"og:image\" content=\"https:\/\/alice.ch\/app\/uploads\/2022\/11\/icon-mitarbeitende-ada.png\" \/>\n\t<meta property=\"og:image:width\" content=\"1600\" \/>\n\t<meta property=\"og:image:height\" content=\"2200\" \/>\n\t<meta property=\"og:image:type\" content=\"image\/png\" \/>\n<meta name=\"twitter:card\" content=\"summary_large_image\" \/>\n<meta name=\"twitter:label1\" content=\"Dur\u00e9e de lecture estim\u00e9e\" \/>\n\t<meta name=\"twitter:data1\" content=\"4 minutes\" \/>\n<script type=\"application\/ld+json\" class=\"yoast-schema-graph\">{\"@context\":\"https:\\\/\\\/schema.org\",\"@graph\":[{\"@type\":\"WebPage\",\"@id\":\"https:\\\/\\\/alice.ch\\\/fr\\\/professionnalisation\\\/\",\"url\":\"https:\\\/\\\/alice.ch\\\/fr\\\/professionnalisation\\\/\",\"name\":\"Professionnalisation - FSEA\",\"isPartOf\":{\"@id\":\"https:\\\/\\\/alice.ch\\\/fr\\\/#website\"},\"primaryImageOfPage\":{\"@id\":\"https:\\\/\\\/alice.ch\\\/fr\\\/professionnalisation\\\/#primaryimage\"},\"image\":{\"@id\":\"https:\\\/\\\/alice.ch\\\/fr\\\/professionnalisation\\\/#primaryimage\"},\"thumbnailUrl\":\"https:\\\/\\\/alice.ch\\\/app\\\/uploads\\\/2022\\\/11\\\/default.jpg\",\"datePublished\":\"2022-07-11T09:05:20+00:00\",\"dateModified\":\"2025-02-05T09:48:53+00:00\",\"description\":\"La FSEA s'engage pour des offres de formation de haute qualit\u00e9 dans la formation initiale et continue des adultes.\",\"breadcrumb\":{\"@id\":\"https:\\\/\\\/alice.ch\\\/fr\\\/professionnalisation\\\/#breadcrumb\"},\"inLanguage\":\"fr-FR\",\"potentialAction\":[{\"@type\":\"ReadAction\",\"target\":[\"https:\\\/\\\/alice.ch\\\/fr\\\/professionnalisation\\\/\"]}]},{\"@type\":\"ImageObject\",\"inLanguage\":\"fr-FR\",\"@id\":\"https:\\\/\\\/alice.ch\\\/fr\\\/professionnalisation\\\/#primaryimage\",\"url\":\"https:\\\/\\\/alice.ch\\\/app\\\/uploads\\\/2022\\\/11\\\/default.jpg\",\"contentUrl\":\"https:\\\/\\\/alice.ch\\\/app\\\/uploads\\\/2022\\\/11\\\/default.jpg\",\"width\":1600,\"height\":900},{\"@type\":\"BreadcrumbList\",\"@id\":\"https:\\\/\\\/alice.ch\\\/fr\\\/professionnalisation\\\/#breadcrumb\",\"itemListElement\":[{\"@type\":\"ListItem\",\"position\":1,\"name\":\"Page d'accueil\",\"item\":\"https:\\\/\\\/alice.ch\\\/fr\\\/\"},{\"@type\":\"ListItem\",\"position\":2,\"name\":\"Professionnalisation\"}]},{\"@type\":\"WebSite\",\"@id\":\"https:\\\/\\\/alice.ch\\\/fr\\\/#website\",\"url\":\"https:\\\/\\\/alice.ch\\\/fr\\\/\",\"name\":\"alice.ch (Adult Learning Information Center) ist das Portal der Weiterbildung in der Schweiz.\",\"description\":\"Schweizerischer Verband f\u00fcr Weiterbildung\",\"publisher\":{\"@id\":\"https:\\\/\\\/alice.ch\\\/fr\\\/#organization\"},\"potentialAction\":[{\"@type\":\"SearchAction\",\"target\":{\"@type\":\"EntryPoint\",\"urlTemplate\":\"https:\\\/\\\/alice.ch\\\/fr\\\/?s={search_term_string}\"},\"query-input\":{\"@type\":\"PropertyValueSpecification\",\"valueRequired\":true,\"valueName\":\"search_term_string\"}}],\"inLanguage\":\"fr-FR\"},{\"@type\":\"Organization\",\"@id\":\"https:\\\/\\\/alice.ch\\\/fr\\\/#organization\",\"name\":\"FSEA F\u00e9d\u00e9ration suisse pour la formation continue\",\"url\":\"https:\\\/\\\/alice.ch\\\/fr\\\/\",\"logo\":{\"@type\":\"ImageObject\",\"inLanguage\":\"fr-FR\",\"@id\":\"https:\\\/\\\/alice.ch\\\/fr\\\/#\\\/schema\\\/logo\\\/image\\\/\",\"url\":\"https:\\\/\\\/alice.ch\\\/app\\\/uploads\\\/2022\\\/07\\\/logo-sveb.png\",\"contentUrl\":\"https:\\\/\\\/alice.ch\\\/app\\\/uploads\\\/2022\\\/07\\\/logo-sveb.png\",\"width\":145,\"height\":64,\"caption\":\"FSEA F\u00e9d\u00e9ration suisse pour la formation continue\"},\"image\":{\"@id\":\"https:\\\/\\\/alice.ch\\\/fr\\\/#\\\/schema\\\/logo\\\/image\\\/\"},\"sameAs\":[\"https:\\\/\\\/www.linkedin.com\\\/company\\\/schweizerischer-verband-fr-weiterbildung-sveb\\\/\"]}]}<\/script>\n<!-- \/ Yoast SEO plugin. -->","yoast_head_json":{"title":"Professionnalisation - FSEA","description":"La FSEA s'engage pour des offres de formation de haute qualit\u00e9 dans la formation initiale et continue des adultes.","robots":{"index":"index","follow":"follow","max-snippet":"max-snippet:-1","max-image-preview":"max-image-preview:large","max-video-preview":"max-video-preview:-1"},"canonical":"https:\/\/alice.ch\/fr\/professionnalisation\/","og_locale":"fr_FR","og_type":"article","og_title":"Professionnalisation - FSEA","og_description":"La FSEA s'engage pour des offres de formation de haute qualit\u00e9 dans la formation initiale et continue des adultes.","og_url":"https:\/\/alice.ch\/fr\/professionnalisation\/","og_site_name":"SVEB","article_modified_time":"2025-02-05T09:48:53+00:00","og_image":[{"width":1600,"height":2200,"url":"https:\/\/alice.ch\/app\/uploads\/2022\/11\/icon-mitarbeitende-ada.png","type":"image\/png"}],"twitter_card":"summary_large_image","twitter_misc":{"Dur\u00e9e de lecture estim\u00e9e":"4 minutes"},"schema":{"@context":"https:\/\/schema.org","@graph":[{"@type":"WebPage","@id":"https:\/\/alice.ch\/fr\/professionnalisation\/","url":"https:\/\/alice.ch\/fr\/professionnalisation\/","name":"Professionnalisation - FSEA","isPartOf":{"@id":"https:\/\/alice.ch\/fr\/#website"},"primaryImageOfPage":{"@id":"https:\/\/alice.ch\/fr\/professionnalisation\/#primaryimage"},"image":{"@id":"https:\/\/alice.ch\/fr\/professionnalisation\/#primaryimage"},"thumbnailUrl":"https:\/\/alice.ch\/app\/uploads\/2022\/11\/default.jpg","datePublished":"2022-07-11T09:05:20+00:00","dateModified":"2025-02-05T09:48:53+00:00","description":"La FSEA s'engage pour des offres de formation de haute qualit\u00e9 dans la formation initiale et continue des adultes.","breadcrumb":{"@id":"https:\/\/alice.ch\/fr\/professionnalisation\/#breadcrumb"},"inLanguage":"fr-FR","potentialAction":[{"@type":"ReadAction","target":["https:\/\/alice.ch\/fr\/professionnalisation\/"]}]},{"@type":"ImageObject","inLanguage":"fr-FR","@id":"https:\/\/alice.ch\/fr\/professionnalisation\/#primaryimage","url":"https:\/\/alice.ch\/app\/uploads\/2022\/11\/default.jpg","contentUrl":"https:\/\/alice.ch\/app\/uploads\/2022\/11\/default.jpg","width":1600,"height":900},{"@type":"BreadcrumbList","@id":"https:\/\/alice.ch\/fr\/professionnalisation\/#breadcrumb","itemListElement":[{"@type":"ListItem","position":1,"name":"Page d'accueil","item":"https:\/\/alice.ch\/fr\/"},{"@type":"ListItem","position":2,"name":"Professionnalisation"}]},{"@type":"WebSite","@id":"https:\/\/alice.ch\/fr\/#website","url":"https:\/\/alice.ch\/fr\/","name":"alice.ch (Adult Learning Information Center) ist das Portal der Weiterbildung in der Schweiz.","description":"Schweizerischer Verband f\u00fcr Weiterbildung","publisher":{"@id":"https:\/\/alice.ch\/fr\/#organization"},"potentialAction":[{"@type":"SearchAction","target":{"@type":"EntryPoint","urlTemplate":"https:\/\/alice.ch\/fr\/?s={search_term_string}"},"query-input":{"@type":"PropertyValueSpecification","valueRequired":true,"valueName":"search_term_string"}}],"inLanguage":"fr-FR"},{"@type":"Organization","@id":"https:\/\/alice.ch\/fr\/#organization","name":"FSEA F\u00e9d\u00e9ration suisse pour la formation continue","url":"https:\/\/alice.ch\/fr\/","logo":{"@type":"ImageObject","inLanguage":"fr-FR","@id":"https:\/\/alice.ch\/fr\/#\/schema\/logo\/image\/","url":"https:\/\/alice.ch\/app\/uploads\/2022\/07\/logo-sveb.png","contentUrl":"https:\/\/alice.ch\/app\/uploads\/2022\/07\/logo-sveb.png","width":145,"height":64,"caption":"FSEA F\u00e9d\u00e9ration suisse pour la formation continue"},"image":{"@id":"https:\/\/alice.ch\/fr\/#\/schema\/logo\/image\/"},"sameAs":["https:\/\/www.linkedin.com\/company\/schweizerischer-verband-fr-weiterbildung-sveb\/"]}]}},"_links":{"self":[{"href":"https:\/\/alice.ch\/fr\/wp-json\/wp\/v2\/pages\/17415","targetHints":{"allow":["GET"]}}],"collection":[{"href":"https:\/\/alice.ch\/fr\/wp-json\/wp\/v2\/pages"}],"about":[{"href":"https:\/\/alice.ch\/fr\/wp-json\/wp\/v2\/types\/page"}],"author":[{"embeddable":true,"href":"https:\/\/alice.ch\/fr\/wp-json\/wp\/v2\/users\/2"}],"replies":[{"embeddable":true,"href":"https:\/\/alice.ch\/fr\/wp-json\/wp\/v2\/comments?post=17415"}],"version-history":[{"count":22,"href":"https:\/\/alice.ch\/fr\/wp-json\/wp\/v2\/pages\/17415\/revisions"}],"predecessor-version":[{"id":65944,"href":"https:\/\/alice.ch\/fr\/wp-json\/wp\/v2\/pages\/17415\/revisions\/65944"}],"wp:featuredmedia":[{"embeddable":true,"href":"https:\/\/alice.ch\/fr\/wp-json\/wp\/v2\/media\/20799"}],"wp:attachment":[{"href":"https:\/\/alice.ch\/fr\/wp-json\/wp\/v2\/media?parent=17415"}],"curies":[{"name":"wp","href":"https:\/\/api.w.org\/{rel}","templated":true}]}}