{"id":17419,"date":"2022-07-11T11:05:38","date_gmt":"2022-07-11T09:05:38","guid":{"rendered":"https:\/\/projects.atxeit.ch\/sveb\/aktuell\/"},"modified":"2023-12-05T14:13:58","modified_gmt":"2023-12-05T13:13:58","slug":"actualite","status":"publish","type":"page","link":"https:\/\/alice.ch\/fr\/actualite\/","title":{"rendered":"Actualit\u00e9"},"content":{"rendered":"\n<div class=\"wp-block-group alignfull is-style-reduced-width is-layout-flow wp-block-group-is-layout-flow\">\n<h1 class=\"wp-block-heading\">Pr\u00e9sent sur tous les canaux<\/h1>\n\n\n\n<p class=\"is-style-lead\">La FSEA informe ses membres et le public par diff\u00e9rents canaux.<\/p>\n\n\n\n<div class=\"wp-block-media-text alignwide is-stacked-on-mobile is-style-icon-text\" style=\"grid-template-columns:15% auto\"><figure class=\"wp-block-media-text__media\"><a href=\"https:\/\/alice.ch\/fr\/actualite\/news\/\"><img decoding=\"async\" width=\"539\" height=\"425\" src=\"https:\/\/alice.ch\/app\/uploads\/2022\/11\/icon-newsroom-1.png\" alt=\"\" class=\"wp-image-10164 size-full\" srcset=\"https:\/\/alice.ch\/app\/uploads\/2022\/11\/icon-newsroom-1.png 539w, https:\/\/alice.ch\/app\/uploads\/2022\/11\/icon-newsroom-1-300x237.png 300w\" sizes=\"(max-width: 539px) 100vw, 539px\" \/><\/a><\/figure><div class=\"wp-block-media-text__content\">\n<h2 class=\"wp-block-heading\"><a href=\"https:\/\/alice.ch\/fr\/actualite\/news\/\">News<\/a><\/h2>\n\n\n\n<p>La Newsroom rassemble les informations du monde de la formation continue et pr\u00e9pare des informations contextuelles.<\/p>\n<\/div><\/div>\n\n\n\n<hr class=\"wp-block-separator has-alpha-channel-opacity is-style-wide\" \/>\n\n\n\n<div class=\"wp-block-media-text alignwide is-stacked-on-mobile is-style-icon-text\"><figure class=\"wp-block-media-text__media\"><a href=\"https:\/\/alice.ch\/fr\/actualite\/evenements\/\"><img decoding=\"async\" width=\"800\" height=\"521\" src=\"https:\/\/alice.ch\/app\/uploads\/2022\/10\/icons-events.png\" alt=\"\" class=\"wp-image-5946 size-full\" srcset=\"https:\/\/alice.ch\/app\/uploads\/2022\/10\/icons-events.png 800w, https:\/\/alice.ch\/app\/uploads\/2022\/10\/icons-events-300x195.png 300w, https:\/\/alice.ch\/app\/uploads\/2022\/10\/icons-events-768x500.png 768w\" sizes=\"(max-width: 800px) 100vw, 800px\" \/><\/a><\/figure><div class=\"wp-block-media-text__content\">\n<h2 class=\"wp-block-heading\"><a href=\"https:\/\/alice.ch\/fr\/actualite\/evenements\/\">\u00c9v\u00e9nements<\/a><\/h2>\n\n\n\n<p>La FSEA propose \u00e0 toutes les personnes int\u00e9ress\u00e9es des \u00e9v\u00e8nements sur les th\u00e8mes pertinents de la formation continue. Nous organisons chaque ann\u00e9e une vingtaine de s\u00e9minaires, d\u2019ateliers et de conf\u00e9rences sur la politique \u00e9ducative \u00e0 l\u2019intention des membres et des parties int\u00e9ress\u00e9es dans les trois r\u00e9gions du pays.<\/p>\n<\/div><\/div>\n\n\n\n<div class=\"wp-block-group alignwide is-layout-flow wp-block-group-is-layout-flow\">\n<hr class=\"wp-block-separator has-alpha-channel-opacity is-style-wide\" \/>\n\n\n\n<div class=\"wp-block-media-text alignwide is-stacked-on-mobile is-style-icon-text\"><figure class=\"wp-block-media-text__media\"><a href=\"https:\/\/alice.ch\/fr\/actualite\/revue-specialisee-ep\/\"><img decoding=\"async\" width=\"456\" height=\"348\" src=\"https:\/\/alice.ch\/app\/uploads\/2022\/10\/icon-ep.png\" alt=\"\" class=\"wp-image-5892 size-full\" srcset=\"https:\/\/alice.ch\/app\/uploads\/2022\/10\/icon-ep.png 456w, https:\/\/alice.ch\/app\/uploads\/2022\/10\/icon-ep-300x229.png 300w\" sizes=\"(max-width: 456px) 100vw, 456px\" \/><\/a><\/figure><div class=\"wp-block-media-text__content\">\n<h2 class=\"wp-block-heading\"><a href=\"https:\/\/alice.ch\/fr\/actualite\/revue-specialisee-ep\/\">Revue sp\u00e9cialis\u00e9e \u00abEducation Permanente\u00bb<\/a><\/h2>\n\n\n\n<p>La EP est la seule publication suisse traitant de la probl\u00e9matique de la formation continue \u00e0 partir des tendances sociales, politiques et \u00e9conomiques. La revue para\u00eet deux fois par an. Les membres la re\u00e7oivent automatiquement. Elle peut \u00e9galement faire l&rsquo;objet d&rsquo;un abonnement s\u00e9par\u00e9.<\/p>\n<\/div><\/div>\n<\/div>\n\n\n\n<div class=\"wp-block-group alignwide is-layout-flow wp-block-group-is-layout-flow\">\n<hr class=\"wp-block-separator has-alpha-channel-opacity is-style-wide\" \/>\n\n\n\n<div class=\"wp-block-media-text alignwide is-stacked-on-mobile is-style-icon-text\"><figure class=\"wp-block-media-text__media\"><a href=\"https:\/\/alice.ch\/fr\/actualite\/newsletter\/\"><img decoding=\"async\" width=\"330\" height=\"250\" src=\"https:\/\/alice.ch\/app\/uploads\/2022\/10\/icon-newsletter.png\" alt=\"\" class=\"wp-image-5884 size-full\" srcset=\"https:\/\/alice.ch\/app\/uploads\/2022\/10\/icon-newsletter.png 330w, https:\/\/alice.ch\/app\/uploads\/2022\/10\/icon-newsletter-300x227.png 300w\" sizes=\"(max-width: 330px) 100vw, 330px\" \/><\/a><\/figure><div class=\"wp-block-media-text__content\">\n<h2 class=\"wp-block-heading\"><a href=\"https:\/\/alice.ch\/fr\/actualite\/newsletter\/\">Newsletter<\/a><\/h2>\n\n\n\n<p>Abonnez-vous \u00e0 notre Newsletter, afin de rester inform\u00e9. Vous la recevrez une fois par mois.<\/p>\n<\/div><\/div>\n\n\n\n<hr class=\"wp-block-separator has-alpha-channel-opacity is-style-wide\" \/>\n\n\n\n<div class=\"wp-block-media-text alignwide is-stacked-on-mobile is-style-icon-text\"><figure class=\"wp-block-media-text__media\"><a href=\"https:\/\/alice.ch\/fr\/actualite\/communiques-de-presse\/\"><img decoding=\"async\" width=\"200\" height=\"251\" src=\"https:\/\/alice.ch\/app\/uploads\/2022\/10\/icon-medienmitteilungen.jpg\" alt=\"\" class=\"wp-image-5989 size-full\" \/><\/a><\/figure><div class=\"wp-block-media-text__content\">\n<h2 class=\"wp-block-heading\"><a href=\"https:\/\/alice.ch\/fr\/actualite\/communiques-de-presse\/\">Communiqu\u00e9s de presse<\/a><\/h2>\n\n\n\n<p>La FSEA entretient des relations actives avec les m\u00e9dias et informe r\u00e9guli\u00e8rement le public sur ses activit\u00e9s et ses d\u00e9clarations. Il sensibilise ainsi le public aux questions de formation continue.<\/p>\n<\/div><\/div>\n<\/div>\n\n\n\n<h2 class=\"wp-block-heading\">Contact<\/h2>\n\n\n\n<div class=\"wp-block-columns is-layout-flex wp-container-core-columns-is-layout-28f84493 wp-block-columns-is-layout-flex\">\n<div class=\"wp-block-column is-layout-flow wp-block-column-is-layout-flow\" style=\"flex-basis:50%\"><div class=\"contact-persons\">\n\n\t\t\t\t\t<div class=\"contact-person\">\n\t\t\t\t\tIrena Sgier<br \/>\t\t\t\t\tDirectrice adjointe, Directrice de la recherche, du d\u00e9veloppement et de l\u2019innovation<br \/>\t\t\t\t\t<br \/>\n\t\t\t\t\t\t\t\t\t\t<a href=\"tel:+41 (0)44 319 71 59\">+41 (0)44 319 71 59<\/a><br \/>\t\t\t\t\t<a href=\"mailto:irena.sgier@alice.ch\">irena.sgier@alice.ch<\/a><br \/>\t\t\t\t\t<\/div>\n\t\t\t\t\t<\/div>\n<\/div>\n\n\n\n<div class=\"wp-block-column is-layout-flow wp-block-column-is-layout-flow\" style=\"flex-basis:50%\"><\/div>\n<\/div>\n<\/div>\n","protected":false},"excerpt":{"rendered":"<p>Pr\u00e9sent sur tous les canaux La FSEA informe ses membres et le public par diff\u00e9rents canaux. News La Newsroom rassemble [&hellip;]<\/p>\n","protected":false},"author":2,"featured_media":20799,"parent":0,"menu_order":459,"comment_status":"closed","ping_status":"closed","template":"","meta":{"_acf_changed":false,"inline_featured_image":false,"footnotes":""},"class_list":["post-17419","page","type-page","status-publish","has-post-thumbnail","hentry"],"acf":[],"yoast_head":"<!-- This site is optimized with the Yoast SEO plugin v27.3 - https:\/\/yoast.com\/product\/yoast-seo-wordpress\/ -->\n<title>Actualit\u00e9 - FSEA<\/title>\n<meta name=\"description\" content=\"Nous informons les membres et le public par le biais de news, d&#039;\u00e9v\u00e9nements, de newsletters et de la revue sp\u00e9cialis\u00e9e &quot;Education Permanente&quot;.\" \/>\n<meta name=\"robots\" content=\"index, follow, max-snippet:-1, max-image-preview:large, max-video-preview:-1\" \/>\n<link rel=\"canonical\" href=\"https:\/\/alice.ch\/fr\/actualite\/\" \/>\n<meta property=\"og:locale\" content=\"fr_FR\" \/>\n<meta property=\"og:type\" content=\"article\" \/>\n<meta property=\"og:title\" content=\"Actualit\u00e9 - FSEA\" \/>\n<meta property=\"og:description\" content=\"Nous informons les membres et le public par le biais de news, d&#039;\u00e9v\u00e9nements, de newsletters et de la revue sp\u00e9cialis\u00e9e &quot;Education Permanente&quot;.\" \/>\n<meta property=\"og:url\" content=\"https:\/\/alice.ch\/fr\/actualite\/\" \/>\n<meta property=\"og:site_name\" content=\"SVEB\" \/>\n<meta property=\"article:modified_time\" content=\"2023-12-05T13:13:58+00:00\" \/>\n<meta property=\"og:image\" content=\"https:\/\/alice.ch\/app\/uploads\/2022\/11\/icon-newsroom-1.png\" \/>\n<meta name=\"twitter:card\" content=\"summary_large_image\" \/>\n<meta name=\"twitter:label1\" content=\"Dur\u00e9e de lecture estim\u00e9e\" \/>\n\t<meta name=\"twitter:data1\" content=\"2 minutes\" \/>\n<script type=\"application\/ld+json\" class=\"yoast-schema-graph\">{\"@context\":\"https:\\\/\\\/schema.org\",\"@graph\":[{\"@type\":\"WebPage\",\"@id\":\"https:\\\/\\\/alice.ch\\\/fr\\\/actualite\\\/\",\"url\":\"https:\\\/\\\/alice.ch\\\/fr\\\/actualite\\\/\",\"name\":\"Actualit\u00e9 - FSEA\",\"isPartOf\":{\"@id\":\"https:\\\/\\\/alice.ch\\\/fr\\\/#website\"},\"primaryImageOfPage\":{\"@id\":\"https:\\\/\\\/alice.ch\\\/fr\\\/actualite\\\/#primaryimage\"},\"image\":{\"@id\":\"https:\\\/\\\/alice.ch\\\/fr\\\/actualite\\\/#primaryimage\"},\"thumbnailUrl\":\"https:\\\/\\\/alice.ch\\\/app\\\/uploads\\\/2022\\\/11\\\/default.jpg\",\"datePublished\":\"2022-07-11T09:05:38+00:00\",\"dateModified\":\"2023-12-05T13:13:58+00:00\",\"description\":\"Nous informons les membres et le public par le biais de news, d'\u00e9v\u00e9nements, de newsletters et de la revue sp\u00e9cialis\u00e9e \\\"Education Permanente\\\".\",\"breadcrumb\":{\"@id\":\"https:\\\/\\\/alice.ch\\\/fr\\\/actualite\\\/#breadcrumb\"},\"inLanguage\":\"fr-FR\",\"potentialAction\":[{\"@type\":\"ReadAction\",\"target\":[\"https:\\\/\\\/alice.ch\\\/fr\\\/actualite\\\/\"]}]},{\"@type\":\"ImageObject\",\"inLanguage\":\"fr-FR\",\"@id\":\"https:\\\/\\\/alice.ch\\\/fr\\\/actualite\\\/#primaryimage\",\"url\":\"https:\\\/\\\/alice.ch\\\/app\\\/uploads\\\/2022\\\/11\\\/default.jpg\",\"contentUrl\":\"https:\\\/\\\/alice.ch\\\/app\\\/uploads\\\/2022\\\/11\\\/default.jpg\",\"width\":1600,\"height\":900},{\"@type\":\"BreadcrumbList\",\"@id\":\"https:\\\/\\\/alice.ch\\\/fr\\\/actualite\\\/#breadcrumb\",\"itemListElement\":[{\"@type\":\"ListItem\",\"position\":1,\"name\":\"Page d'accueil\",\"item\":\"https:\\\/\\\/alice.ch\\\/fr\\\/\"},{\"@type\":\"ListItem\",\"position\":2,\"name\":\"Actualit\u00e9\"}]},{\"@type\":\"WebSite\",\"@id\":\"https:\\\/\\\/alice.ch\\\/fr\\\/#website\",\"url\":\"https:\\\/\\\/alice.ch\\\/fr\\\/\",\"name\":\"alice.ch (Adult Learning Information Center) ist das Portal der Weiterbildung in der Schweiz.\",\"description\":\"Schweizerischer Verband f\u00fcr Weiterbildung\",\"publisher\":{\"@id\":\"https:\\\/\\\/alice.ch\\\/fr\\\/#organization\"},\"potentialAction\":[{\"@type\":\"SearchAction\",\"target\":{\"@type\":\"EntryPoint\",\"urlTemplate\":\"https:\\\/\\\/alice.ch\\\/fr\\\/?s={search_term_string}\"},\"query-input\":{\"@type\":\"PropertyValueSpecification\",\"valueRequired\":true,\"valueName\":\"search_term_string\"}}],\"inLanguage\":\"fr-FR\"},{\"@type\":\"Organization\",\"@id\":\"https:\\\/\\\/alice.ch\\\/fr\\\/#organization\",\"name\":\"FSEA F\u00e9d\u00e9ration suisse pour la formation continue\",\"url\":\"https:\\\/\\\/alice.ch\\\/fr\\\/\",\"logo\":{\"@type\":\"ImageObject\",\"inLanguage\":\"fr-FR\",\"@id\":\"https:\\\/\\\/alice.ch\\\/fr\\\/#\\\/schema\\\/logo\\\/image\\\/\",\"url\":\"https:\\\/\\\/alice.ch\\\/app\\\/uploads\\\/2022\\\/07\\\/logo-sveb.png\",\"contentUrl\":\"https:\\\/\\\/alice.ch\\\/app\\\/uploads\\\/2022\\\/07\\\/logo-sveb.png\",\"width\":145,\"height\":64,\"caption\":\"FSEA F\u00e9d\u00e9ration suisse pour la formation continue\"},\"image\":{\"@id\":\"https:\\\/\\\/alice.ch\\\/fr\\\/#\\\/schema\\\/logo\\\/image\\\/\"},\"sameAs\":[\"https:\\\/\\\/www.linkedin.com\\\/company\\\/schweizerischer-verband-fr-weiterbildung-sveb\\\/\"]}]}<\/script>\n<!-- \/ Yoast SEO plugin. -->","yoast_head_json":{"title":"Actualit\u00e9 - FSEA","description":"Nous informons les membres et le public par le biais de news, d'\u00e9v\u00e9nements, de newsletters et de la revue sp\u00e9cialis\u00e9e \"Education Permanente\".","robots":{"index":"index","follow":"follow","max-snippet":"max-snippet:-1","max-image-preview":"max-image-preview:large","max-video-preview":"max-video-preview:-1"},"canonical":"https:\/\/alice.ch\/fr\/actualite\/","og_locale":"fr_FR","og_type":"article","og_title":"Actualit\u00e9 - FSEA","og_description":"Nous informons les membres et le public par le biais de news, d'\u00e9v\u00e9nements, de newsletters et de la revue sp\u00e9cialis\u00e9e \"Education Permanente\".","og_url":"https:\/\/alice.ch\/fr\/actualite\/","og_site_name":"SVEB","article_modified_time":"2023-12-05T13:13:58+00:00","og_image":[{"url":"https:\/\/alice.ch\/app\/uploads\/2022\/11\/icon-newsroom-1.png","type":"","width":"","height":""}],"twitter_card":"summary_large_image","twitter_misc":{"Dur\u00e9e de lecture estim\u00e9e":"2 minutes"},"schema":{"@context":"https:\/\/schema.org","@graph":[{"@type":"WebPage","@id":"https:\/\/alice.ch\/fr\/actualite\/","url":"https:\/\/alice.ch\/fr\/actualite\/","name":"Actualit\u00e9 - FSEA","isPartOf":{"@id":"https:\/\/alice.ch\/fr\/#website"},"primaryImageOfPage":{"@id":"https:\/\/alice.ch\/fr\/actualite\/#primaryimage"},"image":{"@id":"https:\/\/alice.ch\/fr\/actualite\/#primaryimage"},"thumbnailUrl":"https:\/\/alice.ch\/app\/uploads\/2022\/11\/default.jpg","datePublished":"2022-07-11T09:05:38+00:00","dateModified":"2023-12-05T13:13:58+00:00","description":"Nous informons les membres et le public par le biais de news, d'\u00e9v\u00e9nements, de newsletters et de la revue sp\u00e9cialis\u00e9e \"Education Permanente\".","breadcrumb":{"@id":"https:\/\/alice.ch\/fr\/actualite\/#breadcrumb"},"inLanguage":"fr-FR","potentialAction":[{"@type":"ReadAction","target":["https:\/\/alice.ch\/fr\/actualite\/"]}]},{"@type":"ImageObject","inLanguage":"fr-FR","@id":"https:\/\/alice.ch\/fr\/actualite\/#primaryimage","url":"https:\/\/alice.ch\/app\/uploads\/2022\/11\/default.jpg","contentUrl":"https:\/\/alice.ch\/app\/uploads\/2022\/11\/default.jpg","width":1600,"height":900},{"@type":"BreadcrumbList","@id":"https:\/\/alice.ch\/fr\/actualite\/#breadcrumb","itemListElement":[{"@type":"ListItem","position":1,"name":"Page d'accueil","item":"https:\/\/alice.ch\/fr\/"},{"@type":"ListItem","position":2,"name":"Actualit\u00e9"}]},{"@type":"WebSite","@id":"https:\/\/alice.ch\/fr\/#website","url":"https:\/\/alice.ch\/fr\/","name":"alice.ch (Adult Learning Information Center) ist das Portal der Weiterbildung in der Schweiz.","description":"Schweizerischer Verband f\u00fcr Weiterbildung","publisher":{"@id":"https:\/\/alice.ch\/fr\/#organization"},"potentialAction":[{"@type":"SearchAction","target":{"@type":"EntryPoint","urlTemplate":"https:\/\/alice.ch\/fr\/?s={search_term_string}"},"query-input":{"@type":"PropertyValueSpecification","valueRequired":true,"valueName":"search_term_string"}}],"inLanguage":"fr-FR"},{"@type":"Organization","@id":"https:\/\/alice.ch\/fr\/#organization","name":"FSEA F\u00e9d\u00e9ration suisse pour la formation continue","url":"https:\/\/alice.ch\/fr\/","logo":{"@type":"ImageObject","inLanguage":"fr-FR","@id":"https:\/\/alice.ch\/fr\/#\/schema\/logo\/image\/","url":"https:\/\/alice.ch\/app\/uploads\/2022\/07\/logo-sveb.png","contentUrl":"https:\/\/alice.ch\/app\/uploads\/2022\/07\/logo-sveb.png","width":145,"height":64,"caption":"FSEA F\u00e9d\u00e9ration suisse pour la formation continue"},"image":{"@id":"https:\/\/alice.ch\/fr\/#\/schema\/logo\/image\/"},"sameAs":["https:\/\/www.linkedin.com\/company\/schweizerischer-verband-fr-weiterbildung-sveb\/"]}]}},"_links":{"self":[{"href":"https:\/\/alice.ch\/fr\/wp-json\/wp\/v2\/pages\/17419","targetHints":{"allow":["GET"]}}],"collection":[{"href":"https:\/\/alice.ch\/fr\/wp-json\/wp\/v2\/pages"}],"about":[{"href":"https:\/\/alice.ch\/fr\/wp-json\/wp\/v2\/types\/page"}],"author":[{"embeddable":true,"href":"https:\/\/alice.ch\/fr\/wp-json\/wp\/v2\/users\/2"}],"replies":[{"embeddable":true,"href":"https:\/\/alice.ch\/fr\/wp-json\/wp\/v2\/comments?post=17419"}],"version-history":[{"count":18,"href":"https:\/\/alice.ch\/fr\/wp-json\/wp\/v2\/pages\/17419\/revisions"}],"predecessor-version":[{"id":56385,"href":"https:\/\/alice.ch\/fr\/wp-json\/wp\/v2\/pages\/17419\/revisions\/56385"}],"wp:featuredmedia":[{"embeddable":true,"href":"https:\/\/alice.ch\/fr\/wp-json\/wp\/v2\/media\/20799"}],"wp:attachment":[{"href":"https:\/\/alice.ch\/fr\/wp-json\/wp\/v2\/media?parent=17419"}],"curies":[{"name":"wp","href":"https:\/\/api.w.org\/{rel}","templated":true}]}}