{"id":17605,"date":"2022-08-16T17:41:00","date_gmt":"2022-08-16T15:41:00","guid":{"rendered":"https:\/\/projects.atxeit.ch\/sveb\/professionnalisation\/ada-anbieter\/"},"modified":"2023-12-04T16:15:52","modified_gmt":"2023-12-04T15:15:52","slug":"prestataires-ffa","status":"publish","type":"page","link":"https:\/\/alice.ch\/fr\/professionnalisation\/prestataires-ffa\/","title":{"rendered":"Prestataires FFA"},"content":{"rendered":"\n<div class=\"wp-block-group alignwide is-style-reduced-width is-layout-flow wp-block-group-is-layout-flow\">\n<h1 class=\"wp-block-heading\">Prestataires \u2013 reconnaissance modulaire FFA&nbsp;<\/h1>\n\n\n\n<p class=\"is-style-lead\">Le Secr\u00e9tariat FFA m\u00e8ne depuis de nombreuses ann\u00e9es une assurance qualit\u00e9 sp\u00e9cifique \u00e0 l\u2019offre sous la forme d\u2019une proc\u00e9dure de reconnaissance. Les institutions ayant pass\u00e9 avec succ\u00e8s une telle proc\u00e9dure sont consid\u00e9r\u00e9es comme des prestataires reconnus.<\/p>\n\n\n\n<p class=\"is-style-default\">Quelque 120 institutions dans toute la Suisse disposent d\u2019une reconnaissance d\u00e9livr\u00e9e par le Secr\u00e9tariat FFA et sont autoris\u00e9es \u00e0 organiser des modules FFA et \u00e0 d\u00e9livrer les certificats modulaires correspondants.&nbsp;<\/p>\n\n\n\n<div class=\"wp-block-media-text alignwide is-stacked-on-mobile is-style-icon-text\"><figure class=\"wp-block-media-text__media\"><a href=\"https:\/\/alice.ch\/fr\/devenir-prestataire-ffa\/\"><img decoding=\"async\" width=\"460\" height=\"460\" src=\"https:\/\/alice.ch\/app\/uploads\/2022\/11\/icon-ada-baukastensystem.png\" alt=\"\" class=\"wp-image-9469 size-full\" srcset=\"https:\/\/alice.ch\/app\/uploads\/2022\/11\/icon-ada-baukastensystem.png 460w, https:\/\/alice.ch\/app\/uploads\/2022\/11\/icon-ada-baukastensystem-300x300.png 300w, https:\/\/alice.ch\/app\/uploads\/2022\/11\/icon-ada-baukastensystem-150x150.png 150w\" sizes=\"(max-width: 460px) 100vw, 460px\" \/><\/a><\/figure><div class=\"wp-block-media-text__content\">\n<h2 class=\"wp-block-heading\"><a href=\"https:\/\/alice.ch\/fr\/devenir-prestataire-ffa\/\">Devenir prestataire FFA&nbsp;<\/a><\/h2>\n\n\n\n<p>De quelle mani\u00e8re les institutions peuvent-elles \u00eatre reconnues pour proposer des modules du syst\u00e8me modulaire FFA ?&nbsp;<\/p>\n<\/div><\/div>\n\n\n\n<hr class=\"wp-block-separator has-alpha-channel-opacity is-style-wide\" \/>\n\n\n\n<div class=\"wp-block-media-text alignwide is-stacked-on-mobile is-style-icon-text\"><figure class=\"wp-block-media-text__media\"><a href=\"https:\/\/alice.ch\/fr\/professionnalisation\/prestataires-ffa\/information-pour-les-prestataires\/\"><img decoding=\"async\" width=\"1024\" height=\"785\" src=\"https:\/\/alice.ch\/app\/uploads\/2022\/11\/icons-medienkonferenz-ada-1024x785.png\" alt=\"\" class=\"wp-image-9967 size-full\" srcset=\"https:\/\/alice.ch\/app\/uploads\/2022\/11\/icons-medienkonferenz-ada-1024x785.png 1024w, https:\/\/alice.ch\/app\/uploads\/2022\/11\/icons-medienkonferenz-ada-300x230.png 300w, https:\/\/alice.ch\/app\/uploads\/2022\/11\/icons-medienkonferenz-ada-768x589.png 768w, https:\/\/alice.ch\/app\/uploads\/2022\/11\/icons-medienkonferenz-ada.png 1515w\" sizes=\"(max-width: 1024px) 100vw, 1024px\" \/><\/a><\/figure><div class=\"wp-block-media-text__content\">\n<h2 class=\"wp-block-heading\"><a href=\"https:\/\/alice.ch\/fr\/professionnalisation\/prestataires-ffa\/information-pour-les-prestataires\/\">Informations pour les prestataires<\/a><\/h2>\n\n\n\n<p>Le Secr\u00e9tariat FFA diffuse une \u00e0 deux fois par an des informations sur les nouveaut\u00e9s et les \u00e9volutions du syst\u00e8me FFA par le biais d\u2019un mailing.<\/p>\n<\/div><\/div>\n\n\n\n<hr class=\"wp-block-separator has-alpha-channel-opacity is-style-wide\" \/>\n\n\n\n<div class=\"wp-block-media-text alignwide is-stacked-on-mobile is-style-icon-text\"><figure class=\"wp-block-media-text__media\"><a href=\"https:\/\/alice.ch\/fr\/journees-dechanges-ffa\/\"><img decoding=\"async\" width=\"1024\" height=\"667\" src=\"https:\/\/alice.ch\/app\/uploads\/2022\/11\/icons-events-ada-1024x667.png\" alt=\"\" class=\"wp-image-9974 size-full\" srcset=\"https:\/\/alice.ch\/app\/uploads\/2022\/11\/icons-events-ada-1024x667.png 1024w, https:\/\/alice.ch\/app\/uploads\/2022\/11\/icons-events-ada-300x195.png 300w, https:\/\/alice.ch\/app\/uploads\/2022\/11\/icons-events-ada-768x500.png 768w, https:\/\/alice.ch\/app\/uploads\/2022\/11\/icons-events-ada-1536x1000.png 1536w, https:\/\/alice.ch\/app\/uploads\/2022\/11\/icons-events-ada.png 1603w\" sizes=\"(max-width: 1024px) 100vw, 1024px\" \/><\/a><\/figure><div class=\"wp-block-media-text__content\">\n<h2 class=\"wp-block-heading\"><a href=\"https:\/\/alice.ch\/fr\/journees-dechanges-ffa\/\">Journ\u00e9e d\u2019\u00e9changes FFA<\/a><\/h2>\n\n\n\n<p>Informations sur les journ\u00e9es d\u2019\u00e9changes annuelles<\/p>\n<\/div><\/div>\n\n\n\n<h2 class=\"wp-block-heading\">Contact<\/h2>\n\n\n\n<div class=\"wp-block-columns is-layout-flex wp-container-core-columns-is-layout-28f84493 wp-block-columns-is-layout-flex\">\n<div class=\"wp-block-column is-layout-flow wp-block-column-is-layout-flow\" style=\"flex-basis:50%\"><div class=\"contact-persons\">\n\n\t\t\t\t\t<div class=\"contact-person\">\n\t\t\t\t\tFSEA F\u00e9d\u00e9ration suisse pour la formation continue<br \/>\t\t\t\t\t\t\t\t\t\t<br \/>\n\t\t\t\t\tSecr\u00e9tariat romand<br \/>\r\nRue de Gen\u00e8ve 88b<br \/>\r\n1004 Lausanne<br \/>\t\t\t\t\t<a href=\"tel:+41 (0)22 994 20 10\">+41 (0)22 994 20 10<\/a><br \/>\t\t\t\t\t<a href=\"mailto:fsea@alice.ch\">fsea@alice.ch<\/a><br \/>\t\t\t\t\t<\/div>\n\t\t\t\t\t<\/div>\n<\/div>\n\n\n\n<div class=\"wp-block-column is-layout-flow wp-block-column-is-layout-flow\" style=\"flex-basis:50%\"><\/div>\n<\/div>\n<\/div>\n","protected":false},"excerpt":{"rendered":"<p>Prestataires \u2013 reconnaissance modulaire FFA&nbsp; Le Secr\u00e9tariat FFA m\u00e8ne depuis de nombreuses ann\u00e9es une assurance qualit\u00e9 sp\u00e9cifique \u00e0 l\u2019offre sous [&hellip;]<\/p>\n","protected":false},"author":2,"featured_media":20799,"parent":17415,"menu_order":220,"comment_status":"closed","ping_status":"closed","template":"","meta":{"_acf_changed":false,"inline_featured_image":false,"footnotes":""},"class_list":["post-17605","page","type-page","status-publish","has-post-thumbnail","hentry"],"acf":[],"yoast_head":"<!-- This site is optimized with the Yoast SEO plugin v27.3 - https:\/\/yoast.com\/product\/yoast-seo-wordpress\/ -->\n<title>Prestataires FFA - FSEA<\/title>\n<meta name=\"description\" content=\"Les institutions reconnues par la FFA sont autoris\u00e9es \u00e0 organiser des modules FFA et \u00e0 d\u00e9livrer des certificats dans toute la Suisse.\" \/>\n<meta name=\"robots\" content=\"index, follow, max-snippet:-1, max-image-preview:large, max-video-preview:-1\" \/>\n<link rel=\"canonical\" href=\"https:\/\/alice.ch\/fr\/professionnalisation\/prestataires-ffa\/\" \/>\n<meta property=\"og:locale\" content=\"fr_FR\" \/>\n<meta property=\"og:type\" content=\"article\" \/>\n<meta property=\"og:title\" content=\"Prestataires FFA - FSEA\" \/>\n<meta property=\"og:description\" content=\"Les institutions reconnues par la FFA sont autoris\u00e9es \u00e0 organiser des modules FFA et \u00e0 d\u00e9livrer des certificats dans toute la Suisse.\" \/>\n<meta property=\"og:url\" content=\"https:\/\/alice.ch\/fr\/professionnalisation\/prestataires-ffa\/\" \/>\n<meta property=\"og:site_name\" content=\"SVEB\" \/>\n<meta property=\"article:modified_time\" content=\"2023-12-04T15:15:52+00:00\" \/>\n<meta property=\"og:image\" content=\"https:\/\/alice.ch\/app\/uploads\/2022\/11\/icon-ada-baukastensystem.png\" \/>\n<meta name=\"twitter:card\" content=\"summary_large_image\" \/>\n<meta name=\"twitter:label1\" content=\"Dur\u00e9e de lecture estim\u00e9e\" \/>\n\t<meta name=\"twitter:data1\" content=\"2 minutes\" \/>\n<script type=\"application\/ld+json\" class=\"yoast-schema-graph\">{\"@context\":\"https:\\\/\\\/schema.org\",\"@graph\":[{\"@type\":\"WebPage\",\"@id\":\"https:\\\/\\\/alice.ch\\\/fr\\\/professionnalisation\\\/prestataires-ffa\\\/\",\"url\":\"https:\\\/\\\/alice.ch\\\/fr\\\/professionnalisation\\\/prestataires-ffa\\\/\",\"name\":\"Prestataires FFA - FSEA\",\"isPartOf\":{\"@id\":\"https:\\\/\\\/alice.ch\\\/fr\\\/#website\"},\"primaryImageOfPage\":{\"@id\":\"https:\\\/\\\/alice.ch\\\/fr\\\/professionnalisation\\\/prestataires-ffa\\\/#primaryimage\"},\"image\":{\"@id\":\"https:\\\/\\\/alice.ch\\\/fr\\\/professionnalisation\\\/prestataires-ffa\\\/#primaryimage\"},\"thumbnailUrl\":\"https:\\\/\\\/alice.ch\\\/app\\\/uploads\\\/2022\\\/11\\\/default.jpg\",\"datePublished\":\"2022-08-16T15:41:00+00:00\",\"dateModified\":\"2023-12-04T15:15:52+00:00\",\"description\":\"Les institutions reconnues par la FFA sont autoris\u00e9es \u00e0 organiser des modules FFA et \u00e0 d\u00e9livrer des certificats dans toute la Suisse.\",\"breadcrumb\":{\"@id\":\"https:\\\/\\\/alice.ch\\\/fr\\\/professionnalisation\\\/prestataires-ffa\\\/#breadcrumb\"},\"inLanguage\":\"fr-FR\",\"potentialAction\":[{\"@type\":\"ReadAction\",\"target\":[\"https:\\\/\\\/alice.ch\\\/fr\\\/professionnalisation\\\/prestataires-ffa\\\/\"]}]},{\"@type\":\"ImageObject\",\"inLanguage\":\"fr-FR\",\"@id\":\"https:\\\/\\\/alice.ch\\\/fr\\\/professionnalisation\\\/prestataires-ffa\\\/#primaryimage\",\"url\":\"https:\\\/\\\/alice.ch\\\/app\\\/uploads\\\/2022\\\/11\\\/default.jpg\",\"contentUrl\":\"https:\\\/\\\/alice.ch\\\/app\\\/uploads\\\/2022\\\/11\\\/default.jpg\",\"width\":1600,\"height\":900},{\"@type\":\"BreadcrumbList\",\"@id\":\"https:\\\/\\\/alice.ch\\\/fr\\\/professionnalisation\\\/prestataires-ffa\\\/#breadcrumb\",\"itemListElement\":[{\"@type\":\"ListItem\",\"position\":1,\"name\":\"Page d'accueil\",\"item\":\"https:\\\/\\\/alice.ch\\\/fr\\\/\"},{\"@type\":\"ListItem\",\"position\":2,\"name\":\"Professionnalisation\",\"item\":\"https:\\\/\\\/alice.ch\\\/fr\\\/professionnalisation\\\/\"},{\"@type\":\"ListItem\",\"position\":3,\"name\":\"Prestataires FFA\"}]},{\"@type\":\"WebSite\",\"@id\":\"https:\\\/\\\/alice.ch\\\/fr\\\/#website\",\"url\":\"https:\\\/\\\/alice.ch\\\/fr\\\/\",\"name\":\"alice.ch (Adult Learning Information Center) ist das Portal der Weiterbildung in der Schweiz.\",\"description\":\"Schweizerischer Verband f\u00fcr Weiterbildung\",\"publisher\":{\"@id\":\"https:\\\/\\\/alice.ch\\\/fr\\\/#organization\"},\"potentialAction\":[{\"@type\":\"SearchAction\",\"target\":{\"@type\":\"EntryPoint\",\"urlTemplate\":\"https:\\\/\\\/alice.ch\\\/fr\\\/?s={search_term_string}\"},\"query-input\":{\"@type\":\"PropertyValueSpecification\",\"valueRequired\":true,\"valueName\":\"search_term_string\"}}],\"inLanguage\":\"fr-FR\"},{\"@type\":\"Organization\",\"@id\":\"https:\\\/\\\/alice.ch\\\/fr\\\/#organization\",\"name\":\"FSEA F\u00e9d\u00e9ration suisse pour la formation continue\",\"url\":\"https:\\\/\\\/alice.ch\\\/fr\\\/\",\"logo\":{\"@type\":\"ImageObject\",\"inLanguage\":\"fr-FR\",\"@id\":\"https:\\\/\\\/alice.ch\\\/fr\\\/#\\\/schema\\\/logo\\\/image\\\/\",\"url\":\"https:\\\/\\\/alice.ch\\\/app\\\/uploads\\\/2022\\\/07\\\/logo-sveb.png\",\"contentUrl\":\"https:\\\/\\\/alice.ch\\\/app\\\/uploads\\\/2022\\\/07\\\/logo-sveb.png\",\"width\":145,\"height\":64,\"caption\":\"FSEA F\u00e9d\u00e9ration suisse pour la formation continue\"},\"image\":{\"@id\":\"https:\\\/\\\/alice.ch\\\/fr\\\/#\\\/schema\\\/logo\\\/image\\\/\"},\"sameAs\":[\"https:\\\/\\\/www.linkedin.com\\\/company\\\/schweizerischer-verband-fr-weiterbildung-sveb\\\/\"]}]}<\/script>\n<!-- \/ Yoast SEO plugin. -->","yoast_head_json":{"title":"Prestataires FFA - FSEA","description":"Les institutions reconnues par la FFA sont autoris\u00e9es \u00e0 organiser des modules FFA et \u00e0 d\u00e9livrer des certificats dans toute la Suisse.","robots":{"index":"index","follow":"follow","max-snippet":"max-snippet:-1","max-image-preview":"max-image-preview:large","max-video-preview":"max-video-preview:-1"},"canonical":"https:\/\/alice.ch\/fr\/professionnalisation\/prestataires-ffa\/","og_locale":"fr_FR","og_type":"article","og_title":"Prestataires FFA - FSEA","og_description":"Les institutions reconnues par la FFA sont autoris\u00e9es \u00e0 organiser des modules FFA et \u00e0 d\u00e9livrer des certificats dans toute la Suisse.","og_url":"https:\/\/alice.ch\/fr\/professionnalisation\/prestataires-ffa\/","og_site_name":"SVEB","article_modified_time":"2023-12-04T15:15:52+00:00","og_image":[{"url":"https:\/\/alice.ch\/app\/uploads\/2022\/11\/icon-ada-baukastensystem.png","type":"","width":"","height":""}],"twitter_card":"summary_large_image","twitter_misc":{"Dur\u00e9e de lecture estim\u00e9e":"2 minutes"},"schema":{"@context":"https:\/\/schema.org","@graph":[{"@type":"WebPage","@id":"https:\/\/alice.ch\/fr\/professionnalisation\/prestataires-ffa\/","url":"https:\/\/alice.ch\/fr\/professionnalisation\/prestataires-ffa\/","name":"Prestataires FFA - FSEA","isPartOf":{"@id":"https:\/\/alice.ch\/fr\/#website"},"primaryImageOfPage":{"@id":"https:\/\/alice.ch\/fr\/professionnalisation\/prestataires-ffa\/#primaryimage"},"image":{"@id":"https:\/\/alice.ch\/fr\/professionnalisation\/prestataires-ffa\/#primaryimage"},"thumbnailUrl":"https:\/\/alice.ch\/app\/uploads\/2022\/11\/default.jpg","datePublished":"2022-08-16T15:41:00+00:00","dateModified":"2023-12-04T15:15:52+00:00","description":"Les institutions reconnues par la FFA sont autoris\u00e9es \u00e0 organiser des modules FFA et \u00e0 d\u00e9livrer des certificats dans toute la Suisse.","breadcrumb":{"@id":"https:\/\/alice.ch\/fr\/professionnalisation\/prestataires-ffa\/#breadcrumb"},"inLanguage":"fr-FR","potentialAction":[{"@type":"ReadAction","target":["https:\/\/alice.ch\/fr\/professionnalisation\/prestataires-ffa\/"]}]},{"@type":"ImageObject","inLanguage":"fr-FR","@id":"https:\/\/alice.ch\/fr\/professionnalisation\/prestataires-ffa\/#primaryimage","url":"https:\/\/alice.ch\/app\/uploads\/2022\/11\/default.jpg","contentUrl":"https:\/\/alice.ch\/app\/uploads\/2022\/11\/default.jpg","width":1600,"height":900},{"@type":"BreadcrumbList","@id":"https:\/\/alice.ch\/fr\/professionnalisation\/prestataires-ffa\/#breadcrumb","itemListElement":[{"@type":"ListItem","position":1,"name":"Page d'accueil","item":"https:\/\/alice.ch\/fr\/"},{"@type":"ListItem","position":2,"name":"Professionnalisation","item":"https:\/\/alice.ch\/fr\/professionnalisation\/"},{"@type":"ListItem","position":3,"name":"Prestataires FFA"}]},{"@type":"WebSite","@id":"https:\/\/alice.ch\/fr\/#website","url":"https:\/\/alice.ch\/fr\/","name":"alice.ch (Adult Learning Information Center) ist das Portal der Weiterbildung in der Schweiz.","description":"Schweizerischer Verband f\u00fcr Weiterbildung","publisher":{"@id":"https:\/\/alice.ch\/fr\/#organization"},"potentialAction":[{"@type":"SearchAction","target":{"@type":"EntryPoint","urlTemplate":"https:\/\/alice.ch\/fr\/?s={search_term_string}"},"query-input":{"@type":"PropertyValueSpecification","valueRequired":true,"valueName":"search_term_string"}}],"inLanguage":"fr-FR"},{"@type":"Organization","@id":"https:\/\/alice.ch\/fr\/#organization","name":"FSEA F\u00e9d\u00e9ration suisse pour la formation continue","url":"https:\/\/alice.ch\/fr\/","logo":{"@type":"ImageObject","inLanguage":"fr-FR","@id":"https:\/\/alice.ch\/fr\/#\/schema\/logo\/image\/","url":"https:\/\/alice.ch\/app\/uploads\/2022\/07\/logo-sveb.png","contentUrl":"https:\/\/alice.ch\/app\/uploads\/2022\/07\/logo-sveb.png","width":145,"height":64,"caption":"FSEA F\u00e9d\u00e9ration suisse pour la formation continue"},"image":{"@id":"https:\/\/alice.ch\/fr\/#\/schema\/logo\/image\/"},"sameAs":["https:\/\/www.linkedin.com\/company\/schweizerischer-verband-fr-weiterbildung-sveb\/"]}]}},"_links":{"self":[{"href":"https:\/\/alice.ch\/fr\/wp-json\/wp\/v2\/pages\/17605","targetHints":{"allow":["GET"]}}],"collection":[{"href":"https:\/\/alice.ch\/fr\/wp-json\/wp\/v2\/pages"}],"about":[{"href":"https:\/\/alice.ch\/fr\/wp-json\/wp\/v2\/types\/page"}],"author":[{"embeddable":true,"href":"https:\/\/alice.ch\/fr\/wp-json\/wp\/v2\/users\/2"}],"replies":[{"embeddable":true,"href":"https:\/\/alice.ch\/fr\/wp-json\/wp\/v2\/comments?post=17605"}],"version-history":[{"count":11,"href":"https:\/\/alice.ch\/fr\/wp-json\/wp\/v2\/pages\/17605\/revisions"}],"predecessor-version":[{"id":56358,"href":"https:\/\/alice.ch\/fr\/wp-json\/wp\/v2\/pages\/17605\/revisions\/56358"}],"up":[{"embeddable":true,"href":"https:\/\/alice.ch\/fr\/wp-json\/wp\/v2\/pages\/17415"}],"wp:featuredmedia":[{"embeddable":true,"href":"https:\/\/alice.ch\/fr\/wp-json\/wp\/v2\/media\/20799"}],"wp:attachment":[{"href":"https:\/\/alice.ch\/fr\/wp-json\/wp\/v2\/media?parent=17605"}],"curies":[{"name":"wp","href":"https:\/\/api.w.org\/{rel}","templated":true}]}}