{"id":17683,"date":"2022-08-16T17:39:37","date_gmt":"2022-08-16T15:39:37","guid":{"rendered":"https:\/\/projects.atxeit.ch\/sveb\/professionnalisation\/sveb-weiterbildungszertifikate\/"},"modified":"2026-04-22T11:28:28","modified_gmt":"2026-04-22T09:28:28","slug":"certificats-de-formation-continue-fsea","status":"publish","type":"page","link":"https:\/\/alice.ch\/fr\/professionnalisation\/certificats-de-formation-continue-fsea\/","title":{"rendered":"Certificats de formation continue FSEA"},"content":{"rendered":"\n<div class=\"wp-block-group is-style-reduced-width is-layout-flow wp-block-group-is-layout-flow\">\n<h1 class=\"wp-block-heading\">Certificats de formation continue FSEA<\/h1>\n\n\n\n<p class=\"is-style-lead\">Un domaine de formation continue compl\u00e8te le syst\u00e8me modulaire FFA. Les titulaires d&rsquo;un certificat FSEA peuvent ainsi se perfectionner non seulement verticalement (via le brevet f\u00e9d\u00e9ral de formatrice\/formateur), mais aussi horizontalement gr\u00e2ce aux certificats de formation continue.<\/p>\n\n\n\n<p>Au niveau I, un certificat de formation continue est propos\u00e9. Au niveau II, trois modules d&rsquo;approfondissement peuvent \u00eatre suivis en tant que modules de formation continue pour obtenir le brevet f\u00e9d\u00e9ral. Ceux-ci compl\u00e8tent les dipl\u00f4mes formels du syst\u00e8me modulaire FFA.<\/p>\n\n\n\n<div class=\"wp-block-columns is-layout-flex wp-container-core-columns-is-layout-28f84493 wp-block-columns-is-layout-flex\">\n<div class=\"wp-block-column is-layout-flow wp-block-column-is-layout-flow\" style=\"flex-basis:66.66%\">\n<figure class=\"wp-block-image size-full is-style-no-border\"><img decoding=\"async\" src=\"https:\/\/alice.ch\/app\/uploads\/2025\/09\/ffa-modules-formations-continues.svg\" alt=\"\" class=\"wp-image-70949\" \/><\/figure>\n<\/div>\n<\/div>\n\n\n\n<div class=\"wp-block-columns is-style-accordion is-layout-flex wp-container-core-columns-is-layout-28f84493 wp-block-columns-is-layout-flex\" id=\"faq-element-1\">\n<div class=\"wp-block-column is-layout-flow wp-block-column-is-layout-flow\">\n<h3 class=\"wp-block-heading\">Niveau I: \u00abSoutenir les processus d\u2018apprentissage \u00e0 l\u2019aide de m\u00e9dias num\u00e9riques et de l\u2019intelligence artificielle (IA)\u00bb<\/h3>\n<\/div>\n\n\n\n<div class=\"wp-block-column is-layout-flow wp-block-column-is-layout-flow\">\n<p>Mettre en \u0153uvre et r\u00e9fl\u00e9chir efficacement, dans son propre domaine d&rsquo;expertise, aux processus d&rsquo;apprentissage gr\u00e2ce aux technologies d\u2019apprentissage num\u00e9riques modernes et \u00e0 l\u2019IA. (FFA MFC-num\u00e9rique)<\/p>\n\n\n\n<div class=\"wp-block-file\"><a id=\"wp-block-file--media-0d0d6d99-8a52-4b10-a142-2abfb63b27ce\" href=\"https:\/\/alice.ch\/app\/uploads\/2026\/04\/FFA-MFC-numerique.pdf\" target=\"_blank\" rel=\"noreferrer noopener\">Descriptif de module FFA MFC-num\u00e9rique<br \/>PDF &#8211; 299 kb<\/a><\/div>\n<\/div>\n<\/div>\n\n\n\n<div class=\"wp-block-columns is-style-accordion is-layout-flex wp-container-core-columns-is-layout-28f84493 wp-block-columns-is-layout-flex\" id=\"faq-element-1\">\n<div class=\"wp-block-column is-layout-flow wp-block-column-is-layout-flow\">\n<h3 class=\"wp-block-heading\">Niveau II: \u00abAccompagner les processus de groupe dans des sessions de formation\u00bb<\/h3>\n<\/div>\n\n\n\n<div class=\"wp-block-column is-layout-flow wp-block-column-is-layout-flow\">\n<p>Reconna\u00eetre les processus de groupe dans les sessions de formation avec des adultes, intervenir en fonction de la situation et promouvoir activement la capacit\u00e9 d\u2019apprentissage et de travail. (FFA BF-MA-GR)<\/p>\n\n\n\n<div class=\"wp-block-file\"><a id=\"wp-block-file--media-17a938ee-181e-4c1d-88f3-7881421b6124\" href=\"https:\/\/alice.ch\/app\/uploads\/2026\/04\/BF-MA-GR.pdf\" target=\"_blank\" rel=\"noreferrer noopener\">Descriptif de module FFA BF-MA-GR (module d\u2019approfondissement)<br \/>PDF &#8211; 201 kb<\/a><\/div>\n<\/div>\n<\/div>\n\n\n\n<div class=\"wp-block-columns is-style-accordion is-layout-flex wp-container-core-columns-is-layout-28f84493 wp-block-columns-is-layout-flex\" id=\"faq-element-1\">\n<div class=\"wp-block-column is-layout-flow wp-block-column-is-layout-flow\">\n<h3 class=\"wp-block-heading\">Niveau II: \u00abConcevoir et organiser des offres de formation en ligne sur le plan didactique\u00bb<\/h3>\n<\/div>\n\n\n\n<div class=\"wp-block-column is-layout-flow wp-block-column-is-layout-flow\">\n<p>Concevoir, organiser et \u00e9valuer de mani\u00e8re didactique les formes num\u00e9riques d&rsquo;apprentissage et les \u00e9v\u00e9nements d&rsquo;apprentissage. (FFA BF-MA-EL)<\/p>\n\n\n\n<div class=\"wp-block-file\"><a id=\"wp-block-file--media-30b4d31d-4964-494e-a559-8f1717e085b5\" href=\"https:\/\/alice.ch\/app\/uploads\/2026\/04\/BF-MA-EL.pdf\" target=\"_blank\" rel=\"noreferrer noopener\">Descriptif de module FFA BF-MA-EL (module d\u2019approfondissement)<br \/>PDF &#8211; 211 kb<\/a><\/div>\n<\/div>\n<\/div>\n\n\n\n<div class=\"wp-block-columns is-style-accordion is-layout-flex wp-container-core-columns-is-layout-28f84493 wp-block-columns-is-layout-flex\" id=\"faq-element-1\">\n<div class=\"wp-block-column is-layout-flow wp-block-column-is-layout-flow\">\n<h3 class=\"wp-block-heading\">Niveau II: \u00abPlanifier et \u00e9laborer des proc\u00e9dures de qualification ax\u00e9es sur les comp\u00e9tences\u00bb<\/h3>\n<\/div>\n\n\n\n<div class=\"wp-block-column is-layout-flow wp-block-column-is-layout-flow\">\n<p>D\u00e9velopper, mettre en \u0153uvre et \u00e9valuer des proc\u00e9dures d&rsquo;\u00e9valuation ax\u00e9es sur les comp\u00e9tences et des proc\u00e9dures de qualification en tant que formatrice\/formateur et \u00e9valuer les performances. (FFA BF-MA-QL)<\/p>\n\n\n\n<div class=\"wp-block-file\"><a id=\"wp-block-file--media-72902b5e-aae8-4963-888e-585e274d1f05\" href=\"https:\/\/alice.ch\/app\/uploads\/2026\/04\/BF-MA-QL.pdf\" target=\"_blank\" rel=\"noreferrer noopener\">Descriptif de module FFA BF-MA-QL (module d&rsquo;approfondissement)<br \/>PDF &#8211; 196 kb<\/a><\/div>\n<\/div>\n<\/div>\n\n\n\n<h2 class=\"wp-block-heading\">Trouver des cours modulaires FFA<\/h2>\n\n\n\n<p>Dans la base de donn\u00e9es FFA, vous trouverez la liste des prestataires qui proposent les modules FFA:<\/p>\n\n\n\n<div class=\"wp-block-buttons is-layout-flex wp-block-buttons-is-layout-flex\">\n<div class=\"wp-block-button has-custom-width wp-block-button__width-50 is-style-outline is-style-outline--1\"><a class=\"wp-block-button__link wp-element-button\" href=\"https:\/\/alice.ch\/fr\/professionnalisation\/systeme-modulaire-ffa\/cours-modulaires-ffa-reconnus\/?modul=21,28,27,26\">Trouver des cours modulaires FFA<\/a><\/div>\n<\/div>\n\n\n\n<h2 class=\"wp-block-heading\">Contact<\/h2>\n\n\n\n<div class=\"wp-block-columns is-style-default is-layout-flex wp-container-core-columns-is-layout-28f84493 wp-block-columns-is-layout-flex\">\n<div class=\"wp-block-column is-layout-flow wp-block-column-is-layout-flow\" style=\"flex-basis:50%\"><div class=\"contact-persons\">\n\n\t\t\t\t\t<div class=\"contact-person\">\n\t\t\t\t\tFSEA F\u00e9d\u00e9ration suisse pour la formation continue<br \/>\t\t\t\t\t\t\t\t\t\t<br \/>\n\t\t\t\t\tSecr\u00e9tariat romand<br \/>\r\nRue de Gen\u00e8ve 88b<br \/>\r\n1004 Lausanne<br \/>\t\t\t\t\t<a href=\"tel:+41 (0)22 994 20 10\">+41 (0)22 994 20 10<\/a><br \/>\t\t\t\t\t<a href=\"mailto:fsea@alice.ch\">fsea@alice.ch<\/a><br \/>\t\t\t\t\t<\/div>\n\t\t\t\t\t<\/div>\n<\/div>\n\n\n\n<div class=\"wp-block-column is-layout-flow wp-block-column-is-layout-flow\" style=\"flex-basis:50%\"><\/div>\n<\/div>\n<\/div>\n\n\n\n<p><\/p>\n","protected":false},"excerpt":{"rendered":"<p>Certificats de formation continue FSEA Un domaine de formation continue compl\u00e8te le syst\u00e8me modulaire FFA. Les titulaires d&rsquo;un certificat FSEA [&hellip;]<\/p>\n","protected":false},"author":2,"featured_media":20799,"parent":17415,"menu_order":603,"comment_status":"closed","ping_status":"closed","template":"","meta":{"_acf_changed":false,"inline_featured_image":false,"footnotes":""},"class_list":["post-17683","page","type-page","status-publish","has-post-thumbnail","hentry"],"acf":[],"yoast_head":"<!-- This site is optimized with the Yoast SEO plugin v27.3 - https:\/\/yoast.com\/product\/yoast-seo-wordpress\/ -->\n<title>Certificats de formation continue FSEA - FSEA<\/title>\n<meta name=\"description\" content=\"Un certificat de formation continue FSEA est un compl\u00e9ment aux dipl\u00f4mes formels du syst\u00e8me modulaire FFA. Plus d&#039;informations ici.\" \/>\n<meta name=\"robots\" content=\"index, follow, max-snippet:-1, max-image-preview:large, max-video-preview:-1\" \/>\n<link rel=\"canonical\" href=\"https:\/\/alice.ch\/fr\/professionnalisation\/certificats-de-formation-continue-fsea\/\" \/>\n<meta property=\"og:locale\" content=\"fr_FR\" \/>\n<meta property=\"og:type\" content=\"article\" \/>\n<meta property=\"og:title\" content=\"Certificats de formation continue FSEA - FSEA\" \/>\n<meta property=\"og:description\" content=\"Un certificat de formation continue FSEA est un compl\u00e9ment aux dipl\u00f4mes formels du syst\u00e8me modulaire FFA. Plus d&#039;informations ici.\" \/>\n<meta property=\"og:url\" content=\"https:\/\/alice.ch\/fr\/professionnalisation\/certificats-de-formation-continue-fsea\/\" \/>\n<meta property=\"og:site_name\" content=\"SVEB\" \/>\n<meta property=\"article:modified_time\" content=\"2026-04-22T09:28:28+00:00\" \/>\n<meta name=\"twitter:card\" content=\"summary_large_image\" \/>\n<meta name=\"twitter:label1\" content=\"Dur\u00e9e de lecture estim\u00e9e\" \/>\n\t<meta name=\"twitter:data1\" content=\"3 minutes\" \/>\n<script type=\"application\/ld+json\" class=\"yoast-schema-graph\">{\"@context\":\"https:\\\/\\\/schema.org\",\"@graph\":[{\"@type\":\"WebPage\",\"@id\":\"https:\\\/\\\/alice.ch\\\/fr\\\/professionnalisation\\\/certificats-de-formation-continue-fsea\\\/\",\"url\":\"https:\\\/\\\/alice.ch\\\/fr\\\/professionnalisation\\\/certificats-de-formation-continue-fsea\\\/\",\"name\":\"Certificats de formation continue FSEA - FSEA\",\"isPartOf\":{\"@id\":\"https:\\\/\\\/alice.ch\\\/fr\\\/#website\"},\"primaryImageOfPage\":{\"@id\":\"https:\\\/\\\/alice.ch\\\/fr\\\/professionnalisation\\\/certificats-de-formation-continue-fsea\\\/#primaryimage\"},\"image\":{\"@id\":\"https:\\\/\\\/alice.ch\\\/fr\\\/professionnalisation\\\/certificats-de-formation-continue-fsea\\\/#primaryimage\"},\"thumbnailUrl\":\"https:\\\/\\\/alice.ch\\\/app\\\/uploads\\\/2022\\\/11\\\/default.jpg\",\"datePublished\":\"2022-08-16T15:39:37+00:00\",\"dateModified\":\"2026-04-22T09:28:28+00:00\",\"description\":\"Un certificat de formation continue FSEA est un compl\u00e9ment aux dipl\u00f4mes formels du syst\u00e8me modulaire FFA. Plus d'informations ici.\",\"breadcrumb\":{\"@id\":\"https:\\\/\\\/alice.ch\\\/fr\\\/professionnalisation\\\/certificats-de-formation-continue-fsea\\\/#breadcrumb\"},\"inLanguage\":\"fr-FR\",\"potentialAction\":[{\"@type\":\"ReadAction\",\"target\":[\"https:\\\/\\\/alice.ch\\\/fr\\\/professionnalisation\\\/certificats-de-formation-continue-fsea\\\/\"]}]},{\"@type\":\"ImageObject\",\"inLanguage\":\"fr-FR\",\"@id\":\"https:\\\/\\\/alice.ch\\\/fr\\\/professionnalisation\\\/certificats-de-formation-continue-fsea\\\/#primaryimage\",\"url\":\"https:\\\/\\\/alice.ch\\\/app\\\/uploads\\\/2022\\\/11\\\/default.jpg\",\"contentUrl\":\"https:\\\/\\\/alice.ch\\\/app\\\/uploads\\\/2022\\\/11\\\/default.jpg\",\"width\":1600,\"height\":900},{\"@type\":\"BreadcrumbList\",\"@id\":\"https:\\\/\\\/alice.ch\\\/fr\\\/professionnalisation\\\/certificats-de-formation-continue-fsea\\\/#breadcrumb\",\"itemListElement\":[{\"@type\":\"ListItem\",\"position\":1,\"name\":\"Page d'accueil\",\"item\":\"https:\\\/\\\/alice.ch\\\/fr\\\/\"},{\"@type\":\"ListItem\",\"position\":2,\"name\":\"Professionnalisation\",\"item\":\"https:\\\/\\\/alice.ch\\\/fr\\\/professionnalisation\\\/\"},{\"@type\":\"ListItem\",\"position\":3,\"name\":\"Certificats de formation continue FSEA\"}]},{\"@type\":\"WebSite\",\"@id\":\"https:\\\/\\\/alice.ch\\\/fr\\\/#website\",\"url\":\"https:\\\/\\\/alice.ch\\\/fr\\\/\",\"name\":\"alice.ch (Adult Learning Information Center) ist das Portal der Weiterbildung in der Schweiz.\",\"description\":\"Schweizerischer Verband f\u00fcr Weiterbildung\",\"publisher\":{\"@id\":\"https:\\\/\\\/alice.ch\\\/fr\\\/#organization\"},\"potentialAction\":[{\"@type\":\"SearchAction\",\"target\":{\"@type\":\"EntryPoint\",\"urlTemplate\":\"https:\\\/\\\/alice.ch\\\/fr\\\/?s={search_term_string}\"},\"query-input\":{\"@type\":\"PropertyValueSpecification\",\"valueRequired\":true,\"valueName\":\"search_term_string\"}}],\"inLanguage\":\"fr-FR\"},{\"@type\":\"Organization\",\"@id\":\"https:\\\/\\\/alice.ch\\\/fr\\\/#organization\",\"name\":\"FSEA F\u00e9d\u00e9ration suisse pour la formation continue\",\"url\":\"https:\\\/\\\/alice.ch\\\/fr\\\/\",\"logo\":{\"@type\":\"ImageObject\",\"inLanguage\":\"fr-FR\",\"@id\":\"https:\\\/\\\/alice.ch\\\/fr\\\/#\\\/schema\\\/logo\\\/image\\\/\",\"url\":\"https:\\\/\\\/alice.ch\\\/app\\\/uploads\\\/2022\\\/07\\\/logo-sveb.png\",\"contentUrl\":\"https:\\\/\\\/alice.ch\\\/app\\\/uploads\\\/2022\\\/07\\\/logo-sveb.png\",\"width\":145,\"height\":64,\"caption\":\"FSEA F\u00e9d\u00e9ration suisse pour la formation continue\"},\"image\":{\"@id\":\"https:\\\/\\\/alice.ch\\\/fr\\\/#\\\/schema\\\/logo\\\/image\\\/\"},\"sameAs\":[\"https:\\\/\\\/www.linkedin.com\\\/company\\\/schweizerischer-verband-fr-weiterbildung-sveb\\\/\"]}]}<\/script>\n<!-- \/ Yoast SEO plugin. -->","yoast_head_json":{"title":"Certificats de formation continue FSEA - FSEA","description":"Un certificat de formation continue FSEA est un compl\u00e9ment aux dipl\u00f4mes formels du syst\u00e8me modulaire FFA. Plus d'informations ici.","robots":{"index":"index","follow":"follow","max-snippet":"max-snippet:-1","max-image-preview":"max-image-preview:large","max-video-preview":"max-video-preview:-1"},"canonical":"https:\/\/alice.ch\/fr\/professionnalisation\/certificats-de-formation-continue-fsea\/","og_locale":"fr_FR","og_type":"article","og_title":"Certificats de formation continue FSEA - FSEA","og_description":"Un certificat de formation continue FSEA est un compl\u00e9ment aux dipl\u00f4mes formels du syst\u00e8me modulaire FFA. Plus d'informations ici.","og_url":"https:\/\/alice.ch\/fr\/professionnalisation\/certificats-de-formation-continue-fsea\/","og_site_name":"SVEB","article_modified_time":"2026-04-22T09:28:28+00:00","twitter_card":"summary_large_image","twitter_misc":{"Dur\u00e9e de lecture estim\u00e9e":"3 minutes"},"schema":{"@context":"https:\/\/schema.org","@graph":[{"@type":"WebPage","@id":"https:\/\/alice.ch\/fr\/professionnalisation\/certificats-de-formation-continue-fsea\/","url":"https:\/\/alice.ch\/fr\/professionnalisation\/certificats-de-formation-continue-fsea\/","name":"Certificats de formation continue FSEA - FSEA","isPartOf":{"@id":"https:\/\/alice.ch\/fr\/#website"},"primaryImageOfPage":{"@id":"https:\/\/alice.ch\/fr\/professionnalisation\/certificats-de-formation-continue-fsea\/#primaryimage"},"image":{"@id":"https:\/\/alice.ch\/fr\/professionnalisation\/certificats-de-formation-continue-fsea\/#primaryimage"},"thumbnailUrl":"https:\/\/alice.ch\/app\/uploads\/2022\/11\/default.jpg","datePublished":"2022-08-16T15:39:37+00:00","dateModified":"2026-04-22T09:28:28+00:00","description":"Un certificat de formation continue FSEA est un compl\u00e9ment aux dipl\u00f4mes formels du syst\u00e8me modulaire FFA. Plus d'informations ici.","breadcrumb":{"@id":"https:\/\/alice.ch\/fr\/professionnalisation\/certificats-de-formation-continue-fsea\/#breadcrumb"},"inLanguage":"fr-FR","potentialAction":[{"@type":"ReadAction","target":["https:\/\/alice.ch\/fr\/professionnalisation\/certificats-de-formation-continue-fsea\/"]}]},{"@type":"ImageObject","inLanguage":"fr-FR","@id":"https:\/\/alice.ch\/fr\/professionnalisation\/certificats-de-formation-continue-fsea\/#primaryimage","url":"https:\/\/alice.ch\/app\/uploads\/2022\/11\/default.jpg","contentUrl":"https:\/\/alice.ch\/app\/uploads\/2022\/11\/default.jpg","width":1600,"height":900},{"@type":"BreadcrumbList","@id":"https:\/\/alice.ch\/fr\/professionnalisation\/certificats-de-formation-continue-fsea\/#breadcrumb","itemListElement":[{"@type":"ListItem","position":1,"name":"Page d'accueil","item":"https:\/\/alice.ch\/fr\/"},{"@type":"ListItem","position":2,"name":"Professionnalisation","item":"https:\/\/alice.ch\/fr\/professionnalisation\/"},{"@type":"ListItem","position":3,"name":"Certificats de formation continue FSEA"}]},{"@type":"WebSite","@id":"https:\/\/alice.ch\/fr\/#website","url":"https:\/\/alice.ch\/fr\/","name":"alice.ch (Adult Learning Information Center) ist das Portal der Weiterbildung in der Schweiz.","description":"Schweizerischer Verband f\u00fcr Weiterbildung","publisher":{"@id":"https:\/\/alice.ch\/fr\/#organization"},"potentialAction":[{"@type":"SearchAction","target":{"@type":"EntryPoint","urlTemplate":"https:\/\/alice.ch\/fr\/?s={search_term_string}"},"query-input":{"@type":"PropertyValueSpecification","valueRequired":true,"valueName":"search_term_string"}}],"inLanguage":"fr-FR"},{"@type":"Organization","@id":"https:\/\/alice.ch\/fr\/#organization","name":"FSEA F\u00e9d\u00e9ration suisse pour la formation continue","url":"https:\/\/alice.ch\/fr\/","logo":{"@type":"ImageObject","inLanguage":"fr-FR","@id":"https:\/\/alice.ch\/fr\/#\/schema\/logo\/image\/","url":"https:\/\/alice.ch\/app\/uploads\/2022\/07\/logo-sveb.png","contentUrl":"https:\/\/alice.ch\/app\/uploads\/2022\/07\/logo-sveb.png","width":145,"height":64,"caption":"FSEA F\u00e9d\u00e9ration suisse pour la formation continue"},"image":{"@id":"https:\/\/alice.ch\/fr\/#\/schema\/logo\/image\/"},"sameAs":["https:\/\/www.linkedin.com\/company\/schweizerischer-verband-fr-weiterbildung-sveb\/"]}]}},"_links":{"self":[{"href":"https:\/\/alice.ch\/fr\/wp-json\/wp\/v2\/pages\/17683","targetHints":{"allow":["GET"]}}],"collection":[{"href":"https:\/\/alice.ch\/fr\/wp-json\/wp\/v2\/pages"}],"about":[{"href":"https:\/\/alice.ch\/fr\/wp-json\/wp\/v2\/types\/page"}],"author":[{"embeddable":true,"href":"https:\/\/alice.ch\/fr\/wp-json\/wp\/v2\/users\/2"}],"replies":[{"embeddable":true,"href":"https:\/\/alice.ch\/fr\/wp-json\/wp\/v2\/comments?post=17683"}],"version-history":[{"count":24,"href":"https:\/\/alice.ch\/fr\/wp-json\/wp\/v2\/pages\/17683\/revisions"}],"predecessor-version":[{"id":75049,"href":"https:\/\/alice.ch\/fr\/wp-json\/wp\/v2\/pages\/17683\/revisions\/75049"}],"up":[{"embeddable":true,"href":"https:\/\/alice.ch\/fr\/wp-json\/wp\/v2\/pages\/17415"}],"wp:featuredmedia":[{"embeddable":true,"href":"https:\/\/alice.ch\/fr\/wp-json\/wp\/v2\/media\/20799"}],"wp:attachment":[{"href":"https:\/\/alice.ch\/fr\/wp-json\/wp\/v2\/media?parent=17683"}],"curies":[{"name":"wp","href":"https:\/\/api.w.org\/{rel}","templated":true}]}}