{"id":17784,"date":"2022-08-16T17:42:22","date_gmt":"2022-08-16T15:42:22","guid":{"rendered":"https:\/\/projects.atxeit.ch\/sveb\/professionnalisation\/prestataires-ffa\/informationen-fuer-anbieter\/"},"modified":"2026-04-27T11:45:16","modified_gmt":"2026-04-27T09:45:16","slug":"information-pour-les-prestataires","status":"publish","type":"page","link":"https:\/\/alice.ch\/fr\/professionnalisation\/prestataires-ffa\/information-pour-les-prestataires\/","title":{"rendered":"Information pour les prestataires"},"content":{"rendered":"\n<div class=\"wp-block-group is-style-reduced-width is-layout-constrained wp-block-group-is-layout-constrained\">\n<div class=\"wp-block-group is-style-default is-layout-constrained wp-block-group-is-layout-constrained\">\n<h1 class=\"wp-block-heading\">Informations pour les prestataires FFA&nbsp;<\/h1>\n\n\n\n<p class=\"is-style-lead\">Le Secr\u00e9tariat FFA diffuse une \u00e0 deux fois par an des informations sur les nouveaut\u00e9s et les \u00e9volutions du syst\u00e8me FFA par le biais d\u2019un mailing. Les informations relatives au contrat et les retours g\u00e9n\u00e9raux sur les examens f\u00e9d\u00e9raux sont \u00e9galement communiqu\u00e9s par ce canal.<\/p>\n\n\n\n<p>Vous trouverez les derni\u00e8res \u00ab\u202fInformations et directives du Secr\u00e9tariat FFA\u202f\u00bb ci-dessous.<\/p>\n\n\n\n<div class=\"wp-block-columns is-layout-flex wp-container-core-columns-is-layout-28f84493 wp-block-columns-is-layout-flex\">\n<div class=\"wp-block-column is-layout-flow wp-block-column-is-layout-flow\" style=\"flex-basis:50%\">\n<div class=\"wp-block-file\"><a id=\"wp-block-file--media-eec9df04-5b29-4ed0-89c9-db8c1ad39e07\" href=\"https:\/\/alice.ch\/app\/uploads\/2023\/12\/regles-transitoires.pdf\" target=\"_blank\" rel=\"noreferrer noopener\">R\u00e8gles transitoires<br \/>PDF &#8211; 218 kb<\/a><\/div>\n\n\n\n<div class=\"wp-block-file\"><a id=\"wp-block-file--media-eec9df04-5b29-4ed0-89c9-db8c1ad39e07\" href=\"https:\/\/alice.ch\/app\/uploads\/2022\/12\/2_Presentation-evenement-nouveau-brevet-federal-FA.pdf\" target=\"_blank\" rel=\"noreferrer noopener\">Pr\u00e9sentation \u00e9v\u00e9nement nouveau brevet fe\u0301de\u0301ral FA<br \/>PDF &#8211; 2 Mo<\/a><\/div>\n<\/div>\n\n\n\n<div class=\"wp-block-column is-layout-flow wp-block-column-is-layout-flow\" style=\"flex-basis:50%\"><\/div>\n<\/div>\n\n\n\n<div class=\"wp-block-group is-style-run-to-edge has-primary-background-color has-background is-layout-flow wp-block-group-is-layout-flow\">\n<p class=\"is-style-lead has-background-color has-text-color has-large-font-size\"><strong>Parts en ligne pour proc\u00e9dure de reconnaissance selon le syst\u00e8me 2015<\/strong><\/p>\n\n\n\n<p class=\"is-style-lead has-background-color has-text-color has-medium-font-size\">Les p\u00e9riodes fix\u00e9es s&rsquo;appliquent jusqu&rsquo;\u00e0 la reconnaissance selon le syst\u00e8me 2024:<br><br><a href=\"https:\/\/alice.ch\/app\/uploads\/2022\/11\/20211213_reglements_speciaux_Corona.pdf\" target=\"_blank\" rel=\"noreferrer noopener\">la r\u00e9glementation sp\u00e9ciale pand\u00e9mie Covid19<\/a><\/p>\n<\/div>\n\n\n\n<h2 class=\"wp-block-heading\">S\u2019abonner au mailing<\/h2>\n\n\n\n<div class=\"wp-block-contact-form-7-contact-form-selector\">\n<div class=\"wpcf7 no-js\" id=\"wpcf7-f18416-o1\" lang=\"de-DE\" dir=\"ltr\" data-wpcf7-id=\"18416\">\n<div class=\"screen-reader-response\"><p role=\"status\" aria-live=\"polite\" aria-atomic=\"true\"><\/p> <ul><\/ul><\/div>\n<form action=\"\/fr\/wp-json\/wp\/v2\/pages\/17784#wpcf7-f18416-o1\" method=\"post\" class=\"wpcf7-form init\" aria-label=\"Kontaktformular\" novalidate=\"novalidate\" data-status=\"init\">\n<fieldset class=\"hidden-fields-container\"><input type=\"hidden\" name=\"_wpcf7\" value=\"18416\" \/><input type=\"hidden\" name=\"_wpcf7_version\" value=\"6.1.5\" \/><input type=\"hidden\" name=\"_wpcf7_locale\" value=\"de_DE\" \/><input type=\"hidden\" name=\"_wpcf7_unit_tag\" value=\"wpcf7-f18416-o1\" \/><input type=\"hidden\" name=\"_wpcf7_container_post\" value=\"0\" \/><input type=\"hidden\" name=\"_wpcf7_posted_data_hash\" value=\"\" \/>\n<\/fieldset>\n<p><label>Organisation<br \/>\n<span class=\"wpcf7-form-control-wrap\" data-name=\"your-organisation\"><input size=\"40\" maxlength=\"400\" class=\"wpcf7-form-control wpcf7-text\" aria-invalid=\"false\" placeholder=\"Votre organisation\" value=\"\" type=\"text\" name=\"your-organisation\" \/><\/span><\/label><br \/>\n<label>Pr\u00e9nom*<br \/>\n<span class=\"wpcf7-form-control-wrap\" data-name=\"your-forename\"><input size=\"40\" maxlength=\"400\" class=\"wpcf7-form-control wpcf7-text wpcf7-validates-as-required\" aria-required=\"true\" aria-invalid=\"false\" placeholder=\"Petra\" value=\"\" type=\"text\" name=\"your-forename\" \/><\/span><\/label><br \/>\n<label>Nom de famille*<br \/>\n<span class=\"wpcf7-form-control-wrap\" data-name=\"your-name\"><input size=\"40\" maxlength=\"400\" class=\"wpcf7-form-control wpcf7-text wpcf7-validates-as-required\" aria-required=\"true\" aria-invalid=\"false\" placeholder=\"Muster\" value=\"\" type=\"text\" name=\"your-name\" \/><\/span><\/label>\n<\/p>\n<p><label>Adresse \u00e9lectronique*<br \/>\n<span class=\"wpcf7-form-control-wrap\" data-name=\"your-email\"><input size=\"40\" maxlength=\"400\" class=\"wpcf7-form-control wpcf7-email wpcf7-validates-as-required wpcf7-text wpcf7-validates-as-email\" aria-required=\"true\" aria-invalid=\"false\" placeholder=\"petra.muster@alice.ch\" value=\"\" type=\"email\" name=\"your-email\" \/><\/span> <\/label>\n<\/p>\n<p><label>Votre commentaire*<br \/>\n<span class=\"wpcf7-form-control-wrap\" data-name=\"your-message\"><textarea cols=\"40\" rows=\"10\" maxlength=\"2000\" class=\"wpcf7-form-control wpcf7-textarea wpcf7-validates-as-required\" aria-required=\"true\" aria-invalid=\"false\" placeholder=\"...\" name=\"your-message\"><\/textarea><\/span> <\/label>\n<\/p>\n<p><span id=\"wpcf7-69ef858cda303-wrapper\" class=\"wpcf7-form-control-wrap honeypot-142-wrap\" style=\"display:none !important; visibility:hidden !important;\"><label for=\"wpcf7-69ef858cda303-field\" class=\"hp-message\">Bitte lasse dieses Feld leer.<\/label><input id=\"wpcf7-69ef858cda303-field\"  class=\"wpcf7-form-control wpcf7-text\" type=\"text\" name=\"honeypot-142\" value=\"\" size=\"40\" tabindex=\"-1\" autocomplete=\"new-password\" \/><\/span>\n<\/p>\n<p><input class=\"wpcf7-form-control wpcf7-submit has-spinner\" type=\"submit\" value=\"Envoyer\" \/><br \/>\n*Champs obligatoires\n<\/p><div class=\"cf7-cookie-message\" style=\"margin-top:1em;color:#000;\">Merci d\u2019accepter les cookies afin de pouvoir soumettre le formulaire.<\/div><div class=\"wpcf7-response-output\" aria-hidden=\"true\"><\/div>\n<\/form>\n<\/div>\n<\/div>\n\n\n\n<h2 class=\"wp-block-heading\">Informations et directives du Secr\u00e9tariat FFA<\/h2>\n\n\n\n<div class=\"wp-block-columns is-layout-flex wp-container-core-columns-is-layout-28f84493 wp-block-columns-is-layout-flex\">\n<div class=\"wp-block-column is-layout-flow wp-block-column-is-layout-flow\" style=\"flex-basis:50%\">\n<div class=\"wp-block-file\"><a id=\"wp-block-file--media-63881f5f-4098-404e-9a72-c2273c4ac7d3\" href=\"https:\/\/alice.ch\/app\/uploads\/2026\/04\/fr-ada-infomailing-2026-1-1.pdf\">Informations et directives du secr\u00e9tariat FFA d&rsquo;avril 2026<br \/>PDF &#8211; 258 kb<\/a><a href=\"https:\/\/alice.ch\/app\/uploads\/2026\/04\/fr-ada-infomailing-2026-1-1.pdf\" class=\"wp-block-file__button wp-element-button\" download aria-describedby=\"wp-block-file--media-63881f5f-4098-404e-9a72-c2273c4ac7d3\">T\u00e9l\u00e9charger<br \/>PDF &#8211; 258 kb<\/a><\/div>\n\n\n\n<div class=\"wp-block-file\"><a id=\"wp-block-file--media-e11f8bb4-48fd-4f83-ab82-255ee2a3d115\" href=\"https:\/\/alice.ch\/app\/uploads\/2025\/12\/20251118_Infomailing_Logos-fr.pdf\">Nouveau logo pour les offres FFA reconnues d\u00e9cembre 2025<br \/>PDF &#8211; 250 kb<\/a><a href=\"https:\/\/alice.ch\/app\/uploads\/2025\/12\/20251118_Infomailing_Logos-fr.pdf\" class=\"wp-block-file__button wp-element-button\" download aria-describedby=\"wp-block-file--media-e11f8bb4-48fd-4f83-ab82-255ee2a3d115\">T\u00e9l\u00e9charger<br \/>PDF &#8211; 250 kb<\/a><\/div>\n\n\n\n<div class=\"wp-block-file\"><a id=\"wp-block-file--media-275e5e93-ea9f-459a-b3d0-e9721d7b57fe\" href=\"https:\/\/alice.ch\/app\/uploads\/2024\/10\/f-ffa-infomailing-2024-3.pdf\">Informations et directives du secr\u00e9tariat FFA d&rsquo;octobre 2024<br \/>PDF &#8211; 429 kb<\/a><a href=\"https:\/\/alice.ch\/app\/uploads\/2024\/10\/f-ffa-infomailing-2024-3.pdf\" class=\"wp-block-file__button wp-element-button\" download aria-describedby=\"wp-block-file--media-275e5e93-ea9f-459a-b3d0-e9721d7b57fe\">T\u00e9l\u00e9charger<br \/>PDF &#8211; 429 kb<\/a><\/div>\n<\/div>\n\n\n\n<div class=\"wp-block-column is-layout-flow wp-block-column-is-layout-flow\" style=\"flex-basis:50%\">\n<div class=\"wp-block-file\"><a id=\"wp-block-file--media-a1cff3e9-948b-40b1-b084-061fc2efd710\" href=\"https:\/\/alice.ch\/app\/uploads\/2025\/12\/infomailing-frais-examen.pdf\">Information concernant l&rsquo;ajustement des frais d&rsquo;examen d\u00e9cembre 2025<br \/>PDF &#8211; 35 kb<\/a><a href=\"https:\/\/alice.ch\/app\/uploads\/2025\/12\/infomailing-frais-examen.pdf\" class=\"wp-block-file__button wp-element-button\" download aria-describedby=\"wp-block-file--media-a1cff3e9-948b-40b1-b084-061fc2efd710\">T\u00e9l\u00e9charger<br \/>PDF &#8211; 35 kb<\/a><\/div>\n\n\n\n<div class=\"wp-block-file\"><a id=\"wp-block-file--media-b2d82c68-b652-4bd8-8c72-32dfd766cc02\" href=\"https:\/\/alice.ch\/app\/uploads\/2025\/07\/fr-ada-infomailing-2025-1-.pdf\">Informations et directives du secr\u00e9tariat FFA de juillet 2025<br \/>PDF &#8211; 261 kb<\/a><a href=\"https:\/\/alice.ch\/app\/uploads\/2025\/07\/fr-ada-infomailing-2025-1-.pdf\" class=\"wp-block-file__button wp-element-button\" download aria-describedby=\"wp-block-file--media-b2d82c68-b652-4bd8-8c72-32dfd766cc02\">T\u00e9l\u00e9charger<br \/>PDF &#8211; 261 kb<\/a><\/div>\n\n\n\n<div class=\"wp-block-file\"><a id=\"wp-block-file--media-786ac389-6012-43a2-ad15-af7996ea3e20\" href=\"https:\/\/alice.ch\/app\/uploads\/2024\/03\/f-infomailing-2024-2.pdf\">Informations et directives du secr\u00e9tariat FFA de mars 2024<br \/>PDF &#8211; 177 kb<\/a><a href=\"https:\/\/alice.ch\/app\/uploads\/2024\/03\/f-infomailing-2024-2.pdf\" class=\"wp-block-file__button wp-element-button\" download aria-describedby=\"wp-block-file--media-786ac389-6012-43a2-ad15-af7996ea3e20\">T\u00e9l\u00e9charger<br \/>PDF &#8211; 177 kb<\/a><\/div>\n<\/div>\n<\/div>\n<\/div>\n\n\n\n<h2 class=\"wp-block-heading\">Archive<\/h2>\n\n\n\n<div class=\"wp-block-columns is-layout-flex wp-container-core-columns-is-layout-28f84493 wp-block-columns-is-layout-flex\">\n<div class=\"wp-block-column is-layout-flow wp-block-column-is-layout-flow\">\n<div class=\"wp-block-file\"><a id=\"wp-block-file--media-8258a4e7-e8ed-4c43-8b40-e64aafb34343\" href=\"https:\/\/alice.ch\/app\/uploads\/2024\/02\/Infomailing_2024_fevrier.pdf\">Informations et directives du secr\u00e9tariat FFA&nbsp;de f\u00e9vrier 2024<br \/>PDF &#8211; 174 kb<\/a><a href=\"https:\/\/alice.ch\/app\/uploads\/2024\/02\/Infomailing_2024_fevrier.pdf\" class=\"wp-block-file__button wp-element-button\" download aria-describedby=\"wp-block-file--media-8258a4e7-e8ed-4c43-8b40-e64aafb34343\">Herunterladen<br \/>PDF &#8211; 174 kb<\/a><\/div>\n\n\n\n<div class=\"wp-block-file\"><a id=\"wp-block-file--media-eec9df04-5b29-4ed0-89c9-db8c1ad39e07\" href=\"https:\/\/alice.ch\/app\/uploads\/2023\/06\/FFA-Infomail-2023-01-F.pdf\" target=\"_blank\" rel=\"noreferrer noopener\">Informations et directives du secr\u00e9tariat FFA&nbsp;de juin 2023<br \/>PDF &#8211; 199 kb<\/a><\/div>\n\n\n\n<div class=\"wp-block-file\"><a id=\"wp-block-file--media-eec9df04-5b29-4ed0-89c9-db8c1ad39e07\" href=\"https:\/\/alice.ch\/app\/uploads\/2023\/01\/Info-AdA-2022.05.20_francais_Links-angepasst.pdf\" target=\"_blank\" rel=\"noreferrer noopener\">Informations et directives du secr\u00e9tariat FFA&nbsp;de mai 2022<br \/>PDF &#8211; 227 kb<\/a><\/div>\n<\/div>\n\n\n\n<div class=\"wp-block-column is-layout-flow wp-block-column-is-layout-flow\">\n<div class=\"wp-block-file\"><a id=\"wp-block-file--media-eec9df04-5b29-4ed0-89c9-db8c1ad39e07\" href=\"https:\/\/alice.ch\/app\/uploads\/2023\/11\/infomailing-2023.02-fr.pdf\" target=\"_blank\" rel=\"noreferrer noopener\">Informations et directives du secr\u00e9tariat FFA de novembre 2023<br \/>PDF &#8211; 174 kb<\/a><\/div>\n\n\n\n<div class=\"wp-block-file\"><a id=\"wp-block-file--media-eec9df04-5b29-4ed0-89c9-db8c1ad39e07\" href=\"https:\/\/alice.ch\/app\/uploads\/2023\/01\/Infomailing-20.12.2022_def_fr.pdf\" target=\"_blank\" rel=\"noreferrer noopener\">Informations et directives du secr\u00e9tariat FFA&nbsp;de d\u00e9cembre 2022<br \/>PDF &#8211; 18 kb<\/a><\/div>\n\n\n\n<div class=\"wp-block-file\"><a id=\"wp-block-file--media-eec9df04-5b29-4ed0-89c9-db8c1ad39e07\" href=\"https:\/\/alice.ch\/app\/uploads\/2023\/01\/F-Info-AdA-2022.02.01_links-aktualisiert-230124.pdf\" target=\"_blank\" rel=\"noreferrer noopener\">Informations et directives du secr\u00e9tariat FFA&nbsp;de f\u00e9vrier 2022<br \/>PDF &#8211; 180 kb<\/a><\/div>\n<\/div>\n<\/div>\n\n\n\n<h2 class=\"wp-block-heading\">Informations suppl\u00e9mentaires<\/h2>\n\n\n\n<div class=\"wp-block-buttons is-layout-flex wp-block-buttons-is-layout-flex\">\n<div class=\"wp-block-button has-custom-width wp-block-button__width-50 is-style-outline is-style-outline--1\"><a class=\"wp-block-button__link wp-element-button\" href=\"https:\/\/alice.ch\/fr\/professionnalisation\/prestataires-ffa\/information-pour-les-prestataires\/documents-ffa\/\">Documents pour les prestataires FFA<\/a><\/div>\n<\/div>\n\n\n\n<div class=\"wp-block-group is-style-default is-layout-constrained wp-block-group-is-layout-constrained\">\n<div class=\"wp-block-buttons is-layout-flex wp-block-buttons-is-layout-flex\">\n<div class=\"wp-block-button has-custom-width wp-block-button__width-50 is-style-outline is-style-outline--2\"><a class=\"wp-block-button__link wp-element-button\" href=\"https:\/\/alice.ch\/fr\/professionnalisation\/systeme-modulaire-ffa\/cours-modulaires-ffa-reconnus\/\">Cours modulaires FFA reconnus par la FSEA<\/a><\/div>\n<\/div>\n\n\n\n<h2 class=\"wp-block-heading\">Contact<\/h2>\n\n\n\n<div class=\"wp-block-columns is-layout-flex wp-container-core-columns-is-layout-28f84493 wp-block-columns-is-layout-flex\">\n<div class=\"wp-block-column is-layout-flow wp-block-column-is-layout-flow\" style=\"flex-basis:50%\"><div class=\"contact-persons\">\n\n\t\t\t\t\t<div class=\"contact-person\">\n\t\t\t\t\tFSEA F\u00e9d\u00e9ration suisse pour la formation continue<br \/>\t\t\t\t\t\t\t\t\t\t<br \/>\n\t\t\t\t\tSecr\u00e9tariat romand<br \/>\r\nRue de Gen\u00e8ve 88b<br \/>\r\n1004 Lausanne<br \/>\t\t\t\t\t<a href=\"tel:+41 (0)22 994 20 10\">+41 (0)22 994 20 10<\/a><br \/>\t\t\t\t\t<a href=\"mailto:fsea@alice.ch\">fsea@alice.ch<\/a><br \/>\t\t\t\t\t<\/div>\n\t\t\t\t\t<\/div>\n<\/div>\n\n\n\n<div class=\"wp-block-column is-layout-flow wp-block-column-is-layout-flow\" style=\"flex-basis:50%\"><\/div>\n<\/div>\n<\/div>\n<\/div>\n","protected":false},"excerpt":{"rendered":"<p>Informations pour les prestataires FFA&nbsp; Le Secr\u00e9tariat FFA diffuse une \u00e0 deux fois par an des informations sur les nouveaut\u00e9s [&hellip;]<\/p>\n","protected":false},"author":2,"featured_media":20799,"parent":17605,"menu_order":239,"comment_status":"closed","ping_status":"closed","template":"","meta":{"_acf_changed":false,"inline_featured_image":false,"footnotes":""},"class_list":["post-17784","page","type-page","status-publish","has-post-thumbnail","hentry"],"acf":[],"yoast_head":"<!-- This site is optimized with the Yoast SEO plugin v27.3 - https:\/\/yoast.com\/product\/yoast-seo-wordpress\/ -->\n<title>Information pour les prestataires - FSEA<\/title>\n<meta name=\"description\" content=\"Le bureau FFA informe une \u00e0 deux fois par an par un mailing FFA sur les nouveaut\u00e9s et les d\u00e9veloppements du syst\u00e8me FFA.\" \/>\n<meta name=\"robots\" content=\"index, follow, max-snippet:-1, max-image-preview:large, max-video-preview:-1\" \/>\n<link rel=\"canonical\" href=\"https:\/\/alice.ch\/fr\/professionnalisation\/prestataires-ffa\/information-pour-les-prestataires\/\" \/>\n<meta property=\"og:locale\" content=\"fr_FR\" \/>\n<meta property=\"og:type\" content=\"article\" \/>\n<meta property=\"og:title\" content=\"Information pour les prestataires - FSEA\" \/>\n<meta property=\"og:description\" content=\"Le bureau FFA informe une \u00e0 deux fois par an par un mailing FFA sur les nouveaut\u00e9s et les d\u00e9veloppements du syst\u00e8me FFA.\" \/>\n<meta property=\"og:url\" content=\"https:\/\/alice.ch\/fr\/professionnalisation\/prestataires-ffa\/information-pour-les-prestataires\/\" \/>\n<meta property=\"og:site_name\" content=\"SVEB\" \/>\n<meta property=\"article:modified_time\" content=\"2026-04-27T09:45:16+00:00\" \/>\n<meta name=\"twitter:card\" content=\"summary_large_image\" \/>\n<meta name=\"twitter:label1\" content=\"Dur\u00e9e de lecture estim\u00e9e\" \/>\n\t<meta name=\"twitter:data1\" content=\"2 minutes\" \/>\n<script type=\"application\/ld+json\" class=\"yoast-schema-graph\">{\"@context\":\"https:\\\/\\\/schema.org\",\"@graph\":[{\"@type\":\"WebPage\",\"@id\":\"https:\\\/\\\/alice.ch\\\/fr\\\/professionnalisation\\\/prestataires-ffa\\\/information-pour-les-prestataires\\\/\",\"url\":\"https:\\\/\\\/alice.ch\\\/fr\\\/professionnalisation\\\/prestataires-ffa\\\/information-pour-les-prestataires\\\/\",\"name\":\"Information pour les prestataires - FSEA\",\"isPartOf\":{\"@id\":\"https:\\\/\\\/alice.ch\\\/fr\\\/#website\"},\"primaryImageOfPage\":{\"@id\":\"https:\\\/\\\/alice.ch\\\/fr\\\/professionnalisation\\\/prestataires-ffa\\\/information-pour-les-prestataires\\\/#primaryimage\"},\"image\":{\"@id\":\"https:\\\/\\\/alice.ch\\\/fr\\\/professionnalisation\\\/prestataires-ffa\\\/information-pour-les-prestataires\\\/#primaryimage\"},\"thumbnailUrl\":\"https:\\\/\\\/alice.ch\\\/app\\\/uploads\\\/2022\\\/11\\\/default.jpg\",\"datePublished\":\"2022-08-16T15:42:22+00:00\",\"dateModified\":\"2026-04-27T09:45:16+00:00\",\"description\":\"Le bureau FFA informe une \u00e0 deux fois par an par un mailing FFA sur les nouveaut\u00e9s et les d\u00e9veloppements du syst\u00e8me FFA.\",\"breadcrumb\":{\"@id\":\"https:\\\/\\\/alice.ch\\\/fr\\\/professionnalisation\\\/prestataires-ffa\\\/information-pour-les-prestataires\\\/#breadcrumb\"},\"inLanguage\":\"fr-FR\",\"potentialAction\":[{\"@type\":\"ReadAction\",\"target\":[\"https:\\\/\\\/alice.ch\\\/fr\\\/professionnalisation\\\/prestataires-ffa\\\/information-pour-les-prestataires\\\/\"]}]},{\"@type\":\"ImageObject\",\"inLanguage\":\"fr-FR\",\"@id\":\"https:\\\/\\\/alice.ch\\\/fr\\\/professionnalisation\\\/prestataires-ffa\\\/information-pour-les-prestataires\\\/#primaryimage\",\"url\":\"https:\\\/\\\/alice.ch\\\/app\\\/uploads\\\/2022\\\/11\\\/default.jpg\",\"contentUrl\":\"https:\\\/\\\/alice.ch\\\/app\\\/uploads\\\/2022\\\/11\\\/default.jpg\",\"width\":1600,\"height\":900},{\"@type\":\"BreadcrumbList\",\"@id\":\"https:\\\/\\\/alice.ch\\\/fr\\\/professionnalisation\\\/prestataires-ffa\\\/information-pour-les-prestataires\\\/#breadcrumb\",\"itemListElement\":[{\"@type\":\"ListItem\",\"position\":1,\"name\":\"Page d'accueil\",\"item\":\"https:\\\/\\\/alice.ch\\\/fr\\\/\"},{\"@type\":\"ListItem\",\"position\":2,\"name\":\"Professionnalisation\",\"item\":\"https:\\\/\\\/alice.ch\\\/fr\\\/professionnalisation\\\/\"},{\"@type\":\"ListItem\",\"position\":3,\"name\":\"Prestataires FFA\",\"item\":\"https:\\\/\\\/alice.ch\\\/fr\\\/professionnalisation\\\/prestataires-ffa\\\/\"},{\"@type\":\"ListItem\",\"position\":4,\"name\":\"Information pour les prestataires\"}]},{\"@type\":\"WebSite\",\"@id\":\"https:\\\/\\\/alice.ch\\\/fr\\\/#website\",\"url\":\"https:\\\/\\\/alice.ch\\\/fr\\\/\",\"name\":\"alice.ch (Adult Learning Information Center) ist das Portal der Weiterbildung in der Schweiz.\",\"description\":\"Schweizerischer Verband f\u00fcr Weiterbildung\",\"publisher\":{\"@id\":\"https:\\\/\\\/alice.ch\\\/fr\\\/#organization\"},\"potentialAction\":[{\"@type\":\"SearchAction\",\"target\":{\"@type\":\"EntryPoint\",\"urlTemplate\":\"https:\\\/\\\/alice.ch\\\/fr\\\/?s={search_term_string}\"},\"query-input\":{\"@type\":\"PropertyValueSpecification\",\"valueRequired\":true,\"valueName\":\"search_term_string\"}}],\"inLanguage\":\"fr-FR\"},{\"@type\":\"Organization\",\"@id\":\"https:\\\/\\\/alice.ch\\\/fr\\\/#organization\",\"name\":\"FSEA F\u00e9d\u00e9ration suisse pour la formation continue\",\"url\":\"https:\\\/\\\/alice.ch\\\/fr\\\/\",\"logo\":{\"@type\":\"ImageObject\",\"inLanguage\":\"fr-FR\",\"@id\":\"https:\\\/\\\/alice.ch\\\/fr\\\/#\\\/schema\\\/logo\\\/image\\\/\",\"url\":\"https:\\\/\\\/alice.ch\\\/app\\\/uploads\\\/2022\\\/07\\\/logo-sveb.png\",\"contentUrl\":\"https:\\\/\\\/alice.ch\\\/app\\\/uploads\\\/2022\\\/07\\\/logo-sveb.png\",\"width\":145,\"height\":64,\"caption\":\"FSEA F\u00e9d\u00e9ration suisse pour la formation continue\"},\"image\":{\"@id\":\"https:\\\/\\\/alice.ch\\\/fr\\\/#\\\/schema\\\/logo\\\/image\\\/\"},\"sameAs\":[\"https:\\\/\\\/www.linkedin.com\\\/company\\\/schweizerischer-verband-fr-weiterbildung-sveb\\\/\"]}]}<\/script>\n<!-- \/ Yoast SEO plugin. -->","yoast_head_json":{"title":"Information pour les prestataires - FSEA","description":"Le bureau FFA informe une \u00e0 deux fois par an par un mailing FFA sur les nouveaut\u00e9s et les d\u00e9veloppements du syst\u00e8me FFA.","robots":{"index":"index","follow":"follow","max-snippet":"max-snippet:-1","max-image-preview":"max-image-preview:large","max-video-preview":"max-video-preview:-1"},"canonical":"https:\/\/alice.ch\/fr\/professionnalisation\/prestataires-ffa\/information-pour-les-prestataires\/","og_locale":"fr_FR","og_type":"article","og_title":"Information pour les prestataires - FSEA","og_description":"Le bureau FFA informe une \u00e0 deux fois par an par un mailing FFA sur les nouveaut\u00e9s et les d\u00e9veloppements du syst\u00e8me FFA.","og_url":"https:\/\/alice.ch\/fr\/professionnalisation\/prestataires-ffa\/information-pour-les-prestataires\/","og_site_name":"SVEB","article_modified_time":"2026-04-27T09:45:16+00:00","twitter_card":"summary_large_image","twitter_misc":{"Dur\u00e9e de lecture estim\u00e9e":"2 minutes"},"schema":{"@context":"https:\/\/schema.org","@graph":[{"@type":"WebPage","@id":"https:\/\/alice.ch\/fr\/professionnalisation\/prestataires-ffa\/information-pour-les-prestataires\/","url":"https:\/\/alice.ch\/fr\/professionnalisation\/prestataires-ffa\/information-pour-les-prestataires\/","name":"Information pour les prestataires - FSEA","isPartOf":{"@id":"https:\/\/alice.ch\/fr\/#website"},"primaryImageOfPage":{"@id":"https:\/\/alice.ch\/fr\/professionnalisation\/prestataires-ffa\/information-pour-les-prestataires\/#primaryimage"},"image":{"@id":"https:\/\/alice.ch\/fr\/professionnalisation\/prestataires-ffa\/information-pour-les-prestataires\/#primaryimage"},"thumbnailUrl":"https:\/\/alice.ch\/app\/uploads\/2022\/11\/default.jpg","datePublished":"2022-08-16T15:42:22+00:00","dateModified":"2026-04-27T09:45:16+00:00","description":"Le bureau FFA informe une \u00e0 deux fois par an par un mailing FFA sur les nouveaut\u00e9s et les d\u00e9veloppements du syst\u00e8me FFA.","breadcrumb":{"@id":"https:\/\/alice.ch\/fr\/professionnalisation\/prestataires-ffa\/information-pour-les-prestataires\/#breadcrumb"},"inLanguage":"fr-FR","potentialAction":[{"@type":"ReadAction","target":["https:\/\/alice.ch\/fr\/professionnalisation\/prestataires-ffa\/information-pour-les-prestataires\/"]}]},{"@type":"ImageObject","inLanguage":"fr-FR","@id":"https:\/\/alice.ch\/fr\/professionnalisation\/prestataires-ffa\/information-pour-les-prestataires\/#primaryimage","url":"https:\/\/alice.ch\/app\/uploads\/2022\/11\/default.jpg","contentUrl":"https:\/\/alice.ch\/app\/uploads\/2022\/11\/default.jpg","width":1600,"height":900},{"@type":"BreadcrumbList","@id":"https:\/\/alice.ch\/fr\/professionnalisation\/prestataires-ffa\/information-pour-les-prestataires\/#breadcrumb","itemListElement":[{"@type":"ListItem","position":1,"name":"Page d'accueil","item":"https:\/\/alice.ch\/fr\/"},{"@type":"ListItem","position":2,"name":"Professionnalisation","item":"https:\/\/alice.ch\/fr\/professionnalisation\/"},{"@type":"ListItem","position":3,"name":"Prestataires FFA","item":"https:\/\/alice.ch\/fr\/professionnalisation\/prestataires-ffa\/"},{"@type":"ListItem","position":4,"name":"Information pour les prestataires"}]},{"@type":"WebSite","@id":"https:\/\/alice.ch\/fr\/#website","url":"https:\/\/alice.ch\/fr\/","name":"alice.ch (Adult Learning Information Center) ist das Portal der Weiterbildung in der Schweiz.","description":"Schweizerischer Verband f\u00fcr Weiterbildung","publisher":{"@id":"https:\/\/alice.ch\/fr\/#organization"},"potentialAction":[{"@type":"SearchAction","target":{"@type":"EntryPoint","urlTemplate":"https:\/\/alice.ch\/fr\/?s={search_term_string}"},"query-input":{"@type":"PropertyValueSpecification","valueRequired":true,"valueName":"search_term_string"}}],"inLanguage":"fr-FR"},{"@type":"Organization","@id":"https:\/\/alice.ch\/fr\/#organization","name":"FSEA F\u00e9d\u00e9ration suisse pour la formation continue","url":"https:\/\/alice.ch\/fr\/","logo":{"@type":"ImageObject","inLanguage":"fr-FR","@id":"https:\/\/alice.ch\/fr\/#\/schema\/logo\/image\/","url":"https:\/\/alice.ch\/app\/uploads\/2022\/07\/logo-sveb.png","contentUrl":"https:\/\/alice.ch\/app\/uploads\/2022\/07\/logo-sveb.png","width":145,"height":64,"caption":"FSEA F\u00e9d\u00e9ration suisse pour la formation continue"},"image":{"@id":"https:\/\/alice.ch\/fr\/#\/schema\/logo\/image\/"},"sameAs":["https:\/\/www.linkedin.com\/company\/schweizerischer-verband-fr-weiterbildung-sveb\/"]}]}},"_links":{"self":[{"href":"https:\/\/alice.ch\/fr\/wp-json\/wp\/v2\/pages\/17784","targetHints":{"allow":["GET"]}}],"collection":[{"href":"https:\/\/alice.ch\/fr\/wp-json\/wp\/v2\/pages"}],"about":[{"href":"https:\/\/alice.ch\/fr\/wp-json\/wp\/v2\/types\/page"}],"author":[{"embeddable":true,"href":"https:\/\/alice.ch\/fr\/wp-json\/wp\/v2\/users\/2"}],"replies":[{"embeddable":true,"href":"https:\/\/alice.ch\/fr\/wp-json\/wp\/v2\/comments?post=17784"}],"version-history":[{"count":58,"href":"https:\/\/alice.ch\/fr\/wp-json\/wp\/v2\/pages\/17784\/revisions"}],"predecessor-version":[{"id":75188,"href":"https:\/\/alice.ch\/fr\/wp-json\/wp\/v2\/pages\/17784\/revisions\/75188"}],"up":[{"embeddable":true,"href":"https:\/\/alice.ch\/fr\/wp-json\/wp\/v2\/pages\/17605"}],"wp:featuredmedia":[{"embeddable":true,"href":"https:\/\/alice.ch\/fr\/wp-json\/wp\/v2\/media\/20799"}],"wp:attachment":[{"href":"https:\/\/alice.ch\/fr\/wp-json\/wp\/v2\/media?parent=17784"}],"curies":[{"name":"wp","href":"https:\/\/api.w.org\/{rel}","templated":true}]}}