{"id":17880,"date":"2022-08-16T16:51:53","date_gmt":"2022-08-16T14:51:53","guid":{"rendered":"https:\/\/projects.atxeit.ch\/sveb\/netzwerk-weiterbildungsforschung\/"},"modified":"2025-10-01T11:40:55","modified_gmt":"2025-10-01T09:40:55","slug":"netzwerk-weiterbildungsforschung","status":"publish","type":"page","link":"https:\/\/alice.ch\/fr\/recherche\/reseau-et-echange\/netzwerk-weiterbildungsforschung\/","title":{"rendered":"R\u00e9seaux de recherche sur la formation continue\u00a0"},"content":{"rendered":"\n<div class=\"wp-block-group is-style-reduced-width is-layout-flow wp-block-group-is-layout-flow\">\n<h1 class=\"wp-block-heading\">R\u00e9seaux de recherche sur la formation continue<\/h1>\n\n\n\n<article class=\"wp-block-group is-layout-flow wp-block-group-is-layout-flow\">\n<p class=\"is-style-lead\">Les r\u00e9seaux permettent un \u00e9change professionnel entre les chercheurs ainsi que le transfert des r\u00e9sultats de la recherche vers la pratique. Ils favorisent ainsi le d\u00e9veloppement de projets de recherche innovants et de nouvelles coop\u00e9rations.\u202f\u202f&nbsp;&nbsp;<\/p>\n\n\n\n<p>La FSEA d\u00e9veloppe et anime les trois r\u00e9seaux suivants:&nbsp;<\/p>\n\n\n\n<h2 class=\"wp-block-heading\">\u00abR\u00e9seau Recherche &#8211; Pratique\u00bb&nbsp;&nbsp;<\/h2>\n\n\n\n<p>Ce r\u00e9seau a pour objectif de promouvoir le transfert des r\u00e9sultats de la recherche vers la pratique, d&rsquo;augmenter la visibilit\u00e9 de la recherche en formation continue en Suisse et d&rsquo;intensifier le dialogue entre scientifiques et praticiens de la formation continue.\u202f\u202f&nbsp;&nbsp;<\/p>\n\n\n\n<p>Deux rencontres ont lieu chaque ann\u00e9e en Suisse al\u00e9manique et une rencontre en Suisse romande. Chaque rencontre propose une pr\u00e9sentation sur un projet actuel dans le domaine de la recherche en formation continue et offre un espace d&rsquo;\u00e9change. Les propositions de th\u00e8mes ou de contenus sont les bienvenues.&nbsp;&nbsp;<\/p>\n\n\n\n<p>Afin de faciliter et acc\u00e9l\u00e9rer les partages d\u2019informations au sujet des nouveaux r\u00e9sultats de recherche et des annonces de manifestations, nous avons cr\u00e9\u00e9 une <strong>liste de diffusion<\/strong>. Vous devenez ainsi membre de ce groupe de diffusion, ce qui vous permet d\u2019annoncer vous-m\u00eame vos propres news.&nbsp;<\/p>\n\n\n\n<p>L&rsquo;abonnement \u00e0 cette liste de diffusion est gratuit et peut \u00eatre annul\u00e9 \u00e0 tout moment.&nbsp;<\/p>\n\n\n\n<p>Pour devenir membre, envoyez un e-mail vide \u00e0 <a href=\"mailto:wb-net+subscribe@googlegroups.com.\u202f\" target=\"_blank\" rel=\"noreferrer noopener\">wb-net+subscribe@googlegroups.com.\u202f<\/a>&nbsp;&nbsp;<\/p>\n\n\n\n<div class=\"wp-block-columns is-style-accordion is-layout-flex wp-container-core-columns-is-layout-28f84493 wp-block-columns-is-layout-flex\" id=\"faq-element-1\">\n<div class=\"wp-block-column is-layout-flow wp-block-column-is-layout-flow\">\n<h3 class=\"wp-block-heading\">Au sujet de la liste de diffusion<\/h3>\n<\/div>\n\n\n\n<div class=\"wp-block-column is-layout-flow wp-block-column-is-layout-flow\">\n<p>Une liste de diffusion d\u00e9multiplie un seul e-mail et l&rsquo;envoie \u00e0 tous les membres inscrits sur la liste. Ainsi, quiconque est membre de la liste et envoie un e-mail \u00e0 wb-net@googlegroups.com atteint simultan\u00e9ment toutes les personnes inscrites \u00e0 la liste.\u202f&nbsp;&nbsp;<\/p>\n\n\n\n<p>Attention, s&rsquo;il vous pla\u00eet! N&rsquo;envoyez pas de messages personnels \u00e0 cette adresse, car tous les membres de la liste les lisent! La prudence est donc \u00e9galement de mise avec le bouton \u00abR\u00e9pondre\u00bb ou \u00abR\u00e9pondre \u00e0 tous\u00bb: la r\u00e9ponse est envoy\u00e9e \u00e0 tous les membres de la liste en m\u00eame temps.\u202f&nbsp;<\/p>\n\n\n\n<p><strong>A quoi faut-il faire attention lorsqu&rsquo;on devient membre ?\u202f&nbsp;&nbsp;<\/strong><\/p>\n\n\n\n<p>Proc\u00e9dure: envoyez un e-mail vide \u00e0 wb-net+subscribe@googlegroups.com en utilisant votre adresse e-mail \u00e0 laquelle vous souhiatez recevoir les messages de ce groupe. Et c\u2019est donc avec cette adresse email-l\u00e0 que vous pourrez ensuite envoyer vous-m\u00eame des messages \u00e0 la liste.\u202f&nbsp;&nbsp;<\/p>\n\n\n\n<p>Vous pouvez \u00e0 tout moment vous d\u00e9sabonner et vous retirer de la liste. Pour ce faire, envoyez un e-mail vide \u00e0 wb-net+unsubscribe@googlegroups.com. Il est important que ce mail \u00abunsubscribe\u00bb soit envoy\u00e9 en utilisant la m\u00eame adresse e-mail que celle utilis\u00e9e pour recevoir les mails de la liste de diffusion.&nbsp;&nbsp;<\/p>\n<\/div>\n<\/div>\n\n\n\n<h2 class=\"wp-block-heading\">\u00abR\u00e9seau de recherche sur la formation continue\u00bb pour les chercheurs en Suisse allemande<\/h2>\n\n\n\n<p>La FSEA et la chaire de formation professionnelle et continue de l&rsquo;Universit\u00e9 de Z\u00fcrich\u202fentretiennent une coop\u00e9ration dans le domaine de la recherche. Dans ce cadre, elles assurent notamment conjointement les \u00e9changes entre chercheurs au sein du \u00abR\u00e9seau de recherche sur la formation continue\u00bb.\u202f\u202f&nbsp;&nbsp;<\/p>\n\n\n\n<p>Il vise \u00e0 renforcer la recherche dans la formation continue en Suisse, \u00e0 favoriser les contacts entre les chercheurs et \u00e0 permettre l&rsquo;\u00e9change sur des sujets d&rsquo;actualit\u00e9 dans le domaine de la recherche dans la  formation continue.\u202f\u202f&nbsp;&nbsp;<\/p>\n\n\n\n<p>Pour ce faire, le r\u00e9seau invite \u00e0 des r\u00e9unions d&rsquo;\u00e9change r\u00e9guli\u00e8res. Les r\u00e9unions semestrielles sont ouvertes \u00e0 tous les chercheurs du domaine de la formation continue. Pour y participer, veuillez vous inscrire \u00e0 l&rsquo;adresse suivante:\u202fhelen.buchs@alice.ch\u202f\u202f&nbsp;&nbsp;<\/p>\n\n\n\n<h2 class=\"wp-block-heading\">\u00abR\u00e9seau de recherche dans la formation continue\u00bb pour les chercheurs en Suisse romande<\/h2>\n\n\n\n<p>En Suisse romande, l&rsquo;Association suisse pour la formation continue (FSEA) maintient \u00e9galement depuis 2022 un \u00abr\u00e9seau de recherche sur la formation continue\u00bb. Il vise \u00e0 promouvoir les contacts entre les chercheurs romands et \u00e0 permettre l&rsquo;\u00e9change sur les th\u00e8mes actuels de la recherche sur la formation continue.\u202f\u202f&nbsp;&nbsp;<\/p>\n\n\n\n<p>Les rencontres annuelles d&rsquo;\u00e9change sont ouvertes \u00e0 tous les chercheurs du domaine de la formation continue. Pour y participer, veuillez contacter alexandre.lecoultre@alice.ch\u202f&nbsp;<\/p>\n<\/article>\n\n\n\n<h2 class=\"wp-block-heading\">Contact<\/h2>\n\n\n\n<div class=\"wp-block-columns is-layout-flex wp-container-core-columns-is-layout-28f84493 wp-block-columns-is-layout-flex\">\n<div class=\"wp-block-column is-layout-flow wp-block-column-is-layout-flow\" style=\"flex-basis:50%\"><div class=\"contact-persons\">\n\n\t\t\t\t\t<div class=\"contact-person\">\n\t\t\t\t\tHelen Buchs<br \/>\t\t\t\t\tResponsable des projets Recherche et d\u00e9veloppement, responsable du think tank TRANSIT<br \/>\t\t\t\t\t<br \/>\n\t\t\t\t\t\t\t\t\t\t<a href=\"tel:+41 (0)44 319 71 56\">+41 (0)44 319 71 56<\/a><br \/>\t\t\t\t\t<a href=\"mailto:helen.buchs@alice.ch\">helen.buchs@alice.ch<\/a><br \/>\t\t\t\t\t<\/div>\n\t\t\t\t\t<\/div>\n<\/div>\n\n\n\n<div class=\"wp-block-column is-layout-flow wp-block-column-is-layout-flow\" style=\"flex-basis:50%\"><\/div>\n<\/div>\n<\/div>\n","protected":false},"excerpt":{"rendered":"<p>R\u00e9seaux de recherche sur la formation continue Les r\u00e9seaux permettent un \u00e9change professionnel entre les chercheurs ainsi que le transfert [&hellip;]<\/p>\n","protected":false},"author":2,"featured_media":20799,"parent":18391,"menu_order":407,"comment_status":"closed","ping_status":"closed","template":"","meta":{"_acf_changed":false,"inline_featured_image":false,"footnotes":""},"class_list":["post-17880","page","type-page","status-publish","has-post-thumbnail","hentry"],"acf":[],"yoast_head":"<!-- This site is optimized with the Yoast SEO plugin v27.3 - https:\/\/yoast.com\/product\/yoast-seo-wordpress\/ -->\n<title>R\u00e9seaux de recherche sur la formation continue\u00a0 - FSEA<\/title>\n<meta name=\"description\" content=\"Netzwerk Weiterbildungsforschung: Ziele des Netzwerks, Netzwerktreffen und Mailingliste Netzwerktreffen Weiterbildungsforschung WB-NET\" \/>\n<meta name=\"robots\" content=\"index, follow, max-snippet:-1, max-image-preview:large, max-video-preview:-1\" \/>\n<link rel=\"canonical\" href=\"https:\/\/alice.ch\/fr\/recherche\/reseau-et-echange\/netzwerk-weiterbildungsforschung\/\" \/>\n<meta property=\"og:locale\" content=\"fr_FR\" \/>\n<meta property=\"og:type\" content=\"article\" \/>\n<meta property=\"og:title\" content=\"R\u00e9seaux de recherche sur la formation continue\u00a0 - FSEA\" \/>\n<meta property=\"og:description\" content=\"Netzwerk Weiterbildungsforschung: Ziele des Netzwerks, Netzwerktreffen und Mailingliste Netzwerktreffen Weiterbildungsforschung WB-NET\" \/>\n<meta property=\"og:url\" content=\"https:\/\/alice.ch\/fr\/recherche\/reseau-et-echange\/netzwerk-weiterbildungsforschung\/\" \/>\n<meta property=\"og:site_name\" content=\"SVEB\" \/>\n<meta property=\"article:modified_time\" content=\"2025-10-01T09:40:55+00:00\" \/>\n<meta name=\"twitter:card\" content=\"summary_large_image\" \/>\n<meta name=\"twitter:label1\" content=\"Dur\u00e9e de lecture estim\u00e9e\" \/>\n\t<meta name=\"twitter:data1\" content=\"2 minutes\" \/>\n<script type=\"application\/ld+json\" class=\"yoast-schema-graph\">{\"@context\":\"https:\\\/\\\/schema.org\",\"@graph\":[{\"@type\":\"WebPage\",\"@id\":\"https:\\\/\\\/alice.ch\\\/fr\\\/recherche\\\/reseau-et-echange\\\/netzwerk-weiterbildungsforschung\\\/\",\"url\":\"https:\\\/\\\/alice.ch\\\/fr\\\/recherche\\\/reseau-et-echange\\\/netzwerk-weiterbildungsforschung\\\/\",\"name\":\"R\u00e9seaux de recherche sur la formation continue\u00a0 - FSEA\",\"isPartOf\":{\"@id\":\"https:\\\/\\\/alice.ch\\\/fr\\\/#website\"},\"primaryImageOfPage\":{\"@id\":\"https:\\\/\\\/alice.ch\\\/fr\\\/recherche\\\/reseau-et-echange\\\/netzwerk-weiterbildungsforschung\\\/#primaryimage\"},\"image\":{\"@id\":\"https:\\\/\\\/alice.ch\\\/fr\\\/recherche\\\/reseau-et-echange\\\/netzwerk-weiterbildungsforschung\\\/#primaryimage\"},\"thumbnailUrl\":\"https:\\\/\\\/alice.ch\\\/app\\\/uploads\\\/2022\\\/11\\\/default.jpg\",\"datePublished\":\"2022-08-16T14:51:53+00:00\",\"dateModified\":\"2025-10-01T09:40:55+00:00\",\"description\":\"Netzwerk Weiterbildungsforschung: Ziele des Netzwerks, Netzwerktreffen und Mailingliste Netzwerktreffen Weiterbildungsforschung WB-NET\",\"breadcrumb\":{\"@id\":\"https:\\\/\\\/alice.ch\\\/fr\\\/recherche\\\/reseau-et-echange\\\/netzwerk-weiterbildungsforschung\\\/#breadcrumb\"},\"inLanguage\":\"fr-FR\",\"potentialAction\":[{\"@type\":\"ReadAction\",\"target\":[\"https:\\\/\\\/alice.ch\\\/fr\\\/recherche\\\/reseau-et-echange\\\/netzwerk-weiterbildungsforschung\\\/\"]}]},{\"@type\":\"ImageObject\",\"inLanguage\":\"fr-FR\",\"@id\":\"https:\\\/\\\/alice.ch\\\/fr\\\/recherche\\\/reseau-et-echange\\\/netzwerk-weiterbildungsforschung\\\/#primaryimage\",\"url\":\"https:\\\/\\\/alice.ch\\\/app\\\/uploads\\\/2022\\\/11\\\/default.jpg\",\"contentUrl\":\"https:\\\/\\\/alice.ch\\\/app\\\/uploads\\\/2022\\\/11\\\/default.jpg\",\"width\":1600,\"height\":900},{\"@type\":\"BreadcrumbList\",\"@id\":\"https:\\\/\\\/alice.ch\\\/fr\\\/recherche\\\/reseau-et-echange\\\/netzwerk-weiterbildungsforschung\\\/#breadcrumb\",\"itemListElement\":[{\"@type\":\"ListItem\",\"position\":1,\"name\":\"Page d'accueil\",\"item\":\"https:\\\/\\\/alice.ch\\\/fr\\\/\"},{\"@type\":\"ListItem\",\"position\":2,\"name\":\"Recherche\",\"item\":\"https:\\\/\\\/alice.ch\\\/fr\\\/recherche\\\/\"},{\"@type\":\"ListItem\",\"position\":3,\"name\":\"R\u00e9seau et \u00e9change\",\"item\":\"https:\\\/\\\/alice.ch\\\/fr\\\/recherche\\\/reseau-et-echange\\\/\"},{\"@type\":\"ListItem\",\"position\":4,\"name\":\"R\u00e9seaux de recherche sur la formation continue\u00a0\"}]},{\"@type\":\"WebSite\",\"@id\":\"https:\\\/\\\/alice.ch\\\/fr\\\/#website\",\"url\":\"https:\\\/\\\/alice.ch\\\/fr\\\/\",\"name\":\"alice.ch (Adult Learning Information Center) ist das Portal der Weiterbildung in der Schweiz.\",\"description\":\"Schweizerischer Verband f\u00fcr Weiterbildung\",\"publisher\":{\"@id\":\"https:\\\/\\\/alice.ch\\\/fr\\\/#organization\"},\"potentialAction\":[{\"@type\":\"SearchAction\",\"target\":{\"@type\":\"EntryPoint\",\"urlTemplate\":\"https:\\\/\\\/alice.ch\\\/fr\\\/?s={search_term_string}\"},\"query-input\":{\"@type\":\"PropertyValueSpecification\",\"valueRequired\":true,\"valueName\":\"search_term_string\"}}],\"inLanguage\":\"fr-FR\"},{\"@type\":\"Organization\",\"@id\":\"https:\\\/\\\/alice.ch\\\/fr\\\/#organization\",\"name\":\"FSEA F\u00e9d\u00e9ration suisse pour la formation continue\",\"url\":\"https:\\\/\\\/alice.ch\\\/fr\\\/\",\"logo\":{\"@type\":\"ImageObject\",\"inLanguage\":\"fr-FR\",\"@id\":\"https:\\\/\\\/alice.ch\\\/fr\\\/#\\\/schema\\\/logo\\\/image\\\/\",\"url\":\"https:\\\/\\\/alice.ch\\\/app\\\/uploads\\\/2022\\\/07\\\/logo-sveb.png\",\"contentUrl\":\"https:\\\/\\\/alice.ch\\\/app\\\/uploads\\\/2022\\\/07\\\/logo-sveb.png\",\"width\":145,\"height\":64,\"caption\":\"FSEA F\u00e9d\u00e9ration suisse pour la formation continue\"},\"image\":{\"@id\":\"https:\\\/\\\/alice.ch\\\/fr\\\/#\\\/schema\\\/logo\\\/image\\\/\"},\"sameAs\":[\"https:\\\/\\\/www.linkedin.com\\\/company\\\/schweizerischer-verband-fr-weiterbildung-sveb\\\/\"]}]}<\/script>\n<!-- \/ Yoast SEO plugin. -->","yoast_head_json":{"title":"R\u00e9seaux de recherche sur la formation continue\u00a0 - FSEA","description":"Netzwerk Weiterbildungsforschung: Ziele des Netzwerks, Netzwerktreffen und Mailingliste Netzwerktreffen Weiterbildungsforschung WB-NET","robots":{"index":"index","follow":"follow","max-snippet":"max-snippet:-1","max-image-preview":"max-image-preview:large","max-video-preview":"max-video-preview:-1"},"canonical":"https:\/\/alice.ch\/fr\/recherche\/reseau-et-echange\/netzwerk-weiterbildungsforschung\/","og_locale":"fr_FR","og_type":"article","og_title":"R\u00e9seaux de recherche sur la formation continue\u00a0 - FSEA","og_description":"Netzwerk Weiterbildungsforschung: Ziele des Netzwerks, Netzwerktreffen und Mailingliste Netzwerktreffen Weiterbildungsforschung WB-NET","og_url":"https:\/\/alice.ch\/fr\/recherche\/reseau-et-echange\/netzwerk-weiterbildungsforschung\/","og_site_name":"SVEB","article_modified_time":"2025-10-01T09:40:55+00:00","twitter_card":"summary_large_image","twitter_misc":{"Dur\u00e9e de lecture estim\u00e9e":"2 minutes"},"schema":{"@context":"https:\/\/schema.org","@graph":[{"@type":"WebPage","@id":"https:\/\/alice.ch\/fr\/recherche\/reseau-et-echange\/netzwerk-weiterbildungsforschung\/","url":"https:\/\/alice.ch\/fr\/recherche\/reseau-et-echange\/netzwerk-weiterbildungsforschung\/","name":"R\u00e9seaux de recherche sur la formation continue\u00a0 - FSEA","isPartOf":{"@id":"https:\/\/alice.ch\/fr\/#website"},"primaryImageOfPage":{"@id":"https:\/\/alice.ch\/fr\/recherche\/reseau-et-echange\/netzwerk-weiterbildungsforschung\/#primaryimage"},"image":{"@id":"https:\/\/alice.ch\/fr\/recherche\/reseau-et-echange\/netzwerk-weiterbildungsforschung\/#primaryimage"},"thumbnailUrl":"https:\/\/alice.ch\/app\/uploads\/2022\/11\/default.jpg","datePublished":"2022-08-16T14:51:53+00:00","dateModified":"2025-10-01T09:40:55+00:00","description":"Netzwerk Weiterbildungsforschung: Ziele des Netzwerks, Netzwerktreffen und Mailingliste Netzwerktreffen Weiterbildungsforschung WB-NET","breadcrumb":{"@id":"https:\/\/alice.ch\/fr\/recherche\/reseau-et-echange\/netzwerk-weiterbildungsforschung\/#breadcrumb"},"inLanguage":"fr-FR","potentialAction":[{"@type":"ReadAction","target":["https:\/\/alice.ch\/fr\/recherche\/reseau-et-echange\/netzwerk-weiterbildungsforschung\/"]}]},{"@type":"ImageObject","inLanguage":"fr-FR","@id":"https:\/\/alice.ch\/fr\/recherche\/reseau-et-echange\/netzwerk-weiterbildungsforschung\/#primaryimage","url":"https:\/\/alice.ch\/app\/uploads\/2022\/11\/default.jpg","contentUrl":"https:\/\/alice.ch\/app\/uploads\/2022\/11\/default.jpg","width":1600,"height":900},{"@type":"BreadcrumbList","@id":"https:\/\/alice.ch\/fr\/recherche\/reseau-et-echange\/netzwerk-weiterbildungsforschung\/#breadcrumb","itemListElement":[{"@type":"ListItem","position":1,"name":"Page d'accueil","item":"https:\/\/alice.ch\/fr\/"},{"@type":"ListItem","position":2,"name":"Recherche","item":"https:\/\/alice.ch\/fr\/recherche\/"},{"@type":"ListItem","position":3,"name":"R\u00e9seau et \u00e9change","item":"https:\/\/alice.ch\/fr\/recherche\/reseau-et-echange\/"},{"@type":"ListItem","position":4,"name":"R\u00e9seaux de recherche sur la formation continue\u00a0"}]},{"@type":"WebSite","@id":"https:\/\/alice.ch\/fr\/#website","url":"https:\/\/alice.ch\/fr\/","name":"alice.ch (Adult Learning Information Center) ist das Portal der Weiterbildung in der Schweiz.","description":"Schweizerischer Verband f\u00fcr Weiterbildung","publisher":{"@id":"https:\/\/alice.ch\/fr\/#organization"},"potentialAction":[{"@type":"SearchAction","target":{"@type":"EntryPoint","urlTemplate":"https:\/\/alice.ch\/fr\/?s={search_term_string}"},"query-input":{"@type":"PropertyValueSpecification","valueRequired":true,"valueName":"search_term_string"}}],"inLanguage":"fr-FR"},{"@type":"Organization","@id":"https:\/\/alice.ch\/fr\/#organization","name":"FSEA F\u00e9d\u00e9ration suisse pour la formation continue","url":"https:\/\/alice.ch\/fr\/","logo":{"@type":"ImageObject","inLanguage":"fr-FR","@id":"https:\/\/alice.ch\/fr\/#\/schema\/logo\/image\/","url":"https:\/\/alice.ch\/app\/uploads\/2022\/07\/logo-sveb.png","contentUrl":"https:\/\/alice.ch\/app\/uploads\/2022\/07\/logo-sveb.png","width":145,"height":64,"caption":"FSEA F\u00e9d\u00e9ration suisse pour la formation continue"},"image":{"@id":"https:\/\/alice.ch\/fr\/#\/schema\/logo\/image\/"},"sameAs":["https:\/\/www.linkedin.com\/company\/schweizerischer-verband-fr-weiterbildung-sveb\/"]}]}},"_links":{"self":[{"href":"https:\/\/alice.ch\/fr\/wp-json\/wp\/v2\/pages\/17880","targetHints":{"allow":["GET"]}}],"collection":[{"href":"https:\/\/alice.ch\/fr\/wp-json\/wp\/v2\/pages"}],"about":[{"href":"https:\/\/alice.ch\/fr\/wp-json\/wp\/v2\/types\/page"}],"author":[{"embeddable":true,"href":"https:\/\/alice.ch\/fr\/wp-json\/wp\/v2\/users\/2"}],"replies":[{"embeddable":true,"href":"https:\/\/alice.ch\/fr\/wp-json\/wp\/v2\/comments?post=17880"}],"version-history":[{"count":20,"href":"https:\/\/alice.ch\/fr\/wp-json\/wp\/v2\/pages\/17880\/revisions"}],"predecessor-version":[{"id":71032,"href":"https:\/\/alice.ch\/fr\/wp-json\/wp\/v2\/pages\/17880\/revisions\/71032"}],"up":[{"embeddable":true,"href":"https:\/\/alice.ch\/fr\/wp-json\/wp\/v2\/pages\/18391"}],"wp:featuredmedia":[{"embeddable":true,"href":"https:\/\/alice.ch\/fr\/wp-json\/wp\/v2\/media\/20799"}],"wp:attachment":[{"href":"https:\/\/alice.ch\/fr\/wp-json\/wp\/v2\/media?parent=17880"}],"curies":[{"name":"wp","href":"https:\/\/api.w.org\/{rel}","templated":true}]}}