{"id":35085,"date":"2022-12-08T18:23:29","date_gmt":"2022-12-08T17:23:29","guid":{"rendered":"https:\/\/alice.ch\/?page_id=35085"},"modified":"2024-12-02T15:44:45","modified_gmt":"2024-12-02T14:44:45","slug":"lancer-la-transformation-numerique","status":"publish","type":"page","link":"https:\/\/alice.ch\/fr\/themes\/la-numerisation\/transformation-numerique\/lancer-la-transformation-numerique\/","title":{"rendered":"Encourager la transformation num\u00e9rique"},"content":{"rendered":"\n<div class=\"wp-block-group is-style-reduced-width is-layout-constrained wp-block-group-is-layout-constrained\">\n<h1 class=\"wp-block-heading\">Cinq recettes pour encourager une transformation num\u00e9rique<\/h1>\n\n\n\n<p class=\"is-style-lead\">Dans le secteur de la formation continue, le processus de num\u00e9risation s\u2019est acc\u00e9l\u00e9r\u00e9 au cours des derni\u00e8res ann\u00e9es. Beaucoup d\u2019organisations se trouvent actuellement en pleine transformation num\u00e9rique. Un \u00e9change avec ces derni\u00e8res a donn\u00e9 lieu aux cinq recettes suivantes pour la transformation num\u00e9rique au sein des institutions de formation continue. Ces recettes sont des id\u00e9es d\u00e9j\u00e0 appliqu\u00e9es, issues de la pratique: il ne s\u2019agit donc pas de simples mod\u00e8les th\u00e9oriques.\u00a0\u00a0<\/p>\n\n\n\n<div class=\"wp-block-group is-layout-flow wp-block-group-is-layout-flow\">\n<div class=\"wp-block-columns is-style-accordion is-layout-flex wp-container-core-columns-is-layout-28f84493 wp-block-columns-is-layout-flex\" id=\"faq-element-1\">\n<div class=\"wp-block-column is-layout-flow wp-block-column-is-layout-flow\">\n<h2 class=\"wp-block-heading\">Les \u00e9quipes pilotes&nbsp;<\/h2>\n<\/div>\n\n\n\n<div class=\"wp-block-column is-layout-flow wp-block-column-is-layout-flow\">\n<p>Les \u00e9quipes pilotes testent de nouvelles id\u00e9es et m\u00e9thodes avant toutes les autres \u00e9quipes de l\u2019organisation. Pour elles, l\u2019\u00e9chec est express\u00e9ment autoris\u00e9. Elles communiquent ouvertement leurs exp\u00e9riences, et permettent ainsi \u00e0 toutes les autres \u00e9quipes de profiter de leurs apprentissages.<\/p>\n<\/div>\n<\/div>\n\n\n\n<div class=\"wp-block-columns is-style-accordion is-layout-flex wp-container-core-columns-is-layout-28f84493 wp-block-columns-is-layout-flex\" id=\"faq-element-1\">\n<div class=\"wp-block-column is-layout-flow wp-block-column-is-layout-flow\">\n<h2 class=\"wp-block-heading\">Le feedback qui permet de s&rsquo;exercer&nbsp;<\/h2>\n<\/div>\n\n\n\n<div class=\"wp-block-column is-layout-flow wp-block-column-is-layout-flow\">\n<p>L\u2019organisation encourage son personnel \u00e0 tester de nouvelles m\u00e9thodes de travail. En y associant une culture du feedback et un climat ouvert, le personnel peut ainsi d\u00e9velopper de nouvelles comp\u00e9tences ou renforcer ses comp\u00e9tences d\u00e9j\u00e0 existantes. L\u2019occasion est donc donn\u00e9e, autant au personnel qu\u2019\u00e0 l\u2019organisation elle-m\u00eame, d\u2019apprendre de ses erreurs.&nbsp;<\/p>\n<\/div>\n<\/div>\n\n\n\n<div class=\"wp-block-columns is-style-accordion is-layout-flex wp-container-core-columns-is-layout-28f84493 wp-block-columns-is-layout-flex\" id=\"faq-element-1\">\n<div class=\"wp-block-column is-layout-flow wp-block-column-is-layout-flow\">\n<h2 class=\"wp-block-heading\">Les responsabilit\u00e9s par th\u00e9matique&nbsp;<\/h2>\n<\/div>\n\n\n\n<div class=\"wp-block-column is-layout-flow wp-block-column-is-layout-flow\">\n<p>L\u2019organisation encourage son personnel \u00e0 endosser la responsabilit\u00e9 ou la gestion de certaines th\u00e9matiques. On voit donc appara\u00eetre, au sein de l\u2019organisation, des responsabilit\u00e9s par th\u00e9matique. Pour leur mise en place, il est important qu\u2019il existe dans l\u2019organisation des voies de communication ouvertes, par-del\u00e0 les limites des diff\u00e9rents secteurs strat\u00e9giques.&nbsp;&nbsp;<\/p>\n<\/div>\n<\/div>\n\n\n\n<div class=\"wp-block-columns is-style-accordion is-layout-flex wp-container-core-columns-is-layout-28f84493 wp-block-columns-is-layout-flex\" id=\"faq-element-1\">\n<div class=\"wp-block-column is-layout-flow wp-block-column-is-layout-flow\">\n<h2 class=\"wp-block-heading\">Un pitch pour les nouvelles id\u00e9es&nbsp;<\/h2>\n<\/div>\n\n\n\n<div class=\"wp-block-column is-layout-flow wp-block-column-is-layout-flow\">\n<p>L\u2019organisation invite l\u2019ensemble de son personnel, ainsi que les personnes participant aux formations, \u00e0 \u00e9mettre leurs id\u00e9es pour la transformation num\u00e9rique. Un certain cadre est mis \u00e0 disposition \u00e0 cet effet: par exemple une r\u00e9union r\u00e9guli\u00e8re, une bo\u00eete \u00e0 id\u00e9es, un support ou emplacement num\u00e9rique. Puis la direction ou un comit\u00e9 s\u00e9lectionne les id\u00e9es qui seront r\u00e9alis\u00e9es.&nbsp;&nbsp;<\/p>\n<\/div>\n<\/div>\n\n\n\n<div class=\"wp-block-columns is-style-accordion is-layout-flex wp-container-core-columns-is-layout-28f84493 wp-block-columns-is-layout-flex\" id=\"faq-element-1\">\n<div class=\"wp-block-column is-layout-flow wp-block-column-is-layout-flow\">\n<h2 class=\"wp-block-heading\">Visibilit\u00e9 de la vision sur le lieu de travail<\/h2>\n<\/div>\n\n\n\n<div class=\"wp-block-column is-layout-flow wp-block-column-is-layout-flow\">\n<p>L\u2019organisation a une vision qui d\u00e9finit sa culture et ses valeurs. Cette vision commence par un \u00abpourquoi\u00bb, expliquant la logique poursuivie par l\u2019organisation. Elle inclut aussi un \u00abcomment\u00bb qui pr\u00e9cise ses processus et ses valeurs. Enfin, le \u00abquoi\u00bb indique ce qui doit \u00eatre fait en vue de poursuivre cette vision. L\u2019ensemble du personnel de l\u2019organisation peut observer cette vision jour apr\u00e8s jour, au travail. Parce qu\u2019il les a r\u00e9guli\u00e8rement sous les yeux lors de son travail quotidien, le personnel vit cette culture et ces valeurs, lui aussi.&nbsp;<\/p>\n<\/div>\n<\/div>\n<\/div>\n\n\n\n<div class=\"wp-block-group is-layout-constrained wp-block-group-is-layout-constrained\">\n<h2 class=\"wp-block-heading\">Project pratique: La transformation num\u00e9rique<\/h2>\n\n\n\n<p>La transformation num\u00e9rique sur le plan organisationnel repr\u00e9sente un v\u00e9ritable d\u00e9fi pour beaucoup de prestataires. C\u2019est pourquoi la FSEA souhaite, gr\u00e2ce \u00e0 ce projet, apporter son soutien aux petits et moyens prestataires de formation continue dans le cadre de leur transformation num\u00e9rique.&nbsp;Dans le cadre de ce projet, la FSEA a publi\u00e9 un outil d&rsquo;analyse et organis\u00e9 la s\u00e9rie de manifestations \u00ab Best Practice Circle \u00bb.<\/p>\n\n\n\n<div class=\"wp-block-buttons is-layout-flex wp-block-buttons-is-layout-flex\">\n<div class=\"wp-block-button has-custom-width wp-block-button__width-50 is-style-outline is-style-outline--1\"><a class=\"wp-block-button__link wp-element-button\" href=\"https:\/\/alice.ch\/fr\/project\/la-transformation-numerique-dans-les-institutions-de-formation-continue\/\">La transformation num\u00e9rique dans les institutions de formation continue<\/a><\/div>\n<\/div>\n<\/div>\n\n\n\n<div class=\"wp-block-group is-style-run-to-edge has-primary-background-color has-background is-layout-flow wp-block-group-is-layout-flow\">\n<h2 class=\"wp-block-heading\">Outil d&rsquo;analyse<\/h2>\n\n\n\n<p>L\u2019outil d\u2019analyse mis en place par la FSEA apporte une aide aux prestataires lors de la r\u00e9flexion pour leur propre transformation num\u00e9rique. L\u2019accent est mis sur le niveau organisationnel et cet outil permet une \u00e9valuation des besoins. Il pr\u00e9sente divers \u00e9l\u00e9ments qui font partie d\u2019un processus de transformation. Gr\u00e2ce \u00e0 des questions d\u2019auto-r\u00e9flexion, chaque prestataire peut alors distinguer o\u00f9, dans son organisation, un potentiel de transformation existe.<\/p>\n\n\n\n<p>L&rsquo;outil d&rsquo;analyse est bas\u00e9 sur le mod\u00e8le europ\u00e9en DigCompOrg.<\/p>\n<\/div>\n\n\n\n<div class=\"wp-block-columns is-layout-flex wp-container-core-columns-is-layout-28f84493 wp-block-columns-is-layout-flex\">\n<div class=\"wp-block-column is-layout-flow wp-block-column-is-layout-flow\" style=\"flex-basis:50%\">\n<div class=\"wp-block-file\"><a id=\"wp-block-file--media-eec9df04-5b29-4ed0-89c9-db8c1ad39e07\" href=\"https:\/\/alice.ch\/app\/uploads\/2022\/11\/FR_Analysetool_Digitale_Transformation.pdf\" target=\"_blank\" rel=\"noreferrer noopener\">Outil d&rsquo;analyse pour la mise en \u0153uvre de la transformation num\u00e9rique au niveau<br>organisationnel<br \/>PDF &#8211; 844 kb<\/a><\/div>\n<\/div>\n\n\n\n<div class=\"wp-block-column is-layout-flow wp-block-column-is-layout-flow\" style=\"flex-basis:50%\"><\/div>\n<\/div>\n\n\n\n<h2 class=\"wp-block-heading\">Les Expertes du Cercle de bonnes pratiques<\/h2>\n\n\n\n<p>Les recettes sont issues des contributions apport\u00e9es par les expertes du cercle de bonnes pratiques. Les personnes cit\u00e9es ici sont uniquement celles dont les id\u00e9es ont \u00e9t\u00e9 retenues et d\u00e9velopp\u00e9es pour en faire les recettes:<\/p>\n\n\n\n<ul class=\"wp-block-list\">\n<li><strong>Dr. Annabell Bils<\/strong> de la <a href=\"https:\/\/www.fernuni-hagen.de\/\" target=\"_blank\" rel=\"noreferrer noopener\">Fernuniversit\u00e4t de Hagen<\/a> est intervenue dans le cercle de bonnes pratiques du 16\u202fao\u00fbt\u202f2022 pour y traiter de la transformation num\u00e9rique dans le contexte de l\u2019apprentissage, et a \u00e9tabli les liens avec le niveau organisationnel.&nbsp;&nbsp;<\/li>\n\n\n\n<li><strong>Eva Meirer<\/strong>, cheffe de service \u00e0 l&rsquo;Office scolaire du Liechtenstein et membre du conseil d&rsquo;administration de <a href=\"https:\/\/www.digital-liechtenstein.li\/\" target=\"_blank\" rel=\"noreferrer noopener\">digital-liechtenstein<\/a>, a \u00e9voqu\u00e9 un monde volatile, incertain, complexe et ambivalent pour la formation lors du Best Practice Circle du 23 ao\u00fbt 2022.<\/li>\n\n\n\n<li><strong>Pamela Aeschlimann<\/strong> a expliqu\u00e9 lors du cercle de bonnes pratiques du 6 septembre 2022 comment <a href=\"https:\/\/www.lernetz.ch\/home\" target=\"_blank\" rel=\"noreferrer noopener\">LerNetz<\/a> se positionne pour permettre des exp\u00e9riences d&rsquo;apprentissage qui font progresser les personnes et les organisations.<\/li>\n\n\n\n<li><strong>Monika Manhart<\/strong>, copropri\u00e9taire de <a href=\"https:\/\/moveyourmind.ch\/\" target=\"_blank\" rel=\"noreferrer noopener\">MoveYourMind AG<\/a>, a pr\u00e9sent\u00e9 au cercle de bonnes pratiques du 13\u202fseptembre\u202f2022 quelques m\u00e9thodes possibles pour le d\u00e9veloppement culturel des institutions \u00e9ducatives.&nbsp;<\/li>\n<\/ul>\n\n\n\n<h2 class=\"wp-block-heading\">Autres informations<\/h2>\n\n\n\n<div class=\"wp-block-buttons is-layout-flex wp-block-buttons-is-layout-flex\">\n<div class=\"wp-block-button has-custom-width wp-block-button__width-50 is-style-outline is-style-outline--2\"><a class=\"wp-block-button__link wp-element-button\" href=\"https:\/\/smart-check.ch\/\" target=\"_blank\" rel=\"noreferrer noopener\">Smart Check par la WKS de Berne et la KV Business School<\/a><\/div>\n<\/div>\n\n\n\n<div class=\"wp-block-buttons is-layout-flex wp-block-buttons-is-layout-flex\">\n<div class=\"wp-block-button has-custom-width wp-block-button__width-50 is-style-outline is-style-outline--3\"><a class=\"wp-block-button__link wp-element-button\" href=\"https:\/\/digitale-kompetenzrad.de\/\" target=\"_blank\" rel=\"noreferrer noopener\">La roue des comp\u00e9tences num\u00e9riques<\/a><\/div>\n<\/div>\n\n\n\n<div class=\"wp-block-buttons is-layout-flex wp-block-buttons-is-layout-flex\">\n<div class=\"wp-block-button has-custom-width wp-block-button__width-50 is-style-outline is-style-outline--4\"><a class=\"wp-block-button__link wp-element-button\" href=\"https:\/\/www.sozialinfo.ch\/digitalisierung\/digitalcheck\" target=\"_blank\" rel=\"noreferrer noopener\">Le DigitalCheck de sozialinfo.ch<\/a><\/div>\n<\/div>\n\n\n\n<h2 class=\"wp-block-heading\">Conseils de lecture<\/h2>\n\n\n\n<ul class=\"wp-block-list\">\n<li>H\u00e4fele, Walter (2009): OE-Pozesse initiieren und gestalten&nbsp;<\/li>\n\n\n\n<li>Pircher, Richard (2018): Agilstabile Organisationen&nbsp;<\/li>\n<\/ul>\n\n\n\n<div class=\"wp-block-columns is-layout-flex wp-container-core-columns-is-layout-28f84493 wp-block-columns-is-layout-flex\">\n<div class=\"wp-block-column is-layout-flow wp-block-column-is-layout-flow\" style=\"flex-basis:50%\">\n<div class=\"wp-block-file\"><a id=\"wp-block-file--media-eec9df04-5b29-4ed0-89c9-db8c1ad39e07\" href=\"https:\/\/alice.ch\/app\/uploads\/2023\/02\/FSEA-encourager-la-transformation-numerique.pdf\">Poster \u00abEncourager la transformation num\u00e9rique\u00bb<br \/>PDF &#8211; 85 kb<\/a><\/div>\n<\/div>\n\n\n\n<div class=\"wp-block-column is-layout-flow wp-block-column-is-layout-flow\" style=\"flex-basis:50%\"><\/div>\n<\/div>\n\n\n\n<h2 class=\"wp-block-heading\">Contact<\/h2>\n\n\n\n<div class=\"wp-block-columns is-layout-flex wp-container-core-columns-is-layout-28f84493 wp-block-columns-is-layout-flex\">\n<div class=\"wp-block-column is-layout-flow wp-block-column-is-layout-flow\" style=\"flex-basis:50%\"><div class=\"contact-persons\">\n\n\t\t\t\t\t<div class=\"contact-person\">\n\t\t\t\t\tIrena Sgier<br \/>\t\t\t\t\tDirectrice adjointe, Directrice de la recherche, du d\u00e9veloppement et de l\u2019innovation<br \/>\t\t\t\t\t<br \/>\n\t\t\t\t\t\t\t\t\t\t<a href=\"tel:+41 (0)44 319 71 59\">+41 (0)44 319 71 59<\/a><br \/>\t\t\t\t\t<a href=\"mailto:irena.sgier@alice.ch\">irena.sgier@alice.ch<\/a><br \/>\t\t\t\t\t<\/div>\n\t\t\t\t\t<\/div>\n<\/div>\n\n\n\n<div class=\"wp-block-column is-layout-flow wp-block-column-is-layout-flow\" style=\"flex-basis:50%\"><\/div>\n<\/div>\n<\/div>\n","protected":false},"excerpt":{"rendered":"<p>Cinq recettes pour encourager une transformation num\u00e9rique Dans le secteur de la formation continue, le processus de num\u00e9risation s\u2019est acc\u00e9l\u00e9r\u00e9 [&hellip;]<\/p>\n","protected":false},"author":2,"featured_media":20801,"parent":11174,"menu_order":99,"comment_status":"closed","ping_status":"closed","template":"","meta":{"_acf_changed":false,"inline_featured_image":false,"footnotes":""},"class_list":["post-35085","page","type-page","status-publish","has-post-thumbnail","hentry"],"acf":[],"yoast_head":"<!-- This site is optimized with the Yoast SEO plugin v27.3 - https:\/\/yoast.com\/product\/yoast-seo-wordpress\/ -->\n<title>Encourager la transformation num\u00e9rique - FSEA<\/title>\n<meta name=\"robots\" content=\"index, follow, max-snippet:-1, max-image-preview:large, max-video-preview:-1\" \/>\n<link rel=\"canonical\" href=\"https:\/\/alice.ch\/fr\/themes\/la-numerisation\/transformation-numerique\/lancer-la-transformation-numerique\/\" \/>\n<meta property=\"og:locale\" content=\"fr_FR\" \/>\n<meta property=\"og:type\" content=\"article\" \/>\n<meta property=\"og:title\" content=\"Encourager la transformation num\u00e9rique - FSEA\" \/>\n<meta property=\"og:description\" content=\"Cinq recettes pour encourager une transformation num\u00e9rique Dans le secteur de la formation continue, le processus de num\u00e9risation s\u2019est acc\u00e9l\u00e9r\u00e9 [&hellip;]\" \/>\n<meta property=\"og:url\" content=\"https:\/\/alice.ch\/fr\/themes\/la-numerisation\/transformation-numerique\/lancer-la-transformation-numerique\/\" \/>\n<meta property=\"og:site_name\" content=\"SVEB\" \/>\n<meta property=\"article:modified_time\" content=\"2024-12-02T14:44:45+00:00\" \/>\n<meta property=\"og:image\" content=\"https:\/\/alice.ch\/app\/uploads\/2022\/11\/default.jpg\" \/>\n\t<meta property=\"og:image:width\" content=\"1600\" \/>\n\t<meta property=\"og:image:height\" content=\"900\" \/>\n\t<meta property=\"og:image:type\" content=\"image\/jpeg\" \/>\n<meta name=\"twitter:card\" content=\"summary_large_image\" \/>\n<meta name=\"twitter:label1\" content=\"Dur\u00e9e de lecture estim\u00e9e\" \/>\n\t<meta name=\"twitter:data1\" content=\"5 minutes\" \/>\n<script type=\"application\/ld+json\" class=\"yoast-schema-graph\">{\"@context\":\"https:\\\/\\\/schema.org\",\"@graph\":[{\"@type\":\"WebPage\",\"@id\":\"https:\\\/\\\/alice.ch\\\/fr\\\/themes\\\/la-numerisation\\\/transformation-numerique\\\/lancer-la-transformation-numerique\\\/\",\"url\":\"https:\\\/\\\/alice.ch\\\/fr\\\/themes\\\/la-numerisation\\\/transformation-numerique\\\/lancer-la-transformation-numerique\\\/\",\"name\":\"Encourager la transformation num\u00e9rique - FSEA\",\"isPartOf\":{\"@id\":\"https:\\\/\\\/alice.ch\\\/fr\\\/#website\"},\"primaryImageOfPage\":{\"@id\":\"https:\\\/\\\/alice.ch\\\/fr\\\/themes\\\/la-numerisation\\\/transformation-numerique\\\/lancer-la-transformation-numerique\\\/#primaryimage\"},\"image\":{\"@id\":\"https:\\\/\\\/alice.ch\\\/fr\\\/themes\\\/la-numerisation\\\/transformation-numerique\\\/lancer-la-transformation-numerique\\\/#primaryimage\"},\"thumbnailUrl\":\"https:\\\/\\\/alice.ch\\\/app\\\/uploads\\\/2022\\\/11\\\/default.jpg\",\"datePublished\":\"2022-12-08T17:23:29+00:00\",\"dateModified\":\"2024-12-02T14:44:45+00:00\",\"breadcrumb\":{\"@id\":\"https:\\\/\\\/alice.ch\\\/fr\\\/themes\\\/la-numerisation\\\/transformation-numerique\\\/lancer-la-transformation-numerique\\\/#breadcrumb\"},\"inLanguage\":\"fr-FR\",\"potentialAction\":[{\"@type\":\"ReadAction\",\"target\":[\"https:\\\/\\\/alice.ch\\\/fr\\\/themes\\\/la-numerisation\\\/transformation-numerique\\\/lancer-la-transformation-numerique\\\/\"]}]},{\"@type\":\"ImageObject\",\"inLanguage\":\"fr-FR\",\"@id\":\"https:\\\/\\\/alice.ch\\\/fr\\\/themes\\\/la-numerisation\\\/transformation-numerique\\\/lancer-la-transformation-numerique\\\/#primaryimage\",\"url\":\"https:\\\/\\\/alice.ch\\\/app\\\/uploads\\\/2022\\\/11\\\/default.jpg\",\"contentUrl\":\"https:\\\/\\\/alice.ch\\\/app\\\/uploads\\\/2022\\\/11\\\/default.jpg\",\"width\":1600,\"height\":900},{\"@type\":\"BreadcrumbList\",\"@id\":\"https:\\\/\\\/alice.ch\\\/fr\\\/themes\\\/la-numerisation\\\/transformation-numerique\\\/lancer-la-transformation-numerique\\\/#breadcrumb\",\"itemListElement\":[{\"@type\":\"ListItem\",\"position\":1,\"name\":\"Page d'accueil\",\"item\":\"https:\\\/\\\/alice.ch\\\/fr\\\/\"},{\"@type\":\"ListItem\",\"position\":2,\"name\":\"Th\u00e8mes\",\"item\":\"https:\\\/\\\/alice.ch\\\/fr\\\/themes\\\/\"},{\"@type\":\"ListItem\",\"position\":3,\"name\":\"La num\u00e9risation et la formation continue\",\"item\":\"https:\\\/\\\/alice.ch\\\/fr\\\/themes\\\/la-numerisation\\\/\"},{\"@type\":\"ListItem\",\"position\":4,\"name\":\"Transformation num\u00e9rique\",\"item\":\"https:\\\/\\\/alice.ch\\\/fr\\\/themes\\\/la-numerisation\\\/transformation-numerique\\\/\"},{\"@type\":\"ListItem\",\"position\":5,\"name\":\"Encourager la transformation num\u00e9rique\"}]},{\"@type\":\"WebSite\",\"@id\":\"https:\\\/\\\/alice.ch\\\/fr\\\/#website\",\"url\":\"https:\\\/\\\/alice.ch\\\/fr\\\/\",\"name\":\"alice.ch (Adult Learning Information Center) ist das Portal der Weiterbildung in der Schweiz.\",\"description\":\"Schweizerischer Verband f\u00fcr Weiterbildung\",\"publisher\":{\"@id\":\"https:\\\/\\\/alice.ch\\\/fr\\\/#organization\"},\"potentialAction\":[{\"@type\":\"SearchAction\",\"target\":{\"@type\":\"EntryPoint\",\"urlTemplate\":\"https:\\\/\\\/alice.ch\\\/fr\\\/?s={search_term_string}\"},\"query-input\":{\"@type\":\"PropertyValueSpecification\",\"valueRequired\":true,\"valueName\":\"search_term_string\"}}],\"inLanguage\":\"fr-FR\"},{\"@type\":\"Organization\",\"@id\":\"https:\\\/\\\/alice.ch\\\/fr\\\/#organization\",\"name\":\"FSEA F\u00e9d\u00e9ration suisse pour la formation continue\",\"url\":\"https:\\\/\\\/alice.ch\\\/fr\\\/\",\"logo\":{\"@type\":\"ImageObject\",\"inLanguage\":\"fr-FR\",\"@id\":\"https:\\\/\\\/alice.ch\\\/fr\\\/#\\\/schema\\\/logo\\\/image\\\/\",\"url\":\"https:\\\/\\\/alice.ch\\\/app\\\/uploads\\\/2022\\\/07\\\/logo-sveb.png\",\"contentUrl\":\"https:\\\/\\\/alice.ch\\\/app\\\/uploads\\\/2022\\\/07\\\/logo-sveb.png\",\"width\":145,\"height\":64,\"caption\":\"FSEA F\u00e9d\u00e9ration suisse pour la formation continue\"},\"image\":{\"@id\":\"https:\\\/\\\/alice.ch\\\/fr\\\/#\\\/schema\\\/logo\\\/image\\\/\"},\"sameAs\":[\"https:\\\/\\\/www.linkedin.com\\\/company\\\/schweizerischer-verband-fr-weiterbildung-sveb\\\/\"]}]}<\/script>\n<!-- \/ Yoast SEO plugin. -->","yoast_head_json":{"title":"Encourager la transformation num\u00e9rique - FSEA","robots":{"index":"index","follow":"follow","max-snippet":"max-snippet:-1","max-image-preview":"max-image-preview:large","max-video-preview":"max-video-preview:-1"},"canonical":"https:\/\/alice.ch\/fr\/themes\/la-numerisation\/transformation-numerique\/lancer-la-transformation-numerique\/","og_locale":"fr_FR","og_type":"article","og_title":"Encourager la transformation num\u00e9rique - FSEA","og_description":"Cinq recettes pour encourager une transformation num\u00e9rique Dans le secteur de la formation continue, le processus de num\u00e9risation s\u2019est acc\u00e9l\u00e9r\u00e9 [&hellip;]","og_url":"https:\/\/alice.ch\/fr\/themes\/la-numerisation\/transformation-numerique\/lancer-la-transformation-numerique\/","og_site_name":"SVEB","article_modified_time":"2024-12-02T14:44:45+00:00","og_image":[{"width":1600,"height":900,"url":"https:\/\/alice.ch\/app\/uploads\/2022\/11\/default.jpg","type":"image\/jpeg"}],"twitter_card":"summary_large_image","twitter_misc":{"Dur\u00e9e de lecture estim\u00e9e":"5 minutes"},"schema":{"@context":"https:\/\/schema.org","@graph":[{"@type":"WebPage","@id":"https:\/\/alice.ch\/fr\/themes\/la-numerisation\/transformation-numerique\/lancer-la-transformation-numerique\/","url":"https:\/\/alice.ch\/fr\/themes\/la-numerisation\/transformation-numerique\/lancer-la-transformation-numerique\/","name":"Encourager la transformation num\u00e9rique - FSEA","isPartOf":{"@id":"https:\/\/alice.ch\/fr\/#website"},"primaryImageOfPage":{"@id":"https:\/\/alice.ch\/fr\/themes\/la-numerisation\/transformation-numerique\/lancer-la-transformation-numerique\/#primaryimage"},"image":{"@id":"https:\/\/alice.ch\/fr\/themes\/la-numerisation\/transformation-numerique\/lancer-la-transformation-numerique\/#primaryimage"},"thumbnailUrl":"https:\/\/alice.ch\/app\/uploads\/2022\/11\/default.jpg","datePublished":"2022-12-08T17:23:29+00:00","dateModified":"2024-12-02T14:44:45+00:00","breadcrumb":{"@id":"https:\/\/alice.ch\/fr\/themes\/la-numerisation\/transformation-numerique\/lancer-la-transformation-numerique\/#breadcrumb"},"inLanguage":"fr-FR","potentialAction":[{"@type":"ReadAction","target":["https:\/\/alice.ch\/fr\/themes\/la-numerisation\/transformation-numerique\/lancer-la-transformation-numerique\/"]}]},{"@type":"ImageObject","inLanguage":"fr-FR","@id":"https:\/\/alice.ch\/fr\/themes\/la-numerisation\/transformation-numerique\/lancer-la-transformation-numerique\/#primaryimage","url":"https:\/\/alice.ch\/app\/uploads\/2022\/11\/default.jpg","contentUrl":"https:\/\/alice.ch\/app\/uploads\/2022\/11\/default.jpg","width":1600,"height":900},{"@type":"BreadcrumbList","@id":"https:\/\/alice.ch\/fr\/themes\/la-numerisation\/transformation-numerique\/lancer-la-transformation-numerique\/#breadcrumb","itemListElement":[{"@type":"ListItem","position":1,"name":"Page d'accueil","item":"https:\/\/alice.ch\/fr\/"},{"@type":"ListItem","position":2,"name":"Th\u00e8mes","item":"https:\/\/alice.ch\/fr\/themes\/"},{"@type":"ListItem","position":3,"name":"La num\u00e9risation et la formation continue","item":"https:\/\/alice.ch\/fr\/themes\/la-numerisation\/"},{"@type":"ListItem","position":4,"name":"Transformation num\u00e9rique","item":"https:\/\/alice.ch\/fr\/themes\/la-numerisation\/transformation-numerique\/"},{"@type":"ListItem","position":5,"name":"Encourager la transformation num\u00e9rique"}]},{"@type":"WebSite","@id":"https:\/\/alice.ch\/fr\/#website","url":"https:\/\/alice.ch\/fr\/","name":"alice.ch (Adult Learning Information Center) ist das Portal der Weiterbildung in der Schweiz.","description":"Schweizerischer Verband f\u00fcr Weiterbildung","publisher":{"@id":"https:\/\/alice.ch\/fr\/#organization"},"potentialAction":[{"@type":"SearchAction","target":{"@type":"EntryPoint","urlTemplate":"https:\/\/alice.ch\/fr\/?s={search_term_string}"},"query-input":{"@type":"PropertyValueSpecification","valueRequired":true,"valueName":"search_term_string"}}],"inLanguage":"fr-FR"},{"@type":"Organization","@id":"https:\/\/alice.ch\/fr\/#organization","name":"FSEA F\u00e9d\u00e9ration suisse pour la formation continue","url":"https:\/\/alice.ch\/fr\/","logo":{"@type":"ImageObject","inLanguage":"fr-FR","@id":"https:\/\/alice.ch\/fr\/#\/schema\/logo\/image\/","url":"https:\/\/alice.ch\/app\/uploads\/2022\/07\/logo-sveb.png","contentUrl":"https:\/\/alice.ch\/app\/uploads\/2022\/07\/logo-sveb.png","width":145,"height":64,"caption":"FSEA F\u00e9d\u00e9ration suisse pour la formation continue"},"image":{"@id":"https:\/\/alice.ch\/fr\/#\/schema\/logo\/image\/"},"sameAs":["https:\/\/www.linkedin.com\/company\/schweizerischer-verband-fr-weiterbildung-sveb\/"]}]}},"_links":{"self":[{"href":"https:\/\/alice.ch\/fr\/wp-json\/wp\/v2\/pages\/35085","targetHints":{"allow":["GET"]}}],"collection":[{"href":"https:\/\/alice.ch\/fr\/wp-json\/wp\/v2\/pages"}],"about":[{"href":"https:\/\/alice.ch\/fr\/wp-json\/wp\/v2\/types\/page"}],"author":[{"embeddable":true,"href":"https:\/\/alice.ch\/fr\/wp-json\/wp\/v2\/users\/2"}],"replies":[{"embeddable":true,"href":"https:\/\/alice.ch\/fr\/wp-json\/wp\/v2\/comments?post=35085"}],"version-history":[{"count":34,"href":"https:\/\/alice.ch\/fr\/wp-json\/wp\/v2\/pages\/35085\/revisions"}],"predecessor-version":[{"id":64618,"href":"https:\/\/alice.ch\/fr\/wp-json\/wp\/v2\/pages\/35085\/revisions\/64618"}],"up":[{"embeddable":true,"href":"https:\/\/alice.ch\/fr\/wp-json\/wp\/v2\/pages\/11174"}],"wp:featuredmedia":[{"embeddable":true,"href":"https:\/\/alice.ch\/fr\/wp-json\/wp\/v2\/media\/20801"}],"wp:attachment":[{"href":"https:\/\/alice.ch\/fr\/wp-json\/wp\/v2\/media?parent=35085"}],"curies":[{"name":"wp","href":"https:\/\/api.w.org\/{rel}","templated":true}]}}