{"id":47991,"date":"2025-04-02T14:05:35","date_gmt":"2025-04-02T12:05:35","guid":{"rendered":"https:\/\/alice.ch\/?page_id=47991"},"modified":"2025-05-05T10:22:24","modified_gmt":"2025-05-05T08:22:24","slug":"ad2025","status":"publish","type":"page","link":"https:\/\/alice.ch\/fr\/fsea-fr\/a-propos-de-la-fsea\/ad2025\/","title":{"rendered":"Assembl\u00e9e des d\u00e9l\u00e9gu\u00e9s 2025"},"content":{"rendered":"\n<div class=\"wp-block-group is-style-reduced-width is-layout-constrained wp-block-group-is-layout-constrained\">\n<div class=\"wp-block-group is-style-default is-layout-constrained wp-block-group-is-layout-constrained\">\n<h1 class=\"wp-block-heading\">Assembl\u00e9e des d\u00e9l\u00e9gu\u00e9s 2025<\/h1>\n\n\n\n<p class=\"is-style-lead\">Sur cette page concernant l&rsquo;assembl\u00e9e des d\u00e9l\u00e9gu\u00e9s et la journ\u00e9e politique de la formation continue de la FSEA du 8 mai 2025 \u00e0 Zurich (<a href=\"https:\/\/maps.app.goo.gl\/JVoPSAyeKECgQehS8\" target=\"_blank\" rel=\"noreferrer noopener\">Gleisarena FFHS Campus Zurich<\/a>), vous trouverez tous les documents \u00e0 t\u00e9l\u00e9charger.<\/p>\n\n\n\n<div class=\"wp-block-buttons is-layout-flex wp-block-buttons-is-layout-flex\">\n<div class=\"wp-block-button is-style-outline is-style-outline--1\"><a class=\"wp-block-button__link wp-element-button\" href=\"https:\/\/alice.ch\/fr\/event\/assemblee-des-delegues-et-journee-politique-de-la-formation-continue-2025\/\">vers l&rsquo;inscription<\/a><\/div>\n<\/div>\n\n\n\n<h2 class=\"wp-block-heading\">Assembl\u00e9e des d\u00e9l\u00e9gu\u00e9s<\/h2>\n\n\n\n<h3 class=\"wp-block-heading has-cyan-bluish-gray-color has-text-color\">13h30\u201314h30<\/h3>\n\n\n\n<h3 class=\"wp-block-heading\">Agenda<\/h3>\n\n\n\n<ol style=\"list-style-type:1\" class=\"wp-block-list\">\n<li>Accueil et mot de bienvenue<\/li>\n\n\n\n<li>\u00c9lection des scrutatrices et scrutateurs<\/li>\n\n\n\n<li>Proc\u00e8s-verbal de l&rsquo;Assembl\u00e9e des d\u00e9l\u00e9gu\u00e9s de mai 2024 (annexe T3)<\/li>\n\n\n\n<li>Pr\u00e9sentation du rapport annuel 2024 par le pr\u00e9sident, questions et discussion (rapport annuel 2024)<\/li>\n\n\n\n<li>Comptes annuels 2024 (cf. rapport annuel 2024, page 24)<\/li>\n\n\n\n<li>Budget 2024 (cf. rapport annuel 2024, page 24) et programme d\u2018activit\u00e9s 2024 (annexe T6)<\/li>\n\n\n\n<li>\u00c9lection de l&rsquo;organe de r\u00e9vision<\/li>\n\n\n\n<li>Strat\u00e9gie 2025\u20132028 (annexe T8)<\/li>\n\n\n\n<li>\u00c9lection (annexe T9)\n<ul class=\"wp-block-list\">\n<li>\u00c9lection du comit\u00e9<\/li>\n\n\n\n<li>\u00c9lection de la pr\u00e9sidence<\/li>\n<\/ul>\n<\/li>\n\n\n\n<li>Divers<\/li>\n<\/ol>\n\n\n\n<div class=\"wp-block-group is-style-border-box is-layout-constrained wp-block-group-is-layout-constrained\">\n<p class=\"is-style-lead\">Les demandes des membres concernant les documents mis \u00e0 disposition doivent \u00eatre adress\u00e9es au secr\u00e9tariat au plus tard 10 jours avant l&rsquo;assembl\u00e9e.<\/p>\n<\/div>\n\n\n\n<h3 class=\"wp-block-heading\">Documents<\/h3>\n\n\n\n<div class=\"wp-block-columns is-layout-flex wp-container-core-columns-is-layout-28f84493 wp-block-columns-is-layout-flex\">\n<div class=\"wp-block-column is-layout-flow wp-block-column-is-layout-flow\" style=\"flex-basis:50%\">\n<div class=\"wp-block-file\"><a id=\"wp-block-file--media-9656b529-51a1-4ffc-bf9b-ae999d335ff3\" href=\"https:\/\/alice.ch\/app\/uploads\/2025\/04\/a1-ordre-du-jour-ad-25.pdf\" target=\"_blank\" rel=\"noreferrer noopener\">Ordre du jour (annexe T1)<br \/>PDF &#8211; 186 kb<\/a><a href=\"https:\/\/alice.ch\/app\/uploads\/2025\/04\/a1-ordre-du-jour-ad-25.pdf\" class=\"wp-block-file__button wp-element-button\" download aria-describedby=\"wp-block-file--media-9656b529-51a1-4ffc-bf9b-ae999d335ff3\">Herunterladen<br \/>PDF &#8211; 186 kb<\/a><\/div>\n\n\n\n<div class=\"wp-block-file\"><a id=\"wp-block-file--media-34bc5482-ad1f-4846-b163-c7742efc9090\" href=\"https:\/\/alice.ch\/app\/uploads\/2025\/04\/jahresbericht-rapport-annuel-2024.pdf\" target=\"_blank\" rel=\"noreferrer noopener\">Rapport annuel 2024<br \/>PDF &#8211; 1 Mo<\/a><a href=\"https:\/\/alice.ch\/app\/uploads\/2025\/04\/jahresbericht-rapport-annuel-2024.pdf\" class=\"wp-block-file__button wp-element-button\" download aria-describedby=\"wp-block-file--media-34bc5482-ad1f-4846-b163-c7742efc9090\">Herunterladen<br \/>PDF &#8211; 1 Mo<\/a><\/div>\n\n\n\n<div class=\"wp-block-file\"><a id=\"wp-block-file--media-d5de7005-e1b8-4853-8aa9-24a126d14f61\" href=\"https:\/\/alice.ch\/app\/uploads\/2025\/04\/a8-strategie-25-28.pdf\" target=\"_blank\" rel=\"noreferrer noopener\">Strat\u00e9gie 2025\u20132028<br \/>PDF &#8211; 256 kb<\/a><a href=\"https:\/\/alice.ch\/app\/uploads\/2025\/04\/a8-strategie-25-28.pdf\" class=\"wp-block-file__button wp-element-button\" download aria-describedby=\"wp-block-file--media-d5de7005-e1b8-4853-8aa9-24a126d14f61\">Herunterladen<br \/>PDF &#8211; 256 kb<\/a><\/div>\n\n\n\n<div class=\"wp-block-file\"><a id=\"wp-block-file--media-533a3aa3-e40d-4b17-9f14-51e9cb6b9bd5\" href=\"https:\/\/alice.ch\/app\/uploads\/2025\/04\/revisionsbericht-2024.pdf\" target=\"_blank\" rel=\"noreferrer noopener\">Rapport d&rsquo;audit (en allemand) 2024<br \/>PDF &#8211; 2 Mo<\/a><a href=\"https:\/\/alice.ch\/app\/uploads\/2025\/04\/revisionsbericht-2024.pdf\" class=\"wp-block-file__button wp-element-button\" download aria-describedby=\"wp-block-file--media-533a3aa3-e40d-4b17-9f14-51e9cb6b9bd5\">Herunterladen<br \/>PDF &#8211; 2 Mo<\/a><\/div>\n<\/div>\n\n\n\n<div class=\"wp-block-column is-layout-flow wp-block-column-is-layout-flow\" style=\"flex-basis:50%\">\n<div class=\"wp-block-file\"><a id=\"wp-block-file--media-e1a316c5-6ce1-4da9-9cf3-1cbd2a716035\" href=\"https:\/\/alice.ch\/app\/uploads\/2025\/04\/a3-proces-verbal-ad-24.pdf\" target=\"_blank\" rel=\"noreferrer noopener\">Proc\u00e8s-verbal AD 24 (annexe T3)<br \/>PDF &#8211; 244 kb<\/a><a href=\"https:\/\/alice.ch\/app\/uploads\/2025\/04\/a3-proces-verbal-ad-24.pdf\" class=\"wp-block-file__button wp-element-button\" download aria-describedby=\"wp-block-file--media-e1a316c5-6ce1-4da9-9cf3-1cbd2a716035\">Herunterladen<br \/>PDF &#8211; 244 kb<\/a><\/div>\n\n\n\n<div class=\"wp-block-file\"><a id=\"wp-block-file--media-86fa7f30-2842-4d0d-b554-6f47baad06bf\" href=\"https:\/\/alice.ch\/app\/uploads\/2025\/04\/a6-programme-d-activite-2025.pdf\" target=\"_blank\" rel=\"noreferrer noopener\">Programme d&rsquo;activite 2025 (annexe T6)<br \/>PDF &#8211; 181 kb<\/a><a href=\"https:\/\/alice.ch\/app\/uploads\/2025\/04\/a6-programme-d-activite-2025.pdf\" class=\"wp-block-file__button wp-element-button\" download aria-describedby=\"wp-block-file--media-86fa7f30-2842-4d0d-b554-6f47baad06bf\">Herunterladen<br \/>PDF &#8211; 181 kb<\/a><\/div>\n\n\n\n<div class=\"wp-block-file\"><a id=\"wp-block-file--media-9bf36535-e9b3-41c8-9705-74f4c0827707\" href=\"https:\/\/alice.ch\/app\/uploads\/2025\/04\/a9-election.pdf\" target=\"_blank\" rel=\"noreferrer noopener\">\u00c9lection (annexe T9)<br \/>PDF &#8211; 1 Mo<\/a><a href=\"https:\/\/alice.ch\/app\/uploads\/2025\/04\/a9-election.pdf\" class=\"wp-block-file__button wp-element-button\" download aria-describedby=\"wp-block-file--media-9bf36535-e9b3-41c8-9705-74f4c0827707\">Herunterladen<br \/>PDF &#8211; 1 Mo<\/a><\/div>\n<\/div>\n<\/div>\n\n\n\n<h2 class=\"wp-block-heading\">Journ\u00e9e politique de la formation continue<\/h2>\n\n\n\n<h3 class=\"wp-block-heading has-cyan-bluish-gray-color has-text-color\">15h00\u201316h30<\/h3>\n\n\n\n<h3 class=\"wp-block-heading\">Politique de formation continue vs programme d&rsquo;\u00e9conomie de la Conf\u00e9d\u00e9ration<\/h3>\n\n\n\n<p>Dans le cadre du \u00abprogramme d&rsquo;all\u00e8gement 27\u00bb, le Conseil f\u00e9d\u00e9ral veut faire des \u00e9conomies massives dans la formation continue. Il est notamment pr\u00e9vu de supprimer les fonds f\u00e9d\u00e9raux destin\u00e9s \u00e0 la promotion des comp\u00e9tences de base des adultes ainsi qu&rsquo;aux prestations des organismes de formation continue.<\/p>\n\n\n\n<p>Lors de la conf\u00e9rence sur la politique de la formation continue, nous analyserons d&rsquo;abord les cons\u00e9quences du paquet d&rsquo;\u00e9conomies de la Conf\u00e9d\u00e9ration sur la formation continue. Ensuite, la conseill\u00e8re aux Etats Tiana Moser soumettra les propositions d&rsquo;\u00e9conomie de la Conf\u00e9d\u00e9ration \u00e0 un examen de politique r\u00e9elle: quelles sont les chances du paquet au Parlement et comment la politique de formation continue doit-elle r\u00e9agir ?<\/p>\n\n\n\n<p>Le colloque se terminera par le lancement de \u00abl&rsquo;alliance contre les mesures d&rsquo;\u00e9conomie dans la formation continue\u00bb.<\/p>\n\n\n\n<h3 class=\"wp-block-heading\">Programme de la Journ\u00e9e politique de la formation continue<\/h3>\n\n\n\n<figure class=\"wp-block-table is-style-regular\"><table><tbody><tr><td>15h00<\/td><td><strong>Accueil et introduction<\/strong><br>Bernhard Gr\u00e4miger, directeur de la FSEA<\/td><\/tr><tr><td>15h10<\/td><td><strong>Perspectives sur le programme d&rsquo;\u00e9conomies de la Conf\u00e9d\u00e9ration: Quelles seraient les cons\u00e9quences des mesures d&rsquo;\u00e9conomie dans la formation continue?<\/strong><br>&#8211; Promotion des comp\u00e9tences de base des adultes, Benedikt Feldges, Co-pr\u00e9sident de la Conf\u00e9rence suisse de la formation continue CSFC<br>&#8211; Prestations des organisations de la formation continue, Caroline Meier, Directrice du secr\u00e9tariat FSEA de la Suisse romande<br>&#8211; Formation continue dans le domaine du climat et de l&rsquo;environnement, Marcel Fierz, Directeur de la Conf\u00e9rence de l\u2019\u00e9ducation \u00e0 l\u2019environnement<\/td><\/tr><tr><td>15h45<\/td><td><strong>Quelles sont les chances du paquet d&rsquo;\u00e9conomies du Conseil f\u00e9d\u00e9ral dans le contexte politique actuel? Et comment la politique de formation continue doit-elle r\u00e9agir?<\/strong><br>Keynote de la conseill\u00e8re aux \u00c9tats Tiana Moser<\/td><\/tr><tr><td>16h20<\/td><td><strong>Lancement de l&rsquo;Alliance contre les mesures d&rsquo;\u00e9conomie dans la formation continue<\/strong><br>Sandra Bissig, Vice-Pr\u00e9sidente&nbsp;Forum romand de la FSEA<\/td><\/tr><tr><td>16h30<\/td><td>Ap\u00e9ritif<\/td><\/tr><\/tbody><\/table><\/figure>\n<\/div>\n<\/div>\n\n\n\n<div class=\"wp-block-group is-style-reduced-width is-layout-constrained wp-block-group-is-layout-constrained\">\n<div class=\"wp-block-buttons is-layout-flex wp-block-buttons-is-layout-flex\">\n<div class=\"wp-block-button is-style-outline is-style-outline--2\"><a class=\"wp-block-button__link wp-element-button\" href=\"https:\/\/alice.ch\/fr\/event\/assemblee-des-delegues-et-journee-politique-de-la-formation-continue-2025\/\">vers l&rsquo;inscription<\/a><\/div>\n<\/div>\n\n\n\n<h2 class=\"wp-block-heading\">Contact<\/h2>\n\n\n\n<div class=\"wp-block-columns is-layout-flex wp-container-core-columns-is-layout-28f84493 wp-block-columns-is-layout-flex\">\n<div class=\"wp-block-column is-layout-flow wp-block-column-is-layout-flow\" style=\"flex-basis:50%\"><div class=\"contact-persons\">\n<\/div>\n<\/div>\n\n\n\n<div class=\"wp-block-column is-layout-flow wp-block-column-is-layout-flow\" style=\"flex-basis:50%\"><\/div>\n<\/div>\n\n\n\n<p><\/p>\n<\/div>\n","protected":false},"excerpt":{"rendered":"<p>Assembl\u00e9e des d\u00e9l\u00e9gu\u00e9s 2025 Sur cette page concernant l&rsquo;assembl\u00e9e des d\u00e9l\u00e9gu\u00e9s et la journ\u00e9e politique de la formation continue de [&hellip;]<\/p>\n","protected":false},"author":2,"featured_media":20799,"parent":11388,"menu_order":545,"comment_status":"closed","ping_status":"closed","template":"","meta":{"_acf_changed":false,"inline_featured_image":false,"footnotes":""},"class_list":["post-47991","page","type-page","status-publish","has-post-thumbnail","hentry"],"acf":[],"yoast_head":"<!-- This site is optimized with the Yoast SEO plugin v27.3 - https:\/\/yoast.com\/product\/yoast-seo-wordpress\/ -->\n<title>Assembl\u00e9e des d\u00e9l\u00e9gu\u00e9s 2025 - FSEA<\/title>\n<meta name=\"description\" content=\"Sur cette page, les membres de la FSEA trouveront tous les documents relatifs \u00e0 la partie statutaire de l&#039;assembl\u00e9e des d\u00e9l\u00e9gu\u00e9s 2023.\" \/>\n<meta name=\"robots\" content=\"index, follow, max-snippet:-1, max-image-preview:large, max-video-preview:-1\" \/>\n<link rel=\"canonical\" href=\"https:\/\/alice.ch\/fr\/fsea-fr\/a-propos-de-la-fsea\/ad2025\/\" \/>\n<meta property=\"og:locale\" content=\"fr_FR\" \/>\n<meta property=\"og:type\" content=\"article\" \/>\n<meta property=\"og:title\" content=\"Assembl\u00e9e des d\u00e9l\u00e9gu\u00e9s 2025 - FSEA\" \/>\n<meta property=\"og:description\" content=\"Sur cette page, les membres de la FSEA trouveront tous les documents relatifs \u00e0 la partie statutaire de l&#039;assembl\u00e9e des d\u00e9l\u00e9gu\u00e9s 2023.\" \/>\n<meta property=\"og:url\" content=\"https:\/\/alice.ch\/fr\/fsea-fr\/a-propos-de-la-fsea\/ad2025\/\" \/>\n<meta property=\"og:site_name\" content=\"SVEB\" \/>\n<meta property=\"article:modified_time\" content=\"2025-05-05T08:22:24+00:00\" \/>\n<meta name=\"twitter:card\" content=\"summary_large_image\" \/>\n<meta name=\"twitter:label1\" content=\"Dur\u00e9e de lecture estim\u00e9e\" \/>\n\t<meta name=\"twitter:data1\" content=\"2 minutes\" \/>\n<script type=\"application\/ld+json\" class=\"yoast-schema-graph\">{\"@context\":\"https:\\\/\\\/schema.org\",\"@graph\":[{\"@type\":\"WebPage\",\"@id\":\"https:\\\/\\\/alice.ch\\\/fr\\\/fsea-fr\\\/a-propos-de-la-fsea\\\/ad2025\\\/\",\"url\":\"https:\\\/\\\/alice.ch\\\/fr\\\/fsea-fr\\\/a-propos-de-la-fsea\\\/ad2025\\\/\",\"name\":\"Assembl\u00e9e des d\u00e9l\u00e9gu\u00e9s 2025 - FSEA\",\"isPartOf\":{\"@id\":\"https:\\\/\\\/alice.ch\\\/fr\\\/#website\"},\"primaryImageOfPage\":{\"@id\":\"https:\\\/\\\/alice.ch\\\/fr\\\/fsea-fr\\\/a-propos-de-la-fsea\\\/ad2025\\\/#primaryimage\"},\"image\":{\"@id\":\"https:\\\/\\\/alice.ch\\\/fr\\\/fsea-fr\\\/a-propos-de-la-fsea\\\/ad2025\\\/#primaryimage\"},\"thumbnailUrl\":\"https:\\\/\\\/alice.ch\\\/app\\\/uploads\\\/2022\\\/11\\\/default.jpg\",\"datePublished\":\"2025-04-02T12:05:35+00:00\",\"dateModified\":\"2025-05-05T08:22:24+00:00\",\"description\":\"Sur cette page, les membres de la FSEA trouveront tous les documents relatifs \u00e0 la partie statutaire de l'assembl\u00e9e des d\u00e9l\u00e9gu\u00e9s 2023.\",\"breadcrumb\":{\"@id\":\"https:\\\/\\\/alice.ch\\\/fr\\\/fsea-fr\\\/a-propos-de-la-fsea\\\/ad2025\\\/#breadcrumb\"},\"inLanguage\":\"fr-FR\",\"potentialAction\":[{\"@type\":\"ReadAction\",\"target\":[\"https:\\\/\\\/alice.ch\\\/fr\\\/fsea-fr\\\/a-propos-de-la-fsea\\\/ad2025\\\/\"]}]},{\"@type\":\"ImageObject\",\"inLanguage\":\"fr-FR\",\"@id\":\"https:\\\/\\\/alice.ch\\\/fr\\\/fsea-fr\\\/a-propos-de-la-fsea\\\/ad2025\\\/#primaryimage\",\"url\":\"https:\\\/\\\/alice.ch\\\/app\\\/uploads\\\/2022\\\/11\\\/default.jpg\",\"contentUrl\":\"https:\\\/\\\/alice.ch\\\/app\\\/uploads\\\/2022\\\/11\\\/default.jpg\",\"width\":1600,\"height\":900},{\"@type\":\"BreadcrumbList\",\"@id\":\"https:\\\/\\\/alice.ch\\\/fr\\\/fsea-fr\\\/a-propos-de-la-fsea\\\/ad2025\\\/#breadcrumb\",\"itemListElement\":[{\"@type\":\"ListItem\",\"position\":1,\"name\":\"Page d'accueil\",\"item\":\"https:\\\/\\\/alice.ch\\\/fr\\\/\"},{\"@type\":\"ListItem\",\"position\":2,\"name\":\"FSEA\",\"item\":\"https:\\\/\\\/alice.ch\\\/fr\\\/fsea-fr\\\/\"},{\"@type\":\"ListItem\",\"position\":3,\"name\":\"A propos de la FSEA\",\"item\":\"https:\\\/\\\/alice.ch\\\/fr\\\/fsea-fr\\\/a-propos-de-la-fsea\\\/\"},{\"@type\":\"ListItem\",\"position\":4,\"name\":\"Assembl\u00e9e des d\u00e9l\u00e9gu\u00e9s 2025\"}]},{\"@type\":\"WebSite\",\"@id\":\"https:\\\/\\\/alice.ch\\\/fr\\\/#website\",\"url\":\"https:\\\/\\\/alice.ch\\\/fr\\\/\",\"name\":\"alice.ch (Adult Learning Information Center) ist das Portal der Weiterbildung in der Schweiz.\",\"description\":\"Schweizerischer Verband f\u00fcr Weiterbildung\",\"publisher\":{\"@id\":\"https:\\\/\\\/alice.ch\\\/fr\\\/#organization\"},\"potentialAction\":[{\"@type\":\"SearchAction\",\"target\":{\"@type\":\"EntryPoint\",\"urlTemplate\":\"https:\\\/\\\/alice.ch\\\/fr\\\/?s={search_term_string}\"},\"query-input\":{\"@type\":\"PropertyValueSpecification\",\"valueRequired\":true,\"valueName\":\"search_term_string\"}}],\"inLanguage\":\"fr-FR\"},{\"@type\":\"Organization\",\"@id\":\"https:\\\/\\\/alice.ch\\\/fr\\\/#organization\",\"name\":\"FSEA F\u00e9d\u00e9ration suisse pour la formation continue\",\"url\":\"https:\\\/\\\/alice.ch\\\/fr\\\/\",\"logo\":{\"@type\":\"ImageObject\",\"inLanguage\":\"fr-FR\",\"@id\":\"https:\\\/\\\/alice.ch\\\/fr\\\/#\\\/schema\\\/logo\\\/image\\\/\",\"url\":\"https:\\\/\\\/alice.ch\\\/app\\\/uploads\\\/2022\\\/07\\\/logo-sveb.png\",\"contentUrl\":\"https:\\\/\\\/alice.ch\\\/app\\\/uploads\\\/2022\\\/07\\\/logo-sveb.png\",\"width\":145,\"height\":64,\"caption\":\"FSEA F\u00e9d\u00e9ration suisse pour la formation continue\"},\"image\":{\"@id\":\"https:\\\/\\\/alice.ch\\\/fr\\\/#\\\/schema\\\/logo\\\/image\\\/\"},\"sameAs\":[\"https:\\\/\\\/www.linkedin.com\\\/company\\\/schweizerischer-verband-fr-weiterbildung-sveb\\\/\"]}]}<\/script>\n<!-- \/ Yoast SEO plugin. -->","yoast_head_json":{"title":"Assembl\u00e9e des d\u00e9l\u00e9gu\u00e9s 2025 - FSEA","description":"Sur cette page, les membres de la FSEA trouveront tous les documents relatifs \u00e0 la partie statutaire de l'assembl\u00e9e des d\u00e9l\u00e9gu\u00e9s 2023.","robots":{"index":"index","follow":"follow","max-snippet":"max-snippet:-1","max-image-preview":"max-image-preview:large","max-video-preview":"max-video-preview:-1"},"canonical":"https:\/\/alice.ch\/fr\/fsea-fr\/a-propos-de-la-fsea\/ad2025\/","og_locale":"fr_FR","og_type":"article","og_title":"Assembl\u00e9e des d\u00e9l\u00e9gu\u00e9s 2025 - FSEA","og_description":"Sur cette page, les membres de la FSEA trouveront tous les documents relatifs \u00e0 la partie statutaire de l'assembl\u00e9e des d\u00e9l\u00e9gu\u00e9s 2023.","og_url":"https:\/\/alice.ch\/fr\/fsea-fr\/a-propos-de-la-fsea\/ad2025\/","og_site_name":"SVEB","article_modified_time":"2025-05-05T08:22:24+00:00","twitter_card":"summary_large_image","twitter_misc":{"Dur\u00e9e de lecture estim\u00e9e":"2 minutes"},"schema":{"@context":"https:\/\/schema.org","@graph":[{"@type":"WebPage","@id":"https:\/\/alice.ch\/fr\/fsea-fr\/a-propos-de-la-fsea\/ad2025\/","url":"https:\/\/alice.ch\/fr\/fsea-fr\/a-propos-de-la-fsea\/ad2025\/","name":"Assembl\u00e9e des d\u00e9l\u00e9gu\u00e9s 2025 - FSEA","isPartOf":{"@id":"https:\/\/alice.ch\/fr\/#website"},"primaryImageOfPage":{"@id":"https:\/\/alice.ch\/fr\/fsea-fr\/a-propos-de-la-fsea\/ad2025\/#primaryimage"},"image":{"@id":"https:\/\/alice.ch\/fr\/fsea-fr\/a-propos-de-la-fsea\/ad2025\/#primaryimage"},"thumbnailUrl":"https:\/\/alice.ch\/app\/uploads\/2022\/11\/default.jpg","datePublished":"2025-04-02T12:05:35+00:00","dateModified":"2025-05-05T08:22:24+00:00","description":"Sur cette page, les membres de la FSEA trouveront tous les documents relatifs \u00e0 la partie statutaire de l'assembl\u00e9e des d\u00e9l\u00e9gu\u00e9s 2023.","breadcrumb":{"@id":"https:\/\/alice.ch\/fr\/fsea-fr\/a-propos-de-la-fsea\/ad2025\/#breadcrumb"},"inLanguage":"fr-FR","potentialAction":[{"@type":"ReadAction","target":["https:\/\/alice.ch\/fr\/fsea-fr\/a-propos-de-la-fsea\/ad2025\/"]}]},{"@type":"ImageObject","inLanguage":"fr-FR","@id":"https:\/\/alice.ch\/fr\/fsea-fr\/a-propos-de-la-fsea\/ad2025\/#primaryimage","url":"https:\/\/alice.ch\/app\/uploads\/2022\/11\/default.jpg","contentUrl":"https:\/\/alice.ch\/app\/uploads\/2022\/11\/default.jpg","width":1600,"height":900},{"@type":"BreadcrumbList","@id":"https:\/\/alice.ch\/fr\/fsea-fr\/a-propos-de-la-fsea\/ad2025\/#breadcrumb","itemListElement":[{"@type":"ListItem","position":1,"name":"Page d'accueil","item":"https:\/\/alice.ch\/fr\/"},{"@type":"ListItem","position":2,"name":"FSEA","item":"https:\/\/alice.ch\/fr\/fsea-fr\/"},{"@type":"ListItem","position":3,"name":"A propos de la FSEA","item":"https:\/\/alice.ch\/fr\/fsea-fr\/a-propos-de-la-fsea\/"},{"@type":"ListItem","position":4,"name":"Assembl\u00e9e des d\u00e9l\u00e9gu\u00e9s 2025"}]},{"@type":"WebSite","@id":"https:\/\/alice.ch\/fr\/#website","url":"https:\/\/alice.ch\/fr\/","name":"alice.ch (Adult Learning Information Center) ist das Portal der Weiterbildung in der Schweiz.","description":"Schweizerischer Verband f\u00fcr Weiterbildung","publisher":{"@id":"https:\/\/alice.ch\/fr\/#organization"},"potentialAction":[{"@type":"SearchAction","target":{"@type":"EntryPoint","urlTemplate":"https:\/\/alice.ch\/fr\/?s={search_term_string}"},"query-input":{"@type":"PropertyValueSpecification","valueRequired":true,"valueName":"search_term_string"}}],"inLanguage":"fr-FR"},{"@type":"Organization","@id":"https:\/\/alice.ch\/fr\/#organization","name":"FSEA F\u00e9d\u00e9ration suisse pour la formation continue","url":"https:\/\/alice.ch\/fr\/","logo":{"@type":"ImageObject","inLanguage":"fr-FR","@id":"https:\/\/alice.ch\/fr\/#\/schema\/logo\/image\/","url":"https:\/\/alice.ch\/app\/uploads\/2022\/07\/logo-sveb.png","contentUrl":"https:\/\/alice.ch\/app\/uploads\/2022\/07\/logo-sveb.png","width":145,"height":64,"caption":"FSEA F\u00e9d\u00e9ration suisse pour la formation continue"},"image":{"@id":"https:\/\/alice.ch\/fr\/#\/schema\/logo\/image\/"},"sameAs":["https:\/\/www.linkedin.com\/company\/schweizerischer-verband-fr-weiterbildung-sveb\/"]}]}},"_links":{"self":[{"href":"https:\/\/alice.ch\/fr\/wp-json\/wp\/v2\/pages\/47991","targetHints":{"allow":["GET"]}}],"collection":[{"href":"https:\/\/alice.ch\/fr\/wp-json\/wp\/v2\/pages"}],"about":[{"href":"https:\/\/alice.ch\/fr\/wp-json\/wp\/v2\/types\/page"}],"author":[{"embeddable":true,"href":"https:\/\/alice.ch\/fr\/wp-json\/wp\/v2\/users\/2"}],"replies":[{"embeddable":true,"href":"https:\/\/alice.ch\/fr\/wp-json\/wp\/v2\/comments?post=47991"}],"version-history":[{"count":49,"href":"https:\/\/alice.ch\/fr\/wp-json\/wp\/v2\/pages\/47991\/revisions"}],"predecessor-version":[{"id":67824,"href":"https:\/\/alice.ch\/fr\/wp-json\/wp\/v2\/pages\/47991\/revisions\/67824"}],"up":[{"embeddable":true,"href":"https:\/\/alice.ch\/fr\/wp-json\/wp\/v2\/pages\/11388"}],"wp:featuredmedia":[{"embeddable":true,"href":"https:\/\/alice.ch\/fr\/wp-json\/wp\/v2\/media\/20799"}],"wp:attachment":[{"href":"https:\/\/alice.ch\/fr\/wp-json\/wp\/v2\/media?parent=47991"}],"curies":[{"name":"wp","href":"https:\/\/api.w.org\/{rel}","templated":true}]}}