{"id":50461,"date":"2023-05-10T11:54:01","date_gmt":"2023-05-10T09:54:01","guid":{"rendered":"https:\/\/alice.ch\/?page_id=50461"},"modified":"2023-12-11T16:41:20","modified_gmt":"2023-12-11T15:41:20","slug":"abonner-ep","status":"publish","type":"page","link":"https:\/\/alice.ch\/fr\/actualite\/revue-specialisee-ep\/abonner-ep\/","title":{"rendered":"Abonner l&rsquo;EP"},"content":{"rendered":"\n<div class=\"wp-block-group is-style-reduced-width is-layout-constrained wp-block-group-is-layout-constrained\">\n<h1 class=\"wp-block-heading\">Abonner l&rsquo;EP<\/h1>\n\n\n\n<p class=\"is-style-lead\">\u00abEducation Permanente\u00bb para\u00eet deux fois par an (en mai et en novembre) au format A5 et compte environ 130 pages.<\/p>\n\n\n\n<p>Le tirage est de 1&rsquo;200 exemplaires pour l&rsquo;\u00e9dition allemande et de 550 exemplaires pour l&rsquo;\u00e9dition fran\u00e7aise. La revue est gratuite pour les membres de la FSEA et payante pour les autres abonn\u00e9s.<\/p>\n\n\n\n<div class=\"wp-block-contact-form-7-contact-form-selector\">\n<div class=\"wpcf7 no-js\" id=\"wpcf7-f50414-o1\" lang=\"de-DE\" dir=\"ltr\" data-wpcf7-id=\"50414\">\n<div class=\"screen-reader-response\"><p role=\"status\" aria-live=\"polite\" aria-atomic=\"true\"><\/p> <ul><\/ul><\/div>\n<form action=\"\/fr\/wp-json\/wp\/v2\/pages\/50461#wpcf7-f50414-o1\" method=\"post\" class=\"wpcf7-form init\" aria-label=\"Kontaktformular\" novalidate=\"novalidate\" data-status=\"init\">\n<fieldset class=\"hidden-fields-container\"><input type=\"hidden\" name=\"_wpcf7\" value=\"50414\" \/><input type=\"hidden\" name=\"_wpcf7_version\" value=\"6.1.5\" \/><input type=\"hidden\" name=\"_wpcf7_locale\" value=\"de_DE\" \/><input type=\"hidden\" name=\"_wpcf7_unit_tag\" value=\"wpcf7-f50414-o1\" \/><input type=\"hidden\" name=\"_wpcf7_container_post\" value=\"0\" \/><input type=\"hidden\" name=\"_wpcf7_posted_data_hash\" value=\"\" \/>\n<\/fieldset>\n<p><label>Type d'abonnement*<\/label><br \/>\n<span class=\"wpcf7-form-control-wrap\" data-name=\"radio-849\"><span class=\"wpcf7-form-control wpcf7-radio\"><span class=\"wpcf7-list-item first\"><label><input type=\"radio\" name=\"radio-849\" value=\"normal: CHF 45.-\" \/><span class=\"wpcf7-list-item-label\">normal: CHF 45.-<\/span><\/label><\/span><span class=\"wpcf7-list-item\"><label><input type=\"radio\" name=\"radio-849\" value=\"\u00e9tudiant\/e: CHF 35.-\" \/><span class=\"wpcf7-list-item-label\">\u00e9tudiant\/e: CHF 35.-<\/span><\/label><\/span><span class=\"wpcf7-list-item last\"><label><input type=\"radio\" name=\"radio-849\" value=\"\u00e9tranger: CHF 50.-\" \/><span class=\"wpcf7-list-item-label\">\u00e9tranger: CHF 50.-<\/span><\/label><\/span><\/span><\/span><br \/>\n<label>(L'abonnement annuel est automatiquement renouvel\u00e9. Une r\u00e9siliation est possible \u00e0 tout moment.)<br \/>\n<\/label><label><br \/>\n<\/label><label>Organisation<br \/>\n<span class=\"wpcf7-form-control-wrap\" data-name=\"your-organisation\"><input size=\"40\" maxlength=\"400\" class=\"wpcf7-form-control wpcf7-text\" aria-invalid=\"false\" placeholder=\"Votre organisation\" value=\"\" type=\"text\" name=\"your-organisation\" \/><\/span><\/label><br \/>\n<label>Salutation*<br \/>\n<span class=\"wpcf7-form-control-wrap\" data-name=\"salutation\"><input size=\"40\" maxlength=\"400\" class=\"wpcf7-form-control wpcf7-text wpcf7-validates-as-required\" aria-required=\"true\" aria-invalid=\"false\" placeholder=\"Madame\" value=\"\" type=\"text\" name=\"salutation\" \/><\/span><br \/>\n<\/label><br \/>\n<label>Pr\u00e9nom*<br \/>\n<span class=\"wpcf7-form-control-wrap\" data-name=\"your-forename\"><input size=\"40\" maxlength=\"400\" class=\"wpcf7-form-control wpcf7-text wpcf7-validates-as-required\" aria-required=\"true\" aria-invalid=\"false\" placeholder=\"Petra\" value=\"\" type=\"text\" name=\"your-forename\" \/><\/span><\/label><br \/>\n<label>Nom de famille*<br \/>\n<span class=\"wpcf7-form-control-wrap\" data-name=\"your-name\"><input size=\"40\" maxlength=\"400\" class=\"wpcf7-form-control wpcf7-text wpcf7-validates-as-required\" aria-required=\"true\" aria-invalid=\"false\" placeholder=\"Muster\" value=\"\" type=\"text\" name=\"your-name\" \/><\/span><\/label><br \/>\n<label>Rue et no.<br \/>\n<span class=\"wpcf7-form-control-wrap\" data-name=\"Strasse\"><input size=\"40\" maxlength=\"400\" class=\"wpcf7-form-control wpcf7-text\" aria-invalid=\"false\" placeholder=\"Rue de Gen\u00e8ve 88b\" value=\"\" type=\"text\" name=\"Strasse\" \/><\/span><\/label><br \/>\n<label>NPA et lieu<br \/>\n<span class=\"wpcf7-form-control-wrap\" data-name=\"PLZ\"><input size=\"40\" maxlength=\"400\" class=\"wpcf7-form-control wpcf7-text\" aria-invalid=\"false\" placeholder=\"1004 Lausanne\" value=\"\" type=\"text\" name=\"PLZ\" \/><\/span><\/label><br \/>\n<label>T\u00e9l\u00e9phone*<br \/>\n<span class=\"wpcf7-form-control-wrap\" data-name=\"tel-203\"><input size=\"40\" maxlength=\"400\" class=\"wpcf7-form-control wpcf7-tel wpcf7-validates-as-required wpcf7-text wpcf7-validates-as-tel\" aria-required=\"true\" aria-invalid=\"false\" placeholder=\"+41 (0)44 319 71 71\" value=\"\" type=\"tel\" name=\"tel-203\" \/><\/span><\/label><br \/>\n<label>Adresse \u00e9lectronique*<br \/>\n<span class=\"wpcf7-form-control-wrap\" data-name=\"your-email\"><input size=\"40\" maxlength=\"400\" class=\"wpcf7-form-control wpcf7-email wpcf7-validates-as-required wpcf7-text wpcf7-validates-as-email\" aria-required=\"true\" aria-invalid=\"false\" placeholder=\"petra.muster@alice.ch\" value=\"\" type=\"email\" name=\"your-email\" \/><\/span> <\/label><br \/>\n<label>Destinataire de la facture*<\/label><br \/>\n<span class=\"wpcf7-form-control-wrap\" data-name=\"radio-219\"><span class=\"wpcf7-form-control wpcf7-radio\"><span class=\"wpcf7-list-item first\"><label><input type=\"radio\" name=\"radio-219\" value=\"Facture \u00e0 l&#039;adresse ci-dessus\" checked=\"checked\" \/><span class=\"wpcf7-list-item-label\">Facture \u00e0 l&#039;adresse ci-dessus<\/span><\/label><\/span><span class=\"wpcf7-list-item last\"><label><input type=\"radio\" name=\"radio-219\" value=\"Facture \u00e0 l&#039;adresse suivante\" \/><span class=\"wpcf7-list-item-label\">Facture \u00e0 l&#039;adresse suivante<\/span><\/label><\/span><\/span><\/span>\n<\/p>\n<p><label>Adresse de facturation<br \/>\n<span class=\"wpcf7-form-control-wrap\" data-name=\"Rechnungsadresse\"><input size=\"40\" maxlength=\"400\" class=\"wpcf7-form-control wpcf7-text\" aria-invalid=\"false\" placeholder=\"\" value=\"\" type=\"text\" name=\"Rechnungsadresse\" \/><\/span><\/label><br \/>\n<label>Votre commentaire (optional)<br \/>\n<span class=\"wpcf7-form-control-wrap\" data-name=\"your-message\"><textarea cols=\"40\" rows=\"10\" maxlength=\"2000\" class=\"wpcf7-form-control wpcf7-textarea\" aria-invalid=\"false\" placeholder=\"Votre commentaire\" name=\"your-message\"><\/textarea><\/span> <\/label><br \/>\n<span class=\"wpcf7-form-control-wrap\" data-name=\"checkbox-911\"><span class=\"wpcf7-form-control wpcf7-checkbox\"><span class=\"wpcf7-list-item first last\"><label><input type=\"checkbox\" name=\"checkbox-911[]\" value=\"Je suis membre de la FSEA.\" \/><span class=\"wpcf7-list-item-label\">Je suis membre de la FSEA.<\/span><\/label><\/span><\/span><\/span><br \/>\n*Champs obligatoires\n<\/p>\n<p><span id=\"wpcf7-69eb89ed2279a-wrapper\" class=\"wpcf7-form-control-wrap honeypot-902-wrap\" style=\"display:none !important; visibility:hidden !important;\"><label for=\"wpcf7-69eb89ed2279a-field\" class=\"hp-message\">Bitte lasse dieses Feld leer.<\/label><input id=\"wpcf7-69eb89ed2279a-field\"  class=\"wpcf7-form-control wpcf7-text\" type=\"text\" name=\"honeypot-902\" value=\"\" size=\"40\" tabindex=\"-1\" autocomplete=\"new-password\" \/><\/span>\n<\/p>\n<p><input class=\"wpcf7-form-control wpcf7-submit has-spinner\" type=\"submit\" value=\"Commander\" \/>\n<\/p><div class=\"cf7-cookie-message\" style=\"margin-top:1em;color:#000;\">Merci d\u2019accepter les cookies afin de pouvoir soumettre le formulaire.<\/div><div class=\"wpcf7-response-output\" aria-hidden=\"true\"><\/div>\n<\/form>\n<\/div>\n<\/div>\n\n\n\n<h2 class=\"wp-block-heading\">Contact<\/h2>\n\n\n<div class=\"contact-persons\">\n\n\t\t\t\t\t<div class=\"contact-person\">\n\t\t\t\t\tFSEA F\u00e9d\u00e9ration suisse pour la formation continue<br \/>\t\t\t\t\tSecr\u00e9tariat national<br \/>\t\t\t\t\t<br \/>\n\t\t\t\t\tHardstrasse 235<br \/>\r\n8005 Zurich<br \/>\t\t\t\t\t<a href=\"tel:+41 (0)44 319 71 71\">+41 (0)44 319 71 71<\/a><br \/>\t\t\t\t\t<a href=\"mailto:info@alice.ch\">info@alice.ch<\/a><br \/>\t\t\t\t\t<\/div>\n\t\t\t\t\t<\/div>\n<\/div>\n","protected":false},"excerpt":{"rendered":"<p>Abonner l&rsquo;EP \u00abEducation Permanente\u00bb para\u00eet deux fois par an (en mai et en novembre) au format A5 et compte environ [&hellip;]<\/p>\n","protected":false},"author":5,"featured_media":20799,"parent":11293,"menu_order":528,"comment_status":"closed","ping_status":"closed","template":"","meta":{"_acf_changed":false,"inline_featured_image":false,"footnotes":""},"class_list":["post-50461","page","type-page","status-publish","has-post-thumbnail","hentry"],"acf":[],"yoast_head":"<!-- This site is optimized with the Yoast SEO plugin v27.3 - https:\/\/yoast.com\/product\/yoast-seo-wordpress\/ -->\n<title>Abonner l&#039;EP - FSEA<\/title>\n<meta name=\"description\" content=\"Vous pouvez commander ici un abonnement annuel pour la revue sp\u00e9cialis\u00e9e dans la formation continue \u00abEP\u00bb en remplissant le formulaire.\" \/>\n<meta name=\"robots\" content=\"index, follow, max-snippet:-1, max-image-preview:large, max-video-preview:-1\" \/>\n<link rel=\"canonical\" href=\"https:\/\/alice.ch\/fr\/actualite\/revue-specialisee-ep\/abonner-ep\/\" \/>\n<meta property=\"og:locale\" content=\"fr_FR\" \/>\n<meta property=\"og:type\" content=\"article\" \/>\n<meta property=\"og:title\" content=\"Abonner l&#039;EP - FSEA\" \/>\n<meta property=\"og:description\" content=\"Vous pouvez commander ici un abonnement annuel pour la revue sp\u00e9cialis\u00e9e dans la formation continue \u00abEP\u00bb en remplissant le formulaire.\" \/>\n<meta property=\"og:url\" content=\"https:\/\/alice.ch\/fr\/actualite\/revue-specialisee-ep\/abonner-ep\/\" \/>\n<meta property=\"og:site_name\" content=\"SVEB\" \/>\n<meta property=\"article:modified_time\" content=\"2023-12-11T15:41:20+00:00\" \/>\n<meta name=\"twitter:card\" content=\"summary_large_image\" \/>\n<meta name=\"twitter:label1\" content=\"Dur\u00e9e de lecture estim\u00e9e\" \/>\n\t<meta name=\"twitter:data1\" content=\"1 minute\" \/>\n<script type=\"application\/ld+json\" class=\"yoast-schema-graph\">{\"@context\":\"https:\\\/\\\/schema.org\",\"@graph\":[{\"@type\":\"WebPage\",\"@id\":\"https:\\\/\\\/alice.ch\\\/fr\\\/actualite\\\/revue-specialisee-ep\\\/abonner-ep\\\/\",\"url\":\"https:\\\/\\\/alice.ch\\\/fr\\\/actualite\\\/revue-specialisee-ep\\\/abonner-ep\\\/\",\"name\":\"Abonner l'EP - FSEA\",\"isPartOf\":{\"@id\":\"https:\\\/\\\/alice.ch\\\/fr\\\/#website\"},\"primaryImageOfPage\":{\"@id\":\"https:\\\/\\\/alice.ch\\\/fr\\\/actualite\\\/revue-specialisee-ep\\\/abonner-ep\\\/#primaryimage\"},\"image\":{\"@id\":\"https:\\\/\\\/alice.ch\\\/fr\\\/actualite\\\/revue-specialisee-ep\\\/abonner-ep\\\/#primaryimage\"},\"thumbnailUrl\":\"https:\\\/\\\/alice.ch\\\/app\\\/uploads\\\/2022\\\/11\\\/default.jpg\",\"datePublished\":\"2023-05-10T09:54:01+00:00\",\"dateModified\":\"2023-12-11T15:41:20+00:00\",\"description\":\"Vous pouvez commander ici un abonnement annuel pour la revue sp\u00e9cialis\u00e9e dans la formation continue \u00abEP\u00bb en remplissant le formulaire.\",\"breadcrumb\":{\"@id\":\"https:\\\/\\\/alice.ch\\\/fr\\\/actualite\\\/revue-specialisee-ep\\\/abonner-ep\\\/#breadcrumb\"},\"inLanguage\":\"fr-FR\",\"potentialAction\":[{\"@type\":\"ReadAction\",\"target\":[\"https:\\\/\\\/alice.ch\\\/fr\\\/actualite\\\/revue-specialisee-ep\\\/abonner-ep\\\/\"]}]},{\"@type\":\"ImageObject\",\"inLanguage\":\"fr-FR\",\"@id\":\"https:\\\/\\\/alice.ch\\\/fr\\\/actualite\\\/revue-specialisee-ep\\\/abonner-ep\\\/#primaryimage\",\"url\":\"https:\\\/\\\/alice.ch\\\/app\\\/uploads\\\/2022\\\/11\\\/default.jpg\",\"contentUrl\":\"https:\\\/\\\/alice.ch\\\/app\\\/uploads\\\/2022\\\/11\\\/default.jpg\",\"width\":1600,\"height\":900},{\"@type\":\"BreadcrumbList\",\"@id\":\"https:\\\/\\\/alice.ch\\\/fr\\\/actualite\\\/revue-specialisee-ep\\\/abonner-ep\\\/#breadcrumb\",\"itemListElement\":[{\"@type\":\"ListItem\",\"position\":1,\"name\":\"Page d'accueil\",\"item\":\"https:\\\/\\\/alice.ch\\\/fr\\\/\"},{\"@type\":\"ListItem\",\"position\":2,\"name\":\"Actualit\u00e9\",\"item\":\"https:\\\/\\\/alice.ch\\\/fr\\\/actualite\\\/\"},{\"@type\":\"ListItem\",\"position\":3,\"name\":\"Revue sp\u00e9cialis\u00e9e EP\",\"item\":\"https:\\\/\\\/alice.ch\\\/fr\\\/actualite\\\/revue-specialisee-ep\\\/\"},{\"@type\":\"ListItem\",\"position\":4,\"name\":\"Abonner l&#8217;EP\"}]},{\"@type\":\"WebSite\",\"@id\":\"https:\\\/\\\/alice.ch\\\/fr\\\/#website\",\"url\":\"https:\\\/\\\/alice.ch\\\/fr\\\/\",\"name\":\"alice.ch (Adult Learning Information Center) ist das Portal der Weiterbildung in der Schweiz.\",\"description\":\"Schweizerischer Verband f\u00fcr Weiterbildung\",\"publisher\":{\"@id\":\"https:\\\/\\\/alice.ch\\\/fr\\\/#organization\"},\"potentialAction\":[{\"@type\":\"SearchAction\",\"target\":{\"@type\":\"EntryPoint\",\"urlTemplate\":\"https:\\\/\\\/alice.ch\\\/fr\\\/?s={search_term_string}\"},\"query-input\":{\"@type\":\"PropertyValueSpecification\",\"valueRequired\":true,\"valueName\":\"search_term_string\"}}],\"inLanguage\":\"fr-FR\"},{\"@type\":\"Organization\",\"@id\":\"https:\\\/\\\/alice.ch\\\/fr\\\/#organization\",\"name\":\"FSEA F\u00e9d\u00e9ration suisse pour la formation continue\",\"url\":\"https:\\\/\\\/alice.ch\\\/fr\\\/\",\"logo\":{\"@type\":\"ImageObject\",\"inLanguage\":\"fr-FR\",\"@id\":\"https:\\\/\\\/alice.ch\\\/fr\\\/#\\\/schema\\\/logo\\\/image\\\/\",\"url\":\"https:\\\/\\\/alice.ch\\\/app\\\/uploads\\\/2022\\\/07\\\/logo-sveb.png\",\"contentUrl\":\"https:\\\/\\\/alice.ch\\\/app\\\/uploads\\\/2022\\\/07\\\/logo-sveb.png\",\"width\":145,\"height\":64,\"caption\":\"FSEA F\u00e9d\u00e9ration suisse pour la formation continue\"},\"image\":{\"@id\":\"https:\\\/\\\/alice.ch\\\/fr\\\/#\\\/schema\\\/logo\\\/image\\\/\"},\"sameAs\":[\"https:\\\/\\\/www.linkedin.com\\\/company\\\/schweizerischer-verband-fr-weiterbildung-sveb\\\/\"]}]}<\/script>\n<!-- \/ Yoast SEO plugin. -->","yoast_head_json":{"title":"Abonner l'EP - FSEA","description":"Vous pouvez commander ici un abonnement annuel pour la revue sp\u00e9cialis\u00e9e dans la formation continue \u00abEP\u00bb en remplissant le formulaire.","robots":{"index":"index","follow":"follow","max-snippet":"max-snippet:-1","max-image-preview":"max-image-preview:large","max-video-preview":"max-video-preview:-1"},"canonical":"https:\/\/alice.ch\/fr\/actualite\/revue-specialisee-ep\/abonner-ep\/","og_locale":"fr_FR","og_type":"article","og_title":"Abonner l'EP - FSEA","og_description":"Vous pouvez commander ici un abonnement annuel pour la revue sp\u00e9cialis\u00e9e dans la formation continue \u00abEP\u00bb en remplissant le formulaire.","og_url":"https:\/\/alice.ch\/fr\/actualite\/revue-specialisee-ep\/abonner-ep\/","og_site_name":"SVEB","article_modified_time":"2023-12-11T15:41:20+00:00","twitter_card":"summary_large_image","twitter_misc":{"Dur\u00e9e de lecture estim\u00e9e":"1 minute"},"schema":{"@context":"https:\/\/schema.org","@graph":[{"@type":"WebPage","@id":"https:\/\/alice.ch\/fr\/actualite\/revue-specialisee-ep\/abonner-ep\/","url":"https:\/\/alice.ch\/fr\/actualite\/revue-specialisee-ep\/abonner-ep\/","name":"Abonner l'EP - FSEA","isPartOf":{"@id":"https:\/\/alice.ch\/fr\/#website"},"primaryImageOfPage":{"@id":"https:\/\/alice.ch\/fr\/actualite\/revue-specialisee-ep\/abonner-ep\/#primaryimage"},"image":{"@id":"https:\/\/alice.ch\/fr\/actualite\/revue-specialisee-ep\/abonner-ep\/#primaryimage"},"thumbnailUrl":"https:\/\/alice.ch\/app\/uploads\/2022\/11\/default.jpg","datePublished":"2023-05-10T09:54:01+00:00","dateModified":"2023-12-11T15:41:20+00:00","description":"Vous pouvez commander ici un abonnement annuel pour la revue sp\u00e9cialis\u00e9e dans la formation continue \u00abEP\u00bb en remplissant le formulaire.","breadcrumb":{"@id":"https:\/\/alice.ch\/fr\/actualite\/revue-specialisee-ep\/abonner-ep\/#breadcrumb"},"inLanguage":"fr-FR","potentialAction":[{"@type":"ReadAction","target":["https:\/\/alice.ch\/fr\/actualite\/revue-specialisee-ep\/abonner-ep\/"]}]},{"@type":"ImageObject","inLanguage":"fr-FR","@id":"https:\/\/alice.ch\/fr\/actualite\/revue-specialisee-ep\/abonner-ep\/#primaryimage","url":"https:\/\/alice.ch\/app\/uploads\/2022\/11\/default.jpg","contentUrl":"https:\/\/alice.ch\/app\/uploads\/2022\/11\/default.jpg","width":1600,"height":900},{"@type":"BreadcrumbList","@id":"https:\/\/alice.ch\/fr\/actualite\/revue-specialisee-ep\/abonner-ep\/#breadcrumb","itemListElement":[{"@type":"ListItem","position":1,"name":"Page d'accueil","item":"https:\/\/alice.ch\/fr\/"},{"@type":"ListItem","position":2,"name":"Actualit\u00e9","item":"https:\/\/alice.ch\/fr\/actualite\/"},{"@type":"ListItem","position":3,"name":"Revue sp\u00e9cialis\u00e9e EP","item":"https:\/\/alice.ch\/fr\/actualite\/revue-specialisee-ep\/"},{"@type":"ListItem","position":4,"name":"Abonner l&#8217;EP"}]},{"@type":"WebSite","@id":"https:\/\/alice.ch\/fr\/#website","url":"https:\/\/alice.ch\/fr\/","name":"alice.ch (Adult Learning Information Center) ist das Portal der Weiterbildung in der Schweiz.","description":"Schweizerischer Verband f\u00fcr Weiterbildung","publisher":{"@id":"https:\/\/alice.ch\/fr\/#organization"},"potentialAction":[{"@type":"SearchAction","target":{"@type":"EntryPoint","urlTemplate":"https:\/\/alice.ch\/fr\/?s={search_term_string}"},"query-input":{"@type":"PropertyValueSpecification","valueRequired":true,"valueName":"search_term_string"}}],"inLanguage":"fr-FR"},{"@type":"Organization","@id":"https:\/\/alice.ch\/fr\/#organization","name":"FSEA F\u00e9d\u00e9ration suisse pour la formation continue","url":"https:\/\/alice.ch\/fr\/","logo":{"@type":"ImageObject","inLanguage":"fr-FR","@id":"https:\/\/alice.ch\/fr\/#\/schema\/logo\/image\/","url":"https:\/\/alice.ch\/app\/uploads\/2022\/07\/logo-sveb.png","contentUrl":"https:\/\/alice.ch\/app\/uploads\/2022\/07\/logo-sveb.png","width":145,"height":64,"caption":"FSEA F\u00e9d\u00e9ration suisse pour la formation continue"},"image":{"@id":"https:\/\/alice.ch\/fr\/#\/schema\/logo\/image\/"},"sameAs":["https:\/\/www.linkedin.com\/company\/schweizerischer-verband-fr-weiterbildung-sveb\/"]}]}},"_links":{"self":[{"href":"https:\/\/alice.ch\/fr\/wp-json\/wp\/v2\/pages\/50461","targetHints":{"allow":["GET"]}}],"collection":[{"href":"https:\/\/alice.ch\/fr\/wp-json\/wp\/v2\/pages"}],"about":[{"href":"https:\/\/alice.ch\/fr\/wp-json\/wp\/v2\/types\/page"}],"author":[{"embeddable":true,"href":"https:\/\/alice.ch\/fr\/wp-json\/wp\/v2\/users\/5"}],"replies":[{"embeddable":true,"href":"https:\/\/alice.ch\/fr\/wp-json\/wp\/v2\/comments?post=50461"}],"version-history":[{"count":10,"href":"https:\/\/alice.ch\/fr\/wp-json\/wp\/v2\/pages\/50461\/revisions"}],"predecessor-version":[{"id":51042,"href":"https:\/\/alice.ch\/fr\/wp-json\/wp\/v2\/pages\/50461\/revisions\/51042"}],"up":[{"embeddable":true,"href":"https:\/\/alice.ch\/fr\/wp-json\/wp\/v2\/pages\/11293"}],"wp:featuredmedia":[{"embeddable":true,"href":"https:\/\/alice.ch\/fr\/wp-json\/wp\/v2\/media\/20799"}],"wp:attachment":[{"href":"https:\/\/alice.ch\/fr\/wp-json\/wp\/v2\/media?parent=50461"}],"curies":[{"name":"wp","href":"https:\/\/api.w.org\/{rel}","templated":true}]}}