{"id":53732,"date":"2023-09-06T15:42:53","date_gmt":"2023-09-06T13:42:53","guid":{"rendered":"https:\/\/alice.ch\/?page_id=53732"},"modified":"2023-09-06T16:16:51","modified_gmt":"2023-09-06T14:16:51","slug":"journee-ffa","status":"publish","type":"page","link":"https:\/\/alice.ch\/fr\/professionnalisation\/prestataires-ffa\/journees-dechanges-ffa\/journee-ffa\/","title":{"rendered":"Journ\u00e9e FFA"},"content":{"rendered":"\n<h1 class=\"wp-block-heading\">Informations Juun FFA<\/h1>\n\n\n\n<p class=\"is-style-lead\">Die Gesch\u00e4ftsstelle AdA informiert ein bis zwei Mal pro Jahr mit einem AdA-Mailing \u00fcber Neuerungen und Entwicklungen im AdA-System. Auch vertragsrelevante Informationen und allgemeine R\u00fcckmeldungen zu den eidgen\u00f6ssischen Pr\u00fcfungen werden \u00fcber diesen Kanal kommuniziert.<\/p>\n\n\n\n<p>Die neueren \u00abInformationen und Weisungen der Gesch\u00e4ftsstelle AdA\u00bb finden Sie anschliessend an diesen Text.<\/p>\n\n\n\n<div class=\"wp-block-columns is-layout-flex wp-container-core-columns-is-layout-28f84493 wp-block-columns-is-layout-flex\">\n<div class=\"wp-block-column is-layout-flow wp-block-column-is-layout-flow\" style=\"flex-basis:50%\">\n<div class=\"wp-block-file\"><a id=\"wp-block-file--media-eec9df04-5b29-4ed0-89c9-db8c1ad39e07\" href=\"https:\/\/alice.ch\/app\/uploads\/2023\/04\/Uebergangsregelung-vom-FA-2015-zum-FA-2023.pdf\">\u00dcbergangsregelungen Fachausweis 2015 zu 2023<br \/>PDF &#8211; <\/a><\/div>\n\n\n\n<div class=\"wp-block-file\"><a id=\"wp-block-file--media-eec9df04-5b29-4ed0-89c9-db8c1ad39e07\" href=\"https:\/\/alice.ch\/app\/uploads\/2022\/11\/Event_INFO_FA_2023_final.pdf\" target=\"_blank\" rel=\"noreferrer noopener\">Pr\u00e4sentation Info-Veranstaltung \u00abFachausweis<br>Ausbilderin\/Ausbilder 2023\u00bb<br \/>PDF &#8211; 1 Mo<\/a><\/div>\n<\/div>\n\n\n\n<div class=\"wp-block-column is-layout-flow wp-block-column-is-layout-flow\" style=\"flex-basis:50%\"><\/div>\n<\/div>\n\n\n\n<div class=\"wp-block-group is-style-run-to-edge has-primary-background-color has-background is-layout-flow wp-block-group-is-layout-flow\">\n<p class=\"is-style-default has-background-color has-text-color has-large-font-size\"><strong>Online-Anteile f\u00fcr AKV nach System 2015<\/strong><\/p>\n\n\n\n<p class=\"is-style-default has-background-color has-text-color has-medium-font-size\">Es gelten bis zur Anerkennung nach System 2023 die in folgendem Dokument festgehaltenen Zeiten:<br><br><a href=\"https:\/\/alice.ch\/app\/uploads\/2022\/11\/20220113_AdA-Sonderregelungen_Corona.pdf\" target=\"_blank\" rel=\"noreferrer noopener\">Sonderregelungen Covid-19-Pandemie<\/a><\/p>\n<\/div>\n\n\n\n<h2 class=\"wp-block-heading\">AdA-Mailing abonnieren<\/h2>\n\n\n\n<div class=\"wp-block-contact-form-7-contact-form-selector\">\n<div class=\"wpcf7 no-js\" id=\"wpcf7-f2894-o1\" lang=\"de-DE\" dir=\"ltr\" data-wpcf7-id=\"2894\">\n<div class=\"screen-reader-response\"><p role=\"status\" aria-live=\"polite\" aria-atomic=\"true\"><\/p> <ul><\/ul><\/div>\n<form action=\"\/fr\/wp-json\/wp\/v2\/pages\/53732#wpcf7-f2894-o1\" method=\"post\" class=\"wpcf7-form init\" aria-label=\"Kontaktformular\" novalidate=\"novalidate\" data-status=\"init\">\n<fieldset class=\"hidden-fields-container\"><input type=\"hidden\" name=\"_wpcf7\" value=\"2894\" \/><input type=\"hidden\" name=\"_wpcf7_version\" value=\"6.1.5\" \/><input type=\"hidden\" name=\"_wpcf7_locale\" value=\"de_DE\" \/><input type=\"hidden\" name=\"_wpcf7_unit_tag\" value=\"wpcf7-f2894-o1\" \/><input type=\"hidden\" name=\"_wpcf7_container_post\" value=\"0\" \/><input type=\"hidden\" name=\"_wpcf7_posted_data_hash\" value=\"\" \/>\n<\/fieldset>\n<p><label>Organisation<br \/>\n<span class=\"wpcf7-form-control-wrap\" data-name=\"your-organisation\"><input size=\"40\" maxlength=\"400\" class=\"wpcf7-form-control wpcf7-text\" aria-invalid=\"false\" placeholder=\"Musterfirma\" value=\"\" type=\"text\" name=\"your-organisation\" \/><\/span><\/label><br \/>\n<label>Vorname*<br \/>\n<span class=\"wpcf7-form-control-wrap\" data-name=\"your-forename\"><input size=\"40\" maxlength=\"400\" class=\"wpcf7-form-control wpcf7-text wpcf7-validates-as-required\" aria-required=\"true\" aria-invalid=\"false\" placeholder=\"Petra\" value=\"\" type=\"text\" name=\"your-forename\" \/><\/span><\/label><br \/>\n<label>Nachname*<br \/>\n<span class=\"wpcf7-form-control-wrap\" data-name=\"your-name\"><input size=\"40\" maxlength=\"400\" class=\"wpcf7-form-control wpcf7-text wpcf7-validates-as-required\" aria-required=\"true\" aria-invalid=\"false\" placeholder=\"Muster\" value=\"\" type=\"text\" name=\"your-name\" \/><\/span><\/label><br \/>\n<label>E-Mail-Adresse*<br \/>\n<span class=\"wpcf7-form-control-wrap\" data-name=\"your-email\"><input size=\"40\" maxlength=\"400\" class=\"wpcf7-form-control wpcf7-email wpcf7-validates-as-required wpcf7-text wpcf7-validates-as-email\" aria-required=\"true\" aria-invalid=\"false\" placeholder=\"petra.muster@alice.ch\" value=\"\" type=\"email\" name=\"your-email\" \/><\/span> <\/label><br \/>\n<label>Ihre Nachricht<br \/>\n<span class=\"wpcf7-form-control-wrap\" data-name=\"Nachricht\"><input size=\"40\" maxlength=\"400\" class=\"wpcf7-form-control wpcf7-text\" aria-invalid=\"false\" placeholder=\"\" value=\"\" type=\"text\" name=\"Nachricht\" \/><\/span><\/label>\n<\/p>\n<p><span id=\"wpcf7-69ef90f565839-wrapper\" class=\"wpcf7-form-control-wrap honeypot-113-wrap\" style=\"display:none !important; visibility:hidden !important;\"><label for=\"wpcf7-69ef90f565839-field\" class=\"hp-message\">Bitte lasse dieses Feld leer.<\/label><input id=\"wpcf7-69ef90f565839-field\"  class=\"wpcf7-form-control wpcf7-text\" type=\"text\" name=\"honeypot-113\" value=\"\" size=\"40\" tabindex=\"-1\" autocomplete=\"new-password\" \/><\/span>\n<\/p>\n<p><input class=\"wpcf7-form-control wpcf7-submit has-spinner\" type=\"submit\" value=\"Senden\" \/><br \/>\n*Pflichtfelder\n<\/p><div class=\"cf7-cookie-message\" style=\"margin-top:1em;color:#000;\">Merci d\u2019accepter les cookies afin de pouvoir soumettre le formulaire.<\/div><div class=\"wpcf7-response-output\" aria-hidden=\"true\"><\/div>\n<\/form>\n<\/div>\n<\/div>\n\n\n\n<h2 class=\"wp-block-heading\">Informationen und Weisungen der Gesch\u00e4ftsstelle AdA<\/h2>\n\n\n\n<div class=\"wp-block-columns is-layout-flex wp-container-core-columns-is-layout-28f84493 wp-block-columns-is-layout-flex\">\n<div class=\"wp-block-column is-layout-flow wp-block-column-is-layout-flow\" style=\"flex-basis:100%\">\n<div class=\"wp-block-columns is-layout-flex wp-container-core-columns-is-layout-28f84493 wp-block-columns-is-layout-flex\">\n<div class=\"wp-block-column is-layout-flow wp-block-column-is-layout-flow\" style=\"flex-basis:50%\">\n\n\n<div class=\"wp-block-file\"><a id=\"wp-block-file--media-eec9df04-5b29-4ed0-89c9-db8c1ad39e07\" href=\"https:\/\/alice.ch\/app\/uploads\/2023\/04\/AdA-Infomail-2023-01.pdf\" target=\"_blank\" rel=\"noreferrer noopener\">Informationen und Weisungen der Gesch\u00e4ftsstelle AdA vom Juni 2023<br \/>PDF &#8211; <\/a><\/div>\n\n\n\n<div class=\"wp-block-file\"><a id=\"wp-block-file--media-eec9df04-5b29-4ed0-89c9-db8c1ad39e07\" href=\"https:\/\/alice.ch\/app\/uploads\/2023\/01\/Infomailing-20.12.2022_def._d.pdf\" target=\"_blank\" rel=\"noreferrer noopener\">Informationen und Weisungen der Gesch\u00e4ftsstelle AdA vom Dezember 2022<br \/>PDF &#8211; 19 kb<\/a><\/div>\n\n\n\n<div class=\"wp-block-file\"><a id=\"wp-block-file--media-eec9df04-5b29-4ed0-89c9-db8c1ad39e07\" href=\"https:\/\/alice.ch\/app\/uploads\/2023\/01\/Info-AdA-2022.05.20_links-angepasst.pdf\" target=\"_blank\" rel=\"noreferrer noopener\">Informationen und Weisungen der Gesch\u00e4ftsstelle AdA vom Mai 2022<br \/>PDF &#8211; 151 kb<\/a><\/div>\n\n\n\n<div class=\"wp-block-file\"><a id=\"wp-block-file--media-eec9df04-5b29-4ed0-89c9-db8c1ad39e07\" href=\"https:\/\/alice.ch\/app\/uploads\/2023\/01\/Info-AdA-2022.02.01_Links-aktualisiert_230124.pdf\" target=\"_blank\" rel=\"noreferrer noopener\">Informationen und Weisungen der Gesch\u00e4ftsstelle AdA vom Februar 2022<br \/>PDF &#8211; 179 kb<\/a><\/div>\n<\/div>\n\n\n\n<div class=\"wp-block-column is-layout-flow wp-block-column-is-layout-flow\" style=\"flex-basis:50%\"><\/div>\n<\/div>\n<\/div>\n<\/div>\n\n\n\n<h2 class=\"wp-block-heading\">Archiv<\/h2>\n\n\n\n<div class=\"wp-block-columns is-layout-flex wp-container-core-columns-is-layout-28f84493 wp-block-columns-is-layout-flex\">\n<div class=\"wp-block-column is-layout-flow wp-block-column-is-layout-flow\">\n<div class=\"wp-block-columns is-layout-flex wp-container-core-columns-is-layout-28f84493 wp-block-columns-is-layout-flex\">\n<div class=\"wp-block-column is-layout-flow wp-block-column-is-layout-flow\" style=\"flex-basis:100%\">\n<div class=\"wp-block-group is-layout-constrained wp-block-group-is-layout-constrained\">\n<div class=\"wp-block-file\"><a id=\"wp-block-file--media-fc907713-8f7c-474d-8ee3-e4fd96361a05\" href=\"https:\/\/alice.ch\/app\/uploads\/2023\/04\/Sonderregelungen-Corona-Nov.-2020.pdf\">Sonderregelungen Corona November 2020<br \/>PDF &#8211; 285 kb<\/a><a href=\"https:\/\/alice.ch\/app\/uploads\/2023\/04\/Sonderregelungen-Corona-Nov.-2020.pdf\" class=\"wp-block-file__button wp-element-button\" download aria-describedby=\"wp-block-file--media-fc907713-8f7c-474d-8ee3-e4fd96361a05\">Herunterladen<br \/>PDF &#8211; 285 kb<\/a><\/div>\n\n\n\n<div class=\"wp-block-file\"><a id=\"wp-block-file--media-b038768e-bb45-45c4-af9f-5eb063fbec4b\" href=\"https:\/\/alice.ch\/app\/uploads\/2023\/04\/Infomail-Covid-19-D.pdf\">Infomail Covid-19<br \/>PDF &#8211; <\/a><a href=\"https:\/\/alice.ch\/app\/uploads\/2023\/04\/Infomail-Covid-19-D.pdf\" class=\"wp-block-file__button wp-element-button\" download aria-describedby=\"wp-block-file--media-b038768e-bb45-45c4-af9f-5eb063fbec4b\">Herunterladen<br \/>PDF &#8211; <\/a><\/div>\n\n\n\n<div class=\"wp-block-file\"><a id=\"wp-block-file--media-86354103-c17e-4ec1-8822-c6e206281aff\" href=\"https:\/\/alice.ch\/app\/uploads\/2023\/04\/AdA_Infomailing_2018-01_DE.pdf\">Informationen und Weisungen der Gesch\u00e4ftsstelle AdA vom Juli 2018<br \/>PDF &#8211; <\/a><a href=\"https:\/\/alice.ch\/app\/uploads\/2023\/04\/AdA_Infomailing_2018-01_DE.pdf\" class=\"wp-block-file__button wp-element-button\" download aria-describedby=\"wp-block-file--media-86354103-c17e-4ec1-8822-c6e206281aff\">Herunterladen<br \/>PDF &#8211; <\/a><\/div>\n\n\n\n<div class=\"wp-block-file\"><a id=\"wp-block-file--media-cb518438-1b7a-47d9-ba75-7aa29233db3b\" href=\"https:\/\/alice.ch\/app\/uploads\/2023\/04\/Info_Okt_2017.pdf\">Informationen und Weisungen der Gesch\u00e4ftsstelle AdA vom Oktober  2017<br \/>PDF &#8211; <\/a><a href=\"https:\/\/alice.ch\/app\/uploads\/2023\/04\/Info_Okt_2017.pdf\" class=\"wp-block-file__button wp-element-button\" download aria-describedby=\"wp-block-file--media-cb518438-1b7a-47d9-ba75-7aa29233db3b\">Herunterladen<br \/>PDF &#8211; <\/a><\/div>\n<\/div>\n<\/div>\n<\/div>\n<\/div>\n\n\n\n<div class=\"wp-block-column is-layout-flow wp-block-column-is-layout-flow\"><\/div>\n<\/div>\n\n\n\n<h2 class=\"wp-block-heading\">Weitere Informationen<\/h2>\n\n\n\n<div class=\"wp-block-buttons is-layout-flex wp-block-buttons-is-layout-flex\">\n<div class=\"wp-block-button has-custom-width wp-block-button__width-50 is-style-outline is-style-outline--1\"><a class=\"wp-block-button__link wp-element-button\" href=\"https:\/\/alice.ch\/de\/professionalisierung\/ada-anbieter\/informationen-fuer-anbieter\/dokumente-ada\/\">Dokumente f\u00fcr AdA-Anbieter<\/a><\/div>\n<\/div>\n","protected":false},"excerpt":{"rendered":"<p>Informations Juun FFA Die Gesch\u00e4ftsstelle AdA informiert ein bis zwei Mal pro Jahr mit einem AdA-Mailing \u00fcber Neuerungen und Entwicklungen [&hellip;]<\/p>\n","protected":false},"author":5,"featured_media":20799,"parent":11225,"menu_order":219,"comment_status":"closed","ping_status":"closed","template":"","meta":{"_acf_changed":false,"inline_featured_image":false,"footnotes":""},"class_list":["post-53732","page","type-page","status-publish","has-post-thumbnail","hentry"],"acf":[],"yoast_head":"<!-- This site is optimized with the Yoast SEO plugin v27.3 - https:\/\/yoast.com\/product\/yoast-seo-wordpress\/ -->\n<title>Journ\u00e9e FFA - FSEA<\/title>\n<meta name=\"robots\" content=\"index, follow, max-snippet:-1, max-image-preview:large, max-video-preview:-1\" \/>\n<link rel=\"canonical\" href=\"https:\/\/alice.ch\/fr\/professionnalisation\/prestataires-ffa\/journees-dechanges-ffa\/journee-ffa\/\" \/>\n<meta property=\"og:locale\" content=\"fr_FR\" \/>\n<meta property=\"og:type\" content=\"article\" \/>\n<meta property=\"og:title\" content=\"Journ\u00e9e FFA - FSEA\" \/>\n<meta property=\"og:description\" content=\"Informations Juun FFA Die Gesch\u00e4ftsstelle AdA informiert ein bis zwei Mal pro Jahr mit einem AdA-Mailing \u00fcber Neuerungen und Entwicklungen [&hellip;]\" \/>\n<meta property=\"og:url\" content=\"https:\/\/alice.ch\/fr\/professionnalisation\/prestataires-ffa\/journees-dechanges-ffa\/journee-ffa\/\" \/>\n<meta property=\"og:site_name\" content=\"SVEB\" \/>\n<meta property=\"article:modified_time\" content=\"2023-09-06T14:16:51+00:00\" \/>\n<meta name=\"twitter:card\" content=\"summary_large_image\" \/>\n<meta name=\"twitter:label1\" content=\"Dur\u00e9e de lecture estim\u00e9e\" \/>\n\t<meta name=\"twitter:data1\" content=\"1 minute\" \/>\n<script type=\"application\/ld+json\" class=\"yoast-schema-graph\">{\"@context\":\"https:\\\/\\\/schema.org\",\"@graph\":[{\"@type\":\"WebPage\",\"@id\":\"https:\\\/\\\/alice.ch\\\/fr\\\/professionnalisation\\\/prestataires-ffa\\\/journees-dechanges-ffa\\\/journee-ffa\\\/\",\"url\":\"https:\\\/\\\/alice.ch\\\/fr\\\/professionnalisation\\\/prestataires-ffa\\\/journees-dechanges-ffa\\\/journee-ffa\\\/\",\"name\":\"Journ\u00e9e FFA - FSEA\",\"isPartOf\":{\"@id\":\"https:\\\/\\\/alice.ch\\\/fr\\\/#website\"},\"primaryImageOfPage\":{\"@id\":\"https:\\\/\\\/alice.ch\\\/fr\\\/professionnalisation\\\/prestataires-ffa\\\/journees-dechanges-ffa\\\/journee-ffa\\\/#primaryimage\"},\"image\":{\"@id\":\"https:\\\/\\\/alice.ch\\\/fr\\\/professionnalisation\\\/prestataires-ffa\\\/journees-dechanges-ffa\\\/journee-ffa\\\/#primaryimage\"},\"thumbnailUrl\":\"https:\\\/\\\/alice.ch\\\/app\\\/uploads\\\/2022\\\/11\\\/default.jpg\",\"datePublished\":\"2023-09-06T13:42:53+00:00\",\"dateModified\":\"2023-09-06T14:16:51+00:00\",\"breadcrumb\":{\"@id\":\"https:\\\/\\\/alice.ch\\\/fr\\\/professionnalisation\\\/prestataires-ffa\\\/journees-dechanges-ffa\\\/journee-ffa\\\/#breadcrumb\"},\"inLanguage\":\"fr-FR\",\"potentialAction\":[{\"@type\":\"ReadAction\",\"target\":[\"https:\\\/\\\/alice.ch\\\/fr\\\/professionnalisation\\\/prestataires-ffa\\\/journees-dechanges-ffa\\\/journee-ffa\\\/\"]}]},{\"@type\":\"ImageObject\",\"inLanguage\":\"fr-FR\",\"@id\":\"https:\\\/\\\/alice.ch\\\/fr\\\/professionnalisation\\\/prestataires-ffa\\\/journees-dechanges-ffa\\\/journee-ffa\\\/#primaryimage\",\"url\":\"https:\\\/\\\/alice.ch\\\/app\\\/uploads\\\/2022\\\/11\\\/default.jpg\",\"contentUrl\":\"https:\\\/\\\/alice.ch\\\/app\\\/uploads\\\/2022\\\/11\\\/default.jpg\",\"width\":1600,\"height\":900},{\"@type\":\"BreadcrumbList\",\"@id\":\"https:\\\/\\\/alice.ch\\\/fr\\\/professionnalisation\\\/prestataires-ffa\\\/journees-dechanges-ffa\\\/journee-ffa\\\/#breadcrumb\",\"itemListElement\":[{\"@type\":\"ListItem\",\"position\":1,\"name\":\"Page d'accueil\",\"item\":\"https:\\\/\\\/alice.ch\\\/fr\\\/\"},{\"@type\":\"ListItem\",\"position\":2,\"name\":\"Professionnalisation\",\"item\":\"https:\\\/\\\/alice.ch\\\/fr\\\/professionnalisation\\\/\"},{\"@type\":\"ListItem\",\"position\":3,\"name\":\"Prestataires FFA\",\"item\":\"https:\\\/\\\/alice.ch\\\/fr\\\/professionnalisation\\\/prestataires-ffa\\\/\"},{\"@type\":\"ListItem\",\"position\":4,\"name\":\"Journ\u00e9es d&#8217;\u00e9changes FFA\",\"item\":\"https:\\\/\\\/alice.ch\\\/fr\\\/professionnalisation\\\/prestataires-ffa\\\/journees-dechanges-ffa\\\/\"},{\"@type\":\"ListItem\",\"position\":5,\"name\":\"Journ\u00e9e FFA\"}]},{\"@type\":\"WebSite\",\"@id\":\"https:\\\/\\\/alice.ch\\\/fr\\\/#website\",\"url\":\"https:\\\/\\\/alice.ch\\\/fr\\\/\",\"name\":\"alice.ch (Adult Learning Information Center) ist das Portal der Weiterbildung in der Schweiz.\",\"description\":\"Schweizerischer Verband f\u00fcr Weiterbildung\",\"publisher\":{\"@id\":\"https:\\\/\\\/alice.ch\\\/fr\\\/#organization\"},\"potentialAction\":[{\"@type\":\"SearchAction\",\"target\":{\"@type\":\"EntryPoint\",\"urlTemplate\":\"https:\\\/\\\/alice.ch\\\/fr\\\/?s={search_term_string}\"},\"query-input\":{\"@type\":\"PropertyValueSpecification\",\"valueRequired\":true,\"valueName\":\"search_term_string\"}}],\"inLanguage\":\"fr-FR\"},{\"@type\":\"Organization\",\"@id\":\"https:\\\/\\\/alice.ch\\\/fr\\\/#organization\",\"name\":\"FSEA F\u00e9d\u00e9ration suisse pour la formation continue\",\"url\":\"https:\\\/\\\/alice.ch\\\/fr\\\/\",\"logo\":{\"@type\":\"ImageObject\",\"inLanguage\":\"fr-FR\",\"@id\":\"https:\\\/\\\/alice.ch\\\/fr\\\/#\\\/schema\\\/logo\\\/image\\\/\",\"url\":\"https:\\\/\\\/alice.ch\\\/app\\\/uploads\\\/2022\\\/07\\\/logo-sveb.png\",\"contentUrl\":\"https:\\\/\\\/alice.ch\\\/app\\\/uploads\\\/2022\\\/07\\\/logo-sveb.png\",\"width\":145,\"height\":64,\"caption\":\"FSEA F\u00e9d\u00e9ration suisse pour la formation continue\"},\"image\":{\"@id\":\"https:\\\/\\\/alice.ch\\\/fr\\\/#\\\/schema\\\/logo\\\/image\\\/\"},\"sameAs\":[\"https:\\\/\\\/www.linkedin.com\\\/company\\\/schweizerischer-verband-fr-weiterbildung-sveb\\\/\"]}]}<\/script>\n<!-- \/ Yoast SEO plugin. -->","yoast_head_json":{"title":"Journ\u00e9e FFA - FSEA","robots":{"index":"index","follow":"follow","max-snippet":"max-snippet:-1","max-image-preview":"max-image-preview:large","max-video-preview":"max-video-preview:-1"},"canonical":"https:\/\/alice.ch\/fr\/professionnalisation\/prestataires-ffa\/journees-dechanges-ffa\/journee-ffa\/","og_locale":"fr_FR","og_type":"article","og_title":"Journ\u00e9e FFA - FSEA","og_description":"Informations Juun FFA Die Gesch\u00e4ftsstelle AdA informiert ein bis zwei Mal pro Jahr mit einem AdA-Mailing \u00fcber Neuerungen und Entwicklungen [&hellip;]","og_url":"https:\/\/alice.ch\/fr\/professionnalisation\/prestataires-ffa\/journees-dechanges-ffa\/journee-ffa\/","og_site_name":"SVEB","article_modified_time":"2023-09-06T14:16:51+00:00","twitter_card":"summary_large_image","twitter_misc":{"Dur\u00e9e de lecture estim\u00e9e":"1 minute"},"schema":{"@context":"https:\/\/schema.org","@graph":[{"@type":"WebPage","@id":"https:\/\/alice.ch\/fr\/professionnalisation\/prestataires-ffa\/journees-dechanges-ffa\/journee-ffa\/","url":"https:\/\/alice.ch\/fr\/professionnalisation\/prestataires-ffa\/journees-dechanges-ffa\/journee-ffa\/","name":"Journ\u00e9e FFA - FSEA","isPartOf":{"@id":"https:\/\/alice.ch\/fr\/#website"},"primaryImageOfPage":{"@id":"https:\/\/alice.ch\/fr\/professionnalisation\/prestataires-ffa\/journees-dechanges-ffa\/journee-ffa\/#primaryimage"},"image":{"@id":"https:\/\/alice.ch\/fr\/professionnalisation\/prestataires-ffa\/journees-dechanges-ffa\/journee-ffa\/#primaryimage"},"thumbnailUrl":"https:\/\/alice.ch\/app\/uploads\/2022\/11\/default.jpg","datePublished":"2023-09-06T13:42:53+00:00","dateModified":"2023-09-06T14:16:51+00:00","breadcrumb":{"@id":"https:\/\/alice.ch\/fr\/professionnalisation\/prestataires-ffa\/journees-dechanges-ffa\/journee-ffa\/#breadcrumb"},"inLanguage":"fr-FR","potentialAction":[{"@type":"ReadAction","target":["https:\/\/alice.ch\/fr\/professionnalisation\/prestataires-ffa\/journees-dechanges-ffa\/journee-ffa\/"]}]},{"@type":"ImageObject","inLanguage":"fr-FR","@id":"https:\/\/alice.ch\/fr\/professionnalisation\/prestataires-ffa\/journees-dechanges-ffa\/journee-ffa\/#primaryimage","url":"https:\/\/alice.ch\/app\/uploads\/2022\/11\/default.jpg","contentUrl":"https:\/\/alice.ch\/app\/uploads\/2022\/11\/default.jpg","width":1600,"height":900},{"@type":"BreadcrumbList","@id":"https:\/\/alice.ch\/fr\/professionnalisation\/prestataires-ffa\/journees-dechanges-ffa\/journee-ffa\/#breadcrumb","itemListElement":[{"@type":"ListItem","position":1,"name":"Page d'accueil","item":"https:\/\/alice.ch\/fr\/"},{"@type":"ListItem","position":2,"name":"Professionnalisation","item":"https:\/\/alice.ch\/fr\/professionnalisation\/"},{"@type":"ListItem","position":3,"name":"Prestataires FFA","item":"https:\/\/alice.ch\/fr\/professionnalisation\/prestataires-ffa\/"},{"@type":"ListItem","position":4,"name":"Journ\u00e9es d&#8217;\u00e9changes FFA","item":"https:\/\/alice.ch\/fr\/professionnalisation\/prestataires-ffa\/journees-dechanges-ffa\/"},{"@type":"ListItem","position":5,"name":"Journ\u00e9e FFA"}]},{"@type":"WebSite","@id":"https:\/\/alice.ch\/fr\/#website","url":"https:\/\/alice.ch\/fr\/","name":"alice.ch (Adult Learning Information Center) ist das Portal der Weiterbildung in der Schweiz.","description":"Schweizerischer Verband f\u00fcr Weiterbildung","publisher":{"@id":"https:\/\/alice.ch\/fr\/#organization"},"potentialAction":[{"@type":"SearchAction","target":{"@type":"EntryPoint","urlTemplate":"https:\/\/alice.ch\/fr\/?s={search_term_string}"},"query-input":{"@type":"PropertyValueSpecification","valueRequired":true,"valueName":"search_term_string"}}],"inLanguage":"fr-FR"},{"@type":"Organization","@id":"https:\/\/alice.ch\/fr\/#organization","name":"FSEA F\u00e9d\u00e9ration suisse pour la formation continue","url":"https:\/\/alice.ch\/fr\/","logo":{"@type":"ImageObject","inLanguage":"fr-FR","@id":"https:\/\/alice.ch\/fr\/#\/schema\/logo\/image\/","url":"https:\/\/alice.ch\/app\/uploads\/2022\/07\/logo-sveb.png","contentUrl":"https:\/\/alice.ch\/app\/uploads\/2022\/07\/logo-sveb.png","width":145,"height":64,"caption":"FSEA F\u00e9d\u00e9ration suisse pour la formation continue"},"image":{"@id":"https:\/\/alice.ch\/fr\/#\/schema\/logo\/image\/"},"sameAs":["https:\/\/www.linkedin.com\/company\/schweizerischer-verband-fr-weiterbildung-sveb\/"]}]}},"_links":{"self":[{"href":"https:\/\/alice.ch\/fr\/wp-json\/wp\/v2\/pages\/53732","targetHints":{"allow":["GET"]}}],"collection":[{"href":"https:\/\/alice.ch\/fr\/wp-json\/wp\/v2\/pages"}],"about":[{"href":"https:\/\/alice.ch\/fr\/wp-json\/wp\/v2\/types\/page"}],"author":[{"embeddable":true,"href":"https:\/\/alice.ch\/fr\/wp-json\/wp\/v2\/users\/5"}],"replies":[{"embeddable":true,"href":"https:\/\/alice.ch\/fr\/wp-json\/wp\/v2\/comments?post=53732"}],"version-history":[{"count":2,"href":"https:\/\/alice.ch\/fr\/wp-json\/wp\/v2\/pages\/53732\/revisions"}],"predecessor-version":[{"id":53734,"href":"https:\/\/alice.ch\/fr\/wp-json\/wp\/v2\/pages\/53732\/revisions\/53734"}],"up":[{"embeddable":true,"href":"https:\/\/alice.ch\/fr\/wp-json\/wp\/v2\/pages\/11225"}],"wp:featuredmedia":[{"embeddable":true,"href":"https:\/\/alice.ch\/fr\/wp-json\/wp\/v2\/media\/20799"}],"wp:attachment":[{"href":"https:\/\/alice.ch\/fr\/wp-json\/wp\/v2\/media?parent=53732"}],"curies":[{"name":"wp","href":"https:\/\/api.w.org\/{rel}","templated":true}]}}