{"id":54293,"date":"2023-09-22T17:58:18","date_gmt":"2023-09-22T15:58:18","guid":{"rendered":"https:\/\/alice.ch\/?page_id=54293"},"modified":"2023-12-04T13:35:24","modified_gmt":"2023-12-04T12:35:24","slug":"publication-des-cours-sur-formationcontinue-swiss","status":"publish","type":"page","link":"https:\/\/alice.ch\/fr\/services\/placer-une-publicite\/publication-des-cours-sur-formationcontinue-swiss\/","title":{"rendered":"Publication des cours sur formationcontinue.swiss"},"content":{"rendered":"\n<h2 class=\"wp-block-heading\">Publication des cours sur formationcontinue.swiss<\/h2>\n\n\n\n<p class=\"is-style-lead\">Assurez-vous une plus grande participation \u00e0 vos cours et publiez votre offre de formation continue dans la plus grande base de donn\u00e9es de formation continue en Suisse, avec 40&rsquo;000 cours. Afin de vous garantir une port\u00e9e maximale, nous coop\u00e9rons avec des portails partenaires de renom tels que&nbsp;<a href=\"http:\/\/www.jobscout24.ch\/fr\/\" target=\"_blank\" rel=\"noreferrer noopener\">jobscout24.ch<\/a>,&nbsp;<a href=\"https:\/\/www.guidle.com\/fr\/kurse\" target=\"_blank\" rel=\"noreferrer noopener\">guidle.com<\/a>&nbsp;etc., o\u00f9 vos cours apparaissent \u00e9galement.<\/p>\n\n\n\n<p><strong>Publication du cours :&nbsp;<\/strong>publication de votre offre de formation continue avec des informations d\u00e9taill\u00e9es sur le cours (y compris reprise du descriptif\/programme du cours en format PDF) et sur vous-m\u00eame en tant que prestataire avec logo, portrait et liens vers votre site Internet. Le participant vous contacte directement par le biais du formulaire ou s\u2019inscrit au cours. Vous pouvez en toute simplicit\u00e9 faire saisir vos cours par nos soins ou le faire vous-m\u00eame : manuellement ou au moyen d\u2019une interface automatique.<\/p>\n\n\n\n<div class=\"wp-block-group is-style-run-to-edge has-primary-background-color has-background is-layout-flow wp-block-group-is-layout-flow\">\n<p class=\"is-style-lead has-background-color has-text-color\">Avec&nbsp;<strong>\u00ab Cours+ \u00bb<\/strong>, vous atteignez encore plus de personnes int\u00e9ress\u00e9es : votre offre appara\u00eet tout en haut sur tous les portails, quelle que soit l\u2019entr\u00e9e de recherche. Cinq Cours+ au maximum sont affich\u00e9s.<\/p>\n<\/div>\n\n\n\n<p><\/p>\n\n\n\n<p><strong>Int\u00e9gration \u00e0 votre site Internet : <\/strong>int\u00e9grez la base de donn\u00e9es \u00e0 votre propre site et affichez les cours que vous souhaitez, en fonction du groupe cible vis\u00e9. Vous d\u00e9terminez vous-m\u00eame les crit\u00e8res de s\u00e9lection et d\u2019affichage. Nous pouvons adapter le design \u00e0 la pr\u00e9sentation de votre site.<\/p>\n\n\n\n<div class=\"wp-block-buttons is-layout-flex wp-block-buttons-is-layout-flex\">\n<div class=\"wp-block-button is-style-outline is-style-outline--1\"><a class=\"wp-block-button__link wp-element-button\" href=\"https:\/\/www.formationcontinue.swiss\/?content=Kurspublikation&amp;=fr\" target=\"_blank\" rel=\"noreferrer noopener\">Publier des cours<\/a><\/div>\n<\/div>\n\n\n<div class=\"contact-persons\">\n\n\t\t\t\t\t<div class=\"contact-person\">\n\t\t\t\t\tMarie Gandola<br \/>\t\t\t\t\tAssistante de Direction   Coordinatrice FFA Romandie<br \/>\t\t\t\t\t<br \/>\n\t\t\t\t\t\t\t\t\t\t<a href=\"tel:+41 (0)22 994 20 10\">+41 (0)22 994 20 10<\/a><br \/>\t\t\t\t\t<a href=\"mailto:marie.gandola@alice.ch\">marie.gandola@alice.ch<\/a><br \/>\t\t\t\t\t<\/div>\n\t\t\t\t\t<\/div>\n","protected":false},"excerpt":{"rendered":"<p>Publication des cours sur formationcontinue.swiss Assurez-vous une plus grande participation \u00e0 vos cours et publiez votre offre de formation continue [&hellip;]<\/p>\n","protected":false},"author":5,"featured_media":20801,"parent":11376,"menu_order":326,"comment_status":"closed","ping_status":"closed","template":"","meta":{"_acf_changed":false,"inline_featured_image":false,"footnotes":""},"class_list":["post-54293","page","type-page","status-publish","has-post-thumbnail","hentry"],"acf":[],"yoast_head":"<!-- This site is optimized with the Yoast SEO plugin v27.3 - https:\/\/yoast.com\/product\/yoast-seo-wordpress\/ -->\n<title>Publication des cours sur formationcontinue.swiss - FSEA<\/title>\n<meta name=\"description\" content=\"Augmentez la visibilit\u00e9 de vos cours et publiez votre offre de formation continue dans la base de donn\u00e9es de la formation continue.\" \/>\n<meta name=\"robots\" content=\"index, follow, max-snippet:-1, max-image-preview:large, max-video-preview:-1\" \/>\n<link rel=\"canonical\" href=\"https:\/\/alice.ch\/fr\/services\/placer-une-publicite\/publication-des-cours-sur-formationcontinue-swiss\/\" \/>\n<meta property=\"og:locale\" content=\"fr_FR\" \/>\n<meta property=\"og:type\" content=\"article\" \/>\n<meta property=\"og:title\" content=\"Publication des cours sur formationcontinue.swiss - FSEA\" \/>\n<meta property=\"og:description\" content=\"Augmentez la visibilit\u00e9 de vos cours et publiez votre offre de formation continue dans la base de donn\u00e9es de la formation continue.\" \/>\n<meta property=\"og:url\" content=\"https:\/\/alice.ch\/fr\/services\/placer-une-publicite\/publication-des-cours-sur-formationcontinue-swiss\/\" \/>\n<meta property=\"og:site_name\" content=\"SVEB\" \/>\n<meta property=\"article:modified_time\" content=\"2023-12-04T12:35:24+00:00\" \/>\n<meta property=\"og:image\" content=\"https:\/\/alice.ch\/app\/uploads\/2022\/11\/default.jpg\" \/>\n\t<meta property=\"og:image:width\" content=\"1600\" \/>\n\t<meta property=\"og:image:height\" content=\"900\" \/>\n\t<meta property=\"og:image:type\" content=\"image\/jpeg\" \/>\n<meta name=\"twitter:card\" content=\"summary_large_image\" \/>\n<meta name=\"twitter:label1\" content=\"Dur\u00e9e de lecture estim\u00e9e\" \/>\n\t<meta name=\"twitter:data1\" content=\"1 minute\" \/>\n<script type=\"application\/ld+json\" class=\"yoast-schema-graph\">{\"@context\":\"https:\\\/\\\/schema.org\",\"@graph\":[{\"@type\":\"WebPage\",\"@id\":\"https:\\\/\\\/alice.ch\\\/fr\\\/services\\\/placer-une-publicite\\\/publication-des-cours-sur-formationcontinue-swiss\\\/\",\"url\":\"https:\\\/\\\/alice.ch\\\/fr\\\/services\\\/placer-une-publicite\\\/publication-des-cours-sur-formationcontinue-swiss\\\/\",\"name\":\"Publication des cours sur formationcontinue.swiss - FSEA\",\"isPartOf\":{\"@id\":\"https:\\\/\\\/alice.ch\\\/fr\\\/#website\"},\"primaryImageOfPage\":{\"@id\":\"https:\\\/\\\/alice.ch\\\/fr\\\/services\\\/placer-une-publicite\\\/publication-des-cours-sur-formationcontinue-swiss\\\/#primaryimage\"},\"image\":{\"@id\":\"https:\\\/\\\/alice.ch\\\/fr\\\/services\\\/placer-une-publicite\\\/publication-des-cours-sur-formationcontinue-swiss\\\/#primaryimage\"},\"thumbnailUrl\":\"https:\\\/\\\/alice.ch\\\/app\\\/uploads\\\/2022\\\/11\\\/default.jpg\",\"datePublished\":\"2023-09-22T15:58:18+00:00\",\"dateModified\":\"2023-12-04T12:35:24+00:00\",\"description\":\"Augmentez la visibilit\u00e9 de vos cours et publiez votre offre de formation continue dans la base de donn\u00e9es de la formation continue.\",\"breadcrumb\":{\"@id\":\"https:\\\/\\\/alice.ch\\\/fr\\\/services\\\/placer-une-publicite\\\/publication-des-cours-sur-formationcontinue-swiss\\\/#breadcrumb\"},\"inLanguage\":\"fr-FR\",\"potentialAction\":[{\"@type\":\"ReadAction\",\"target\":[\"https:\\\/\\\/alice.ch\\\/fr\\\/services\\\/placer-une-publicite\\\/publication-des-cours-sur-formationcontinue-swiss\\\/\"]}]},{\"@type\":\"ImageObject\",\"inLanguage\":\"fr-FR\",\"@id\":\"https:\\\/\\\/alice.ch\\\/fr\\\/services\\\/placer-une-publicite\\\/publication-des-cours-sur-formationcontinue-swiss\\\/#primaryimage\",\"url\":\"https:\\\/\\\/alice.ch\\\/app\\\/uploads\\\/2022\\\/11\\\/default.jpg\",\"contentUrl\":\"https:\\\/\\\/alice.ch\\\/app\\\/uploads\\\/2022\\\/11\\\/default.jpg\",\"width\":1600,\"height\":900},{\"@type\":\"BreadcrumbList\",\"@id\":\"https:\\\/\\\/alice.ch\\\/fr\\\/services\\\/placer-une-publicite\\\/publication-des-cours-sur-formationcontinue-swiss\\\/#breadcrumb\",\"itemListElement\":[{\"@type\":\"ListItem\",\"position\":1,\"name\":\"Page d'accueil\",\"item\":\"https:\\\/\\\/alice.ch\\\/fr\\\/\"},{\"@type\":\"ListItem\",\"position\":2,\"name\":\"Services\",\"item\":\"https:\\\/\\\/alice.ch\\\/fr\\\/services\\\/\"},{\"@type\":\"ListItem\",\"position\":3,\"name\":\"Placer une publicit\u00e9\",\"item\":\"https:\\\/\\\/alice.ch\\\/fr\\\/services\\\/placer-une-publicite\\\/\"},{\"@type\":\"ListItem\",\"position\":4,\"name\":\"Publication des cours sur formationcontinue.swiss\"}]},{\"@type\":\"WebSite\",\"@id\":\"https:\\\/\\\/alice.ch\\\/fr\\\/#website\",\"url\":\"https:\\\/\\\/alice.ch\\\/fr\\\/\",\"name\":\"alice.ch (Adult Learning Information Center) ist das Portal der Weiterbildung in der Schweiz.\",\"description\":\"Schweizerischer Verband f\u00fcr Weiterbildung\",\"publisher\":{\"@id\":\"https:\\\/\\\/alice.ch\\\/fr\\\/#organization\"},\"potentialAction\":[{\"@type\":\"SearchAction\",\"target\":{\"@type\":\"EntryPoint\",\"urlTemplate\":\"https:\\\/\\\/alice.ch\\\/fr\\\/?s={search_term_string}\"},\"query-input\":{\"@type\":\"PropertyValueSpecification\",\"valueRequired\":true,\"valueName\":\"search_term_string\"}}],\"inLanguage\":\"fr-FR\"},{\"@type\":\"Organization\",\"@id\":\"https:\\\/\\\/alice.ch\\\/fr\\\/#organization\",\"name\":\"FSEA F\u00e9d\u00e9ration suisse pour la formation continue\",\"url\":\"https:\\\/\\\/alice.ch\\\/fr\\\/\",\"logo\":{\"@type\":\"ImageObject\",\"inLanguage\":\"fr-FR\",\"@id\":\"https:\\\/\\\/alice.ch\\\/fr\\\/#\\\/schema\\\/logo\\\/image\\\/\",\"url\":\"https:\\\/\\\/alice.ch\\\/app\\\/uploads\\\/2022\\\/07\\\/logo-sveb.png\",\"contentUrl\":\"https:\\\/\\\/alice.ch\\\/app\\\/uploads\\\/2022\\\/07\\\/logo-sveb.png\",\"width\":145,\"height\":64,\"caption\":\"FSEA F\u00e9d\u00e9ration suisse pour la formation continue\"},\"image\":{\"@id\":\"https:\\\/\\\/alice.ch\\\/fr\\\/#\\\/schema\\\/logo\\\/image\\\/\"},\"sameAs\":[\"https:\\\/\\\/www.linkedin.com\\\/company\\\/schweizerischer-verband-fr-weiterbildung-sveb\\\/\"]}]}<\/script>\n<!-- \/ Yoast SEO plugin. -->","yoast_head_json":{"title":"Publication des cours sur formationcontinue.swiss - FSEA","description":"Augmentez la visibilit\u00e9 de vos cours et publiez votre offre de formation continue dans la base de donn\u00e9es de la formation continue.","robots":{"index":"index","follow":"follow","max-snippet":"max-snippet:-1","max-image-preview":"max-image-preview:large","max-video-preview":"max-video-preview:-1"},"canonical":"https:\/\/alice.ch\/fr\/services\/placer-une-publicite\/publication-des-cours-sur-formationcontinue-swiss\/","og_locale":"fr_FR","og_type":"article","og_title":"Publication des cours sur formationcontinue.swiss - FSEA","og_description":"Augmentez la visibilit\u00e9 de vos cours et publiez votre offre de formation continue dans la base de donn\u00e9es de la formation continue.","og_url":"https:\/\/alice.ch\/fr\/services\/placer-une-publicite\/publication-des-cours-sur-formationcontinue-swiss\/","og_site_name":"SVEB","article_modified_time":"2023-12-04T12:35:24+00:00","og_image":[{"width":1600,"height":900,"url":"https:\/\/alice.ch\/app\/uploads\/2022\/11\/default.jpg","type":"image\/jpeg"}],"twitter_card":"summary_large_image","twitter_misc":{"Dur\u00e9e de lecture estim\u00e9e":"1 minute"},"schema":{"@context":"https:\/\/schema.org","@graph":[{"@type":"WebPage","@id":"https:\/\/alice.ch\/fr\/services\/placer-une-publicite\/publication-des-cours-sur-formationcontinue-swiss\/","url":"https:\/\/alice.ch\/fr\/services\/placer-une-publicite\/publication-des-cours-sur-formationcontinue-swiss\/","name":"Publication des cours sur formationcontinue.swiss - FSEA","isPartOf":{"@id":"https:\/\/alice.ch\/fr\/#website"},"primaryImageOfPage":{"@id":"https:\/\/alice.ch\/fr\/services\/placer-une-publicite\/publication-des-cours-sur-formationcontinue-swiss\/#primaryimage"},"image":{"@id":"https:\/\/alice.ch\/fr\/services\/placer-une-publicite\/publication-des-cours-sur-formationcontinue-swiss\/#primaryimage"},"thumbnailUrl":"https:\/\/alice.ch\/app\/uploads\/2022\/11\/default.jpg","datePublished":"2023-09-22T15:58:18+00:00","dateModified":"2023-12-04T12:35:24+00:00","description":"Augmentez la visibilit\u00e9 de vos cours et publiez votre offre de formation continue dans la base de donn\u00e9es de la formation continue.","breadcrumb":{"@id":"https:\/\/alice.ch\/fr\/services\/placer-une-publicite\/publication-des-cours-sur-formationcontinue-swiss\/#breadcrumb"},"inLanguage":"fr-FR","potentialAction":[{"@type":"ReadAction","target":["https:\/\/alice.ch\/fr\/services\/placer-une-publicite\/publication-des-cours-sur-formationcontinue-swiss\/"]}]},{"@type":"ImageObject","inLanguage":"fr-FR","@id":"https:\/\/alice.ch\/fr\/services\/placer-une-publicite\/publication-des-cours-sur-formationcontinue-swiss\/#primaryimage","url":"https:\/\/alice.ch\/app\/uploads\/2022\/11\/default.jpg","contentUrl":"https:\/\/alice.ch\/app\/uploads\/2022\/11\/default.jpg","width":1600,"height":900},{"@type":"BreadcrumbList","@id":"https:\/\/alice.ch\/fr\/services\/placer-une-publicite\/publication-des-cours-sur-formationcontinue-swiss\/#breadcrumb","itemListElement":[{"@type":"ListItem","position":1,"name":"Page d'accueil","item":"https:\/\/alice.ch\/fr\/"},{"@type":"ListItem","position":2,"name":"Services","item":"https:\/\/alice.ch\/fr\/services\/"},{"@type":"ListItem","position":3,"name":"Placer une publicit\u00e9","item":"https:\/\/alice.ch\/fr\/services\/placer-une-publicite\/"},{"@type":"ListItem","position":4,"name":"Publication des cours sur formationcontinue.swiss"}]},{"@type":"WebSite","@id":"https:\/\/alice.ch\/fr\/#website","url":"https:\/\/alice.ch\/fr\/","name":"alice.ch (Adult Learning Information Center) ist das Portal der Weiterbildung in der Schweiz.","description":"Schweizerischer Verband f\u00fcr Weiterbildung","publisher":{"@id":"https:\/\/alice.ch\/fr\/#organization"},"potentialAction":[{"@type":"SearchAction","target":{"@type":"EntryPoint","urlTemplate":"https:\/\/alice.ch\/fr\/?s={search_term_string}"},"query-input":{"@type":"PropertyValueSpecification","valueRequired":true,"valueName":"search_term_string"}}],"inLanguage":"fr-FR"},{"@type":"Organization","@id":"https:\/\/alice.ch\/fr\/#organization","name":"FSEA F\u00e9d\u00e9ration suisse pour la formation continue","url":"https:\/\/alice.ch\/fr\/","logo":{"@type":"ImageObject","inLanguage":"fr-FR","@id":"https:\/\/alice.ch\/fr\/#\/schema\/logo\/image\/","url":"https:\/\/alice.ch\/app\/uploads\/2022\/07\/logo-sveb.png","contentUrl":"https:\/\/alice.ch\/app\/uploads\/2022\/07\/logo-sveb.png","width":145,"height":64,"caption":"FSEA F\u00e9d\u00e9ration suisse pour la formation continue"},"image":{"@id":"https:\/\/alice.ch\/fr\/#\/schema\/logo\/image\/"},"sameAs":["https:\/\/www.linkedin.com\/company\/schweizerischer-verband-fr-weiterbildung-sveb\/"]}]}},"_links":{"self":[{"href":"https:\/\/alice.ch\/fr\/wp-json\/wp\/v2\/pages\/54293","targetHints":{"allow":["GET"]}}],"collection":[{"href":"https:\/\/alice.ch\/fr\/wp-json\/wp\/v2\/pages"}],"about":[{"href":"https:\/\/alice.ch\/fr\/wp-json\/wp\/v2\/types\/page"}],"author":[{"embeddable":true,"href":"https:\/\/alice.ch\/fr\/wp-json\/wp\/v2\/users\/5"}],"replies":[{"embeddable":true,"href":"https:\/\/alice.ch\/fr\/wp-json\/wp\/v2\/comments?post=54293"}],"version-history":[{"count":2,"href":"https:\/\/alice.ch\/fr\/wp-json\/wp\/v2\/pages\/54293\/revisions"}],"predecessor-version":[{"id":54295,"href":"https:\/\/alice.ch\/fr\/wp-json\/wp\/v2\/pages\/54293\/revisions\/54295"}],"up":[{"embeddable":true,"href":"https:\/\/alice.ch\/fr\/wp-json\/wp\/v2\/pages\/11376"}],"wp:featuredmedia":[{"embeddable":true,"href":"https:\/\/alice.ch\/fr\/wp-json\/wp\/v2\/media\/20801"}],"wp:attachment":[{"href":"https:\/\/alice.ch\/fr\/wp-json\/wp\/v2\/media?parent=54293"}],"curies":[{"name":"wp","href":"https:\/\/api.w.org\/{rel}","templated":true}]}}