{"id":54346,"date":"2023-09-13T23:05:54","date_gmt":"2023-09-13T21:05:54","guid":{"rendered":"https:\/\/alice.ch\/?page_id=54346"},"modified":"2023-12-04T09:09:16","modified_gmt":"2023-12-04T08:09:16","slug":"canton-de-schwyz","status":"publish","type":"page","link":"https:\/\/alice.ch\/fr\/services\/projets-de-cheques-de-la-fsea\/canton-de-schwyz\/","title":{"rendered":"Canton de Schwyz"},"content":{"rendered":"\n<div class=\"wp-block-group is-style-reduced-width is-layout-constrained wp-block-group-is-layout-constrained\">\n<h1 class=\"wp-block-heading\">Projet de ch\u00e8que de formation dans le canton de Schwyz<\/h1>\n\n\n\n<h2 class=\"wp-block-heading\">Ch\u00e8ques de formation pour les personnes ayant des comp\u00e9tences de base insuffisantes<\/h2>\n\n\n\n<p>Dans le canton de Schwyz, la formation continue des personnes dont les comp\u00e9tences de base sont insuffisantes est facilit\u00e9e par des ch\u00e8ques de formation. Ces derniers peuvent \u00eatre utilis\u00e9s dans trois cantons: Lucerne, Zoug et Schwyz. Cette offre est donc adapt\u00e9e \u00e0 la mobilit\u00e9 des participant\u00b7e\u00b7s et garantit une offre de cours plus large. La proc\u00e9dure est simple et accessible. Les personnes int\u00e9ress\u00e9es peuvent t\u00e9l\u00e9charger le ch\u00e8que de formation continue et le faire valoir lors de la r\u00e9servation du cours sur la plate-forme <a href=\"https:\/\/www.simplement-mieux.ch\/kurssuche.cfm?page=kanton_landing&amp;kanton=19\" target=\"_blank\" rel=\"noreferrer noopener\">simplement-mieux.ch\/schw<\/a><a href=\"https:\/\/www.simplement-mieux.ch\/kurssuche.cfm?page=kanton_landing&amp;kanton=19\">yz<\/a>. Toute personne qui est dispos\u00e9e \u00e0 faire une auto-d\u00e9claration en ligne et qui r\u00e9pond aux crit\u00e8res du projet peut b\u00e9n\u00e9ficier d\u2019un ch\u00e8que de formation.<\/p>\n\n\n\n<h2 class=\"wp-block-heading\">Description du projet<\/h2>\n\n\n\n<p>Le canton de Schwyz aide les personnes \u00e0 am\u00e9liorer leurs comp\u00e9tences en lecture, \u00e9criture, calcul et utilisation d\u2019un ordinateur. C\u2019est pourquoi il accorde des ch\u00e8ques de formation pour des cours dans le domaine des comp\u00e9tences de base. Un ch\u00e8que a une valeur de 500&nbsp;francs. Les personnes ayant suivi au moins 60% des le\u00e7ons du cours peuvent obtenir la m\u00eame ann\u00e9e un deuxi\u00e8me ch\u00e8que d\u2019une valeur de 500 francs.<\/p>\n\n\n\n<h2 class=\"wp-block-heading\">Plate-forme de cours<\/h2>\n\n\n\n<p>Les ch\u00e8ques de formation peuvent \u00eatre t\u00e9l\u00e9charg\u00e9s sur le site&nbsp;<a href=\"https:\/\/www.besser-jetzt.ch\/kanton_luzern_einstieg.cfm\" target=\"_blank\" rel=\"noreferrer noopener\">simplement-mieux.ch\/schwyz<\/a> puis \u00eatre imprim\u00e9s. Ce site recense aussi toutes les offres de cours pour lesquelles le ch\u00e8que de formation est valable. En font aussi partie les cours qui ont lieu dans les cantons de Lucerne et de Zoug. La gestion des ch\u00e8ques de formation rel\u00e8ve des comp\u00e9tences de la FSEA: elle rembourse le ch\u00e8que aux prestataires de cours et facture mensuellement le canton les montants des bons valid\u00e9s.<\/p>\n\n\n\n<h2 class=\"wp-block-heading\">Groupe cible<\/h2>\n\n\n\n<p>L\u2019offre s\u2019adresse principalement aux personnes qui ont besoin d\u2019am\u00e9liorer leurs comp\u00e9tences de base. Il s\u2019agit par exemple de personnes sans dipl\u00f4me professionnel ou de personnes percevant de bas salaires et qui ne sont pas connect\u00e9es aux technologies num\u00e9riques modernes. Il peut aussi s\u2019agir d\u2019adultes issus de l\u2019immigration.<\/p>\n\n\n\n<p>Crit\u00e8res de participation:<\/p>\n\n\n\n<ul class=\"wp-block-list\">\n<li>personnes aptes au travail \u00e2g\u00e9es de 18 \u00e0 65&nbsp;ans,<\/li>\n\n\n\n<li>personnes qui peuvent communiquer en allemand (niveau linguistique A2 ou sup\u00e9rieur),<\/li>\n\n\n\n<li>personnes domicili\u00e9es dans le canton de Schwyz,<\/li>\n\n\n\n<li>personnes qui ne suivent pas un enseignement de niveau secondaire II (apprentissage, programme passerelle).<\/li>\n<\/ul>\n\n\n\n<h2 class=\"wp-block-heading\">Partenaires<\/h2>\n\n\n\n<p>Le projet a \u00e9t\u00e9 d\u00e9velopp\u00e9 par le canton de Schwyz en collaboration avec la&nbsp;<a href=\"https:\/\/alice.ch\/fr\/fsea-fr\/\">F\u00e9d\u00e9ration suisse pour la formation continue (FSEA)<\/a>&nbsp;et la&nbsp;<a href=\"https:\/\/www.lire-ecrire-suisse.ch\/index.cfm\" target=\"_blank\" rel=\"noreferrer noopener\">F\u00e9d\u00e9ration suisse Lire et \u00c9crire<\/a>. Des synergies ont \u00e9t\u00e9 cr\u00e9\u00e9es avec la campagne nationale <a href=\"https:\/\/www.simplement-mieux.ch\/index.cfm\" target=\"_blank\" rel=\"noreferrer noopener\">\u00abSimplement mieux! \u2026 Lire, \u00e9crire, calculer, ordinateur\u00bb<\/a>&nbsp;via le site Internet cantonal <a href=\"https:\/\/www.simplement-mieux.ch\/kurssuche.cfm?page=kanton_landing&amp;kanton=19\">simplement-mieux.ch\/schwyz<\/a>.<\/p>\n\n\n\n<h2 class=\"wp-block-heading\">Contexte du projet<\/h2>\n\n\n\n<p>Selon les estimations, le canton de Schwyz compte environ 16&nbsp;500&nbsp;adultes avec des comp\u00e9tences de base insuffisantes. Le canton leur vient en aide avec les ch\u00e8ques de formation. Pour \u00e9largir l\u2019offre de cours, le canton de Schwyz travaille en \u00e9troite collaboration avec les cantons de Lucerne et de Zoug. Ainsi, les ch\u00e8ques de formation d\u00e9livr\u00e9s par le canton de Schwyz peuvent aussi \u00eatre utilis\u00e9s dans les cantons de Lucerne et de Zoug.<\/p>\n\n\n\n<h2 class=\"wp-block-heading\">Lancement du projet<\/h2>\n\n\n\n<p>Le canton de Schwyz d\u00e9livre des ch\u00e8ques de formation pour des cours de comp\u00e9tences de base depuis septembre 2023. L\u2019objectif est d\u2019am\u00e9liorer l\u2019employabilit\u00e9 du groupe cible. Le concept d\u2019employabilit\u00e9 signifie pouvoir s\u2019int\u00e9grer avec succ\u00e8s sur le march\u00e9 du travail et s\u2019adapter \u00e0 ses changements. Le canton mise ainsi sur une mesure positive pour d\u00e9velopper l\u2019employabilit\u00e9.<\/p>\n\n\n\n<h2 class=\"wp-block-heading\">Contact<\/h2>\n\n\n<div class=\"contact-persons\">\n\n\t\t\t\t\t<div class=\"contact-person\">\n\t\t\t\t\tBirte Theiler<br \/>\t\t\t\t\tResponsable du domaine ch\u00e8ques de formation<br \/>\t\t\t\t\t<br \/>\n\t\t\t\t\t\t\t\t\t\t<a href=\"tel:+41 (0)44 319 71 57\">+41 (0)44 319 71 57<\/a><br \/>\t\t\t\t\t<a href=\"mailto:birte.theiler@alice.ch\">birte.theiler@alice.ch<\/a><br \/>\t\t\t\t\t<\/div>\n\t\t\t\t\t<\/div>\n<\/div>\n","protected":false},"excerpt":{"rendered":"<p>Projet de ch\u00e8que de formation dans le canton de Schwyz Ch\u00e8ques de formation pour les personnes ayant des comp\u00e9tences de [&hellip;]<\/p>\n","protected":false},"author":5,"featured_media":20799,"parent":11312,"menu_order":194,"comment_status":"closed","ping_status":"closed","template":"","meta":{"_acf_changed":false,"inline_featured_image":false,"footnotes":""},"class_list":["post-54346","page","type-page","status-publish","has-post-thumbnail","hentry"],"acf":[],"yoast_head":"<!-- This site is optimized with the Yoast SEO plugin v27.3 - https:\/\/yoast.com\/product\/yoast-seo-wordpress\/ -->\n<title>Canton de Schwyz - FSEA<\/title>\n<meta name=\"description\" content=\"D\u00e9couvrez ici qui peut b\u00e9n\u00e9ficier des bons de formation continue, quelle est leur valeur et o\u00f9 ils peuvent \u00eatre obtenus.\" \/>\n<meta name=\"robots\" content=\"index, follow, max-snippet:-1, max-image-preview:large, max-video-preview:-1\" \/>\n<link rel=\"canonical\" href=\"https:\/\/alice.ch\/fr\/services\/projets-de-cheques-de-la-fsea\/canton-de-schwyz\/\" \/>\n<meta property=\"og:locale\" content=\"fr_FR\" \/>\n<meta property=\"og:type\" content=\"article\" \/>\n<meta property=\"og:title\" content=\"Canton de Schwyz - FSEA\" \/>\n<meta property=\"og:description\" content=\"D\u00e9couvrez ici qui peut b\u00e9n\u00e9ficier des bons de formation continue, quelle est leur valeur et o\u00f9 ils peuvent \u00eatre obtenus.\" \/>\n<meta property=\"og:url\" content=\"https:\/\/alice.ch\/fr\/services\/projets-de-cheques-de-la-fsea\/canton-de-schwyz\/\" \/>\n<meta property=\"og:site_name\" content=\"SVEB\" \/>\n<meta property=\"article:modified_time\" content=\"2023-12-04T08:09:16+00:00\" \/>\n<meta name=\"twitter:card\" content=\"summary_large_image\" \/>\n<meta name=\"twitter:label1\" content=\"Dur\u00e9e de lecture estim\u00e9e\" \/>\n\t<meta name=\"twitter:data1\" content=\"3 minutes\" \/>\n<script type=\"application\/ld+json\" class=\"yoast-schema-graph\">{\"@context\":\"https:\\\/\\\/schema.org\",\"@graph\":[{\"@type\":\"WebPage\",\"@id\":\"https:\\\/\\\/alice.ch\\\/fr\\\/services\\\/projets-de-cheques-de-la-fsea\\\/canton-de-schwyz\\\/\",\"url\":\"https:\\\/\\\/alice.ch\\\/fr\\\/services\\\/projets-de-cheques-de-la-fsea\\\/canton-de-schwyz\\\/\",\"name\":\"Canton de Schwyz - FSEA\",\"isPartOf\":{\"@id\":\"https:\\\/\\\/alice.ch\\\/fr\\\/#website\"},\"primaryImageOfPage\":{\"@id\":\"https:\\\/\\\/alice.ch\\\/fr\\\/services\\\/projets-de-cheques-de-la-fsea\\\/canton-de-schwyz\\\/#primaryimage\"},\"image\":{\"@id\":\"https:\\\/\\\/alice.ch\\\/fr\\\/services\\\/projets-de-cheques-de-la-fsea\\\/canton-de-schwyz\\\/#primaryimage\"},\"thumbnailUrl\":\"https:\\\/\\\/alice.ch\\\/app\\\/uploads\\\/2022\\\/11\\\/default.jpg\",\"datePublished\":\"2023-09-13T21:05:54+00:00\",\"dateModified\":\"2023-12-04T08:09:16+00:00\",\"description\":\"D\u00e9couvrez ici qui peut b\u00e9n\u00e9ficier des bons de formation continue, quelle est leur valeur et o\u00f9 ils peuvent \u00eatre obtenus.\",\"breadcrumb\":{\"@id\":\"https:\\\/\\\/alice.ch\\\/fr\\\/services\\\/projets-de-cheques-de-la-fsea\\\/canton-de-schwyz\\\/#breadcrumb\"},\"inLanguage\":\"fr-FR\",\"potentialAction\":[{\"@type\":\"ReadAction\",\"target\":[\"https:\\\/\\\/alice.ch\\\/fr\\\/services\\\/projets-de-cheques-de-la-fsea\\\/canton-de-schwyz\\\/\"]}]},{\"@type\":\"ImageObject\",\"inLanguage\":\"fr-FR\",\"@id\":\"https:\\\/\\\/alice.ch\\\/fr\\\/services\\\/projets-de-cheques-de-la-fsea\\\/canton-de-schwyz\\\/#primaryimage\",\"url\":\"https:\\\/\\\/alice.ch\\\/app\\\/uploads\\\/2022\\\/11\\\/default.jpg\",\"contentUrl\":\"https:\\\/\\\/alice.ch\\\/app\\\/uploads\\\/2022\\\/11\\\/default.jpg\",\"width\":1600,\"height\":900},{\"@type\":\"BreadcrumbList\",\"@id\":\"https:\\\/\\\/alice.ch\\\/fr\\\/services\\\/projets-de-cheques-de-la-fsea\\\/canton-de-schwyz\\\/#breadcrumb\",\"itemListElement\":[{\"@type\":\"ListItem\",\"position\":1,\"name\":\"Page d'accueil\",\"item\":\"https:\\\/\\\/alice.ch\\\/fr\\\/\"},{\"@type\":\"ListItem\",\"position\":2,\"name\":\"Services\",\"item\":\"https:\\\/\\\/alice.ch\\\/fr\\\/services\\\/\"},{\"@type\":\"ListItem\",\"position\":3,\"name\":\"Projets de ch\u00e8ques de la FSEA\",\"item\":\"https:\\\/\\\/alice.ch\\\/fr\\\/services\\\/projets-de-cheques-de-la-fsea\\\/\"},{\"@type\":\"ListItem\",\"position\":4,\"name\":\"Canton de Schwyz\"}]},{\"@type\":\"WebSite\",\"@id\":\"https:\\\/\\\/alice.ch\\\/fr\\\/#website\",\"url\":\"https:\\\/\\\/alice.ch\\\/fr\\\/\",\"name\":\"alice.ch (Adult Learning Information Center) ist das Portal der Weiterbildung in der Schweiz.\",\"description\":\"Schweizerischer Verband f\u00fcr Weiterbildung\",\"publisher\":{\"@id\":\"https:\\\/\\\/alice.ch\\\/fr\\\/#organization\"},\"potentialAction\":[{\"@type\":\"SearchAction\",\"target\":{\"@type\":\"EntryPoint\",\"urlTemplate\":\"https:\\\/\\\/alice.ch\\\/fr\\\/?s={search_term_string}\"},\"query-input\":{\"@type\":\"PropertyValueSpecification\",\"valueRequired\":true,\"valueName\":\"search_term_string\"}}],\"inLanguage\":\"fr-FR\"},{\"@type\":\"Organization\",\"@id\":\"https:\\\/\\\/alice.ch\\\/fr\\\/#organization\",\"name\":\"FSEA F\u00e9d\u00e9ration suisse pour la formation continue\",\"url\":\"https:\\\/\\\/alice.ch\\\/fr\\\/\",\"logo\":{\"@type\":\"ImageObject\",\"inLanguage\":\"fr-FR\",\"@id\":\"https:\\\/\\\/alice.ch\\\/fr\\\/#\\\/schema\\\/logo\\\/image\\\/\",\"url\":\"https:\\\/\\\/alice.ch\\\/app\\\/uploads\\\/2022\\\/07\\\/logo-sveb.png\",\"contentUrl\":\"https:\\\/\\\/alice.ch\\\/app\\\/uploads\\\/2022\\\/07\\\/logo-sveb.png\",\"width\":145,\"height\":64,\"caption\":\"FSEA F\u00e9d\u00e9ration suisse pour la formation continue\"},\"image\":{\"@id\":\"https:\\\/\\\/alice.ch\\\/fr\\\/#\\\/schema\\\/logo\\\/image\\\/\"},\"sameAs\":[\"https:\\\/\\\/www.linkedin.com\\\/company\\\/schweizerischer-verband-fr-weiterbildung-sveb\\\/\"]}]}<\/script>\n<!-- \/ Yoast SEO plugin. -->","yoast_head_json":{"title":"Canton de Schwyz - FSEA","description":"D\u00e9couvrez ici qui peut b\u00e9n\u00e9ficier des bons de formation continue, quelle est leur valeur et o\u00f9 ils peuvent \u00eatre obtenus.","robots":{"index":"index","follow":"follow","max-snippet":"max-snippet:-1","max-image-preview":"max-image-preview:large","max-video-preview":"max-video-preview:-1"},"canonical":"https:\/\/alice.ch\/fr\/services\/projets-de-cheques-de-la-fsea\/canton-de-schwyz\/","og_locale":"fr_FR","og_type":"article","og_title":"Canton de Schwyz - FSEA","og_description":"D\u00e9couvrez ici qui peut b\u00e9n\u00e9ficier des bons de formation continue, quelle est leur valeur et o\u00f9 ils peuvent \u00eatre obtenus.","og_url":"https:\/\/alice.ch\/fr\/services\/projets-de-cheques-de-la-fsea\/canton-de-schwyz\/","og_site_name":"SVEB","article_modified_time":"2023-12-04T08:09:16+00:00","twitter_card":"summary_large_image","twitter_misc":{"Dur\u00e9e de lecture estim\u00e9e":"3 minutes"},"schema":{"@context":"https:\/\/schema.org","@graph":[{"@type":"WebPage","@id":"https:\/\/alice.ch\/fr\/services\/projets-de-cheques-de-la-fsea\/canton-de-schwyz\/","url":"https:\/\/alice.ch\/fr\/services\/projets-de-cheques-de-la-fsea\/canton-de-schwyz\/","name":"Canton de Schwyz - FSEA","isPartOf":{"@id":"https:\/\/alice.ch\/fr\/#website"},"primaryImageOfPage":{"@id":"https:\/\/alice.ch\/fr\/services\/projets-de-cheques-de-la-fsea\/canton-de-schwyz\/#primaryimage"},"image":{"@id":"https:\/\/alice.ch\/fr\/services\/projets-de-cheques-de-la-fsea\/canton-de-schwyz\/#primaryimage"},"thumbnailUrl":"https:\/\/alice.ch\/app\/uploads\/2022\/11\/default.jpg","datePublished":"2023-09-13T21:05:54+00:00","dateModified":"2023-12-04T08:09:16+00:00","description":"D\u00e9couvrez ici qui peut b\u00e9n\u00e9ficier des bons de formation continue, quelle est leur valeur et o\u00f9 ils peuvent \u00eatre obtenus.","breadcrumb":{"@id":"https:\/\/alice.ch\/fr\/services\/projets-de-cheques-de-la-fsea\/canton-de-schwyz\/#breadcrumb"},"inLanguage":"fr-FR","potentialAction":[{"@type":"ReadAction","target":["https:\/\/alice.ch\/fr\/services\/projets-de-cheques-de-la-fsea\/canton-de-schwyz\/"]}]},{"@type":"ImageObject","inLanguage":"fr-FR","@id":"https:\/\/alice.ch\/fr\/services\/projets-de-cheques-de-la-fsea\/canton-de-schwyz\/#primaryimage","url":"https:\/\/alice.ch\/app\/uploads\/2022\/11\/default.jpg","contentUrl":"https:\/\/alice.ch\/app\/uploads\/2022\/11\/default.jpg","width":1600,"height":900},{"@type":"BreadcrumbList","@id":"https:\/\/alice.ch\/fr\/services\/projets-de-cheques-de-la-fsea\/canton-de-schwyz\/#breadcrumb","itemListElement":[{"@type":"ListItem","position":1,"name":"Page d'accueil","item":"https:\/\/alice.ch\/fr\/"},{"@type":"ListItem","position":2,"name":"Services","item":"https:\/\/alice.ch\/fr\/services\/"},{"@type":"ListItem","position":3,"name":"Projets de ch\u00e8ques de la FSEA","item":"https:\/\/alice.ch\/fr\/services\/projets-de-cheques-de-la-fsea\/"},{"@type":"ListItem","position":4,"name":"Canton de Schwyz"}]},{"@type":"WebSite","@id":"https:\/\/alice.ch\/fr\/#website","url":"https:\/\/alice.ch\/fr\/","name":"alice.ch (Adult Learning Information Center) ist das Portal der Weiterbildung in der Schweiz.","description":"Schweizerischer Verband f\u00fcr Weiterbildung","publisher":{"@id":"https:\/\/alice.ch\/fr\/#organization"},"potentialAction":[{"@type":"SearchAction","target":{"@type":"EntryPoint","urlTemplate":"https:\/\/alice.ch\/fr\/?s={search_term_string}"},"query-input":{"@type":"PropertyValueSpecification","valueRequired":true,"valueName":"search_term_string"}}],"inLanguage":"fr-FR"},{"@type":"Organization","@id":"https:\/\/alice.ch\/fr\/#organization","name":"FSEA F\u00e9d\u00e9ration suisse pour la formation continue","url":"https:\/\/alice.ch\/fr\/","logo":{"@type":"ImageObject","inLanguage":"fr-FR","@id":"https:\/\/alice.ch\/fr\/#\/schema\/logo\/image\/","url":"https:\/\/alice.ch\/app\/uploads\/2022\/07\/logo-sveb.png","contentUrl":"https:\/\/alice.ch\/app\/uploads\/2022\/07\/logo-sveb.png","width":145,"height":64,"caption":"FSEA F\u00e9d\u00e9ration suisse pour la formation continue"},"image":{"@id":"https:\/\/alice.ch\/fr\/#\/schema\/logo\/image\/"},"sameAs":["https:\/\/www.linkedin.com\/company\/schweizerischer-verband-fr-weiterbildung-sveb\/"]}]}},"_links":{"self":[{"href":"https:\/\/alice.ch\/fr\/wp-json\/wp\/v2\/pages\/54346","targetHints":{"allow":["GET"]}}],"collection":[{"href":"https:\/\/alice.ch\/fr\/wp-json\/wp\/v2\/pages"}],"about":[{"href":"https:\/\/alice.ch\/fr\/wp-json\/wp\/v2\/types\/page"}],"author":[{"embeddable":true,"href":"https:\/\/alice.ch\/fr\/wp-json\/wp\/v2\/users\/5"}],"replies":[{"embeddable":true,"href":"https:\/\/alice.ch\/fr\/wp-json\/wp\/v2\/comments?post=54346"}],"version-history":[{"count":3,"href":"https:\/\/alice.ch\/fr\/wp-json\/wp\/v2\/pages\/54346\/revisions"}],"predecessor-version":[{"id":54352,"href":"https:\/\/alice.ch\/fr\/wp-json\/wp\/v2\/pages\/54346\/revisions\/54352"}],"up":[{"embeddable":true,"href":"https:\/\/alice.ch\/fr\/wp-json\/wp\/v2\/pages\/11312"}],"wp:featuredmedia":[{"embeddable":true,"href":"https:\/\/alice.ch\/fr\/wp-json\/wp\/v2\/media\/20799"}],"wp:attachment":[{"href":"https:\/\/alice.ch\/fr\/wp-json\/wp\/v2\/media?parent=54346"}],"curies":[{"name":"wp","href":"https:\/\/api.w.org\/{rel}","templated":true}]}}