{"id":54749,"date":"2023-10-11T19:26:54","date_gmt":"2023-10-11T17:26:54","guid":{"rendered":"https:\/\/alice.ch\/?page_id=54749"},"modified":"2025-09-22T14:27:52","modified_gmt":"2025-09-22T12:27:52","slug":"annonce-dans-la-newsletter","status":"publish","type":"page","link":"https:\/\/alice.ch\/fr\/services\/placer-une-publicite\/annonce-dans-la-newsletter\/","title":{"rendered":"Annonce dans la newsletter"},"content":{"rendered":"\n<div class=\"wp-block-group is-style-reduced-width is-layout-flow wp-block-group-is-layout-flow\">\n<h1 class=\"wp-block-heading\">Newsletter de la FSEA<\/h1>\n\n\n\n<p class=\"is-style-lead\">Avec la\u00a0<a href=\"https:\/\/alice.ch\/fr\/actualite\/newsletter\/\">newsletter de la FSEA<\/a>, vous avez acc\u00e8s \u00e0 environ 9700 professionnelles et professionnels et personnes int\u00e9ress\u00e9es du domaine de la formation. La newsletter est diffus\u00e9e 11 fois par an \u00e0 une liste d&rsquo;abonn\u00e9es et abonn\u00e9s et aborde des th\u00e8mes et d\u00e9veloppements d\u2019actualit\u00e9 de la formation continue.<\/p>\n\n\n\n<p>Par newsletter, six emplacements d\u2019annonces au maximum sont disponibles. Afin de toucher  votre groupe cible \u00e0 l\u2019\u00e9chelle r\u00e9gionale, vous disposez des versions fran\u00e7aise, allemande et italienne. <\/p>\n\n\n\n<h2 class=\"wp-block-heading\">Dates<\/h2>\n\n\n\n<figure class=\"wp-block-table is-style-stripes\"><table><tbody><tr><td><strong><strong>\u00c9ditions<\/strong><\/strong><\/td><td><strong><strong>D\u00e9lais pour les annonces<\/strong><\/strong><\/td><td><strong>Versand<\/strong><\/td><\/tr><tr><td>Newsletter 2025\/09<\/td><td>23.09.2025<\/td><td>25.09.2025<\/td><\/tr><tr><td>Newsletter 2025\/10<\/td><td>28.10.2025<\/td><td>30.10.2025<\/td><\/tr><tr><td>Newsletter 2025\/11<\/td><td>25.11.2025<\/td><td>27.11.2025<\/td><\/tr><tr><td>Newsletter 2025\/12<\/td><td>12.12.2025<\/td><td>16.12.2025<\/td><\/tr><tr><td>Newsletter 2026\/01<\/td><td>27.01.2026<\/td><td>29.01.2026<\/td><\/tr><tr><td>Newsletter 2026\/02<\/td><td>24.02.2026<\/td><td>26.02.2026<\/td><\/tr><tr><td>Newsletter 2026\/03<\/td><td>24.03.2026<\/td><td>26.03.2026<\/td><\/tr><tr><td>Newsletter 2026\/04<\/td><td>28.04.2026<\/td><td>30.04.2026<\/td><\/tr><tr><td>Newsletter 2026\/05<\/td><td>26.05.2026<\/td><td>28.05.2026<\/td><\/tr><tr><td>Newsletter 2026\/06<\/td><td>23.06.2026<\/td><td>25.06.2026<\/td><\/tr><tr><td>Newsletter 2026\/07-08<\/td><td>24.08.2026<\/td><td>27.08.2026<\/td><\/tr><tr><td>Newsletter 2026\/09<\/td><td>22.09.2026<\/td><td>24.09.2026<\/td><\/tr><tr><td>Newsletter 2026\/10<\/td><td>27.10.2026<\/td><td>29.10.2026<\/td><\/tr><tr><td>Newsletter 2026\/11<\/td><td>24.11.2026<\/td><td>26.11.2026<\/td><\/tr><tr><td>Newsletter 2026\/12<\/td><td>15.12.2026<\/td><td>17.12.2026<\/td><\/tr><\/tbody><\/table><\/figure>\n<\/div>\n\n\n\n<div class=\"wp-block-group is-style-reduced-width is-layout-flow wp-block-group-is-layout-flow\">\n<h2 class=\"wp-block-heading\">Livraison des donn\u00e9es<\/h2>\n\n\n\n<p>Logo-texte-annonce : texte avec 200 signes maximum y compris les espaces, logo ou image<br>dans un document word, eps, jpg ou png.<br>Annonce en image : format 570&#215;185 px, document jpg, png ou eps.<\/p>\n\n\n\n<div class=\"wp-block-contact-form-7-contact-form-selector\">\n<div class=\"wpcf7 no-js\" id=\"wpcf7-f17445-o1\" lang=\"de-DE\" dir=\"ltr\" data-wpcf7-id=\"17445\">\n<div class=\"screen-reader-response\"><p role=\"status\" aria-live=\"polite\" aria-atomic=\"true\"><\/p> <ul><\/ul><\/div>\n<form action=\"\/fr\/wp-json\/wp\/v2\/pages\/54749#wpcf7-f17445-o1\" method=\"post\" class=\"wpcf7-form init\" aria-label=\"Kontaktformular\" novalidate=\"novalidate\" data-status=\"init\">\n<fieldset class=\"hidden-fields-container\"><input type=\"hidden\" name=\"_wpcf7\" value=\"17445\" \/><input type=\"hidden\" name=\"_wpcf7_version\" value=\"6.1.5\" \/><input type=\"hidden\" name=\"_wpcf7_locale\" value=\"de_DE\" \/><input type=\"hidden\" name=\"_wpcf7_unit_tag\" value=\"wpcf7-f17445-o1\" \/><input type=\"hidden\" name=\"_wpcf7_container_post\" value=\"0\" \/><input type=\"hidden\" name=\"_wpcf7_posted_data_hash\" value=\"\" \/>\n<\/fieldset>\n<p><label>Quelle version linguistique ?*<\/label><br \/>\n<span class=\"wpcf7-form-control-wrap\" data-name=\"checkbox-190\"><span class=\"wpcf7-form-control wpcf7-checkbox wpcf7-validates-as-required\"><span class=\"wpcf7-list-item first\"><label><input type=\"checkbox\" name=\"checkbox-190[]\" value=\"Suisse enti\u00e8re (8420 adresses) : CHF 640.\u2013\" \/><span class=\"wpcf7-list-item-label\">Suisse enti\u00e8re (8420 adresses) : CHF 640.\u2013<\/span><\/label><\/span><span class=\"wpcf7-list-item\"><label><input type=\"checkbox\" name=\"checkbox-190[]\" value=\"\u00c9dition germanophone (5940 adresses) : CHF 500.\u2013\" \/><span class=\"wpcf7-list-item-label\">\u00c9dition germanophone (5940 adresses) : CHF 500.\u2013<\/span><\/label><\/span><span class=\"wpcf7-list-item\"><label><input type=\"checkbox\" name=\"checkbox-190[]\" value=\"\u00c9dition francophone (2030 adresses) : CHF 240.\u2013\" \/><span class=\"wpcf7-list-item-label\">\u00c9dition francophone (2030 adresses) : CHF 240.\u2013<\/span><\/label><\/span><span class=\"wpcf7-list-item last\"><label><input type=\"checkbox\" name=\"checkbox-190[]\" value=\"\u00c9dition italophone (450 adresses) : CHF 130.\u2013\" \/><span class=\"wpcf7-list-item-label\">\u00c9dition italophone (450 adresses) : CHF 130.\u2013<\/span><\/label><\/span><\/span><\/span>\n<\/p>\n<p><label>Quelle \u00e9dition ?*<br \/>\n<span class=\"wpcf7-form-control-wrap\" data-name=\"Ausgaben\"><input size=\"40\" maxlength=\"400\" class=\"wpcf7-form-control wpcf7-text wpcf7-validates-as-required\" aria-required=\"true\" aria-invalid=\"false\" placeholder=\"janvier \u00e0 d\u00e9cembre\" value=\"\" type=\"text\" name=\"Ausgaben\" \/><\/span><\/label><br \/>\n<label>Organisation*<br \/>\n<span class=\"wpcf7-form-control-wrap\" data-name=\"your-organisation\"><input size=\"40\" maxlength=\"400\" class=\"wpcf7-form-control wpcf7-text wpcf7-validates-as-required\" aria-required=\"true\" aria-invalid=\"false\" placeholder=\"Votre organisation\" value=\"\" type=\"text\" name=\"your-organisation\" \/><\/span><\/label><br \/>\n<label>Salutation*<br \/>\n<span class=\"wpcf7-form-control-wrap\" data-name=\"salutation\"><input size=\"40\" maxlength=\"400\" class=\"wpcf7-form-control wpcf7-text wpcf7-validates-as-required\" aria-required=\"true\" aria-invalid=\"false\" placeholder=\"Madame\" value=\"\" type=\"text\" name=\"salutation\" \/><\/span><\/label><br \/>\n<label>Pr\u00e9nom*<br \/>\n<span class=\"wpcf7-form-control-wrap\" data-name=\"your-forename\"><input size=\"40\" maxlength=\"400\" class=\"wpcf7-form-control wpcf7-text wpcf7-validates-as-required\" aria-required=\"true\" aria-invalid=\"false\" placeholder=\"Petra\" value=\"\" type=\"text\" name=\"your-forename\" \/><\/span><\/label><br \/>\n<label>Nom*<br \/>\n<span class=\"wpcf7-form-control-wrap\" data-name=\"your-name\"><input size=\"40\" maxlength=\"400\" class=\"wpcf7-form-control wpcf7-text wpcf7-validates-as-required\" aria-required=\"true\" aria-invalid=\"false\" placeholder=\"Muster\" value=\"\" type=\"text\" name=\"your-name\" \/><\/span><\/label><br \/>\n<label>Rue et no<br \/>\n<span class=\"wpcf7-form-control-wrap\" data-name=\"Strasse\"><input size=\"40\" maxlength=\"400\" class=\"wpcf7-form-control wpcf7-text\" aria-invalid=\"false\" placeholder=\"Rue de Gen\u00e8ve 88b\" value=\"\" type=\"text\" name=\"Strasse\" \/><\/span><\/label><br \/>\n<label>NPA et lieu<br \/>\n<span class=\"wpcf7-form-control-wrap\" data-name=\"PLZ\"><input size=\"40\" maxlength=\"400\" class=\"wpcf7-form-control wpcf7-text\" aria-invalid=\"false\" placeholder=\"1004 Lausanne\" value=\"\" type=\"text\" name=\"PLZ\" \/><\/span><\/label><br \/>\n<label>Num\u00e9ro de t\u00e9l\u00e9phone*<br \/>\n<span class=\"wpcf7-form-control-wrap\" data-name=\"tel-203\"><input size=\"40\" maxlength=\"400\" class=\"wpcf7-form-control wpcf7-tel wpcf7-validates-as-required wpcf7-text wpcf7-validates-as-tel\" aria-required=\"true\" aria-invalid=\"false\" placeholder=\"+41 (0)44 319 71 71\" value=\"\" type=\"tel\" name=\"tel-203\" \/><\/span><\/label><br \/>\n<label>Adresse \u00e9lectronique*<br \/>\n<span class=\"wpcf7-form-control-wrap\" data-name=\"your-email\"><input size=\"40\" maxlength=\"400\" class=\"wpcf7-form-control wpcf7-email wpcf7-validates-as-required wpcf7-text wpcf7-validates-as-email\" aria-required=\"true\" aria-invalid=\"false\" placeholder=\"petra.muster@alice.ch\" value=\"\" type=\"email\" name=\"your-email\" \/><\/span> <\/label><br \/>\n<label>Votre commentaire<br \/>\n<span class=\"wpcf7-form-control-wrap\" data-name=\"your-message\"><textarea cols=\"40\" rows=\"10\" maxlength=\"2000\" class=\"wpcf7-form-control wpcf7-textarea\" aria-invalid=\"false\" placeholder=\"Votre commentaire\" name=\"your-message\"><\/textarea><\/span> <\/label><br \/>\n<span class=\"wpcf7-form-control-wrap\" data-name=\"checkbox-911\"><span class=\"wpcf7-form-control wpcf7-checkbox\"><span class=\"wpcf7-list-item first last\"><label><input type=\"checkbox\" name=\"checkbox-911[]\" value=\"Oui, je suis membre de la FSEA.\" \/><span class=\"wpcf7-list-item-label\">Oui, je suis membre de la FSEA.<\/span><\/label><\/span><\/span><\/span>\n<\/p>\n<p><span id=\"wpcf7-69ef7448d6c09-wrapper\" class=\"wpcf7-form-control-wrap honeypot-114-wrap\" style=\"display:none !important; visibility:hidden !important;\"><label for=\"wpcf7-69ef7448d6c09-field\" class=\"hp-message\">Bitte lasse dieses Feld leer.<\/label><input id=\"wpcf7-69ef7448d6c09-field\"  class=\"wpcf7-form-control wpcf7-text\" type=\"text\" name=\"honeypot-114\" value=\"\" size=\"40\" tabindex=\"-1\" autocomplete=\"new-password\" \/><\/span>\n<\/p>\n<p><input class=\"wpcf7-form-control wpcf7-submit has-spinner\" type=\"submit\" value=\"Envoyer\" \/><br \/>\n*Champs obligatoires\n<\/p><div class=\"cf7-cookie-message\" style=\"margin-top:1em;color:#000;\">Merci d\u2019accepter les cookies afin de pouvoir soumettre le formulaire.<\/div><div class=\"wpcf7-response-output\" aria-hidden=\"true\"><\/div>\n<\/form>\n<\/div>\n<\/div>\n\n\n\n<div style=\"height:34px\" aria-hidden=\"true\" class=\"wp-block-spacer\"><\/div>\n\n\n\n<h2 class=\"wp-block-heading\">Options publicitaires \u00e0 la FSEA<\/h2>\n\n\n\n<div class=\"wp-block-columns is-layout-flex wp-container-core-columns-is-layout-28f84493 wp-block-columns-is-layout-flex\">\n<div class=\"wp-block-column is-layout-flow wp-block-column-is-layout-flow\" style=\"flex-basis:50%\">\n<div class=\"wp-block-file\"><a id=\"wp-block-file--media-f0c2031b-f55d-4e3c-830f-482f01742f78\" href=\"https:\/\/alice.ch\/app\/uploads\/2024\/11\/options-publicitaires-2025-fsea.pdf\">Options publicitaires \u00e0 la FSEA 2025<br \/>PDF &#8211; 2 Mo<\/a><\/div>\n<\/div>\n\n\n\n<div class=\"wp-block-column is-layout-flow wp-block-column-is-layout-flow\" style=\"flex-basis:50%\">\n<div class=\"wp-block-file\"><a id=\"wp-block-file--media-85bc994c-c21d-4b6e-9d38-3e5c391a55f8\" href=\"https:\/\/alice.ch\/app\/uploads\/2025\/09\/fsea-options-publicitaires-2026.pdf\">Options publicitaires \u00e0 la FSEA 2026<br \/>PDF &#8211; 386 kb<\/a><\/div>\n<\/div>\n<\/div>\n\n\n\n<h2 class=\"wp-block-heading\">Contact annonces publicitaires<\/h2>\n\n\n\n<div class=\"wp-block-columns is-layout-flex wp-container-core-columns-is-layout-28f84493 wp-block-columns-is-layout-flex\">\n<div class=\"wp-block-column is-layout-flow wp-block-column-is-layout-flow\" style=\"flex-basis:50%\"><div class=\"contact-persons\">\n\n\t\t\t\t\t<div class=\"contact-person\">\n\t\t\t\t\tMarie Gandola<br \/>\t\t\t\t\tAssistante de Direction   Coordinatrice FFA Romandie<br \/>\t\t\t\t\t<br \/>\n\t\t\t\t\t\t\t\t\t\t<a href=\"tel:+41 (0)22 994 20 10\">+41 (0)22 994 20 10<\/a><br \/>\t\t\t\t\t<a href=\"mailto:marie.gandola@alice.ch\">marie.gandola@alice.ch<\/a><br \/>\t\t\t\t\t<\/div>\n\t\t\t\t\t<\/div>\n<\/div>\n\n\n\n<div class=\"wp-block-column is-layout-flow wp-block-column-is-layout-flow\" style=\"flex-basis:50%\"><\/div>\n<\/div>\n<\/div>\n","protected":false},"excerpt":{"rendered":"<p>Newsletter de la FSEA Avec la\u00a0newsletter de la FSEA, vous avez acc\u00e8s \u00e0 environ 9700 professionnelles et professionnels et personnes [&hellip;]<\/p>\n","protected":false},"author":5,"featured_media":20799,"parent":11376,"menu_order":174,"comment_status":"closed","ping_status":"closed","template":"","meta":{"_acf_changed":false,"inline_featured_image":false,"footnotes":""},"class_list":["post-54749","page","type-page","status-publish","has-post-thumbnail","hentry"],"acf":[],"yoast_head":"<!-- This site is optimized with the Yoast SEO plugin v27.3 - https:\/\/yoast.com\/product\/yoast-seo-wordpress\/ -->\n<title>Annonce dans la newsletter - FSEA<\/title>\n<meta name=\"description\" content=\"Avec une annonce dans la newsletter de la FSEA, vous atteignez environ 8000 professionnels sans perte de diffusion. Conditions et dates ici.\" \/>\n<meta name=\"robots\" content=\"index, follow, max-snippet:-1, max-image-preview:large, max-video-preview:-1\" \/>\n<link rel=\"canonical\" href=\"https:\/\/alice.ch\/fr\/services\/placer-une-publicite\/annonce-dans-la-newsletter\/\" \/>\n<meta property=\"og:locale\" content=\"fr_FR\" \/>\n<meta property=\"og:type\" content=\"article\" \/>\n<meta property=\"og:title\" content=\"Annonce dans la newsletter - FSEA\" \/>\n<meta property=\"og:description\" content=\"Avec une annonce dans la newsletter de la FSEA, vous atteignez environ 8000 professionnels sans perte de diffusion. Conditions et dates ici.\" \/>\n<meta property=\"og:url\" content=\"https:\/\/alice.ch\/fr\/services\/placer-une-publicite\/annonce-dans-la-newsletter\/\" \/>\n<meta property=\"og:site_name\" content=\"SVEB\" \/>\n<meta property=\"article:modified_time\" content=\"2025-09-22T12:27:52+00:00\" \/>\n<meta name=\"twitter:card\" content=\"summary_large_image\" \/>\n<meta name=\"twitter:label1\" content=\"Dur\u00e9e de lecture estim\u00e9e\" \/>\n\t<meta name=\"twitter:data1\" content=\"1 minute\" \/>\n<script type=\"application\/ld+json\" class=\"yoast-schema-graph\">{\"@context\":\"https:\\\/\\\/schema.org\",\"@graph\":[{\"@type\":\"WebPage\",\"@id\":\"https:\\\/\\\/alice.ch\\\/fr\\\/services\\\/placer-une-publicite\\\/annonce-dans-la-newsletter\\\/\",\"url\":\"https:\\\/\\\/alice.ch\\\/fr\\\/services\\\/placer-une-publicite\\\/annonce-dans-la-newsletter\\\/\",\"name\":\"Annonce dans la newsletter - FSEA\",\"isPartOf\":{\"@id\":\"https:\\\/\\\/alice.ch\\\/fr\\\/#website\"},\"primaryImageOfPage\":{\"@id\":\"https:\\\/\\\/alice.ch\\\/fr\\\/services\\\/placer-une-publicite\\\/annonce-dans-la-newsletter\\\/#primaryimage\"},\"image\":{\"@id\":\"https:\\\/\\\/alice.ch\\\/fr\\\/services\\\/placer-une-publicite\\\/annonce-dans-la-newsletter\\\/#primaryimage\"},\"thumbnailUrl\":\"https:\\\/\\\/alice.ch\\\/app\\\/uploads\\\/2022\\\/11\\\/default.jpg\",\"datePublished\":\"2023-10-11T17:26:54+00:00\",\"dateModified\":\"2025-09-22T12:27:52+00:00\",\"description\":\"Avec une annonce dans la newsletter de la FSEA, vous atteignez environ 8000 professionnels sans perte de diffusion. Conditions et dates ici.\",\"breadcrumb\":{\"@id\":\"https:\\\/\\\/alice.ch\\\/fr\\\/services\\\/placer-une-publicite\\\/annonce-dans-la-newsletter\\\/#breadcrumb\"},\"inLanguage\":\"fr-FR\",\"potentialAction\":[{\"@type\":\"ReadAction\",\"target\":[\"https:\\\/\\\/alice.ch\\\/fr\\\/services\\\/placer-une-publicite\\\/annonce-dans-la-newsletter\\\/\"]}]},{\"@type\":\"ImageObject\",\"inLanguage\":\"fr-FR\",\"@id\":\"https:\\\/\\\/alice.ch\\\/fr\\\/services\\\/placer-une-publicite\\\/annonce-dans-la-newsletter\\\/#primaryimage\",\"url\":\"https:\\\/\\\/alice.ch\\\/app\\\/uploads\\\/2022\\\/11\\\/default.jpg\",\"contentUrl\":\"https:\\\/\\\/alice.ch\\\/app\\\/uploads\\\/2022\\\/11\\\/default.jpg\",\"width\":1600,\"height\":900},{\"@type\":\"BreadcrumbList\",\"@id\":\"https:\\\/\\\/alice.ch\\\/fr\\\/services\\\/placer-une-publicite\\\/annonce-dans-la-newsletter\\\/#breadcrumb\",\"itemListElement\":[{\"@type\":\"ListItem\",\"position\":1,\"name\":\"Page d'accueil\",\"item\":\"https:\\\/\\\/alice.ch\\\/fr\\\/\"},{\"@type\":\"ListItem\",\"position\":2,\"name\":\"Services\",\"item\":\"https:\\\/\\\/alice.ch\\\/fr\\\/services\\\/\"},{\"@type\":\"ListItem\",\"position\":3,\"name\":\"Placer une publicit\u00e9\",\"item\":\"https:\\\/\\\/alice.ch\\\/fr\\\/services\\\/placer-une-publicite\\\/\"},{\"@type\":\"ListItem\",\"position\":4,\"name\":\"Annonce dans la newsletter\"}]},{\"@type\":\"WebSite\",\"@id\":\"https:\\\/\\\/alice.ch\\\/fr\\\/#website\",\"url\":\"https:\\\/\\\/alice.ch\\\/fr\\\/\",\"name\":\"alice.ch (Adult Learning Information Center) ist das Portal der Weiterbildung in der Schweiz.\",\"description\":\"Schweizerischer Verband f\u00fcr Weiterbildung\",\"publisher\":{\"@id\":\"https:\\\/\\\/alice.ch\\\/fr\\\/#organization\"},\"potentialAction\":[{\"@type\":\"SearchAction\",\"target\":{\"@type\":\"EntryPoint\",\"urlTemplate\":\"https:\\\/\\\/alice.ch\\\/fr\\\/?s={search_term_string}\"},\"query-input\":{\"@type\":\"PropertyValueSpecification\",\"valueRequired\":true,\"valueName\":\"search_term_string\"}}],\"inLanguage\":\"fr-FR\"},{\"@type\":\"Organization\",\"@id\":\"https:\\\/\\\/alice.ch\\\/fr\\\/#organization\",\"name\":\"FSEA F\u00e9d\u00e9ration suisse pour la formation continue\",\"url\":\"https:\\\/\\\/alice.ch\\\/fr\\\/\",\"logo\":{\"@type\":\"ImageObject\",\"inLanguage\":\"fr-FR\",\"@id\":\"https:\\\/\\\/alice.ch\\\/fr\\\/#\\\/schema\\\/logo\\\/image\\\/\",\"url\":\"https:\\\/\\\/alice.ch\\\/app\\\/uploads\\\/2022\\\/07\\\/logo-sveb.png\",\"contentUrl\":\"https:\\\/\\\/alice.ch\\\/app\\\/uploads\\\/2022\\\/07\\\/logo-sveb.png\",\"width\":145,\"height\":64,\"caption\":\"FSEA F\u00e9d\u00e9ration suisse pour la formation continue\"},\"image\":{\"@id\":\"https:\\\/\\\/alice.ch\\\/fr\\\/#\\\/schema\\\/logo\\\/image\\\/\"},\"sameAs\":[\"https:\\\/\\\/www.linkedin.com\\\/company\\\/schweizerischer-verband-fr-weiterbildung-sveb\\\/\"]}]}<\/script>\n<!-- \/ Yoast SEO plugin. -->","yoast_head_json":{"title":"Annonce dans la newsletter - FSEA","description":"Avec une annonce dans la newsletter de la FSEA, vous atteignez environ 8000 professionnels sans perte de diffusion. Conditions et dates ici.","robots":{"index":"index","follow":"follow","max-snippet":"max-snippet:-1","max-image-preview":"max-image-preview:large","max-video-preview":"max-video-preview:-1"},"canonical":"https:\/\/alice.ch\/fr\/services\/placer-une-publicite\/annonce-dans-la-newsletter\/","og_locale":"fr_FR","og_type":"article","og_title":"Annonce dans la newsletter - FSEA","og_description":"Avec une annonce dans la newsletter de la FSEA, vous atteignez environ 8000 professionnels sans perte de diffusion. Conditions et dates ici.","og_url":"https:\/\/alice.ch\/fr\/services\/placer-une-publicite\/annonce-dans-la-newsletter\/","og_site_name":"SVEB","article_modified_time":"2025-09-22T12:27:52+00:00","twitter_card":"summary_large_image","twitter_misc":{"Dur\u00e9e de lecture estim\u00e9e":"1 minute"},"schema":{"@context":"https:\/\/schema.org","@graph":[{"@type":"WebPage","@id":"https:\/\/alice.ch\/fr\/services\/placer-une-publicite\/annonce-dans-la-newsletter\/","url":"https:\/\/alice.ch\/fr\/services\/placer-une-publicite\/annonce-dans-la-newsletter\/","name":"Annonce dans la newsletter - FSEA","isPartOf":{"@id":"https:\/\/alice.ch\/fr\/#website"},"primaryImageOfPage":{"@id":"https:\/\/alice.ch\/fr\/services\/placer-une-publicite\/annonce-dans-la-newsletter\/#primaryimage"},"image":{"@id":"https:\/\/alice.ch\/fr\/services\/placer-une-publicite\/annonce-dans-la-newsletter\/#primaryimage"},"thumbnailUrl":"https:\/\/alice.ch\/app\/uploads\/2022\/11\/default.jpg","datePublished":"2023-10-11T17:26:54+00:00","dateModified":"2025-09-22T12:27:52+00:00","description":"Avec une annonce dans la newsletter de la FSEA, vous atteignez environ 8000 professionnels sans perte de diffusion. Conditions et dates ici.","breadcrumb":{"@id":"https:\/\/alice.ch\/fr\/services\/placer-une-publicite\/annonce-dans-la-newsletter\/#breadcrumb"},"inLanguage":"fr-FR","potentialAction":[{"@type":"ReadAction","target":["https:\/\/alice.ch\/fr\/services\/placer-une-publicite\/annonce-dans-la-newsletter\/"]}]},{"@type":"ImageObject","inLanguage":"fr-FR","@id":"https:\/\/alice.ch\/fr\/services\/placer-une-publicite\/annonce-dans-la-newsletter\/#primaryimage","url":"https:\/\/alice.ch\/app\/uploads\/2022\/11\/default.jpg","contentUrl":"https:\/\/alice.ch\/app\/uploads\/2022\/11\/default.jpg","width":1600,"height":900},{"@type":"BreadcrumbList","@id":"https:\/\/alice.ch\/fr\/services\/placer-une-publicite\/annonce-dans-la-newsletter\/#breadcrumb","itemListElement":[{"@type":"ListItem","position":1,"name":"Page d'accueil","item":"https:\/\/alice.ch\/fr\/"},{"@type":"ListItem","position":2,"name":"Services","item":"https:\/\/alice.ch\/fr\/services\/"},{"@type":"ListItem","position":3,"name":"Placer une publicit\u00e9","item":"https:\/\/alice.ch\/fr\/services\/placer-une-publicite\/"},{"@type":"ListItem","position":4,"name":"Annonce dans la newsletter"}]},{"@type":"WebSite","@id":"https:\/\/alice.ch\/fr\/#website","url":"https:\/\/alice.ch\/fr\/","name":"alice.ch (Adult Learning Information Center) ist das Portal der Weiterbildung in der Schweiz.","description":"Schweizerischer Verband f\u00fcr Weiterbildung","publisher":{"@id":"https:\/\/alice.ch\/fr\/#organization"},"potentialAction":[{"@type":"SearchAction","target":{"@type":"EntryPoint","urlTemplate":"https:\/\/alice.ch\/fr\/?s={search_term_string}"},"query-input":{"@type":"PropertyValueSpecification","valueRequired":true,"valueName":"search_term_string"}}],"inLanguage":"fr-FR"},{"@type":"Organization","@id":"https:\/\/alice.ch\/fr\/#organization","name":"FSEA F\u00e9d\u00e9ration suisse pour la formation continue","url":"https:\/\/alice.ch\/fr\/","logo":{"@type":"ImageObject","inLanguage":"fr-FR","@id":"https:\/\/alice.ch\/fr\/#\/schema\/logo\/image\/","url":"https:\/\/alice.ch\/app\/uploads\/2022\/07\/logo-sveb.png","contentUrl":"https:\/\/alice.ch\/app\/uploads\/2022\/07\/logo-sveb.png","width":145,"height":64,"caption":"FSEA F\u00e9d\u00e9ration suisse pour la formation continue"},"image":{"@id":"https:\/\/alice.ch\/fr\/#\/schema\/logo\/image\/"},"sameAs":["https:\/\/www.linkedin.com\/company\/schweizerischer-verband-fr-weiterbildung-sveb\/"]}]}},"_links":{"self":[{"href":"https:\/\/alice.ch\/fr\/wp-json\/wp\/v2\/pages\/54749","targetHints":{"allow":["GET"]}}],"collection":[{"href":"https:\/\/alice.ch\/fr\/wp-json\/wp\/v2\/pages"}],"about":[{"href":"https:\/\/alice.ch\/fr\/wp-json\/wp\/v2\/types\/page"}],"author":[{"embeddable":true,"href":"https:\/\/alice.ch\/fr\/wp-json\/wp\/v2\/users\/5"}],"replies":[{"embeddable":true,"href":"https:\/\/alice.ch\/fr\/wp-json\/wp\/v2\/comments?post=54749"}],"version-history":[{"count":14,"href":"https:\/\/alice.ch\/fr\/wp-json\/wp\/v2\/pages\/54749\/revisions"}],"predecessor-version":[{"id":70526,"href":"https:\/\/alice.ch\/fr\/wp-json\/wp\/v2\/pages\/54749\/revisions\/70526"}],"up":[{"embeddable":true,"href":"https:\/\/alice.ch\/fr\/wp-json\/wp\/v2\/pages\/11376"}],"wp:featuredmedia":[{"embeddable":true,"href":"https:\/\/alice.ch\/fr\/wp-json\/wp\/v2\/media\/20799"}],"wp:attachment":[{"href":"https:\/\/alice.ch\/fr\/wp-json\/wp\/v2\/media?parent=54749"}],"curies":[{"name":"wp","href":"https:\/\/api.w.org\/{rel}","templated":true}]}}