{"id":54762,"date":"2023-10-11T19:43:08","date_gmt":"2023-10-11T17:43:08","guid":{"rendered":"https:\/\/alice.ch\/?page_id=54762"},"modified":"2025-09-22T14:30:46","modified_gmt":"2025-09-22T12:30:46","slug":"banniere-publicitaire-formationcontinue-swiss-2","status":"publish","type":"page","link":"https:\/\/alice.ch\/fr\/services\/placer-une-publicite\/banniere-publicitaire-formationcontinue-swiss-2\/","title":{"rendered":"Banni\u00e8re publicitaire formationcontinue.swiss"},"content":{"rendered":"\n<div class=\"wp-block-group is-style-reduced-width is-layout-constrained wp-block-group-is-layout-constrained\">\n<h1 class=\"wp-block-heading\">Banni\u00e8re publicitaire sur formationcontinue.swiss<\/h1>\n\n\n\n<p class=\"is-style-lead\">Le site Internet trilingue formationcontinue.swiss s&rsquo;adresse aux personnes qui s&rsquo;int\u00e9ressent \u00e0 la formation continue et qui cherchent des offres adapt\u00e9es. Le portail des cours est g\u00e9r\u00e9 par la FSEA.<\/p>\n\n\n\n<p>Les banni\u00e8res sont affich\u00e9es sur toutes les pages de r\u00e9sultats de recherche et sur tous types d&rsquo;\u00e9crans. Les offres de cours sont divis\u00e9es selon les th\u00e8mes suivants :<\/p>\n\n\n\n<ul class=\"wp-block-list\">\n<li>Page d&rsquo;accueil <a href=\"https:\/\/www.formationcontinue.swiss\/\" target=\"_blank\" rel=\"noreferrer noopener\">formationcontinue.swiss<\/a><\/li>\n\n\n\n<li>Langues et s\u00e9jours linguistiques<\/li>\n\n\n\n<li>Mouvement et sant\u00e9<\/li>\n\n\n\n<li>Culture et cr\u00e9ativit\u00e9<\/li>\n\n\n\n<li>Formation d&rsquo;adultes et coaching<\/li>\n\n\n\n<li>Management et \u00e9conomie<\/li>\n\n\n\n<li>Informatique et nouveaux m\u00e9dias<\/li>\n<\/ul>\n\n\n\n<p>Les banni\u00e8res peuvent \u00eatre r\u00e9serv\u00e9es s\u00e9par\u00e9ment sur la page d&rsquo;accueil et les 6 pages th\u00e9matiques. <\/p>\n\n\n\n<h2 class=\"wp-block-heading\">Prix<\/h2>\n\n\n\n<p>(en CHF \/ mois)<\/p>\n\n\n\n<figure class=\"wp-block-table is-style-stripes\"><table><tbody><tr><td><strong>Skyscraper (Desktop &amp; Mobile-Banner)<\/strong><\/td><td><a href=\"https:\/\/www.weiterbildung.swiss\/\" target=\"_blank\" rel=\"noreferrer noopener\">weiterbildung.swiss<\/a><\/td><td>240.\u2013<\/td><\/tr><tr><td><\/td><td><a href=\"https:\/\/www.formationcontinue.swiss\/\" target=\"_blank\" rel=\"noreferrer noopener\">formationcontinue.swiss<\/a><\/td><td>160.\u2013<\/td><\/tr><tr><td><\/td><td><a href=\"https:\/\/www.formazionecontinua.swiss\/\" target=\"_blank\" rel=\"noreferrer noopener\">formazionecontinua.swiss<\/a><\/td><td>80.\u2013<\/td><\/tr><tr><td><strong>Rectangle  (Desktop &amp; Mobile-Banner)<\/strong><\/td><td><a href=\"https:\/\/www.weiterbildung.swiss\/\" target=\"_blank\" rel=\"noreferrer noopener\">weiterbildung.swiss<\/a><\/td><td>140.\u2013<\/td><\/tr><tr><td><\/td><td><a href=\"https:\/\/www.formationcontinue.swiss\/\" rel=\"nofollow\">formationcontinue.swiss<\/a><\/td><td>90.\u2013<\/td><\/tr><tr><td><\/td><td><a href=\"https:\/\/www.formazionecontinua.swiss\/\" rel=\"sponsored nofollow\">formazionecontinua.swiss<\/a><\/td><td>45.\u2013<\/td><\/tr><\/tbody><\/table><figcaption class=\"wp-element-caption\">Tous les prix sont hors TVA. Les prix peuvent \u00eatre modifi\u00e9s sans pr\u00e9avis.<\/figcaption><\/figure>\n\n\n\n<h2 class=\"wp-block-heading\">Livraison des donn\u00e9es<\/h2>\n\n\n\n<p>Rectangle: 160 x 120 pixels, formats jpg, gif ou HTML5<br>Skyscraper: 160 x 600 pixels, formats jpg, gif ou HTML5<\/p>\n\n\n\n<div class=\"wp-block-contact-form-7-contact-form-selector\">\n<div class=\"wpcf7 no-js\" id=\"wpcf7-f18280-o1\" lang=\"de-DE\" dir=\"ltr\" data-wpcf7-id=\"18280\">\n<div class=\"screen-reader-response\"><p role=\"status\" aria-live=\"polite\" aria-atomic=\"true\"><\/p> <ul><\/ul><\/div>\n<form action=\"\/fr\/wp-json\/wp\/v2\/pages\/54762#wpcf7-f18280-o1\" method=\"post\" class=\"wpcf7-form init\" aria-label=\"Kontaktformular\" novalidate=\"novalidate\" data-status=\"init\">\n<fieldset class=\"hidden-fields-container\"><input type=\"hidden\" name=\"_wpcf7\" value=\"18280\" \/><input type=\"hidden\" name=\"_wpcf7_version\" value=\"6.1.5\" \/><input type=\"hidden\" name=\"_wpcf7_locale\" value=\"de_DE\" \/><input type=\"hidden\" name=\"_wpcf7_unit_tag\" value=\"wpcf7-f18280-o1\" \/><input type=\"hidden\" name=\"_wpcf7_container_post\" value=\"0\" \/><input type=\"hidden\" name=\"_wpcf7_posted_data_hash\" value=\"\" \/>\n<\/fieldset>\n<p><label>Quelle version linguistique ?*<\/label><br \/>\n<span class=\"wpcf7-form-control-wrap\" data-name=\"checkbox-626\"><span class=\"wpcf7-form-control wpcf7-checkbox wpcf7-validates-as-required\"><span class=\"wpcf7-list-item first\"><label><input type=\"checkbox\" name=\"checkbox-626[]\" value=\"allemand\" \/><span class=\"wpcf7-list-item-label\">allemand<\/span><\/label><\/span><span class=\"wpcf7-list-item\"><label><input type=\"checkbox\" name=\"checkbox-626[]\" value=\"fran\u00e7ais\" \/><span class=\"wpcf7-list-item-label\">fran\u00e7ais<\/span><\/label><\/span><span class=\"wpcf7-list-item last\"><label><input type=\"checkbox\" name=\"checkbox-626[]\" value=\"italien\" \/><span class=\"wpcf7-list-item-label\">italien<\/span><\/label><\/span><\/span><\/span>\n<\/p>\n<p><label>Quel format de banni\u00e8re ?*<\/label><br \/>\n<span class=\"wpcf7-form-control-wrap\" data-name=\"Bannerformatcheckbox-123\"><span class=\"wpcf7-form-control wpcf7-checkbox wpcf7-validates-as-required\"><span class=\"wpcf7-list-item first\"><label><input type=\"checkbox\" name=\"Bannerformatcheckbox-123[]\" value=\"weiterbildung.swiss-Skyscraper: 240.\u2013\" \/><span class=\"wpcf7-list-item-label\">weiterbildung.swiss-Skyscraper: 240.\u2013<\/span><\/label><\/span><span class=\"wpcf7-list-item\"><label><input type=\"checkbox\" name=\"Bannerformatcheckbox-123[]\" value=\"weiterbildung.swiss-Rectangle: 140.\u2013\" \/><span class=\"wpcf7-list-item-label\">weiterbildung.swiss-Rectangle: 140.\u2013<\/span><\/label><\/span><span class=\"wpcf7-list-item\"><label><input type=\"checkbox\" name=\"Bannerformatcheckbox-123[]\" value=\"formationcontinue.swiss-Skyscraper: 160.\u2013\" \/><span class=\"wpcf7-list-item-label\">formationcontinue.swiss-Skyscraper: 160.\u2013<\/span><\/label><\/span><span class=\"wpcf7-list-item\"><label><input type=\"checkbox\" name=\"Bannerformatcheckbox-123[]\" value=\"formationcontinue.swiss-Rectangle: 90.\u2013\" \/><span class=\"wpcf7-list-item-label\">formationcontinue.swiss-Rectangle: 90.\u2013<\/span><\/label><\/span><span class=\"wpcf7-list-item\"><label><input type=\"checkbox\" name=\"Bannerformatcheckbox-123[]\" value=\"formazionecontinua.swiss-Skyscraper: 80.\u2013\" \/><span class=\"wpcf7-list-item-label\">formazionecontinua.swiss-Skyscraper: 80.\u2013<\/span><\/label><\/span><span class=\"wpcf7-list-item last\"><label><input type=\"checkbox\" name=\"Bannerformatcheckbox-123[]\" value=\"formazionecontinua.swiss-Rectangle: 45.\u2013\" \/><span class=\"wpcf7-list-item-label\">formazionecontinua.swiss-Rectangle: 45.\u2013<\/span><\/label><\/span><\/span><\/span>\n<\/p>\n<p><label>Quel domaine th\u00e9matique souhaitez-vous ?*<\/label><br \/>\n<span class=\"wpcf7-form-control-wrap\" data-name=\"Themenbereiche-FR-checkbox-57\"><span class=\"wpcf7-form-control wpcf7-checkbox wpcf7-validates-as-required\"><span class=\"wpcf7-list-item first\"><label><input type=\"checkbox\" name=\"Themenbereiche-FR-checkbox-57[]\" value=\"page d&#039;accueil\" \/><span class=\"wpcf7-list-item-label\">page d&#039;accueil<\/span><\/label><\/span><span class=\"wpcf7-list-item\"><label><input type=\"checkbox\" name=\"Themenbereiche-FR-checkbox-57[]\" value=\"culture &amp; cr\u00e9ativit\u00e9\" \/><span class=\"wpcf7-list-item-label\">culture &amp; cr\u00e9ativit\u00e9<\/span><\/label><\/span><span class=\"wpcf7-list-item\"><label><input type=\"checkbox\" name=\"Themenbereiche-FR-checkbox-57[]\" value=\"mouvement &amp; sant\u00e9\" \/><span class=\"wpcf7-list-item-label\">mouvement &amp; sant\u00e9<\/span><\/label><\/span><span class=\"wpcf7-list-item\"><label><input type=\"checkbox\" name=\"Themenbereiche-FR-checkbox-57[]\" value=\"informatique &amp; nouveaux m\u00e9dias\" \/><span class=\"wpcf7-list-item-label\">informatique &amp; nouveaux m\u00e9dias<\/span><\/label><\/span><span class=\"wpcf7-list-item\"><label><input type=\"checkbox\" name=\"Themenbereiche-FR-checkbox-57[]\" value=\"formation d\u2018adultes &amp; coaching\" \/><span class=\"wpcf7-list-item-label\">formation d\u2018adultes &amp; coaching<\/span><\/label><\/span><span class=\"wpcf7-list-item\"><label><input type=\"checkbox\" name=\"Themenbereiche-FR-checkbox-57[]\" value=\"management &amp; \u00e9conomie\" \/><span class=\"wpcf7-list-item-label\">management &amp; \u00e9conomie<\/span><\/label><\/span><span class=\"wpcf7-list-item last\"><label><input type=\"checkbox\" name=\"Themenbereiche-FR-checkbox-57[]\" value=\"langues &amp; s\u00e9jours linguistiques\" \/><span class=\"wpcf7-list-item-label\">langues &amp; s\u00e9jours linguistiques<\/span><\/label><\/span><\/span><\/span>\n<\/p>\n<p><label>Date de d\u00e9but*<br \/>\n<span class=\"wpcf7-form-control-wrap\" data-name=\"date-426\"><input class=\"wpcf7-form-control wpcf7-date wpcf7-validates-as-required wpcf7-validates-as-date\" aria-required=\"true\" aria-invalid=\"false\" placeholder=\"\" value=\"\" type=\"date\" name=\"date-426\" \/><\/span><br \/>\n<\/label>\n<\/p>\n<p><label>Nombre de mois*<br \/>\n<span class=\"wpcf7-form-control-wrap\" data-name=\"menu-368\"><select class=\"wpcf7-form-control wpcf7-select\" aria-invalid=\"false\" name=\"menu-368\"><option value=\"1\">1<\/option><option value=\"2\">2<\/option><option value=\"3\">3<\/option><option value=\"4\">4<\/option><option value=\"5\">5<\/option><option value=\"6\">6<\/option><option value=\"7\">7<\/option><option value=\"8\">8<\/option><option value=\"9\">9<\/option><option value=\"10\">10<\/option><option value=\"11\">11<\/option><option value=\"12\">12<\/option><\/select><\/span><br \/>\n<\/label>\n<\/p>\n<p><label>Organisation*<br \/>\n<span class=\"wpcf7-form-control-wrap\" data-name=\"your-organisation\"><input size=\"40\" maxlength=\"400\" class=\"wpcf7-form-control wpcf7-text wpcf7-validates-as-required\" aria-required=\"true\" aria-invalid=\"false\" placeholder=\"Votre organisation\" value=\"\" type=\"text\" name=\"your-organisation\" \/><\/span><br \/>\n<\/label>\n<\/p>\n<p><label>Salutation*<br \/>\n<span class=\"wpcf7-form-control-wrap\" data-name=\"salutation\"><input size=\"40\" maxlength=\"400\" class=\"wpcf7-form-control wpcf7-text wpcf7-validates-as-required\" aria-required=\"true\" aria-invalid=\"false\" placeholder=\"Madame\" value=\"\" type=\"text\" name=\"salutation\" \/><\/span><br \/>\n<\/label>\n<\/p>\n<p><label>Pr\u00e9nom*<br \/>\n<span class=\"wpcf7-form-control-wrap\" data-name=\"your-forename\"><input size=\"40\" maxlength=\"400\" class=\"wpcf7-form-control wpcf7-text wpcf7-validates-as-required\" aria-required=\"true\" aria-invalid=\"false\" placeholder=\"Petra\" value=\"\" type=\"text\" name=\"your-forename\" \/><\/span><br \/>\n<\/label>\n<\/p>\n<p><label>Nom de famille*<br \/>\n<span class=\"wpcf7-form-control-wrap\" data-name=\"your-name\"><input size=\"40\" maxlength=\"400\" class=\"wpcf7-form-control wpcf7-text wpcf7-validates-as-required\" aria-required=\"true\" aria-invalid=\"false\" placeholder=\"Muster\" value=\"\" type=\"text\" name=\"your-name\" \/><\/span><br \/>\n<\/label>\n<\/p>\n<p><label>Rue et no<br \/>\n<span class=\"wpcf7-form-control-wrap\" data-name=\"Strasse\"><input size=\"40\" maxlength=\"400\" class=\"wpcf7-form-control wpcf7-text\" aria-invalid=\"false\" placeholder=\"Rue de Gen\u00e8ve 88b\" value=\"\" type=\"text\" name=\"Strasse\" \/><\/span><br \/>\n<\/label>\n<\/p>\n<p><label>NPA et lieu<br \/>\n<span class=\"wpcf7-form-control-wrap\" data-name=\"PLZ\"><input size=\"40\" maxlength=\"400\" class=\"wpcf7-form-control wpcf7-text\" aria-invalid=\"false\" placeholder=\"1004 Lausanne\" value=\"\" type=\"text\" name=\"PLZ\" \/><\/span><br \/>\n<\/label>\n<\/p>\n<p><label>Num\u00e9ro de t\u00e9l\u00e9phone*<br \/>\n<span class=\"wpcf7-form-control-wrap\" data-name=\"tel-203\"><input size=\"40\" maxlength=\"400\" class=\"wpcf7-form-control wpcf7-tel wpcf7-validates-as-required wpcf7-text wpcf7-validates-as-tel\" aria-required=\"true\" aria-invalid=\"false\" placeholder=\"+41 (0)44 319 71 71\" value=\"\" type=\"tel\" name=\"tel-203\" \/><\/span><br \/>\n<\/label>\n<\/p>\n<p><label>Adresse \u00e9lectronique*<br \/>\n<span class=\"wpcf7-form-control-wrap\" data-name=\"your-email\"><input size=\"40\" maxlength=\"400\" class=\"wpcf7-form-control wpcf7-email wpcf7-validates-as-required wpcf7-text wpcf7-validates-as-email\" aria-required=\"true\" aria-invalid=\"false\" placeholder=\"petra.muster@alice.ch\" value=\"\" type=\"email\" name=\"your-email\" \/><\/span><br \/>\n<\/label>\n<\/p>\n<p><label>Votre commentaire<br \/>\n<span class=\"wpcf7-form-control-wrap\" data-name=\"your-message\"><textarea cols=\"40\" rows=\"10\" maxlength=\"2000\" class=\"wpcf7-form-control wpcf7-textarea\" aria-invalid=\"false\" placeholder=\"Votre commentaire\" name=\"your-message\"><\/textarea><\/span><br \/>\n<\/label>\n<\/p>\n<p><span class=\"wpcf7-form-control-wrap\" data-name=\"checkbox-911\"><span class=\"wpcf7-form-control wpcf7-checkbox\"><span class=\"wpcf7-list-item first last\"><label><input type=\"checkbox\" name=\"checkbox-911[]\" value=\"Oui, je suis membre de la FSEA.\" \/><span class=\"wpcf7-list-item-label\">Oui, je suis membre de la FSEA.<\/span><\/label><\/span><\/span><\/span>\n<\/p>\n<p><span id=\"wpcf7-69ef74490cc99-wrapper\" class=\"wpcf7-form-control-wrap honeypot-93-wrap\" style=\"display:none !important; visibility:hidden !important;\"><label for=\"wpcf7-69ef74490cc99-field\" class=\"hp-message\">Bitte lasse dieses Feld leer.<\/label><input id=\"wpcf7-69ef74490cc99-field\"  class=\"wpcf7-form-control wpcf7-text\" type=\"text\" name=\"honeypot-93\" value=\"\" size=\"40\" tabindex=\"-1\" autocomplete=\"new-password\" \/><\/span>\n<\/p>\n<p><input class=\"wpcf7-form-control wpcf7-submit has-spinner\" type=\"submit\" value=\"Envoyer\" \/><br \/>\n*Champs obligatoires\n<\/p><div class=\"cf7-cookie-message\" style=\"margin-top:1em;color:#000;\">Merci d\u2019accepter les cookies afin de pouvoir soumettre le formulaire.<\/div><div class=\"wpcf7-response-output\" aria-hidden=\"true\"><\/div>\n<\/form>\n<\/div>\n<\/div>\n\n\n\n<div style=\"height:34px\" aria-hidden=\"true\" class=\"wp-block-spacer\"><\/div>\n\n\n\n<div class=\"wp-block-columns is-layout-flex wp-container-core-columns-is-layout-28f84493 wp-block-columns-is-layout-flex\">\n<div class=\"wp-block-column is-layout-flow wp-block-column-is-layout-flow\" style=\"flex-basis:50%\">\n<div class=\"wp-block-file\"><a id=\"wp-block-file--media-f0c2031b-f55d-4e3c-830f-482f01742f78\" href=\"https:\/\/alice.ch\/app\/uploads\/2024\/11\/options-publicitaires-2025-fsea.pdf\">Options publicitaires \u00e0 la FSEA 2025<br \/>PDF &#8211; 2 Mo<\/a><\/div>\n<\/div>\n\n\n\n<div class=\"wp-block-column is-layout-flow wp-block-column-is-layout-flow\" style=\"flex-basis:50%\">\n<div class=\"wp-block-file\"><a id=\"wp-block-file--media-85bc994c-c21d-4b6e-9d38-3e5c391a55f8\" href=\"https:\/\/alice.ch\/app\/uploads\/2025\/09\/fsea-options-publicitaires-2026.pdf\">Options publicitaires \u00e0 la FSEA 2026<br \/>PDF &#8211; 386 kb<\/a><\/div>\n<\/div>\n<\/div>\n\n\n\n<h2 class=\"wp-block-heading\">Contact annonces publicitaires<\/h2>\n\n\n\n<div class=\"wp-block-columns is-layout-flex wp-container-core-columns-is-layout-28f84493 wp-block-columns-is-layout-flex\">\n<div class=\"wp-block-column is-layout-flow wp-block-column-is-layout-flow\" style=\"flex-basis:50%\"><div class=\"contact-persons\">\n\n\t\t\t\t\t<div class=\"contact-person\">\n\t\t\t\t\tMarie Gandola<br \/>\t\t\t\t\tAssistante de Direction   Coordinatrice FFA Romandie<br \/>\t\t\t\t\t<br \/>\n\t\t\t\t\t\t\t\t\t\t<a href=\"tel:+41 (0)22 994 20 10\">+41 (0)22 994 20 10<\/a><br \/>\t\t\t\t\t<a href=\"mailto:marie.gandola@alice.ch\">marie.gandola@alice.ch<\/a><br \/>\t\t\t\t\t<\/div>\n\t\t\t\t\t<\/div>\n<\/div>\n\n\n\n<div class=\"wp-block-column is-layout-flow wp-block-column-is-layout-flow\" style=\"flex-basis:50%\"><\/div>\n<\/div>\n<\/div>\n","protected":false},"excerpt":{"rendered":"<p>Banni\u00e8re publicitaire sur formationcontinue.swiss Le site Internet trilingue formationcontinue.swiss s&rsquo;adresse aux personnes qui s&rsquo;int\u00e9ressent \u00e0 la formation continue et qui [&hellip;]<\/p>\n","protected":false},"author":5,"featured_media":20799,"parent":11376,"menu_order":170,"comment_status":"closed","ping_status":"closed","template":"","meta":{"_acf_changed":false,"inline_featured_image":false,"footnotes":""},"class_list":["post-54762","page","type-page","status-publish","has-post-thumbnail","hentry"],"acf":[],"yoast_head":"<!-- This site is optimized with the Yoast SEO plugin v27.3 - https:\/\/yoast.com\/product\/yoast-seo-wordpress\/ -->\n<title>Banni\u00e8re publicitaire formationcontinue.swiss - FSEA<\/title>\n<meta name=\"robots\" content=\"index, follow, max-snippet:-1, max-image-preview:large, max-video-preview:-1\" \/>\n<link rel=\"canonical\" href=\"https:\/\/alice.ch\/fr\/services\/placer-une-publicite\/banniere-publicitaire-formationcontinue-swiss-2\/\" \/>\n<meta property=\"og:locale\" content=\"fr_FR\" \/>\n<meta property=\"og:type\" content=\"article\" \/>\n<meta property=\"og:title\" content=\"Banni\u00e8re publicitaire formationcontinue.swiss - FSEA\" \/>\n<meta property=\"og:description\" content=\"Banni\u00e8re publicitaire sur formationcontinue.swiss Le site Internet trilingue formationcontinue.swiss s&rsquo;adresse aux personnes qui s&rsquo;int\u00e9ressent \u00e0 la formation continue et qui [&hellip;]\" \/>\n<meta property=\"og:url\" content=\"https:\/\/alice.ch\/fr\/services\/placer-une-publicite\/banniere-publicitaire-formationcontinue-swiss-2\/\" \/>\n<meta property=\"og:site_name\" content=\"SVEB\" \/>\n<meta property=\"article:modified_time\" content=\"2025-09-22T12:30:46+00:00\" \/>\n<meta name=\"twitter:card\" content=\"summary_large_image\" \/>\n<meta name=\"twitter:label1\" content=\"Dur\u00e9e de lecture estim\u00e9e\" \/>\n\t<meta name=\"twitter:data1\" content=\"1 minute\" \/>\n<script type=\"application\/ld+json\" class=\"yoast-schema-graph\">{\"@context\":\"https:\\\/\\\/schema.org\",\"@graph\":[{\"@type\":\"WebPage\",\"@id\":\"https:\\\/\\\/alice.ch\\\/fr\\\/services\\\/placer-une-publicite\\\/banniere-publicitaire-formationcontinue-swiss-2\\\/\",\"url\":\"https:\\\/\\\/alice.ch\\\/fr\\\/services\\\/placer-une-publicite\\\/banniere-publicitaire-formationcontinue-swiss-2\\\/\",\"name\":\"Banni\u00e8re publicitaire formationcontinue.swiss - FSEA\",\"isPartOf\":{\"@id\":\"https:\\\/\\\/alice.ch\\\/fr\\\/#website\"},\"primaryImageOfPage\":{\"@id\":\"https:\\\/\\\/alice.ch\\\/fr\\\/services\\\/placer-une-publicite\\\/banniere-publicitaire-formationcontinue-swiss-2\\\/#primaryimage\"},\"image\":{\"@id\":\"https:\\\/\\\/alice.ch\\\/fr\\\/services\\\/placer-une-publicite\\\/banniere-publicitaire-formationcontinue-swiss-2\\\/#primaryimage\"},\"thumbnailUrl\":\"https:\\\/\\\/alice.ch\\\/app\\\/uploads\\\/2022\\\/11\\\/default.jpg\",\"datePublished\":\"2023-10-11T17:43:08+00:00\",\"dateModified\":\"2025-09-22T12:30:46+00:00\",\"breadcrumb\":{\"@id\":\"https:\\\/\\\/alice.ch\\\/fr\\\/services\\\/placer-une-publicite\\\/banniere-publicitaire-formationcontinue-swiss-2\\\/#breadcrumb\"},\"inLanguage\":\"fr-FR\",\"potentialAction\":[{\"@type\":\"ReadAction\",\"target\":[\"https:\\\/\\\/alice.ch\\\/fr\\\/services\\\/placer-une-publicite\\\/banniere-publicitaire-formationcontinue-swiss-2\\\/\"]}]},{\"@type\":\"ImageObject\",\"inLanguage\":\"fr-FR\",\"@id\":\"https:\\\/\\\/alice.ch\\\/fr\\\/services\\\/placer-une-publicite\\\/banniere-publicitaire-formationcontinue-swiss-2\\\/#primaryimage\",\"url\":\"https:\\\/\\\/alice.ch\\\/app\\\/uploads\\\/2022\\\/11\\\/default.jpg\",\"contentUrl\":\"https:\\\/\\\/alice.ch\\\/app\\\/uploads\\\/2022\\\/11\\\/default.jpg\",\"width\":1600,\"height\":900},{\"@type\":\"BreadcrumbList\",\"@id\":\"https:\\\/\\\/alice.ch\\\/fr\\\/services\\\/placer-une-publicite\\\/banniere-publicitaire-formationcontinue-swiss-2\\\/#breadcrumb\",\"itemListElement\":[{\"@type\":\"ListItem\",\"position\":1,\"name\":\"Page d'accueil\",\"item\":\"https:\\\/\\\/alice.ch\\\/fr\\\/\"},{\"@type\":\"ListItem\",\"position\":2,\"name\":\"Services\",\"item\":\"https:\\\/\\\/alice.ch\\\/fr\\\/services\\\/\"},{\"@type\":\"ListItem\",\"position\":3,\"name\":\"Placer une publicit\u00e9\",\"item\":\"https:\\\/\\\/alice.ch\\\/fr\\\/services\\\/placer-une-publicite\\\/\"},{\"@type\":\"ListItem\",\"position\":4,\"name\":\"Banni\u00e8re publicitaire formationcontinue.swiss\"}]},{\"@type\":\"WebSite\",\"@id\":\"https:\\\/\\\/alice.ch\\\/fr\\\/#website\",\"url\":\"https:\\\/\\\/alice.ch\\\/fr\\\/\",\"name\":\"alice.ch (Adult Learning Information Center) ist das Portal der Weiterbildung in der Schweiz.\",\"description\":\"Schweizerischer Verband f\u00fcr Weiterbildung\",\"publisher\":{\"@id\":\"https:\\\/\\\/alice.ch\\\/fr\\\/#organization\"},\"potentialAction\":[{\"@type\":\"SearchAction\",\"target\":{\"@type\":\"EntryPoint\",\"urlTemplate\":\"https:\\\/\\\/alice.ch\\\/fr\\\/?s={search_term_string}\"},\"query-input\":{\"@type\":\"PropertyValueSpecification\",\"valueRequired\":true,\"valueName\":\"search_term_string\"}}],\"inLanguage\":\"fr-FR\"},{\"@type\":\"Organization\",\"@id\":\"https:\\\/\\\/alice.ch\\\/fr\\\/#organization\",\"name\":\"FSEA F\u00e9d\u00e9ration suisse pour la formation continue\",\"url\":\"https:\\\/\\\/alice.ch\\\/fr\\\/\",\"logo\":{\"@type\":\"ImageObject\",\"inLanguage\":\"fr-FR\",\"@id\":\"https:\\\/\\\/alice.ch\\\/fr\\\/#\\\/schema\\\/logo\\\/image\\\/\",\"url\":\"https:\\\/\\\/alice.ch\\\/app\\\/uploads\\\/2022\\\/07\\\/logo-sveb.png\",\"contentUrl\":\"https:\\\/\\\/alice.ch\\\/app\\\/uploads\\\/2022\\\/07\\\/logo-sveb.png\",\"width\":145,\"height\":64,\"caption\":\"FSEA F\u00e9d\u00e9ration suisse pour la formation continue\"},\"image\":{\"@id\":\"https:\\\/\\\/alice.ch\\\/fr\\\/#\\\/schema\\\/logo\\\/image\\\/\"},\"sameAs\":[\"https:\\\/\\\/www.linkedin.com\\\/company\\\/schweizerischer-verband-fr-weiterbildung-sveb\\\/\"]}]}<\/script>\n<!-- \/ Yoast SEO plugin. -->","yoast_head_json":{"title":"Banni\u00e8re publicitaire formationcontinue.swiss - FSEA","robots":{"index":"index","follow":"follow","max-snippet":"max-snippet:-1","max-image-preview":"max-image-preview:large","max-video-preview":"max-video-preview:-1"},"canonical":"https:\/\/alice.ch\/fr\/services\/placer-une-publicite\/banniere-publicitaire-formationcontinue-swiss-2\/","og_locale":"fr_FR","og_type":"article","og_title":"Banni\u00e8re publicitaire formationcontinue.swiss - FSEA","og_description":"Banni\u00e8re publicitaire sur formationcontinue.swiss Le site Internet trilingue formationcontinue.swiss s&rsquo;adresse aux personnes qui s&rsquo;int\u00e9ressent \u00e0 la formation continue et qui [&hellip;]","og_url":"https:\/\/alice.ch\/fr\/services\/placer-une-publicite\/banniere-publicitaire-formationcontinue-swiss-2\/","og_site_name":"SVEB","article_modified_time":"2025-09-22T12:30:46+00:00","twitter_card":"summary_large_image","twitter_misc":{"Dur\u00e9e de lecture estim\u00e9e":"1 minute"},"schema":{"@context":"https:\/\/schema.org","@graph":[{"@type":"WebPage","@id":"https:\/\/alice.ch\/fr\/services\/placer-une-publicite\/banniere-publicitaire-formationcontinue-swiss-2\/","url":"https:\/\/alice.ch\/fr\/services\/placer-une-publicite\/banniere-publicitaire-formationcontinue-swiss-2\/","name":"Banni\u00e8re publicitaire formationcontinue.swiss - FSEA","isPartOf":{"@id":"https:\/\/alice.ch\/fr\/#website"},"primaryImageOfPage":{"@id":"https:\/\/alice.ch\/fr\/services\/placer-une-publicite\/banniere-publicitaire-formationcontinue-swiss-2\/#primaryimage"},"image":{"@id":"https:\/\/alice.ch\/fr\/services\/placer-une-publicite\/banniere-publicitaire-formationcontinue-swiss-2\/#primaryimage"},"thumbnailUrl":"https:\/\/alice.ch\/app\/uploads\/2022\/11\/default.jpg","datePublished":"2023-10-11T17:43:08+00:00","dateModified":"2025-09-22T12:30:46+00:00","breadcrumb":{"@id":"https:\/\/alice.ch\/fr\/services\/placer-une-publicite\/banniere-publicitaire-formationcontinue-swiss-2\/#breadcrumb"},"inLanguage":"fr-FR","potentialAction":[{"@type":"ReadAction","target":["https:\/\/alice.ch\/fr\/services\/placer-une-publicite\/banniere-publicitaire-formationcontinue-swiss-2\/"]}]},{"@type":"ImageObject","inLanguage":"fr-FR","@id":"https:\/\/alice.ch\/fr\/services\/placer-une-publicite\/banniere-publicitaire-formationcontinue-swiss-2\/#primaryimage","url":"https:\/\/alice.ch\/app\/uploads\/2022\/11\/default.jpg","contentUrl":"https:\/\/alice.ch\/app\/uploads\/2022\/11\/default.jpg","width":1600,"height":900},{"@type":"BreadcrumbList","@id":"https:\/\/alice.ch\/fr\/services\/placer-une-publicite\/banniere-publicitaire-formationcontinue-swiss-2\/#breadcrumb","itemListElement":[{"@type":"ListItem","position":1,"name":"Page d'accueil","item":"https:\/\/alice.ch\/fr\/"},{"@type":"ListItem","position":2,"name":"Services","item":"https:\/\/alice.ch\/fr\/services\/"},{"@type":"ListItem","position":3,"name":"Placer une publicit\u00e9","item":"https:\/\/alice.ch\/fr\/services\/placer-une-publicite\/"},{"@type":"ListItem","position":4,"name":"Banni\u00e8re publicitaire formationcontinue.swiss"}]},{"@type":"WebSite","@id":"https:\/\/alice.ch\/fr\/#website","url":"https:\/\/alice.ch\/fr\/","name":"alice.ch (Adult Learning Information Center) ist das Portal der Weiterbildung in der Schweiz.","description":"Schweizerischer Verband f\u00fcr Weiterbildung","publisher":{"@id":"https:\/\/alice.ch\/fr\/#organization"},"potentialAction":[{"@type":"SearchAction","target":{"@type":"EntryPoint","urlTemplate":"https:\/\/alice.ch\/fr\/?s={search_term_string}"},"query-input":{"@type":"PropertyValueSpecification","valueRequired":true,"valueName":"search_term_string"}}],"inLanguage":"fr-FR"},{"@type":"Organization","@id":"https:\/\/alice.ch\/fr\/#organization","name":"FSEA F\u00e9d\u00e9ration suisse pour la formation continue","url":"https:\/\/alice.ch\/fr\/","logo":{"@type":"ImageObject","inLanguage":"fr-FR","@id":"https:\/\/alice.ch\/fr\/#\/schema\/logo\/image\/","url":"https:\/\/alice.ch\/app\/uploads\/2022\/07\/logo-sveb.png","contentUrl":"https:\/\/alice.ch\/app\/uploads\/2022\/07\/logo-sveb.png","width":145,"height":64,"caption":"FSEA F\u00e9d\u00e9ration suisse pour la formation continue"},"image":{"@id":"https:\/\/alice.ch\/fr\/#\/schema\/logo\/image\/"},"sameAs":["https:\/\/www.linkedin.com\/company\/schweizerischer-verband-fr-weiterbildung-sveb\/"]}]}},"_links":{"self":[{"href":"https:\/\/alice.ch\/fr\/wp-json\/wp\/v2\/pages\/54762","targetHints":{"allow":["GET"]}}],"collection":[{"href":"https:\/\/alice.ch\/fr\/wp-json\/wp\/v2\/pages"}],"about":[{"href":"https:\/\/alice.ch\/fr\/wp-json\/wp\/v2\/types\/page"}],"author":[{"embeddable":true,"href":"https:\/\/alice.ch\/fr\/wp-json\/wp\/v2\/users\/5"}],"replies":[{"embeddable":true,"href":"https:\/\/alice.ch\/fr\/wp-json\/wp\/v2\/comments?post=54762"}],"version-history":[{"count":5,"href":"https:\/\/alice.ch\/fr\/wp-json\/wp\/v2\/pages\/54762\/revisions"}],"predecessor-version":[{"id":70531,"href":"https:\/\/alice.ch\/fr\/wp-json\/wp\/v2\/pages\/54762\/revisions\/70531"}],"up":[{"embeddable":true,"href":"https:\/\/alice.ch\/fr\/wp-json\/wp\/v2\/pages\/11376"}],"wp:featuredmedia":[{"embeddable":true,"href":"https:\/\/alice.ch\/fr\/wp-json\/wp\/v2\/media\/20799"}],"wp:attachment":[{"href":"https:\/\/alice.ch\/fr\/wp-json\/wp\/v2\/media?parent=54762"}],"curies":[{"name":"wp","href":"https:\/\/api.w.org\/{rel}","templated":true}]}}