{"id":54774,"date":"2023-10-11T20:37:36","date_gmt":"2023-10-11T18:37:36","guid":{"rendered":"https:\/\/alice.ch\/?page_id=54774"},"modified":"2025-09-22T14:51:36","modified_gmt":"2025-09-22T12:51:36","slug":"reservation-ep","status":"publish","type":"page","link":"https:\/\/alice.ch\/fr\/services\/placer-une-publicite\/reservation-ep\/","title":{"rendered":"R\u00e9servation EP"},"content":{"rendered":"\n<div class=\"wp-block-group is-style-reduced-width is-layout-constrained wp-block-group-is-layout-constrained\">\n<div class=\"wp-block-group is-style-default is-layout-constrained wp-block-group-is-layout-constrained\">\n<h1 class=\"wp-block-heading\">R\u00e9servez des annonces et encarts<\/h1>\n\n\n\n<p><a href=\"https:\/\/alice.ch\/fr\/actualite\/revue-specialisee-ep\/\">Education Permanente<\/a> est la seule revue professionnelle qui porte sur la formation continue en Suisse. Elle est publi\u00e9e par la FSEA depuis environ 60 ans. Chaque num\u00e9ro contiendra un dossier th\u00e9matique \u00e0 caract\u00e8re scientifique ainsi que des articles orient\u00e9s vers la pratique et une section de services contenant de br\u00e8ves informations et des conseils de lecture.<\/p>\n\n\n\n<p>L\u2018EP para\u00eetra deux fois par an sous forme de journal imprim\u00e9 et en ligne en allemand et en fran\u00e7ais. Des articles s\u00e9lectionn\u00e9s seront \u00e9galement publi\u00e9s en ligne en italien. L\u2018\u00e9dition en ligne est librement accessible et touche ainsi les lecteurs germanophones et francophones.<\/p>\n\n\n\n<p>L\u2018EP est principalement destin\u00e9 aux experts impliqu\u00e9s dans la planification, le d\u00e9veloppement et la mise en \u0153uvre de programmes de formation continue, ainsi qu\u2018aux d\u00e9cideurs qui s\u2018occupent de questions de formation. Il s\u2018adresse \u00e9galement \u00e0 toute personne int\u00e9ress\u00e9e par l\u2018avenir de l\u2018\u00e9ducation et de la formation.<\/p>\n\n\n\n<h2 class=\"wp-block-heading\">Dates<\/h2>\n\n\n\n<figure class=\"wp-block-table is-style-stripes\"><table><tbody><tr><td><strong>Edition<\/strong><\/td><td><strong>D\u00e9lai d&rsquo;insertion<\/strong><\/td><td><strong>Publication<\/strong><\/td><\/tr><tr><td>EP 2025-1<\/td><td>03.04.2025<\/td><td>Fin mai 2025<\/td><\/tr><tr><td>EP 2025-2<\/td><td>26.09.2025<\/td><td>Fin novembre 2025<\/td><\/tr><tr><td>EP 2026-1<\/td><td>27.03.2026<\/td><td>Mai 2026<\/td><\/tr><tr><td>EP 2026-2<\/td><td>25.09.2026<\/td><td>Novembre 2026<\/td><\/tr><\/tbody><\/table><\/figure>\n<\/div>\n\n\n\n<p><\/p>\n\n\n\n<h2 class=\"wp-block-heading\">Prix<\/h2>\n\n\n\n<p>(en CHF)<\/p>\n\n\n\n<div class=\"wp-block-group is-style-default is-layout-constrained wp-block-group-is-layout-constrained\">\n<figure class=\"wp-block-table is-style-stripes\"><table><tbody><tr><td><strong>\u00c9dition allemande<\/strong><\/td><td>Annonce 1\/1 envelope 3\u00e8me (159 x 219 mm)<\/td><td>1800.\u2013<\/td><\/tr><tr><td><\/td><td>Annonce 1\/1 int\u00e9rieur (139 x 209 mm)<\/td><td>1200.\u2013<\/td><\/tr><tr><td><\/td><td>Annonce 1\/2 page (139 x 102 mm)<\/td><td>750.\u2013<\/td><\/tr><tr><td><\/td><td>Publireportage 1\/1 page<\/td><td>1400.\u2013<\/td><\/tr><tr><td><\/td><td>Publireportage double page<\/td><td>2400.\u2013<\/td><\/tr><tr><td><\/td><td>Encarte (1200 Ex.)<\/td><td>900.\u2013<\/td><\/tr><tr><td><strong>\u00c9dition fran\u00e7aise<\/strong><\/td><td>Annonce 1\/1 envelope 3\u00e8me (159 x 219 mm)<\/td><td>600.\u2013<\/td><\/tr><tr><td><\/td><td>Annonce 1\/1 int\u00e9rieur (139 x 209 mm)<\/td><td>400.\u2013<\/td><\/tr><tr><td><\/td><td>Annonce 1\/2 page (139 x 102 mm)<\/td><td>250.\u2013<\/td><\/tr><tr><td><\/td><td>Publireportage 1\/1 Seite<\/td><td>400.\u2013<\/td><\/tr><tr><td><\/td><td>Publireportage double page<\/td><td>800.\u2013<\/td><\/tr><tr><td><\/td><td>Encarte (550 Ex.)<\/td><td>300.\u2013<\/td><\/tr><tr><td><strong>Combin\u00e9:<br>\u00c9dition fran\u00e7aise et allemande<\/strong><\/td><td>Encarte (1750 Ex.)<\/td><td>1200.\u2013<\/td><\/tr><\/tbody><\/table><\/figure>\n\n\n\n<p><\/p>\n\n\n\n<p>Indiquez-nous pr\u00e9cis\u00e9ment vos souhaits. Nous conviendrons avec vous de la p\u00e9riode et de l&#8217;emplacement.<\/p>\n\n\n\n<div class=\"wp-block-contact-form-7-contact-form-selector\">\n<div class=\"wpcf7 no-js\" id=\"wpcf7-f18228-o1\" lang=\"de-DE\" dir=\"ltr\" data-wpcf7-id=\"18228\">\n<div class=\"screen-reader-response\"><p role=\"status\" aria-live=\"polite\" aria-atomic=\"true\"><\/p> <ul><\/ul><\/div>\n<form action=\"\/fr\/wp-json\/wp\/v2\/pages\/54774#wpcf7-f18228-o1\" method=\"post\" class=\"wpcf7-form init\" aria-label=\"Kontaktformular\" novalidate=\"novalidate\" data-status=\"init\">\n<fieldset class=\"hidden-fields-container\"><input type=\"hidden\" name=\"_wpcf7\" value=\"18228\" \/><input type=\"hidden\" name=\"_wpcf7_version\" value=\"6.1.5\" \/><input type=\"hidden\" name=\"_wpcf7_locale\" value=\"de_DE\" \/><input type=\"hidden\" name=\"_wpcf7_unit_tag\" value=\"wpcf7-f18228-o1\" \/><input type=\"hidden\" name=\"_wpcf7_container_post\" value=\"0\" \/><input type=\"hidden\" name=\"_wpcf7_posted_data_hash\" value=\"\" \/>\n<\/fieldset>\n<p><label>Quelle \u00e9dition ?*<\/label><br \/>\n<span class=\"wpcf7-form-control-wrap\" data-name=\"EP-Ausgabe-checkbox-382\"><span class=\"wpcf7-form-control wpcf7-checkbox wpcf7-validates-as-required\"><span class=\"wpcf7-list-item first\"><label><input type=\"checkbox\" name=\"EP-Ausgabe-checkbox-382[]\" value=\"EP 2025-1 (Printemps)\" \/><span class=\"wpcf7-list-item-label\">EP 2025-1 (Printemps)<\/span><\/label><\/span><span class=\"wpcf7-list-item last\"><label><input type=\"checkbox\" name=\"EP-Ausgabe-checkbox-382[]\" value=\"EP 2025-2 (Automne)\" \/><span class=\"wpcf7-list-item-label\">EP 2025-2 (Automne)<\/span><\/label><\/span><\/span><\/span>\n<\/p>\n<p><label>Quelle version linguistique ?*<\/label><br \/>\n<span class=\"wpcf7-form-control-wrap\" data-name=\"SprachversionEPcheckbox-705\"><span class=\"wpcf7-form-control wpcf7-checkbox wpcf7-validates-as-required\"><span class=\"wpcf7-list-item first\"><label><input type=\"checkbox\" name=\"SprachversionEPcheckbox-705[]\" value=\"Allemand\" \/><span class=\"wpcf7-list-item-label\">Allemand<\/span><\/label><\/span><span class=\"wpcf7-list-item last\"><label><input type=\"checkbox\" name=\"SprachversionEPcheckbox-705[]\" value=\"Fran\u00e7ais\" \/><span class=\"wpcf7-list-item-label\">Fran\u00e7ais<\/span><\/label><\/span><\/span><\/span>\n<\/p>\n<p><label>Quel format ?*<\/label><br \/>\n<span class=\"wpcf7-form-control-wrap\" data-name=\"EP-Formatversionen\"><span class=\"wpcf7-form-control wpcf7-checkbox wpcf7-validates-as-required\"><span class=\"wpcf7-list-item first\"><label><input type=\"checkbox\" name=\"EP-Formatversionen[]\" value=\"Annonce 1\/1 page 3 PdC (159 x 219 mm)\" \/><span class=\"wpcf7-list-item-label\">Annonce 1\/1 page 3 PdC (159 x 219 mm)<\/span><\/label><\/span><span class=\"wpcf7-list-item\"><label><input type=\"checkbox\" name=\"EP-Formatversionen[]\" value=\"Annonce  1\/1 page (139 x 209 mm)\" \/><span class=\"wpcf7-list-item-label\">Annonce  1\/1 page (139 x 209 mm)<\/span><\/label><\/span><span class=\"wpcf7-list-item\"><label><input type=\"checkbox\" name=\"EP-Formatversionen[]\" value=\"Annonce  1\/2 page (139 x 102 mm)\" \/><span class=\"wpcf7-list-item-label\">Annonce  1\/2 page (139 x 102 mm)<\/span><\/label><\/span><span class=\"wpcf7-list-item\"><label><input type=\"checkbox\" name=\"EP-Formatversionen[]\" value=\"Publireportage 1\/1 Seite\" \/><span class=\"wpcf7-list-item-label\">Publireportage 1\/1 Seite<\/span><\/label><\/span><span class=\"wpcf7-list-item\"><label><input type=\"checkbox\" name=\"EP-Formatversionen[]\" value=\"Publireportage double page\" \/><span class=\"wpcf7-list-item-label\">Publireportage double page<\/span><\/label><\/span><span class=\"wpcf7-list-item\"><label><input type=\"checkbox\" name=\"EP-Formatversionen[]\" value=\"encarte D-CH (1&#039;200 ex.)\" \/><span class=\"wpcf7-list-item-label\">encarte D-CH (1&#039;200 ex.)<\/span><\/label><\/span><span class=\"wpcf7-list-item last\"><label><input type=\"checkbox\" name=\"EP-Formatversionen[]\" value=\"encarte F-CH (500 ex.)\" \/><span class=\"wpcf7-list-item-label\">encarte F-CH (500 ex.)<\/span><\/label><\/span><\/span><\/span>\n<\/p>\n<p><label>Organisation*<br \/>\n<span class=\"wpcf7-form-control-wrap\" data-name=\"your-organisation\"><input size=\"40\" maxlength=\"400\" class=\"wpcf7-form-control wpcf7-text wpcf7-validates-as-required\" aria-required=\"true\" aria-invalid=\"false\" placeholder=\"Votre organisation\" value=\"\" type=\"text\" name=\"your-organisation\" \/><\/span><\/label><br \/>\n<label>Salutation*<br \/>\n<span class=\"wpcf7-form-control-wrap\" data-name=\"salutation\"><input size=\"40\" maxlength=\"400\" class=\"wpcf7-form-control wpcf7-text wpcf7-validates-as-required\" aria-required=\"true\" aria-invalid=\"false\" placeholder=\"Madame\" value=\"\" type=\"text\" name=\"salutation\" \/><\/span><\/label><br \/>\n<label>Pr\u00e9nom*<br \/>\n<span class=\"wpcf7-form-control-wrap\" data-name=\"your-forename\"><input size=\"40\" maxlength=\"400\" class=\"wpcf7-form-control wpcf7-text wpcf7-validates-as-required\" aria-required=\"true\" aria-invalid=\"false\" placeholder=\"Petra\" value=\"\" type=\"text\" name=\"your-forename\" \/><\/span><\/label><br \/>\n<label>Nom de famille*<br \/>\n<span class=\"wpcf7-form-control-wrap\" data-name=\"your-name\"><input size=\"40\" maxlength=\"400\" class=\"wpcf7-form-control wpcf7-text wpcf7-validates-as-required\" aria-required=\"true\" aria-invalid=\"false\" placeholder=\"Muster\" value=\"\" type=\"text\" name=\"your-name\" \/><\/span><\/label><br \/>\n<label>Rue et no<br \/>\n<span class=\"wpcf7-form-control-wrap\" data-name=\"Strasse\"><input size=\"40\" maxlength=\"400\" class=\"wpcf7-form-control wpcf7-text\" aria-invalid=\"false\" placeholder=\"Rue de Gen\u00e8ve 88b\" value=\"\" type=\"text\" name=\"Strasse\" \/><\/span><\/label><br \/>\n<label>NPA et lieu<br \/>\n<span class=\"wpcf7-form-control-wrap\" data-name=\"PLZ\"><input size=\"40\" maxlength=\"400\" class=\"wpcf7-form-control wpcf7-text\" aria-invalid=\"false\" placeholder=\"1004 Lausanne\" value=\"\" type=\"text\" name=\"PLZ\" \/><\/span><\/label><br \/>\n<label>Num\u00e9ro de t\u00e9l\u00e9phone*<br \/>\n<span class=\"wpcf7-form-control-wrap\" data-name=\"tel-203\"><input size=\"40\" maxlength=\"400\" class=\"wpcf7-form-control wpcf7-tel wpcf7-validates-as-required wpcf7-text wpcf7-validates-as-tel\" aria-required=\"true\" aria-invalid=\"false\" placeholder=\"+41 (0)44 319 71 71\" value=\"\" type=\"tel\" name=\"tel-203\" \/><\/span><\/label><br \/>\n<label>Adresse \u00e9lectronique*<br \/>\n<span class=\"wpcf7-form-control-wrap\" data-name=\"your-email\"><input size=\"40\" maxlength=\"400\" class=\"wpcf7-form-control wpcf7-email wpcf7-validates-as-required wpcf7-text wpcf7-validates-as-email\" aria-required=\"true\" aria-invalid=\"false\" placeholder=\"petra.muster@alice.ch\" value=\"\" type=\"email\" name=\"your-email\" \/><\/span> <\/label><br \/>\n<label>Votre commentaire<br \/>\n<span class=\"wpcf7-form-control-wrap\" data-name=\"your-message\"><textarea cols=\"40\" rows=\"10\" maxlength=\"2000\" class=\"wpcf7-form-control wpcf7-textarea\" aria-invalid=\"false\" placeholder=\"Votre commentaire\" name=\"your-message\"><\/textarea><\/span> <\/label><br \/>\n<span class=\"wpcf7-form-control-wrap\" data-name=\"checkbox-911\"><span class=\"wpcf7-form-control wpcf7-checkbox\"><span class=\"wpcf7-list-item first last\"><label><input type=\"checkbox\" name=\"checkbox-911[]\" value=\"Oui, je suis membre de la FSEA.\" \/><span class=\"wpcf7-list-item-label\">Oui, je suis membre de la FSEA.<\/span><\/label><\/span><\/span><\/span>\n<\/p>\n<p><span id=\"wpcf7-69ef7448d1800-wrapper\" class=\"wpcf7-form-control-wrap honeypot-175-wrap\" style=\"display:none !important; visibility:hidden !important;\"><label for=\"wpcf7-69ef7448d1800-field\" class=\"hp-message\">Bitte lasse dieses Feld leer.<\/label><input id=\"wpcf7-69ef7448d1800-field\"  class=\"wpcf7-form-control wpcf7-text\" type=\"text\" name=\"honeypot-175\" value=\"\" size=\"40\" tabindex=\"-1\" autocomplete=\"new-password\" \/><\/span>\n<\/p>\n<p><input class=\"wpcf7-form-control wpcf7-submit has-spinner\" type=\"submit\" value=\"Envoyer\" \/><br \/>\n*Champs obligatoires\n<\/p><div class=\"cf7-cookie-message\" style=\"margin-top:1em;color:#000;\">Merci d\u2019accepter les cookies afin de pouvoir soumettre le formulaire.<\/div><div class=\"wpcf7-response-output\" aria-hidden=\"true\"><\/div>\n<\/form>\n<\/div>\n<\/div>\n\n\n\n<div style=\"height:38px\" aria-hidden=\"true\" class=\"wp-block-spacer\"><\/div>\n\n\n\n<div class=\"wp-block-columns is-layout-flex wp-container-core-columns-is-layout-28f84493 wp-block-columns-is-layout-flex\">\n<div class=\"wp-block-column is-layout-flow wp-block-column-is-layout-flow\" style=\"flex-basis:50%\">\n<div class=\"wp-block-file\"><a id=\"wp-block-file--media-f0c2031b-f55d-4e3c-830f-482f01742f78\" href=\"https:\/\/alice.ch\/app\/uploads\/2024\/11\/options-publicitaires-2025-fsea.pdf\">Options publicitaires \u00e0 la FSEA 2025<br \/>PDF &#8211; 2 Mo<\/a><\/div>\n<\/div>\n\n\n\n<div class=\"wp-block-column is-layout-flow wp-block-column-is-layout-flow\" style=\"flex-basis:50%\">\n<div class=\"wp-block-file\"><a id=\"wp-block-file--media-85bc994c-c21d-4b6e-9d38-3e5c391a55f8\" href=\"https:\/\/alice.ch\/app\/uploads\/2025\/09\/fsea-options-publicitaires-2026.pdf\">Options publicitaires \u00e0 la FSEA 2026<br \/>PDF &#8211; 386 kb<\/a><\/div>\n<\/div>\n<\/div>\n<\/div>\n\n\n\n<div class=\"wp-block-group is-style-default is-layout-constrained wp-block-group-is-layout-constrained\">\n<h2 class=\"wp-block-heading\">Contact annonces publicitaires<\/h2>\n\n\n\n<div class=\"wp-block-columns is-layout-flex wp-container-core-columns-is-layout-28f84493 wp-block-columns-is-layout-flex\">\n<div class=\"wp-block-column is-layout-flow wp-block-column-is-layout-flow\" style=\"flex-basis:50%\"><div class=\"contact-persons\">\n\n\t\t\t\t\t<div class=\"contact-person\">\n\t\t\t\t\tMarie Gandola<br \/>\t\t\t\t\tAssistante de Direction   Coordinatrice FFA Romandie<br \/>\t\t\t\t\t<br \/>\n\t\t\t\t\t\t\t\t\t\t<a href=\"tel:+41 (0)22 994 20 10\">+41 (0)22 994 20 10<\/a><br \/>\t\t\t\t\t<a href=\"mailto:marie.gandola@alice.ch\">marie.gandola@alice.ch<\/a><br \/>\t\t\t\t\t<\/div>\n\t\t\t\t\t<\/div>\n<\/div>\n\n\n\n<div class=\"wp-block-column is-layout-flow wp-block-column-is-layout-flow\" style=\"flex-basis:50%\"><\/div>\n<\/div>\n<\/div>\n<\/div>\n","protected":false},"excerpt":{"rendered":"<p>R\u00e9servez des annonces et encarts Education Permanente est la seule revue professionnelle qui porte sur la formation continue en Suisse. [&hellip;]<\/p>\n","protected":false},"author":5,"featured_media":20799,"parent":11376,"menu_order":164,"comment_status":"closed","ping_status":"closed","template":"","meta":{"_acf_changed":false,"inline_featured_image":false,"footnotes":""},"class_list":["post-54774","page","type-page","status-publish","has-post-thumbnail","hentry"],"acf":[],"yoast_head":"<!-- This site is optimized with the Yoast SEO plugin v27.3 - https:\/\/yoast.com\/product\/yoast-seo-wordpress\/ -->\n<title>R\u00e9servation EP - FSEA<\/title>\n<meta name=\"description\" content=\"En pla\u00e7ant votre publicit\u00e9 aupr\u00e8s de la FSEA, vous atteignez vos groupes cibles dans le domaine de la formation sans perte de diffusion.\" \/>\n<meta name=\"robots\" content=\"index, follow, max-snippet:-1, max-image-preview:large, max-video-preview:-1\" \/>\n<link rel=\"canonical\" href=\"https:\/\/alice.ch\/fr\/services\/placer-une-publicite\/reservation-ep\/\" \/>\n<meta property=\"og:locale\" content=\"fr_FR\" \/>\n<meta property=\"og:type\" content=\"article\" \/>\n<meta property=\"og:title\" content=\"R\u00e9servation EP - FSEA\" \/>\n<meta property=\"og:description\" content=\"En pla\u00e7ant votre publicit\u00e9 aupr\u00e8s de la FSEA, vous atteignez vos groupes cibles dans le domaine de la formation sans perte de diffusion.\" \/>\n<meta property=\"og:url\" content=\"https:\/\/alice.ch\/fr\/services\/placer-une-publicite\/reservation-ep\/\" \/>\n<meta property=\"og:site_name\" content=\"SVEB\" \/>\n<meta property=\"article:modified_time\" content=\"2025-09-22T12:51:36+00:00\" \/>\n<meta name=\"twitter:card\" content=\"summary_large_image\" \/>\n<meta name=\"twitter:label1\" content=\"Dur\u00e9e de lecture estim\u00e9e\" \/>\n\t<meta name=\"twitter:data1\" content=\"1 minute\" \/>\n<script type=\"application\/ld+json\" class=\"yoast-schema-graph\">{\"@context\":\"https:\\\/\\\/schema.org\",\"@graph\":[{\"@type\":\"WebPage\",\"@id\":\"https:\\\/\\\/alice.ch\\\/fr\\\/services\\\/placer-une-publicite\\\/reservation-ep\\\/\",\"url\":\"https:\\\/\\\/alice.ch\\\/fr\\\/services\\\/placer-une-publicite\\\/reservation-ep\\\/\",\"name\":\"R\u00e9servation EP - FSEA\",\"isPartOf\":{\"@id\":\"https:\\\/\\\/alice.ch\\\/fr\\\/#website\"},\"primaryImageOfPage\":{\"@id\":\"https:\\\/\\\/alice.ch\\\/fr\\\/services\\\/placer-une-publicite\\\/reservation-ep\\\/#primaryimage\"},\"image\":{\"@id\":\"https:\\\/\\\/alice.ch\\\/fr\\\/services\\\/placer-une-publicite\\\/reservation-ep\\\/#primaryimage\"},\"thumbnailUrl\":\"https:\\\/\\\/alice.ch\\\/app\\\/uploads\\\/2022\\\/11\\\/default.jpg\",\"datePublished\":\"2023-10-11T18:37:36+00:00\",\"dateModified\":\"2025-09-22T12:51:36+00:00\",\"description\":\"En pla\u00e7ant votre publicit\u00e9 aupr\u00e8s de la FSEA, vous atteignez vos groupes cibles dans le domaine de la formation sans perte de diffusion.\",\"breadcrumb\":{\"@id\":\"https:\\\/\\\/alice.ch\\\/fr\\\/services\\\/placer-une-publicite\\\/reservation-ep\\\/#breadcrumb\"},\"inLanguage\":\"fr-FR\",\"potentialAction\":[{\"@type\":\"ReadAction\",\"target\":[\"https:\\\/\\\/alice.ch\\\/fr\\\/services\\\/placer-une-publicite\\\/reservation-ep\\\/\"]}]},{\"@type\":\"ImageObject\",\"inLanguage\":\"fr-FR\",\"@id\":\"https:\\\/\\\/alice.ch\\\/fr\\\/services\\\/placer-une-publicite\\\/reservation-ep\\\/#primaryimage\",\"url\":\"https:\\\/\\\/alice.ch\\\/app\\\/uploads\\\/2022\\\/11\\\/default.jpg\",\"contentUrl\":\"https:\\\/\\\/alice.ch\\\/app\\\/uploads\\\/2022\\\/11\\\/default.jpg\",\"width\":1600,\"height\":900},{\"@type\":\"BreadcrumbList\",\"@id\":\"https:\\\/\\\/alice.ch\\\/fr\\\/services\\\/placer-une-publicite\\\/reservation-ep\\\/#breadcrumb\",\"itemListElement\":[{\"@type\":\"ListItem\",\"position\":1,\"name\":\"Page d'accueil\",\"item\":\"https:\\\/\\\/alice.ch\\\/fr\\\/\"},{\"@type\":\"ListItem\",\"position\":2,\"name\":\"Services\",\"item\":\"https:\\\/\\\/alice.ch\\\/fr\\\/services\\\/\"},{\"@type\":\"ListItem\",\"position\":3,\"name\":\"Placer une publicit\u00e9\",\"item\":\"https:\\\/\\\/alice.ch\\\/fr\\\/services\\\/placer-une-publicite\\\/\"},{\"@type\":\"ListItem\",\"position\":4,\"name\":\"R\u00e9servation EP\"}]},{\"@type\":\"WebSite\",\"@id\":\"https:\\\/\\\/alice.ch\\\/fr\\\/#website\",\"url\":\"https:\\\/\\\/alice.ch\\\/fr\\\/\",\"name\":\"alice.ch (Adult Learning Information Center) ist das Portal der Weiterbildung in der Schweiz.\",\"description\":\"Schweizerischer Verband f\u00fcr Weiterbildung\",\"publisher\":{\"@id\":\"https:\\\/\\\/alice.ch\\\/fr\\\/#organization\"},\"potentialAction\":[{\"@type\":\"SearchAction\",\"target\":{\"@type\":\"EntryPoint\",\"urlTemplate\":\"https:\\\/\\\/alice.ch\\\/fr\\\/?s={search_term_string}\"},\"query-input\":{\"@type\":\"PropertyValueSpecification\",\"valueRequired\":true,\"valueName\":\"search_term_string\"}}],\"inLanguage\":\"fr-FR\"},{\"@type\":\"Organization\",\"@id\":\"https:\\\/\\\/alice.ch\\\/fr\\\/#organization\",\"name\":\"FSEA F\u00e9d\u00e9ration suisse pour la formation continue\",\"url\":\"https:\\\/\\\/alice.ch\\\/fr\\\/\",\"logo\":{\"@type\":\"ImageObject\",\"inLanguage\":\"fr-FR\",\"@id\":\"https:\\\/\\\/alice.ch\\\/fr\\\/#\\\/schema\\\/logo\\\/image\\\/\",\"url\":\"https:\\\/\\\/alice.ch\\\/app\\\/uploads\\\/2022\\\/07\\\/logo-sveb.png\",\"contentUrl\":\"https:\\\/\\\/alice.ch\\\/app\\\/uploads\\\/2022\\\/07\\\/logo-sveb.png\",\"width\":145,\"height\":64,\"caption\":\"FSEA F\u00e9d\u00e9ration suisse pour la formation continue\"},\"image\":{\"@id\":\"https:\\\/\\\/alice.ch\\\/fr\\\/#\\\/schema\\\/logo\\\/image\\\/\"},\"sameAs\":[\"https:\\\/\\\/www.linkedin.com\\\/company\\\/schweizerischer-verband-fr-weiterbildung-sveb\\\/\"]}]}<\/script>\n<!-- \/ Yoast SEO plugin. -->","yoast_head_json":{"title":"R\u00e9servation EP - FSEA","description":"En pla\u00e7ant votre publicit\u00e9 aupr\u00e8s de la FSEA, vous atteignez vos groupes cibles dans le domaine de la formation sans perte de diffusion.","robots":{"index":"index","follow":"follow","max-snippet":"max-snippet:-1","max-image-preview":"max-image-preview:large","max-video-preview":"max-video-preview:-1"},"canonical":"https:\/\/alice.ch\/fr\/services\/placer-une-publicite\/reservation-ep\/","og_locale":"fr_FR","og_type":"article","og_title":"R\u00e9servation EP - FSEA","og_description":"En pla\u00e7ant votre publicit\u00e9 aupr\u00e8s de la FSEA, vous atteignez vos groupes cibles dans le domaine de la formation sans perte de diffusion.","og_url":"https:\/\/alice.ch\/fr\/services\/placer-une-publicite\/reservation-ep\/","og_site_name":"SVEB","article_modified_time":"2025-09-22T12:51:36+00:00","twitter_card":"summary_large_image","twitter_misc":{"Dur\u00e9e de lecture estim\u00e9e":"1 minute"},"schema":{"@context":"https:\/\/schema.org","@graph":[{"@type":"WebPage","@id":"https:\/\/alice.ch\/fr\/services\/placer-une-publicite\/reservation-ep\/","url":"https:\/\/alice.ch\/fr\/services\/placer-une-publicite\/reservation-ep\/","name":"R\u00e9servation EP - FSEA","isPartOf":{"@id":"https:\/\/alice.ch\/fr\/#website"},"primaryImageOfPage":{"@id":"https:\/\/alice.ch\/fr\/services\/placer-une-publicite\/reservation-ep\/#primaryimage"},"image":{"@id":"https:\/\/alice.ch\/fr\/services\/placer-une-publicite\/reservation-ep\/#primaryimage"},"thumbnailUrl":"https:\/\/alice.ch\/app\/uploads\/2022\/11\/default.jpg","datePublished":"2023-10-11T18:37:36+00:00","dateModified":"2025-09-22T12:51:36+00:00","description":"En pla\u00e7ant votre publicit\u00e9 aupr\u00e8s de la FSEA, vous atteignez vos groupes cibles dans le domaine de la formation sans perte de diffusion.","breadcrumb":{"@id":"https:\/\/alice.ch\/fr\/services\/placer-une-publicite\/reservation-ep\/#breadcrumb"},"inLanguage":"fr-FR","potentialAction":[{"@type":"ReadAction","target":["https:\/\/alice.ch\/fr\/services\/placer-une-publicite\/reservation-ep\/"]}]},{"@type":"ImageObject","inLanguage":"fr-FR","@id":"https:\/\/alice.ch\/fr\/services\/placer-une-publicite\/reservation-ep\/#primaryimage","url":"https:\/\/alice.ch\/app\/uploads\/2022\/11\/default.jpg","contentUrl":"https:\/\/alice.ch\/app\/uploads\/2022\/11\/default.jpg","width":1600,"height":900},{"@type":"BreadcrumbList","@id":"https:\/\/alice.ch\/fr\/services\/placer-une-publicite\/reservation-ep\/#breadcrumb","itemListElement":[{"@type":"ListItem","position":1,"name":"Page d'accueil","item":"https:\/\/alice.ch\/fr\/"},{"@type":"ListItem","position":2,"name":"Services","item":"https:\/\/alice.ch\/fr\/services\/"},{"@type":"ListItem","position":3,"name":"Placer une publicit\u00e9","item":"https:\/\/alice.ch\/fr\/services\/placer-une-publicite\/"},{"@type":"ListItem","position":4,"name":"R\u00e9servation EP"}]},{"@type":"WebSite","@id":"https:\/\/alice.ch\/fr\/#website","url":"https:\/\/alice.ch\/fr\/","name":"alice.ch (Adult Learning Information Center) ist das Portal der Weiterbildung in der Schweiz.","description":"Schweizerischer Verband f\u00fcr Weiterbildung","publisher":{"@id":"https:\/\/alice.ch\/fr\/#organization"},"potentialAction":[{"@type":"SearchAction","target":{"@type":"EntryPoint","urlTemplate":"https:\/\/alice.ch\/fr\/?s={search_term_string}"},"query-input":{"@type":"PropertyValueSpecification","valueRequired":true,"valueName":"search_term_string"}}],"inLanguage":"fr-FR"},{"@type":"Organization","@id":"https:\/\/alice.ch\/fr\/#organization","name":"FSEA F\u00e9d\u00e9ration suisse pour la formation continue","url":"https:\/\/alice.ch\/fr\/","logo":{"@type":"ImageObject","inLanguage":"fr-FR","@id":"https:\/\/alice.ch\/fr\/#\/schema\/logo\/image\/","url":"https:\/\/alice.ch\/app\/uploads\/2022\/07\/logo-sveb.png","contentUrl":"https:\/\/alice.ch\/app\/uploads\/2022\/07\/logo-sveb.png","width":145,"height":64,"caption":"FSEA F\u00e9d\u00e9ration suisse pour la formation continue"},"image":{"@id":"https:\/\/alice.ch\/fr\/#\/schema\/logo\/image\/"},"sameAs":["https:\/\/www.linkedin.com\/company\/schweizerischer-verband-fr-weiterbildung-sveb\/"]}]}},"_links":{"self":[{"href":"https:\/\/alice.ch\/fr\/wp-json\/wp\/v2\/pages\/54774","targetHints":{"allow":["GET"]}}],"collection":[{"href":"https:\/\/alice.ch\/fr\/wp-json\/wp\/v2\/pages"}],"about":[{"href":"https:\/\/alice.ch\/fr\/wp-json\/wp\/v2\/types\/page"}],"author":[{"embeddable":true,"href":"https:\/\/alice.ch\/fr\/wp-json\/wp\/v2\/users\/5"}],"replies":[{"embeddable":true,"href":"https:\/\/alice.ch\/fr\/wp-json\/wp\/v2\/comments?post=54774"}],"version-history":[{"count":7,"href":"https:\/\/alice.ch\/fr\/wp-json\/wp\/v2\/pages\/54774\/revisions"}],"predecessor-version":[{"id":70555,"href":"https:\/\/alice.ch\/fr\/wp-json\/wp\/v2\/pages\/54774\/revisions\/70555"}],"up":[{"embeddable":true,"href":"https:\/\/alice.ch\/fr\/wp-json\/wp\/v2\/pages\/11376"}],"wp:featuredmedia":[{"embeddable":true,"href":"https:\/\/alice.ch\/fr\/wp-json\/wp\/v2\/media\/20799"}],"wp:attachment":[{"href":"https:\/\/alice.ch\/fr\/wp-json\/wp\/v2\/media?parent=54774"}],"curies":[{"name":"wp","href":"https:\/\/api.w.org\/{rel}","templated":true}]}}