{"id":63113,"date":"2024-10-10T13:56:24","date_gmt":"2024-10-10T11:56:24","guid":{"rendered":"https:\/\/alice.ch\/?page_id=63113"},"modified":"2025-08-28T14:39:13","modified_gmt":"2025-08-28T12:39:13","slug":"reseau-romand-pour-la-qualite-en-formation-des-adultes-rqfa-fsea","status":"publish","type":"page","link":"https:\/\/alice.ch\/fr\/qualite\/qualite-dans-la-formation-continue\/reseau-romand-pour-la-qualite-en-formation-des-adultes-rqfa-fsea\/","title":{"rendered":"R\u00e9seau romand pour la qualit\u00e9 en formation des adultes (RQFA)"},"content":{"rendered":"\n<div class=\"wp-block-group is-style-reduced-width is-layout-constrained wp-block-group-is-layout-constrained\">\n<h1 class=\"wp-block-heading\">Le r\u00e9seau romand pour la qualit\u00e9 en formation des adultes (RQFA)<\/h1>\n\n\n\n<p class=\"is-style-lead\">Le r\u00e9seau romand pour la qualit\u00e9 en formation des adultes (RQFA) a \u00e9t\u00e9 cr\u00e9\u00e9 en 2015 en collaboration avec la F\u00e9d\u00e9ration suisse pour la formation continue (FSEA). Son objectif est d\u2019offrir un lieu d\u2019\u00e9change et de r\u00e9flexion pour tous les acteurs s\u2019interrogeant sur les questions de qualit\u00e9 dans la formation continue.&nbsp;<\/p>\n\n\n\n<p>Le RQFA souhaite offrir un espace d\u2019\u00e9change et de partage fond\u00e9 sur une d\u00e9marche participative et r\u00e9flexive. La pluralit\u00e9 des identit\u00e9s, des comp\u00e9tences et des points de vue est consid\u00e9r\u00e9e comme une source d\u2019enrichissement. Le RQFA produit des id\u00e9es, des concepts et des solutions avec et pour l\u2019ensemble des acteurs de la qualit\u00e9 dans la formation d\u2019adulte.<\/p>\n\n\n\n<h2 class=\"wp-block-heading\">Comit\u00e9&nbsp;<\/h2>\n\n\n\n<p>Le comit\u00e9 du RQFA se compose de personnes actives autour des questions concernant la qualit\u00e9 dans la formation continue en Suisse romande. En font actuellement parti\u202f: Fr\u00e9d\u00e9rique T\u00fctsch (Fondation IPT), Emmanuel Fragni\u00e8re (HEVS), Magali Reymond (CEP Vaud), Solange Dunand (auditrice Qualit\u00e9 accr\u00e9dit\u00e9e), Didier Juillerat (CIP Tramelan), Blaise Neyroud (ind\u00e9pendant), Sylvie Corth\u00e9sy (Tiilt by CIP). La FSEA est repr\u00e9sent\u00e9e par Caroline Meier et Alexandre Lecoultre qui se chargent de l\u2019administration du r\u00e9seau et de l\u2019organisation de ses activit\u00e9s.&nbsp;<\/p>\n\n\n\n<h2 class=\"wp-block-heading\">Objectifs&nbsp;<\/h2>\n\n\n\n<p>Le RQFA a pour objectif g\u00e9n\u00e9ral de promouvoir la qualit\u00e9 en formation continue\u202f; ses objectifs sp\u00e9cifiques se d\u00e9clinent au travers de deux axes\u202f: le partage et le d\u00e9veloppement.&nbsp;<\/p>\n\n\n\n<p>Axe partage\u202f:&nbsp;<\/p>\n\n\n\n<ul class=\"wp-block-list\">\n<li>offrir un espace d\u2019\u00e9change et de partage&nbsp;&nbsp;<\/li>\n\n\n\n<li>se soutenir entre pairs&nbsp;&nbsp;<\/li>\n\n\n\n<li>partager les ressources et\/ou les comp\u00e9tences&nbsp;&nbsp;<\/li>\n\n\n\n<li>porter une \u00ab r\u00e9flexion m\u00e9tier \u00bb sur des points tels que les \u00e9valuations ou le transfert par ex.&nbsp;<\/li>\n\n\n\n<li>cartographier, \u00e0 but informatif, le paysage de la formation des formatrices et des formateurs, ainsi que des acteurs de la qualit\u00e9 en formation<\/li>\n<\/ul>\n\n\n\n<p>Axe d\u00e9veloppement\u202f:&nbsp;<\/p>\n\n\n\n<ul class=\"wp-block-list\">\n<li>d\u00e9velopper la transparence au sein du secteur et d\u00e9fendre les m\u00e9tiers de la formation continue&nbsp;<\/li>\n\n\n\n<li>visiter la notion de norme qualit\u00e9 au regard de la r\u00e9alit\u00e9 du terrain&nbsp;&nbsp;<\/li>\n\n\n\n<li>collaborer avec les diff\u00e9rents organismes de certification&nbsp;&nbsp;<\/li>\n\n\n\n<li>d\u00e9fendre la qualit\u00e9 face aux acteurs d\u00e9cisionnaires politiques et \u00e9conomiques, r\u00e9gionaux et nationaux&nbsp;&nbsp;<\/li>\n\n\n\n<li>d\u00e9fendre le statut et la d\u00e9ontologie des formateurs et des formatrices d\u2019adultes&nbsp;&nbsp;<\/li>\n\n\n\n<li>d\u00e9fendre le statut de la formation d\u2019adultes au regard de la loi<\/li>\n<\/ul>\n\n\n\n<h2 class=\"wp-block-heading\">Activit\u00e9s&nbsp;<\/h2>\n\n\n\n<p>Les activit\u00e9s propos\u00e9es par le RQFA sont publiques\u202f: toute personne ou institution int\u00e9ress\u00e9e peut y participer \u00e0 titre individuel ou collectif. Les informations au sujet des activit\u00e9s pass\u00e9es et \u00e0 venir sont transmises via la <a href=\"https:\/\/alice.ch\/fr\/actualite\/newsletter\/\">Newsletter de la FSEA<\/a> ainsi que <a href=\"https:\/\/www.linkedin.com\/company\/478497\/\" target=\"_blank\" rel=\"noreferrer noopener\">les r\u00e9seaux sociaux de la FSEA<\/a>. Les webinaires enregistr\u00e9s sont ensuite publi\u00e9s sur le <a href=\"https:\/\/www.youtube.com\/@sveb_fsea\" target=\"_blank\" rel=\"noreferrer noopener\">canal Youtube de la FSEA<\/a>.&nbsp;<\/p>\n\n\n\n<div class=\"wp-block-columns is-layout-flex wp-container-core-columns-is-layout-28f84493 wp-block-columns-is-layout-flex\">\n<div class=\"wp-block-column is-layout-flow wp-block-column-is-layout-flow\" style=\"flex-basis:100%\">\n<figure class=\"wp-block-table\"><table class=\"has-fixed-layout\"><tbody><tr><td><strong>Date<\/strong><\/td><td><strong>Lieu<\/strong><\/td><td><strong>Sujet<\/strong><\/td><td><strong>Personne invit\u00e9e&nbsp;<\/strong><\/td><\/tr><tr><td>2025<\/td><td>Webinaire en ligne\u00a0<\/td><td>D\u00e9velopper des comp\u00e9tences\u2026 vraiment ?<\/td><td>Patrick Favre et Sandra Bissig<\/td><\/tr><tr><td>2025<\/td><td>Webinaire en ligne&nbsp;<\/td><td>Qualit\u00e9 de contenus. Au-del\u00e0 des images : l\u00e9gitimit\u00e9, cr\u00e9dibilit\u00e9 , pertinence.&nbsp;<\/td><td>Djamileh Aminian&nbsp;<\/td><\/tr><tr><td>2024<\/td><td>Webinaire en ligne<\/td><td>Approche syst\u00e9mique pour \u00e9valuer la qualit\u00e9. Quels indicateurs\u202f?&nbsp;<\/td><td>Raymond Gafner&nbsp;<\/td><\/tr><tr><td>2022<\/td><td>Webinaire en ligne<\/td><td>G\u00e9rer les risques pour p\u00e9renniser l\u2019entreprise \u2013 la mission de la qualit\u00e9&nbsp;<\/td><td>Emmanuel Fragni\u00e8re&nbsp;<br>Ueli B\u00fcrgi&nbsp;<\/td><\/tr><tr><td>2022<\/td><td>Webinaire en ligne<\/td><td>Nouvelle norme eduQua:2021<\/td><td>Comit\u00e9<\/td><\/tr><tr><td>2021<\/td><td>Webinaire en ligne<\/td><td>Digitalisation de la formation : de l\u2019improvisation \u00e0 la gestion du risque&nbsp;<\/td><td>UNIGE&nbsp;<br>CEP&nbsp;<\/td><\/tr><tr><td>2017<\/td><td>En ligne<\/td><td>Atelier de soutien pour les prestataires certifi\u00e9s EduQua\u202f: sens et utilit\u00e9 de l\u2019auto-\u00e9valuation&nbsp;<\/td><td>Comit\u00e9&nbsp;<\/td><\/tr><tr><td>2017<\/td><td>Yverdon-Les-Bains<\/td><td>Les normes qualit\u00e9 et la qualit\u00e9 des normes&nbsp;<\/td><td>St\u00e9phane Perrottet&nbsp;<br>SECO&nbsp;<\/td><\/tr><tr><td>2016<\/td><td>Neuch\u00e2tel&nbsp;<\/td><td>En quoi le transfert des apprentissages est-il un indicateur de la qualit\u00e9\u202f?&nbsp;<\/td><td>Comit\u00e9&nbsp;<\/td><\/tr><tr><td>2015<\/td><td>Lausanne<\/td><td>Lancement du RQFA&nbsp;<\/td><td>Comit\u00e9&nbsp;<\/td><\/tr><\/tbody><\/table><\/figure>\n<\/div>\n<\/div>\n\n\n\n<h2 class=\"wp-block-heading\">Contact<\/h2>\n\n\n\n<div class=\"wp-block-columns is-layout-flex wp-container-core-columns-is-layout-28f84493 wp-block-columns-is-layout-flex\">\n<div class=\"wp-block-column is-layout-flow wp-block-column-is-layout-flow\" style=\"flex-basis:50%\"><div class=\"contact-persons\">\n\n\t\t\t\t\t<div class=\"contact-person\">\n\t\t\t\t\t\t\t\t\t\t\t\t\t\t\t<br \/>\n\t\t\t\t\tc\/o FSEA F\u00e9d\u00e9ration pour la formation continue<br \/>\r\nRue de Gen\u00e8ve 88b <br \/>\r\n1004 Lausanne<br \/>\t\t\t\t\t\t\t\t\t\t<a href=\"mailto:fsea@alice.ch \">fsea@alice.ch <\/a><br \/>\t\t\t\t\t<\/div>\n\t\t\t\t\t<\/div>\n<\/div>\n\n\n\n<div class=\"wp-block-column is-layout-flow wp-block-column-is-layout-flow\" style=\"flex-basis:50%\"><\/div>\n<\/div>\n<\/div>\n\n\n\n<p><\/p>\n","protected":false},"excerpt":{"rendered":"<p>Le r\u00e9seau romand pour la qualit\u00e9 en formation des adultes (RQFA) Le r\u00e9seau romand pour la qualit\u00e9 en formation des [&hellip;]<\/p>\n","protected":false},"author":5,"featured_media":20799,"parent":11250,"menu_order":295,"comment_status":"closed","ping_status":"closed","template":"","meta":{"_acf_changed":false,"inline_featured_image":false,"footnotes":""},"class_list":["post-63113","page","type-page","status-publish","has-post-thumbnail","hentry"],"acf":[],"yoast_head":"<!-- This site is optimized with the Yoast SEO plugin v27.3 - https:\/\/yoast.com\/product\/yoast-seo-wordpress\/ -->\n<title>R\u00e9seau romand pour la qualit\u00e9 en formation des adultes (RQFA) - FSEA<\/title>\n<meta name=\"description\" content=\"Le r\u00e9seau romand pour la qualit\u00e9 en formation des adultes (RQFA) a pour objectif d\u2019offrir un lieu d\u2019\u00e9change et de r\u00e9flexion pour tous les acteurs s\u2019interrogeant sur les questions de qualit\u00e9 dans la formation continue.\u00a0En lien avec la FSEA.\" \/>\n<meta name=\"robots\" content=\"index, follow, max-snippet:-1, max-image-preview:large, max-video-preview:-1\" \/>\n<link rel=\"canonical\" href=\"https:\/\/alice.ch\/fr\/qualite\/qualite-dans-la-formation-continue\/reseau-romand-pour-la-qualite-en-formation-des-adultes-rqfa-fsea\/\" \/>\n<meta property=\"og:locale\" content=\"fr_FR\" \/>\n<meta property=\"og:type\" content=\"article\" \/>\n<meta property=\"og:title\" content=\"R\u00e9seau romand pour la qualit\u00e9 en formation des adultes (RQFA) - FSEA\" \/>\n<meta property=\"og:description\" content=\"Le r\u00e9seau romand pour la qualit\u00e9 en formation des adultes (RQFA) a pour objectif d\u2019offrir un lieu d\u2019\u00e9change et de r\u00e9flexion pour tous les acteurs s\u2019interrogeant sur les questions de qualit\u00e9 dans la formation continue.\u00a0En lien avec la FSEA.\" \/>\n<meta property=\"og:url\" content=\"https:\/\/alice.ch\/fr\/qualite\/qualite-dans-la-formation-continue\/reseau-romand-pour-la-qualite-en-formation-des-adultes-rqfa-fsea\/\" \/>\n<meta property=\"og:site_name\" content=\"SVEB\" \/>\n<meta property=\"article:modified_time\" content=\"2025-08-28T12:39:13+00:00\" \/>\n<meta name=\"twitter:card\" content=\"summary_large_image\" \/>\n<meta name=\"twitter:label1\" content=\"Dur\u00e9e de lecture estim\u00e9e\" \/>\n\t<meta name=\"twitter:data1\" content=\"3 minutes\" \/>\n<script type=\"application\/ld+json\" class=\"yoast-schema-graph\">{\"@context\":\"https:\\\/\\\/schema.org\",\"@graph\":[{\"@type\":\"WebPage\",\"@id\":\"https:\\\/\\\/alice.ch\\\/fr\\\/qualite\\\/qualite-dans-la-formation-continue\\\/reseau-romand-pour-la-qualite-en-formation-des-adultes-rqfa-fsea\\\/\",\"url\":\"https:\\\/\\\/alice.ch\\\/fr\\\/qualite\\\/qualite-dans-la-formation-continue\\\/reseau-romand-pour-la-qualite-en-formation-des-adultes-rqfa-fsea\\\/\",\"name\":\"R\u00e9seau romand pour la qualit\u00e9 en formation des adultes (RQFA) - FSEA\",\"isPartOf\":{\"@id\":\"https:\\\/\\\/alice.ch\\\/fr\\\/#website\"},\"primaryImageOfPage\":{\"@id\":\"https:\\\/\\\/alice.ch\\\/fr\\\/qualite\\\/qualite-dans-la-formation-continue\\\/reseau-romand-pour-la-qualite-en-formation-des-adultes-rqfa-fsea\\\/#primaryimage\"},\"image\":{\"@id\":\"https:\\\/\\\/alice.ch\\\/fr\\\/qualite\\\/qualite-dans-la-formation-continue\\\/reseau-romand-pour-la-qualite-en-formation-des-adultes-rqfa-fsea\\\/#primaryimage\"},\"thumbnailUrl\":\"https:\\\/\\\/alice.ch\\\/app\\\/uploads\\\/2022\\\/11\\\/default.jpg\",\"datePublished\":\"2024-10-10T11:56:24+00:00\",\"dateModified\":\"2025-08-28T12:39:13+00:00\",\"description\":\"Le r\u00e9seau romand pour la qualit\u00e9 en formation des adultes (RQFA) a pour objectif d\u2019offrir un lieu d\u2019\u00e9change et de r\u00e9flexion pour tous les acteurs s\u2019interrogeant sur les questions de qualit\u00e9 dans la formation continue.\u00a0En lien avec la FSEA.\",\"breadcrumb\":{\"@id\":\"https:\\\/\\\/alice.ch\\\/fr\\\/qualite\\\/qualite-dans-la-formation-continue\\\/reseau-romand-pour-la-qualite-en-formation-des-adultes-rqfa-fsea\\\/#breadcrumb\"},\"inLanguage\":\"fr-FR\",\"potentialAction\":[{\"@type\":\"ReadAction\",\"target\":[\"https:\\\/\\\/alice.ch\\\/fr\\\/qualite\\\/qualite-dans-la-formation-continue\\\/reseau-romand-pour-la-qualite-en-formation-des-adultes-rqfa-fsea\\\/\"]}]},{\"@type\":\"ImageObject\",\"inLanguage\":\"fr-FR\",\"@id\":\"https:\\\/\\\/alice.ch\\\/fr\\\/qualite\\\/qualite-dans-la-formation-continue\\\/reseau-romand-pour-la-qualite-en-formation-des-adultes-rqfa-fsea\\\/#primaryimage\",\"url\":\"https:\\\/\\\/alice.ch\\\/app\\\/uploads\\\/2022\\\/11\\\/default.jpg\",\"contentUrl\":\"https:\\\/\\\/alice.ch\\\/app\\\/uploads\\\/2022\\\/11\\\/default.jpg\",\"width\":1600,\"height\":900},{\"@type\":\"BreadcrumbList\",\"@id\":\"https:\\\/\\\/alice.ch\\\/fr\\\/qualite\\\/qualite-dans-la-formation-continue\\\/reseau-romand-pour-la-qualite-en-formation-des-adultes-rqfa-fsea\\\/#breadcrumb\",\"itemListElement\":[{\"@type\":\"ListItem\",\"position\":1,\"name\":\"Page d'accueil\",\"item\":\"https:\\\/\\\/alice.ch\\\/fr\\\/\"},{\"@type\":\"ListItem\",\"position\":2,\"name\":\"Qualit\u00e9\",\"item\":\"https:\\\/\\\/alice.ch\\\/fr\\\/qualite\\\/\"},{\"@type\":\"ListItem\",\"position\":3,\"name\":\"Qualit\u00e9 dans la formation continue\",\"item\":\"https:\\\/\\\/alice.ch\\\/fr\\\/qualite\\\/qualite-dans-la-formation-continue\\\/\"},{\"@type\":\"ListItem\",\"position\":4,\"name\":\"R\u00e9seau romand pour la qualit\u00e9 en formation des adultes (RQFA)\"}]},{\"@type\":\"WebSite\",\"@id\":\"https:\\\/\\\/alice.ch\\\/fr\\\/#website\",\"url\":\"https:\\\/\\\/alice.ch\\\/fr\\\/\",\"name\":\"alice.ch (Adult Learning Information Center) ist das Portal der Weiterbildung in der Schweiz.\",\"description\":\"Schweizerischer Verband f\u00fcr Weiterbildung\",\"publisher\":{\"@id\":\"https:\\\/\\\/alice.ch\\\/fr\\\/#organization\"},\"potentialAction\":[{\"@type\":\"SearchAction\",\"target\":{\"@type\":\"EntryPoint\",\"urlTemplate\":\"https:\\\/\\\/alice.ch\\\/fr\\\/?s={search_term_string}\"},\"query-input\":{\"@type\":\"PropertyValueSpecification\",\"valueRequired\":true,\"valueName\":\"search_term_string\"}}],\"inLanguage\":\"fr-FR\"},{\"@type\":\"Organization\",\"@id\":\"https:\\\/\\\/alice.ch\\\/fr\\\/#organization\",\"name\":\"FSEA F\u00e9d\u00e9ration suisse pour la formation continue\",\"url\":\"https:\\\/\\\/alice.ch\\\/fr\\\/\",\"logo\":{\"@type\":\"ImageObject\",\"inLanguage\":\"fr-FR\",\"@id\":\"https:\\\/\\\/alice.ch\\\/fr\\\/#\\\/schema\\\/logo\\\/image\\\/\",\"url\":\"https:\\\/\\\/alice.ch\\\/app\\\/uploads\\\/2022\\\/07\\\/logo-sveb.png\",\"contentUrl\":\"https:\\\/\\\/alice.ch\\\/app\\\/uploads\\\/2022\\\/07\\\/logo-sveb.png\",\"width\":145,\"height\":64,\"caption\":\"FSEA F\u00e9d\u00e9ration suisse pour la formation continue\"},\"image\":{\"@id\":\"https:\\\/\\\/alice.ch\\\/fr\\\/#\\\/schema\\\/logo\\\/image\\\/\"},\"sameAs\":[\"https:\\\/\\\/www.linkedin.com\\\/company\\\/schweizerischer-verband-fr-weiterbildung-sveb\\\/\"]}]}<\/script>\n<!-- \/ Yoast SEO plugin. -->","yoast_head_json":{"title":"R\u00e9seau romand pour la qualit\u00e9 en formation des adultes (RQFA) - FSEA","description":"Le r\u00e9seau romand pour la qualit\u00e9 en formation des adultes (RQFA) a pour objectif d\u2019offrir un lieu d\u2019\u00e9change et de r\u00e9flexion pour tous les acteurs s\u2019interrogeant sur les questions de qualit\u00e9 dans la formation continue.\u00a0En lien avec la FSEA.","robots":{"index":"index","follow":"follow","max-snippet":"max-snippet:-1","max-image-preview":"max-image-preview:large","max-video-preview":"max-video-preview:-1"},"canonical":"https:\/\/alice.ch\/fr\/qualite\/qualite-dans-la-formation-continue\/reseau-romand-pour-la-qualite-en-formation-des-adultes-rqfa-fsea\/","og_locale":"fr_FR","og_type":"article","og_title":"R\u00e9seau romand pour la qualit\u00e9 en formation des adultes (RQFA) - FSEA","og_description":"Le r\u00e9seau romand pour la qualit\u00e9 en formation des adultes (RQFA) a pour objectif d\u2019offrir un lieu d\u2019\u00e9change et de r\u00e9flexion pour tous les acteurs s\u2019interrogeant sur les questions de qualit\u00e9 dans la formation continue.\u00a0En lien avec la FSEA.","og_url":"https:\/\/alice.ch\/fr\/qualite\/qualite-dans-la-formation-continue\/reseau-romand-pour-la-qualite-en-formation-des-adultes-rqfa-fsea\/","og_site_name":"SVEB","article_modified_time":"2025-08-28T12:39:13+00:00","twitter_card":"summary_large_image","twitter_misc":{"Dur\u00e9e de lecture estim\u00e9e":"3 minutes"},"schema":{"@context":"https:\/\/schema.org","@graph":[{"@type":"WebPage","@id":"https:\/\/alice.ch\/fr\/qualite\/qualite-dans-la-formation-continue\/reseau-romand-pour-la-qualite-en-formation-des-adultes-rqfa-fsea\/","url":"https:\/\/alice.ch\/fr\/qualite\/qualite-dans-la-formation-continue\/reseau-romand-pour-la-qualite-en-formation-des-adultes-rqfa-fsea\/","name":"R\u00e9seau romand pour la qualit\u00e9 en formation des adultes (RQFA) - FSEA","isPartOf":{"@id":"https:\/\/alice.ch\/fr\/#website"},"primaryImageOfPage":{"@id":"https:\/\/alice.ch\/fr\/qualite\/qualite-dans-la-formation-continue\/reseau-romand-pour-la-qualite-en-formation-des-adultes-rqfa-fsea\/#primaryimage"},"image":{"@id":"https:\/\/alice.ch\/fr\/qualite\/qualite-dans-la-formation-continue\/reseau-romand-pour-la-qualite-en-formation-des-adultes-rqfa-fsea\/#primaryimage"},"thumbnailUrl":"https:\/\/alice.ch\/app\/uploads\/2022\/11\/default.jpg","datePublished":"2024-10-10T11:56:24+00:00","dateModified":"2025-08-28T12:39:13+00:00","description":"Le r\u00e9seau romand pour la qualit\u00e9 en formation des adultes (RQFA) a pour objectif d\u2019offrir un lieu d\u2019\u00e9change et de r\u00e9flexion pour tous les acteurs s\u2019interrogeant sur les questions de qualit\u00e9 dans la formation continue.\u00a0En lien avec la FSEA.","breadcrumb":{"@id":"https:\/\/alice.ch\/fr\/qualite\/qualite-dans-la-formation-continue\/reseau-romand-pour-la-qualite-en-formation-des-adultes-rqfa-fsea\/#breadcrumb"},"inLanguage":"fr-FR","potentialAction":[{"@type":"ReadAction","target":["https:\/\/alice.ch\/fr\/qualite\/qualite-dans-la-formation-continue\/reseau-romand-pour-la-qualite-en-formation-des-adultes-rqfa-fsea\/"]}]},{"@type":"ImageObject","inLanguage":"fr-FR","@id":"https:\/\/alice.ch\/fr\/qualite\/qualite-dans-la-formation-continue\/reseau-romand-pour-la-qualite-en-formation-des-adultes-rqfa-fsea\/#primaryimage","url":"https:\/\/alice.ch\/app\/uploads\/2022\/11\/default.jpg","contentUrl":"https:\/\/alice.ch\/app\/uploads\/2022\/11\/default.jpg","width":1600,"height":900},{"@type":"BreadcrumbList","@id":"https:\/\/alice.ch\/fr\/qualite\/qualite-dans-la-formation-continue\/reseau-romand-pour-la-qualite-en-formation-des-adultes-rqfa-fsea\/#breadcrumb","itemListElement":[{"@type":"ListItem","position":1,"name":"Page d'accueil","item":"https:\/\/alice.ch\/fr\/"},{"@type":"ListItem","position":2,"name":"Qualit\u00e9","item":"https:\/\/alice.ch\/fr\/qualite\/"},{"@type":"ListItem","position":3,"name":"Qualit\u00e9 dans la formation continue","item":"https:\/\/alice.ch\/fr\/qualite\/qualite-dans-la-formation-continue\/"},{"@type":"ListItem","position":4,"name":"R\u00e9seau romand pour la qualit\u00e9 en formation des adultes (RQFA)"}]},{"@type":"WebSite","@id":"https:\/\/alice.ch\/fr\/#website","url":"https:\/\/alice.ch\/fr\/","name":"alice.ch (Adult Learning Information Center) ist das Portal der Weiterbildung in der Schweiz.","description":"Schweizerischer Verband f\u00fcr Weiterbildung","publisher":{"@id":"https:\/\/alice.ch\/fr\/#organization"},"potentialAction":[{"@type":"SearchAction","target":{"@type":"EntryPoint","urlTemplate":"https:\/\/alice.ch\/fr\/?s={search_term_string}"},"query-input":{"@type":"PropertyValueSpecification","valueRequired":true,"valueName":"search_term_string"}}],"inLanguage":"fr-FR"},{"@type":"Organization","@id":"https:\/\/alice.ch\/fr\/#organization","name":"FSEA F\u00e9d\u00e9ration suisse pour la formation continue","url":"https:\/\/alice.ch\/fr\/","logo":{"@type":"ImageObject","inLanguage":"fr-FR","@id":"https:\/\/alice.ch\/fr\/#\/schema\/logo\/image\/","url":"https:\/\/alice.ch\/app\/uploads\/2022\/07\/logo-sveb.png","contentUrl":"https:\/\/alice.ch\/app\/uploads\/2022\/07\/logo-sveb.png","width":145,"height":64,"caption":"FSEA F\u00e9d\u00e9ration suisse pour la formation continue"},"image":{"@id":"https:\/\/alice.ch\/fr\/#\/schema\/logo\/image\/"},"sameAs":["https:\/\/www.linkedin.com\/company\/schweizerischer-verband-fr-weiterbildung-sveb\/"]}]}},"_links":{"self":[{"href":"https:\/\/alice.ch\/fr\/wp-json\/wp\/v2\/pages\/63113","targetHints":{"allow":["GET"]}}],"collection":[{"href":"https:\/\/alice.ch\/fr\/wp-json\/wp\/v2\/pages"}],"about":[{"href":"https:\/\/alice.ch\/fr\/wp-json\/wp\/v2\/types\/page"}],"author":[{"embeddable":true,"href":"https:\/\/alice.ch\/fr\/wp-json\/wp\/v2\/users\/5"}],"replies":[{"embeddable":true,"href":"https:\/\/alice.ch\/fr\/wp-json\/wp\/v2\/comments?post=63113"}],"version-history":[{"count":13,"href":"https:\/\/alice.ch\/fr\/wp-json\/wp\/v2\/pages\/63113\/revisions"}],"predecessor-version":[{"id":70145,"href":"https:\/\/alice.ch\/fr\/wp-json\/wp\/v2\/pages\/63113\/revisions\/70145"}],"up":[{"embeddable":true,"href":"https:\/\/alice.ch\/fr\/wp-json\/wp\/v2\/pages\/11250"}],"wp:featuredmedia":[{"embeddable":true,"href":"https:\/\/alice.ch\/fr\/wp-json\/wp\/v2\/media\/20799"}],"wp:attachment":[{"href":"https:\/\/alice.ch\/fr\/wp-json\/wp\/v2\/media?parent=63113"}],"curies":[{"name":"wp","href":"https:\/\/api.w.org\/{rel}","templated":true}]}}