{"id":70840,"date":"2025-10-17T11:21:01","date_gmt":"2025-10-17T09:21:01","guid":{"rendered":"https:\/\/alice.ch\/?page_id=70840"},"modified":"2026-04-22T11:37:40","modified_gmt":"2026-04-22T09:37:40","slug":"module-d-approfondissement-processus-de-groupe","status":"publish","type":"page","link":"https:\/\/alice.ch\/fr\/professionnalisation\/brevet-federal-formatrice-formateur-dadultes-ffa\/module-d-approfondissement-processus-de-groupe\/","title":{"rendered":"Module d&rsquo;approfondissement \u00abProcessus de groupe\u00bb"},"content":{"rendered":"\n<div class=\"wp-block-group is-style-reduced-width is-layout-constrained wp-block-group-is-layout-constrained\">\n<h1 class=\"wp-block-heading\">Accompagner les processus de groupe dans les sessions de formation<\/h1>\n\n\n\n<p class=\"is-style-lead\">Dans ce module d&rsquo;approfondissement \u00abAccompagner les processus de groupe dans des sessions de formation\u00bb (FFA BF-MA-GR), vous apprendrez \u00e0 identifier les processus de groupe dans les sessions de formation avec des adultes et \u00e0 y r\u00e9agir.<\/p>\n\n\n\n<p class=\"is-style-default\">Comp\u00e9tence op\u00e9rationnelle: reconna\u00eetre les processus de groupe dans les sessions de formation avec des adultes, intervenir en fonction de la situation et promouvoir activement la capacit\u00e9 d\u2019apprentissage et de travail.<\/p>\n\n\n\n<div class=\"wp-block-columns is-layout-flex wp-container-core-columns-is-layout-28f84493 wp-block-columns-is-layout-flex\">\n<div class=\"wp-block-column is-layout-flow wp-block-column-is-layout-flow\" style=\"flex-basis:66.66%\">\n<figure class=\"wp-block-image size-full is-style-no-border\"><img decoding=\"async\" src=\"https:\/\/alice.ch\/app\/uploads\/2025\/09\/ffa-modules-approfondissement.svg\" alt=\"\" class=\"wp-image-70941\" \/><\/figure>\n<\/div>\n<\/div>\n\n\n\n<div class=\"wp-block-columns is-style-accordion is-layout-flex wp-container-core-columns-is-layout-28f84493 wp-block-columns-is-layout-flex\" id=\"faq-element-1\">\n<div class=\"wp-block-column is-layout-flow wp-block-column-is-layout-flow\">\n<h3 class=\"wp-block-heading\">Comp\u00e9tences d\u00e9velopp\u00e9es et attest\u00e9es durant le module<\/h3>\n<\/div>\n\n\n\n<div class=\"wp-block-column is-layout-flow wp-block-column-is-layout-flow\">\n<ul class=\"wp-block-list\">\n<li>Entretenir des relations empreintes de respect avec les participants<\/li>\n\n\n\n<li>Permettre l\u2019interaction et la communication respectueuses entre les participants dans le processus d\u2019apprentissage<\/li>\n\n\n\n<li>Favoriser un environnement propice \u00e0 l\u2019apprentissage<\/li>\n\n\n\n<li>Percevoir et comprendre les dynamiques de groupes<\/li>\n\n\n\n<li>Percevoir le comportement relationnel d\u2019un groupe (communication) et l\u2019influencer activement Intervenir dans les processus de groupes de mani\u00e8re appropri\u00e9e en regard de la situation<\/li>\n\n\n\n<li>Clarifier les r\u00f4les dans les groupes<\/li>\n<\/ul>\n<\/div>\n<\/div>\n\n\n\n<div class=\"wp-block-columns is-style-accordion is-layout-flex wp-container-core-columns-is-layout-28f84493 wp-block-columns-is-layout-flex\" id=\"faq-element-1\">\n<div class=\"wp-block-column is-layout-flow wp-block-column-is-layout-flow\">\n<h3 class=\"wp-block-heading\">\u00c9valuation des comp\u00e9tences et exigences<\/h3>\n<\/div>\n\n\n\n<div class=\"wp-block-column is-layout-flow wp-block-column-is-layout-flow\">\n<p>L&rsquo;\u00e9valuation des comp\u00e9tences pour ce module consiste \u00e0 traiter, \u00e0 r\u00e9fl\u00e9chir et \u00e0 documenter une \u00e9tude de cas donn\u00e9e sur un th\u00e8me principal en accompagnant des processus de groupe. L&rsquo;\u00e9tude de cas repr\u00e9sente une situation de groupe telle qu&rsquo;elle pourrait se d\u00e9rouler dans le contexte de formation de la formatrice\/du formateur. La situation de groupe peut se d\u00e9rouler dans un environnement d&rsquo;apprentissage.<\/p>\n\n\n\n<p>Pour l\u2019obtention du certificat modulaire, les conditions suivantes doivent \u00eatre remplies\u202f:&nbsp;<\/p>\n\n\n\n<ul class=\"wp-block-list\">\n<li>Participation active durant les heures en contact prescrites (au moins 80%).&nbsp;<\/li>\n\n\n\n<li>Appr\u00e9ciation \u00ab\u202facquis\u202f\u00bb dans le justificatif de comp\u00e9tence d\u00e9livr\u00e9 par l\u2019enseignante\/l\u2019enseignant du module.<\/li>\n\n\n\n<li>\u00c9laboration, respectivement mise \u00e0 jour compl\u00e9mentaire du portfolio de comp\u00e9tences personnelles.<\/li>\n<\/ul>\n<\/div>\n<\/div>\n\n\n\n<p><\/p>\n\n\n\n<h2 class=\"wp-block-heading\">Descriptif du module<\/h2>\n\n\n\n<div class=\"wp-block-columns is-layout-flex wp-container-core-columns-is-layout-28f84493 wp-block-columns-is-layout-flex\">\n<div class=\"wp-block-column is-layout-flow wp-block-column-is-layout-flow\">\n<div class=\"wp-block-file\"><a id=\"wp-block-file--media-97f5fa27-cc5d-4613-8ba4-c9dee5a51661\" href=\"https:\/\/alice.ch\/app\/uploads\/2026\/04\/BF-MA-GR.pdf\" target=\"_blank\" rel=\"noreferrer noopener\">Module d\u2019approfondissement \u00abAccompagner les processus de groupe dans des sessions de formation\u00bb (FFA BF-MA-GR)<br \/>PDF &#8211; 201 kb<\/a><a href=\"https:\/\/alice.ch\/app\/uploads\/2026\/04\/BF-MA-GR.pdf\" class=\"wp-block-file__button wp-element-button\" download aria-describedby=\"wp-block-file--media-97f5fa27-cc5d-4613-8ba4-c9dee5a51661\">Herunterladen<br \/>PDF &#8211; 201 kb<\/a><\/div>\n<\/div>\n\n\n\n<div class=\"wp-block-column is-layout-flow wp-block-column-is-layout-flow\"><\/div>\n<\/div>\n\n\n\n<h2 class=\"wp-block-heading\">Trouver des cours modulaires FFA<\/h2>\n\n\n\n<p>Dans la base de donn\u00e9es FFA, vous trouverez la liste des prestataires qui proposent les modules FFA:<\/p>\n\n\n\n<div class=\"wp-block-buttons is-layout-flex wp-block-buttons-is-layout-flex\">\n<div class=\"wp-block-button has-custom-width wp-block-button__width-50 is-style-outline is-style-outline--1\"><a class=\"wp-block-button__link wp-element-button\" href=\"https:\/\/alice.ch\/fr\/professionnalisation\/systeme-modulaire-ffa\/cours-modulaires-ffa-reconnus\/?modul=26\">Cours : module \u00abAccompagner les processus de groupe dans des sessions de formation\u00bb (FFA BF-MA-GR)<\/a><\/div>\n<\/div>\n\n\n\n<h2 class=\"wp-block-heading\">Contact<\/h2>\n\n\n\n<div class=\"wp-block-columns is-layout-flex wp-container-core-columns-is-layout-28f84493 wp-block-columns-is-layout-flex\">\n<div class=\"wp-block-column is-layout-flow wp-block-column-is-layout-flow\" style=\"flex-basis:50%\"><div class=\"contact-persons\">\n\n\t\t\t\t\t<div class=\"contact-person\">\n\t\t\t\t\tFSEA F\u00e9d\u00e9ration suisse pour la formation continue<br \/>\t\t\t\t\t\t\t\t\t\t<br \/>\n\t\t\t\t\tSecr\u00e9tariat romand<br \/>\r\nRue de Gen\u00e8ve 88b<br \/>\r\n1004 Lausanne<br \/>\t\t\t\t\t<a href=\"tel:+41 (0)22 994 20 10\">+41 (0)22 994 20 10<\/a><br \/>\t\t\t\t\t<a href=\"mailto:fsea@alice.ch\">fsea@alice.ch<\/a><br \/>\t\t\t\t\t<\/div>\n\t\t\t\t\t<\/div>\n<\/div>\n\n\n\n<div class=\"wp-block-column is-layout-flow wp-block-column-is-layout-flow\" style=\"flex-basis:50%\"><\/div>\n<\/div>\n\n\n\n<p><\/p>\n<\/div>\n","protected":false},"excerpt":{"rendered":"<p>Accompagner les processus de groupe dans les sessions de formation Dans ce module d&rsquo;approfondissement \u00abAccompagner les processus de groupe dans [&hellip;]<\/p>\n","protected":false},"author":5,"featured_media":20799,"parent":17660,"menu_order":380,"comment_status":"closed","ping_status":"closed","template":"","meta":{"_acf_changed":false,"inline_featured_image":false,"footnotes":""},"class_list":["post-70840","page","type-page","status-publish","has-post-thumbnail","hentry"],"acf":[],"yoast_head":"<!-- This site is optimized with the Yoast SEO plugin v27.3 - https:\/\/yoast.com\/product\/yoast-seo-wordpress\/ -->\n<title>Module d&#039;approfondissement \u00abProcessus de groupe\u00bb - FSEA<\/title>\n<meta name=\"description\" content=\"Dans le module d&#039;approfondissement (FFA BF-MA-GR), vous apprendrez \u00e0 identifier les processus de groupe et \u00e0 y r\u00e9agir\" \/>\n<meta name=\"robots\" content=\"index, follow, max-snippet:-1, max-image-preview:large, max-video-preview:-1\" \/>\n<link rel=\"canonical\" href=\"https:\/\/alice.ch\/fr\/professionnalisation\/brevet-federal-formatrice-formateur-dadultes-ffa\/module-d-approfondissement-processus-de-groupe\/\" \/>\n<meta property=\"og:locale\" content=\"fr_FR\" \/>\n<meta property=\"og:type\" content=\"article\" \/>\n<meta property=\"og:title\" content=\"Module d&#039;approfondissement \u00abProcessus de groupe\u00bb - FSEA\" \/>\n<meta property=\"og:description\" content=\"Dans le module d&#039;approfondissement (FFA BF-MA-GR), vous apprendrez \u00e0 identifier les processus de groupe et \u00e0 y r\u00e9agir\" \/>\n<meta property=\"og:url\" content=\"https:\/\/alice.ch\/fr\/professionnalisation\/brevet-federal-formatrice-formateur-dadultes-ffa\/module-d-approfondissement-processus-de-groupe\/\" \/>\n<meta property=\"og:site_name\" content=\"SVEB\" \/>\n<meta property=\"article:modified_time\" content=\"2026-04-22T09:37:40+00:00\" \/>\n<meta name=\"twitter:card\" content=\"summary_large_image\" \/>\n<meta name=\"twitter:label1\" content=\"Dur\u00e9e de lecture estim\u00e9e\" \/>\n\t<meta name=\"twitter:data1\" content=\"2 minutes\" \/>\n<script type=\"application\/ld+json\" class=\"yoast-schema-graph\">{\"@context\":\"https:\\\/\\\/schema.org\",\"@graph\":[{\"@type\":\"WebPage\",\"@id\":\"https:\\\/\\\/alice.ch\\\/fr\\\/professionnalisation\\\/brevet-federal-formatrice-formateur-dadultes-ffa\\\/module-d-approfondissement-processus-de-groupe\\\/\",\"url\":\"https:\\\/\\\/alice.ch\\\/fr\\\/professionnalisation\\\/brevet-federal-formatrice-formateur-dadultes-ffa\\\/module-d-approfondissement-processus-de-groupe\\\/\",\"name\":\"Module d'approfondissement \u00abProcessus de groupe\u00bb - FSEA\",\"isPartOf\":{\"@id\":\"https:\\\/\\\/alice.ch\\\/fr\\\/#website\"},\"primaryImageOfPage\":{\"@id\":\"https:\\\/\\\/alice.ch\\\/fr\\\/professionnalisation\\\/brevet-federal-formatrice-formateur-dadultes-ffa\\\/module-d-approfondissement-processus-de-groupe\\\/#primaryimage\"},\"image\":{\"@id\":\"https:\\\/\\\/alice.ch\\\/fr\\\/professionnalisation\\\/brevet-federal-formatrice-formateur-dadultes-ffa\\\/module-d-approfondissement-processus-de-groupe\\\/#primaryimage\"},\"thumbnailUrl\":\"https:\\\/\\\/alice.ch\\\/app\\\/uploads\\\/2022\\\/11\\\/default.jpg\",\"datePublished\":\"2025-10-17T09:21:01+00:00\",\"dateModified\":\"2026-04-22T09:37:40+00:00\",\"description\":\"Dans le module d'approfondissement (FFA BF-MA-GR), vous apprendrez \u00e0 identifier les processus de groupe et \u00e0 y r\u00e9agir\",\"breadcrumb\":{\"@id\":\"https:\\\/\\\/alice.ch\\\/fr\\\/professionnalisation\\\/brevet-federal-formatrice-formateur-dadultes-ffa\\\/module-d-approfondissement-processus-de-groupe\\\/#breadcrumb\"},\"inLanguage\":\"fr-FR\",\"potentialAction\":[{\"@type\":\"ReadAction\",\"target\":[\"https:\\\/\\\/alice.ch\\\/fr\\\/professionnalisation\\\/brevet-federal-formatrice-formateur-dadultes-ffa\\\/module-d-approfondissement-processus-de-groupe\\\/\"]}]},{\"@type\":\"ImageObject\",\"inLanguage\":\"fr-FR\",\"@id\":\"https:\\\/\\\/alice.ch\\\/fr\\\/professionnalisation\\\/brevet-federal-formatrice-formateur-dadultes-ffa\\\/module-d-approfondissement-processus-de-groupe\\\/#primaryimage\",\"url\":\"https:\\\/\\\/alice.ch\\\/app\\\/uploads\\\/2022\\\/11\\\/default.jpg\",\"contentUrl\":\"https:\\\/\\\/alice.ch\\\/app\\\/uploads\\\/2022\\\/11\\\/default.jpg\",\"width\":1600,\"height\":900},{\"@type\":\"BreadcrumbList\",\"@id\":\"https:\\\/\\\/alice.ch\\\/fr\\\/professionnalisation\\\/brevet-federal-formatrice-formateur-dadultes-ffa\\\/module-d-approfondissement-processus-de-groupe\\\/#breadcrumb\",\"itemListElement\":[{\"@type\":\"ListItem\",\"position\":1,\"name\":\"Page d'accueil\",\"item\":\"https:\\\/\\\/alice.ch\\\/fr\\\/\"},{\"@type\":\"ListItem\",\"position\":2,\"name\":\"Professionnalisation\",\"item\":\"https:\\\/\\\/alice.ch\\\/fr\\\/professionnalisation\\\/\"},{\"@type\":\"ListItem\",\"position\":3,\"name\":\"Brevet f\u00e9d\u00e9ral formatrice\\\/formateur d\u2019adultes FFA\",\"item\":\"https:\\\/\\\/alice.ch\\\/fr\\\/professionnalisation\\\/brevet-federal-formatrice-formateur-dadultes-ffa\\\/\"},{\"@type\":\"ListItem\",\"position\":4,\"name\":\"Module d&rsquo;approfondissement \u00abProcessus de groupe\u00bb\"}]},{\"@type\":\"WebSite\",\"@id\":\"https:\\\/\\\/alice.ch\\\/fr\\\/#website\",\"url\":\"https:\\\/\\\/alice.ch\\\/fr\\\/\",\"name\":\"alice.ch (Adult Learning Information Center) ist das Portal der Weiterbildung in der Schweiz.\",\"description\":\"Schweizerischer Verband f\u00fcr Weiterbildung\",\"publisher\":{\"@id\":\"https:\\\/\\\/alice.ch\\\/fr\\\/#organization\"},\"potentialAction\":[{\"@type\":\"SearchAction\",\"target\":{\"@type\":\"EntryPoint\",\"urlTemplate\":\"https:\\\/\\\/alice.ch\\\/fr\\\/?s={search_term_string}\"},\"query-input\":{\"@type\":\"PropertyValueSpecification\",\"valueRequired\":true,\"valueName\":\"search_term_string\"}}],\"inLanguage\":\"fr-FR\"},{\"@type\":\"Organization\",\"@id\":\"https:\\\/\\\/alice.ch\\\/fr\\\/#organization\",\"name\":\"FSEA F\u00e9d\u00e9ration suisse pour la formation continue\",\"url\":\"https:\\\/\\\/alice.ch\\\/fr\\\/\",\"logo\":{\"@type\":\"ImageObject\",\"inLanguage\":\"fr-FR\",\"@id\":\"https:\\\/\\\/alice.ch\\\/fr\\\/#\\\/schema\\\/logo\\\/image\\\/\",\"url\":\"https:\\\/\\\/alice.ch\\\/app\\\/uploads\\\/2022\\\/07\\\/logo-sveb.png\",\"contentUrl\":\"https:\\\/\\\/alice.ch\\\/app\\\/uploads\\\/2022\\\/07\\\/logo-sveb.png\",\"width\":145,\"height\":64,\"caption\":\"FSEA F\u00e9d\u00e9ration suisse pour la formation continue\"},\"image\":{\"@id\":\"https:\\\/\\\/alice.ch\\\/fr\\\/#\\\/schema\\\/logo\\\/image\\\/\"},\"sameAs\":[\"https:\\\/\\\/www.linkedin.com\\\/company\\\/schweizerischer-verband-fr-weiterbildung-sveb\\\/\"]}]}<\/script>\n<!-- \/ Yoast SEO plugin. -->","yoast_head_json":{"title":"Module d'approfondissement \u00abProcessus de groupe\u00bb - FSEA","description":"Dans le module d'approfondissement (FFA BF-MA-GR), vous apprendrez \u00e0 identifier les processus de groupe et \u00e0 y r\u00e9agir","robots":{"index":"index","follow":"follow","max-snippet":"max-snippet:-1","max-image-preview":"max-image-preview:large","max-video-preview":"max-video-preview:-1"},"canonical":"https:\/\/alice.ch\/fr\/professionnalisation\/brevet-federal-formatrice-formateur-dadultes-ffa\/module-d-approfondissement-processus-de-groupe\/","og_locale":"fr_FR","og_type":"article","og_title":"Module d'approfondissement \u00abProcessus de groupe\u00bb - FSEA","og_description":"Dans le module d'approfondissement (FFA BF-MA-GR), vous apprendrez \u00e0 identifier les processus de groupe et \u00e0 y r\u00e9agir","og_url":"https:\/\/alice.ch\/fr\/professionnalisation\/brevet-federal-formatrice-formateur-dadultes-ffa\/module-d-approfondissement-processus-de-groupe\/","og_site_name":"SVEB","article_modified_time":"2026-04-22T09:37:40+00:00","twitter_card":"summary_large_image","twitter_misc":{"Dur\u00e9e de lecture estim\u00e9e":"2 minutes"},"schema":{"@context":"https:\/\/schema.org","@graph":[{"@type":"WebPage","@id":"https:\/\/alice.ch\/fr\/professionnalisation\/brevet-federal-formatrice-formateur-dadultes-ffa\/module-d-approfondissement-processus-de-groupe\/","url":"https:\/\/alice.ch\/fr\/professionnalisation\/brevet-federal-formatrice-formateur-dadultes-ffa\/module-d-approfondissement-processus-de-groupe\/","name":"Module d'approfondissement \u00abProcessus de groupe\u00bb - FSEA","isPartOf":{"@id":"https:\/\/alice.ch\/fr\/#website"},"primaryImageOfPage":{"@id":"https:\/\/alice.ch\/fr\/professionnalisation\/brevet-federal-formatrice-formateur-dadultes-ffa\/module-d-approfondissement-processus-de-groupe\/#primaryimage"},"image":{"@id":"https:\/\/alice.ch\/fr\/professionnalisation\/brevet-federal-formatrice-formateur-dadultes-ffa\/module-d-approfondissement-processus-de-groupe\/#primaryimage"},"thumbnailUrl":"https:\/\/alice.ch\/app\/uploads\/2022\/11\/default.jpg","datePublished":"2025-10-17T09:21:01+00:00","dateModified":"2026-04-22T09:37:40+00:00","description":"Dans le module d'approfondissement (FFA BF-MA-GR), vous apprendrez \u00e0 identifier les processus de groupe et \u00e0 y r\u00e9agir","breadcrumb":{"@id":"https:\/\/alice.ch\/fr\/professionnalisation\/brevet-federal-formatrice-formateur-dadultes-ffa\/module-d-approfondissement-processus-de-groupe\/#breadcrumb"},"inLanguage":"fr-FR","potentialAction":[{"@type":"ReadAction","target":["https:\/\/alice.ch\/fr\/professionnalisation\/brevet-federal-formatrice-formateur-dadultes-ffa\/module-d-approfondissement-processus-de-groupe\/"]}]},{"@type":"ImageObject","inLanguage":"fr-FR","@id":"https:\/\/alice.ch\/fr\/professionnalisation\/brevet-federal-formatrice-formateur-dadultes-ffa\/module-d-approfondissement-processus-de-groupe\/#primaryimage","url":"https:\/\/alice.ch\/app\/uploads\/2022\/11\/default.jpg","contentUrl":"https:\/\/alice.ch\/app\/uploads\/2022\/11\/default.jpg","width":1600,"height":900},{"@type":"BreadcrumbList","@id":"https:\/\/alice.ch\/fr\/professionnalisation\/brevet-federal-formatrice-formateur-dadultes-ffa\/module-d-approfondissement-processus-de-groupe\/#breadcrumb","itemListElement":[{"@type":"ListItem","position":1,"name":"Page d'accueil","item":"https:\/\/alice.ch\/fr\/"},{"@type":"ListItem","position":2,"name":"Professionnalisation","item":"https:\/\/alice.ch\/fr\/professionnalisation\/"},{"@type":"ListItem","position":3,"name":"Brevet f\u00e9d\u00e9ral formatrice\/formateur d\u2019adultes FFA","item":"https:\/\/alice.ch\/fr\/professionnalisation\/brevet-federal-formatrice-formateur-dadultes-ffa\/"},{"@type":"ListItem","position":4,"name":"Module d&rsquo;approfondissement \u00abProcessus de groupe\u00bb"}]},{"@type":"WebSite","@id":"https:\/\/alice.ch\/fr\/#website","url":"https:\/\/alice.ch\/fr\/","name":"alice.ch (Adult Learning Information Center) ist das Portal der Weiterbildung in der Schweiz.","description":"Schweizerischer Verband f\u00fcr Weiterbildung","publisher":{"@id":"https:\/\/alice.ch\/fr\/#organization"},"potentialAction":[{"@type":"SearchAction","target":{"@type":"EntryPoint","urlTemplate":"https:\/\/alice.ch\/fr\/?s={search_term_string}"},"query-input":{"@type":"PropertyValueSpecification","valueRequired":true,"valueName":"search_term_string"}}],"inLanguage":"fr-FR"},{"@type":"Organization","@id":"https:\/\/alice.ch\/fr\/#organization","name":"FSEA F\u00e9d\u00e9ration suisse pour la formation continue","url":"https:\/\/alice.ch\/fr\/","logo":{"@type":"ImageObject","inLanguage":"fr-FR","@id":"https:\/\/alice.ch\/fr\/#\/schema\/logo\/image\/","url":"https:\/\/alice.ch\/app\/uploads\/2022\/07\/logo-sveb.png","contentUrl":"https:\/\/alice.ch\/app\/uploads\/2022\/07\/logo-sveb.png","width":145,"height":64,"caption":"FSEA F\u00e9d\u00e9ration suisse pour la formation continue"},"image":{"@id":"https:\/\/alice.ch\/fr\/#\/schema\/logo\/image\/"},"sameAs":["https:\/\/www.linkedin.com\/company\/schweizerischer-verband-fr-weiterbildung-sveb\/"]}]}},"_links":{"self":[{"href":"https:\/\/alice.ch\/fr\/wp-json\/wp\/v2\/pages\/70840","targetHints":{"allow":["GET"]}}],"collection":[{"href":"https:\/\/alice.ch\/fr\/wp-json\/wp\/v2\/pages"}],"about":[{"href":"https:\/\/alice.ch\/fr\/wp-json\/wp\/v2\/types\/page"}],"author":[{"embeddable":true,"href":"https:\/\/alice.ch\/fr\/wp-json\/wp\/v2\/users\/5"}],"replies":[{"embeddable":true,"href":"https:\/\/alice.ch\/fr\/wp-json\/wp\/v2\/comments?post=70840"}],"version-history":[{"count":13,"href":"https:\/\/alice.ch\/fr\/wp-json\/wp\/v2\/pages\/70840\/revisions"}],"predecessor-version":[{"id":75084,"href":"https:\/\/alice.ch\/fr\/wp-json\/wp\/v2\/pages\/70840\/revisions\/75084"}],"up":[{"embeddable":true,"href":"https:\/\/alice.ch\/fr\/wp-json\/wp\/v2\/pages\/17660"}],"wp:featuredmedia":[{"embeddable":true,"href":"https:\/\/alice.ch\/fr\/wp-json\/wp\/v2\/media\/20799"}],"wp:attachment":[{"href":"https:\/\/alice.ch\/fr\/wp-json\/wp\/v2\/media?parent=70840"}],"curies":[{"name":"wp","href":"https:\/\/api.w.org\/{rel}","templated":true}]}}