{"id":70861,"date":"2025-10-17T14:03:44","date_gmt":"2025-10-17T12:03:44","guid":{"rendered":"https:\/\/alice.ch\/?page_id=70861"},"modified":"2025-12-24T17:21:20","modified_gmt":"2025-12-24T16:21:20","slug":"module-dapprofondissement-procedures-de-qualification","status":"publish","type":"page","link":"https:\/\/alice.ch\/fr\/professionnalisation\/brevet-federal-formatrice-formateur-dadultes-ffa\/module-dapprofondissement-procedures-de-qualification\/","title":{"rendered":"Module d&rsquo;approfondissement \u00abProc\u00e9dures de qualification\u00bb"},"content":{"rendered":"\n<div class=\"wp-block-group is-style-reduced-width is-layout-constrained wp-block-group-is-layout-constrained\">\n<h1 class=\"wp-block-heading\">Planifier et \u00e9laborer des proc\u00e9dures de qualification ax\u00e9es sur les comp\u00e9tences<\/h1>\n\n\n\n<p class=\"is-style-lead\">Dans ce module d&rsquo;approfondissement \u00abPlanifier et \u00e9laborer des proc\u00e9dures de qualification ax\u00e9es sur les comp\u00e9tences\u00bb (FFA BF-MA-QL), vous apprenez comment d\u00e9velopper, mettre en \u0153uvre et \u00e9valuer des proc\u00e9dures d&rsquo;\u00e9valuation et de qualification ax\u00e9es sur les comp\u00e9tences en tant que formatrice\/formateur.<\/p>\n\n\n\n<p class=\"is-style-default\">Comp\u00e9tence op\u00e9rationnelle: d\u00e9velopper, mettre en \u0153uvre et \u00e9valuer des proc\u00e9dures d&rsquo;\u00e9valuation ax\u00e9es sur les comp\u00e9tences et des proc\u00e9dures de qualification en tant que formatrice\/formateur et \u00e9valuer les performances.<\/p>\n\n\n\n<div class=\"wp-block-columns is-layout-flex wp-container-core-columns-is-layout-28f84493 wp-block-columns-is-layout-flex\">\n<div class=\"wp-block-column is-layout-flow wp-block-column-is-layout-flow\" style=\"flex-basis:66.66%\">\n<figure class=\"wp-block-image size-full is-style-no-border\"><img decoding=\"async\" src=\"https:\/\/alice.ch\/app\/uploads\/2025\/09\/ffa-modules-approfondissement.svg\" alt=\"\" class=\"wp-image-70941\" \/><\/figure>\n<\/div>\n<\/div>\n\n\n\n<div class=\"wp-block-columns is-style-accordion is-layout-flex wp-container-core-columns-is-layout-28f84493 wp-block-columns-is-layout-flex\" id=\"faq-element-1\">\n<div class=\"wp-block-column is-layout-flow wp-block-column-is-layout-flow\">\n<h3 class=\"wp-block-heading\">Comp\u00e9tences d\u00e9velopp\u00e9es et attest\u00e9es durant le module<\/h3>\n<\/div>\n\n\n\n<div class=\"wp-block-column is-layout-flow wp-block-column-is-layout-flow\">\n<ul class=\"wp-block-list\">\n<li>Planifier des proc\u00e9dures d&rsquo;examen valides<\/li>\n\n\n\n<li>\u00c9valuer les performances et le comportement d&rsquo;apprentissage<\/li>\n\n\n\n<li>Utiliser les m\u00e9thodes et proc\u00e9d\u00e9s ad\u00e9quats pour le transfert et la v\u00e9rification des r\u00e9sultats de l\u2019apprentissage<\/li>\n\n\n\n<li>R\u00e9aliser des feedbacks complets en exploitant des moyens p\u00e9dagogiques appropri\u00e9s <\/li>\n\n\n\n<li>Fournir aux participants des retours sur les comp\u00e9tences et les progr\u00e8s d\u2019apprentissage<\/li>\n\n\n\n<li>D\u00e9terminer les objectifs d\u2019apprentissage d\u00e9riv\u00e9s des comp\u00e9tences \u00e0 partir de son point de vue en tant que formatrice\/formateur ou conjointement avec les participants et v\u00e9rifier leur r\u00e9alisation <\/li>\n\n\n\n<li>Concevoir la v\u00e9rification de l&rsquo;acquisition des comp\u00e9tences<\/li>\n<\/ul>\n<\/div>\n<\/div>\n\n\n\n<div class=\"wp-block-columns is-style-accordion is-layout-flex wp-container-core-columns-is-layout-28f84493 wp-block-columns-is-layout-flex\" id=\"faq-element-1\">\n<div class=\"wp-block-column is-layout-flow wp-block-column-is-layout-flow\">\n<h3 class=\"wp-block-heading\">\u00c9valuation des comp\u00e9tences et exigences<\/h3>\n<\/div>\n\n\n\n<div class=\"wp-block-column is-layout-flow wp-block-column-is-layout-flow\">\n<p>Le justificatif de comp\u00e9tence pour ce module est constitu\u00e9 d\u2019une documentation qui d\u00e9crit la planification, la conception et la r\u00e9alisation d\u2019une proc\u00e9dure de qualification, son \u00e9valuation et la r\u00e9flexion \u00e0 son sujet.<br><\/p>\n\n\n\n<p>Pour l\u2019obtention du certificat modulaire, les conditions suivantes doivent \u00eatre remplies:<\/p>\n\n\n\n<ul class=\"wp-block-list\">\n<li>Participation active durant les heures en contact prescrites (au moins 80%).<\/li>\n\n\n\n<li>Appr\u00e9ciation \u00ab\u202facquis\u202f\u00bb dans le justificatif de comp\u00e9tence d\u00e9livr\u00e9 par l&rsquo;enseignante\/enseignant du module.<\/li>\n\n\n\n<li>\u00c9laboration, respectivement mise \u00e0 jour compl\u00e9mentaire du portfolio de comp\u00e9tences personnelles.<\/li>\n<\/ul>\n<\/div>\n<\/div>\n\n\n\n<p><\/p>\n\n\n\n<h2 class=\"wp-block-heading\">Descriptif du module&nbsp;<\/h2>\n\n\n\n<div class=\"wp-block-columns is-layout-flex wp-container-core-columns-is-layout-28f84493 wp-block-columns-is-layout-flex\">\n<div class=\"wp-block-column is-layout-flow wp-block-column-is-layout-flow\">\n<div class=\"wp-block-file\"><a id=\"wp-block-file--media-202a1728-32cf-454d-8fd0-fa3b55e1d114\" href=\"https:\/\/alice.ch\/app\/uploads\/2023\/05\/BF-MA-QL.pdf\" target=\"_blank\" rel=\"noreferrer noopener\">Module d&rsquo;approfondissement \u00abPlanifier et \u00e9laborer des proc\u00e9dures de qualification ax\u00e9es sur les comp\u00e9tences\u00bb (FFA BF-MA-QL)<br \/>PDF &#8211; 244 kb<\/a><a href=\"https:\/\/alice.ch\/app\/uploads\/2023\/05\/BF-MA-QL.pdf\" class=\"wp-block-file__button wp-element-button\" download aria-describedby=\"wp-block-file--media-202a1728-32cf-454d-8fd0-fa3b55e1d114\">Herunterladen<br \/>PDF &#8211; 244 kb<\/a><\/div>\n<\/div>\n\n\n\n<div class=\"wp-block-column is-layout-flow wp-block-column-is-layout-flow\"><\/div>\n<\/div>\n\n\n\n<h2 class=\"wp-block-heading\">Trouver des cours modulaires FFA<\/h2>\n\n\n\n<p>Dans la base de donn\u00e9es FFA, vous trouverez la liste des prestataires qui proposent les modules FFA:<\/p>\n\n\n\n<div class=\"wp-block-buttons is-layout-flex wp-block-buttons-is-layout-flex\">\n<div class=\"wp-block-button has-custom-width wp-block-button__width-50 is-style-outline is-style-outline--1\"><a class=\"wp-block-button__link wp-element-button\" href=\"https:\/\/alice.ch\/fr\/professionnalisation\/systeme-modulaire-ffa\/cours-modulaires-ffa-reconnus\/?modul=28\">Cours: module d&rsquo;approfondissement \u00abPlanifier et \u00e9laborer des proc\u00e9dures de qualification ax\u00e9es sur les comp\u00e9tences\u00bb (FFA BF-MA-QL)<\/a><\/div>\n<\/div>\n\n\n\n<h2 class=\"wp-block-heading\">Contact<\/h2>\n\n\n\n<div class=\"wp-block-columns is-layout-flex wp-container-core-columns-is-layout-28f84493 wp-block-columns-is-layout-flex\">\n<div class=\"wp-block-column is-layout-flow wp-block-column-is-layout-flow\" style=\"flex-basis:50%\"><div class=\"contact-persons\">\n\n\t\t\t\t\t<div class=\"contact-person\">\n\t\t\t\t\tFSEA F\u00e9d\u00e9ration suisse pour la formation continue<br \/>\t\t\t\t\t\t\t\t\t\t<br \/>\n\t\t\t\t\tSecr\u00e9tariat romand<br \/>\r\nRue de Gen\u00e8ve 88b<br \/>\r\n1004 Lausanne<br \/>\t\t\t\t\t<a href=\"tel:+41 (0)22 994 20 10\">+41 (0)22 994 20 10<\/a><br \/>\t\t\t\t\t<a href=\"mailto:fsea@alice.ch\">fsea@alice.ch<\/a><br \/>\t\t\t\t\t<\/div>\n\t\t\t\t\t<\/div>\n<\/div>\n\n\n\n<div class=\"wp-block-column is-layout-flow wp-block-column-is-layout-flow\" style=\"flex-basis:50%\"><\/div>\n<\/div>\n\n\n\n<p><\/p>\n<\/div>\n","protected":false},"excerpt":{"rendered":"<p>Planifier et \u00e9laborer des proc\u00e9dures de qualification ax\u00e9es sur les comp\u00e9tences Dans ce module d&rsquo;approfondissement \u00abPlanifier et \u00e9laborer des proc\u00e9dures [&hellip;]<\/p>\n","protected":false},"author":5,"featured_media":20799,"parent":17660,"menu_order":429,"comment_status":"closed","ping_status":"closed","template":"","meta":{"_acf_changed":false,"inline_featured_image":false,"footnotes":""},"class_list":["post-70861","page","type-page","status-publish","has-post-thumbnail","hentry"],"acf":[],"yoast_head":"<!-- This site is optimized with the Yoast SEO plugin v27.3 - https:\/\/yoast.com\/product\/yoast-seo-wordpress\/ -->\n<title>Module d&#039;approfondissement \u00abProc\u00e9dures de qualification\u00bb - FSEA<\/title>\n<meta name=\"description\" content=\"Dans ce module Proc\u00e9dures de qualification (FFA BF-MA-QL), vous apprenez comment planifier et \u00e9laborer des proc\u00e9dures de qualification\" \/>\n<meta name=\"robots\" content=\"index, follow, max-snippet:-1, max-image-preview:large, max-video-preview:-1\" \/>\n<link rel=\"canonical\" href=\"https:\/\/alice.ch\/fr\/professionnalisation\/brevet-federal-formatrice-formateur-dadultes-ffa\/module-dapprofondissement-procedures-de-qualification\/\" \/>\n<meta property=\"og:locale\" content=\"fr_FR\" \/>\n<meta property=\"og:type\" content=\"article\" \/>\n<meta property=\"og:title\" content=\"Module d&#039;approfondissement \u00abProc\u00e9dures de qualification\u00bb - FSEA\" \/>\n<meta property=\"og:description\" content=\"Dans ce module Proc\u00e9dures de qualification (FFA BF-MA-QL), vous apprenez comment planifier et \u00e9laborer des proc\u00e9dures de qualification\" \/>\n<meta property=\"og:url\" content=\"https:\/\/alice.ch\/fr\/professionnalisation\/brevet-federal-formatrice-formateur-dadultes-ffa\/module-dapprofondissement-procedures-de-qualification\/\" \/>\n<meta property=\"og:site_name\" content=\"SVEB\" \/>\n<meta property=\"article:modified_time\" content=\"2025-12-24T16:21:20+00:00\" \/>\n<meta name=\"twitter:card\" content=\"summary_large_image\" \/>\n<meta name=\"twitter:label1\" content=\"Dur\u00e9e de lecture estim\u00e9e\" \/>\n\t<meta name=\"twitter:data1\" content=\"2 minutes\" \/>\n<script type=\"application\/ld+json\" class=\"yoast-schema-graph\">{\"@context\":\"https:\\\/\\\/schema.org\",\"@graph\":[{\"@type\":\"WebPage\",\"@id\":\"https:\\\/\\\/alice.ch\\\/fr\\\/professionnalisation\\\/brevet-federal-formatrice-formateur-dadultes-ffa\\\/module-dapprofondissement-procedures-de-qualification\\\/\",\"url\":\"https:\\\/\\\/alice.ch\\\/fr\\\/professionnalisation\\\/brevet-federal-formatrice-formateur-dadultes-ffa\\\/module-dapprofondissement-procedures-de-qualification\\\/\",\"name\":\"Module d'approfondissement \u00abProc\u00e9dures de qualification\u00bb - FSEA\",\"isPartOf\":{\"@id\":\"https:\\\/\\\/alice.ch\\\/fr\\\/#website\"},\"primaryImageOfPage\":{\"@id\":\"https:\\\/\\\/alice.ch\\\/fr\\\/professionnalisation\\\/brevet-federal-formatrice-formateur-dadultes-ffa\\\/module-dapprofondissement-procedures-de-qualification\\\/#primaryimage\"},\"image\":{\"@id\":\"https:\\\/\\\/alice.ch\\\/fr\\\/professionnalisation\\\/brevet-federal-formatrice-formateur-dadultes-ffa\\\/module-dapprofondissement-procedures-de-qualification\\\/#primaryimage\"},\"thumbnailUrl\":\"https:\\\/\\\/alice.ch\\\/app\\\/uploads\\\/2022\\\/11\\\/default.jpg\",\"datePublished\":\"2025-10-17T12:03:44+00:00\",\"dateModified\":\"2025-12-24T16:21:20+00:00\",\"description\":\"Dans ce module Proc\u00e9dures de qualification (FFA BF-MA-QL), vous apprenez comment planifier et \u00e9laborer des proc\u00e9dures de qualification\",\"breadcrumb\":{\"@id\":\"https:\\\/\\\/alice.ch\\\/fr\\\/professionnalisation\\\/brevet-federal-formatrice-formateur-dadultes-ffa\\\/module-dapprofondissement-procedures-de-qualification\\\/#breadcrumb\"},\"inLanguage\":\"fr-FR\",\"potentialAction\":[{\"@type\":\"ReadAction\",\"target\":[\"https:\\\/\\\/alice.ch\\\/fr\\\/professionnalisation\\\/brevet-federal-formatrice-formateur-dadultes-ffa\\\/module-dapprofondissement-procedures-de-qualification\\\/\"]}]},{\"@type\":\"ImageObject\",\"inLanguage\":\"fr-FR\",\"@id\":\"https:\\\/\\\/alice.ch\\\/fr\\\/professionnalisation\\\/brevet-federal-formatrice-formateur-dadultes-ffa\\\/module-dapprofondissement-procedures-de-qualification\\\/#primaryimage\",\"url\":\"https:\\\/\\\/alice.ch\\\/app\\\/uploads\\\/2022\\\/11\\\/default.jpg\",\"contentUrl\":\"https:\\\/\\\/alice.ch\\\/app\\\/uploads\\\/2022\\\/11\\\/default.jpg\",\"width\":1600,\"height\":900},{\"@type\":\"BreadcrumbList\",\"@id\":\"https:\\\/\\\/alice.ch\\\/fr\\\/professionnalisation\\\/brevet-federal-formatrice-formateur-dadultes-ffa\\\/module-dapprofondissement-procedures-de-qualification\\\/#breadcrumb\",\"itemListElement\":[{\"@type\":\"ListItem\",\"position\":1,\"name\":\"Page d'accueil\",\"item\":\"https:\\\/\\\/alice.ch\\\/fr\\\/\"},{\"@type\":\"ListItem\",\"position\":2,\"name\":\"Professionnalisation\",\"item\":\"https:\\\/\\\/alice.ch\\\/fr\\\/professionnalisation\\\/\"},{\"@type\":\"ListItem\",\"position\":3,\"name\":\"Brevet f\u00e9d\u00e9ral formatrice\\\/formateur d\u2019adultes FFA\",\"item\":\"https:\\\/\\\/alice.ch\\\/fr\\\/professionnalisation\\\/brevet-federal-formatrice-formateur-dadultes-ffa\\\/\"},{\"@type\":\"ListItem\",\"position\":4,\"name\":\"Module d&rsquo;approfondissement \u00abProc\u00e9dures de qualification\u00bb\"}]},{\"@type\":\"WebSite\",\"@id\":\"https:\\\/\\\/alice.ch\\\/fr\\\/#website\",\"url\":\"https:\\\/\\\/alice.ch\\\/fr\\\/\",\"name\":\"alice.ch (Adult Learning Information Center) ist das Portal der Weiterbildung in der Schweiz.\",\"description\":\"Schweizerischer Verband f\u00fcr Weiterbildung\",\"publisher\":{\"@id\":\"https:\\\/\\\/alice.ch\\\/fr\\\/#organization\"},\"potentialAction\":[{\"@type\":\"SearchAction\",\"target\":{\"@type\":\"EntryPoint\",\"urlTemplate\":\"https:\\\/\\\/alice.ch\\\/fr\\\/?s={search_term_string}\"},\"query-input\":{\"@type\":\"PropertyValueSpecification\",\"valueRequired\":true,\"valueName\":\"search_term_string\"}}],\"inLanguage\":\"fr-FR\"},{\"@type\":\"Organization\",\"@id\":\"https:\\\/\\\/alice.ch\\\/fr\\\/#organization\",\"name\":\"FSEA F\u00e9d\u00e9ration suisse pour la formation continue\",\"url\":\"https:\\\/\\\/alice.ch\\\/fr\\\/\",\"logo\":{\"@type\":\"ImageObject\",\"inLanguage\":\"fr-FR\",\"@id\":\"https:\\\/\\\/alice.ch\\\/fr\\\/#\\\/schema\\\/logo\\\/image\\\/\",\"url\":\"https:\\\/\\\/alice.ch\\\/app\\\/uploads\\\/2022\\\/07\\\/logo-sveb.png\",\"contentUrl\":\"https:\\\/\\\/alice.ch\\\/app\\\/uploads\\\/2022\\\/07\\\/logo-sveb.png\",\"width\":145,\"height\":64,\"caption\":\"FSEA F\u00e9d\u00e9ration suisse pour la formation continue\"},\"image\":{\"@id\":\"https:\\\/\\\/alice.ch\\\/fr\\\/#\\\/schema\\\/logo\\\/image\\\/\"},\"sameAs\":[\"https:\\\/\\\/www.linkedin.com\\\/company\\\/schweizerischer-verband-fr-weiterbildung-sveb\\\/\"]}]}<\/script>\n<!-- \/ Yoast SEO plugin. -->","yoast_head_json":{"title":"Module d'approfondissement \u00abProc\u00e9dures de qualification\u00bb - FSEA","description":"Dans ce module Proc\u00e9dures de qualification (FFA BF-MA-QL), vous apprenez comment planifier et \u00e9laborer des proc\u00e9dures de qualification","robots":{"index":"index","follow":"follow","max-snippet":"max-snippet:-1","max-image-preview":"max-image-preview:large","max-video-preview":"max-video-preview:-1"},"canonical":"https:\/\/alice.ch\/fr\/professionnalisation\/brevet-federal-formatrice-formateur-dadultes-ffa\/module-dapprofondissement-procedures-de-qualification\/","og_locale":"fr_FR","og_type":"article","og_title":"Module d'approfondissement \u00abProc\u00e9dures de qualification\u00bb - FSEA","og_description":"Dans ce module Proc\u00e9dures de qualification (FFA BF-MA-QL), vous apprenez comment planifier et \u00e9laborer des proc\u00e9dures de qualification","og_url":"https:\/\/alice.ch\/fr\/professionnalisation\/brevet-federal-formatrice-formateur-dadultes-ffa\/module-dapprofondissement-procedures-de-qualification\/","og_site_name":"SVEB","article_modified_time":"2025-12-24T16:21:20+00:00","twitter_card":"summary_large_image","twitter_misc":{"Dur\u00e9e de lecture estim\u00e9e":"2 minutes"},"schema":{"@context":"https:\/\/schema.org","@graph":[{"@type":"WebPage","@id":"https:\/\/alice.ch\/fr\/professionnalisation\/brevet-federal-formatrice-formateur-dadultes-ffa\/module-dapprofondissement-procedures-de-qualification\/","url":"https:\/\/alice.ch\/fr\/professionnalisation\/brevet-federal-formatrice-formateur-dadultes-ffa\/module-dapprofondissement-procedures-de-qualification\/","name":"Module d'approfondissement \u00abProc\u00e9dures de qualification\u00bb - FSEA","isPartOf":{"@id":"https:\/\/alice.ch\/fr\/#website"},"primaryImageOfPage":{"@id":"https:\/\/alice.ch\/fr\/professionnalisation\/brevet-federal-formatrice-formateur-dadultes-ffa\/module-dapprofondissement-procedures-de-qualification\/#primaryimage"},"image":{"@id":"https:\/\/alice.ch\/fr\/professionnalisation\/brevet-federal-formatrice-formateur-dadultes-ffa\/module-dapprofondissement-procedures-de-qualification\/#primaryimage"},"thumbnailUrl":"https:\/\/alice.ch\/app\/uploads\/2022\/11\/default.jpg","datePublished":"2025-10-17T12:03:44+00:00","dateModified":"2025-12-24T16:21:20+00:00","description":"Dans ce module Proc\u00e9dures de qualification (FFA BF-MA-QL), vous apprenez comment planifier et \u00e9laborer des proc\u00e9dures de qualification","breadcrumb":{"@id":"https:\/\/alice.ch\/fr\/professionnalisation\/brevet-federal-formatrice-formateur-dadultes-ffa\/module-dapprofondissement-procedures-de-qualification\/#breadcrumb"},"inLanguage":"fr-FR","potentialAction":[{"@type":"ReadAction","target":["https:\/\/alice.ch\/fr\/professionnalisation\/brevet-federal-formatrice-formateur-dadultes-ffa\/module-dapprofondissement-procedures-de-qualification\/"]}]},{"@type":"ImageObject","inLanguage":"fr-FR","@id":"https:\/\/alice.ch\/fr\/professionnalisation\/brevet-federal-formatrice-formateur-dadultes-ffa\/module-dapprofondissement-procedures-de-qualification\/#primaryimage","url":"https:\/\/alice.ch\/app\/uploads\/2022\/11\/default.jpg","contentUrl":"https:\/\/alice.ch\/app\/uploads\/2022\/11\/default.jpg","width":1600,"height":900},{"@type":"BreadcrumbList","@id":"https:\/\/alice.ch\/fr\/professionnalisation\/brevet-federal-formatrice-formateur-dadultes-ffa\/module-dapprofondissement-procedures-de-qualification\/#breadcrumb","itemListElement":[{"@type":"ListItem","position":1,"name":"Page d'accueil","item":"https:\/\/alice.ch\/fr\/"},{"@type":"ListItem","position":2,"name":"Professionnalisation","item":"https:\/\/alice.ch\/fr\/professionnalisation\/"},{"@type":"ListItem","position":3,"name":"Brevet f\u00e9d\u00e9ral formatrice\/formateur d\u2019adultes FFA","item":"https:\/\/alice.ch\/fr\/professionnalisation\/brevet-federal-formatrice-formateur-dadultes-ffa\/"},{"@type":"ListItem","position":4,"name":"Module d&rsquo;approfondissement \u00abProc\u00e9dures de qualification\u00bb"}]},{"@type":"WebSite","@id":"https:\/\/alice.ch\/fr\/#website","url":"https:\/\/alice.ch\/fr\/","name":"alice.ch (Adult Learning Information Center) ist das Portal der Weiterbildung in der Schweiz.","description":"Schweizerischer Verband f\u00fcr Weiterbildung","publisher":{"@id":"https:\/\/alice.ch\/fr\/#organization"},"potentialAction":[{"@type":"SearchAction","target":{"@type":"EntryPoint","urlTemplate":"https:\/\/alice.ch\/fr\/?s={search_term_string}"},"query-input":{"@type":"PropertyValueSpecification","valueRequired":true,"valueName":"search_term_string"}}],"inLanguage":"fr-FR"},{"@type":"Organization","@id":"https:\/\/alice.ch\/fr\/#organization","name":"FSEA F\u00e9d\u00e9ration suisse pour la formation continue","url":"https:\/\/alice.ch\/fr\/","logo":{"@type":"ImageObject","inLanguage":"fr-FR","@id":"https:\/\/alice.ch\/fr\/#\/schema\/logo\/image\/","url":"https:\/\/alice.ch\/app\/uploads\/2022\/07\/logo-sveb.png","contentUrl":"https:\/\/alice.ch\/app\/uploads\/2022\/07\/logo-sveb.png","width":145,"height":64,"caption":"FSEA F\u00e9d\u00e9ration suisse pour la formation continue"},"image":{"@id":"https:\/\/alice.ch\/fr\/#\/schema\/logo\/image\/"},"sameAs":["https:\/\/www.linkedin.com\/company\/schweizerischer-verband-fr-weiterbildung-sveb\/"]}]}},"_links":{"self":[{"href":"https:\/\/alice.ch\/fr\/wp-json\/wp\/v2\/pages\/70861","targetHints":{"allow":["GET"]}}],"collection":[{"href":"https:\/\/alice.ch\/fr\/wp-json\/wp\/v2\/pages"}],"about":[{"href":"https:\/\/alice.ch\/fr\/wp-json\/wp\/v2\/types\/page"}],"author":[{"embeddable":true,"href":"https:\/\/alice.ch\/fr\/wp-json\/wp\/v2\/users\/5"}],"replies":[{"embeddable":true,"href":"https:\/\/alice.ch\/fr\/wp-json\/wp\/v2\/comments?post=70861"}],"version-history":[{"count":7,"href":"https:\/\/alice.ch\/fr\/wp-json\/wp\/v2\/pages\/70861\/revisions"}],"predecessor-version":[{"id":72778,"href":"https:\/\/alice.ch\/fr\/wp-json\/wp\/v2\/pages\/70861\/revisions\/72778"}],"up":[{"embeddable":true,"href":"https:\/\/alice.ch\/fr\/wp-json\/wp\/v2\/pages\/17660"}],"wp:featuredmedia":[{"embeddable":true,"href":"https:\/\/alice.ch\/fr\/wp-json\/wp\/v2\/media\/20799"}],"wp:attachment":[{"href":"https:\/\/alice.ch\/fr\/wp-json\/wp\/v2\/media?parent=70861"}],"curies":[{"name":"wp","href":"https:\/\/api.w.org\/{rel}","templated":true}]}}