{"id":70871,"date":"2025-10-17T14:26:22","date_gmt":"2025-10-17T12:26:22","guid":{"rendered":"https:\/\/alice.ch\/?page_id=70871"},"modified":"2025-12-24T16:43:43","modified_gmt":"2025-12-24T15:43:43","slug":"module-transversal","status":"publish","type":"page","link":"https:\/\/alice.ch\/fr\/professionnalisation\/brevet-federal-formatrice-formateur-dadultes-ffa\/module-transversal\/","title":{"rendered":"Module transversal"},"content":{"rendered":"\n<div class=\"wp-block-group is-style-reduced-width is-layout-constrained wp-block-group-is-layout-constrained\">\n<h1 class=\"wp-block-heading\">D\u00e9velopper une compr\u00e9hension de la profession dans l&rsquo;environnement de travail<\/h1>\n\n\n\n<p class=\"is-style-lead\">Ce module transversal \u00abD\u00e9velopper une compr\u00e9hension de la profession dans l&rsquo;environnement de travail\u00bb (FFA BF-MTV) vous permet de r\u00e9fl\u00e9chir \u00e0 votre r\u00f4le de formatrice ou de formateur, de le clarifier et de d\u00e9velopper votre propre conception de la profession.<\/p>\n\n\n\n<p class=\"is-style-default\">Comp\u00e9tence op\u00e9rationnelle: R\u00e9fl\u00e9chir \u00e0 sa propre attitude et \u00e0 son r\u00f4le de formatrice ou de formateur en tenant compte de sa biographie et d\u00e9velopper son activit\u00e9 professionnelle dans le contexte de travail.<\/p>\n\n\n\n<div class=\"wp-block-columns is-layout-flex wp-container-core-columns-is-layout-28f84493 wp-block-columns-is-layout-flex\">\n<div class=\"wp-block-column is-layout-flow wp-block-column-is-layout-flow\" style=\"flex-basis:66.66%\">\n<figure class=\"wp-block-image size-full is-style-no-border\"><img decoding=\"async\" src=\"https:\/\/alice.ch\/app\/uploads\/2025\/09\/ffa-modules-transversal.svg\" alt=\"\" class=\"wp-image-70969\" \/><\/figure>\n<\/div>\n<\/div>\n\n\n\n<p><\/p>\n\n\n\n<p>Les participants r\u00e9fl\u00e9chissent \u00e0 leur propre r\u00f4le, \u00e0 leur conception de la profession, \u00e0 leurs valeurs et \u00e0 leurs comportements, et continuent \u00e0 se d\u00e9velopper. Ils \u00e9valuent la qualit\u00e9 de leur enseignement et de leur apprentissage \u00e0 l&rsquo;aide de diff\u00e9rentes m\u00e9thodes et instruments, ils utilisent les nombreuses impulsions donn\u00e9es pour d\u00e9velopper des strat\u00e9gies leur permettant de g\u00e9rer les situations de stress et les ambivalences afin de renforcer leur propre r\u00e9silience. La supervision constitue un espace de r\u00e9flexion important \u00e0 cet \u00e9gard.<\/p>\n\n\n\n<div class=\"wp-block-columns is-style-accordion is-layout-flex wp-container-core-columns-is-layout-28f84493 wp-block-columns-is-layout-flex\" id=\"faq-element-1\">\n<div class=\"wp-block-column is-layout-flow wp-block-column-is-layout-flow\">\n<h3 class=\"wp-block-heading\">Comp\u00e9tences partiellement d\u00e9velopp\u00e9es et attest\u00e9es durant le module<\/h3>\n<\/div>\n\n\n\n<div class=\"wp-block-column is-layout-flow wp-block-column-is-layout-flow\">\n<ul class=\"wp-block-list\">\n<li>D\u00e9velopper et garantir sa propre qualit\u00e9 d\u2019enseignement\/d\u2019apprentissage &nbsp;<\/li>\n\n\n\n<li>Clarifier son propre r\u00f4le et influencer en cons\u00e9quence <\/li>\n\n\n\n<li>R\u00e9fl\u00e9chir sur sa propre conception de l\u2019enseignement et de l\u2019apprentissage, sur ses propres valeurs, attitudes et normes dans le contexte de son exp\u00e9rience et ressources sp\u00e9cifiques <\/li>\n\n\n\n<li>V\u00e9rifier son propre comportement et l&rsquo;adapter si n\u00e9cessaire<\/li>\n\n\n\n<li>R\u00e9fl\u00e9chir aux probl\u00e8mes de la pratique et les r\u00e9soudre au sein d\u2019une \u00e9quipe coll\u00e9giale <\/li>\n\n\n\n<li>D\u00e9velopper et appliquer des strat\u00e9gies pour la gestion des situations difficiles <\/li>\n\n\n\n<li>D\u00e9velopper une compr\u00e9hension de la profession dans son propre contexte de travail<\/li>\n\n\n\n<li>Lib\u00e9rer son activit\u00e9 professionnelle des pr\u00e9jug\u00e9s <\/li>\n\n\n\n<li>Viser l&rsquo;excellence dans ses activit\u00e9s professionnelles<\/li>\n\n\n\n<li>Planifier et mettre en \u0153uvre les ressources en personnel et en mat\u00e9riel de fa\u00e7on durable<\/li>\n<\/ul>\n<\/div>\n<\/div>\n\n\n\n<div class=\"wp-block-columns is-style-accordion is-layout-flex wp-container-core-columns-is-layout-28f84493 wp-block-columns-is-layout-flex\" id=\"faq-element-1\">\n<div class=\"wp-block-column is-layout-flow wp-block-column-is-layout-flow\">\n<h3 class=\"wp-block-heading\">\u00c9valuation des comp\u00e9tences et exigences<\/h3>\n<\/div>\n\n\n\n<div class=\"wp-block-column is-layout-flow wp-block-column-is-layout-flow\">\n<p>Le justificatif de comp\u00e9tences pour ce module comprend un ensemble de r\u00e9alisations (documentation des r\u00e9alisations).<br>Pour l\u2019obtention du certificat modulaire, les conditions suivantes doivent \u00eatre remplies\u202f:<\/p>\n\n\n\n<ul class=\"wp-block-list\">\n<li>Participation active durant les heures en contact prescrites (au moins 80%).<\/li>\n\n\n\n<li>Appr\u00e9ciation \u00ab\u202facquis\u202f\u00bb dans le justificatif de comp\u00e9tence d\u00e9livr\u00e9 par l&rsquo;enseignante\/enseignant du module.<\/li>\n\n\n\n<li>\u00c9laboration, respectivement mise \u00e0 jour compl\u00e9mentaire du portfolio de comp\u00e9tences personnelles.<\/li>\n<\/ul>\n<\/div>\n<\/div>\n\n\n\n<p><\/p>\n\n\n\n<h2 class=\"wp-block-heading\">Descriptif du module<\/h2>\n\n\n\n<div class=\"wp-block-columns is-layout-flex wp-container-core-columns-is-layout-28f84493 wp-block-columns-is-layout-flex\">\n<div class=\"wp-block-column is-layout-flow wp-block-column-is-layout-flow\">\n<div class=\"wp-block-file\"><a id=\"wp-block-file--media-e423da0b-9143-4f8d-b1a7-aebbe35600ee\" href=\"https:\/\/alice.ch\/app\/uploads\/2023\/05\/FFA-BF-MTV.pdf\" target=\"_blank\" rel=\"noreferrer noopener\">Module transversal \u00abD\u00e9velopper une compr\u00e9hension de la profession dans l&rsquo;environnement de travail\u00bb (FFA BF-MTV)<br \/>PDF &#8211; 268 kb<\/a><a href=\"https:\/\/alice.ch\/app\/uploads\/2023\/05\/FFA-BF-MTV.pdf\" class=\"wp-block-file__button wp-element-button\" download aria-describedby=\"wp-block-file--media-e423da0b-9143-4f8d-b1a7-aebbe35600ee\">Herunterladen<br \/>PDF &#8211; 268 kb<\/a><\/div>\n<\/div>\n\n\n\n<div class=\"wp-block-column is-layout-flow wp-block-column-is-layout-flow\"><\/div>\n<\/div>\n\n\n\n<h2 class=\"wp-block-heading\">Trouver des cours modulaires FFA<\/h2>\n\n\n\n<p>Dans la base de donn\u00e9es FFA, vous trouverez la liste des prestataires qui proposent les modules FFA:<\/p>\n\n\n\n<div class=\"wp-block-buttons is-layout-flex wp-block-buttons-is-layout-flex\">\n<div class=\"wp-block-button has-custom-width wp-block-button__width-50 is-style-outline is-style-outline--1\"><a class=\"wp-block-button__link wp-element-button\" href=\"https:\/\/alice.ch\/fr\/professionnalisation\/systeme-modulaire-ffa\/cours-modulaires-ffa-reconnus\/?modul=24\">Cours: module transversal \u00abD\u00e9velopper une compr\u00e9hension de la profession dans l&rsquo;environnement de travail\u00bb (FFA BF-MTV)<\/a><\/div>\n<\/div>\n\n\n\n<h2 class=\"wp-block-heading\">Contact<\/h2>\n\n\n\n<div class=\"wp-block-columns is-layout-flex wp-container-core-columns-is-layout-28f84493 wp-block-columns-is-layout-flex\">\n<div class=\"wp-block-column is-layout-flow wp-block-column-is-layout-flow\" style=\"flex-basis:50%\"><div class=\"contact-persons\">\n\n\t\t\t\t\t<div class=\"contact-person\">\n\t\t\t\t\tFSEA F\u00e9d\u00e9ration suisse pour la formation continue<br \/>\t\t\t\t\t\t\t\t\t\t<br \/>\n\t\t\t\t\tSecr\u00e9tariat romand<br \/>\r\nRue de Gen\u00e8ve 88b<br \/>\r\n1004 Lausanne<br \/>\t\t\t\t\t<a href=\"tel:+41 (0)22 994 20 10\">+41 (0)22 994 20 10<\/a><br \/>\t\t\t\t\t<a href=\"mailto:fsea@alice.ch\">fsea@alice.ch<\/a><br \/>\t\t\t\t\t<\/div>\n\t\t\t\t\t<\/div>\n<\/div>\n\n\n\n<div class=\"wp-block-column is-layout-flow wp-block-column-is-layout-flow\" style=\"flex-basis:50%\"><\/div>\n<\/div>\n\n\n\n<p><\/p>\n<\/div>\n","protected":false},"excerpt":{"rendered":"<p>D\u00e9velopper une compr\u00e9hension de la profession dans l&rsquo;environnement de travail Ce module transversal \u00abD\u00e9velopper une compr\u00e9hension de la profession dans [&hellip;]<\/p>\n","protected":false},"author":5,"featured_media":20799,"parent":17660,"menu_order":421,"comment_status":"closed","ping_status":"closed","template":"","meta":{"_acf_changed":false,"inline_featured_image":false,"footnotes":""},"class_list":["post-70871","page","type-page","status-publish","has-post-thumbnail","hentry"],"acf":[],"yoast_head":"<!-- This site is optimized with the Yoast SEO plugin v27.3 - https:\/\/yoast.com\/product\/yoast-seo-wordpress\/ -->\n<title>Module transversal - FSEA<\/title>\n<meta name=\"description\" content=\"Ce module transversal (FFA BF-MTV) vous permet de r\u00e9fl\u00e9chir \u00e0 votre r\u00f4le de formatrice ou de formateur et de le clarifier\" \/>\n<meta name=\"robots\" content=\"index, follow, max-snippet:-1, max-image-preview:large, max-video-preview:-1\" \/>\n<link rel=\"canonical\" href=\"https:\/\/alice.ch\/fr\/professionnalisation\/brevet-federal-formatrice-formateur-dadultes-ffa\/module-transversal\/\" \/>\n<meta property=\"og:locale\" content=\"fr_FR\" \/>\n<meta property=\"og:type\" content=\"article\" \/>\n<meta property=\"og:title\" content=\"Module transversal - FSEA\" \/>\n<meta property=\"og:description\" content=\"Ce module transversal (FFA BF-MTV) vous permet de r\u00e9fl\u00e9chir \u00e0 votre r\u00f4le de formatrice ou de formateur et de le clarifier\" \/>\n<meta property=\"og:url\" content=\"https:\/\/alice.ch\/fr\/professionnalisation\/brevet-federal-formatrice-formateur-dadultes-ffa\/module-transversal\/\" \/>\n<meta property=\"og:site_name\" content=\"SVEB\" \/>\n<meta property=\"article:modified_time\" content=\"2025-12-24T15:43:43+00:00\" \/>\n<meta name=\"twitter:card\" content=\"summary_large_image\" \/>\n<meta name=\"twitter:label1\" content=\"Dur\u00e9e de lecture estim\u00e9e\" \/>\n\t<meta name=\"twitter:data1\" content=\"2 minutes\" \/>\n<script type=\"application\/ld+json\" class=\"yoast-schema-graph\">{\"@context\":\"https:\\\/\\\/schema.org\",\"@graph\":[{\"@type\":\"WebPage\",\"@id\":\"https:\\\/\\\/alice.ch\\\/fr\\\/professionnalisation\\\/brevet-federal-formatrice-formateur-dadultes-ffa\\\/module-transversal\\\/\",\"url\":\"https:\\\/\\\/alice.ch\\\/fr\\\/professionnalisation\\\/brevet-federal-formatrice-formateur-dadultes-ffa\\\/module-transversal\\\/\",\"name\":\"Module transversal - FSEA\",\"isPartOf\":{\"@id\":\"https:\\\/\\\/alice.ch\\\/fr\\\/#website\"},\"primaryImageOfPage\":{\"@id\":\"https:\\\/\\\/alice.ch\\\/fr\\\/professionnalisation\\\/brevet-federal-formatrice-formateur-dadultes-ffa\\\/module-transversal\\\/#primaryimage\"},\"image\":{\"@id\":\"https:\\\/\\\/alice.ch\\\/fr\\\/professionnalisation\\\/brevet-federal-formatrice-formateur-dadultes-ffa\\\/module-transversal\\\/#primaryimage\"},\"thumbnailUrl\":\"https:\\\/\\\/alice.ch\\\/app\\\/uploads\\\/2022\\\/11\\\/default.jpg\",\"datePublished\":\"2025-10-17T12:26:22+00:00\",\"dateModified\":\"2025-12-24T15:43:43+00:00\",\"description\":\"Ce module transversal (FFA BF-MTV) vous permet de r\u00e9fl\u00e9chir \u00e0 votre r\u00f4le de formatrice ou de formateur et de le clarifier\",\"breadcrumb\":{\"@id\":\"https:\\\/\\\/alice.ch\\\/fr\\\/professionnalisation\\\/brevet-federal-formatrice-formateur-dadultes-ffa\\\/module-transversal\\\/#breadcrumb\"},\"inLanguage\":\"fr-FR\",\"potentialAction\":[{\"@type\":\"ReadAction\",\"target\":[\"https:\\\/\\\/alice.ch\\\/fr\\\/professionnalisation\\\/brevet-federal-formatrice-formateur-dadultes-ffa\\\/module-transversal\\\/\"]}]},{\"@type\":\"ImageObject\",\"inLanguage\":\"fr-FR\",\"@id\":\"https:\\\/\\\/alice.ch\\\/fr\\\/professionnalisation\\\/brevet-federal-formatrice-formateur-dadultes-ffa\\\/module-transversal\\\/#primaryimage\",\"url\":\"https:\\\/\\\/alice.ch\\\/app\\\/uploads\\\/2022\\\/11\\\/default.jpg\",\"contentUrl\":\"https:\\\/\\\/alice.ch\\\/app\\\/uploads\\\/2022\\\/11\\\/default.jpg\",\"width\":1600,\"height\":900},{\"@type\":\"BreadcrumbList\",\"@id\":\"https:\\\/\\\/alice.ch\\\/fr\\\/professionnalisation\\\/brevet-federal-formatrice-formateur-dadultes-ffa\\\/module-transversal\\\/#breadcrumb\",\"itemListElement\":[{\"@type\":\"ListItem\",\"position\":1,\"name\":\"Page d'accueil\",\"item\":\"https:\\\/\\\/alice.ch\\\/fr\\\/\"},{\"@type\":\"ListItem\",\"position\":2,\"name\":\"Professionnalisation\",\"item\":\"https:\\\/\\\/alice.ch\\\/fr\\\/professionnalisation\\\/\"},{\"@type\":\"ListItem\",\"position\":3,\"name\":\"Brevet f\u00e9d\u00e9ral formatrice\\\/formateur d\u2019adultes FFA\",\"item\":\"https:\\\/\\\/alice.ch\\\/fr\\\/professionnalisation\\\/brevet-federal-formatrice-formateur-dadultes-ffa\\\/\"},{\"@type\":\"ListItem\",\"position\":4,\"name\":\"Module transversal\"}]},{\"@type\":\"WebSite\",\"@id\":\"https:\\\/\\\/alice.ch\\\/fr\\\/#website\",\"url\":\"https:\\\/\\\/alice.ch\\\/fr\\\/\",\"name\":\"alice.ch (Adult Learning Information Center) ist das Portal der Weiterbildung in der Schweiz.\",\"description\":\"Schweizerischer Verband f\u00fcr Weiterbildung\",\"publisher\":{\"@id\":\"https:\\\/\\\/alice.ch\\\/fr\\\/#organization\"},\"potentialAction\":[{\"@type\":\"SearchAction\",\"target\":{\"@type\":\"EntryPoint\",\"urlTemplate\":\"https:\\\/\\\/alice.ch\\\/fr\\\/?s={search_term_string}\"},\"query-input\":{\"@type\":\"PropertyValueSpecification\",\"valueRequired\":true,\"valueName\":\"search_term_string\"}}],\"inLanguage\":\"fr-FR\"},{\"@type\":\"Organization\",\"@id\":\"https:\\\/\\\/alice.ch\\\/fr\\\/#organization\",\"name\":\"FSEA F\u00e9d\u00e9ration suisse pour la formation continue\",\"url\":\"https:\\\/\\\/alice.ch\\\/fr\\\/\",\"logo\":{\"@type\":\"ImageObject\",\"inLanguage\":\"fr-FR\",\"@id\":\"https:\\\/\\\/alice.ch\\\/fr\\\/#\\\/schema\\\/logo\\\/image\\\/\",\"url\":\"https:\\\/\\\/alice.ch\\\/app\\\/uploads\\\/2022\\\/07\\\/logo-sveb.png\",\"contentUrl\":\"https:\\\/\\\/alice.ch\\\/app\\\/uploads\\\/2022\\\/07\\\/logo-sveb.png\",\"width\":145,\"height\":64,\"caption\":\"FSEA F\u00e9d\u00e9ration suisse pour la formation continue\"},\"image\":{\"@id\":\"https:\\\/\\\/alice.ch\\\/fr\\\/#\\\/schema\\\/logo\\\/image\\\/\"},\"sameAs\":[\"https:\\\/\\\/www.linkedin.com\\\/company\\\/schweizerischer-verband-fr-weiterbildung-sveb\\\/\"]}]}<\/script>\n<!-- \/ Yoast SEO plugin. -->","yoast_head_json":{"title":"Module transversal - FSEA","description":"Ce module transversal (FFA BF-MTV) vous permet de r\u00e9fl\u00e9chir \u00e0 votre r\u00f4le de formatrice ou de formateur et de le clarifier","robots":{"index":"index","follow":"follow","max-snippet":"max-snippet:-1","max-image-preview":"max-image-preview:large","max-video-preview":"max-video-preview:-1"},"canonical":"https:\/\/alice.ch\/fr\/professionnalisation\/brevet-federal-formatrice-formateur-dadultes-ffa\/module-transversal\/","og_locale":"fr_FR","og_type":"article","og_title":"Module transversal - FSEA","og_description":"Ce module transversal (FFA BF-MTV) vous permet de r\u00e9fl\u00e9chir \u00e0 votre r\u00f4le de formatrice ou de formateur et de le clarifier","og_url":"https:\/\/alice.ch\/fr\/professionnalisation\/brevet-federal-formatrice-formateur-dadultes-ffa\/module-transversal\/","og_site_name":"SVEB","article_modified_time":"2025-12-24T15:43:43+00:00","twitter_card":"summary_large_image","twitter_misc":{"Dur\u00e9e de lecture estim\u00e9e":"2 minutes"},"schema":{"@context":"https:\/\/schema.org","@graph":[{"@type":"WebPage","@id":"https:\/\/alice.ch\/fr\/professionnalisation\/brevet-federal-formatrice-formateur-dadultes-ffa\/module-transversal\/","url":"https:\/\/alice.ch\/fr\/professionnalisation\/brevet-federal-formatrice-formateur-dadultes-ffa\/module-transversal\/","name":"Module transversal - FSEA","isPartOf":{"@id":"https:\/\/alice.ch\/fr\/#website"},"primaryImageOfPage":{"@id":"https:\/\/alice.ch\/fr\/professionnalisation\/brevet-federal-formatrice-formateur-dadultes-ffa\/module-transversal\/#primaryimage"},"image":{"@id":"https:\/\/alice.ch\/fr\/professionnalisation\/brevet-federal-formatrice-formateur-dadultes-ffa\/module-transversal\/#primaryimage"},"thumbnailUrl":"https:\/\/alice.ch\/app\/uploads\/2022\/11\/default.jpg","datePublished":"2025-10-17T12:26:22+00:00","dateModified":"2025-12-24T15:43:43+00:00","description":"Ce module transversal (FFA BF-MTV) vous permet de r\u00e9fl\u00e9chir \u00e0 votre r\u00f4le de formatrice ou de formateur et de le clarifier","breadcrumb":{"@id":"https:\/\/alice.ch\/fr\/professionnalisation\/brevet-federal-formatrice-formateur-dadultes-ffa\/module-transversal\/#breadcrumb"},"inLanguage":"fr-FR","potentialAction":[{"@type":"ReadAction","target":["https:\/\/alice.ch\/fr\/professionnalisation\/brevet-federal-formatrice-formateur-dadultes-ffa\/module-transversal\/"]}]},{"@type":"ImageObject","inLanguage":"fr-FR","@id":"https:\/\/alice.ch\/fr\/professionnalisation\/brevet-federal-formatrice-formateur-dadultes-ffa\/module-transversal\/#primaryimage","url":"https:\/\/alice.ch\/app\/uploads\/2022\/11\/default.jpg","contentUrl":"https:\/\/alice.ch\/app\/uploads\/2022\/11\/default.jpg","width":1600,"height":900},{"@type":"BreadcrumbList","@id":"https:\/\/alice.ch\/fr\/professionnalisation\/brevet-federal-formatrice-formateur-dadultes-ffa\/module-transversal\/#breadcrumb","itemListElement":[{"@type":"ListItem","position":1,"name":"Page d'accueil","item":"https:\/\/alice.ch\/fr\/"},{"@type":"ListItem","position":2,"name":"Professionnalisation","item":"https:\/\/alice.ch\/fr\/professionnalisation\/"},{"@type":"ListItem","position":3,"name":"Brevet f\u00e9d\u00e9ral formatrice\/formateur d\u2019adultes FFA","item":"https:\/\/alice.ch\/fr\/professionnalisation\/brevet-federal-formatrice-formateur-dadultes-ffa\/"},{"@type":"ListItem","position":4,"name":"Module transversal"}]},{"@type":"WebSite","@id":"https:\/\/alice.ch\/fr\/#website","url":"https:\/\/alice.ch\/fr\/","name":"alice.ch (Adult Learning Information Center) ist das Portal der Weiterbildung in der Schweiz.","description":"Schweizerischer Verband f\u00fcr Weiterbildung","publisher":{"@id":"https:\/\/alice.ch\/fr\/#organization"},"potentialAction":[{"@type":"SearchAction","target":{"@type":"EntryPoint","urlTemplate":"https:\/\/alice.ch\/fr\/?s={search_term_string}"},"query-input":{"@type":"PropertyValueSpecification","valueRequired":true,"valueName":"search_term_string"}}],"inLanguage":"fr-FR"},{"@type":"Organization","@id":"https:\/\/alice.ch\/fr\/#organization","name":"FSEA F\u00e9d\u00e9ration suisse pour la formation continue","url":"https:\/\/alice.ch\/fr\/","logo":{"@type":"ImageObject","inLanguage":"fr-FR","@id":"https:\/\/alice.ch\/fr\/#\/schema\/logo\/image\/","url":"https:\/\/alice.ch\/app\/uploads\/2022\/07\/logo-sveb.png","contentUrl":"https:\/\/alice.ch\/app\/uploads\/2022\/07\/logo-sveb.png","width":145,"height":64,"caption":"FSEA F\u00e9d\u00e9ration suisse pour la formation continue"},"image":{"@id":"https:\/\/alice.ch\/fr\/#\/schema\/logo\/image\/"},"sameAs":["https:\/\/www.linkedin.com\/company\/schweizerischer-verband-fr-weiterbildung-sveb\/"]}]}},"_links":{"self":[{"href":"https:\/\/alice.ch\/fr\/wp-json\/wp\/v2\/pages\/70871","targetHints":{"allow":["GET"]}}],"collection":[{"href":"https:\/\/alice.ch\/fr\/wp-json\/wp\/v2\/pages"}],"about":[{"href":"https:\/\/alice.ch\/fr\/wp-json\/wp\/v2\/types\/page"}],"author":[{"embeddable":true,"href":"https:\/\/alice.ch\/fr\/wp-json\/wp\/v2\/users\/5"}],"replies":[{"embeddable":true,"href":"https:\/\/alice.ch\/fr\/wp-json\/wp\/v2\/comments?post=70871"}],"version-history":[{"count":8,"href":"https:\/\/alice.ch\/fr\/wp-json\/wp\/v2\/pages\/70871\/revisions"}],"predecessor-version":[{"id":72761,"href":"https:\/\/alice.ch\/fr\/wp-json\/wp\/v2\/pages\/70871\/revisions\/72761"}],"up":[{"embeddable":true,"href":"https:\/\/alice.ch\/fr\/wp-json\/wp\/v2\/pages\/17660"}],"wp:featuredmedia":[{"embeddable":true,"href":"https:\/\/alice.ch\/fr\/wp-json\/wp\/v2\/media\/20799"}],"wp:attachment":[{"href":"https:\/\/alice.ch\/fr\/wp-json\/wp\/v2\/media?parent=70871"}],"curies":[{"name":"wp","href":"https:\/\/api.w.org\/{rel}","templated":true}]}}