{"id":74796,"date":"2026-04-02T16:01:34","date_gmt":"2026-04-02T14:01:34","guid":{"rendered":"https:\/\/alice.ch\/?page_id=74796"},"modified":"2026-04-08T11:10:23","modified_gmt":"2026-04-08T09:10:23","slug":"ad2026","status":"publish","type":"page","link":"https:\/\/alice.ch\/fr\/fsea-fr\/a-propos-de-la-fsea\/ad2026\/","title":{"rendered":"Assembl\u00e9e des d\u00e9l\u00e9gu\u00e9s 2026 et Journ\u00e9e politique de la formation continue"},"content":{"rendered":"\n<div class=\"wp-block-group is-style-reduced-width is-layout-constrained wp-block-group-is-layout-constrained\">\n<div class=\"wp-block-group is-style-default is-layout-constrained wp-block-group-is-layout-constrained\">\n<h1 class=\"wp-block-heading\">Assembl\u00e9e des d\u00e9l\u00e9gu\u00e9s 2026 et Journ\u00e9e politique de la formation continue<\/h1>\n\n\n\n<p class=\"is-style-lead\">Sur cette page consacr\u00e9e \u00e0 l&rsquo;Assembl\u00e9e des d\u00e9l\u00e9gu\u00e9s et \u00e0 la Journ\u00e9e politique de la formation continue de la FSEA, qui se tiendront le 12 mai 2026 \u00e0 Berne (<a href=\"https:\/\/maps.app.goo.gl\/aBVqGSdcLLWZY2VJ8\">Schwellenm\u00e4tteli<\/a>), vous trouverez tous les documents \u00e0 t\u00e9l\u00e9charger.<\/p>\n\n\n\n<div class=\"wp-block-buttons is-layout-flex wp-block-buttons-is-layout-flex\">\n<div class=\"wp-block-button is-style-outline is-style-outline--1\"><a class=\"wp-block-button__link wp-element-button\" href=\"https:\/\/alice.ch\/fr\/event\/assemblee-des-delegues-et-journee-politique-de-la-formation-continue-2026\/\" target=\"_blank\" rel=\"noreferrer noopener\">vers l&rsquo;inscription<\/a><\/div>\n<\/div>\n\n\n\n<h2 class=\"wp-block-heading\">Assembl\u00e9e des d\u00e9l\u00e9gu\u00e9s<\/h2>\n\n\n\n<h3 class=\"wp-block-heading has-cyan-bluish-gray-color has-text-color\">13h30\u201314h30<\/h3>\n\n\n\n<h3 class=\"wp-block-heading\">Agenda<\/h3>\n\n\n\n<ol style=\"list-style-type:1\" class=\"wp-block-list\">\n<li>Accueil<\/li>\n\n\n\n<li>\u00c9lection des scrutatrices et scrutateurs<\/li>\n\n\n\n<li>Proc\u00e8s-verbal de l&rsquo;Assembl\u00e9e des d\u00e9l\u00e9gu\u00e9s de mai 2025 (annexe T3)<\/li>\n\n\n\n<li>Pr\u00e9sentation du rapport annuel 2025 par le pr\u00e9sident, questions et discussion (rapport annuel)<\/li>\n\n\n\n<li>Comptes annuels 2025 (cf. rapport annuel 2025, page 24)<\/li>\n\n\n\n<li>Budget 2026 (cf. rapport annuel 2025, page 25) et programme d\u2018activit\u00e9s 2026 (annexe T6)<\/li>\n\n\n\n<li>\u00c9lection de l&rsquo;organe de r\u00e9vision<\/li>\n\n\n\n<li>\u00c9lections<\/li>\n\n\n\n<li>Divers<\/li>\n<\/ol>\n\n\n\n<div class=\"wp-block-group is-style-border-box is-layout-constrained wp-block-group-is-layout-constrained\">\n<p class=\"is-style-lead\">Les demandes des membres concernant les documents mis \u00e0 disposition doivent \u00eatre adress\u00e9es au secr\u00e9tariat au plus tard 10 jours avant l&rsquo;assembl\u00e9e.<\/p>\n<\/div>\n\n\n\n<h3 class=\"wp-block-heading\">Documents<\/h3>\n\n\n\n<div class=\"wp-block-columns is-layout-flex wp-container-core-columns-is-layout-28f84493 wp-block-columns-is-layout-flex\">\n<div class=\"wp-block-column is-layout-flow wp-block-column-is-layout-flow\" style=\"flex-basis:50%\">\n<div class=\"wp-block-file\"><a id=\"wp-block-file--media-d2019962-8e3d-4714-b111-92c8df25e11f\" href=\"https:\/\/alice.ch\/app\/uploads\/2026\/04\/Ordre-du-jour-annexe-T1.pdf\" target=\"_blank\" rel=\"noreferrer noopener\">Ordre du jour AD 2026 (annexe T1)<br \/>PDF &#8211; 176 kb<\/a><a href=\"https:\/\/alice.ch\/app\/uploads\/2026\/04\/Ordre-du-jour-annexe-T1.pdf\" class=\"wp-block-file__button wp-element-button\" download aria-describedby=\"wp-block-file--media-d2019962-8e3d-4714-b111-92c8df25e11f\">Herunterladen<br \/>PDF &#8211; 176 kb<\/a><\/div>\n\n\n\n<div class=\"wp-block-file\"><a id=\"wp-block-file--media-b778266c-30a2-405e-8163-597128876bdb\" href=\"https:\/\/alice.ch\/app\/uploads\/2026\/04\/SVEB_Jahresbericht2025-1.pdf\" target=\"_blank\" rel=\"noreferrer noopener\">Rapport annuel 2025<br \/>PDF &#8211; 1 Mo<\/a><a href=\"https:\/\/alice.ch\/app\/uploads\/2026\/04\/SVEB_Jahresbericht2025-1.pdf\" class=\"wp-block-file__button wp-element-button\" download aria-describedby=\"wp-block-file--media-b778266c-30a2-405e-8163-597128876bdb\">Herunterladen<br \/>PDF &#8211; 1 Mo<\/a><\/div>\n\n\n\n<div class=\"wp-block-file\"><a id=\"wp-block-file--media-b4f9960e-ef62-46f3-916d-753ca6dbf762\" href=\"https:\/\/alice.ch\/app\/uploads\/2026\/03\/Revisionsbericht-2025.pdf\" target=\"_blank\" rel=\"noreferrer noopener\">Rapport d&rsquo;audit (en allemand) 2025<br \/>PDF &#8211; 1 Mo<\/a><a href=\"https:\/\/alice.ch\/app\/uploads\/2026\/03\/Revisionsbericht-2025.pdf\" class=\"wp-block-file__button wp-element-button\" download aria-describedby=\"wp-block-file--media-b4f9960e-ef62-46f3-916d-753ca6dbf762\">Herunterladen<br \/>PDF &#8211; 1 Mo<\/a><\/div>\n<\/div>\n\n\n\n<div class=\"wp-block-column is-layout-flow wp-block-column-is-layout-flow\" style=\"flex-basis:50%\">\n<div class=\"wp-block-file\"><a id=\"wp-block-file--media-adcf41f3-6278-4458-8bc9-f52ac2050b6a\" href=\"https:\/\/alice.ch\/app\/uploads\/2026\/04\/Proces-verbal-AD-24-annexe-T3.pdf\" target=\"_blank\" rel=\"noreferrer noopener\">Proce\u0300s-verbal AD 2025 (annexe T3)<br \/>PDF &#8211; 376 kb<\/a><a href=\"https:\/\/alice.ch\/app\/uploads\/2026\/04\/Proces-verbal-AD-24-annexe-T3.pdf\" class=\"wp-block-file__button wp-element-button\" download aria-describedby=\"wp-block-file--media-adcf41f3-6278-4458-8bc9-f52ac2050b6a\">Herunterladen<br \/>PDF &#8211; 376 kb<\/a><\/div>\n\n\n\n<div class=\"wp-block-file\"><a id=\"wp-block-file--media-8588082a-3045-4163-a411-f0c5ab0e0344\" href=\"https:\/\/alice.ch\/app\/uploads\/2026\/04\/Programme-dactivite-2025-annexe-T6.pdf\" target=\"_blank\" rel=\"noreferrer noopener\">Programme d&rsquo;activites 2026 (annexe T6)<br \/>PDF &#8211; 180 kb<\/a><a href=\"https:\/\/alice.ch\/app\/uploads\/2026\/04\/Programme-dactivite-2025-annexe-T6.pdf\" class=\"wp-block-file__button wp-element-button\" download aria-describedby=\"wp-block-file--media-8588082a-3045-4163-a411-f0c5ab0e0344\">Herunterladen<br \/>PDF &#8211; 180 kb<\/a><\/div>\n<\/div>\n<\/div>\n\n\n\n<h2 class=\"wp-block-heading\">Journ\u00e9e politique de la formation continue<\/h2>\n\n\n\n<h3 class=\"wp-block-heading has-cyan-bluish-gray-color has-text-color\">15h15\u201316h30<\/h3>\n\n\n\n<h3 class=\"wp-block-heading\">Quelle orientation pour la politique de formation continue?<\/h3>\n\n\n\n<p>Dans le cadre du paquet d&rsquo;all\u00e8gements budg\u00e9taires 27, le Parlement a d\u00e9cid\u00e9 de r\u00e9duire de 20% les cr\u00e9dits FRI allou\u00e9s \u00e0 la formation continue. Dans le m\u00eame temps, la formation continue est appel\u00e9e \u00e0 contribuer \u00e0 la r\u00e9solution des d\u00e9fis \u00e9conomiques et sociaux actuels. Il convient notamment de mentionner les tensions grandissantes entre la p\u00e9nurie de main-d\u2019\u0153uvre qualifi\u00e9e et la hausse du ch\u00f4mage, les nouvelles exigences en mati\u00e8re de comp\u00e9tences li\u00e9es \u00e0 l\u2019intelligence artificielle ou encore la baisse de la participation politique de la population.<\/p>\n\n\n\n<p>Lors de la Journ\u00e9e politique, la conseill\u00e8re aux \u00c9tats et pr\u00e9sidente de la FSEA, Tiana Moser, dressera tout d\u2019abord un \u00e9tat des lieux de la politique de formation continue. Un panel discutera ensuite, avec la participation du public, des (nouvelles) priorit\u00e9s \u00e0 fixer en mati\u00e8re de politique de formation continue au regard des d\u00e9fis actuels.<br><br>La Journ\u00e9e politique s\u2019ach\u00e8vera par une r\u00e9trospective et une perspective \u00e0 l\u2019occasion du 75e anniversaire de la FSEA.<\/p>\n\n\n\n<h3 class=\"wp-block-heading\">Programme de la Journ\u00e9e politique de la formation continue<\/h3>\n\n\n\n<figure class=\"wp-block-table is-style-stripes\"><table><tbody><tr><td>14h30<\/td><td>Arriv\u00e9e des invit\u00e9s<\/td><\/tr><tr><td>15h15<\/td><td><strong>\u00c9tat des lieux de la politique de formation continue<br><\/strong>Tiana Moser, conseill\u00e8re aux \u00c9tats, pr\u00e9sidente de la FSEA<\/td><\/tr><tr><td>15h30<\/td><td><strong>Table ronde: Quelle orientation pour la politique de formation continue?<br><\/strong>\u2212 Hans J\u00f6rg R\u00fcegsegger, conseiller national (UDC)<br>\u2212 Dominik Blunschy, conseiller nationale (Le Centre)<br>\u2212 Fabien Fivaz, conseiller aux \u00c9tats (Les Verts)<br>\u2212 Tiana Moser, pr\u00e9sidente de la FSEA et conseill\u00e8re aux \u00c9tats (PVL)<br><br>Mod\u00e9ration : Pius Kn\u00fcsel, membre du comit\u00e9 directeur de la FSEA, pr\u00e9sident de l&rsquo;AUPS<\/td><\/tr><tr><td>16h15<\/td><td><strong>Les 75 ans de la FSEA: r\u00e9trospective et perspectives<\/strong><\/td><\/tr><tr><td>D\u00e8s 16h30<\/td><td>Ap\u00e9ritif<\/td><\/tr><\/tbody><\/table><\/figure>\n<\/div>\n<\/div>\n\n\n\n<div class=\"wp-block-group is-style-reduced-width is-layout-constrained wp-block-group-is-layout-constrained\">\n<div class=\"wp-block-buttons is-layout-flex wp-block-buttons-is-layout-flex\">\n<div class=\"wp-block-button is-style-outline is-style-outline--2\"><a class=\"wp-block-button__link wp-element-button\" href=\"https:\/\/alice.ch\/fr\/event\/assemblee-des-delegues-et-journee-politique-de-la-formation-continue-2026\/\" target=\"_blank\" rel=\"noreferrer noopener\">vers l&rsquo;inscription<\/a><\/div>\n<\/div>\n\n\n\n<h2 class=\"wp-block-heading\">Contact<\/h2>\n\n\n\n<div class=\"wp-block-columns is-layout-flex wp-container-core-columns-is-layout-28f84493 wp-block-columns-is-layout-flex\">\n<div class=\"wp-block-column is-layout-flow wp-block-column-is-layout-flow\" style=\"flex-basis:50%\"><div class=\"contact-persons\">\n\n\t\t\t\t\t<div class=\"contact-person\">\n\t\t\t\t\tRahel Wysser<br \/>\t\t\t\t\tResponsable du domaine \u00e9v\u00e9nements<br \/>\t\t\t\t\t<br \/>\n\t\t\t\t\t\t\t\t\t\t<a href=\"tel:+41 (0)44 319 71 54\">+41 (0)44 319 71 54<\/a><br \/>\t\t\t\t\t<a href=\"mailto:rahel.wysser@alice.ch\">rahel.wysser@alice.ch<\/a><br \/>\t\t\t\t\t<\/div>\n\t\t\t\t\t<\/div>\n<\/div>\n\n\n\n<div class=\"wp-block-column is-layout-flow wp-block-column-is-layout-flow\" style=\"flex-basis:50%\"><\/div>\n<\/div>\n\n\n\n<p><\/p>\n<\/div>\n","protected":false},"excerpt":{"rendered":"<p>Assembl\u00e9e des d\u00e9l\u00e9gu\u00e9s 2026 et Journ\u00e9e politique de la formation continue Sur cette page consacr\u00e9e \u00e0 l&rsquo;Assembl\u00e9e des d\u00e9l\u00e9gu\u00e9s et [&hellip;]<\/p>\n","protected":false},"author":43,"featured_media":20799,"parent":11388,"menu_order":546,"comment_status":"closed","ping_status":"closed","template":"","meta":{"_acf_changed":false,"inline_featured_image":false,"footnotes":""},"class_list":["post-74796","page","type-page","status-publish","has-post-thumbnail","hentry"],"acf":[],"yoast_head":"<!-- This site is optimized with the Yoast SEO plugin v27.3 - https:\/\/yoast.com\/product\/yoast-seo-wordpress\/ -->\n<title>Assembl\u00e9e des d\u00e9l\u00e9gu\u00e9s 2026 et Journ\u00e9e politique de la formation continue - FSEA<\/title>\n<meta name=\"description\" content=\"Sur cette page, les membres de la FSEA trouveront tous les documents relatifs \u00e0 la partie statutaire de l&#039;assembl\u00e9e des d\u00e9l\u00e9gu\u00e9s 2023.\" \/>\n<meta name=\"robots\" content=\"index, follow, max-snippet:-1, max-image-preview:large, max-video-preview:-1\" \/>\n<link rel=\"canonical\" href=\"https:\/\/alice.ch\/fr\/fsea-fr\/a-propos-de-la-fsea\/ad2026\/\" \/>\n<meta property=\"og:locale\" content=\"fr_FR\" \/>\n<meta property=\"og:type\" content=\"article\" \/>\n<meta property=\"og:title\" content=\"Assembl\u00e9e des d\u00e9l\u00e9gu\u00e9s 2026 et Journ\u00e9e politique de la formation continue - FSEA\" \/>\n<meta property=\"og:description\" content=\"Sur cette page, les membres de la FSEA trouveront tous les documents relatifs \u00e0 la partie statutaire de l&#039;assembl\u00e9e des d\u00e9l\u00e9gu\u00e9s 2023.\" \/>\n<meta property=\"og:url\" content=\"https:\/\/alice.ch\/fr\/fsea-fr\/a-propos-de-la-fsea\/ad2026\/\" \/>\n<meta property=\"og:site_name\" content=\"SVEB\" \/>\n<meta property=\"article:modified_time\" content=\"2026-04-08T09:10:23+00:00\" \/>\n<meta name=\"twitter:card\" content=\"summary_large_image\" \/>\n<meta name=\"twitter:label1\" content=\"Dur\u00e9e de lecture estim\u00e9e\" \/>\n\t<meta name=\"twitter:data1\" content=\"2 minutes\" \/>\n<script type=\"application\/ld+json\" class=\"yoast-schema-graph\">{\"@context\":\"https:\\\/\\\/schema.org\",\"@graph\":[{\"@type\":\"WebPage\",\"@id\":\"https:\\\/\\\/alice.ch\\\/fr\\\/fsea-fr\\\/a-propos-de-la-fsea\\\/ad2026\\\/\",\"url\":\"https:\\\/\\\/alice.ch\\\/fr\\\/fsea-fr\\\/a-propos-de-la-fsea\\\/ad2026\\\/\",\"name\":\"Assembl\u00e9e des d\u00e9l\u00e9gu\u00e9s 2026 et Journ\u00e9e politique de la formation continue - FSEA\",\"isPartOf\":{\"@id\":\"https:\\\/\\\/alice.ch\\\/fr\\\/#website\"},\"primaryImageOfPage\":{\"@id\":\"https:\\\/\\\/alice.ch\\\/fr\\\/fsea-fr\\\/a-propos-de-la-fsea\\\/ad2026\\\/#primaryimage\"},\"image\":{\"@id\":\"https:\\\/\\\/alice.ch\\\/fr\\\/fsea-fr\\\/a-propos-de-la-fsea\\\/ad2026\\\/#primaryimage\"},\"thumbnailUrl\":\"https:\\\/\\\/alice.ch\\\/app\\\/uploads\\\/2022\\\/11\\\/default.jpg\",\"datePublished\":\"2026-04-02T14:01:34+00:00\",\"dateModified\":\"2026-04-08T09:10:23+00:00\",\"description\":\"Sur cette page, les membres de la FSEA trouveront tous les documents relatifs \u00e0 la partie statutaire de l'assembl\u00e9e des d\u00e9l\u00e9gu\u00e9s 2023.\",\"breadcrumb\":{\"@id\":\"https:\\\/\\\/alice.ch\\\/fr\\\/fsea-fr\\\/a-propos-de-la-fsea\\\/ad2026\\\/#breadcrumb\"},\"inLanguage\":\"fr-FR\",\"potentialAction\":[{\"@type\":\"ReadAction\",\"target\":[\"https:\\\/\\\/alice.ch\\\/fr\\\/fsea-fr\\\/a-propos-de-la-fsea\\\/ad2026\\\/\"]}]},{\"@type\":\"ImageObject\",\"inLanguage\":\"fr-FR\",\"@id\":\"https:\\\/\\\/alice.ch\\\/fr\\\/fsea-fr\\\/a-propos-de-la-fsea\\\/ad2026\\\/#primaryimage\",\"url\":\"https:\\\/\\\/alice.ch\\\/app\\\/uploads\\\/2022\\\/11\\\/default.jpg\",\"contentUrl\":\"https:\\\/\\\/alice.ch\\\/app\\\/uploads\\\/2022\\\/11\\\/default.jpg\",\"width\":1600,\"height\":900},{\"@type\":\"BreadcrumbList\",\"@id\":\"https:\\\/\\\/alice.ch\\\/fr\\\/fsea-fr\\\/a-propos-de-la-fsea\\\/ad2026\\\/#breadcrumb\",\"itemListElement\":[{\"@type\":\"ListItem\",\"position\":1,\"name\":\"Page d'accueil\",\"item\":\"https:\\\/\\\/alice.ch\\\/fr\\\/\"},{\"@type\":\"ListItem\",\"position\":2,\"name\":\"FSEA\",\"item\":\"https:\\\/\\\/alice.ch\\\/fr\\\/fsea-fr\\\/\"},{\"@type\":\"ListItem\",\"position\":3,\"name\":\"A propos de la FSEA\",\"item\":\"https:\\\/\\\/alice.ch\\\/fr\\\/fsea-fr\\\/a-propos-de-la-fsea\\\/\"},{\"@type\":\"ListItem\",\"position\":4,\"name\":\"Assembl\u00e9e des d\u00e9l\u00e9gu\u00e9s 2026 et Journ\u00e9e politique de la formation continue\"}]},{\"@type\":\"WebSite\",\"@id\":\"https:\\\/\\\/alice.ch\\\/fr\\\/#website\",\"url\":\"https:\\\/\\\/alice.ch\\\/fr\\\/\",\"name\":\"alice.ch (Adult Learning Information Center) ist das Portal der Weiterbildung in der Schweiz.\",\"description\":\"Schweizerischer Verband f\u00fcr Weiterbildung\",\"publisher\":{\"@id\":\"https:\\\/\\\/alice.ch\\\/fr\\\/#organization\"},\"potentialAction\":[{\"@type\":\"SearchAction\",\"target\":{\"@type\":\"EntryPoint\",\"urlTemplate\":\"https:\\\/\\\/alice.ch\\\/fr\\\/?s={search_term_string}\"},\"query-input\":{\"@type\":\"PropertyValueSpecification\",\"valueRequired\":true,\"valueName\":\"search_term_string\"}}],\"inLanguage\":\"fr-FR\"},{\"@type\":\"Organization\",\"@id\":\"https:\\\/\\\/alice.ch\\\/fr\\\/#organization\",\"name\":\"FSEA F\u00e9d\u00e9ration suisse pour la formation continue\",\"url\":\"https:\\\/\\\/alice.ch\\\/fr\\\/\",\"logo\":{\"@type\":\"ImageObject\",\"inLanguage\":\"fr-FR\",\"@id\":\"https:\\\/\\\/alice.ch\\\/fr\\\/#\\\/schema\\\/logo\\\/image\\\/\",\"url\":\"https:\\\/\\\/alice.ch\\\/app\\\/uploads\\\/2022\\\/07\\\/logo-sveb.png\",\"contentUrl\":\"https:\\\/\\\/alice.ch\\\/app\\\/uploads\\\/2022\\\/07\\\/logo-sveb.png\",\"width\":145,\"height\":64,\"caption\":\"FSEA F\u00e9d\u00e9ration suisse pour la formation continue\"},\"image\":{\"@id\":\"https:\\\/\\\/alice.ch\\\/fr\\\/#\\\/schema\\\/logo\\\/image\\\/\"},\"sameAs\":[\"https:\\\/\\\/www.linkedin.com\\\/company\\\/schweizerischer-verband-fr-weiterbildung-sveb\\\/\"]}]}<\/script>\n<!-- \/ Yoast SEO plugin. -->","yoast_head_json":{"title":"Assembl\u00e9e des d\u00e9l\u00e9gu\u00e9s 2026 et Journ\u00e9e politique de la formation continue - FSEA","description":"Sur cette page, les membres de la FSEA trouveront tous les documents relatifs \u00e0 la partie statutaire de l'assembl\u00e9e des d\u00e9l\u00e9gu\u00e9s 2023.","robots":{"index":"index","follow":"follow","max-snippet":"max-snippet:-1","max-image-preview":"max-image-preview:large","max-video-preview":"max-video-preview:-1"},"canonical":"https:\/\/alice.ch\/fr\/fsea-fr\/a-propos-de-la-fsea\/ad2026\/","og_locale":"fr_FR","og_type":"article","og_title":"Assembl\u00e9e des d\u00e9l\u00e9gu\u00e9s 2026 et Journ\u00e9e politique de la formation continue - FSEA","og_description":"Sur cette page, les membres de la FSEA trouveront tous les documents relatifs \u00e0 la partie statutaire de l'assembl\u00e9e des d\u00e9l\u00e9gu\u00e9s 2023.","og_url":"https:\/\/alice.ch\/fr\/fsea-fr\/a-propos-de-la-fsea\/ad2026\/","og_site_name":"SVEB","article_modified_time":"2026-04-08T09:10:23+00:00","twitter_card":"summary_large_image","twitter_misc":{"Dur\u00e9e de lecture estim\u00e9e":"2 minutes"},"schema":{"@context":"https:\/\/schema.org","@graph":[{"@type":"WebPage","@id":"https:\/\/alice.ch\/fr\/fsea-fr\/a-propos-de-la-fsea\/ad2026\/","url":"https:\/\/alice.ch\/fr\/fsea-fr\/a-propos-de-la-fsea\/ad2026\/","name":"Assembl\u00e9e des d\u00e9l\u00e9gu\u00e9s 2026 et Journ\u00e9e politique de la formation continue - FSEA","isPartOf":{"@id":"https:\/\/alice.ch\/fr\/#website"},"primaryImageOfPage":{"@id":"https:\/\/alice.ch\/fr\/fsea-fr\/a-propos-de-la-fsea\/ad2026\/#primaryimage"},"image":{"@id":"https:\/\/alice.ch\/fr\/fsea-fr\/a-propos-de-la-fsea\/ad2026\/#primaryimage"},"thumbnailUrl":"https:\/\/alice.ch\/app\/uploads\/2022\/11\/default.jpg","datePublished":"2026-04-02T14:01:34+00:00","dateModified":"2026-04-08T09:10:23+00:00","description":"Sur cette page, les membres de la FSEA trouveront tous les documents relatifs \u00e0 la partie statutaire de l'assembl\u00e9e des d\u00e9l\u00e9gu\u00e9s 2023.","breadcrumb":{"@id":"https:\/\/alice.ch\/fr\/fsea-fr\/a-propos-de-la-fsea\/ad2026\/#breadcrumb"},"inLanguage":"fr-FR","potentialAction":[{"@type":"ReadAction","target":["https:\/\/alice.ch\/fr\/fsea-fr\/a-propos-de-la-fsea\/ad2026\/"]}]},{"@type":"ImageObject","inLanguage":"fr-FR","@id":"https:\/\/alice.ch\/fr\/fsea-fr\/a-propos-de-la-fsea\/ad2026\/#primaryimage","url":"https:\/\/alice.ch\/app\/uploads\/2022\/11\/default.jpg","contentUrl":"https:\/\/alice.ch\/app\/uploads\/2022\/11\/default.jpg","width":1600,"height":900},{"@type":"BreadcrumbList","@id":"https:\/\/alice.ch\/fr\/fsea-fr\/a-propos-de-la-fsea\/ad2026\/#breadcrumb","itemListElement":[{"@type":"ListItem","position":1,"name":"Page d'accueil","item":"https:\/\/alice.ch\/fr\/"},{"@type":"ListItem","position":2,"name":"FSEA","item":"https:\/\/alice.ch\/fr\/fsea-fr\/"},{"@type":"ListItem","position":3,"name":"A propos de la FSEA","item":"https:\/\/alice.ch\/fr\/fsea-fr\/a-propos-de-la-fsea\/"},{"@type":"ListItem","position":4,"name":"Assembl\u00e9e des d\u00e9l\u00e9gu\u00e9s 2026 et Journ\u00e9e politique de la formation continue"}]},{"@type":"WebSite","@id":"https:\/\/alice.ch\/fr\/#website","url":"https:\/\/alice.ch\/fr\/","name":"alice.ch (Adult Learning Information Center) ist das Portal der Weiterbildung in der Schweiz.","description":"Schweizerischer Verband f\u00fcr Weiterbildung","publisher":{"@id":"https:\/\/alice.ch\/fr\/#organization"},"potentialAction":[{"@type":"SearchAction","target":{"@type":"EntryPoint","urlTemplate":"https:\/\/alice.ch\/fr\/?s={search_term_string}"},"query-input":{"@type":"PropertyValueSpecification","valueRequired":true,"valueName":"search_term_string"}}],"inLanguage":"fr-FR"},{"@type":"Organization","@id":"https:\/\/alice.ch\/fr\/#organization","name":"FSEA F\u00e9d\u00e9ration suisse pour la formation continue","url":"https:\/\/alice.ch\/fr\/","logo":{"@type":"ImageObject","inLanguage":"fr-FR","@id":"https:\/\/alice.ch\/fr\/#\/schema\/logo\/image\/","url":"https:\/\/alice.ch\/app\/uploads\/2022\/07\/logo-sveb.png","contentUrl":"https:\/\/alice.ch\/app\/uploads\/2022\/07\/logo-sveb.png","width":145,"height":64,"caption":"FSEA F\u00e9d\u00e9ration suisse pour la formation continue"},"image":{"@id":"https:\/\/alice.ch\/fr\/#\/schema\/logo\/image\/"},"sameAs":["https:\/\/www.linkedin.com\/company\/schweizerischer-verband-fr-weiterbildung-sveb\/"]}]}},"_links":{"self":[{"href":"https:\/\/alice.ch\/fr\/wp-json\/wp\/v2\/pages\/74796","targetHints":{"allow":["GET"]}}],"collection":[{"href":"https:\/\/alice.ch\/fr\/wp-json\/wp\/v2\/pages"}],"about":[{"href":"https:\/\/alice.ch\/fr\/wp-json\/wp\/v2\/types\/page"}],"author":[{"embeddable":true,"href":"https:\/\/alice.ch\/fr\/wp-json\/wp\/v2\/users\/43"}],"replies":[{"embeddable":true,"href":"https:\/\/alice.ch\/fr\/wp-json\/wp\/v2\/comments?post=74796"}],"version-history":[{"count":22,"href":"https:\/\/alice.ch\/fr\/wp-json\/wp\/v2\/pages\/74796\/revisions"}],"predecessor-version":[{"id":74883,"href":"https:\/\/alice.ch\/fr\/wp-json\/wp\/v2\/pages\/74796\/revisions\/74883"}],"up":[{"embeddable":true,"href":"https:\/\/alice.ch\/fr\/wp-json\/wp\/v2\/pages\/11388"}],"wp:featuredmedia":[{"embeddable":true,"href":"https:\/\/alice.ch\/fr\/wp-json\/wp\/v2\/media\/20799"}],"wp:attachment":[{"href":"https:\/\/alice.ch\/fr\/wp-json\/wp\/v2\/media?parent=74796"}],"curies":[{"name":"wp","href":"https:\/\/api.w.org\/{rel}","templated":true}]}}