{"id":11008,"date":"2022-08-16T15:39:05","date_gmt":"2022-08-16T13:39:05","guid":{"rendered":"https:\/\/projects.atxeit.ch\/sveb\/weiterbildungsanbieter\/"},"modified":"2024-09-25T20:29:07","modified_gmt":"2024-09-25T18:29:07","slug":"prestatari","status":"publish","type":"page","link":"https:\/\/alice.ch\/it\/temi\/formazione-continua-svizzera\/prestatari\/","title":{"rendered":"Enti di formazione continua"},"content":{"rendered":"\n<div class=\"wp-block-group alignwide is-style-reduced-width is-layout-flow wp-block-group-is-layout-flow\">\n<h1 class=\"wp-block-heading\">Dati strutturali sul mercato svizzero della formazione continua<\/h1>\n\n\n\n<p class=\"is-style-lead\">L\u2019ufficio federale di statistica svolge periodicamente un rilevamento sulla formazione continua presso la&nbsp;popolazione&nbsp;e presso le&nbsp;aziende&nbsp;in Svizzera. Tuttavia la Confederazione non svolge rilevamenti statistici per quanto riguarda gli erogatori di formazione continua. Per colmare questa lacuna la FSEA svolge annualmente uno&nbsp;studio&nbsp;sulla formazione continua presso gli enti di formazione attivi sul territorio svizzero.<\/p>\n\n\n\n<h2 class=\"wp-block-heading\">Dati strutturali 2024<\/h2>\n\n\n\n<p>I dati del monitoraggio settoriale FSEA si riferiscono al sondaggio che \u00e8 inviato annualmente a circa 2\u2019500 istituti di formazione continua. Nel 2024 il tasso di risposta \u00e8 stato del 26%. Dopo la convalida dei dati, le analisi svolte quest\u2019anno si basano sulle risposte fornite da 423 enti di formazione continua. Considerato che il numero d\u2019insieme degli enti che erogano formazione continua in Svizzera non \u00e8 conosciuto e poich\u00e9 la selezione casuale di questo campione non pu\u00f2 essere completamente garantita, i risultati non possono essere considerati rappresentativi in senso statistico. Ciononostante, si tratta di dati strutturali che permettono di avere uno sguardo sugli enti erogatori di formazione continua in Svizzera suddividendoli per regioni, tipo d\u2019organizzazione, dimensioni e settore principale.<\/p>\n\n\n\n<h3 class=\"wp-block-heading\">Suddivisione degli enti per regione linguistica<\/h3>\n\n\n\n<div class=\"wp-block-columns alignwide is-layout-flex wp-container-core-columns-is-layout-28f84493 wp-block-columns-is-layout-flex\">\n<div class=\"wp-block-column is-layout-flow wp-block-column-is-layout-flow\" style=\"flex-basis:40%\">\n<figure class=\"wp-block-image size-large is-style-no-border\"><img decoding=\"async\" width=\"1024\" height=\"611\" src=\"https:\/\/alice.ch\/app\/uploads\/2024\/09\/suddivisione-degli-enti-per-regione-linguistica-in-svizzera-fsea-2024-1024x611.png\" alt=\"\" class=\"wp-image-62751\" srcset=\"https:\/\/alice.ch\/app\/uploads\/2024\/09\/suddivisione-degli-enti-per-regione-linguistica-in-svizzera-fsea-2024-1024x611.png 1024w, https:\/\/alice.ch\/app\/uploads\/2024\/09\/suddivisione-degli-enti-per-regione-linguistica-in-svizzera-fsea-2024-300x179.png 300w, https:\/\/alice.ch\/app\/uploads\/2024\/09\/suddivisione-degli-enti-per-regione-linguistica-in-svizzera-fsea-2024-768x458.png 768w, https:\/\/alice.ch\/app\/uploads\/2024\/09\/suddivisione-degli-enti-per-regione-linguistica-in-svizzera-fsea-2024.png 1290w\" sizes=\"(max-width: 1024px) 100vw, 1024px\" \/><figcaption class=\"wp-element-caption\">Suddivisione degli enti per regione linguistica <br>(N=422, percentuali arrotondate, \u00a9 FSEA, 2024)<\/figcaption><\/figure>\n<\/div>\n\n\n\n<div class=\"wp-block-column is-layout-flow wp-block-column-is-layout-flow\" style=\"flex-basis:60%\">\n<p>La distribuzione degli enti per ambito geografico mostra che oltre il 20% delle istituzioni \u00e8 attivo in almeno due regioni linguistiche diverse, hanno dunque attivit\u00e0 a livello sovraregionale. <\/p>\n\n\n\n<p>La maggioranza degli enti che hanno partecipato allo studio operano esclusivamente nella svizzera tedesca (41%), mentre il 31% delle organizzazioni coinvolte, opera esclusivamente nella Svizzera romanda e il 5% \u00e8 attivo esclusivamente nella Svizzera italiana.<\/p>\n<\/div>\n<\/div>\n\n\n\n<h3 class=\"wp-block-heading\">Forma organizzativa degli enti<\/h3>\n\n\n\n<div class=\"wp-block-columns alignwide is-layout-flex wp-container-core-columns-is-layout-28f84493 wp-block-columns-is-layout-flex\">\n<div class=\"wp-block-column is-layout-flow wp-block-column-is-layout-flow\" style=\"flex-basis:40%\">\n<figure class=\"wp-block-image size-large is-style-no-border\"><img decoding=\"async\" width=\"1024\" height=\"612\" src=\"https:\/\/alice.ch\/app\/uploads\/2024\/09\/forma-organizzativa-degli-enti-in-svizzera-fsea-2024-1024x612.png\" alt=\"\" class=\"wp-image-62743\" srcset=\"https:\/\/alice.ch\/app\/uploads\/2024\/09\/forma-organizzativa-degli-enti-in-svizzera-fsea-2024-1024x612.png 1024w, https:\/\/alice.ch\/app\/uploads\/2024\/09\/forma-organizzativa-degli-enti-in-svizzera-fsea-2024-300x179.png 300w, https:\/\/alice.ch\/app\/uploads\/2024\/09\/forma-organizzativa-degli-enti-in-svizzera-fsea-2024-768x459.png 768w, https:\/\/alice.ch\/app\/uploads\/2024\/09\/forma-organizzativa-degli-enti-in-svizzera-fsea-2024.png 1332w\" sizes=\"(max-width: 1024px) 100vw, 1024px\" \/><figcaption class=\"wp-element-caption\">Forma organizzativa degli enti<br>(N=403, percentuali arrotondate, \u00a9 FSEA, 2024)<\/figcaption><\/figure>\n<\/div>\n\n\n\n<div class=\"wp-block-column is-layout-flow wp-block-column-is-layout-flow\" style=\"flex-basis:60%\">\n<p>Sette enti su dieci sono privati. Fra questi, i pi\u00f9 rappresentati sono aziende di carattere commerciale (38%), a cui seguono enti privati senza scopo di lucro (32%). Il 17% degli istituti di formazione continua si definiscono enti pubblici, mentre che il 13% \u201caltro\u201d.<\/p>\n<\/div>\n<\/div>\n\n\n\n<h3 class=\"wp-block-heading\">Enti suddivisi per dimensione<\/h3>\n\n\n\n<div class=\"wp-block-columns alignwide is-layout-flex wp-container-core-columns-is-layout-28f84493 wp-block-columns-is-layout-flex\">\n<div class=\"wp-block-column is-layout-flow wp-block-column-is-layout-flow\" style=\"flex-basis:40%\">\n<figure class=\"wp-block-image size-large is-style-no-border\"><img decoding=\"async\" width=\"1024\" height=\"650\" src=\"https:\/\/alice.ch\/app\/uploads\/2024\/09\/enti-suddivisi-per-dimensione-in-svizzera-fsea-2024-1024x650.png\" alt=\"\" class=\"wp-image-62739\" srcset=\"https:\/\/alice.ch\/app\/uploads\/2024\/09\/enti-suddivisi-per-dimensione-in-svizzera-fsea-2024-1024x650.png 1024w, https:\/\/alice.ch\/app\/uploads\/2024\/09\/enti-suddivisi-per-dimensione-in-svizzera-fsea-2024-300x190.png 300w, https:\/\/alice.ch\/app\/uploads\/2024\/09\/enti-suddivisi-per-dimensione-in-svizzera-fsea-2024-768x487.png 768w, https:\/\/alice.ch\/app\/uploads\/2024\/09\/enti-suddivisi-per-dimensione-in-svizzera-fsea-2024.png 1204w\" sizes=\"(max-width: 1024px) 100vw, 1024px\" \/><figcaption class=\"wp-element-caption\">Enti suddivisi per dimensione <br>(indice, N=323, percentuali arrotondate, \u00a9 FSEA, 2024)<\/figcaption><\/figure>\n<\/div>\n\n\n\n<div class=\"wp-block-column is-layout-flow wp-block-column-is-layout-flow\" style=\"flex-basis:60%\">\n<p>La classificazione degli enti di formazione per dimensione \u00e8 svolta tenendo conto del numero di collaboratori (equivalenti a tempo pieno), delle ore di corso erogate e delle iscrizioni (numero di partecipanti) registrate durante l\u2019anno trascorso. La combinazione di questi tre indicatori fornisce un quadro generale che mostra come gli enti pi\u00f9 rappresentati siano quelli di piccole (46%) e medie dimensioni (47%). Gli erogatori di grandi dimensioni sono soltanto l\u20198% degli enti di formazione continua interrogati.<\/p>\n\n\n\n<p>I singoli indicatori mostrano che il 54% degli enti, impiega fino a 10 collaboratori fissi, 35% fino a 50 collaboratori fissi e l\u20198% fino a 250 collaboratori.<\/p>\n\n\n\n<p>Solo il 2% degli enti che hanno ripsosto al sondaggio non pu\u00f2 essere considerato come una PMI. La maggior parte degli enti impiega anche collaboratori su chiamata: infatti per il 41% degli intervistati, i collaboratori su mandato rappresentano pi\u00f9 della met\u00e0 di tutti i dipendenti.<\/p>\n\n\n\n<p>La distribuzione delle ore di corso e delle iscrizioni \u00e8 pi\u00f9 ampia. Nel 2023, circa il 50% degli enti che ha risposto al sondaggio ha offerto tra le 500 e le 7500 ore di corsi. Il numero di partecipanti si situa tra 80 a 1200 per il 50% degli enti.<\/p>\n<\/div>\n<\/div>\n\n\n\n<h3 class=\"wp-block-heading\">Settore principale degli enti erogatori<\/h3>\n\n\n\n<div class=\"wp-block-columns alignwide is-layout-flex wp-container-core-columns-is-layout-28f84493 wp-block-columns-is-layout-flex\">\n<div class=\"wp-block-column is-layout-flow wp-block-column-is-layout-flow\" style=\"flex-basis:40%\">\n<figure class=\"wp-block-image size-large is-style-no-border\"><img decoding=\"async\" width=\"1024\" height=\"517\" src=\"https:\/\/alice.ch\/app\/uploads\/2024\/09\/orinentamento-tematico-degli-enti-in-svizzera-fsea-2024-1024x517.png\" alt=\"\" class=\"wp-image-62747\" srcset=\"https:\/\/alice.ch\/app\/uploads\/2024\/09\/orinentamento-tematico-degli-enti-in-svizzera-fsea-2024-1024x517.png 1024w, https:\/\/alice.ch\/app\/uploads\/2024\/09\/orinentamento-tematico-degli-enti-in-svizzera-fsea-2024-300x151.png 300w, https:\/\/alice.ch\/app\/uploads\/2024\/09\/orinentamento-tematico-degli-enti-in-svizzera-fsea-2024-768x388.png 768w, https:\/\/alice.ch\/app\/uploads\/2024\/09\/orinentamento-tematico-degli-enti-in-svizzera-fsea-2024.png 1468w\" sizes=\"(max-width: 1024px) 100vw, 1024px\" \/><figcaption class=\"wp-element-caption\">Orientamento tematico degli enti<br>(N=411, percentuali arrotondate, \u00a9 FSEA, 2024)<\/figcaption><\/figure>\n<\/div>\n\n\n\n<div class=\"wp-block-column is-layout-flow wp-block-column-is-layout-flow\" style=\"flex-basis:60%\">\n<p>La maggior parte degli enti opera principalmente nel settore della formazione aziendale\/professionale (60%). Il 22% si concentra sulla formazione continua generale, che comprende il settore della lingua, della salute, del tempo libero e della cultura e poco meno del 20% offre formazione continua prevalentemente nel settore delle competenze di base.<\/p>\n<\/div>\n<\/div>\n\n\n\n<h2 class=\"wp-block-heading\">Ulteriori dati sul mercato della formazione continua<\/h2>\n\n\n\n<ul class=\"wp-block-list\">\n<li><strong>Insieme degli enti di formazione continua:&nbsp;<\/strong>secondo una stima svolta da esperti nel 2014, in tutta la Svizzera operano circa 3\u2019000 istituti di formazione continua (Schl\u00e4fli\/Sgier (2014): Weiterbildung in der Schweiz).<\/li>\n\n\n\n<li><strong>Cifra d\u2019affari:&nbsp;<\/strong>secondo una stima nel 2007 il mercato della formazione continua ha generato un fatturato di circa 5,3 miliardi di franchi (<a href=\"https:\/\/dievolkswirtschaft.ch\/fr\/2009\/06\/messer-2\/\" target=\"_blank\" rel=\"noreferrer noopener\">Wolter\/Messer 2009<\/a>).<\/li>\n\n\n\n<li><strong>Certificati di qualit\u00e0<\/strong>: oltre 1000 enti in Svizzera dispongono di una <a href=\"https:\/\/alice.ch\/it\/qualita\/il-label-di-qualita-eduqua\/\">certificazione eduQua<\/a> (vedi <a href=\"https:\/\/alice.ch\/it\/qualita\/il-label-di-qualita-eduqua\/istituzioni-certificate\/\">lista degli enti certificati<\/a>).<\/li>\n<\/ul>\n\n\n\n<p>Ulteriori informazioni sul settore della formazione continua sono disponibili nel <a href=\"https:\/\/alice.ch\/it\/ricerca\/attivita-di-ricerca\/monitoraggio-settoriale-fsea\/\">Monitoraggio settoriale FSEA<\/a>.<\/p>\n\n\n\n<h2 class=\"wp-block-heading\">Contatto<\/h2>\n\n\n\n<div class=\"wp-block-columns is-layout-flex wp-container-core-columns-is-layout-28f84493 wp-block-columns-is-layout-flex\">\n<div class=\"wp-block-column is-layout-flow wp-block-column-is-layout-flow\" style=\"flex-basis:50%\"><div class=\"contact-persons\">\n\n\t\t\t\t\t<div class=\"contact-person\">\n\t\t\t\t\tIrena Sgier<br \/>\t\t\t\t\tDirettrice supplente, Responsabile Ricerca, Sviluppo e Innovazione<br \/>\t\t\t\t\t<br \/>\n\t\t\t\t\t\t\t\t\t\t<a href=\"tel:+41 (0)44 319 71 59\">+41 (0)44 319 71 59<\/a><br \/>\t\t\t\t\t<a href=\"mailto:irena.sgier@alice.ch\">irena.sgier@alice.ch<\/a><br \/>\t\t\t\t\t<\/div>\n\t\t\t\t\t<\/div>\n<\/div>\n\n\n\n<div class=\"wp-block-column is-layout-flow wp-block-column-is-layout-flow\" style=\"flex-basis:50%\"><\/div>\n<\/div>\n<\/div>\n","protected":false},"excerpt":{"rendered":"<p>Dati strutturali sul mercato svizzero della formazione continua L\u2019ufficio federale di statistica svolge periodicamente un rilevamento sulla formazione continua presso [&hellip;]<\/p>\n","protected":false},"author":2,"featured_media":20799,"parent":18307,"menu_order":29,"comment_status":"closed","ping_status":"closed","template":"","meta":{"_acf_changed":false,"inline_featured_image":false,"footnotes":""},"class_list":["post-11008","page","type-page","status-publish","has-post-thumbnail","hentry"],"acf":[],"yoast_head":"<!-- This site is optimized with the Yoast SEO plugin v27.3 - https:\/\/yoast.com\/product\/yoast-seo-wordpress\/ -->\n<title>Enti di formazione continua - FSEA<\/title>\n<meta name=\"robots\" content=\"index, follow, max-snippet:-1, max-image-preview:large, max-video-preview:-1\" \/>\n<link rel=\"canonical\" href=\"https:\/\/alice.ch\/it\/temi\/formazione-continua-svizzera\/prestatari\/\" \/>\n<meta property=\"og:locale\" content=\"it_IT\" \/>\n<meta property=\"og:type\" content=\"article\" \/>\n<meta property=\"og:title\" content=\"Enti di formazione continua - FSEA\" \/>\n<meta property=\"og:description\" content=\"Dati strutturali sul mercato svizzero della formazione continua L\u2019ufficio federale di statistica svolge periodicamente un rilevamento sulla formazione continua presso [&hellip;]\" \/>\n<meta property=\"og:url\" content=\"https:\/\/alice.ch\/it\/temi\/formazione-continua-svizzera\/prestatari\/\" \/>\n<meta property=\"og:site_name\" content=\"SVEB\" \/>\n<meta property=\"article:modified_time\" content=\"2024-09-25T18:29:07+00:00\" \/>\n<meta property=\"og:image\" content=\"https:\/\/alice.ch\/app\/uploads\/2024\/09\/suddivisione-degli-enti-per-regione-linguistica-in-svizzera-fsea-2024-1024x611.png\" \/>\n<meta name=\"twitter:card\" content=\"summary_large_image\" \/>\n<meta name=\"twitter:label1\" content=\"Tempo di lettura stimato\" \/>\n\t<meta name=\"twitter:data1\" content=\"4 minuti\" \/>\n<script type=\"application\/ld+json\" class=\"yoast-schema-graph\">{\"@context\":\"https:\\\/\\\/schema.org\",\"@graph\":[{\"@type\":\"WebPage\",\"@id\":\"https:\\\/\\\/alice.ch\\\/it\\\/temi\\\/formazione-continua-svizzera\\\/prestatari\\\/\",\"url\":\"https:\\\/\\\/alice.ch\\\/it\\\/temi\\\/formazione-continua-svizzera\\\/prestatari\\\/\",\"name\":\"Enti di formazione continua - FSEA\",\"isPartOf\":{\"@id\":\"https:\\\/\\\/alice.ch\\\/it\\\/#website\"},\"primaryImageOfPage\":{\"@id\":\"https:\\\/\\\/alice.ch\\\/it\\\/temi\\\/formazione-continua-svizzera\\\/prestatari\\\/#primaryimage\"},\"image\":{\"@id\":\"https:\\\/\\\/alice.ch\\\/it\\\/temi\\\/formazione-continua-svizzera\\\/prestatari\\\/#primaryimage\"},\"thumbnailUrl\":\"https:\\\/\\\/alice.ch\\\/app\\\/uploads\\\/2022\\\/11\\\/default.jpg\",\"datePublished\":\"2022-08-16T13:39:05+00:00\",\"dateModified\":\"2024-09-25T18:29:07+00:00\",\"breadcrumb\":{\"@id\":\"https:\\\/\\\/alice.ch\\\/it\\\/temi\\\/formazione-continua-svizzera\\\/prestatari\\\/#breadcrumb\"},\"inLanguage\":\"it-IT\",\"potentialAction\":[{\"@type\":\"ReadAction\",\"target\":[\"https:\\\/\\\/alice.ch\\\/it\\\/temi\\\/formazione-continua-svizzera\\\/prestatari\\\/\"]}]},{\"@type\":\"ImageObject\",\"inLanguage\":\"it-IT\",\"@id\":\"https:\\\/\\\/alice.ch\\\/it\\\/temi\\\/formazione-continua-svizzera\\\/prestatari\\\/#primaryimage\",\"url\":\"https:\\\/\\\/alice.ch\\\/app\\\/uploads\\\/2022\\\/11\\\/default.jpg\",\"contentUrl\":\"https:\\\/\\\/alice.ch\\\/app\\\/uploads\\\/2022\\\/11\\\/default.jpg\",\"width\":1600,\"height\":900},{\"@type\":\"BreadcrumbList\",\"@id\":\"https:\\\/\\\/alice.ch\\\/it\\\/temi\\\/formazione-continua-svizzera\\\/prestatari\\\/#breadcrumb\",\"itemListElement\":[{\"@type\":\"ListItem\",\"position\":1,\"name\":\"Pagina iniziale\",\"item\":\"https:\\\/\\\/alice.ch\\\/it\\\/\"},{\"@type\":\"ListItem\",\"position\":2,\"name\":\"Temi\",\"item\":\"https:\\\/\\\/alice.ch\\\/it\\\/temi\\\/\"},{\"@type\":\"ListItem\",\"position\":3,\"name\":\"Formazione continua svizzera\",\"item\":\"https:\\\/\\\/alice.ch\\\/it\\\/temi\\\/formazione-continua-svizzera\\\/\"},{\"@type\":\"ListItem\",\"position\":4,\"name\":\"Enti di formazione continua\"}]},{\"@type\":\"WebSite\",\"@id\":\"https:\\\/\\\/alice.ch\\\/it\\\/#website\",\"url\":\"https:\\\/\\\/alice.ch\\\/it\\\/\",\"name\":\"alice.ch (Adult Learning Information Center) ist das Portal der Weiterbildung in der Schweiz.\",\"description\":\"Schweizerischer Verband f\u00fcr Weiterbildung\",\"publisher\":{\"@id\":\"https:\\\/\\\/alice.ch\\\/it\\\/#organization\"},\"potentialAction\":[{\"@type\":\"SearchAction\",\"target\":{\"@type\":\"EntryPoint\",\"urlTemplate\":\"https:\\\/\\\/alice.ch\\\/it\\\/?s={search_term_string}\"},\"query-input\":{\"@type\":\"PropertyValueSpecification\",\"valueRequired\":true,\"valueName\":\"search_term_string\"}}],\"inLanguage\":\"it-IT\"},{\"@type\":\"Organization\",\"@id\":\"https:\\\/\\\/alice.ch\\\/it\\\/#organization\",\"name\":\"FSEA Federazione svizzera per la formazione continua\",\"url\":\"https:\\\/\\\/alice.ch\\\/it\\\/\",\"logo\":{\"@type\":\"ImageObject\",\"inLanguage\":\"it-IT\",\"@id\":\"https:\\\/\\\/alice.ch\\\/it\\\/#\\\/schema\\\/logo\\\/image\\\/\",\"url\":\"https:\\\/\\\/alice.ch\\\/app\\\/uploads\\\/2022\\\/07\\\/logo-sveb.png\",\"contentUrl\":\"https:\\\/\\\/alice.ch\\\/app\\\/uploads\\\/2022\\\/07\\\/logo-sveb.png\",\"width\":145,\"height\":64,\"caption\":\"FSEA Federazione svizzera per la formazione continua\"},\"image\":{\"@id\":\"https:\\\/\\\/alice.ch\\\/it\\\/#\\\/schema\\\/logo\\\/image\\\/\"},\"sameAs\":[\"https:\\\/\\\/www.linkedin.com\\\/company\\\/schweizerischer-verband-fr-weiterbildung-sveb\\\/\"]}]}<\/script>\n<!-- \/ Yoast SEO plugin. -->","yoast_head_json":{"title":"Enti di formazione continua - FSEA","robots":{"index":"index","follow":"follow","max-snippet":"max-snippet:-1","max-image-preview":"max-image-preview:large","max-video-preview":"max-video-preview:-1"},"canonical":"https:\/\/alice.ch\/it\/temi\/formazione-continua-svizzera\/prestatari\/","og_locale":"it_IT","og_type":"article","og_title":"Enti di formazione continua - FSEA","og_description":"Dati strutturali sul mercato svizzero della formazione continua L\u2019ufficio federale di statistica svolge periodicamente un rilevamento sulla formazione continua presso [&hellip;]","og_url":"https:\/\/alice.ch\/it\/temi\/formazione-continua-svizzera\/prestatari\/","og_site_name":"SVEB","article_modified_time":"2024-09-25T18:29:07+00:00","og_image":[{"url":"https:\/\/alice.ch\/app\/uploads\/2024\/09\/suddivisione-degli-enti-per-regione-linguistica-in-svizzera-fsea-2024-1024x611.png","type":"","width":"","height":""}],"twitter_card":"summary_large_image","twitter_misc":{"Tempo di lettura stimato":"4 minuti"},"schema":{"@context":"https:\/\/schema.org","@graph":[{"@type":"WebPage","@id":"https:\/\/alice.ch\/it\/temi\/formazione-continua-svizzera\/prestatari\/","url":"https:\/\/alice.ch\/it\/temi\/formazione-continua-svizzera\/prestatari\/","name":"Enti di formazione continua - FSEA","isPartOf":{"@id":"https:\/\/alice.ch\/it\/#website"},"primaryImageOfPage":{"@id":"https:\/\/alice.ch\/it\/temi\/formazione-continua-svizzera\/prestatari\/#primaryimage"},"image":{"@id":"https:\/\/alice.ch\/it\/temi\/formazione-continua-svizzera\/prestatari\/#primaryimage"},"thumbnailUrl":"https:\/\/alice.ch\/app\/uploads\/2022\/11\/default.jpg","datePublished":"2022-08-16T13:39:05+00:00","dateModified":"2024-09-25T18:29:07+00:00","breadcrumb":{"@id":"https:\/\/alice.ch\/it\/temi\/formazione-continua-svizzera\/prestatari\/#breadcrumb"},"inLanguage":"it-IT","potentialAction":[{"@type":"ReadAction","target":["https:\/\/alice.ch\/it\/temi\/formazione-continua-svizzera\/prestatari\/"]}]},{"@type":"ImageObject","inLanguage":"it-IT","@id":"https:\/\/alice.ch\/it\/temi\/formazione-continua-svizzera\/prestatari\/#primaryimage","url":"https:\/\/alice.ch\/app\/uploads\/2022\/11\/default.jpg","contentUrl":"https:\/\/alice.ch\/app\/uploads\/2022\/11\/default.jpg","width":1600,"height":900},{"@type":"BreadcrumbList","@id":"https:\/\/alice.ch\/it\/temi\/formazione-continua-svizzera\/prestatari\/#breadcrumb","itemListElement":[{"@type":"ListItem","position":1,"name":"Pagina iniziale","item":"https:\/\/alice.ch\/it\/"},{"@type":"ListItem","position":2,"name":"Temi","item":"https:\/\/alice.ch\/it\/temi\/"},{"@type":"ListItem","position":3,"name":"Formazione continua svizzera","item":"https:\/\/alice.ch\/it\/temi\/formazione-continua-svizzera\/"},{"@type":"ListItem","position":4,"name":"Enti di formazione continua"}]},{"@type":"WebSite","@id":"https:\/\/alice.ch\/it\/#website","url":"https:\/\/alice.ch\/it\/","name":"alice.ch (Adult Learning Information Center) ist das Portal der Weiterbildung in der Schweiz.","description":"Schweizerischer Verband f\u00fcr Weiterbildung","publisher":{"@id":"https:\/\/alice.ch\/it\/#organization"},"potentialAction":[{"@type":"SearchAction","target":{"@type":"EntryPoint","urlTemplate":"https:\/\/alice.ch\/it\/?s={search_term_string}"},"query-input":{"@type":"PropertyValueSpecification","valueRequired":true,"valueName":"search_term_string"}}],"inLanguage":"it-IT"},{"@type":"Organization","@id":"https:\/\/alice.ch\/it\/#organization","name":"FSEA Federazione svizzera per la formazione continua","url":"https:\/\/alice.ch\/it\/","logo":{"@type":"ImageObject","inLanguage":"it-IT","@id":"https:\/\/alice.ch\/it\/#\/schema\/logo\/image\/","url":"https:\/\/alice.ch\/app\/uploads\/2022\/07\/logo-sveb.png","contentUrl":"https:\/\/alice.ch\/app\/uploads\/2022\/07\/logo-sveb.png","width":145,"height":64,"caption":"FSEA Federazione svizzera per la formazione continua"},"image":{"@id":"https:\/\/alice.ch\/it\/#\/schema\/logo\/image\/"},"sameAs":["https:\/\/www.linkedin.com\/company\/schweizerischer-verband-fr-weiterbildung-sveb\/"]}]}},"_links":{"self":[{"href":"https:\/\/alice.ch\/it\/wp-json\/wp\/v2\/pages\/11008","targetHints":{"allow":["GET"]}}],"collection":[{"href":"https:\/\/alice.ch\/it\/wp-json\/wp\/v2\/pages"}],"about":[{"href":"https:\/\/alice.ch\/it\/wp-json\/wp\/v2\/types\/page"}],"author":[{"embeddable":true,"href":"https:\/\/alice.ch\/it\/wp-json\/wp\/v2\/users\/2"}],"replies":[{"embeddable":true,"href":"https:\/\/alice.ch\/it\/wp-json\/wp\/v2\/comments?post=11008"}],"version-history":[{"count":16,"href":"https:\/\/alice.ch\/it\/wp-json\/wp\/v2\/pages\/11008\/revisions"}],"predecessor-version":[{"id":62771,"href":"https:\/\/alice.ch\/it\/wp-json\/wp\/v2\/pages\/11008\/revisions\/62771"}],"up":[{"embeddable":true,"href":"https:\/\/alice.ch\/it\/wp-json\/wp\/v2\/pages\/18307"}],"wp:featuredmedia":[{"embeddable":true,"href":"https:\/\/alice.ch\/it\/wp-json\/wp\/v2\/media\/20799"}],"wp:attachment":[{"href":"https:\/\/alice.ch\/it\/wp-json\/wp\/v2\/media?parent=11008"}],"curies":[{"name":"wp","href":"https:\/\/api.w.org\/{rel}","templated":true}]}}