{"id":11019,"date":"2022-08-16T15:39:08","date_gmt":"2022-08-16T13:39:08","guid":{"rendered":"https:\/\/projects.atxeit.ch\/sveb\/grundkompetenzen\/report-grundkompetenzen\/"},"modified":"2024-11-27T15:19:13","modified_gmt":"2024-11-27T14:19:13","slug":"rapporto-sulle-competenze-di-base","status":"publish","type":"page","link":"https:\/\/alice.ch\/it\/temi\/competenze-di-base\/rapporto-sulle-competenze-di-base\/","title":{"rendered":"Rapporto sulle competenze di base"},"content":{"rendered":"\n<div class=\"wp-block-group is-style-reduced-width is-layout-flow wp-block-group-is-layout-flow\">\n<h1 class=\"wp-block-heading\">Rapporto sulle competenze di base<\/h1>\n\n\n\n<p class=\"is-style-lead\">Le&nbsp;competenze di base&nbsp;come espressione orale, leggere, scrivere, matematica o l&#8217;uso degli strumenti informatici di base sono le fondamenta per l&#8217;apprendimento lungo tutto il corso della vita. Queste competenze permettono una partecipazione autodeterminata nella vita professionale e sociale.<\/p>\n\n\n\n<p>Il rapporto tratta specificamente l&#8217;area delle competenze di base. Fino a oggi sono stati pubblicati tre rapporti. I loro risultati non sono tuttavia confrontabili a causa delle diversa base di dati considerata.<\/p>\n\n\n\n<h2 class=\"wp-block-heading\">Rapporto sulle competenze di base: finanziamento e strutture di sostegno<\/h2>\n\n\n\n<p>Nell&#8217;attuale rapporto sulle competenze di base la FSEA analizza in dettaglio la situazione degli enti di formazione attivi nel settore delle competenze di base, concentrandosi, in particolare, sul loro finanziamento. Le analisi contenute nel rapporto, si basano sui dati di un sondaggio condotto presso gli enti di formazione continua nel 2024, tramite un questionario online parzialmente standardizzato. Nel sondaggio 2024 \u00e8 stata posta per la prima volta la domanda sul sostegno dei corsi nell\u2019ambito delle competenze di base tramite fondi pubblici. Le informazioni contenute nel presente rapporto si riferiscono all&#8217;anno 2023.<\/p>\n\n\n\n<div class=\"wp-block-columns is-layout-flex wp-container-core-columns-is-layout-28f84493 wp-block-columns-is-layout-flex\">\n<div class=\"wp-block-column is-layout-flow wp-block-column-is-layout-flow\" style=\"flex-basis:50%\">\n<div class=\"wp-block-file\"><a id=\"wp-block-file--media-413c976f-4f06-41ed-8c3e-a6869fd4aa3d\" href=\"https:\/\/alice.ch\/app\/uploads\/2024\/11\/rapport-sur-les-competences-de-base-financement-et-programmes.pdf\" target=\"_blank\" rel=\"noreferrer noopener\">Rapport sur les competences de base: finanziamento e programmi di sostegno (francese)<br \/>PDF &#8211; 517 KB<\/a><\/div>\n<\/div>\n<\/div>\n\n\n\n<h2 class=\"wp-block-heading\">Rapporto sulle competenze di base: struttura e condizioni d&#8217;impiego<\/h2>\n\n\n\n<p>Il rapporto sulle competenze di base 2024 illustra la situazione nel settore delle competenze di base dal punto di vista degli enti di formazione. I dati raccolti nell&#8217;ambito del sondaggio 2023 presso gli enti di formazione continua consentono di formulare affermazioni sulla struttura degli enti che hanno dichiarato di operare nel settore delle competenze di base, nonch\u00e9 sulle condizioni di impiego che i formatori trovano in tale settore, sempre dal punto di vista degli enti stessi. In secondo luogo, le informazioni fornite dagli enti attivi nel settore delle competenze di base possono essere confrontate con quelle di tutti gli altri enti che hanno partecipato al sondaggio, cos\u00ec che dal confronto si possano ricavare le caratteristiche specifiche del settore della promozione delle competenze di base.<\/p>\n\n\n\n<p>Le analisi contenute nel presente rapporto si basano sui dati del sondaggio FSEA presso gli enti di formazione continua 2023, un&#8217;indagine annuale svolta presso gli enti svizzeri di formazione continua che utilizza un questionario online parzialmente standardizzato. 164 dei 447 enti che hanno partecipato all&#8217;indagine hanno dichiarato di offrire corsi di competenze di base come attivit\u00e0 principale o secondaria, accanto ad altre attivit\u00e0. Ci\u00f2 corrisponde al 37% degli enti intervistati.<\/p>\n\n\n\n<div class=\"wp-block-columns is-layout-flex wp-container-core-columns-is-layout-28f84493 wp-block-columns-is-layout-flex\">\n<div class=\"wp-block-column is-layout-flow wp-block-column-is-layout-flow\" style=\"flex-basis:50%\">\n<div class=\"wp-block-file\"><a id=\"wp-block-file--media-eec9df04-5b29-4ed0-89c9-db8c1ad39e07\" href=\"https:\/\/alice.ch\/app\/uploads\/2024\/02\/rapport-sur-les-competences-de-base-2024.pdf\" target=\"_blank\" rel=\"noreferrer noopener\">Rapport sur les comp\u00e9tences de base: struttura e condizioni d&#8217;impiego (FR)<br \/>PDF &#8211; 626 KB<\/a><\/div>\n<\/div>\n<\/div>\n\n\n\n<h2 class=\"wp-block-heading\">Rapporto sulle competenze: sviluppi e sfide<\/h2>\n\n\n\n<p>Come ha evidenziato il primo rapporto realizzato dalla FSEA sul settore delle competenze di base, le offerte formative risultano particolarmente frammentate a causa di strutture di finanziamento eterogenee e fra loro scollegate. Un coordinamento fra gli enti finanziatori potrebbe costituire un importante cambio di paradigma, e ci\u00f2 sarebbe auspicabile sia al fine di attirare un pubblico pi\u00f9 ampio sia per l&#8217;ulteriore sviluppo delle stesse offerte.<\/p>\n\n\n\n<p>Per il rapporto sulle competenze di base \u00e8 stato condotto un sondaggio online fra 784 enti di formazione. Il formulario \u00e8 stato compilato da 109 persone. Successivamente alla correzione dei dati sono state prese in considerazione le risposte fornite da 61 enti in rappresentanza di tutte le regioni linguistiche.<\/p>\n\n\n\n<div class=\"wp-block-columns is-layout-flex wp-container-core-columns-is-layout-28f84493 wp-block-columns-is-layout-flex\">\n<div class=\"wp-block-column is-layout-flow wp-block-column-is-layout-flow\" style=\"flex-basis:50%\">\n<div class=\"wp-block-file\"><a id=\"wp-block-file--media-eec9df04-5b29-4ed0-89c9-db8c1ad39e07\" href=\"https:\/\/alice.ch\/app\/uploads\/2022\/11\/FSEA-Rapport-sur-les-competences-de-base.pdf\" target=\"_blank\" rel=\"noreferrer noopener\">Rapport sur les comp\u00e9tences de base: sviluppi e sfide (FR)<br \/>PDF &#8211; 778 KB<\/a><\/div>\n<\/div>\n<\/div>\n\n\n\n<div class=\"wp-block-buttons is-layout-flex wp-block-buttons-is-layout-flex\">\n<div class=\"wp-block-button has-custom-width wp-block-button__width-50 is-style-outline is-style-outline--1\"><a class=\"wp-block-button__link wp-element-button\" href=\"https:\/\/alice.ch\/it\/monitoraggio-settoriale-fsea\/\">Monitoriaggio setteriale FSEA<\/a><\/div>\n<\/div>\n\n\n\n<h2 class=\"wp-block-heading\">Contatto<\/h2>\n\n\n\n<div class=\"wp-block-columns is-layout-flex wp-container-core-columns-is-layout-28f84493 wp-block-columns-is-layout-flex\">\n<div class=\"wp-block-column is-layout-flow wp-block-column-is-layout-flow\" style=\"flex-basis:50%\"><div class=\"contact-persons\">\n\n\t\t\t\t\t<div class=\"contact-person\">\n\t\t\t\t\tC\u00e4cilia M\u00e4rki<br \/>\t\t\t\t\tResponsabile senior dei progetti e co-coordinatrice competenze di base<br \/>\t\t\t\t\t<br \/>\n\t\t\t\t\t\t\t\t\t\t<a href=\"tel:+41 (0)44 319 71 58\">+41 (0)44 319 71 58<\/a><br \/>\t\t\t\t\t<a href=\"mailto:caecilia.maerki@alice.ch\">caecilia.maerki@alice.ch<\/a><br \/>\t\t\t\t\t<\/div>\n\t\t\t\t\t<\/div>\n<\/div>\n\n\n\n<div class=\"wp-block-column is-layout-flow wp-block-column-is-layout-flow\" style=\"flex-basis:50%\"><\/div>\n<\/div>\n<\/div>\n","protected":false},"excerpt":{"rendered":"<p>Rapporto sulle competenze di base Le&nbsp;competenze di base&nbsp;come espressione orale, leggere, scrivere, matematica o l&#8217;uso degli strumenti informatici di base [&hellip;]<\/p>\n","protected":false},"author":2,"featured_media":20799,"parent":11010,"menu_order":62,"comment_status":"closed","ping_status":"closed","template":"","meta":{"_acf_changed":false,"inline_featured_image":false,"footnotes":""},"class_list":["post-11019","page","type-page","status-publish","has-post-thumbnail","hentry"],"acf":[],"yoast_head":"<!-- This site is optimized with the Yoast SEO plugin v27.3 - https:\/\/yoast.com\/product\/yoast-seo-wordpress\/ -->\n<title>Rapporto sulle competenze di base - FSEA<\/title>\n<meta name=\"robots\" content=\"index, follow, max-snippet:-1, max-image-preview:large, max-video-preview:-1\" \/>\n<link rel=\"canonical\" href=\"https:\/\/alice.ch\/it\/temi\/competenze-di-base\/rapporto-sulle-competenze-di-base\/\" \/>\n<meta property=\"og:locale\" content=\"it_IT\" \/>\n<meta property=\"og:type\" content=\"article\" \/>\n<meta property=\"og:title\" content=\"Rapporto sulle competenze di base - FSEA\" \/>\n<meta property=\"og:description\" content=\"Rapporto sulle competenze di base Le&nbsp;competenze di base&nbsp;come espressione orale, leggere, scrivere, matematica o l&#8217;uso degli strumenti informatici di base [&hellip;]\" \/>\n<meta property=\"og:url\" content=\"https:\/\/alice.ch\/it\/temi\/competenze-di-base\/rapporto-sulle-competenze-di-base\/\" \/>\n<meta property=\"og:site_name\" content=\"SVEB\" \/>\n<meta property=\"article:modified_time\" content=\"2024-11-27T14:19:13+00:00\" \/>\n<meta name=\"twitter:card\" content=\"summary_large_image\" \/>\n<meta name=\"twitter:label1\" content=\"Tempo di lettura stimato\" \/>\n\t<meta name=\"twitter:data1\" content=\"2 minuti\" \/>\n<script type=\"application\/ld+json\" class=\"yoast-schema-graph\">{\"@context\":\"https:\\\/\\\/schema.org\",\"@graph\":[{\"@type\":\"WebPage\",\"@id\":\"https:\\\/\\\/alice.ch\\\/it\\\/temi\\\/competenze-di-base\\\/rapporto-sulle-competenze-di-base\\\/\",\"url\":\"https:\\\/\\\/alice.ch\\\/it\\\/temi\\\/competenze-di-base\\\/rapporto-sulle-competenze-di-base\\\/\",\"name\":\"Rapporto sulle competenze di base - FSEA\",\"isPartOf\":{\"@id\":\"https:\\\/\\\/alice.ch\\\/it\\\/#website\"},\"primaryImageOfPage\":{\"@id\":\"https:\\\/\\\/alice.ch\\\/it\\\/temi\\\/competenze-di-base\\\/rapporto-sulle-competenze-di-base\\\/#primaryimage\"},\"image\":{\"@id\":\"https:\\\/\\\/alice.ch\\\/it\\\/temi\\\/competenze-di-base\\\/rapporto-sulle-competenze-di-base\\\/#primaryimage\"},\"thumbnailUrl\":\"https:\\\/\\\/alice.ch\\\/app\\\/uploads\\\/2022\\\/11\\\/default.jpg\",\"datePublished\":\"2022-08-16T13:39:08+00:00\",\"dateModified\":\"2024-11-27T14:19:13+00:00\",\"breadcrumb\":{\"@id\":\"https:\\\/\\\/alice.ch\\\/it\\\/temi\\\/competenze-di-base\\\/rapporto-sulle-competenze-di-base\\\/#breadcrumb\"},\"inLanguage\":\"it-IT\",\"potentialAction\":[{\"@type\":\"ReadAction\",\"target\":[\"https:\\\/\\\/alice.ch\\\/it\\\/temi\\\/competenze-di-base\\\/rapporto-sulle-competenze-di-base\\\/\"]}]},{\"@type\":\"ImageObject\",\"inLanguage\":\"it-IT\",\"@id\":\"https:\\\/\\\/alice.ch\\\/it\\\/temi\\\/competenze-di-base\\\/rapporto-sulle-competenze-di-base\\\/#primaryimage\",\"url\":\"https:\\\/\\\/alice.ch\\\/app\\\/uploads\\\/2022\\\/11\\\/default.jpg\",\"contentUrl\":\"https:\\\/\\\/alice.ch\\\/app\\\/uploads\\\/2022\\\/11\\\/default.jpg\",\"width\":1600,\"height\":900},{\"@type\":\"BreadcrumbList\",\"@id\":\"https:\\\/\\\/alice.ch\\\/it\\\/temi\\\/competenze-di-base\\\/rapporto-sulle-competenze-di-base\\\/#breadcrumb\",\"itemListElement\":[{\"@type\":\"ListItem\",\"position\":1,\"name\":\"Pagina iniziale\",\"item\":\"https:\\\/\\\/alice.ch\\\/it\\\/\"},{\"@type\":\"ListItem\",\"position\":2,\"name\":\"Temi\",\"item\":\"https:\\\/\\\/alice.ch\\\/it\\\/temi\\\/\"},{\"@type\":\"ListItem\",\"position\":3,\"name\":\"Competenze di base\",\"item\":\"https:\\\/\\\/alice.ch\\\/it\\\/temi\\\/competenze-di-base\\\/\"},{\"@type\":\"ListItem\",\"position\":4,\"name\":\"Rapporto sulle competenze di base\"}]},{\"@type\":\"WebSite\",\"@id\":\"https:\\\/\\\/alice.ch\\\/it\\\/#website\",\"url\":\"https:\\\/\\\/alice.ch\\\/it\\\/\",\"name\":\"alice.ch (Adult Learning Information Center) ist das Portal der Weiterbildung in der Schweiz.\",\"description\":\"Schweizerischer Verband f\u00fcr Weiterbildung\",\"publisher\":{\"@id\":\"https:\\\/\\\/alice.ch\\\/it\\\/#organization\"},\"potentialAction\":[{\"@type\":\"SearchAction\",\"target\":{\"@type\":\"EntryPoint\",\"urlTemplate\":\"https:\\\/\\\/alice.ch\\\/it\\\/?s={search_term_string}\"},\"query-input\":{\"@type\":\"PropertyValueSpecification\",\"valueRequired\":true,\"valueName\":\"search_term_string\"}}],\"inLanguage\":\"it-IT\"},{\"@type\":\"Organization\",\"@id\":\"https:\\\/\\\/alice.ch\\\/it\\\/#organization\",\"name\":\"FSEA Federazione svizzera per la formazione continua\",\"url\":\"https:\\\/\\\/alice.ch\\\/it\\\/\",\"logo\":{\"@type\":\"ImageObject\",\"inLanguage\":\"it-IT\",\"@id\":\"https:\\\/\\\/alice.ch\\\/it\\\/#\\\/schema\\\/logo\\\/image\\\/\",\"url\":\"https:\\\/\\\/alice.ch\\\/app\\\/uploads\\\/2022\\\/07\\\/logo-sveb.png\",\"contentUrl\":\"https:\\\/\\\/alice.ch\\\/app\\\/uploads\\\/2022\\\/07\\\/logo-sveb.png\",\"width\":145,\"height\":64,\"caption\":\"FSEA Federazione svizzera per la formazione continua\"},\"image\":{\"@id\":\"https:\\\/\\\/alice.ch\\\/it\\\/#\\\/schema\\\/logo\\\/image\\\/\"},\"sameAs\":[\"https:\\\/\\\/www.linkedin.com\\\/company\\\/schweizerischer-verband-fr-weiterbildung-sveb\\\/\"]}]}<\/script>\n<!-- \/ Yoast SEO plugin. -->","yoast_head_json":{"title":"Rapporto sulle competenze di base - FSEA","robots":{"index":"index","follow":"follow","max-snippet":"max-snippet:-1","max-image-preview":"max-image-preview:large","max-video-preview":"max-video-preview:-1"},"canonical":"https:\/\/alice.ch\/it\/temi\/competenze-di-base\/rapporto-sulle-competenze-di-base\/","og_locale":"it_IT","og_type":"article","og_title":"Rapporto sulle competenze di base - FSEA","og_description":"Rapporto sulle competenze di base Le&nbsp;competenze di base&nbsp;come espressione orale, leggere, scrivere, matematica o l&#8217;uso degli strumenti informatici di base [&hellip;]","og_url":"https:\/\/alice.ch\/it\/temi\/competenze-di-base\/rapporto-sulle-competenze-di-base\/","og_site_name":"SVEB","article_modified_time":"2024-11-27T14:19:13+00:00","twitter_card":"summary_large_image","twitter_misc":{"Tempo di lettura stimato":"2 minuti"},"schema":{"@context":"https:\/\/schema.org","@graph":[{"@type":"WebPage","@id":"https:\/\/alice.ch\/it\/temi\/competenze-di-base\/rapporto-sulle-competenze-di-base\/","url":"https:\/\/alice.ch\/it\/temi\/competenze-di-base\/rapporto-sulle-competenze-di-base\/","name":"Rapporto sulle competenze di base - FSEA","isPartOf":{"@id":"https:\/\/alice.ch\/it\/#website"},"primaryImageOfPage":{"@id":"https:\/\/alice.ch\/it\/temi\/competenze-di-base\/rapporto-sulle-competenze-di-base\/#primaryimage"},"image":{"@id":"https:\/\/alice.ch\/it\/temi\/competenze-di-base\/rapporto-sulle-competenze-di-base\/#primaryimage"},"thumbnailUrl":"https:\/\/alice.ch\/app\/uploads\/2022\/11\/default.jpg","datePublished":"2022-08-16T13:39:08+00:00","dateModified":"2024-11-27T14:19:13+00:00","breadcrumb":{"@id":"https:\/\/alice.ch\/it\/temi\/competenze-di-base\/rapporto-sulle-competenze-di-base\/#breadcrumb"},"inLanguage":"it-IT","potentialAction":[{"@type":"ReadAction","target":["https:\/\/alice.ch\/it\/temi\/competenze-di-base\/rapporto-sulle-competenze-di-base\/"]}]},{"@type":"ImageObject","inLanguage":"it-IT","@id":"https:\/\/alice.ch\/it\/temi\/competenze-di-base\/rapporto-sulle-competenze-di-base\/#primaryimage","url":"https:\/\/alice.ch\/app\/uploads\/2022\/11\/default.jpg","contentUrl":"https:\/\/alice.ch\/app\/uploads\/2022\/11\/default.jpg","width":1600,"height":900},{"@type":"BreadcrumbList","@id":"https:\/\/alice.ch\/it\/temi\/competenze-di-base\/rapporto-sulle-competenze-di-base\/#breadcrumb","itemListElement":[{"@type":"ListItem","position":1,"name":"Pagina iniziale","item":"https:\/\/alice.ch\/it\/"},{"@type":"ListItem","position":2,"name":"Temi","item":"https:\/\/alice.ch\/it\/temi\/"},{"@type":"ListItem","position":3,"name":"Competenze di base","item":"https:\/\/alice.ch\/it\/temi\/competenze-di-base\/"},{"@type":"ListItem","position":4,"name":"Rapporto sulle competenze di base"}]},{"@type":"WebSite","@id":"https:\/\/alice.ch\/it\/#website","url":"https:\/\/alice.ch\/it\/","name":"alice.ch (Adult Learning Information Center) ist das Portal der Weiterbildung in der Schweiz.","description":"Schweizerischer Verband f\u00fcr Weiterbildung","publisher":{"@id":"https:\/\/alice.ch\/it\/#organization"},"potentialAction":[{"@type":"SearchAction","target":{"@type":"EntryPoint","urlTemplate":"https:\/\/alice.ch\/it\/?s={search_term_string}"},"query-input":{"@type":"PropertyValueSpecification","valueRequired":true,"valueName":"search_term_string"}}],"inLanguage":"it-IT"},{"@type":"Organization","@id":"https:\/\/alice.ch\/it\/#organization","name":"FSEA Federazione svizzera per la formazione continua","url":"https:\/\/alice.ch\/it\/","logo":{"@type":"ImageObject","inLanguage":"it-IT","@id":"https:\/\/alice.ch\/it\/#\/schema\/logo\/image\/","url":"https:\/\/alice.ch\/app\/uploads\/2022\/07\/logo-sveb.png","contentUrl":"https:\/\/alice.ch\/app\/uploads\/2022\/07\/logo-sveb.png","width":145,"height":64,"caption":"FSEA Federazione svizzera per la formazione continua"},"image":{"@id":"https:\/\/alice.ch\/it\/#\/schema\/logo\/image\/"},"sameAs":["https:\/\/www.linkedin.com\/company\/schweizerischer-verband-fr-weiterbildung-sveb\/"]}]}},"_links":{"self":[{"href":"https:\/\/alice.ch\/it\/wp-json\/wp\/v2\/pages\/11019","targetHints":{"allow":["GET"]}}],"collection":[{"href":"https:\/\/alice.ch\/it\/wp-json\/wp\/v2\/pages"}],"about":[{"href":"https:\/\/alice.ch\/it\/wp-json\/wp\/v2\/types\/page"}],"author":[{"embeddable":true,"href":"https:\/\/alice.ch\/it\/wp-json\/wp\/v2\/users\/2"}],"replies":[{"embeddable":true,"href":"https:\/\/alice.ch\/it\/wp-json\/wp\/v2\/comments?post=11019"}],"version-history":[{"count":17,"href":"https:\/\/alice.ch\/it\/wp-json\/wp\/v2\/pages\/11019\/revisions"}],"predecessor-version":[{"id":64572,"href":"https:\/\/alice.ch\/it\/wp-json\/wp\/v2\/pages\/11019\/revisions\/64572"}],"up":[{"embeddable":true,"href":"https:\/\/alice.ch\/it\/wp-json\/wp\/v2\/pages\/11010"}],"wp:featuredmedia":[{"embeddable":true,"href":"https:\/\/alice.ch\/it\/wp-json\/wp\/v2\/media\/20799"}],"wp:attachment":[{"href":"https:\/\/alice.ch\/it\/wp-json\/wp\/v2\/media?parent=11019"}],"curies":[{"name":"wp","href":"https:\/\/api.w.org\/{rel}","templated":true}]}}