{"id":11028,"date":"2022-10-26T15:08:29","date_gmt":"2022-10-26T13:08:29","guid":{"rendered":"https:\/\/projects.atxeit.ch\/sveb\/grundkompetenzen\/innovativ-foerdern\/unser-netzwerk\/"},"modified":"2023-02-27T15:27:39","modified_gmt":"2023-02-27T14:27:39","slug":"la-nostra-rete","status":"publish","type":"page","link":"https:\/\/alice.ch\/it\/temi\/competenze-di-base\/promuovere-in-modo-innovativo\/la-nostra-rete\/","title":{"rendered":"La nostra rete"},"content":{"rendered":"\n<div class=\"wp-block-group is-style-reduced-width is-layout-flow wp-block-group-is-layout-flow\">\n<h1 class=\"wp-block-heading\">La nostra rete<\/h1>\n\n\n\n<p>La promozione delle competenze di base \u00e8 un compito trasversale che pu\u00f2 essere svolto con successo soltanto se vengono coinvolti tutti gli attori. Il lavoro in rete e lo scambio di saperi cos\u00ec come la collaborazione e la rappresentanza politica di interessi contribuiscono alla creazione di un\u2019offerta di formazione e delle strutture necessarie.<\/p>\n\n\n\n<h2 class=\"wp-block-heading\">Rete FSEA<\/h2>\n\n\n\n<h3 class=\"wp-block-heading\">Comunit\u00e0 di interesse per le Competenze di base<\/h3>\n\n\n\n<p>La Comunit\u00e0 di interesse per le Competenze di base \u00e8 stata creata nell\u2019agosto 2011 con l\u2019obiettivo di posizionare la promozione delle competenze di base degli adulti rispetto alla Legge federale sulla formazione continua LFCo.<\/p>\n\n\n\n<div class=\"wp-block-buttons is-layout-flex wp-block-buttons-is-layout-flex\">\n<div class=\"wp-block-button has-custom-width wp-block-button__width-50 is-style-outline is-style-outline--1\"><a class=\"wp-block-button__link wp-element-button\" href=\"https:\/\/alice.ch\/it\/temi\/competenze-di-base\/promuovere-in-modo-innovativo\/ci-competenze-di-base\/\">Comunit\u00e0 di interesse per le Competenze di base<\/a><\/div>\n<\/div>\n\n\n\n<h3 class=\"wp-block-heading\">Rete matematica del quotidiano<\/h3>\n\n\n\n<p>La rete matematica del quotidiano \u00e8 una piattaforma online (di lingua tedesca) che permette ad attori del panorama della formazione continua di condividere esperienze e discutere di questioni inerenti alla matematica del quotidiano. Accanto al virtuale scambio \u00e8 importante che i membri della rete possano intrattenersi personalmente su \u201cla matematica del quotidiano\u201d. Ragione per cui sono organizzati regolarmente workshop sull\u2019argomento.&nbsp;&nbsp;<\/p>\n\n\n\n<h3 class=\"wp-block-heading\">Forum Competenze di base nella Svizzera italiana<\/h3>\n\n\n\n<p>Il Forum competenze di base vuole essere la piattaforma di scambio per la promozione delle competenze di base nella Svizzera italiana. Gli obiettivi, le finalit\u00e0 e le modalit\u00e0 operative di questa piattaforma mirano in particolare a: rafforzare la conoscenza reciproca dei soggetti che operano nel settore; coordinare le iniziative esistenti; sviluppare sinergie e collaborazioni che permettano di implementare misure specifiche per l&#8217;acquisizione e il mantenimento delle competenze di base degli adulti. Nel corso del 2014 e 2015 hanno partecipano all&#8217;evoluzione del progetto settori formativi di organizzazioni del mondo del lavoro (OML).<\/p>\n\n\n\n<div class=\"wp-block-buttons is-layout-flex wp-block-buttons-is-layout-flex\">\n<div class=\"wp-block-button has-custom-width wp-block-button__width-50 is-style-outline is-style-outline--2\"><a class=\"wp-block-button__link wp-element-button\" href=\"http:\/\/www.conferenzacfc.ch\/fcb\">Forum competenze di base<\/a><\/div>\n<\/div>\n\n\n\n<h3 class=\"wp-block-heading\">Coordinamento romando per la formazione di base degli adulti (CR\u2013FBA)<\/h3>\n\n\n\n<p>Il coordinamento romando per la formazione di base degli adulti (CR_FBA) \u00e8 una rete di istituzioni romande attive nell\u2019ambito delle competenze di base (ad esempio leggere e scrivere, matematica del quotidiano, lingua locale ufficiale, informatica) che hanno come obiettivi principali il coordinamento e il promovimento delle azioni comuni di portata regionale in questo ambito e il rafforzamento del sostegno politico e pubblico.<\/p>\n\n\n\n<div class=\"wp-block-buttons is-layout-flex wp-block-buttons-is-layout-flex\">\n<div class=\"wp-block-button has-custom-width wp-block-button__width-50 is-style-outline is-style-outline--3\"><a class=\"wp-block-button__link wp-element-button\" href=\"https:\/\/www.crfba.ch\/\" target=\"_blank\" rel=\"noreferrer noopener\">www.crfba.ch&nbsp;(FR)<\/a><\/div>\n<\/div>\n\n\n\n<h3 class=\"wp-block-heading\">Gruppo di specialisti TIC<\/h3>\n\n\n\n<p>Nell\u2019ambito dell\u2019attuazione della LFCo il gruppo di specialisti di competenze di base TIC elabora raccomandazioni per lo sviluppo delle competenze TIC come base per una societ\u00e0 dell\u2019informazione aperta a tutti. &nbsp;<\/p>\n\n\n\n<h2 class=\"wp-block-heading\">Rete internazionale<\/h2>\n\n\n\n<p>La FSEA gioca un ruolo importante anche a livello internazionale. Dal 2005 partecipiamo a progetti inerenti alle competenze di base nei programmi di formazione dell\u2019UE (Erasmus+) e, in tal modo, abbiamo accesso a saperi ed esperienze di paesi che, in questo campo, sono anni avanti rispetto alla Svizzera.<\/p>\n\n\n\n<p>L\u2019<a href=\"https:\/\/basicskills.eu\/organization\/\" target=\"_blank\" rel=\"noreferrer noopener\">European Basic Skills Networks EBSN<\/a> \u00e8 una piattaforma importante per lo scambio tra partner internazionali. La FSEA \u00e8 nel comitato dell\u2019ESBN.<\/p>\n\n\n\n<div class=\"wp-block-buttons is-layout-flex wp-block-buttons-is-layout-flex\">\n<div class=\"wp-block-button has-custom-width wp-block-button__width-50 is-style-outline is-style-outline--4\"><a class=\"wp-block-button__link wp-element-button\" href=\"http:\/\/icae.global\/\" target=\"_blank\" rel=\"noreferrer noopener\">International Council of Adult Education ICAE<\/a><\/div>\n<\/div>\n\n\n\n<div class=\"wp-block-buttons is-layout-flex wp-block-buttons-is-layout-flex\">\n<div class=\"wp-block-button has-custom-width wp-block-button__width-50 is-style-outline is-style-outline--5\"><a class=\"wp-block-button__link wp-element-button\" href=\"https:\/\/uil.unesco.org\/\" target=\"_blank\" rel=\"noreferrer noopener\">UNESCO Institute for Lifelong Learning UIL<\/a><\/div>\n<\/div>\n\n\n\n<div class=\"wp-block-buttons is-layout-flex wp-block-buttons-is-layout-flex\">\n<div class=\"wp-block-button has-custom-width wp-block-button__width-50 is-style-outline is-style-outline--6\"><a class=\"wp-block-button__link wp-element-button\" href=\"https:\/\/basicskills.eu\/\" target=\"_blank\" rel=\"noreferrer noopener\">European Basic Skills Network EBSN<\/a><\/div>\n<\/div>\n\n\n\n<div class=\"wp-block-buttons is-layout-flex wp-block-buttons-is-layout-flex\">\n<div class=\"wp-block-button has-custom-width wp-block-button__width-50 is-style-outline is-style-outline--7\"><a class=\"wp-block-button__link wp-element-button\" href=\"https:\/\/eaea.org\/about-us\/organisation\/executive-board\/\" target=\"_blank\" rel=\"noreferrer noopener\">Associazione europea per la formazione degli adulti EAEA<\/a><\/div>\n<\/div>\n\n\n\n<h2 class=\"wp-block-heading\">Contatto<\/h2>\n\n\n\n<div class=\"wp-block-columns is-layout-flex wp-container-core-columns-is-layout-28f84493 wp-block-columns-is-layout-flex\">\n<div class=\"wp-block-column is-layout-flow wp-block-column-is-layout-flow\" style=\"flex-basis:50%\"><div class=\"contact-persons\">\n\n\t\t\t\t\t<div class=\"contact-person\">\n\t\t\t\t\tSimone Rizzi<br \/>\t\t\t\t\tResponsabile segretariato regionale, Membro della direzione FSEA<br \/>\t\t\t\t\t<br \/>\n\t\t\t\t\t\t\t\t\t\t<a href=\"tel:+41 (0)91 950 84 16\">+41 (0)91 950 84 16<\/a><br \/>\t\t\t\t\t<a href=\"mailto:simone.rizzi@alice.ch\">simone.rizzi@alice.ch<\/a><br \/>\t\t\t\t\t<\/div>\n\t\t\t\t\t<\/div>\n<\/div>\n\n\n\n<div class=\"wp-block-column is-layout-flow wp-block-column-is-layout-flow\" style=\"flex-basis:50%\"><\/div>\n<\/div>\n<\/div>\n","protected":false},"excerpt":{"rendered":"<p>La nostra rete La promozione delle competenze di base \u00e8 un compito trasversale che pu\u00f2 essere svolto con successo soltanto [&hellip;]<\/p>\n","protected":false},"author":4,"featured_media":20799,"parent":11021,"menu_order":81,"comment_status":"closed","ping_status":"closed","template":"","meta":{"_acf_changed":false,"inline_featured_image":false,"footnotes":""},"class_list":["post-11028","page","type-page","status-publish","has-post-thumbnail","hentry"],"acf":[],"yoast_head":"<!-- This site is optimized with the Yoast SEO plugin v27.3 - https:\/\/yoast.com\/product\/yoast-seo-wordpress\/ -->\n<title>La nostra rete - FSEA<\/title>\n<meta name=\"robots\" content=\"index, follow, max-snippet:-1, max-image-preview:large, max-video-preview:-1\" \/>\n<link rel=\"canonical\" href=\"https:\/\/alice.ch\/it\/temi\/competenze-di-base\/promuovere-in-modo-innovativo\/la-nostra-rete\/\" \/>\n<meta property=\"og:locale\" content=\"it_IT\" \/>\n<meta property=\"og:type\" content=\"article\" \/>\n<meta property=\"og:title\" content=\"La nostra rete - FSEA\" \/>\n<meta property=\"og:description\" content=\"La nostra rete La promozione delle competenze di base \u00e8 un compito trasversale che pu\u00f2 essere svolto con successo soltanto [&hellip;]\" \/>\n<meta property=\"og:url\" content=\"https:\/\/alice.ch\/it\/temi\/competenze-di-base\/promuovere-in-modo-innovativo\/la-nostra-rete\/\" \/>\n<meta property=\"og:site_name\" content=\"SVEB\" \/>\n<meta property=\"article:modified_time\" content=\"2023-02-27T14:27:39+00:00\" \/>\n<meta name=\"twitter:card\" content=\"summary_large_image\" \/>\n<meta name=\"twitter:label1\" content=\"Tempo di lettura stimato\" \/>\n\t<meta name=\"twitter:data1\" content=\"3 minuti\" \/>\n<script type=\"application\/ld+json\" class=\"yoast-schema-graph\">{\"@context\":\"https:\\\/\\\/schema.org\",\"@graph\":[{\"@type\":\"WebPage\",\"@id\":\"https:\\\/\\\/alice.ch\\\/it\\\/temi\\\/competenze-di-base\\\/promuovere-in-modo-innovativo\\\/la-nostra-rete\\\/\",\"url\":\"https:\\\/\\\/alice.ch\\\/it\\\/temi\\\/competenze-di-base\\\/promuovere-in-modo-innovativo\\\/la-nostra-rete\\\/\",\"name\":\"La nostra rete - FSEA\",\"isPartOf\":{\"@id\":\"https:\\\/\\\/alice.ch\\\/it\\\/#website\"},\"primaryImageOfPage\":{\"@id\":\"https:\\\/\\\/alice.ch\\\/it\\\/temi\\\/competenze-di-base\\\/promuovere-in-modo-innovativo\\\/la-nostra-rete\\\/#primaryimage\"},\"image\":{\"@id\":\"https:\\\/\\\/alice.ch\\\/it\\\/temi\\\/competenze-di-base\\\/promuovere-in-modo-innovativo\\\/la-nostra-rete\\\/#primaryimage\"},\"thumbnailUrl\":\"https:\\\/\\\/alice.ch\\\/app\\\/uploads\\\/2022\\\/11\\\/default.jpg\",\"datePublished\":\"2022-10-26T13:08:29+00:00\",\"dateModified\":\"2023-02-27T14:27:39+00:00\",\"breadcrumb\":{\"@id\":\"https:\\\/\\\/alice.ch\\\/it\\\/temi\\\/competenze-di-base\\\/promuovere-in-modo-innovativo\\\/la-nostra-rete\\\/#breadcrumb\"},\"inLanguage\":\"it-IT\",\"potentialAction\":[{\"@type\":\"ReadAction\",\"target\":[\"https:\\\/\\\/alice.ch\\\/it\\\/temi\\\/competenze-di-base\\\/promuovere-in-modo-innovativo\\\/la-nostra-rete\\\/\"]}]},{\"@type\":\"ImageObject\",\"inLanguage\":\"it-IT\",\"@id\":\"https:\\\/\\\/alice.ch\\\/it\\\/temi\\\/competenze-di-base\\\/promuovere-in-modo-innovativo\\\/la-nostra-rete\\\/#primaryimage\",\"url\":\"https:\\\/\\\/alice.ch\\\/app\\\/uploads\\\/2022\\\/11\\\/default.jpg\",\"contentUrl\":\"https:\\\/\\\/alice.ch\\\/app\\\/uploads\\\/2022\\\/11\\\/default.jpg\",\"width\":1600,\"height\":900},{\"@type\":\"BreadcrumbList\",\"@id\":\"https:\\\/\\\/alice.ch\\\/it\\\/temi\\\/competenze-di-base\\\/promuovere-in-modo-innovativo\\\/la-nostra-rete\\\/#breadcrumb\",\"itemListElement\":[{\"@type\":\"ListItem\",\"position\":1,\"name\":\"Pagina iniziale\",\"item\":\"https:\\\/\\\/alice.ch\\\/it\\\/\"},{\"@type\":\"ListItem\",\"position\":2,\"name\":\"Temi\",\"item\":\"https:\\\/\\\/alice.ch\\\/it\\\/temi\\\/\"},{\"@type\":\"ListItem\",\"position\":3,\"name\":\"Competenze di base\",\"item\":\"https:\\\/\\\/alice.ch\\\/it\\\/temi\\\/competenze-di-base\\\/\"},{\"@type\":\"ListItem\",\"position\":4,\"name\":\"Promuovere in modo innovativo\",\"item\":\"https:\\\/\\\/alice.ch\\\/it\\\/temi\\\/competenze-di-base\\\/promuovere-in-modo-innovativo\\\/\"},{\"@type\":\"ListItem\",\"position\":5,\"name\":\"La nostra rete\"}]},{\"@type\":\"WebSite\",\"@id\":\"https:\\\/\\\/alice.ch\\\/it\\\/#website\",\"url\":\"https:\\\/\\\/alice.ch\\\/it\\\/\",\"name\":\"alice.ch (Adult Learning Information Center) ist das Portal der Weiterbildung in der Schweiz.\",\"description\":\"Schweizerischer Verband f\u00fcr Weiterbildung\",\"publisher\":{\"@id\":\"https:\\\/\\\/alice.ch\\\/it\\\/#organization\"},\"potentialAction\":[{\"@type\":\"SearchAction\",\"target\":{\"@type\":\"EntryPoint\",\"urlTemplate\":\"https:\\\/\\\/alice.ch\\\/it\\\/?s={search_term_string}\"},\"query-input\":{\"@type\":\"PropertyValueSpecification\",\"valueRequired\":true,\"valueName\":\"search_term_string\"}}],\"inLanguage\":\"it-IT\"},{\"@type\":\"Organization\",\"@id\":\"https:\\\/\\\/alice.ch\\\/it\\\/#organization\",\"name\":\"FSEA Federazione svizzera per la formazione continua\",\"url\":\"https:\\\/\\\/alice.ch\\\/it\\\/\",\"logo\":{\"@type\":\"ImageObject\",\"inLanguage\":\"it-IT\",\"@id\":\"https:\\\/\\\/alice.ch\\\/it\\\/#\\\/schema\\\/logo\\\/image\\\/\",\"url\":\"https:\\\/\\\/alice.ch\\\/app\\\/uploads\\\/2022\\\/07\\\/logo-sveb.png\",\"contentUrl\":\"https:\\\/\\\/alice.ch\\\/app\\\/uploads\\\/2022\\\/07\\\/logo-sveb.png\",\"width\":145,\"height\":64,\"caption\":\"FSEA Federazione svizzera per la formazione continua\"},\"image\":{\"@id\":\"https:\\\/\\\/alice.ch\\\/it\\\/#\\\/schema\\\/logo\\\/image\\\/\"},\"sameAs\":[\"https:\\\/\\\/www.linkedin.com\\\/company\\\/schweizerischer-verband-fr-weiterbildung-sveb\\\/\"]}]}<\/script>\n<!-- \/ Yoast SEO plugin. -->","yoast_head_json":{"title":"La nostra rete - FSEA","robots":{"index":"index","follow":"follow","max-snippet":"max-snippet:-1","max-image-preview":"max-image-preview:large","max-video-preview":"max-video-preview:-1"},"canonical":"https:\/\/alice.ch\/it\/temi\/competenze-di-base\/promuovere-in-modo-innovativo\/la-nostra-rete\/","og_locale":"it_IT","og_type":"article","og_title":"La nostra rete - FSEA","og_description":"La nostra rete La promozione delle competenze di base \u00e8 un compito trasversale che pu\u00f2 essere svolto con successo soltanto [&hellip;]","og_url":"https:\/\/alice.ch\/it\/temi\/competenze-di-base\/promuovere-in-modo-innovativo\/la-nostra-rete\/","og_site_name":"SVEB","article_modified_time":"2023-02-27T14:27:39+00:00","twitter_card":"summary_large_image","twitter_misc":{"Tempo di lettura stimato":"3 minuti"},"schema":{"@context":"https:\/\/schema.org","@graph":[{"@type":"WebPage","@id":"https:\/\/alice.ch\/it\/temi\/competenze-di-base\/promuovere-in-modo-innovativo\/la-nostra-rete\/","url":"https:\/\/alice.ch\/it\/temi\/competenze-di-base\/promuovere-in-modo-innovativo\/la-nostra-rete\/","name":"La nostra rete - FSEA","isPartOf":{"@id":"https:\/\/alice.ch\/it\/#website"},"primaryImageOfPage":{"@id":"https:\/\/alice.ch\/it\/temi\/competenze-di-base\/promuovere-in-modo-innovativo\/la-nostra-rete\/#primaryimage"},"image":{"@id":"https:\/\/alice.ch\/it\/temi\/competenze-di-base\/promuovere-in-modo-innovativo\/la-nostra-rete\/#primaryimage"},"thumbnailUrl":"https:\/\/alice.ch\/app\/uploads\/2022\/11\/default.jpg","datePublished":"2022-10-26T13:08:29+00:00","dateModified":"2023-02-27T14:27:39+00:00","breadcrumb":{"@id":"https:\/\/alice.ch\/it\/temi\/competenze-di-base\/promuovere-in-modo-innovativo\/la-nostra-rete\/#breadcrumb"},"inLanguage":"it-IT","potentialAction":[{"@type":"ReadAction","target":["https:\/\/alice.ch\/it\/temi\/competenze-di-base\/promuovere-in-modo-innovativo\/la-nostra-rete\/"]}]},{"@type":"ImageObject","inLanguage":"it-IT","@id":"https:\/\/alice.ch\/it\/temi\/competenze-di-base\/promuovere-in-modo-innovativo\/la-nostra-rete\/#primaryimage","url":"https:\/\/alice.ch\/app\/uploads\/2022\/11\/default.jpg","contentUrl":"https:\/\/alice.ch\/app\/uploads\/2022\/11\/default.jpg","width":1600,"height":900},{"@type":"BreadcrumbList","@id":"https:\/\/alice.ch\/it\/temi\/competenze-di-base\/promuovere-in-modo-innovativo\/la-nostra-rete\/#breadcrumb","itemListElement":[{"@type":"ListItem","position":1,"name":"Pagina iniziale","item":"https:\/\/alice.ch\/it\/"},{"@type":"ListItem","position":2,"name":"Temi","item":"https:\/\/alice.ch\/it\/temi\/"},{"@type":"ListItem","position":3,"name":"Competenze di base","item":"https:\/\/alice.ch\/it\/temi\/competenze-di-base\/"},{"@type":"ListItem","position":4,"name":"Promuovere in modo innovativo","item":"https:\/\/alice.ch\/it\/temi\/competenze-di-base\/promuovere-in-modo-innovativo\/"},{"@type":"ListItem","position":5,"name":"La nostra rete"}]},{"@type":"WebSite","@id":"https:\/\/alice.ch\/it\/#website","url":"https:\/\/alice.ch\/it\/","name":"alice.ch (Adult Learning Information Center) ist das Portal der Weiterbildung in der Schweiz.","description":"Schweizerischer Verband f\u00fcr Weiterbildung","publisher":{"@id":"https:\/\/alice.ch\/it\/#organization"},"potentialAction":[{"@type":"SearchAction","target":{"@type":"EntryPoint","urlTemplate":"https:\/\/alice.ch\/it\/?s={search_term_string}"},"query-input":{"@type":"PropertyValueSpecification","valueRequired":true,"valueName":"search_term_string"}}],"inLanguage":"it-IT"},{"@type":"Organization","@id":"https:\/\/alice.ch\/it\/#organization","name":"FSEA Federazione svizzera per la formazione continua","url":"https:\/\/alice.ch\/it\/","logo":{"@type":"ImageObject","inLanguage":"it-IT","@id":"https:\/\/alice.ch\/it\/#\/schema\/logo\/image\/","url":"https:\/\/alice.ch\/app\/uploads\/2022\/07\/logo-sveb.png","contentUrl":"https:\/\/alice.ch\/app\/uploads\/2022\/07\/logo-sveb.png","width":145,"height":64,"caption":"FSEA Federazione svizzera per la formazione continua"},"image":{"@id":"https:\/\/alice.ch\/it\/#\/schema\/logo\/image\/"},"sameAs":["https:\/\/www.linkedin.com\/company\/schweizerischer-verband-fr-weiterbildung-sveb\/"]}]}},"_links":{"self":[{"href":"https:\/\/alice.ch\/it\/wp-json\/wp\/v2\/pages\/11028","targetHints":{"allow":["GET"]}}],"collection":[{"href":"https:\/\/alice.ch\/it\/wp-json\/wp\/v2\/pages"}],"about":[{"href":"https:\/\/alice.ch\/it\/wp-json\/wp\/v2\/types\/page"}],"author":[{"embeddable":true,"href":"https:\/\/alice.ch\/it\/wp-json\/wp\/v2\/users\/4"}],"replies":[{"embeddable":true,"href":"https:\/\/alice.ch\/it\/wp-json\/wp\/v2\/comments?post=11028"}],"version-history":[{"count":13,"href":"https:\/\/alice.ch\/it\/wp-json\/wp\/v2\/pages\/11028\/revisions"}],"predecessor-version":[{"id":45898,"href":"https:\/\/alice.ch\/it\/wp-json\/wp\/v2\/pages\/11028\/revisions\/45898"}],"up":[{"embeddable":true,"href":"https:\/\/alice.ch\/it\/wp-json\/wp\/v2\/pages\/11021"}],"wp:featuredmedia":[{"embeddable":true,"href":"https:\/\/alice.ch\/it\/wp-json\/wp\/v2\/media\/20799"}],"wp:attachment":[{"href":"https:\/\/alice.ch\/it\/wp-json\/wp\/v2\/media?parent=11028"}],"curies":[{"name":"wp","href":"https:\/\/api.w.org\/{rel}","templated":true}]}}