{"id":11050,"date":"2022-10-26T16:55:03","date_gmt":"2022-10-26T14:55:03","guid":{"rendered":"https:\/\/projects.atxeit.ch\/sveb\/grundkompetenzen\/innovativ-foerdern\/ig-grundkompetenzen\/"},"modified":"2023-05-07T18:42:29","modified_gmt":"2023-05-07T16:42:29","slug":"ci-competenze-di-base","status":"publish","type":"page","link":"https:\/\/alice.ch\/it\/temi\/competenze-di-base\/promuovere-in-modo-innovativo\/ci-competenze-di-base\/","title":{"rendered":"CI competenze di base"},"content":{"rendered":"\n<div class=\"wp-block-group is-style-reduced-width is-layout-flow wp-block-group-is-layout-flow\">\n<h1 class=\"wp-block-heading\">CI competenze di base<\/h1>\n\n\n\n<p class=\"is-style-lead\">La Comunit\u00e0 di interessi per le competenze di base rappresenta 21 associazioni e organizzazioni che si impegnano per la promozione delle competenze di base in Svizzera. I membri sono: federazioni di formazione continua, reti di istituti di formazione, gruppi di interesse nell\u2019ambito sociale e istituti di ricerca.<\/p>\n\n\n\n<p>La Comunit\u00e0 di interessi per le competenze di base \u00e8 stata fondata nel 2011 in vista dell\u2019elaborazione della legge nazionale per la formazione continua e al fine di mettere l\u2019accento sull\u2019importanza e sulla necessit\u00e0 di promuovere le competenze di base degli adulti.<\/p>\n\n\n\n<h2 class=\"wp-block-heading\">Principi<\/h2>\n\n\n\n<ol class=\"wp-block-list\">\n<li>Con \u201ccompetenze di base\u201d intendiamo tutte le competenze che un adulto deve possedere per prendere parte <strong>pienamente e in maniera autonoma alla societ\u00e0<\/strong>, alla vita culturale come pure al mercato del lavoro. In particolare ne fanno parte: la lettura e la scrittura, la lingua locale, la matematica del quotidiano, le tecnologie dell\u2019informazione e della comunicazione (TIC) come pure le competenze metodologiche, sociali e culturali.<\/li>\n\n\n\n<li>Il <strong>miglioramento delle condizioni quadro<\/strong> per la promozione delle competenze di base degli adulti in Svizzera \u00e8 una necessit\u00e0 assoluta, non soltanto dal punto di vista delle persone coinvolte ma anche in prospettiva sociale ed economica. \u00c8 assodato che le lacune nelle competenze di base portano a <strong>costi importanti<\/strong> a diversi livelli. Esiste un interesse pubblico per il miglioramento della situazione svizzera a livello di competenze di base.<\/li>\n\n\n\n<li>Il miglioramento delle condizioni quadro nell\u2019ambito delle competenze di base necessita di una <strong>strategia nazionale chiara, di un migliore coordinamento a tutti i livelli come pure di risorse finanziare maggiori.<\/strong> In particolare un elemento centrale \u00e8 l\u2019abbattimento degli ostacoli per la partecipazione a misure d\u2019incoraggiamento alla formazione.<\/li>\n\n\n\n<li>La promozione delle competenze di base degli adulti \u00e8 un <strong>compito comune dei poteri pubblici, dei prestatari di formazione continua, come pure dell\u2019apprendimento informale.<\/strong> Secondo l\u2019approccio \u201clifelong learning\u201d l\u2019acquisizione delle competenze di base deve essere possibile lungo tutto il corso della vita.<\/li>\n<\/ol>\n\n\n\n<h2 class=\"wp-block-heading\">Membri della Comunit\u00e0 di interessi per le competenze di base<\/h2>\n\n\n\n<p><strong>Le seguenti organizzazioni sono parte della Comunit\u00e0 di interessi per le competenze di base<\/strong><\/p>\n\n\n\n<ul class=\"wp-block-list\">\n<li><a href=\"https:\/\/alice.ch\/it\/\">Federazione svizzera per la formazione continua FSEA<\/a><\/li>\n\n\n\n<li><a href=\"https:\/\/www.leggere-scrivere-svizzera.ch\/index.cfm\" target=\"_blank\" rel=\"noreferrer noopener\">Federazione svizzera Leggere e Scrivere<\/a><\/li>\n\n\n\n<li><a href=\"http:\/\/www.conferenzacfc.ch\/\" target=\"_blank\" rel=\"noreferrer noopener\">Conferenza della Svizzera italiana per la formazione continua degli adulti (CFC)<\/a><\/li>\n\n\n\n<li><a href=\"https:\/\/www.crfba.ch\/\" target=\"_blank\" rel=\"noreferrer noopener\">Coordination Romande pour la formation de base des adultes (CR-FBA)<\/a><\/li>\n\n\n\n<li><a href=\"https:\/\/www.arbeitsintegrationschweiz.ch\/\" target=\"_blank\" rel=\"noreferrer noopener\">Inserimento Svizzera<\/a><\/li>\n\n\n\n<li><a href=\"http:\/\/www.akdaf.ch\/\" target=\"_blank\" rel=\"noreferrer noopener\">Arbeitskreis Deutsch als Fremdsprache AkDaF<\/a><\/li>\n\n\n\n<li><a href=\"https:\/\/www.formazionedeigenitori.ch\/it\/\" target=\"_blank\" rel=\"noreferrer noopener\">Formazione dei genitori CH<\/a><\/li>\n\n\n\n<li><a href=\"https:\/\/www.flyingteachers.ch\/it\/\" target=\"_blank\" rel=\"noreferrer noopener\">Flying Teachers<\/a><\/li>\n\n\n\n<li><a href=\"https:\/\/www.up-vhs.ch\/de\/\" target=\"_blank\" rel=\"noreferrer noopener\">Verband der Schweizerischen Volkshochschulen VSV<\/a><\/li>\n\n\n\n<li><a href=\"https:\/\/www.fhnw.ch\/de\/die-fhnw\/hochschulen\/ph\/institute\/institut-forschung-und-entwicklung\/forschungszentren\/zentrum-lesen-lesen-medien-sprache\" target=\"_blank\" rel=\"noreferrer noopener\">FHNW, P\u00e4dagogische Hochschule, Zentrum Lesen<\/a><\/li>\n\n\n\n<li><a href=\"https:\/\/www.ecap.ch\/it\/\" target=\"_blank\" rel=\"noreferrer noopener\">Fondazione ECAP<\/a><\/li>\n\n\n\n<li><a href=\"https:\/\/www.eb-zuerich.ch\/\" target=\"_blank\" rel=\"noreferrer noopener\">EB Z\u00fcrich<\/a><\/li>\n\n\n\n<li><a href=\"https:\/\/www.travailsuisse.ch\/fr\" target=\"_blank\" rel=\"noreferrer noopener\">Travail.Suisse<\/a><\/li>\n\n\n\n<li><a href=\"https:\/\/www.skjv.ch\/it\/i-nostri-servizi\/formazione-nellesecuzione-delle-pene-fep\" target=\"_blank\" rel=\"noreferrer noopener\">Fachstelle Bildung im Strafvollzug BiSt<\/a><\/li>\n\n\n\n<li><a href=\"https:\/\/skos.ch\/it\/\" target=\"_blank\" rel=\"noreferrer noopener\">Conferenza svizzera delle istituzioni dell\u2019azione sociale (COSAS)<\/a><\/li>\n\n\n\n<li><a href=\"https:\/\/www.kageb.ch\/\" target=\"_blank\" rel=\"noreferrer noopener\">KAGEB Erwachsenenbildung<\/a><\/li>\n\n\n\n<li><a href=\"https:\/\/k5kurszentrum.ch\/home.html\" target=\"_blank\" rel=\"noreferrer noopener\">K5 Basler Kurszentrum f\u00fcr Menschen aus f\u00fcnf Kontinenten (K5)<\/a><\/li>\n\n\n\n<li><a href=\"https:\/\/www.mbb.ch\/\" target=\"_blank\" rel=\"noreferrer noopener\">MachBar Bildungs-GmbH<\/a><\/li>\n\n\n\n<li><a href=\"https:\/\/www.wbk.ch\/\" target=\"_blank\" rel=\"noreferrer noopener\">WBK D\u00fcbendorf<\/a><\/li>\n\n\n\n<li><a href=\"https:\/\/www.sah-zh.ch\/\" target=\"_blank\" rel=\"noreferrer noopener\">Schweizerisches Arbeiterhilfswerk SAH Z\u00fcrich<\/a><\/li>\n\n\n\n<li><a href=\"https:\/\/www.scuola-club.ch\/\" target=\"_blank\" rel=\"noreferrer noopener\">Scuola Club Migros<\/a><\/li>\n\n\n\n<li><a href=\"http:\/\/www.zkw-zh.ch\/\" target=\"_blank\" rel=\"noreferrer noopener\">Z\u00fcrcher Konferenz f\u00fcr Weiterbildung ZKW<\/a><\/li>\n\n\n\n<li><a href=\"https:\/\/www.akrotea.ch\/\" target=\"_blank\" rel=\"noreferrer noopener\">Akrotea.ch<\/a><\/li>\n\n\n\n<li><a href=\"https:\/\/www.unia.ch\/it\" target=\"_blank\" rel=\"noreferrer noopener\">Unia<\/a><\/li>\n\n\n\n<li><a href=\"https:\/\/www.sgb.ch\/\" target=\"_blank\" rel=\"noreferrer noopener\">Schweizerischer Gewerkschaftsbund<\/a><\/li>\n\n\n\n<li><a href=\"https:\/\/www.movendo.ch\/\" target=\"_blank\" rel=\"noreferrer noopener\">Movendo<\/a><\/li>\n\n\n\n<li><a href=\"https:\/\/www.enaip-ib.ch\/\" target=\"_blank\" rel=\"noreferrer noopener\">ENAIP<\/a><\/li>\n\n\n\n<li><a href=\"https:\/\/lke.ch\/\" target=\"_blank\" rel=\"noreferrer noopener\">Luzerner Konferenz f\u00fcr Erwachsenenbildung (LKE)<\/a><\/li>\n\n\n\n<li><a href=\"https:\/\/academia-languages.ch\/it\/\" target=\"_blank\" rel=\"noreferrer noopener\">Academia Language School<\/a><\/li>\n\n\n\n<li><a href=\"https:\/\/www.lch.ch\/\" target=\"_blank\" rel=\"noreferrer noopener\">Dachverband der Schweizer Lehrerinnen und Lehrer LCH<\/a><\/li>\n<\/ul>\n\n\n\n<h2 class=\"wp-block-heading\">Contatto<\/h2>\n\n\n\n<div class=\"wp-block-columns is-layout-flex wp-container-core-columns-is-layout-28f84493 wp-block-columns-is-layout-flex\">\n<div class=\"wp-block-column is-layout-flow wp-block-column-is-layout-flow\" style=\"flex-basis:50%\"><div class=\"contact-persons\">\n\n\t\t\t\t\t<div class=\"contact-person\">\n\t\t\t\t\tSimone Rizzi<br \/>\t\t\t\t\tResponsabile segretariato regionale, Membro della direzione FSEA<br \/>\t\t\t\t\t<br \/>\n\t\t\t\t\t\t\t\t\t\t<a href=\"tel:+41 (0)91 950 84 16\">+41 (0)91 950 84 16<\/a><br \/>\t\t\t\t\t<a href=\"mailto:simone.rizzi@alice.ch\">simone.rizzi@alice.ch<\/a><br \/>\t\t\t\t\t<\/div>\n\t\t\t\t\t<\/div>\n<\/div>\n\n\n\n<div class=\"wp-block-column is-layout-flow wp-block-column-is-layout-flow\" style=\"flex-basis:50%\"><\/div>\n<\/div>\n<\/div>\n","protected":false},"excerpt":{"rendered":"<p>CI competenze di base La Comunit\u00e0 di interessi per le competenze di base rappresenta 21 associazioni e organizzazioni che si [&hellip;]<\/p>\n","protected":false},"author":4,"featured_media":20799,"parent":11021,"menu_order":85,"comment_status":"closed","ping_status":"closed","template":"","meta":{"_acf_changed":false,"inline_featured_image":false,"footnotes":""},"class_list":["post-11050","page","type-page","status-publish","has-post-thumbnail","hentry"],"acf":[],"yoast_head":"<!-- This site is optimized with the Yoast SEO plugin v27.3 - https:\/\/yoast.com\/product\/yoast-seo-wordpress\/ -->\n<title>CI competenze di base - FSEA<\/title>\n<meta name=\"robots\" content=\"index, follow, max-snippet:-1, max-image-preview:large, max-video-preview:-1\" \/>\n<link rel=\"canonical\" href=\"https:\/\/alice.ch\/it\/temi\/competenze-di-base\/promuovere-in-modo-innovativo\/ci-competenze-di-base\/\" \/>\n<meta property=\"og:locale\" content=\"it_IT\" \/>\n<meta property=\"og:type\" content=\"article\" \/>\n<meta property=\"og:title\" content=\"CI competenze di base - FSEA\" \/>\n<meta property=\"og:description\" content=\"CI competenze di base La Comunit\u00e0 di interessi per le competenze di base rappresenta 21 associazioni e organizzazioni che si [&hellip;]\" \/>\n<meta property=\"og:url\" content=\"https:\/\/alice.ch\/it\/temi\/competenze-di-base\/promuovere-in-modo-innovativo\/ci-competenze-di-base\/\" \/>\n<meta property=\"og:site_name\" content=\"SVEB\" \/>\n<meta property=\"article:modified_time\" content=\"2023-05-07T16:42:29+00:00\" \/>\n<meta name=\"twitter:card\" content=\"summary_large_image\" \/>\n<meta name=\"twitter:label1\" content=\"Tempo di lettura stimato\" \/>\n\t<meta name=\"twitter:data1\" content=\"3 minuti\" \/>\n<script type=\"application\/ld+json\" class=\"yoast-schema-graph\">{\"@context\":\"https:\\\/\\\/schema.org\",\"@graph\":[{\"@type\":\"WebPage\",\"@id\":\"https:\\\/\\\/alice.ch\\\/it\\\/temi\\\/competenze-di-base\\\/promuovere-in-modo-innovativo\\\/ci-competenze-di-base\\\/\",\"url\":\"https:\\\/\\\/alice.ch\\\/it\\\/temi\\\/competenze-di-base\\\/promuovere-in-modo-innovativo\\\/ci-competenze-di-base\\\/\",\"name\":\"CI competenze di base - FSEA\",\"isPartOf\":{\"@id\":\"https:\\\/\\\/alice.ch\\\/it\\\/#website\"},\"primaryImageOfPage\":{\"@id\":\"https:\\\/\\\/alice.ch\\\/it\\\/temi\\\/competenze-di-base\\\/promuovere-in-modo-innovativo\\\/ci-competenze-di-base\\\/#primaryimage\"},\"image\":{\"@id\":\"https:\\\/\\\/alice.ch\\\/it\\\/temi\\\/competenze-di-base\\\/promuovere-in-modo-innovativo\\\/ci-competenze-di-base\\\/#primaryimage\"},\"thumbnailUrl\":\"https:\\\/\\\/alice.ch\\\/app\\\/uploads\\\/2022\\\/11\\\/default.jpg\",\"datePublished\":\"2022-10-26T14:55:03+00:00\",\"dateModified\":\"2023-05-07T16:42:29+00:00\",\"breadcrumb\":{\"@id\":\"https:\\\/\\\/alice.ch\\\/it\\\/temi\\\/competenze-di-base\\\/promuovere-in-modo-innovativo\\\/ci-competenze-di-base\\\/#breadcrumb\"},\"inLanguage\":\"it-IT\",\"potentialAction\":[{\"@type\":\"ReadAction\",\"target\":[\"https:\\\/\\\/alice.ch\\\/it\\\/temi\\\/competenze-di-base\\\/promuovere-in-modo-innovativo\\\/ci-competenze-di-base\\\/\"]}]},{\"@type\":\"ImageObject\",\"inLanguage\":\"it-IT\",\"@id\":\"https:\\\/\\\/alice.ch\\\/it\\\/temi\\\/competenze-di-base\\\/promuovere-in-modo-innovativo\\\/ci-competenze-di-base\\\/#primaryimage\",\"url\":\"https:\\\/\\\/alice.ch\\\/app\\\/uploads\\\/2022\\\/11\\\/default.jpg\",\"contentUrl\":\"https:\\\/\\\/alice.ch\\\/app\\\/uploads\\\/2022\\\/11\\\/default.jpg\",\"width\":1600,\"height\":900},{\"@type\":\"BreadcrumbList\",\"@id\":\"https:\\\/\\\/alice.ch\\\/it\\\/temi\\\/competenze-di-base\\\/promuovere-in-modo-innovativo\\\/ci-competenze-di-base\\\/#breadcrumb\",\"itemListElement\":[{\"@type\":\"ListItem\",\"position\":1,\"name\":\"Pagina iniziale\",\"item\":\"https:\\\/\\\/alice.ch\\\/it\\\/\"},{\"@type\":\"ListItem\",\"position\":2,\"name\":\"Temi\",\"item\":\"https:\\\/\\\/alice.ch\\\/it\\\/temi\\\/\"},{\"@type\":\"ListItem\",\"position\":3,\"name\":\"Competenze di base\",\"item\":\"https:\\\/\\\/alice.ch\\\/it\\\/temi\\\/competenze-di-base\\\/\"},{\"@type\":\"ListItem\",\"position\":4,\"name\":\"Promuovere in modo innovativo\",\"item\":\"https:\\\/\\\/alice.ch\\\/it\\\/temi\\\/competenze-di-base\\\/promuovere-in-modo-innovativo\\\/\"},{\"@type\":\"ListItem\",\"position\":5,\"name\":\"CI competenze di base\"}]},{\"@type\":\"WebSite\",\"@id\":\"https:\\\/\\\/alice.ch\\\/it\\\/#website\",\"url\":\"https:\\\/\\\/alice.ch\\\/it\\\/\",\"name\":\"alice.ch (Adult Learning Information Center) ist das Portal der Weiterbildung in der Schweiz.\",\"description\":\"Schweizerischer Verband f\u00fcr Weiterbildung\",\"publisher\":{\"@id\":\"https:\\\/\\\/alice.ch\\\/it\\\/#organization\"},\"potentialAction\":[{\"@type\":\"SearchAction\",\"target\":{\"@type\":\"EntryPoint\",\"urlTemplate\":\"https:\\\/\\\/alice.ch\\\/it\\\/?s={search_term_string}\"},\"query-input\":{\"@type\":\"PropertyValueSpecification\",\"valueRequired\":true,\"valueName\":\"search_term_string\"}}],\"inLanguage\":\"it-IT\"},{\"@type\":\"Organization\",\"@id\":\"https:\\\/\\\/alice.ch\\\/it\\\/#organization\",\"name\":\"FSEA Federazione svizzera per la formazione continua\",\"url\":\"https:\\\/\\\/alice.ch\\\/it\\\/\",\"logo\":{\"@type\":\"ImageObject\",\"inLanguage\":\"it-IT\",\"@id\":\"https:\\\/\\\/alice.ch\\\/it\\\/#\\\/schema\\\/logo\\\/image\\\/\",\"url\":\"https:\\\/\\\/alice.ch\\\/app\\\/uploads\\\/2022\\\/07\\\/logo-sveb.png\",\"contentUrl\":\"https:\\\/\\\/alice.ch\\\/app\\\/uploads\\\/2022\\\/07\\\/logo-sveb.png\",\"width\":145,\"height\":64,\"caption\":\"FSEA Federazione svizzera per la formazione continua\"},\"image\":{\"@id\":\"https:\\\/\\\/alice.ch\\\/it\\\/#\\\/schema\\\/logo\\\/image\\\/\"},\"sameAs\":[\"https:\\\/\\\/www.linkedin.com\\\/company\\\/schweizerischer-verband-fr-weiterbildung-sveb\\\/\"]}]}<\/script>\n<!-- \/ Yoast SEO plugin. -->","yoast_head_json":{"title":"CI competenze di base - FSEA","robots":{"index":"index","follow":"follow","max-snippet":"max-snippet:-1","max-image-preview":"max-image-preview:large","max-video-preview":"max-video-preview:-1"},"canonical":"https:\/\/alice.ch\/it\/temi\/competenze-di-base\/promuovere-in-modo-innovativo\/ci-competenze-di-base\/","og_locale":"it_IT","og_type":"article","og_title":"CI competenze di base - FSEA","og_description":"CI competenze di base La Comunit\u00e0 di interessi per le competenze di base rappresenta 21 associazioni e organizzazioni che si [&hellip;]","og_url":"https:\/\/alice.ch\/it\/temi\/competenze-di-base\/promuovere-in-modo-innovativo\/ci-competenze-di-base\/","og_site_name":"SVEB","article_modified_time":"2023-05-07T16:42:29+00:00","twitter_card":"summary_large_image","twitter_misc":{"Tempo di lettura stimato":"3 minuti"},"schema":{"@context":"https:\/\/schema.org","@graph":[{"@type":"WebPage","@id":"https:\/\/alice.ch\/it\/temi\/competenze-di-base\/promuovere-in-modo-innovativo\/ci-competenze-di-base\/","url":"https:\/\/alice.ch\/it\/temi\/competenze-di-base\/promuovere-in-modo-innovativo\/ci-competenze-di-base\/","name":"CI competenze di base - FSEA","isPartOf":{"@id":"https:\/\/alice.ch\/it\/#website"},"primaryImageOfPage":{"@id":"https:\/\/alice.ch\/it\/temi\/competenze-di-base\/promuovere-in-modo-innovativo\/ci-competenze-di-base\/#primaryimage"},"image":{"@id":"https:\/\/alice.ch\/it\/temi\/competenze-di-base\/promuovere-in-modo-innovativo\/ci-competenze-di-base\/#primaryimage"},"thumbnailUrl":"https:\/\/alice.ch\/app\/uploads\/2022\/11\/default.jpg","datePublished":"2022-10-26T14:55:03+00:00","dateModified":"2023-05-07T16:42:29+00:00","breadcrumb":{"@id":"https:\/\/alice.ch\/it\/temi\/competenze-di-base\/promuovere-in-modo-innovativo\/ci-competenze-di-base\/#breadcrumb"},"inLanguage":"it-IT","potentialAction":[{"@type":"ReadAction","target":["https:\/\/alice.ch\/it\/temi\/competenze-di-base\/promuovere-in-modo-innovativo\/ci-competenze-di-base\/"]}]},{"@type":"ImageObject","inLanguage":"it-IT","@id":"https:\/\/alice.ch\/it\/temi\/competenze-di-base\/promuovere-in-modo-innovativo\/ci-competenze-di-base\/#primaryimage","url":"https:\/\/alice.ch\/app\/uploads\/2022\/11\/default.jpg","contentUrl":"https:\/\/alice.ch\/app\/uploads\/2022\/11\/default.jpg","width":1600,"height":900},{"@type":"BreadcrumbList","@id":"https:\/\/alice.ch\/it\/temi\/competenze-di-base\/promuovere-in-modo-innovativo\/ci-competenze-di-base\/#breadcrumb","itemListElement":[{"@type":"ListItem","position":1,"name":"Pagina iniziale","item":"https:\/\/alice.ch\/it\/"},{"@type":"ListItem","position":2,"name":"Temi","item":"https:\/\/alice.ch\/it\/temi\/"},{"@type":"ListItem","position":3,"name":"Competenze di base","item":"https:\/\/alice.ch\/it\/temi\/competenze-di-base\/"},{"@type":"ListItem","position":4,"name":"Promuovere in modo innovativo","item":"https:\/\/alice.ch\/it\/temi\/competenze-di-base\/promuovere-in-modo-innovativo\/"},{"@type":"ListItem","position":5,"name":"CI competenze di base"}]},{"@type":"WebSite","@id":"https:\/\/alice.ch\/it\/#website","url":"https:\/\/alice.ch\/it\/","name":"alice.ch (Adult Learning Information Center) ist das Portal der Weiterbildung in der Schweiz.","description":"Schweizerischer Verband f\u00fcr Weiterbildung","publisher":{"@id":"https:\/\/alice.ch\/it\/#organization"},"potentialAction":[{"@type":"SearchAction","target":{"@type":"EntryPoint","urlTemplate":"https:\/\/alice.ch\/it\/?s={search_term_string}"},"query-input":{"@type":"PropertyValueSpecification","valueRequired":true,"valueName":"search_term_string"}}],"inLanguage":"it-IT"},{"@type":"Organization","@id":"https:\/\/alice.ch\/it\/#organization","name":"FSEA Federazione svizzera per la formazione continua","url":"https:\/\/alice.ch\/it\/","logo":{"@type":"ImageObject","inLanguage":"it-IT","@id":"https:\/\/alice.ch\/it\/#\/schema\/logo\/image\/","url":"https:\/\/alice.ch\/app\/uploads\/2022\/07\/logo-sveb.png","contentUrl":"https:\/\/alice.ch\/app\/uploads\/2022\/07\/logo-sveb.png","width":145,"height":64,"caption":"FSEA Federazione svizzera per la formazione continua"},"image":{"@id":"https:\/\/alice.ch\/it\/#\/schema\/logo\/image\/"},"sameAs":["https:\/\/www.linkedin.com\/company\/schweizerischer-verband-fr-weiterbildung-sveb\/"]}]}},"_links":{"self":[{"href":"https:\/\/alice.ch\/it\/wp-json\/wp\/v2\/pages\/11050","targetHints":{"allow":["GET"]}}],"collection":[{"href":"https:\/\/alice.ch\/it\/wp-json\/wp\/v2\/pages"}],"about":[{"href":"https:\/\/alice.ch\/it\/wp-json\/wp\/v2\/types\/page"}],"author":[{"embeddable":true,"href":"https:\/\/alice.ch\/it\/wp-json\/wp\/v2\/users\/4"}],"replies":[{"embeddable":true,"href":"https:\/\/alice.ch\/it\/wp-json\/wp\/v2\/comments?post=11050"}],"version-history":[{"count":9,"href":"https:\/\/alice.ch\/it\/wp-json\/wp\/v2\/pages\/11050\/revisions"}],"predecessor-version":[{"id":50050,"href":"https:\/\/alice.ch\/it\/wp-json\/wp\/v2\/pages\/11050\/revisions\/50050"}],"up":[{"embeddable":true,"href":"https:\/\/alice.ch\/it\/wp-json\/wp\/v2\/pages\/11021"}],"wp:featuredmedia":[{"embeddable":true,"href":"https:\/\/alice.ch\/it\/wp-json\/wp\/v2\/media\/20799"}],"wp:attachment":[{"href":"https:\/\/alice.ch\/it\/wp-json\/wp\/v2\/media?parent=11050"}],"curies":[{"name":"wp","href":"https:\/\/api.w.org\/{rel}","templated":true}]}}