{"id":11122,"date":"2022-08-16T16:40:45","date_gmt":"2022-08-16T14:40:45","guid":{"rendered":"https:\/\/projects.atxeit.ch\/sveb\/grundkompetenzen\/einfach-besser-am-arbeitsplatz\/"},"modified":"2024-07-29T15:38:48","modified_gmt":"2024-07-29T13:38:48","slug":"programma-promozione-cb","status":"publish","type":"page","link":"https:\/\/alice.ch\/it\/temi\/competenze-di-base\/programma-promozione-cb\/","title":{"rendered":"Programma promozione CB"},"content":{"rendered":"\n<div class=\"wp-block-group is-style-reduced-width is-layout-flow wp-block-group-is-layout-flow\">\n<h1 class=\"wp-block-heading\">Programma di promozione \u00abSemplicemente meglio! \u2026 al lavoro\u00bb<\/h1>\n\n\n\n<p class=\"is-style-lead\">Dal 2018, la Confederazione e i Cantoni sostengono le aziende che organizzano corsi, orientati alla pratica sul posto di lavoro, per migliorare le competenze di base dei propri collaboratori e delle proprie collaboratrici. Il messaggio del Consiglio federale nell\u2019ambito della promozione della formazione, della ricerca e dell\u2019innovazione (ERI) prevede anche per il quadriennio 2025-2028 la continuazione del programma \u00abSemplicemente meglio! \u2026 al lavoro\u00bb.<\/p>\n\n\n\n<p>Le competenze di base come leggere, scrivere, espressione orale, calcolare e informatica sono prerogative fondamentali per garantire e migliorare i processi lavorativi delle aziende.<\/p>\n\n\n\n<p>Con il programma di promozione delle competenze di base, la Segreteria di stato per la formazione, la ricerca e l\u2019innovazione (SEFRI) mira a contrastare la carenza di lavoratori qualificati aiutando i dipendenti delle aziende a tenere il passo con le sfide, in costante crescita, poste dal mondo del lavoro, come ad esempio la digitalizzazione.<\/p>\n\n\n\n<h2 class=\"wp-block-heading\">Corsi su misura con il modello GO<\/h2>\n\n\n\n<p>Le aziende possono scegliere liberamente il contenuto e gli enti di formazione ai quali rivolgersi. Per garantire che l\u2019apprendimento sul posto di lavoro sia un successo, il programma di promozione mette a disposizione il <a href=\"https:\/\/alice.ch\/it\/servizi\/go-upskilling-sul-posto-di-lavoro\/il-modello-go\/\" target=\"_blank\" rel=\"noreferrer noopener\">modello GO<\/a>. Seguendo sistematicamente le cinque fasi proposte dal modello, i corsi vengono adattati alle esigenze delle aziende e del posto di lavoro, in modo che i\/le partecipanti e i datori di lavoro ne traggano il massimo beneficio.<\/p>\n\n\n\n<p>I contenuti dei corsi si basano su situazioni concrete di lavoro e si adattano individualmente alle esigenze dei partecipanti. In questo modo, le attivit\u00e0 formative proposte hanno un riscontro immediato e concreto nella situazione lavorativa, facilitando l\u2019apprendimento anche alle persone che non sono abituate alla formazione. In breve tempo i collaboratori e le collaboratrici diventano pi\u00f9 motivati e indipendenti.<\/p>\n\n\n\n<p>Dipendenti pi\u00f9 sicuri e competenti portano a loro volta a un aumento della qualit\u00e0 e della produttivit\u00e0.<\/p>\n\n\n\n<h2 class=\"wp-block-heading\">L\u2019importante ruolo degli enti che offrono i corsi<\/h2>\n\n\n\n<p>Il programma di promozione delle competenze di base si rivolge ad aziende, organizzazioni del mondo del lavoro e fondi settoriali. Gli enti di formazione, con la loro esperienza, svolgono un ruolo importante nel far conoscere alle aziende i benefici e i principi del programma, e le accompagnano nello sviluppo dei corsi e nell\u2019inoltro delle richieste di sostegno.<\/p>\n\n\n\n<p>Per consentire agli enti di formazione di sfruttare questa opportunit\u00e0 al meglio, la FSEA li sostiene mettendo loro a disposizione metodi e strumenti adeguati, consulenze specialistiche e offrendo supporto nella messa in rete e nella comunicazione ai fini dell\u2019acquisizione dei clienti.<\/p>\n\n\n\n<p>Il programma di formazione continua GO della FSEA, grazie a brevi moduli, permette agli enti di formazione di acquisire le basi per l\u2019implementazione del metodo GO nelle aziende, cos\u00ec come strategie e consigli per l\u2019acquisizione della clientela e la gestione del processo di richiesta di finanziamento.<br>Il kit degli strumenti-GO contiene materiali di facile comprensione che guidano nello sviluppo dei corsi sul posto di lavoro. Gli strumenti sono a disposizione di tutti gli interessati e sono gi\u00e0 stati sperimentati con successo in vari settori.<\/p>\n\n\n\n<h2 class=\"wp-block-heading\">Inoltro delle richieste possibile in qualsiasi momento<\/h2>\n\n\n\n<p>Il sito web trilingue del programma di promozione delle competenze di base (<a href=\"https:\/\/www.meglio-adesso.ch\/aziende\">www.meglio-adesso.ch\/aziende<\/a>) contiene tutte le informazioni necessarie per l\u2019inoltro delle richieste di sostegno che possono essere inviate in qualsiasi momento.<\/p>\n\n\n\n<p>Nel sito si trovano informazioni dettagliate sulle possibilit\u00e0 di finanziamento, sui requisiti e sulla procedura per ottenere i contributi.<\/p>\n\n\n\n<p>Punto centrale del portale sono le \u201c<a href=\"https:\/\/www.stories-lavoro.meglio-adesso.ch\/\" target=\"_blank\" rel=\"noreferrer noopener\">Stories<\/a>\u201d, una selezione di racconti delle aziende che hanno fino ad ora approfittato del programma, che la FSEA ha raccolto su incarico della SEFRI. I racconti aiutano a comprendere il funzionamento del programma e vogliono essere fonte d\u2019ispirazione per le aziende interessate a implementare progetti formativi finanziati dal programma. I brevi filmati mostrano le testimonianze di dirigenti aziendali e partecipanti ai corsi di diversi settori e raccontano le esperienze e i benefici portati dal programma.<\/p>\n\n\n\n<p>Queste testimonianze tratte da esempi reali hanno lo scopo di ispirare le aziende ad approfittare del programma sviluppando dei corsi su misura che rispondano alle proprie esigenze specifiche.<\/p>\n\n\n\n<h2 class=\"wp-block-heading\">Far conoscere e promuovere il programma di promozione<\/h2>\n\n\n\n<p>Numerosi esempi di corsi tenuti in diversi settori, rivelano il potenziale di miglioramento che un corso per migliorare le competenze di base pu\u00f2 portare all\u2019azienda e ai suoi dipendenti.<\/p>\n\n\n\n<p>Per coinvolgere e convincere pi\u00f9 aziende possibili a promuovere le competenze di base, il programma di promozione deve per\u00f2 essere maggiormente pubblicizzato e conosciuto nel modo del lavoro.<\/p>\n\n\n\n<div class=\"wp-block-buttons is-layout-flex wp-block-buttons-is-layout-flex\">\n<div class=\"wp-block-button has-custom-width wp-block-button__width-75 is-style-outline is-style-outline--1\"><a class=\"wp-block-button__link wp-element-button\" href=\"https:\/\/www.meglio-adesso.ch\/betriebe.cfm\" target=\"_blank\" rel=\"noreferrer noopener\">\u00abSemplicemente meglio! \u2026 al lavoro\u00bb<\/a><\/div>\n<\/div>\n\n\n\n<h2 class=\"wp-block-heading\">Contatto<\/h2>\n\n\n\n<div class=\"wp-block-columns is-layout-flex wp-container-core-columns-is-layout-28f84493 wp-block-columns-is-layout-flex\">\n<div class=\"wp-block-column is-layout-flow wp-block-column-is-layout-flow\" style=\"flex-basis:50%\"><div class=\"contact-persons\">\n\n\t\t\t\t\t<div class=\"contact-person\">\n\t\t\t\t\tSimone Rizzi<br \/>\t\t\t\t\tResponsabile segretariato regionale, Membro della direzione FSEA<br \/>\t\t\t\t\t<br \/>\n\t\t\t\t\t\t\t\t\t\t<a href=\"tel:+41 (0)91 950 84 16\">+41 (0)91 950 84 16<\/a><br \/>\t\t\t\t\t<a href=\"mailto:simone.rizzi@alice.ch\">simone.rizzi@alice.ch<\/a><br \/>\t\t\t\t\t<\/div>\n\t\t\t\t\t<\/div>\n<\/div>\n\n\n\n<div class=\"wp-block-column is-layout-flow wp-block-column-is-layout-flow\" style=\"flex-basis:50%\"><\/div>\n<\/div>\n<\/div>\n","protected":false},"excerpt":{"rendered":"<p>Programma di promozione \u00abSemplicemente meglio! \u2026 al lavoro\u00bb Dal 2018, la Confederazione e i Cantoni sostengono le aziende che organizzano [&hellip;]<\/p>\n","protected":false},"author":2,"featured_media":20799,"parent":11010,"menu_order":82,"comment_status":"closed","ping_status":"closed","template":"","meta":{"_acf_changed":false,"inline_featured_image":false,"footnotes":""},"class_list":["post-11122","page","type-page","status-publish","has-post-thumbnail","hentry"],"acf":[],"yoast_head":"<!-- This site is optimized with the Yoast SEO plugin v27.3 - https:\/\/yoast.com\/product\/yoast-seo-wordpress\/ -->\n<title>Programma promozione CB - FSEA<\/title>\n<meta name=\"description\" content=\"L&#039;enfasi sull&#039;incoraggiamento aiuta le aziende a mantenere il personale pronto ad affrontare le sfide del mondo del lavoro.\" \/>\n<meta name=\"robots\" content=\"index, follow, max-snippet:-1, max-image-preview:large, max-video-preview:-1\" \/>\n<link rel=\"canonical\" href=\"https:\/\/alice.ch\/it\/temi\/competenze-di-base\/programma-promozione-cb\/\" \/>\n<meta property=\"og:locale\" content=\"it_IT\" \/>\n<meta property=\"og:type\" content=\"article\" \/>\n<meta property=\"og:title\" content=\"Programma promozione CB - FSEA\" \/>\n<meta property=\"og:description\" content=\"L&#039;enfasi sull&#039;incoraggiamento aiuta le aziende a mantenere il personale pronto ad affrontare le sfide del mondo del lavoro.\" \/>\n<meta property=\"og:url\" content=\"https:\/\/alice.ch\/it\/temi\/competenze-di-base\/programma-promozione-cb\/\" \/>\n<meta property=\"og:site_name\" content=\"SVEB\" \/>\n<meta property=\"article:modified_time\" content=\"2024-07-29T13:38:48+00:00\" \/>\n<meta name=\"twitter:card\" content=\"summary_large_image\" \/>\n<meta name=\"twitter:label1\" content=\"Tempo di lettura stimato\" \/>\n\t<meta name=\"twitter:data1\" content=\"2 minuti\" \/>\n<script type=\"application\/ld+json\" class=\"yoast-schema-graph\">{\"@context\":\"https:\\\/\\\/schema.org\",\"@graph\":[{\"@type\":\"WebPage\",\"@id\":\"https:\\\/\\\/alice.ch\\\/it\\\/temi\\\/competenze-di-base\\\/programma-promozione-cb\\\/\",\"url\":\"https:\\\/\\\/alice.ch\\\/it\\\/temi\\\/competenze-di-base\\\/programma-promozione-cb\\\/\",\"name\":\"Programma promozione CB - FSEA\",\"isPartOf\":{\"@id\":\"https:\\\/\\\/alice.ch\\\/it\\\/#website\"},\"primaryImageOfPage\":{\"@id\":\"https:\\\/\\\/alice.ch\\\/it\\\/temi\\\/competenze-di-base\\\/programma-promozione-cb\\\/#primaryimage\"},\"image\":{\"@id\":\"https:\\\/\\\/alice.ch\\\/it\\\/temi\\\/competenze-di-base\\\/programma-promozione-cb\\\/#primaryimage\"},\"thumbnailUrl\":\"https:\\\/\\\/alice.ch\\\/app\\\/uploads\\\/2022\\\/11\\\/default.jpg\",\"datePublished\":\"2022-08-16T14:40:45+00:00\",\"dateModified\":\"2024-07-29T13:38:48+00:00\",\"description\":\"L'enfasi sull'incoraggiamento aiuta le aziende a mantenere il personale pronto ad affrontare le sfide del mondo del lavoro.\",\"breadcrumb\":{\"@id\":\"https:\\\/\\\/alice.ch\\\/it\\\/temi\\\/competenze-di-base\\\/programma-promozione-cb\\\/#breadcrumb\"},\"inLanguage\":\"it-IT\",\"potentialAction\":[{\"@type\":\"ReadAction\",\"target\":[\"https:\\\/\\\/alice.ch\\\/it\\\/temi\\\/competenze-di-base\\\/programma-promozione-cb\\\/\"]}]},{\"@type\":\"ImageObject\",\"inLanguage\":\"it-IT\",\"@id\":\"https:\\\/\\\/alice.ch\\\/it\\\/temi\\\/competenze-di-base\\\/programma-promozione-cb\\\/#primaryimage\",\"url\":\"https:\\\/\\\/alice.ch\\\/app\\\/uploads\\\/2022\\\/11\\\/default.jpg\",\"contentUrl\":\"https:\\\/\\\/alice.ch\\\/app\\\/uploads\\\/2022\\\/11\\\/default.jpg\",\"width\":1600,\"height\":900},{\"@type\":\"BreadcrumbList\",\"@id\":\"https:\\\/\\\/alice.ch\\\/it\\\/temi\\\/competenze-di-base\\\/programma-promozione-cb\\\/#breadcrumb\",\"itemListElement\":[{\"@type\":\"ListItem\",\"position\":1,\"name\":\"Pagina iniziale\",\"item\":\"https:\\\/\\\/alice.ch\\\/it\\\/\"},{\"@type\":\"ListItem\",\"position\":2,\"name\":\"Temi\",\"item\":\"https:\\\/\\\/alice.ch\\\/it\\\/temi\\\/\"},{\"@type\":\"ListItem\",\"position\":3,\"name\":\"Competenze di base\",\"item\":\"https:\\\/\\\/alice.ch\\\/it\\\/temi\\\/competenze-di-base\\\/\"},{\"@type\":\"ListItem\",\"position\":4,\"name\":\"Programma promozione CB\"}]},{\"@type\":\"WebSite\",\"@id\":\"https:\\\/\\\/alice.ch\\\/it\\\/#website\",\"url\":\"https:\\\/\\\/alice.ch\\\/it\\\/\",\"name\":\"alice.ch (Adult Learning Information Center) ist das Portal der Weiterbildung in der Schweiz.\",\"description\":\"Schweizerischer Verband f\u00fcr Weiterbildung\",\"publisher\":{\"@id\":\"https:\\\/\\\/alice.ch\\\/it\\\/#organization\"},\"potentialAction\":[{\"@type\":\"SearchAction\",\"target\":{\"@type\":\"EntryPoint\",\"urlTemplate\":\"https:\\\/\\\/alice.ch\\\/it\\\/?s={search_term_string}\"},\"query-input\":{\"@type\":\"PropertyValueSpecification\",\"valueRequired\":true,\"valueName\":\"search_term_string\"}}],\"inLanguage\":\"it-IT\"},{\"@type\":\"Organization\",\"@id\":\"https:\\\/\\\/alice.ch\\\/it\\\/#organization\",\"name\":\"FSEA Federazione svizzera per la formazione continua\",\"url\":\"https:\\\/\\\/alice.ch\\\/it\\\/\",\"logo\":{\"@type\":\"ImageObject\",\"inLanguage\":\"it-IT\",\"@id\":\"https:\\\/\\\/alice.ch\\\/it\\\/#\\\/schema\\\/logo\\\/image\\\/\",\"url\":\"https:\\\/\\\/alice.ch\\\/app\\\/uploads\\\/2022\\\/07\\\/logo-sveb.png\",\"contentUrl\":\"https:\\\/\\\/alice.ch\\\/app\\\/uploads\\\/2022\\\/07\\\/logo-sveb.png\",\"width\":145,\"height\":64,\"caption\":\"FSEA Federazione svizzera per la formazione continua\"},\"image\":{\"@id\":\"https:\\\/\\\/alice.ch\\\/it\\\/#\\\/schema\\\/logo\\\/image\\\/\"},\"sameAs\":[\"https:\\\/\\\/www.linkedin.com\\\/company\\\/schweizerischer-verband-fr-weiterbildung-sveb\\\/\"]}]}<\/script>\n<!-- \/ Yoast SEO plugin. -->","yoast_head_json":{"title":"Programma promozione CB - FSEA","description":"L'enfasi sull'incoraggiamento aiuta le aziende a mantenere il personale pronto ad affrontare le sfide del mondo del lavoro.","robots":{"index":"index","follow":"follow","max-snippet":"max-snippet:-1","max-image-preview":"max-image-preview:large","max-video-preview":"max-video-preview:-1"},"canonical":"https:\/\/alice.ch\/it\/temi\/competenze-di-base\/programma-promozione-cb\/","og_locale":"it_IT","og_type":"article","og_title":"Programma promozione CB - FSEA","og_description":"L'enfasi sull'incoraggiamento aiuta le aziende a mantenere il personale pronto ad affrontare le sfide del mondo del lavoro.","og_url":"https:\/\/alice.ch\/it\/temi\/competenze-di-base\/programma-promozione-cb\/","og_site_name":"SVEB","article_modified_time":"2024-07-29T13:38:48+00:00","twitter_card":"summary_large_image","twitter_misc":{"Tempo di lettura stimato":"2 minuti"},"schema":{"@context":"https:\/\/schema.org","@graph":[{"@type":"WebPage","@id":"https:\/\/alice.ch\/it\/temi\/competenze-di-base\/programma-promozione-cb\/","url":"https:\/\/alice.ch\/it\/temi\/competenze-di-base\/programma-promozione-cb\/","name":"Programma promozione CB - FSEA","isPartOf":{"@id":"https:\/\/alice.ch\/it\/#website"},"primaryImageOfPage":{"@id":"https:\/\/alice.ch\/it\/temi\/competenze-di-base\/programma-promozione-cb\/#primaryimage"},"image":{"@id":"https:\/\/alice.ch\/it\/temi\/competenze-di-base\/programma-promozione-cb\/#primaryimage"},"thumbnailUrl":"https:\/\/alice.ch\/app\/uploads\/2022\/11\/default.jpg","datePublished":"2022-08-16T14:40:45+00:00","dateModified":"2024-07-29T13:38:48+00:00","description":"L'enfasi sull'incoraggiamento aiuta le aziende a mantenere il personale pronto ad affrontare le sfide del mondo del lavoro.","breadcrumb":{"@id":"https:\/\/alice.ch\/it\/temi\/competenze-di-base\/programma-promozione-cb\/#breadcrumb"},"inLanguage":"it-IT","potentialAction":[{"@type":"ReadAction","target":["https:\/\/alice.ch\/it\/temi\/competenze-di-base\/programma-promozione-cb\/"]}]},{"@type":"ImageObject","inLanguage":"it-IT","@id":"https:\/\/alice.ch\/it\/temi\/competenze-di-base\/programma-promozione-cb\/#primaryimage","url":"https:\/\/alice.ch\/app\/uploads\/2022\/11\/default.jpg","contentUrl":"https:\/\/alice.ch\/app\/uploads\/2022\/11\/default.jpg","width":1600,"height":900},{"@type":"BreadcrumbList","@id":"https:\/\/alice.ch\/it\/temi\/competenze-di-base\/programma-promozione-cb\/#breadcrumb","itemListElement":[{"@type":"ListItem","position":1,"name":"Pagina iniziale","item":"https:\/\/alice.ch\/it\/"},{"@type":"ListItem","position":2,"name":"Temi","item":"https:\/\/alice.ch\/it\/temi\/"},{"@type":"ListItem","position":3,"name":"Competenze di base","item":"https:\/\/alice.ch\/it\/temi\/competenze-di-base\/"},{"@type":"ListItem","position":4,"name":"Programma promozione CB"}]},{"@type":"WebSite","@id":"https:\/\/alice.ch\/it\/#website","url":"https:\/\/alice.ch\/it\/","name":"alice.ch (Adult Learning Information Center) ist das Portal der Weiterbildung in der Schweiz.","description":"Schweizerischer Verband f\u00fcr Weiterbildung","publisher":{"@id":"https:\/\/alice.ch\/it\/#organization"},"potentialAction":[{"@type":"SearchAction","target":{"@type":"EntryPoint","urlTemplate":"https:\/\/alice.ch\/it\/?s={search_term_string}"},"query-input":{"@type":"PropertyValueSpecification","valueRequired":true,"valueName":"search_term_string"}}],"inLanguage":"it-IT"},{"@type":"Organization","@id":"https:\/\/alice.ch\/it\/#organization","name":"FSEA Federazione svizzera per la formazione continua","url":"https:\/\/alice.ch\/it\/","logo":{"@type":"ImageObject","inLanguage":"it-IT","@id":"https:\/\/alice.ch\/it\/#\/schema\/logo\/image\/","url":"https:\/\/alice.ch\/app\/uploads\/2022\/07\/logo-sveb.png","contentUrl":"https:\/\/alice.ch\/app\/uploads\/2022\/07\/logo-sveb.png","width":145,"height":64,"caption":"FSEA Federazione svizzera per la formazione continua"},"image":{"@id":"https:\/\/alice.ch\/it\/#\/schema\/logo\/image\/"},"sameAs":["https:\/\/www.linkedin.com\/company\/schweizerischer-verband-fr-weiterbildung-sveb\/"]}]}},"_links":{"self":[{"href":"https:\/\/alice.ch\/it\/wp-json\/wp\/v2\/pages\/11122","targetHints":{"allow":["GET"]}}],"collection":[{"href":"https:\/\/alice.ch\/it\/wp-json\/wp\/v2\/pages"}],"about":[{"href":"https:\/\/alice.ch\/it\/wp-json\/wp\/v2\/types\/page"}],"author":[{"embeddable":true,"href":"https:\/\/alice.ch\/it\/wp-json\/wp\/v2\/users\/2"}],"replies":[{"embeddable":true,"href":"https:\/\/alice.ch\/it\/wp-json\/wp\/v2\/comments?post=11122"}],"version-history":[{"count":9,"href":"https:\/\/alice.ch\/it\/wp-json\/wp\/v2\/pages\/11122\/revisions"}],"predecessor-version":[{"id":61284,"href":"https:\/\/alice.ch\/it\/wp-json\/wp\/v2\/pages\/11122\/revisions\/61284"}],"up":[{"embeddable":true,"href":"https:\/\/alice.ch\/it\/wp-json\/wp\/v2\/pages\/11010"}],"wp:featuredmedia":[{"embeddable":true,"href":"https:\/\/alice.ch\/it\/wp-json\/wp\/v2\/media\/20799"}],"wp:attachment":[{"href":"https:\/\/alice.ch\/it\/wp-json\/wp\/v2\/media?parent=11122"}],"curies":[{"name":"wp","href":"https:\/\/api.w.org\/{rel}","templated":true}]}}