{"id":11183,"date":"2022-08-16T16:24:28","date_gmt":"2022-08-16T14:24:28","guid":{"rendered":"https:\/\/projects.atxeit.ch\/sveb\/digitalisierung\/digitales-lernen\/digitale-werkzeuge\/"},"modified":"2023-05-07T17:03:27","modified_gmt":"2023-05-07T15:03:27","slug":"strumenti-digitali","status":"publish","type":"page","link":"https:\/\/alice.ch\/it\/temi\/digitalizzazione-e-formazione-continua\/apprendimento-digitale\/strumenti-digitali\/","title":{"rendered":"Strumenti digitali"},"content":{"rendered":"\n<div class=\"wp-block-group is-style-reduced-width is-layout-flow wp-block-group-is-layout-flow\">\n<h1 class=\"wp-block-heading\">Strumenti digitali<\/h1>\n\n\n\n<p class=\"is-style-lead\">Esiste una grande variet\u00e0 di applicazioni digitali da utilizzare per mantenere i contatti con i discenti, sia in forma scritta che audiovisiva, tenere riunioni o presentazioni, dare degli input, organizzare lavori di gruppo e molto altro ancora.<\/p>\n\n\n\n<p>In generale devono venir considerati i seguenti punti:<br><\/p>\n\n\n\n<ol class=\"wp-block-list\">\n<li>\u00c8 importante, per ogni applicazione, considerare quali standard garantisce in termini di sicurezza dei dati.<\/li>\n\n\n\n<li>Le videoconferenze necessitano in particolare di una buona infrastruttura (soprattutto una buona connessione a internet). \u00c8 inoltre importante considerare quali sono le applicazioni che possono essere facilmente utilizzate dai partecipanti.<\/li>\n\n\n\n<li>Molte fonti che trattano questo tema si concentrano sui giovani. Gli adulti spesso utilizzano altre applicazioni, come ad esempio la comunicazione via e-mail, che pu\u00f2 essere ancora considerata un metodo valido e collaudato nella formazione continua degli adulti.<\/li>\n<\/ol>\n\n\n\n<h2 class=\"wp-block-heading\">Applicazioni utilizzate frequentemente e link utili<\/h2>\n\n\n\n<h3 class=\"wp-block-heading\">Jitsi Meet<\/h3>\n\n\n\n<p>Una soluzione gratuita considerata sicura per le videoconferenze. Di facile utilizzo direttamente online, non richiede alcuna installazione. Non funziona in maniera ottimale su tutti i browser.<\/p>\n\n\n\n<div class=\"wp-block-buttons is-layout-flex wp-block-buttons-is-layout-flex\">\n<div class=\"wp-block-button has-custom-width wp-block-button__width-50 is-style-outline is-style-outline--1\"><a class=\"wp-block-button__link wp-element-button\" href=\"https:\/\/meet.jit.si\/\" target=\"_blank\" rel=\"noreferrer noopener\">Jitsi Meet per le videoconferenze<\/a><\/div>\n<\/div>\n\n\n\n<h3 class=\"wp-block-heading\">Zoom<\/h3>\n\n\n\n<p>Il software Zoom pu\u00f2 essere utilizzato sia direttamente sul browser che installando l&#8217;applicazione. Ha alcune funzioni utili come le lavagne interattive e la possibilit\u00e0 di creare gruppi. Tuttavia, sulla sicurezza dati di Zoom ci sono pareri molto contrastanti.<\/p>\n\n\n\n<div class=\"wp-block-buttons is-layout-flex wp-block-buttons-is-layout-flex\">\n<div class=\"wp-block-button has-custom-width wp-block-button__width-50 is-style-outline is-style-outline--2\"><a class=\"wp-block-button__link wp-element-button\" href=\"https:\/\/zoom.us\/\" target=\"_blank\" rel=\"noreferrer noopener\">Zoom per le videoconferenze<\/a><\/div>\n<\/div>\n\n\n\n<h3 class=\"wp-block-heading\">Altre applicazioni per videoconferenze<\/h3>\n\n\n\n<p>Skype, Mircrosoft Teams, WhereBy \u2013 l\u2019elenco delle possibili applicazioni \u00e8 lungo e in costante crescita. Su&nbsp;<a href=\"https:\/\/www.lernentrotzcorona.ch\/Lernentrotzcorona\" target=\"_blank\" rel=\"noreferrer noopener\">lernentrotzcorona.ch<\/a>&nbsp;(solo in tedesco) trovate una buona panoramica delle offerte per un possibile confronto e approfondimenti.<\/p>\n\n\n\n<h3 class=\"wp-block-heading\">Padlet<\/h3>\n\n\n\n<p>La bacheca digitale&nbsp;<a href=\"https:\/\/padlet.com\/\" target=\"_blank\" rel=\"noreferrer noopener\">Padlet<\/a>&nbsp;\u00e8 utile per raccogliere idee e contributi di pi\u00f9 partecipanti in modo rapido e strutturato. \u00c8 gratuito e pu\u00f2 essere utilizzato direttamente dal browser.<\/p>\n\n\n\n<div class=\"wp-block-buttons is-layout-flex wp-block-buttons-is-layout-flex\">\n<div class=\"wp-block-button has-custom-width wp-block-button__width-50 is-style-outline is-style-outline--3\"><a class=\"wp-block-button__link wp-element-button\" href=\"https:\/\/padlet.com\/\" target=\"_blank\" rel=\"noreferrer noopener\">Padlet<\/a><\/div>\n\n\n\n<div class=\"wp-block-button has-custom-width wp-block-button__width-50 is-style-outline is-style-outline--4\"><a class=\"wp-block-button__link wp-element-button\" href=\"https:\/\/wb-web.de\/material\/medien\/Virtuelle-Tafeln-wie-Padlets-und-Stormboard.html\" target=\"_blank\" rel=\"noreferrer noopener\">Modulo di apprendimento sulle bacheche virtuali (DIE)<\/a><\/div>\n<\/div>\n\n\n\n<h3 class=\"wp-block-heading\">Piattaforme di apprendimento<\/h3>\n\n\n\n<p>Le piattaforme di apprendimento sono adatte per depositare documenti e creare un\u2019aula digitale. Le offerte in questo settore comprendono sistemi completi di gestione della formazione come ILIAS o Moodle. Per la semplice archiviazione di documenti \u00e8 invece possibile utilizzare con relativa facilit\u00e0 anche servizi come Dropbox o Google Drive.<\/p>\n\n\n\n<h3 class=\"wp-block-heading\">Loom<\/h3>\n\n\n\n<p>Con il software gratuito Loom potete registrare e modificare i video direttamente sul vostro schermo. Ad esempio \u00e8 possibile creare degli apporti che i partecipanti portranno guardare in anticipo, oppure registrare un feedback per i partecipanti, se non pu\u00f2 essere fatto in diretta.<\/p>\n\n\n\n<div class=\"wp-block-buttons is-layout-flex wp-block-buttons-is-layout-flex\">\n<div class=\"wp-block-button has-custom-width wp-block-button__width-50 is-style-outline is-style-outline--5\"><a class=\"wp-block-button__link wp-element-button\" href=\"https:\/\/www.loom.com\/\" target=\"_blank\" rel=\"noreferrer noopener\">Loom per le videoconferenze<\/a><\/div>\n<\/div>\n\n\n\n<h2 class=\"wp-block-heading\">Contatto<\/h2>\n\n\n\n<div class=\"wp-block-columns is-layout-flex wp-container-core-columns-is-layout-28f84493 wp-block-columns-is-layout-flex\">\n<div class=\"wp-block-column is-layout-flow wp-block-column-is-layout-flow\" style=\"flex-basis:50%\"><div class=\"contact-persons\">\n\n\t\t\t\t\t<div class=\"contact-person\">\n\t\t\t\t\tSimone Rizzi<br \/>\t\t\t\t\tResponsabile segretariato regionale, Membro della direzione FSEA<br \/>\t\t\t\t\t<br \/>\n\t\t\t\t\t\t\t\t\t\t<a href=\"tel:+41 (0)91 950 84 16\">+41 (0)91 950 84 16<\/a><br \/>\t\t\t\t\t<a href=\"mailto:simone.rizzi@alice.ch\">simone.rizzi@alice.ch<\/a><br \/>\t\t\t\t\t<\/div>\n\t\t\t\t\t<\/div>\n<\/div>\n\n\n\n<div class=\"wp-block-column is-layout-flow wp-block-column-is-layout-flow\" style=\"flex-basis:50%\"><\/div>\n<\/div>\n<\/div>\n","protected":false},"excerpt":{"rendered":"<p>Strumenti digitali Esiste una grande variet\u00e0 di applicazioni digitali da utilizzare per mantenere i contatti con i discenti, sia in [&hellip;]<\/p>\n","protected":false},"author":2,"featured_media":20799,"parent":11177,"menu_order":110,"comment_status":"closed","ping_status":"closed","template":"","meta":{"_acf_changed":false,"inline_featured_image":false,"footnotes":""},"class_list":["post-11183","page","type-page","status-publish","has-post-thumbnail","hentry"],"acf":[],"yoast_head":"<!-- This site is optimized with the Yoast SEO plugin v27.3 - https:\/\/yoast.com\/product\/yoast-seo-wordpress\/ -->\n<title>Strumenti digitali - FSEA<\/title>\n<meta name=\"robots\" content=\"index, follow, max-snippet:-1, max-image-preview:large, max-video-preview:-1\" \/>\n<link rel=\"canonical\" href=\"https:\/\/alice.ch\/it\/temi\/digitalizzazione-e-formazione-continua\/apprendimento-digitale\/strumenti-digitali\/\" \/>\n<meta property=\"og:locale\" content=\"it_IT\" \/>\n<meta property=\"og:type\" content=\"article\" \/>\n<meta property=\"og:title\" content=\"Strumenti digitali - FSEA\" \/>\n<meta property=\"og:description\" content=\"Strumenti digitali Esiste una grande variet\u00e0 di applicazioni digitali da utilizzare per mantenere i contatti con i discenti, sia in [&hellip;]\" \/>\n<meta property=\"og:url\" content=\"https:\/\/alice.ch\/it\/temi\/digitalizzazione-e-formazione-continua\/apprendimento-digitale\/strumenti-digitali\/\" \/>\n<meta property=\"og:site_name\" content=\"SVEB\" \/>\n<meta property=\"article:modified_time\" content=\"2023-05-07T15:03:27+00:00\" \/>\n<meta name=\"twitter:card\" content=\"summary_large_image\" \/>\n<meta name=\"twitter:label1\" content=\"Tempo di lettura stimato\" \/>\n\t<meta name=\"twitter:data1\" content=\"3 minuti\" \/>\n<script type=\"application\/ld+json\" class=\"yoast-schema-graph\">{\"@context\":\"https:\\\/\\\/schema.org\",\"@graph\":[{\"@type\":\"WebPage\",\"@id\":\"https:\\\/\\\/alice.ch\\\/it\\\/temi\\\/digitalizzazione-e-formazione-continua\\\/apprendimento-digitale\\\/strumenti-digitali\\\/\",\"url\":\"https:\\\/\\\/alice.ch\\\/it\\\/temi\\\/digitalizzazione-e-formazione-continua\\\/apprendimento-digitale\\\/strumenti-digitali\\\/\",\"name\":\"Strumenti digitali - FSEA\",\"isPartOf\":{\"@id\":\"https:\\\/\\\/alice.ch\\\/it\\\/#website\"},\"primaryImageOfPage\":{\"@id\":\"https:\\\/\\\/alice.ch\\\/it\\\/temi\\\/digitalizzazione-e-formazione-continua\\\/apprendimento-digitale\\\/strumenti-digitali\\\/#primaryimage\"},\"image\":{\"@id\":\"https:\\\/\\\/alice.ch\\\/it\\\/temi\\\/digitalizzazione-e-formazione-continua\\\/apprendimento-digitale\\\/strumenti-digitali\\\/#primaryimage\"},\"thumbnailUrl\":\"https:\\\/\\\/alice.ch\\\/app\\\/uploads\\\/2022\\\/11\\\/default.jpg\",\"datePublished\":\"2022-08-16T14:24:28+00:00\",\"dateModified\":\"2023-05-07T15:03:27+00:00\",\"breadcrumb\":{\"@id\":\"https:\\\/\\\/alice.ch\\\/it\\\/temi\\\/digitalizzazione-e-formazione-continua\\\/apprendimento-digitale\\\/strumenti-digitali\\\/#breadcrumb\"},\"inLanguage\":\"it-IT\",\"potentialAction\":[{\"@type\":\"ReadAction\",\"target\":[\"https:\\\/\\\/alice.ch\\\/it\\\/temi\\\/digitalizzazione-e-formazione-continua\\\/apprendimento-digitale\\\/strumenti-digitali\\\/\"]}]},{\"@type\":\"ImageObject\",\"inLanguage\":\"it-IT\",\"@id\":\"https:\\\/\\\/alice.ch\\\/it\\\/temi\\\/digitalizzazione-e-formazione-continua\\\/apprendimento-digitale\\\/strumenti-digitali\\\/#primaryimage\",\"url\":\"https:\\\/\\\/alice.ch\\\/app\\\/uploads\\\/2022\\\/11\\\/default.jpg\",\"contentUrl\":\"https:\\\/\\\/alice.ch\\\/app\\\/uploads\\\/2022\\\/11\\\/default.jpg\",\"width\":1600,\"height\":900},{\"@type\":\"BreadcrumbList\",\"@id\":\"https:\\\/\\\/alice.ch\\\/it\\\/temi\\\/digitalizzazione-e-formazione-continua\\\/apprendimento-digitale\\\/strumenti-digitali\\\/#breadcrumb\",\"itemListElement\":[{\"@type\":\"ListItem\",\"position\":1,\"name\":\"Pagina iniziale\",\"item\":\"https:\\\/\\\/alice.ch\\\/it\\\/\"},{\"@type\":\"ListItem\",\"position\":2,\"name\":\"Temi\",\"item\":\"https:\\\/\\\/alice.ch\\\/it\\\/temi\\\/\"},{\"@type\":\"ListItem\",\"position\":3,\"name\":\"Digitalizzazione e formazione continua\",\"item\":\"https:\\\/\\\/alice.ch\\\/it\\\/temi\\\/digitalizzazione-e-formazione-continua\\\/\"},{\"@type\":\"ListItem\",\"position\":4,\"name\":\"Apprendimento digitale\",\"item\":\"https:\\\/\\\/alice.ch\\\/it\\\/temi\\\/digitalizzazione-e-formazione-continua\\\/apprendimento-digitale\\\/\"},{\"@type\":\"ListItem\",\"position\":5,\"name\":\"Strumenti digitali\"}]},{\"@type\":\"WebSite\",\"@id\":\"https:\\\/\\\/alice.ch\\\/it\\\/#website\",\"url\":\"https:\\\/\\\/alice.ch\\\/it\\\/\",\"name\":\"alice.ch (Adult Learning Information Center) ist das Portal der Weiterbildung in der Schweiz.\",\"description\":\"Schweizerischer Verband f\u00fcr Weiterbildung\",\"publisher\":{\"@id\":\"https:\\\/\\\/alice.ch\\\/it\\\/#organization\"},\"potentialAction\":[{\"@type\":\"SearchAction\",\"target\":{\"@type\":\"EntryPoint\",\"urlTemplate\":\"https:\\\/\\\/alice.ch\\\/it\\\/?s={search_term_string}\"},\"query-input\":{\"@type\":\"PropertyValueSpecification\",\"valueRequired\":true,\"valueName\":\"search_term_string\"}}],\"inLanguage\":\"it-IT\"},{\"@type\":\"Organization\",\"@id\":\"https:\\\/\\\/alice.ch\\\/it\\\/#organization\",\"name\":\"FSEA Federazione svizzera per la formazione continua\",\"url\":\"https:\\\/\\\/alice.ch\\\/it\\\/\",\"logo\":{\"@type\":\"ImageObject\",\"inLanguage\":\"it-IT\",\"@id\":\"https:\\\/\\\/alice.ch\\\/it\\\/#\\\/schema\\\/logo\\\/image\\\/\",\"url\":\"https:\\\/\\\/alice.ch\\\/app\\\/uploads\\\/2022\\\/07\\\/logo-sveb.png\",\"contentUrl\":\"https:\\\/\\\/alice.ch\\\/app\\\/uploads\\\/2022\\\/07\\\/logo-sveb.png\",\"width\":145,\"height\":64,\"caption\":\"FSEA Federazione svizzera per la formazione continua\"},\"image\":{\"@id\":\"https:\\\/\\\/alice.ch\\\/it\\\/#\\\/schema\\\/logo\\\/image\\\/\"},\"sameAs\":[\"https:\\\/\\\/www.linkedin.com\\\/company\\\/schweizerischer-verband-fr-weiterbildung-sveb\\\/\"]}]}<\/script>\n<!-- \/ Yoast SEO plugin. -->","yoast_head_json":{"title":"Strumenti digitali - FSEA","robots":{"index":"index","follow":"follow","max-snippet":"max-snippet:-1","max-image-preview":"max-image-preview:large","max-video-preview":"max-video-preview:-1"},"canonical":"https:\/\/alice.ch\/it\/temi\/digitalizzazione-e-formazione-continua\/apprendimento-digitale\/strumenti-digitali\/","og_locale":"it_IT","og_type":"article","og_title":"Strumenti digitali - FSEA","og_description":"Strumenti digitali Esiste una grande variet\u00e0 di applicazioni digitali da utilizzare per mantenere i contatti con i discenti, sia in [&hellip;]","og_url":"https:\/\/alice.ch\/it\/temi\/digitalizzazione-e-formazione-continua\/apprendimento-digitale\/strumenti-digitali\/","og_site_name":"SVEB","article_modified_time":"2023-05-07T15:03:27+00:00","twitter_card":"summary_large_image","twitter_misc":{"Tempo di lettura stimato":"3 minuti"},"schema":{"@context":"https:\/\/schema.org","@graph":[{"@type":"WebPage","@id":"https:\/\/alice.ch\/it\/temi\/digitalizzazione-e-formazione-continua\/apprendimento-digitale\/strumenti-digitali\/","url":"https:\/\/alice.ch\/it\/temi\/digitalizzazione-e-formazione-continua\/apprendimento-digitale\/strumenti-digitali\/","name":"Strumenti digitali - FSEA","isPartOf":{"@id":"https:\/\/alice.ch\/it\/#website"},"primaryImageOfPage":{"@id":"https:\/\/alice.ch\/it\/temi\/digitalizzazione-e-formazione-continua\/apprendimento-digitale\/strumenti-digitali\/#primaryimage"},"image":{"@id":"https:\/\/alice.ch\/it\/temi\/digitalizzazione-e-formazione-continua\/apprendimento-digitale\/strumenti-digitali\/#primaryimage"},"thumbnailUrl":"https:\/\/alice.ch\/app\/uploads\/2022\/11\/default.jpg","datePublished":"2022-08-16T14:24:28+00:00","dateModified":"2023-05-07T15:03:27+00:00","breadcrumb":{"@id":"https:\/\/alice.ch\/it\/temi\/digitalizzazione-e-formazione-continua\/apprendimento-digitale\/strumenti-digitali\/#breadcrumb"},"inLanguage":"it-IT","potentialAction":[{"@type":"ReadAction","target":["https:\/\/alice.ch\/it\/temi\/digitalizzazione-e-formazione-continua\/apprendimento-digitale\/strumenti-digitali\/"]}]},{"@type":"ImageObject","inLanguage":"it-IT","@id":"https:\/\/alice.ch\/it\/temi\/digitalizzazione-e-formazione-continua\/apprendimento-digitale\/strumenti-digitali\/#primaryimage","url":"https:\/\/alice.ch\/app\/uploads\/2022\/11\/default.jpg","contentUrl":"https:\/\/alice.ch\/app\/uploads\/2022\/11\/default.jpg","width":1600,"height":900},{"@type":"BreadcrumbList","@id":"https:\/\/alice.ch\/it\/temi\/digitalizzazione-e-formazione-continua\/apprendimento-digitale\/strumenti-digitali\/#breadcrumb","itemListElement":[{"@type":"ListItem","position":1,"name":"Pagina iniziale","item":"https:\/\/alice.ch\/it\/"},{"@type":"ListItem","position":2,"name":"Temi","item":"https:\/\/alice.ch\/it\/temi\/"},{"@type":"ListItem","position":3,"name":"Digitalizzazione e formazione continua","item":"https:\/\/alice.ch\/it\/temi\/digitalizzazione-e-formazione-continua\/"},{"@type":"ListItem","position":4,"name":"Apprendimento digitale","item":"https:\/\/alice.ch\/it\/temi\/digitalizzazione-e-formazione-continua\/apprendimento-digitale\/"},{"@type":"ListItem","position":5,"name":"Strumenti digitali"}]},{"@type":"WebSite","@id":"https:\/\/alice.ch\/it\/#website","url":"https:\/\/alice.ch\/it\/","name":"alice.ch (Adult Learning Information Center) ist das Portal der Weiterbildung in der Schweiz.","description":"Schweizerischer Verband f\u00fcr Weiterbildung","publisher":{"@id":"https:\/\/alice.ch\/it\/#organization"},"potentialAction":[{"@type":"SearchAction","target":{"@type":"EntryPoint","urlTemplate":"https:\/\/alice.ch\/it\/?s={search_term_string}"},"query-input":{"@type":"PropertyValueSpecification","valueRequired":true,"valueName":"search_term_string"}}],"inLanguage":"it-IT"},{"@type":"Organization","@id":"https:\/\/alice.ch\/it\/#organization","name":"FSEA Federazione svizzera per la formazione continua","url":"https:\/\/alice.ch\/it\/","logo":{"@type":"ImageObject","inLanguage":"it-IT","@id":"https:\/\/alice.ch\/it\/#\/schema\/logo\/image\/","url":"https:\/\/alice.ch\/app\/uploads\/2022\/07\/logo-sveb.png","contentUrl":"https:\/\/alice.ch\/app\/uploads\/2022\/07\/logo-sveb.png","width":145,"height":64,"caption":"FSEA Federazione svizzera per la formazione continua"},"image":{"@id":"https:\/\/alice.ch\/it\/#\/schema\/logo\/image\/"},"sameAs":["https:\/\/www.linkedin.com\/company\/schweizerischer-verband-fr-weiterbildung-sveb\/"]}]}},"_links":{"self":[{"href":"https:\/\/alice.ch\/it\/wp-json\/wp\/v2\/pages\/11183","targetHints":{"allow":["GET"]}}],"collection":[{"href":"https:\/\/alice.ch\/it\/wp-json\/wp\/v2\/pages"}],"about":[{"href":"https:\/\/alice.ch\/it\/wp-json\/wp\/v2\/types\/page"}],"author":[{"embeddable":true,"href":"https:\/\/alice.ch\/it\/wp-json\/wp\/v2\/users\/2"}],"replies":[{"embeddable":true,"href":"https:\/\/alice.ch\/it\/wp-json\/wp\/v2\/comments?post=11183"}],"version-history":[{"count":9,"href":"https:\/\/alice.ch\/it\/wp-json\/wp\/v2\/pages\/11183\/revisions"}],"predecessor-version":[{"id":50011,"href":"https:\/\/alice.ch\/it\/wp-json\/wp\/v2\/pages\/11183\/revisions\/50011"}],"up":[{"embeddable":true,"href":"https:\/\/alice.ch\/it\/wp-json\/wp\/v2\/pages\/11177"}],"wp:featuredmedia":[{"embeddable":true,"href":"https:\/\/alice.ch\/it\/wp-json\/wp\/v2\/media\/20799"}],"wp:attachment":[{"href":"https:\/\/alice.ch\/it\/wp-json\/wp\/v2\/media?parent=11183"}],"curies":[{"name":"wp","href":"https:\/\/api.w.org\/{rel}","templated":true}]}}