{"id":11200,"date":"2022-08-16T16:26:18","date_gmt":"2022-08-16T14:26:18","guid":{"rendered":"https:\/\/projects.atxeit.ch\/sveb\/weiterbildung-international\/netzwerke\/"},"modified":"2024-07-18T11:21:04","modified_gmt":"2024-07-18T09:21:04","slug":"associazioni-e-networking","status":"publish","type":"page","link":"https:\/\/alice.ch\/it\/temi\/formazione-continua-internazionale\/associazioni-e-networking\/","title":{"rendered":"Associazioni e networking"},"content":{"rendered":"\n<div class=\"wp-block-group is-style-reduced-width is-layout-flow wp-block-group-is-layout-flow\">\n<h1 class=\"wp-block-heading\">In rete a livello mondiale<\/h1>\n\n\n\n<p class=\"is-style-lead\">Le sfide e le tendenze della formazione continua non sono uniche nel contesto svizzero. Gli attori della formazione continua provenienti dall&#8217;Europa e da tutto il mondo affrontano sfide e problematiche simili. La FSEA \u00e8 quindi attivamente coinvolta in diverse reti e associazioni internazionali.<\/p>\n\n\n\n<h2 class=\"wp-block-heading\">European Association for the Education of Adults (EAEA)<\/h2>\n\n\n\n<p>L&#8217;<a href=\"https:\/\/eaea.org\/\" target=\"_blank\" rel=\"noreferrer noopener\">EAEA<\/a>&nbsp;d\u00e0 voce alla formazione non formale degli adulti in Europa. L&#8217;ONG europea \u00e8 stata fondata nel 1953 da rappresentanti di diversi paesi europei. Oggi conta pi\u00f9 di 135 organizzazioni membri in oltre 44 paesi e rappresenta pi\u00f9 di 60 milioni di discenti adulti. Lo scopo dell&#8217;associazione \u00e8 quello di mettere in rete e rappresentare le organizzazioni europee nel campo della formazione degli adulti. Promuove l&#8217;apprendimento in et\u00e0 adulta e sostiene l&#8217;accesso universale e la partecipazione alla formazione non formale degli adulti.<\/p>\n\n\n\n<div class=\"wp-block-group is-style-run-to-edge has-primary-background-color has-background is-layout-flow wp-block-group-is-layout-flow\">\n<p class=\"is-style-lead has-background-color has-text-color has-large-font-size\"><strong>Il ruolo della FSEA:\u00a0<\/strong>ente fondatore ed ex membro del comitato. La FSEA collabora strettamente con l&#8217;EAEA e porta avanti le istanze della formazione continua svizzera. L&#8217;impegno nell&#8217;EAEA consente alla FSEA e ai suoi membri di anticipare le tendenze e di trasferire il know-how in Svizzera.<\/p>\n<\/div>\n\n\n\n<h2 class=\"wp-block-heading\">International Council for Adult Education (ICAE)<\/h2>\n\n\n\n<p>L&#8217;<a href=\"http:\/\/icae.global\/\" target=\"_blank\" rel=\"noreferrer noopener\">ICAE<\/a>&nbsp;\u00e8 impegnata in tutto il mondo nelle discussioni politiche sulla formazione lungo tutto il corso della vita. La sua visione \u00e8 quella di permettere a tutti di avere accesso alla formazione continua come diritto umano universale. Definisce la formazione continua come la base per una partecipazione consapevole alla societ\u00e0 civile e per uno sviluppo sostenibile. Il Consiglio \u00e8 stato fondato nel 1973 ed \u00e8 suddiviso in 7 sezioni regionali. I suoi membri sono pi\u00f9 di 800 ONG \u2013 reti regionali, nazionali e professionali \u2013 di pi\u00f9 di 75 paesi. L&#8217;ICAE \u00e8 associata all&#8217;UNESCO e ha uno status consultivo presso il Consiglio economico e sociale delle Nazioni Unite (ECOSOC).<\/p>\n\n\n\n<div class=\"wp-block-group is-style-run-to-edge has-primary-background-color has-background is-layout-flow wp-block-group-is-layout-flow\">\n<p class=\"is-style-lead has-background-color has-text-color has-large-font-size\"><strong>Il ruolo della FSEA:<\/strong>\u00a0ente fondatore e membro del comitato. La FSEA partecipa al consiglio di amministrazione, mantiene contatti tecnici regolari con il segretariato generale e partecipa attivamente alle conferenze dell&#8217;ICAE. Il networking e lo scambio di know-how con gli attori della formazione continua di tutto il mondo aiutano la FSEA a contribuire a un sistema di formazione continua orientato al futuro in Svizzera.<\/p>\n<\/div>\n\n\n\n<h2 class=\"wp-block-heading\">European Basic Skills Network (EBSN)<\/h2>\n\n\n\n<p>L&#8217;<a href=\"http:\/\/basicskills.eu\/\" target=\"_blank\" rel=\"noreferrer noopener\">EBSN<\/a>&nbsp;\u00e8 l&#8217;organizzazione mantello europea nel campo della promozione delle competenze di base per gli adulti con oltre 75 membri. La rete \u00e8 stata avviata nel 2009 e da allora \u00e8 cresciuta costantemente. Gli obiettivi della rete sono di promuovere lo scambio specialistico e la cooperazione tra organizzazioni ed esperti nel campo delle competenze di base e di aumentare la consapevolezza del tema a livello politico.<\/p>\n\n\n\n<div class=\"wp-block-group is-style-run-to-edge has-primary-background-color has-background is-layout-flow wp-block-group-is-layout-flow\">\n<p class=\"is-style-lead has-background-color has-text-color has-large-font-size\"><strong>Il ruolo della FSEA:<\/strong>&nbsp;ente fondatore e membro del comitato come pure sede statutaria, infatti l&#8217;EBSN \u00e8 legalmente un&#8217;associazione svizzera. L&#8217;intensa collaborazione internazionale tra la FSEA e l&#8217;EBSN nel campo delle competenze di base ha contribuito ad anticipare tempestivamente le tendenze in questo campo e ad organizzare un trasferimento di conoscenze agli attori in Svizzera.<\/p>\n<\/div>\n\n\n\n<h2 class=\"wp-block-heading\">Hall of Fame Europe della formazione continua (HOFE)<\/h2>\n\n\n\n<p>La <a href=\"http:\/\/www.hofe.andragogy.net\/\" target=\"_blank\" rel=\"noreferrer noopener\">HOFE<\/a>&nbsp;\u00e8 la propaggine europea dell&#8217;International Adult and Continuing Education Hall of Fame (IACEHOF) \u00e8 una rete di esperti di formazione continua riconosciuti a livello internazionale che hanno plasmato lo sviluppo della formazione continua. La struttura \u00e8 concepita in modo tale che i membri possano scambiarsi informazioni in modo rapido e senza ostacoli burocratici e, se necessario, formare gruppi di esperti ad hoc. Ci\u00f2 dovrebbe anche stimolare forme di cooperazione nuove e non convenzionali che contribuiscano allo sviluppo della formazione continua.<\/p>\n\n\n\n<div class=\"wp-block-group is-style-run-to-edge has-primary-background-color has-background is-layout-flow wp-block-group-is-layout-flow\">\n<p class=\"is-style-lead has-background-color has-text-color has-large-font-size\"><strong>Il ruolo della FSEA:<\/strong>&nbsp;l&#8217;obiettivo dell&#8217;impegno della FSEA \u00e8 quello di trasformare la Hall of Fame, finora dominata dagli Stati Uniti, in una rete mondiale di esperti e di ampliare la rete europea, finora molto piccola. Un obiettivo attuale \u00e8 l&#8217;inclusione dei paesi latini.<\/p>\n<\/div>\n\n\n\n<h2 class=\"wp-block-heading\">Contatto<\/h2>\n\n\n\n<div class=\"wp-block-columns is-layout-flex wp-container-core-columns-is-layout-28f84493 wp-block-columns-is-layout-flex\">\n<div class=\"wp-block-column is-layout-flow wp-block-column-is-layout-flow\" style=\"flex-basis:50%\"><div class=\"contact-persons\">\n\n\t\t\t\t\t<div class=\"contact-person\">\n\t\t\t\t\tBernhard Gr\u00e4miger<br \/>\t\t\t\t\tDirettore<br \/>\t\t\t\t\t<br \/>\n\t\t\t\t\t\t\t\t\t\t<a href=\"tel:+41 (0)44 319 71 61\">+41 (0)44 319 71 61<\/a><br \/>\t\t\t\t\t<a href=\"mailto:bernhard.graemiger@alice.ch\">bernhard.graemiger@alice.ch<\/a><br \/>\t\t\t\t\t<\/div>\n\t\t\t\t\t<\/div>\n<\/div>\n\n\n\n<div class=\"wp-block-column is-layout-flow wp-block-column-is-layout-flow\" style=\"flex-basis:50%\"><\/div>\n<\/div>\n<\/div>\n","protected":false},"excerpt":{"rendered":"<p>In rete a livello mondiale Le sfide e le tendenze della formazione continua non sono uniche nel contesto svizzero. Gli [&hellip;]<\/p>\n","protected":false},"author":2,"featured_media":20799,"parent":11192,"menu_order":118,"comment_status":"closed","ping_status":"closed","template":"","meta":{"_acf_changed":false,"inline_featured_image":false,"footnotes":""},"class_list":["post-11200","page","type-page","status-publish","has-post-thumbnail","hentry"],"acf":[],"yoast_head":"<!-- This site is optimized with the Yoast SEO plugin v27.3 - https:\/\/yoast.com\/product\/yoast-seo-wordpress\/ -->\n<title>Associazioni e networking - FSEA<\/title>\n<meta name=\"description\" content=\"Tutti coloro che si occupano di formazione continua si occupano di questioni simili. La FSEA \u00e8 attiva nelle reti internazionali.\" \/>\n<meta name=\"robots\" content=\"index, follow, max-snippet:-1, max-image-preview:large, max-video-preview:-1\" \/>\n<link rel=\"canonical\" href=\"https:\/\/alice.ch\/it\/temi\/formazione-continua-internazionale\/associazioni-e-networking\/\" \/>\n<meta property=\"og:locale\" content=\"it_IT\" \/>\n<meta property=\"og:type\" content=\"article\" \/>\n<meta property=\"og:title\" content=\"Associazioni e networking - FSEA\" \/>\n<meta property=\"og:description\" content=\"Tutti coloro che si occupano di formazione continua si occupano di questioni simili. La FSEA \u00e8 attiva nelle reti internazionali.\" \/>\n<meta property=\"og:url\" content=\"https:\/\/alice.ch\/it\/temi\/formazione-continua-internazionale\/associazioni-e-networking\/\" \/>\n<meta property=\"og:site_name\" content=\"SVEB\" \/>\n<meta property=\"article:modified_time\" content=\"2024-07-18T09:21:04+00:00\" \/>\n<meta name=\"twitter:card\" content=\"summary_large_image\" \/>\n<meta name=\"twitter:label1\" content=\"Tempo di lettura stimato\" \/>\n\t<meta name=\"twitter:data1\" content=\"4 minuti\" \/>\n<script type=\"application\/ld+json\" class=\"yoast-schema-graph\">{\"@context\":\"https:\\\/\\\/schema.org\",\"@graph\":[{\"@type\":\"WebPage\",\"@id\":\"https:\\\/\\\/alice.ch\\\/it\\\/temi\\\/formazione-continua-internazionale\\\/associazioni-e-networking\\\/\",\"url\":\"https:\\\/\\\/alice.ch\\\/it\\\/temi\\\/formazione-continua-internazionale\\\/associazioni-e-networking\\\/\",\"name\":\"Associazioni e networking - FSEA\",\"isPartOf\":{\"@id\":\"https:\\\/\\\/alice.ch\\\/it\\\/#website\"},\"primaryImageOfPage\":{\"@id\":\"https:\\\/\\\/alice.ch\\\/it\\\/temi\\\/formazione-continua-internazionale\\\/associazioni-e-networking\\\/#primaryimage\"},\"image\":{\"@id\":\"https:\\\/\\\/alice.ch\\\/it\\\/temi\\\/formazione-continua-internazionale\\\/associazioni-e-networking\\\/#primaryimage\"},\"thumbnailUrl\":\"https:\\\/\\\/alice.ch\\\/app\\\/uploads\\\/2022\\\/11\\\/default.jpg\",\"datePublished\":\"2022-08-16T14:26:18+00:00\",\"dateModified\":\"2024-07-18T09:21:04+00:00\",\"description\":\"Tutti coloro che si occupano di formazione continua si occupano di questioni simili. La FSEA \u00e8 attiva nelle reti internazionali.\",\"breadcrumb\":{\"@id\":\"https:\\\/\\\/alice.ch\\\/it\\\/temi\\\/formazione-continua-internazionale\\\/associazioni-e-networking\\\/#breadcrumb\"},\"inLanguage\":\"it-IT\",\"potentialAction\":[{\"@type\":\"ReadAction\",\"target\":[\"https:\\\/\\\/alice.ch\\\/it\\\/temi\\\/formazione-continua-internazionale\\\/associazioni-e-networking\\\/\"]}]},{\"@type\":\"ImageObject\",\"inLanguage\":\"it-IT\",\"@id\":\"https:\\\/\\\/alice.ch\\\/it\\\/temi\\\/formazione-continua-internazionale\\\/associazioni-e-networking\\\/#primaryimage\",\"url\":\"https:\\\/\\\/alice.ch\\\/app\\\/uploads\\\/2022\\\/11\\\/default.jpg\",\"contentUrl\":\"https:\\\/\\\/alice.ch\\\/app\\\/uploads\\\/2022\\\/11\\\/default.jpg\",\"width\":1600,\"height\":900},{\"@type\":\"BreadcrumbList\",\"@id\":\"https:\\\/\\\/alice.ch\\\/it\\\/temi\\\/formazione-continua-internazionale\\\/associazioni-e-networking\\\/#breadcrumb\",\"itemListElement\":[{\"@type\":\"ListItem\",\"position\":1,\"name\":\"Pagina iniziale\",\"item\":\"https:\\\/\\\/alice.ch\\\/it\\\/\"},{\"@type\":\"ListItem\",\"position\":2,\"name\":\"Temi\",\"item\":\"https:\\\/\\\/alice.ch\\\/it\\\/temi\\\/\"},{\"@type\":\"ListItem\",\"position\":3,\"name\":\"Formazione continua internazionale\",\"item\":\"https:\\\/\\\/alice.ch\\\/it\\\/temi\\\/formazione-continua-internazionale\\\/\"},{\"@type\":\"ListItem\",\"position\":4,\"name\":\"Associazioni e networking\"}]},{\"@type\":\"WebSite\",\"@id\":\"https:\\\/\\\/alice.ch\\\/it\\\/#website\",\"url\":\"https:\\\/\\\/alice.ch\\\/it\\\/\",\"name\":\"alice.ch (Adult Learning Information Center) ist das Portal der Weiterbildung in der Schweiz.\",\"description\":\"Schweizerischer Verband f\u00fcr Weiterbildung\",\"publisher\":{\"@id\":\"https:\\\/\\\/alice.ch\\\/it\\\/#organization\"},\"potentialAction\":[{\"@type\":\"SearchAction\",\"target\":{\"@type\":\"EntryPoint\",\"urlTemplate\":\"https:\\\/\\\/alice.ch\\\/it\\\/?s={search_term_string}\"},\"query-input\":{\"@type\":\"PropertyValueSpecification\",\"valueRequired\":true,\"valueName\":\"search_term_string\"}}],\"inLanguage\":\"it-IT\"},{\"@type\":\"Organization\",\"@id\":\"https:\\\/\\\/alice.ch\\\/it\\\/#organization\",\"name\":\"FSEA Federazione svizzera per la formazione continua\",\"url\":\"https:\\\/\\\/alice.ch\\\/it\\\/\",\"logo\":{\"@type\":\"ImageObject\",\"inLanguage\":\"it-IT\",\"@id\":\"https:\\\/\\\/alice.ch\\\/it\\\/#\\\/schema\\\/logo\\\/image\\\/\",\"url\":\"https:\\\/\\\/alice.ch\\\/app\\\/uploads\\\/2022\\\/07\\\/logo-sveb.png\",\"contentUrl\":\"https:\\\/\\\/alice.ch\\\/app\\\/uploads\\\/2022\\\/07\\\/logo-sveb.png\",\"width\":145,\"height\":64,\"caption\":\"FSEA Federazione svizzera per la formazione continua\"},\"image\":{\"@id\":\"https:\\\/\\\/alice.ch\\\/it\\\/#\\\/schema\\\/logo\\\/image\\\/\"},\"sameAs\":[\"https:\\\/\\\/www.linkedin.com\\\/company\\\/schweizerischer-verband-fr-weiterbildung-sveb\\\/\"]}]}<\/script>\n<!-- \/ Yoast SEO plugin. -->","yoast_head_json":{"title":"Associazioni e networking - FSEA","description":"Tutti coloro che si occupano di formazione continua si occupano di questioni simili. La FSEA \u00e8 attiva nelle reti internazionali.","robots":{"index":"index","follow":"follow","max-snippet":"max-snippet:-1","max-image-preview":"max-image-preview:large","max-video-preview":"max-video-preview:-1"},"canonical":"https:\/\/alice.ch\/it\/temi\/formazione-continua-internazionale\/associazioni-e-networking\/","og_locale":"it_IT","og_type":"article","og_title":"Associazioni e networking - FSEA","og_description":"Tutti coloro che si occupano di formazione continua si occupano di questioni simili. La FSEA \u00e8 attiva nelle reti internazionali.","og_url":"https:\/\/alice.ch\/it\/temi\/formazione-continua-internazionale\/associazioni-e-networking\/","og_site_name":"SVEB","article_modified_time":"2024-07-18T09:21:04+00:00","twitter_card":"summary_large_image","twitter_misc":{"Tempo di lettura stimato":"4 minuti"},"schema":{"@context":"https:\/\/schema.org","@graph":[{"@type":"WebPage","@id":"https:\/\/alice.ch\/it\/temi\/formazione-continua-internazionale\/associazioni-e-networking\/","url":"https:\/\/alice.ch\/it\/temi\/formazione-continua-internazionale\/associazioni-e-networking\/","name":"Associazioni e networking - FSEA","isPartOf":{"@id":"https:\/\/alice.ch\/it\/#website"},"primaryImageOfPage":{"@id":"https:\/\/alice.ch\/it\/temi\/formazione-continua-internazionale\/associazioni-e-networking\/#primaryimage"},"image":{"@id":"https:\/\/alice.ch\/it\/temi\/formazione-continua-internazionale\/associazioni-e-networking\/#primaryimage"},"thumbnailUrl":"https:\/\/alice.ch\/app\/uploads\/2022\/11\/default.jpg","datePublished":"2022-08-16T14:26:18+00:00","dateModified":"2024-07-18T09:21:04+00:00","description":"Tutti coloro che si occupano di formazione continua si occupano di questioni simili. La FSEA \u00e8 attiva nelle reti internazionali.","breadcrumb":{"@id":"https:\/\/alice.ch\/it\/temi\/formazione-continua-internazionale\/associazioni-e-networking\/#breadcrumb"},"inLanguage":"it-IT","potentialAction":[{"@type":"ReadAction","target":["https:\/\/alice.ch\/it\/temi\/formazione-continua-internazionale\/associazioni-e-networking\/"]}]},{"@type":"ImageObject","inLanguage":"it-IT","@id":"https:\/\/alice.ch\/it\/temi\/formazione-continua-internazionale\/associazioni-e-networking\/#primaryimage","url":"https:\/\/alice.ch\/app\/uploads\/2022\/11\/default.jpg","contentUrl":"https:\/\/alice.ch\/app\/uploads\/2022\/11\/default.jpg","width":1600,"height":900},{"@type":"BreadcrumbList","@id":"https:\/\/alice.ch\/it\/temi\/formazione-continua-internazionale\/associazioni-e-networking\/#breadcrumb","itemListElement":[{"@type":"ListItem","position":1,"name":"Pagina iniziale","item":"https:\/\/alice.ch\/it\/"},{"@type":"ListItem","position":2,"name":"Temi","item":"https:\/\/alice.ch\/it\/temi\/"},{"@type":"ListItem","position":3,"name":"Formazione continua internazionale","item":"https:\/\/alice.ch\/it\/temi\/formazione-continua-internazionale\/"},{"@type":"ListItem","position":4,"name":"Associazioni e networking"}]},{"@type":"WebSite","@id":"https:\/\/alice.ch\/it\/#website","url":"https:\/\/alice.ch\/it\/","name":"alice.ch (Adult Learning Information Center) ist das Portal der Weiterbildung in der Schweiz.","description":"Schweizerischer Verband f\u00fcr Weiterbildung","publisher":{"@id":"https:\/\/alice.ch\/it\/#organization"},"potentialAction":[{"@type":"SearchAction","target":{"@type":"EntryPoint","urlTemplate":"https:\/\/alice.ch\/it\/?s={search_term_string}"},"query-input":{"@type":"PropertyValueSpecification","valueRequired":true,"valueName":"search_term_string"}}],"inLanguage":"it-IT"},{"@type":"Organization","@id":"https:\/\/alice.ch\/it\/#organization","name":"FSEA Federazione svizzera per la formazione continua","url":"https:\/\/alice.ch\/it\/","logo":{"@type":"ImageObject","inLanguage":"it-IT","@id":"https:\/\/alice.ch\/it\/#\/schema\/logo\/image\/","url":"https:\/\/alice.ch\/app\/uploads\/2022\/07\/logo-sveb.png","contentUrl":"https:\/\/alice.ch\/app\/uploads\/2022\/07\/logo-sveb.png","width":145,"height":64,"caption":"FSEA Federazione svizzera per la formazione continua"},"image":{"@id":"https:\/\/alice.ch\/it\/#\/schema\/logo\/image\/"},"sameAs":["https:\/\/www.linkedin.com\/company\/schweizerischer-verband-fr-weiterbildung-sveb\/"]}]}},"_links":{"self":[{"href":"https:\/\/alice.ch\/it\/wp-json\/wp\/v2\/pages\/11200","targetHints":{"allow":["GET"]}}],"collection":[{"href":"https:\/\/alice.ch\/it\/wp-json\/wp\/v2\/pages"}],"about":[{"href":"https:\/\/alice.ch\/it\/wp-json\/wp\/v2\/types\/page"}],"author":[{"embeddable":true,"href":"https:\/\/alice.ch\/it\/wp-json\/wp\/v2\/users\/2"}],"replies":[{"embeddable":true,"href":"https:\/\/alice.ch\/it\/wp-json\/wp\/v2\/comments?post=11200"}],"version-history":[{"count":14,"href":"https:\/\/alice.ch\/it\/wp-json\/wp\/v2\/pages\/11200\/revisions"}],"predecessor-version":[{"id":61159,"href":"https:\/\/alice.ch\/it\/wp-json\/wp\/v2\/pages\/11200\/revisions\/61159"}],"up":[{"embeddable":true,"href":"https:\/\/alice.ch\/it\/wp-json\/wp\/v2\/pages\/11192"}],"wp:featuredmedia":[{"embeddable":true,"href":"https:\/\/alice.ch\/it\/wp-json\/wp\/v2\/media\/20799"}],"wp:attachment":[{"href":"https:\/\/alice.ch\/it\/wp-json\/wp\/v2\/media?parent=11200"}],"curies":[{"name":"wp","href":"https:\/\/api.w.org\/{rel}","templated":true}]}}