{"id":11228,"date":"2022-07-11T12:19:39","date_gmt":"2022-07-11T10:19:39","guid":{"rendered":"https:\/\/projects.atxeit.ch\/sveb\/qualitaetslabel-eduqua\/"},"modified":"2025-07-22T09:26:25","modified_gmt":"2025-07-22T07:26:25","slug":"il-label-di-qualita-eduqua","status":"publish","type":"page","link":"https:\/\/alice.ch\/it\/qualita\/il-label-di-qualita-eduqua\/","title":{"rendered":"Il label di qualit\u00e0 eduQua"},"content":{"rendered":"\n<div class=\"wp-block-group is-style-reduced-width is-layout-flow wp-block-group-is-layout-flow\">\n<h1 class=\"wp-block-heading\">eduQua \u2013 il label di qualit\u00e0 della formazione continua<\/h1>\n\n\n\n<p class=\"is-style-lead\">eduQua \u00e8 il label di qualit\u00e0 svizzero per gli istituti di formazione continua. Promuove la trasparenza, la possibilit\u00e0 di confronto e la qualit\u00e0 delle offerte di formazione continua. In tutta la Svizzera si contano pi\u00f9 di 1\u2019000 scuole, istituti di formazione e accademie certificate eduQua.<\/p>\n\n\n\n<p class=\"is-style-default\">La certificazione non solo migliora la credibilit\u00e0 nei confronti della clientela, ma \u00e8 anche un vantaggio nei confronti delle autorit\u00e0. In molti cantoni, la certificazione eduQua \u00e8 un prerequisito per ricevere finanziamenti pubblici.<\/p>\n\n\n\n<p class=\"is-style-default\">Alla fine del 2021, la Federazione svizzera per la formazione continua FSEA, in qualit\u00e0 di ente detentore, ha messo in vigore la norma eduQua:2021 revisionata. Il label eduQua tiene conto degli attuali sviluppi della formazione continua e delle tendenze del prossimo futuro. Inoltre, la permeabilit\u00e0 tra eduQua e altri importanti label \u00e8 regolata in maniera chiara. L&#8217;orientamento e i vantaggi della norma eduQua:2021 e la procedura di certificazione sono presentati nelle pagine seguenti.<\/p>\n\n\n\n<div class=\"wp-block-group is-layout-flow wp-block-group-is-layout-flow\"><\/div>\n\n\n\n<p><\/p>\n\n\n\n<p><\/p>\n\n\n\n<div class=\"wp-block-media-text alignwide is-stacked-on-mobile is-style-icon-text\"><figure class=\"wp-block-media-text__media\"><a href=\"https:\/\/alice.ch\/it\/qualita\/il-label-di-qualita-eduqua\/la-norma-eduqua2021\/\"><img decoding=\"async\" width=\"140\" height=\"155\" src=\"https:\/\/alice.ch\/app\/uploads\/2022\/10\/icon_eduqua-Q-mblau.png\" alt=\"\" class=\"wp-image-2426 size-full\"\/><\/a><\/figure><div class=\"wp-block-media-text__content\">\n<h2 class=\"wp-block-heading\"><a href=\"https:\/\/alice.ch\/it\/qualita\/il-label-di-qualita-eduqua\/la-norma-eduqua2021\/\" target=\"_blank\" rel=\"noreferrer noopener\">eduQua:2021 &#8211; Standard di qualit\u00e0 e documenti da scaricare<\/a><\/h2>\n\n\n\n<p>Qui troverete tutte le informazioni importanti sull&#8217;attuale standard eduQua:2021 e i documenti da scaricare.<\/p>\n<\/div><\/div>\n\n\n\n<hr class=\"wp-block-separator has-alpha-channel-opacity is-style-wide\"\/>\n\n\n\n<div class=\"wp-block-media-text alignwide is-stacked-on-mobile is-style-icon-text\"><figure class=\"wp-block-media-text__media\"><a href=\"https:\/\/alice.ch\/it\/qualita\/il-label-di-qualita-eduqua\/come-ottenere-il-label-eduqua\/\"><img decoding=\"async\" width=\"304\" height=\"382\" src=\"https:\/\/alice.ch\/app\/uploads\/2022\/10\/icon_eduqua-revision-m-blau.png\" alt=\"\" class=\"wp-image-2434 size-full\" srcset=\"https:\/\/alice.ch\/app\/uploads\/2022\/10\/icon_eduqua-revision-m-blau.png 304w, https:\/\/alice.ch\/app\/uploads\/2022\/10\/icon_eduqua-revision-m-blau-239x300.png 239w\" sizes=\"(max-width: 304px) 100vw, 304px\" \/><\/a><\/figure><div class=\"wp-block-media-text__content\">\n<h2 class=\"wp-block-heading\"><a href=\"https:\/\/alice.ch\/it\/qualita\/il-label-di-qualita-eduqua\/come-ottenere-il-label-eduqua\/\">Come ottenere il label eduQua<\/a><\/h2>\n\n\n\n<p>Chi pu\u00f2 essere certificato e come funziona la procedura? Caratteristiche, attuazione e costi della procedura di certificazione<\/p>\n<\/div><\/div>\n\n\n\n<hr class=\"wp-block-separator has-alpha-channel-opacity is-style-wide\"\/>\n\n\n\n<div class=\"wp-block-media-text alignwide is-stacked-on-mobile is-style-icon-text\"><figure class=\"wp-block-media-text__media\"><a href=\"https:\/\/alice.ch\/it\/qualita\/il-label-di-qualita-eduqua\/enti-di-certificazione-autonomi-e-accreditati\/\"><img decoding=\"async\" width=\"237\" height=\"275\" src=\"https:\/\/alice.ch\/app\/uploads\/2022\/10\/icon_eduqua-zertifizierungsstellen-m-blau.png\" alt=\"\" class=\"wp-image-2449 size-full\"\/><\/a><\/figure><div class=\"wp-block-media-text__content\">\n<h2 class=\"wp-block-heading\"><a href=\"https:\/\/alice.ch\/it\/qualita\/il-label-di-qualita-eduqua\/enti-di-certificazione-autonomi-e-accreditati\/\">Enti di certificazione \u2013 autonomi e accreditati<\/a><\/h2>\n\n\n\n<p>Informazioni e contatti degli enti di certificazione accreditati e responsabili della certificazione eduQua<\/p>\n<\/div><\/div>\n\n\n\n<hr class=\"wp-block-separator has-alpha-channel-opacity is-style-wide\"\/>\n\n\n\n<div class=\"wp-block-media-text alignwide is-stacked-on-mobile is-style-icon-text\"><figure class=\"wp-block-media-text__media\"><a href=\"https:\/\/alice.ch\/it\/qualita\/il-label-di-qualita-eduqua\/istituzioni-certificate\/\"><img decoding=\"async\" width=\"235\" height=\"275\" src=\"https:\/\/alice.ch\/app\/uploads\/2022\/10\/icon_eduqua-zertifizierte-institutionen-mblau.png\" alt=\"\" class=\"wp-image-2438 size-full\"\/><\/a><\/figure><div class=\"wp-block-media-text__content\">\n<h2 class=\"wp-block-heading\"><a href=\"https:\/\/alice.ch\/it\/qualita\/il-label-di-qualita-eduqua\/istituzioni-certificate\/\">Istituti di formazione continua certificati eduQua<\/a><\/h2>\n\n\n\n<p>Registro di oltre 1000 scuole, istituti e accademie certificate eduQua.<\/p>\n<\/div><\/div>\n\n\n\n<hr class=\"wp-block-separator has-alpha-channel-opacity is-style-wide\"\/>\n\n\n\n<div class=\"wp-block-media-text alignwide is-stacked-on-mobile is-style-icon-text\"><figure class=\"wp-block-media-text__media\"><a href=\"https:\/\/alice.ch\/it\/qualita\/il-label-di-qualita-eduqua\/ente-detentore-e-organizzazione-del-label-eduqua\/\"><img decoding=\"async\" width=\"156\" height=\"269\" src=\"https:\/\/alice.ch\/app\/uploads\/2022\/10\/icon_eduqua-ausrichtung-traegerschaft-m-blau-2.png\" alt=\"\" class=\"wp-image-3482 size-full\"\/><\/a><\/figure><div class=\"wp-block-media-text__content\">\n<h2 class=\"wp-block-heading\"><a href=\"https:\/\/alice.ch\/it\/qualita\/il-label-di-qualita-eduqua\/ente-detentore-e-organizzazione-del-label-eduqua\/\">Ente detentore&nbsp;e&nbsp;sviluppo&nbsp;del label eduQua<\/a><\/h2>\n\n\n\n<p>Come \u00e8 organizzata la norma eduQua e come si \u00e8 sviluppata<\/p>\n<\/div><\/div>\n\n\n\n<hr class=\"wp-block-separator has-alpha-channel-opacity is-style-wide\"\/>\n\n\n\n<div class=\"wp-block-media-text alignwide is-stacked-on-mobile is-style-icon-text\"><figure class=\"wp-block-media-text__media\"><a href=\"https:\/\/alice.ch\/it\/qualita\/il-label-di-qualita-eduqua\/faq\/\"><img decoding=\"async\" width=\"126\" height=\"150\" src=\"https:\/\/alice.ch\/app\/uploads\/2022\/11\/icon-informieren-edu.jpeg\" alt=\"\" class=\"wp-image-30867 size-full\"\/><\/a><\/figure><div class=\"wp-block-media-text__content\">\n<h2 class=\"wp-block-heading\"><a href=\"https:\/\/alice.ch\/it\/qualita\/il-label-di-qualita-eduqua\/faq\/\">FAQ: le vostre domande \u2013 le nostre risposte<\/a><\/h2>\n\n\n\n<p>Le domande pi\u00f9 frequenti e le nostre risposte su vari argomenti<\/p>\n<\/div><\/div>\n\n\n\n<p><\/p>\n\n\n\n<h2 class=\"wp-block-heading\">Contatto<\/h2>\n\n\n\n<div class=\"wp-block-columns is-layout-flex wp-container-core-columns-is-layout-28f84493 wp-block-columns-is-layout-flex\">\n<div class=\"wp-block-column is-layout-flow wp-block-column-is-layout-flow\" style=\"flex-basis:50%\"><div class=\"contact-persons\">\n\n\t\t\t\t\t<div class=\"contact-person\">\n\t\t\t\t\tSegretariato regionale eduQua<br \/>\t\t\t\t\t\t\t\t\t\t<br \/>\n\t\t\t\t\tvia Besso 84<br \/>\r\n6900 Lugano-Massagno<br \/>\t\t\t\t\t<a href=\"tel:+41 (0)91 950 84 16\">+41 (0)91 950 84 16<\/a><br \/>\t\t\t\t\t<a href=\"mailto:fseaticino@alice.ch\">fseaticino@alice.ch<\/a><br \/>\t\t\t\t\t<\/div>\n\t\t\t\t\t<\/div>\n<\/div>\n\n\n\n<div class=\"wp-block-column is-layout-flow wp-block-column-is-layout-flow\" style=\"flex-basis:50%\"><\/div>\n<\/div>\n<\/div>\n","protected":false},"excerpt":{"rendered":"<p>eduQua \u2013 il label di qualit\u00e0 della formazione continua eduQua \u00e8 il label di qualit\u00e0 svizzero per gli istituti di [&hellip;]<\/p>\n","protected":false},"author":4,"featured_media":20799,"parent":17407,"menu_order":527,"comment_status":"closed","ping_status":"closed","template":"","meta":{"_acf_changed":false,"inline_featured_image":false,"footnotes":""},"class_list":["post-11228","page","type-page","status-publish","has-post-thumbnail","hentry"],"acf":[],"yoast_head":"<!-- This site is optimized with the Yoast SEO plugin v27.3 - https:\/\/yoast.com\/product\/yoast-seo-wordpress\/ -->\n<title>Il label di qualit\u00e0 eduQua - FSEA<\/title>\n<meta name=\"description\" content=\"eduQua, il marchio di qualit\u00e0 svizzero per la formazione continua. Tutte le informazioni sono disponibili qui.\" \/>\n<meta name=\"robots\" content=\"index, follow, max-snippet:-1, max-image-preview:large, max-video-preview:-1\" \/>\n<link rel=\"canonical\" href=\"https:\/\/alice.ch\/it\/qualita\/il-label-di-qualita-eduqua\/\" \/>\n<meta property=\"og:locale\" content=\"it_IT\" \/>\n<meta property=\"og:type\" content=\"article\" \/>\n<meta property=\"og:title\" content=\"Il label di qualit\u00e0 eduQua - FSEA\" \/>\n<meta property=\"og:description\" content=\"eduQua, il marchio di qualit\u00e0 svizzero per la formazione continua. Tutte le informazioni sono disponibili qui.\" \/>\n<meta property=\"og:url\" content=\"https:\/\/alice.ch\/it\/qualita\/il-label-di-qualita-eduqua\/\" \/>\n<meta property=\"og:site_name\" content=\"SVEB\" \/>\n<meta property=\"article:modified_time\" content=\"2025-07-22T07:26:25+00:00\" \/>\n<meta property=\"og:image\" content=\"https:\/\/alice.ch\/app\/uploads\/2022\/10\/icon_eduqua-Q-mblau.png\" \/>\n\t<meta property=\"og:image:width\" content=\"140\" \/>\n\t<meta property=\"og:image:height\" content=\"155\" \/>\n\t<meta property=\"og:image:type\" content=\"image\/png\" \/>\n<meta name=\"twitter:card\" content=\"summary_large_image\" \/>\n<meta name=\"twitter:label1\" content=\"Tempo di lettura stimato\" \/>\n\t<meta name=\"twitter:data1\" content=\"4 minuti\" \/>\n<script type=\"application\/ld+json\" class=\"yoast-schema-graph\">{\"@context\":\"https:\\\/\\\/schema.org\",\"@graph\":[{\"@type\":\"WebPage\",\"@id\":\"https:\\\/\\\/alice.ch\\\/it\\\/qualita\\\/il-label-di-qualita-eduqua\\\/\",\"url\":\"https:\\\/\\\/alice.ch\\\/it\\\/qualita\\\/il-label-di-qualita-eduqua\\\/\",\"name\":\"Il label di qualit\u00e0 eduQua - FSEA\",\"isPartOf\":{\"@id\":\"https:\\\/\\\/alice.ch\\\/it\\\/#website\"},\"primaryImageOfPage\":{\"@id\":\"https:\\\/\\\/alice.ch\\\/it\\\/qualita\\\/il-label-di-qualita-eduqua\\\/#primaryimage\"},\"image\":{\"@id\":\"https:\\\/\\\/alice.ch\\\/it\\\/qualita\\\/il-label-di-qualita-eduqua\\\/#primaryimage\"},\"thumbnailUrl\":\"https:\\\/\\\/alice.ch\\\/app\\\/uploads\\\/2022\\\/11\\\/default.jpg\",\"datePublished\":\"2022-07-11T10:19:39+00:00\",\"dateModified\":\"2025-07-22T07:26:25+00:00\",\"description\":\"eduQua, il marchio di qualit\u00e0 svizzero per la formazione continua. Tutte le informazioni sono disponibili qui.\",\"breadcrumb\":{\"@id\":\"https:\\\/\\\/alice.ch\\\/it\\\/qualita\\\/il-label-di-qualita-eduqua\\\/#breadcrumb\"},\"inLanguage\":\"it-IT\",\"potentialAction\":[{\"@type\":\"ReadAction\",\"target\":[\"https:\\\/\\\/alice.ch\\\/it\\\/qualita\\\/il-label-di-qualita-eduqua\\\/\"]}]},{\"@type\":\"ImageObject\",\"inLanguage\":\"it-IT\",\"@id\":\"https:\\\/\\\/alice.ch\\\/it\\\/qualita\\\/il-label-di-qualita-eduqua\\\/#primaryimage\",\"url\":\"https:\\\/\\\/alice.ch\\\/app\\\/uploads\\\/2022\\\/11\\\/default.jpg\",\"contentUrl\":\"https:\\\/\\\/alice.ch\\\/app\\\/uploads\\\/2022\\\/11\\\/default.jpg\",\"width\":1600,\"height\":900},{\"@type\":\"BreadcrumbList\",\"@id\":\"https:\\\/\\\/alice.ch\\\/it\\\/qualita\\\/il-label-di-qualita-eduqua\\\/#breadcrumb\",\"itemListElement\":[{\"@type\":\"ListItem\",\"position\":1,\"name\":\"Pagina iniziale\",\"item\":\"https:\\\/\\\/alice.ch\\\/it\\\/\"},{\"@type\":\"ListItem\",\"position\":2,\"name\":\"Qualit\u00e0\",\"item\":\"https:\\\/\\\/alice.ch\\\/it\\\/qualita\\\/\"},{\"@type\":\"ListItem\",\"position\":3,\"name\":\"Il label di qualit\u00e0 eduQua\"}]},{\"@type\":\"WebSite\",\"@id\":\"https:\\\/\\\/alice.ch\\\/it\\\/#website\",\"url\":\"https:\\\/\\\/alice.ch\\\/it\\\/\",\"name\":\"alice.ch (Adult Learning Information Center) ist das Portal der Weiterbildung in der Schweiz.\",\"description\":\"Schweizerischer Verband f\u00fcr Weiterbildung\",\"publisher\":{\"@id\":\"https:\\\/\\\/alice.ch\\\/it\\\/#organization\"},\"potentialAction\":[{\"@type\":\"SearchAction\",\"target\":{\"@type\":\"EntryPoint\",\"urlTemplate\":\"https:\\\/\\\/alice.ch\\\/it\\\/?s={search_term_string}\"},\"query-input\":{\"@type\":\"PropertyValueSpecification\",\"valueRequired\":true,\"valueName\":\"search_term_string\"}}],\"inLanguage\":\"it-IT\"},{\"@type\":\"Organization\",\"@id\":\"https:\\\/\\\/alice.ch\\\/it\\\/#organization\",\"name\":\"FSEA Federazione svizzera per la formazione continua\",\"url\":\"https:\\\/\\\/alice.ch\\\/it\\\/\",\"logo\":{\"@type\":\"ImageObject\",\"inLanguage\":\"it-IT\",\"@id\":\"https:\\\/\\\/alice.ch\\\/it\\\/#\\\/schema\\\/logo\\\/image\\\/\",\"url\":\"https:\\\/\\\/alice.ch\\\/app\\\/uploads\\\/2022\\\/07\\\/logo-sveb.png\",\"contentUrl\":\"https:\\\/\\\/alice.ch\\\/app\\\/uploads\\\/2022\\\/07\\\/logo-sveb.png\",\"width\":145,\"height\":64,\"caption\":\"FSEA Federazione svizzera per la formazione continua\"},\"image\":{\"@id\":\"https:\\\/\\\/alice.ch\\\/it\\\/#\\\/schema\\\/logo\\\/image\\\/\"},\"sameAs\":[\"https:\\\/\\\/www.linkedin.com\\\/company\\\/schweizerischer-verband-fr-weiterbildung-sveb\\\/\"]}]}<\/script>\n<!-- \/ Yoast SEO plugin. -->","yoast_head_json":{"title":"Il label di qualit\u00e0 eduQua - FSEA","description":"eduQua, il marchio di qualit\u00e0 svizzero per la formazione continua. Tutte le informazioni sono disponibili qui.","robots":{"index":"index","follow":"follow","max-snippet":"max-snippet:-1","max-image-preview":"max-image-preview:large","max-video-preview":"max-video-preview:-1"},"canonical":"https:\/\/alice.ch\/it\/qualita\/il-label-di-qualita-eduqua\/","og_locale":"it_IT","og_type":"article","og_title":"Il label di qualit\u00e0 eduQua - FSEA","og_description":"eduQua, il marchio di qualit\u00e0 svizzero per la formazione continua. Tutte le informazioni sono disponibili qui.","og_url":"https:\/\/alice.ch\/it\/qualita\/il-label-di-qualita-eduqua\/","og_site_name":"SVEB","article_modified_time":"2025-07-22T07:26:25+00:00","og_image":[{"width":140,"height":155,"url":"https:\/\/alice.ch\/app\/uploads\/2022\/10\/icon_eduqua-Q-mblau.png","type":"image\/png"}],"twitter_card":"summary_large_image","twitter_misc":{"Tempo di lettura stimato":"4 minuti"},"schema":{"@context":"https:\/\/schema.org","@graph":[{"@type":"WebPage","@id":"https:\/\/alice.ch\/it\/qualita\/il-label-di-qualita-eduqua\/","url":"https:\/\/alice.ch\/it\/qualita\/il-label-di-qualita-eduqua\/","name":"Il label di qualit\u00e0 eduQua - FSEA","isPartOf":{"@id":"https:\/\/alice.ch\/it\/#website"},"primaryImageOfPage":{"@id":"https:\/\/alice.ch\/it\/qualita\/il-label-di-qualita-eduqua\/#primaryimage"},"image":{"@id":"https:\/\/alice.ch\/it\/qualita\/il-label-di-qualita-eduqua\/#primaryimage"},"thumbnailUrl":"https:\/\/alice.ch\/app\/uploads\/2022\/11\/default.jpg","datePublished":"2022-07-11T10:19:39+00:00","dateModified":"2025-07-22T07:26:25+00:00","description":"eduQua, il marchio di qualit\u00e0 svizzero per la formazione continua. Tutte le informazioni sono disponibili qui.","breadcrumb":{"@id":"https:\/\/alice.ch\/it\/qualita\/il-label-di-qualita-eduqua\/#breadcrumb"},"inLanguage":"it-IT","potentialAction":[{"@type":"ReadAction","target":["https:\/\/alice.ch\/it\/qualita\/il-label-di-qualita-eduqua\/"]}]},{"@type":"ImageObject","inLanguage":"it-IT","@id":"https:\/\/alice.ch\/it\/qualita\/il-label-di-qualita-eduqua\/#primaryimage","url":"https:\/\/alice.ch\/app\/uploads\/2022\/11\/default.jpg","contentUrl":"https:\/\/alice.ch\/app\/uploads\/2022\/11\/default.jpg","width":1600,"height":900},{"@type":"BreadcrumbList","@id":"https:\/\/alice.ch\/it\/qualita\/il-label-di-qualita-eduqua\/#breadcrumb","itemListElement":[{"@type":"ListItem","position":1,"name":"Pagina iniziale","item":"https:\/\/alice.ch\/it\/"},{"@type":"ListItem","position":2,"name":"Qualit\u00e0","item":"https:\/\/alice.ch\/it\/qualita\/"},{"@type":"ListItem","position":3,"name":"Il label di qualit\u00e0 eduQua"}]},{"@type":"WebSite","@id":"https:\/\/alice.ch\/it\/#website","url":"https:\/\/alice.ch\/it\/","name":"alice.ch (Adult Learning Information Center) ist das Portal der Weiterbildung in der Schweiz.","description":"Schweizerischer Verband f\u00fcr Weiterbildung","publisher":{"@id":"https:\/\/alice.ch\/it\/#organization"},"potentialAction":[{"@type":"SearchAction","target":{"@type":"EntryPoint","urlTemplate":"https:\/\/alice.ch\/it\/?s={search_term_string}"},"query-input":{"@type":"PropertyValueSpecification","valueRequired":true,"valueName":"search_term_string"}}],"inLanguage":"it-IT"},{"@type":"Organization","@id":"https:\/\/alice.ch\/it\/#organization","name":"FSEA Federazione svizzera per la formazione continua","url":"https:\/\/alice.ch\/it\/","logo":{"@type":"ImageObject","inLanguage":"it-IT","@id":"https:\/\/alice.ch\/it\/#\/schema\/logo\/image\/","url":"https:\/\/alice.ch\/app\/uploads\/2022\/07\/logo-sveb.png","contentUrl":"https:\/\/alice.ch\/app\/uploads\/2022\/07\/logo-sveb.png","width":145,"height":64,"caption":"FSEA Federazione svizzera per la formazione continua"},"image":{"@id":"https:\/\/alice.ch\/it\/#\/schema\/logo\/image\/"},"sameAs":["https:\/\/www.linkedin.com\/company\/schweizerischer-verband-fr-weiterbildung-sveb\/"]}]}},"_links":{"self":[{"href":"https:\/\/alice.ch\/it\/wp-json\/wp\/v2\/pages\/11228","targetHints":{"allow":["GET"]}}],"collection":[{"href":"https:\/\/alice.ch\/it\/wp-json\/wp\/v2\/pages"}],"about":[{"href":"https:\/\/alice.ch\/it\/wp-json\/wp\/v2\/types\/page"}],"author":[{"embeddable":true,"href":"https:\/\/alice.ch\/it\/wp-json\/wp\/v2\/users\/4"}],"replies":[{"embeddable":true,"href":"https:\/\/alice.ch\/it\/wp-json\/wp\/v2\/comments?post=11228"}],"version-history":[{"count":44,"href":"https:\/\/alice.ch\/it\/wp-json\/wp\/v2\/pages\/11228\/revisions"}],"predecessor-version":[{"id":69574,"href":"https:\/\/alice.ch\/it\/wp-json\/wp\/v2\/pages\/11228\/revisions\/69574"}],"up":[{"embeddable":true,"href":"https:\/\/alice.ch\/it\/wp-json\/wp\/v2\/pages\/17407"}],"wp:featuredmedia":[{"embeddable":true,"href":"https:\/\/alice.ch\/it\/wp-json\/wp\/v2\/media\/20799"}],"wp:attachment":[{"href":"https:\/\/alice.ch\/it\/wp-json\/wp\/v2\/media?parent=11228"}],"curies":[{"name":"wp","href":"https:\/\/api.w.org\/{rel}","templated":true}]}}