{"id":11232,"date":"2022-08-16T17:45:51","date_gmt":"2022-08-16T15:45:51","guid":{"rendered":"https:\/\/projects.atxeit.ch\/sveb\/qualitaetslabel-eduqua\/der-weg-zum-eduqua-label\/"},"modified":"2024-04-16T14:10:24","modified_gmt":"2024-04-16T12:10:24","slug":"come-ottenere-il-label-eduqua","status":"publish","type":"page","link":"https:\/\/alice.ch\/it\/qualita\/il-label-di-qualita-eduqua\/come-ottenere-il-label-eduqua\/","title":{"rendered":"Come ottenere il label eduQua"},"content":{"rendered":"\n<div class=\"wp-block-group is-style-reduced-width is-layout-constrained wp-block-group-is-layout-constrained\">\n<div class=\"wp-block-group is-style-default is-layout-flow wp-block-group-is-layout-flow\">\n<div class=\"wp-block-group is-layout-flow wp-block-group-is-layout-flow\">\n<h1 class=\"wp-block-heading\">Come ottenere il label eduQua<\/h1>\n\n\n\n<p>La certificazione secondo il label eduQua \u00e8 aperta a tutti gli istituti di formazione per adulti e continua che desiderano sviluppare e dimostrare la loro qualit\u00e0. Oltre agli istituti di formazione continua sostenuti dallo stato (enti pubblici e privati), possono essere certificati anche gli istituti di formazione continua orientata alla professione e in tutti gli altri settori.<\/p>\n\n\n\n<div class=\"wp-block-group is-style-run-to-edge has-primary-background-color has-background is-layout-flow wp-block-group-is-layout-flow\">\n<p class=\"is-style-lead has-background-color has-text-color has-medium-font-size\"><strong>Principio:&nbsp;<\/strong>eduQua \u00e8 un certificato per istituti di formazione continua, non per singoli programmi formativi o persone. Possono essere certificati gli istituti di formazione continua o i dipartimenti di formazione continua di un&#8217;azienda.<\/p>\n<\/div>\n\n\n\n<p><br>Nella procedura di certificazione, gli istituti dimostrano di soddisfare i requisiti di qualit\u00e0 specificati e di aver stabilito un sistema di qualit\u00e0 efficace.<\/p>\n\n\n\n<p>La procedura viene effettuata da&nbsp;<a href=\"https:\/\/alice.ch\/it\/qualita\/il-label-di-qualita-eduqua\/enti-di-certificazione-autonomi-e-accreditati\/\">enti di certificazione<\/a>&nbsp;con accreditamento eduQua.<\/p>\n\n\n\n<h2 class=\"wp-block-heading\">Requisiti di qualit\u00e0 e certificazione<\/h2>\n\n\n\n<p>I criteri e i requisiti eduQua danno chiare linee guida e molti suggerimenti su come gli istituti di formazione continua possono costruire il proprio sistema di qualit\u00e0. Con l&#8217;autovalutazione, si esamina lo stato del sistema di gestione e la qualit\u00e0 della formazione continua offerto. Cos\u00ec facendo, si identificano opportunit\u00e0 e possibilit\u00e0 per lo sviluppo interno. Per ottenere la certificazione eduQua, un istituto deve soddisfare i requisiti minimi dei criteri. Questi sono dettagliati nel documento norma di qualit\u00e0 eduQua:2021.<\/p>\n\n\n\n<p>Come parte del processo di certificazione, gli istituti ricevono un feedback sullo stato della gestione della qualit\u00e0 del proprio istituto e consigli per un ulteriore sviluppo. Per la certificazione, compilano un dossier sulla garanzia e lo sviluppo della qualit\u00e0 nella propria istituzione, secondo i 19 criteri eduQua. L&#8217;implementazione e l&#8217;efficacia del sistema di qualit\u00e0 sono controllate con un audit in loco.<\/p>\n\n\n\n<p>La certificazione viene rinnovata ogni tre anni. Negli audit intermedi a cadenza annuale, vengono esaminati i cambiamenti pi\u00f9 importanti nell&#8217;organizzazione e i cambiamenti su in ci\u00f2 che viene offerto.<\/p>\n\n\n\n<figure class=\"wp-block-image size-large\"><img decoding=\"async\" width=\"1024\" height=\"261\" src=\"https:\/\/alice.ch\/app\/uploads\/2022\/11\/Phasen_Zertifizierung_IT-1024x261.png\" alt=\"\" class=\"wp-image-17669\" srcset=\"https:\/\/alice.ch\/app\/uploads\/2022\/11\/Phasen_Zertifizierung_IT-1024x261.png 1024w, https:\/\/alice.ch\/app\/uploads\/2022\/11\/Phasen_Zertifizierung_IT-300x77.png 300w, https:\/\/alice.ch\/app\/uploads\/2022\/11\/Phasen_Zertifizierung_IT-768x196.png 768w, https:\/\/alice.ch\/app\/uploads\/2022\/11\/Phasen_Zertifizierung_IT.png 1446w\" sizes=\"(max-width: 1024px) 100vw, 1024px\" \/><\/figure>\n\n\n\n<h2 class=\"wp-block-heading\">Procedure e costi<\/h2>\n\n\n\n<p>La procedura di certificazione e i costi variano a seconda delle dimensioni dell&#8217;istituto di formazione continua. La procedura \u00e8 divisa in tre categorie definite in base al numero di lezioni svolte annualmente dalle persone partecipanti rispettivamente dalle ore di apprendimento delle persone partecipanti:<\/p>\n\n\n\n<figure class=\"wp-block-table is-style-stripes\"><table><thead><tr><th class=\"has-text-align-left\" data-align=\"left\"><strong><strong>Entit\u00e0 delle prestazioni dell\u2019istituzione<\/strong><\/strong><\/th><th class=\"has-text-align-left\" data-align=\"left\"><strong><strong>Procedura<\/strong><\/strong><\/th><th class=\"has-text-align-left\" data-align=\"left\"><strong><strong>Costi<\/strong><\/strong><\/th><\/tr><\/thead><tbody><tr><td class=\"has-text-align-left\" data-align=\"left\">Meno di 25\u2019000 lezioni x&nbsp; partecipanti<\/td><td class=\"has-text-align-left\" data-align=\"left\">Procedura A<\/td><td class=\"has-text-align-left\" data-align=\"left\">Tetto massimo di CHF 4\u2019950.\u2013 IVA e spese escluse<\/td><\/tr><tr><td class=\"has-text-align-left\" data-align=\"left\">Da 25\u2019000 lezioni x partecipanti<br>a 100\u2019000 lezioni x partecipanti<\/td><td class=\"has-text-align-left\" data-align=\"left\">Procedura B<\/td><td class=\"has-text-align-left\" data-align=\"left\">&nbsp;Costi in base all\u2019offerta dell\u2019ente di certificazione<\/td><\/tr><tr><td class=\"has-text-align-left\" data-align=\"left\">Oltre 100\u2019000 lezioni x partecipanti<\/td><td class=\"has-text-align-left\" data-align=\"left\">Procedura C<\/td><td class=\"has-text-align-left\" data-align=\"left\">Costi in base all\u2019offerta dell\u2019ente di certificazione<\/td><\/tr><\/tbody><\/table><figcaption class=\"wp-element-caption\"><br>Un esempio di calcolo per il numero medio di lezioni o ore di apprendimento dei partecipanti negli ultimi tre anni pu\u00f2 essere trovato nel documento \u201cGuida\u201d.\u00a0<br>I prezzi includono un importo di 500 franchi per certificazione a beneficio del segretariato eduQua (400 franchi per eduQua:2012). Questo importo viene utilizzato per il mantenimento e l&#8217;ulteriore\u00a0<a href=\"https:\/\/alice.ch\/it\/qualita\/il-label-di-qualita-eduqua\/ente-detentore-e-organizzazione-del-label-eduqua\/\">sviluppo<\/a>\u00a0del label di qualit\u00e0.<br>Le spese straordinarie, ad esempio in caso di un\u2019ulteriore verifica in loco a causa di gravi non conformit\u00e0, possono essere addebitate dagli\u00a0<a href=\"https:\/\/alice.ch\/it\/qualita\/il-label-di-qualita-eduqua\/enti-di-certificazione-autonomi-e-accreditati\/\">enti di certificazione<\/a>.<br>Tutte le ulteriori informazioni sulla procedura possono essere ottenute direttamente dagli\u00a0<a href=\"https:\/\/alice.ch\/it\/qualita\/il-label-di-qualita-eduqua\/enti-di-certificazione-autonomi-e-accreditati\/\">enti di certificazione<\/a>.<\/figcaption><\/figure>\n\n\n\n<p><\/p>\n<\/div>\n\n\n\n<p>Un modello per l&#8217;autovalutazione, la domanda di certificazione e altri documenti possono essere scaricati dalla pagina <a href=\"https:\/\/alice.ch\/it\/qualita\/il-label-di-qualita-eduqua\/la-norma-eduqua2021\/\">eduQua:2021 \u2013 i vantaggi a colpo d\u2019occhio<\/a><\/p>\n\n\n\n<div class=\"wp-block-group is-layout-constrained wp-block-group-is-layout-constrained\"><\/div>\n<\/div>\n\n\n\n<div class=\"wp-block-group is-style-default is-layout-flow wp-block-group-is-layout-flow\">\n<h2 class=\"wp-block-heading\">Contatto<\/h2>\n\n\n\n<div class=\"wp-block-columns is-layout-flex wp-container-core-columns-is-layout-28f84493 wp-block-columns-is-layout-flex\">\n<div class=\"wp-block-column is-layout-flow wp-block-column-is-layout-flow\" style=\"flex-basis:50%\"><div class=\"contact-persons\">\n\n\t\t\t\t\t<div class=\"contact-person\">\n\t\t\t\t\tSegretariato regionale eduQua<br \/>\t\t\t\t\t\t\t\t\t\t<br \/>\n\t\t\t\t\tvia Besso 84<br \/>\r\n6900 Lugano-Massagno<br \/>\t\t\t\t\t<a href=\"tel:+41 (0)91 950 84 16\">+41 (0)91 950 84 16<\/a><br \/>\t\t\t\t\t<a href=\"mailto:fseaticino@alice.ch\">fseaticino@alice.ch<\/a><br \/>\t\t\t\t\t<\/div>\n\t\t\t\t\t<\/div>\n<\/div>\n\n\n\n<div class=\"wp-block-column is-layout-flow wp-block-column-is-layout-flow\" style=\"flex-basis:50%\"><\/div>\n<\/div>\n<\/div>\n<\/div>\n","protected":false},"excerpt":{"rendered":"<p>Come ottenere il label eduQua La certificazione secondo il label eduQua \u00e8 aperta a tutti gli istituti di formazione per [&hellip;]<\/p>\n","protected":false},"author":4,"featured_media":20799,"parent":11228,"menu_order":564,"comment_status":"closed","ping_status":"closed","template":"","meta":{"_acf_changed":false,"inline_featured_image":false,"footnotes":""},"class_list":["post-11232","page","type-page","status-publish","has-post-thumbnail","hentry"],"acf":[],"yoast_head":"<!-- This site is optimized with the Yoast SEO plugin v27.3 - https:\/\/yoast.com\/product\/yoast-seo-wordpress\/ -->\n<title>Come ottenere il label eduQua - FSEA<\/title>\n<meta name=\"description\" content=\"Informazioni per le istituzioni su requisiti di qualit\u00e0, certificazione, procedure, costi, documenti eduQua:21\" \/>\n<meta name=\"robots\" content=\"index, follow, max-snippet:-1, max-image-preview:large, max-video-preview:-1\" \/>\n<link rel=\"canonical\" href=\"https:\/\/alice.ch\/it\/qualita\/il-label-di-qualita-eduqua\/come-ottenere-il-label-eduqua\/\" \/>\n<meta property=\"og:locale\" content=\"it_IT\" \/>\n<meta property=\"og:type\" content=\"article\" \/>\n<meta property=\"og:title\" content=\"Come ottenere il label eduQua - FSEA\" \/>\n<meta property=\"og:description\" content=\"Informazioni per le istituzioni su requisiti di qualit\u00e0, certificazione, procedure, costi, documenti eduQua:21\" \/>\n<meta property=\"og:url\" content=\"https:\/\/alice.ch\/it\/qualita\/il-label-di-qualita-eduqua\/come-ottenere-il-label-eduqua\/\" \/>\n<meta property=\"og:site_name\" content=\"SVEB\" \/>\n<meta property=\"article:modified_time\" content=\"2024-04-16T12:10:24+00:00\" \/>\n<meta property=\"og:image\" content=\"https:\/\/alice.ch\/app\/uploads\/2022\/11\/Phasen_Zertifizierung_IT-1024x261.png\" \/>\n<meta name=\"twitter:card\" content=\"summary_large_image\" \/>\n<meta name=\"twitter:label1\" content=\"Tempo di lettura stimato\" \/>\n\t<meta name=\"twitter:data1\" content=\"4 minuti\" \/>\n<script type=\"application\/ld+json\" class=\"yoast-schema-graph\">{\"@context\":\"https:\\\/\\\/schema.org\",\"@graph\":[{\"@type\":\"WebPage\",\"@id\":\"https:\\\/\\\/alice.ch\\\/it\\\/qualita\\\/il-label-di-qualita-eduqua\\\/come-ottenere-il-label-eduqua\\\/\",\"url\":\"https:\\\/\\\/alice.ch\\\/it\\\/qualita\\\/il-label-di-qualita-eduqua\\\/come-ottenere-il-label-eduqua\\\/\",\"name\":\"Come ottenere il label eduQua - FSEA\",\"isPartOf\":{\"@id\":\"https:\\\/\\\/alice.ch\\\/it\\\/#website\"},\"primaryImageOfPage\":{\"@id\":\"https:\\\/\\\/alice.ch\\\/it\\\/qualita\\\/il-label-di-qualita-eduqua\\\/come-ottenere-il-label-eduqua\\\/#primaryimage\"},\"image\":{\"@id\":\"https:\\\/\\\/alice.ch\\\/it\\\/qualita\\\/il-label-di-qualita-eduqua\\\/come-ottenere-il-label-eduqua\\\/#primaryimage\"},\"thumbnailUrl\":\"https:\\\/\\\/alice.ch\\\/app\\\/uploads\\\/2022\\\/11\\\/default.jpg\",\"datePublished\":\"2022-08-16T15:45:51+00:00\",\"dateModified\":\"2024-04-16T12:10:24+00:00\",\"description\":\"Informazioni per le istituzioni su requisiti di qualit\u00e0, certificazione, procedure, costi, documenti eduQua:21\",\"breadcrumb\":{\"@id\":\"https:\\\/\\\/alice.ch\\\/it\\\/qualita\\\/il-label-di-qualita-eduqua\\\/come-ottenere-il-label-eduqua\\\/#breadcrumb\"},\"inLanguage\":\"it-IT\",\"potentialAction\":[{\"@type\":\"ReadAction\",\"target\":[\"https:\\\/\\\/alice.ch\\\/it\\\/qualita\\\/il-label-di-qualita-eduqua\\\/come-ottenere-il-label-eduqua\\\/\"]}]},{\"@type\":\"ImageObject\",\"inLanguage\":\"it-IT\",\"@id\":\"https:\\\/\\\/alice.ch\\\/it\\\/qualita\\\/il-label-di-qualita-eduqua\\\/come-ottenere-il-label-eduqua\\\/#primaryimage\",\"url\":\"https:\\\/\\\/alice.ch\\\/app\\\/uploads\\\/2022\\\/11\\\/default.jpg\",\"contentUrl\":\"https:\\\/\\\/alice.ch\\\/app\\\/uploads\\\/2022\\\/11\\\/default.jpg\",\"width\":1600,\"height\":900},{\"@type\":\"BreadcrumbList\",\"@id\":\"https:\\\/\\\/alice.ch\\\/it\\\/qualita\\\/il-label-di-qualita-eduqua\\\/come-ottenere-il-label-eduqua\\\/#breadcrumb\",\"itemListElement\":[{\"@type\":\"ListItem\",\"position\":1,\"name\":\"Pagina iniziale\",\"item\":\"https:\\\/\\\/alice.ch\\\/it\\\/\"},{\"@type\":\"ListItem\",\"position\":2,\"name\":\"Qualit\u00e0\",\"item\":\"https:\\\/\\\/alice.ch\\\/it\\\/qualita\\\/\"},{\"@type\":\"ListItem\",\"position\":3,\"name\":\"Il label di qualit\u00e0 eduQua\",\"item\":\"https:\\\/\\\/alice.ch\\\/it\\\/qualita\\\/il-label-di-qualita-eduqua\\\/\"},{\"@type\":\"ListItem\",\"position\":4,\"name\":\"Come ottenere il label eduQua\"}]},{\"@type\":\"WebSite\",\"@id\":\"https:\\\/\\\/alice.ch\\\/it\\\/#website\",\"url\":\"https:\\\/\\\/alice.ch\\\/it\\\/\",\"name\":\"alice.ch (Adult Learning Information Center) ist das Portal der Weiterbildung in der Schweiz.\",\"description\":\"Schweizerischer Verband f\u00fcr Weiterbildung\",\"publisher\":{\"@id\":\"https:\\\/\\\/alice.ch\\\/it\\\/#organization\"},\"potentialAction\":[{\"@type\":\"SearchAction\",\"target\":{\"@type\":\"EntryPoint\",\"urlTemplate\":\"https:\\\/\\\/alice.ch\\\/it\\\/?s={search_term_string}\"},\"query-input\":{\"@type\":\"PropertyValueSpecification\",\"valueRequired\":true,\"valueName\":\"search_term_string\"}}],\"inLanguage\":\"it-IT\"},{\"@type\":\"Organization\",\"@id\":\"https:\\\/\\\/alice.ch\\\/it\\\/#organization\",\"name\":\"FSEA Federazione svizzera per la formazione continua\",\"url\":\"https:\\\/\\\/alice.ch\\\/it\\\/\",\"logo\":{\"@type\":\"ImageObject\",\"inLanguage\":\"it-IT\",\"@id\":\"https:\\\/\\\/alice.ch\\\/it\\\/#\\\/schema\\\/logo\\\/image\\\/\",\"url\":\"https:\\\/\\\/alice.ch\\\/app\\\/uploads\\\/2022\\\/07\\\/logo-sveb.png\",\"contentUrl\":\"https:\\\/\\\/alice.ch\\\/app\\\/uploads\\\/2022\\\/07\\\/logo-sveb.png\",\"width\":145,\"height\":64,\"caption\":\"FSEA Federazione svizzera per la formazione continua\"},\"image\":{\"@id\":\"https:\\\/\\\/alice.ch\\\/it\\\/#\\\/schema\\\/logo\\\/image\\\/\"},\"sameAs\":[\"https:\\\/\\\/www.linkedin.com\\\/company\\\/schweizerischer-verband-fr-weiterbildung-sveb\\\/\"]}]}<\/script>\n<!-- \/ Yoast SEO plugin. -->","yoast_head_json":{"title":"Come ottenere il label eduQua - FSEA","description":"Informazioni per le istituzioni su requisiti di qualit\u00e0, certificazione, procedure, costi, documenti eduQua:21","robots":{"index":"index","follow":"follow","max-snippet":"max-snippet:-1","max-image-preview":"max-image-preview:large","max-video-preview":"max-video-preview:-1"},"canonical":"https:\/\/alice.ch\/it\/qualita\/il-label-di-qualita-eduqua\/come-ottenere-il-label-eduqua\/","og_locale":"it_IT","og_type":"article","og_title":"Come ottenere il label eduQua - FSEA","og_description":"Informazioni per le istituzioni su requisiti di qualit\u00e0, certificazione, procedure, costi, documenti eduQua:21","og_url":"https:\/\/alice.ch\/it\/qualita\/il-label-di-qualita-eduqua\/come-ottenere-il-label-eduqua\/","og_site_name":"SVEB","article_modified_time":"2024-04-16T12:10:24+00:00","og_image":[{"url":"https:\/\/alice.ch\/app\/uploads\/2022\/11\/Phasen_Zertifizierung_IT-1024x261.png","type":"","width":"","height":""}],"twitter_card":"summary_large_image","twitter_misc":{"Tempo di lettura stimato":"4 minuti"},"schema":{"@context":"https:\/\/schema.org","@graph":[{"@type":"WebPage","@id":"https:\/\/alice.ch\/it\/qualita\/il-label-di-qualita-eduqua\/come-ottenere-il-label-eduqua\/","url":"https:\/\/alice.ch\/it\/qualita\/il-label-di-qualita-eduqua\/come-ottenere-il-label-eduqua\/","name":"Come ottenere il label eduQua - FSEA","isPartOf":{"@id":"https:\/\/alice.ch\/it\/#website"},"primaryImageOfPage":{"@id":"https:\/\/alice.ch\/it\/qualita\/il-label-di-qualita-eduqua\/come-ottenere-il-label-eduqua\/#primaryimage"},"image":{"@id":"https:\/\/alice.ch\/it\/qualita\/il-label-di-qualita-eduqua\/come-ottenere-il-label-eduqua\/#primaryimage"},"thumbnailUrl":"https:\/\/alice.ch\/app\/uploads\/2022\/11\/default.jpg","datePublished":"2022-08-16T15:45:51+00:00","dateModified":"2024-04-16T12:10:24+00:00","description":"Informazioni per le istituzioni su requisiti di qualit\u00e0, certificazione, procedure, costi, documenti eduQua:21","breadcrumb":{"@id":"https:\/\/alice.ch\/it\/qualita\/il-label-di-qualita-eduqua\/come-ottenere-il-label-eduqua\/#breadcrumb"},"inLanguage":"it-IT","potentialAction":[{"@type":"ReadAction","target":["https:\/\/alice.ch\/it\/qualita\/il-label-di-qualita-eduqua\/come-ottenere-il-label-eduqua\/"]}]},{"@type":"ImageObject","inLanguage":"it-IT","@id":"https:\/\/alice.ch\/it\/qualita\/il-label-di-qualita-eduqua\/come-ottenere-il-label-eduqua\/#primaryimage","url":"https:\/\/alice.ch\/app\/uploads\/2022\/11\/default.jpg","contentUrl":"https:\/\/alice.ch\/app\/uploads\/2022\/11\/default.jpg","width":1600,"height":900},{"@type":"BreadcrumbList","@id":"https:\/\/alice.ch\/it\/qualita\/il-label-di-qualita-eduqua\/come-ottenere-il-label-eduqua\/#breadcrumb","itemListElement":[{"@type":"ListItem","position":1,"name":"Pagina iniziale","item":"https:\/\/alice.ch\/it\/"},{"@type":"ListItem","position":2,"name":"Qualit\u00e0","item":"https:\/\/alice.ch\/it\/qualita\/"},{"@type":"ListItem","position":3,"name":"Il label di qualit\u00e0 eduQua","item":"https:\/\/alice.ch\/it\/qualita\/il-label-di-qualita-eduqua\/"},{"@type":"ListItem","position":4,"name":"Come ottenere il label eduQua"}]},{"@type":"WebSite","@id":"https:\/\/alice.ch\/it\/#website","url":"https:\/\/alice.ch\/it\/","name":"alice.ch (Adult Learning Information Center) ist das Portal der Weiterbildung in der Schweiz.","description":"Schweizerischer Verband f\u00fcr Weiterbildung","publisher":{"@id":"https:\/\/alice.ch\/it\/#organization"},"potentialAction":[{"@type":"SearchAction","target":{"@type":"EntryPoint","urlTemplate":"https:\/\/alice.ch\/it\/?s={search_term_string}"},"query-input":{"@type":"PropertyValueSpecification","valueRequired":true,"valueName":"search_term_string"}}],"inLanguage":"it-IT"},{"@type":"Organization","@id":"https:\/\/alice.ch\/it\/#organization","name":"FSEA Federazione svizzera per la formazione continua","url":"https:\/\/alice.ch\/it\/","logo":{"@type":"ImageObject","inLanguage":"it-IT","@id":"https:\/\/alice.ch\/it\/#\/schema\/logo\/image\/","url":"https:\/\/alice.ch\/app\/uploads\/2022\/07\/logo-sveb.png","contentUrl":"https:\/\/alice.ch\/app\/uploads\/2022\/07\/logo-sveb.png","width":145,"height":64,"caption":"FSEA Federazione svizzera per la formazione continua"},"image":{"@id":"https:\/\/alice.ch\/it\/#\/schema\/logo\/image\/"},"sameAs":["https:\/\/www.linkedin.com\/company\/schweizerischer-verband-fr-weiterbildung-sveb\/"]}]}},"_links":{"self":[{"href":"https:\/\/alice.ch\/it\/wp-json\/wp\/v2\/pages\/11232","targetHints":{"allow":["GET"]}}],"collection":[{"href":"https:\/\/alice.ch\/it\/wp-json\/wp\/v2\/pages"}],"about":[{"href":"https:\/\/alice.ch\/it\/wp-json\/wp\/v2\/types\/page"}],"author":[{"embeddable":true,"href":"https:\/\/alice.ch\/it\/wp-json\/wp\/v2\/users\/4"}],"replies":[{"embeddable":true,"href":"https:\/\/alice.ch\/it\/wp-json\/wp\/v2\/comments?post=11232"}],"version-history":[{"count":16,"href":"https:\/\/alice.ch\/it\/wp-json\/wp\/v2\/pages\/11232\/revisions"}],"predecessor-version":[{"id":59330,"href":"https:\/\/alice.ch\/it\/wp-json\/wp\/v2\/pages\/11232\/revisions\/59330"}],"up":[{"embeddable":true,"href":"https:\/\/alice.ch\/it\/wp-json\/wp\/v2\/pages\/11228"}],"wp:featuredmedia":[{"embeddable":true,"href":"https:\/\/alice.ch\/it\/wp-json\/wp\/v2\/media\/20799"}],"wp:attachment":[{"href":"https:\/\/alice.ch\/it\/wp-json\/wp\/v2\/media?parent=11232"}],"curies":[{"name":"wp","href":"https:\/\/api.w.org\/{rel}","templated":true}]}}