{"id":11242,"date":"2022-08-16T17:47:14","date_gmt":"2022-08-16T15:47:14","guid":{"rendered":"https:\/\/projects.atxeit.ch\/sveb\/qualitaetslabel-eduqua\/traegerschaft-und-entwicklung-des-eduqua-labels\/"},"modified":"2025-10-13T16:26:59","modified_gmt":"2025-10-13T14:26:59","slug":"ente-detentore-e-organizzazione-del-label-eduqua","status":"publish","type":"page","link":"https:\/\/alice.ch\/it\/qualita\/il-label-di-qualita-eduqua\/ente-detentore-e-organizzazione-del-label-eduqua\/","title":{"rendered":"Ente detentore e sviluppo del label eduQua"},"content":{"rendered":"\n<div class=\"wp-block-group is-style-default is-layout-flow wp-block-group-is-layout-flow\">\n<div class=\"wp-block-group is-style-reduced-width is-layout-constrained wp-block-group-is-layout-constrained\">\n<h1 class=\"wp-block-heading\">Ente detentore e sviluppo del label eduQua<\/h1>\n\n\n\n<p class=\"is-style-lead\">La Federazione svizzera per la formazione continua FSEA \u00e8 l&#8217;unica detentrice del label di qualit\u00e0 eduQua dal 2018. Gestisce il segretariato eduQua e assicura il funzionamento del sistema. Il&nbsp;comitato della FSEA&nbsp;funge da comitato direttivo.<\/p>\n\n\n\n<p>Il gruppo di accompagnamento di eduQua ha un ruolo importante nell&#8217;ulteriore sviluppo del label. I suoi membri sono rappresentanti del settore pubblico e degli organi di finanziamento, cos\u00ec come degli istituti privati e pubblici di formazione continua.<\/p>\n\n\n\n<p>Gli <a href=\"https:\/\/alice.ch\/it\/qualita\/il-label-di-qualita-eduqua\/enti-di-certificazione-autonomi-e-accreditati\/\">enti di certificazione<\/a> sono responsabili dell&#8217;esecuzione della procedura di certificazione presso gli istituti di formazione continua. Questi sono accreditati dal <a href=\"https:\/\/www.sas.admin.ch\/sas\/it\/home.html\" target=\"_blank\" rel=\"noreferrer noopener\">Servizio di accreditamento svizzero (SAS)<\/a>.<\/p>\n\n\n\n<h2 class=\"wp-block-heading\">Gruppo di accompagnamento eduQua: composizione<\/h2>\n\n\n\n<p>Le organizzazioni seguenti fanno parte del gruppo di accompagnamento:&nbsp;<\/p>\n\n\n\n<h3 class=\"wp-block-heading\">Strutture di sostegno \/ settore pubblico<\/h3>\n\n\n\n<ul class=\"wp-block-list\">\n<li><a href=\"https:\/\/www.seco.admin.ch\/seco\/it\/home.html\" target=\"_blank\" rel=\"noreferrer noopener\">Segreteria di Stato dell&#8217;economia (SECO)<\/a><\/li>\n\n\n\n<li><a href=\"https:\/\/vsaa.ch\/\" target=\"_blank\" rel=\"noreferrer noopener\">Associazione degli uffici svizzeri del lavoro&nbsp;(AUSL)<\/a><\/li>\n\n\n\n<li><a href=\"https:\/\/www.sbfi.admin.ch\/sbfi\/it\/home.html\" target=\"_blank\" rel=\"noreferrer noopener\">Segreteria di Stato per la formazione, la ricerca e l&#8217;innovazione (SEFRI)<\/a><\/li>\n\n\n\n<li><a href=\"https:\/\/www.sem.admin.ch\/sem\/it\/home.html\" target=\"_blank\" rel=\"noreferrer noopener\">Segreteria di Stato della migrazione (SEM)<\/a><\/li>\n\n\n\n<li><a href=\"https:\/\/www.ifc.ti.ch\/\">Instituto della formazione continua (IFC) Ticino<\/a><\/li>\n\n\n\n<li><a href=\"https:\/\/www.edk.ch\/it\">Conferenza delle direttrici e dei direttori cantonali della pubblica educazione (CDPE)<\/a>, rappresentata da:\n<ul class=\"wp-block-list\">\n<li><a href=\"https:\/\/www.edk.ch\/de\/sbbk\/\">Conferenza svizzera degli uffici della formazione professionale (CSFP)<\/a><\/li>\n\n\n\n<li><a href=\"https:\/\/www.edk.ch\/de\/themen\/berufsbildung\/swbk\">Conferenza svizzera della formazione continua (CSFC)<\/a><\/li>\n<\/ul>\n<\/li>\n<\/ul>\n\n\n\n<h3 class=\"wp-block-heading\">Prestatari di formazione continua<\/h3>\n\n\n\n<ul class=\"wp-block-list\">\n<li><a href=\"https:\/\/www.cip-tramelan.ch\/\">CIP (Centre interr\u00e9gional de perfectionnement) Tramelan<\/a><\/li>\n\n\n\n<li><a href=\"https:\/\/www.lernwerkstatt.ch\/\" target=\"_blank\" rel=\"noreferrer noopener\">Lernwerkstatt Olten<\/a><\/li>\n\n\n\n<li><a href=\"https:\/\/www.miduca.ch\/\">Miduca AG<\/a><\/li>\n\n\n\n<li><a href=\"https:\/\/www.perform.training\/\">PERFORM Yverdon-les-Bains<\/a><\/li>\n<\/ul>\n\n\n\n<h3 class=\"wp-block-heading\">Enti di certificazione<\/h3>\n\n\n\n<ul class=\"wp-block-list\">\n<li>Rappresentante degli enti di certificazione:&nbsp;<a href=\"http:\/\/www.sqs.ch\/it\" target=\"_blank\" rel=\"noreferrer noopener\">Associazione Svizzera per Sistemi di Qualit\u00e0 e di Managment (SQS)<\/a><\/li>\n<\/ul>\n\n\n\n<h2 class=\"wp-block-heading\">Organizzazione eduQua<\/h2>\n\n\n\n<div class=\"wp-block-columns is-layout-flex wp-container-core-columns-is-layout-28f84493 wp-block-columns-is-layout-flex\">\n<div class=\"wp-block-column is-layout-flow wp-block-column-is-layout-flow\" style=\"flex-basis:50%\">\n<div class=\"wp-block-file\"><a id=\"wp-block-file--media-eec9df04-5b29-4ed0-89c9-db8c1ad39e07\" href=\"https:\/\/alice.ch\/app\/uploads\/2022\/11\/Organizzazione_eduQua.pdf\" target=\"_blank\" rel=\"noreferrer noopener\">Struttura organizzativa eduQua<br \/>PDF &#8211; 133 KB<\/a><\/div>\n<\/div>\n\n\n\n<div class=\"wp-block-column is-layout-flow wp-block-column-is-layout-flow\" style=\"flex-basis:50%\"><\/div>\n<\/div>\n\n\n\n<h2 class=\"wp-block-heading\">Ulteriore sviluppo del label eduQua<\/h2>\n\n\n\n<p>Il label di qualit\u00e0 eduQua \u00e8 stato sviluppato alla fine degli anni &#8217;90 su mandato della Segreteria di Stato dell\u2019economia (SECO), dell\u2019allora Ufficio federale della formazione professionale e della tecnologia (UFFT, oggi Segreteria di Stato per la formazione, la ricerca e l\u2019innovazione SEFRI), della Deutschschweizerischen Berufsbildungs\u00e4mter-Konferenz (DBK \u2013 Conferenza degli uffici di formazione professionale della Svizzera tedesca) e della Federazione svizzera per la formazione continua (FSEA).<\/p>\n\n\n\n<p>eduQua \u00e8 il label di qualit\u00e0 svizzero per la formazione continua ed \u00e8 stata la prima norma di qualit\u00e0 adattata alla formazione degli adulti e agli istituti di formazione continua. Viene certificato tutto l\u2019istituto, non una singola offerta formativa o una, un insegnante. Fin dall&#8217;inizio, un obiettivo importante del label \u00e8 stato quello di rendere la garanzia di qualit\u00e0 degli istituti di formazione trasparente e comprensibile per la clientela cos\u00ec come per le autorit\u00e0 e le strutture di finanziamento cantonali.<\/p>\n\n\n\n<p>La prima versione della norma \u00e8 stata pubblicata nel 2000. Il segretariato eduQua si trova presso la FSEA dall&#8217;istituzione del certificato eduQua. Alla fine del 2021, pi\u00f9 di 1000 istituti di formazione continua erano <a href=\"https:\/\/alice.ch\/it\/qualita\/il-label-di-qualita-eduqua\/istituzioni-certificate\/\">certificati<\/a>.<\/p>\n\n\n\n<h3 class=\"wp-block-heading\">eduQua:2004<\/h3>\n\n\n\n<p>La prima norma revisionata (eduQua:2004) \u00e8 entrata in vigore nel 2006. Un&#8217;offerta selezionata era al centro degli audit di certificazione. I requisiti per le offerte e per l&#8217;istituto erano formulati in norme separate e parallele.<\/p>\n\n\n\n<h3 class=\"wp-block-heading\">eduQua:2012<\/h3>\n\n\n\n<p>Nella norma <a href=\"https:\/\/alice.ch\/it\/qualita\/il-label-di-qualita-eduqua\/certificazione-secondo-la-norma-eduqua2012\/\">eduQua:2012<\/a> sono stati rafforzati i requisiti per la direzione e la gestione della qualit\u00e0, oltre agli standard sulle offerte di formazione continua e sulla realizzazione dei corsi. Di conseguenza, sono stati inclusi nuovi standard su strumenti di gestione, organizzazione e controlling. La norma \u00e8 stata costruita su sei criteri generali a cui sono stati assegnati 22 standard. Per i documenti da presentare per standard, vi era una distinzione tra i livelli di istituzione e di offerta.<\/p>\n\n\n\n<h3 class=\"wp-block-heading\">eduQua:2021<\/h3>\n\n\n\n<p>Con l&#8217;ultima revisione, <a href=\"https:\/\/alice.ch\/it\/qualita\/il-label-di-qualita-eduqua\/la-norma-eduqua2021\/\">eduQua:2021<\/a> \u00e8 stata chiaramente posizionata come norma per gli enti in tutti i settori della formazione continua. La parte sulla direzione e la gestione della qualit\u00e0 \u00e8 basata sulla struttura della norma di gestione ISO e comprende i requisiti attuali per l&#8217;orientamento flessibile e orientato al contesto dell\u2019istituto e delle sue offerte. La norma revisionata \u00e8 costituita secondo 8 principi e 19 criteri, ha una struttura chiara e orientata alla pratica.<\/p>\n\n\n\n<p>Per quanto riguarda i requisiti per le offerte di formazione continua e i processi di apprendimento, sono state prese in considerazione la crescente diversit\u00e0 e le tendenze nei tipi di offerte e di apprendimento. Nella procedura di audit, l&#8217;istituzione mostra ora l&#8217;attuazione e l&#8217;efficacia della gestione della qualit\u00e0 sulla base delle varie offerte; la presentazione sulla base di un&#8217;offerta specifica \u00e8 omessa.<\/p>\n\n\n\n<h2 class=\"wp-block-heading\">Contatto<\/h2>\n\n\n\n<div class=\"wp-block-columns is-layout-flex wp-container-core-columns-is-layout-28f84493 wp-block-columns-is-layout-flex\">\n<div class=\"wp-block-column is-layout-flow wp-block-column-is-layout-flow\" style=\"flex-basis:50%\"><div class=\"contact-persons\">\n\n\t\t\t\t\t<div class=\"contact-person\">\n\t\t\t\t\tSegretariato regionale eduQua<br \/>\t\t\t\t\t\t\t\t\t\t<br \/>\n\t\t\t\t\tvia Besso 84<br \/>\r\n6900 Lugano-Massagno<br \/>\t\t\t\t\t<a href=\"tel:+41 (0)91 950 84 16\">+41 (0)91 950 84 16<\/a><br \/>\t\t\t\t\t<a href=\"mailto:fseaticino@alice.ch\">fseaticino@alice.ch<\/a><br \/>\t\t\t\t\t<\/div>\n\t\t\t\t\t<\/div>\n<\/div>\n\n\n\n<div class=\"wp-block-column is-layout-flow wp-block-column-is-layout-flow\" style=\"flex-basis:50%\"><\/div>\n<\/div>\n<\/div>\n<\/div>\n","protected":false},"excerpt":{"rendered":"<p>Ente detentore e sviluppo del label eduQua La Federazione svizzera per la formazione continua FSEA \u00e8 l&#8217;unica detentrice del label [&hellip;]<\/p>\n","protected":false},"author":4,"featured_media":20799,"parent":11228,"menu_order":258,"comment_status":"closed","ping_status":"closed","template":"","meta":{"_acf_changed":false,"inline_featured_image":false,"footnotes":""},"class_list":["post-11242","page","type-page","status-publish","has-post-thumbnail","hentry"],"acf":[],"yoast_head":"<!-- This site is optimized with the Yoast SEO plugin v27.3 - https:\/\/yoast.com\/product\/yoast-seo-wordpress\/ -->\n<title>Ente detentore e sviluppo del label eduQua - FSEA<\/title>\n<meta name=\"description\" content=\"La FSEA \u00e8 l&#039;ente responsabile del marchio di qualit\u00e0 eduQua. Gestisce la segreteria di eduQua e assicura il funzionamento del sistema.\" \/>\n<meta name=\"robots\" content=\"index, follow, max-snippet:-1, max-image-preview:large, max-video-preview:-1\" \/>\n<link rel=\"canonical\" href=\"https:\/\/alice.ch\/it\/qualita\/il-label-di-qualita-eduqua\/ente-detentore-e-organizzazione-del-label-eduqua\/\" \/>\n<meta property=\"og:locale\" content=\"it_IT\" \/>\n<meta property=\"og:type\" content=\"article\" \/>\n<meta property=\"og:title\" content=\"Ente detentore e sviluppo del label eduQua - FSEA\" \/>\n<meta property=\"og:description\" content=\"La FSEA \u00e8 l&#039;ente responsabile del marchio di qualit\u00e0 eduQua. Gestisce la segreteria di eduQua e assicura il funzionamento del sistema.\" \/>\n<meta property=\"og:url\" content=\"https:\/\/alice.ch\/it\/qualita\/il-label-di-qualita-eduqua\/ente-detentore-e-organizzazione-del-label-eduqua\/\" \/>\n<meta property=\"og:site_name\" content=\"SVEB\" \/>\n<meta property=\"article:modified_time\" content=\"2025-10-13T14:26:59+00:00\" \/>\n<meta name=\"twitter:card\" content=\"summary_large_image\" \/>\n<meta name=\"twitter:label1\" content=\"Tempo di lettura stimato\" \/>\n\t<meta name=\"twitter:data1\" content=\"4 minuti\" \/>\n<script type=\"application\/ld+json\" class=\"yoast-schema-graph\">{\"@context\":\"https:\\\/\\\/schema.org\",\"@graph\":[{\"@type\":\"WebPage\",\"@id\":\"https:\\\/\\\/alice.ch\\\/it\\\/qualita\\\/il-label-di-qualita-eduqua\\\/ente-detentore-e-organizzazione-del-label-eduqua\\\/\",\"url\":\"https:\\\/\\\/alice.ch\\\/it\\\/qualita\\\/il-label-di-qualita-eduqua\\\/ente-detentore-e-organizzazione-del-label-eduqua\\\/\",\"name\":\"Ente detentore e sviluppo del label eduQua - FSEA\",\"isPartOf\":{\"@id\":\"https:\\\/\\\/alice.ch\\\/it\\\/#website\"},\"primaryImageOfPage\":{\"@id\":\"https:\\\/\\\/alice.ch\\\/it\\\/qualita\\\/il-label-di-qualita-eduqua\\\/ente-detentore-e-organizzazione-del-label-eduqua\\\/#primaryimage\"},\"image\":{\"@id\":\"https:\\\/\\\/alice.ch\\\/it\\\/qualita\\\/il-label-di-qualita-eduqua\\\/ente-detentore-e-organizzazione-del-label-eduqua\\\/#primaryimage\"},\"thumbnailUrl\":\"https:\\\/\\\/alice.ch\\\/app\\\/uploads\\\/2022\\\/11\\\/default.jpg\",\"datePublished\":\"2022-08-16T15:47:14+00:00\",\"dateModified\":\"2025-10-13T14:26:59+00:00\",\"description\":\"La FSEA \u00e8 l'ente responsabile del marchio di qualit\u00e0 eduQua. Gestisce la segreteria di eduQua e assicura il funzionamento del sistema.\",\"breadcrumb\":{\"@id\":\"https:\\\/\\\/alice.ch\\\/it\\\/qualita\\\/il-label-di-qualita-eduqua\\\/ente-detentore-e-organizzazione-del-label-eduqua\\\/#breadcrumb\"},\"inLanguage\":\"it-IT\",\"potentialAction\":[{\"@type\":\"ReadAction\",\"target\":[\"https:\\\/\\\/alice.ch\\\/it\\\/qualita\\\/il-label-di-qualita-eduqua\\\/ente-detentore-e-organizzazione-del-label-eduqua\\\/\"]}]},{\"@type\":\"ImageObject\",\"inLanguage\":\"it-IT\",\"@id\":\"https:\\\/\\\/alice.ch\\\/it\\\/qualita\\\/il-label-di-qualita-eduqua\\\/ente-detentore-e-organizzazione-del-label-eduqua\\\/#primaryimage\",\"url\":\"https:\\\/\\\/alice.ch\\\/app\\\/uploads\\\/2022\\\/11\\\/default.jpg\",\"contentUrl\":\"https:\\\/\\\/alice.ch\\\/app\\\/uploads\\\/2022\\\/11\\\/default.jpg\",\"width\":1600,\"height\":900},{\"@type\":\"BreadcrumbList\",\"@id\":\"https:\\\/\\\/alice.ch\\\/it\\\/qualita\\\/il-label-di-qualita-eduqua\\\/ente-detentore-e-organizzazione-del-label-eduqua\\\/#breadcrumb\",\"itemListElement\":[{\"@type\":\"ListItem\",\"position\":1,\"name\":\"Pagina iniziale\",\"item\":\"https:\\\/\\\/alice.ch\\\/it\\\/\"},{\"@type\":\"ListItem\",\"position\":2,\"name\":\"Qualit\u00e0\",\"item\":\"https:\\\/\\\/alice.ch\\\/it\\\/qualita\\\/\"},{\"@type\":\"ListItem\",\"position\":3,\"name\":\"Il label di qualit\u00e0 eduQua\",\"item\":\"https:\\\/\\\/alice.ch\\\/it\\\/qualita\\\/il-label-di-qualita-eduqua\\\/\"},{\"@type\":\"ListItem\",\"position\":4,\"name\":\"Ente detentore e sviluppo del label eduQua\"}]},{\"@type\":\"WebSite\",\"@id\":\"https:\\\/\\\/alice.ch\\\/it\\\/#website\",\"url\":\"https:\\\/\\\/alice.ch\\\/it\\\/\",\"name\":\"alice.ch (Adult Learning Information Center) ist das Portal der Weiterbildung in der Schweiz.\",\"description\":\"Schweizerischer Verband f\u00fcr Weiterbildung\",\"publisher\":{\"@id\":\"https:\\\/\\\/alice.ch\\\/it\\\/#organization\"},\"potentialAction\":[{\"@type\":\"SearchAction\",\"target\":{\"@type\":\"EntryPoint\",\"urlTemplate\":\"https:\\\/\\\/alice.ch\\\/it\\\/?s={search_term_string}\"},\"query-input\":{\"@type\":\"PropertyValueSpecification\",\"valueRequired\":true,\"valueName\":\"search_term_string\"}}],\"inLanguage\":\"it-IT\"},{\"@type\":\"Organization\",\"@id\":\"https:\\\/\\\/alice.ch\\\/it\\\/#organization\",\"name\":\"FSEA Federazione svizzera per la formazione continua\",\"url\":\"https:\\\/\\\/alice.ch\\\/it\\\/\",\"logo\":{\"@type\":\"ImageObject\",\"inLanguage\":\"it-IT\",\"@id\":\"https:\\\/\\\/alice.ch\\\/it\\\/#\\\/schema\\\/logo\\\/image\\\/\",\"url\":\"https:\\\/\\\/alice.ch\\\/app\\\/uploads\\\/2022\\\/07\\\/logo-sveb.png\",\"contentUrl\":\"https:\\\/\\\/alice.ch\\\/app\\\/uploads\\\/2022\\\/07\\\/logo-sveb.png\",\"width\":145,\"height\":64,\"caption\":\"FSEA Federazione svizzera per la formazione continua\"},\"image\":{\"@id\":\"https:\\\/\\\/alice.ch\\\/it\\\/#\\\/schema\\\/logo\\\/image\\\/\"},\"sameAs\":[\"https:\\\/\\\/www.linkedin.com\\\/company\\\/schweizerischer-verband-fr-weiterbildung-sveb\\\/\"]}]}<\/script>\n<!-- \/ Yoast SEO plugin. -->","yoast_head_json":{"title":"Ente detentore e sviluppo del label eduQua - FSEA","description":"La FSEA \u00e8 l'ente responsabile del marchio di qualit\u00e0 eduQua. Gestisce la segreteria di eduQua e assicura il funzionamento del sistema.","robots":{"index":"index","follow":"follow","max-snippet":"max-snippet:-1","max-image-preview":"max-image-preview:large","max-video-preview":"max-video-preview:-1"},"canonical":"https:\/\/alice.ch\/it\/qualita\/il-label-di-qualita-eduqua\/ente-detentore-e-organizzazione-del-label-eduqua\/","og_locale":"it_IT","og_type":"article","og_title":"Ente detentore e sviluppo del label eduQua - FSEA","og_description":"La FSEA \u00e8 l'ente responsabile del marchio di qualit\u00e0 eduQua. Gestisce la segreteria di eduQua e assicura il funzionamento del sistema.","og_url":"https:\/\/alice.ch\/it\/qualita\/il-label-di-qualita-eduqua\/ente-detentore-e-organizzazione-del-label-eduqua\/","og_site_name":"SVEB","article_modified_time":"2025-10-13T14:26:59+00:00","twitter_card":"summary_large_image","twitter_misc":{"Tempo di lettura stimato":"4 minuti"},"schema":{"@context":"https:\/\/schema.org","@graph":[{"@type":"WebPage","@id":"https:\/\/alice.ch\/it\/qualita\/il-label-di-qualita-eduqua\/ente-detentore-e-organizzazione-del-label-eduqua\/","url":"https:\/\/alice.ch\/it\/qualita\/il-label-di-qualita-eduqua\/ente-detentore-e-organizzazione-del-label-eduqua\/","name":"Ente detentore e sviluppo del label eduQua - FSEA","isPartOf":{"@id":"https:\/\/alice.ch\/it\/#website"},"primaryImageOfPage":{"@id":"https:\/\/alice.ch\/it\/qualita\/il-label-di-qualita-eduqua\/ente-detentore-e-organizzazione-del-label-eduqua\/#primaryimage"},"image":{"@id":"https:\/\/alice.ch\/it\/qualita\/il-label-di-qualita-eduqua\/ente-detentore-e-organizzazione-del-label-eduqua\/#primaryimage"},"thumbnailUrl":"https:\/\/alice.ch\/app\/uploads\/2022\/11\/default.jpg","datePublished":"2022-08-16T15:47:14+00:00","dateModified":"2025-10-13T14:26:59+00:00","description":"La FSEA \u00e8 l'ente responsabile del marchio di qualit\u00e0 eduQua. Gestisce la segreteria di eduQua e assicura il funzionamento del sistema.","breadcrumb":{"@id":"https:\/\/alice.ch\/it\/qualita\/il-label-di-qualita-eduqua\/ente-detentore-e-organizzazione-del-label-eduqua\/#breadcrumb"},"inLanguage":"it-IT","potentialAction":[{"@type":"ReadAction","target":["https:\/\/alice.ch\/it\/qualita\/il-label-di-qualita-eduqua\/ente-detentore-e-organizzazione-del-label-eduqua\/"]}]},{"@type":"ImageObject","inLanguage":"it-IT","@id":"https:\/\/alice.ch\/it\/qualita\/il-label-di-qualita-eduqua\/ente-detentore-e-organizzazione-del-label-eduqua\/#primaryimage","url":"https:\/\/alice.ch\/app\/uploads\/2022\/11\/default.jpg","contentUrl":"https:\/\/alice.ch\/app\/uploads\/2022\/11\/default.jpg","width":1600,"height":900},{"@type":"BreadcrumbList","@id":"https:\/\/alice.ch\/it\/qualita\/il-label-di-qualita-eduqua\/ente-detentore-e-organizzazione-del-label-eduqua\/#breadcrumb","itemListElement":[{"@type":"ListItem","position":1,"name":"Pagina iniziale","item":"https:\/\/alice.ch\/it\/"},{"@type":"ListItem","position":2,"name":"Qualit\u00e0","item":"https:\/\/alice.ch\/it\/qualita\/"},{"@type":"ListItem","position":3,"name":"Il label di qualit\u00e0 eduQua","item":"https:\/\/alice.ch\/it\/qualita\/il-label-di-qualita-eduqua\/"},{"@type":"ListItem","position":4,"name":"Ente detentore e sviluppo del label eduQua"}]},{"@type":"WebSite","@id":"https:\/\/alice.ch\/it\/#website","url":"https:\/\/alice.ch\/it\/","name":"alice.ch (Adult Learning Information Center) ist das Portal der Weiterbildung in der Schweiz.","description":"Schweizerischer Verband f\u00fcr Weiterbildung","publisher":{"@id":"https:\/\/alice.ch\/it\/#organization"},"potentialAction":[{"@type":"SearchAction","target":{"@type":"EntryPoint","urlTemplate":"https:\/\/alice.ch\/it\/?s={search_term_string}"},"query-input":{"@type":"PropertyValueSpecification","valueRequired":true,"valueName":"search_term_string"}}],"inLanguage":"it-IT"},{"@type":"Organization","@id":"https:\/\/alice.ch\/it\/#organization","name":"FSEA Federazione svizzera per la formazione continua","url":"https:\/\/alice.ch\/it\/","logo":{"@type":"ImageObject","inLanguage":"it-IT","@id":"https:\/\/alice.ch\/it\/#\/schema\/logo\/image\/","url":"https:\/\/alice.ch\/app\/uploads\/2022\/07\/logo-sveb.png","contentUrl":"https:\/\/alice.ch\/app\/uploads\/2022\/07\/logo-sveb.png","width":145,"height":64,"caption":"FSEA Federazione svizzera per la formazione continua"},"image":{"@id":"https:\/\/alice.ch\/it\/#\/schema\/logo\/image\/"},"sameAs":["https:\/\/www.linkedin.com\/company\/schweizerischer-verband-fr-weiterbildung-sveb\/"]}]}},"_links":{"self":[{"href":"https:\/\/alice.ch\/it\/wp-json\/wp\/v2\/pages\/11242","targetHints":{"allow":["GET"]}}],"collection":[{"href":"https:\/\/alice.ch\/it\/wp-json\/wp\/v2\/pages"}],"about":[{"href":"https:\/\/alice.ch\/it\/wp-json\/wp\/v2\/types\/page"}],"author":[{"embeddable":true,"href":"https:\/\/alice.ch\/it\/wp-json\/wp\/v2\/users\/4"}],"replies":[{"embeddable":true,"href":"https:\/\/alice.ch\/it\/wp-json\/wp\/v2\/comments?post=11242"}],"version-history":[{"count":17,"href":"https:\/\/alice.ch\/it\/wp-json\/wp\/v2\/pages\/11242\/revisions"}],"predecessor-version":[{"id":71185,"href":"https:\/\/alice.ch\/it\/wp-json\/wp\/v2\/pages\/11242\/revisions\/71185"}],"up":[{"embeddable":true,"href":"https:\/\/alice.ch\/it\/wp-json\/wp\/v2\/pages\/11228"}],"wp:featuredmedia":[{"embeddable":true,"href":"https:\/\/alice.ch\/it\/wp-json\/wp\/v2\/media\/20799"}],"wp:attachment":[{"href":"https:\/\/alice.ch\/it\/wp-json\/wp\/v2\/media?parent=11242"}],"curies":[{"name":"wp","href":"https:\/\/api.w.org\/{rel}","templated":true}]}}