{"id":11251,"date":"2022-08-16T17:50:29","date_gmt":"2022-08-16T15:50:29","guid":{"rendered":"https:\/\/projects.atxeit.ch\/sveb\/qualitaet-in-der-weiterbildung\/"},"modified":"2025-06-19T15:26:02","modified_gmt":"2025-06-19T13:26:02","slug":"qualita-nella-formazione-continua","status":"publish","type":"page","link":"https:\/\/alice.ch\/it\/qualita\/qualita-nella-formazione-continua\/","title":{"rendered":"Qualit\u00e0 nella formazione continua"},"content":{"rendered":"\n<div class=\"wp-block-group is-style-default is-layout-flow wp-block-group-is-layout-flow\">\n<div class=\"wp-block-group alignwide is-style-reduced-width is-layout-constrained wp-block-group-is-layout-constrained\">\n<h1 class=\"wp-block-heading\">Qualit\u00e0 nella formazione continua \u2013 un tema centrale per tutte le parti interessate<\/h1>\n\n\n\n<p>Alla formazione continua spetta un ruolo centrale nell&#8217;economia, nella societ\u00e0 e nel sistema educativo. Sulla base della <a href=\"https:\/\/www.fedlex.admin.ch\/eli\/cc\/2016\/132\/it\" target=\"_blank\" rel=\"noreferrer noopener\">Legge federale sulla formazione continua (LFCo) del 2017<\/a>, in Svizzera si deve mirare a promuovere l\u2019accesso alle offerte di formazione continua per tutte le persone adulte.&nbsp;<\/p>\n\n\n\n<p>Allo stesso tempo, nella LFCo sono stati stabiliti degli importanti principi finalizzati a garantire e sviluppare la qualit\u00e0. Gli istituti di formazione continua ne sono fondamentalmente responsabili. Inoltre, la Confederazione e i Cantoni possono sostenere le procedure di garanzia e sviluppo della qualit\u00e0, al fine di creare trasparenza e comparabilit\u00e0 nei percorsi di formazione e nei diplomi di formazione continua.&nbsp;<\/p>\n\n\n\n<p>La promozione della qualit\u00e0 nella formazione continua \u00e8 un punto focale per la FSEA. I temi e le attivit\u00e0 per istituti, clienti, strutture di finanziamento pubblico ed esperti in materia di qualit\u00e0 sono documentati nelle pagine seguenti.&nbsp;<\/p>\n\n\n\n<p>Il dipartimento Qualit\u00e0 nella formazione continua collabora con le organizzazioni partner. Nell&#8217;ambito dell accordo sul livello dei servizi, le prestazioni della FSEA sono sostenute dalla Segreteria di Stato per la formazione, la ricerca e l&#8217;innovazione (SEFRI).&nbsp;<\/p>\n\n\n\n<div class=\"wp-block-media-text alignwide is-stacked-on-mobile is-style-icon-text\"><figure class=\"wp-block-media-text__media\"><a href=\"https:\/\/alice.ch\/it\/qualita\/qualita-nella-formazione-continua\/focus-qualita\/\"><img decoding=\"async\" width=\"300\" height=\"249\" src=\"https:\/\/alice.ch\/app\/uploads\/2022\/10\/icon-q-management-300x249.png\" alt=\"\" class=\"wp-image-4516 size-medium\" srcset=\"https:\/\/alice.ch\/app\/uploads\/2022\/10\/icon-q-management-300x249.png 300w, https:\/\/alice.ch\/app\/uploads\/2022\/10\/icon-q-management.png 466w\" sizes=\"(max-width: 300px) 100vw, 300px\" \/><\/a><\/figure><div class=\"wp-block-media-text__content\">\n<h2 class=\"wp-block-heading\"><a href=\"https:\/\/alice.ch\/it\/qualita\/qualita-nella-formazione-continua\/focus-qualita\/\">Focus sulla qualit\u00e0 della formazione continua<\/a><\/h2>\n\n\n\n<p>Temi ed eventi attuali e risultati delle conferenze e dei workshop nazionali sulla qualit\u00e0.<\/p>\n<\/div><\/div>\n\n\n\n<hr class=\"wp-block-separator has-alpha-channel-opacity is-style-wide\"\/>\n\n\n\n<div class=\"wp-block-media-text alignwide is-stacked-on-mobile is-style-icon-text\"><figure class=\"wp-block-media-text__media\"><a href=\"https:\/\/alice.ch\/it\/qualita\/qualita-nella-formazione-continua\/gestione-della-qualita-nelle-istituzioni-di-formazione-continua\/\"><img decoding=\"async\" width=\"300\" height=\"252\" src=\"https:\/\/alice.ch\/app\/uploads\/2022\/10\/icon-qualita\u0308tsmanagementsystem-300x252.png\" alt=\"\" class=\"wp-image-2620 size-medium\" srcset=\"https:\/\/alice.ch\/app\/uploads\/2022\/10\/icon-qualita\u0308tsmanagementsystem-300x252.png 300w, https:\/\/alice.ch\/app\/uploads\/2022\/10\/icon-qualita\u0308tsmanagementsystem.png 656w\" sizes=\"(max-width: 300px) 100vw, 300px\" \/><\/a><\/figure><div class=\"wp-block-media-text__content\">\n<h2 class=\"wp-block-heading\"><a href=\"https:\/\/alice.ch\/it\/qualita\/qualita-nella-formazione-continua\/gestione-della-qualita-nelle-istituzioni-di-formazione-continua\/\">Gestione della qualit\u00e0 negli istituti di formazione continua<\/a><\/h2>\n\n\n\n<p>Fondamenti e modelli pratici finalizzati a garantire e sviluppare la qualit\u00e0 nella quotidianit\u00e0 degli istituti di formazione.&nbsp;<\/p>\n<\/div><\/div>\n\n\n\n<hr class=\"wp-block-separator has-alpha-channel-opacity is-style-wide\"\/>\n\n\n\n<div class=\"wp-block-media-text alignwide is-stacked-on-mobile is-style-icon-text\"><figure class=\"wp-block-media-text__media\"><a href=\"https:\/\/alice.ch\/it\/qualita\/qualita-nella-formazione-continua\/i-label-di-qualita-nella-formazione-continua\/\"><img decoding=\"async\" width=\"300\" height=\"216\" src=\"https:\/\/alice.ch\/app\/uploads\/2022\/10\/icon-q-uebersicht-300x216.png\" alt=\"\" class=\"wp-image-4520 size-medium\" srcset=\"https:\/\/alice.ch\/app\/uploads\/2022\/10\/icon-q-uebersicht-300x216.png 300w, https:\/\/alice.ch\/app\/uploads\/2022\/10\/icon-q-uebersicht.png 608w\" sizes=\"(max-width: 300px) 100vw, 300px\" \/><\/a><\/figure><div class=\"wp-block-media-text__content\">\n<h2 class=\"wp-block-heading\"><a href=\"https:\/\/alice.ch\/it\/qualita\/qualita-nella-formazione-continua\/i-label-di-qualita-nella-formazione-continua\/\">Panoramica dei label di qualit\u00e0 nella formazione continua<\/a><\/h2>\n\n\n\n<p>I principali label, modelli e certificati per la formazione continua in Svizzera.<\/p>\n<\/div><\/div>\n\n\n\n<hr class=\"wp-block-separator has-alpha-channel-opacity is-style-wide\"\/>\n\n\n\n<div class=\"wp-block-media-text alignwide is-stacked-on-mobile is-style-icon-text\"><figure class=\"wp-block-media-text__media\"><a href=\"https:\/\/alice.ch\/it\/qualita\/qualita-nella-formazione-continua\/norme-di-qualita-per-le-offerte-e-learning\/\"><img decoding=\"async\" width=\"500\" height=\"500\" src=\"https:\/\/alice.ch\/app\/uploads\/2022\/10\/e-Learning-1.png\" alt=\"\" class=\"wp-image-5852 size-full\" srcset=\"https:\/\/alice.ch\/app\/uploads\/2022\/10\/e-Learning-1.png 500w, https:\/\/alice.ch\/app\/uploads\/2022\/10\/e-Learning-1-300x300.png 300w, https:\/\/alice.ch\/app\/uploads\/2022\/10\/e-Learning-1-150x150.png 150w\" sizes=\"(max-width: 500px) 100vw, 500px\" \/><\/a><\/figure><div class=\"wp-block-media-text__content\">\n<h2 class=\"wp-block-heading\"><a href=\"https:\/\/alice.ch\/it\/qualita\/qualita-nella-formazione-continua\/norme-di-qualita-per-le-offerte-e-learning\/\">Norme di qualit\u00e0 per le offerte e-learning<\/a><\/h2>\n\n\n\n<p>Linee guida o label specifici possono aiutare ad affrontare strategicamente le questioni relative alla garanzia di qualit\u00e0 e allo sviluppo delle offerte e-learning.<\/p>\n<\/div><\/div>\n\n\n\n<hr class=\"wp-block-separator has-alpha-channel-opacity is-style-wide\"\/>\n\n\n\n<div class=\"wp-block-media-text alignwide is-stacked-on-mobile is-style-icon-text\"><figure class=\"wp-block-media-text__media\"><a href=\"https:\/\/alice.ch\/it\/qualita\/qualita-nella-formazione-continua\/pubblicazione-trasparente-dei-corsi\/\"><img decoding=\"async\" width=\"441\" height=\"482\" src=\"https:\/\/alice.ch\/app\/uploads\/2022\/11\/icon-transparente-kursausschreibung.jpeg\" alt=\"\" class=\"wp-image-6705 size-full\" srcset=\"https:\/\/alice.ch\/app\/uploads\/2022\/11\/icon-transparente-kursausschreibung.jpeg 441w, https:\/\/alice.ch\/app\/uploads\/2022\/11\/icon-transparente-kursausschreibung-274x300.jpeg 274w\" sizes=\"(max-width: 441px) 100vw, 441px\" \/><\/a><\/figure><div class=\"wp-block-media-text__content\">\n<h2 class=\"wp-block-heading\"><a href=\"https:\/\/alice.ch\/it\/qualita\/qualita-nella-formazione-continua\/pubblicazione-trasparente-dei-corsi\/\">Pubblicazione trasparente dei corsi<\/a><\/h2>\n\n\n\n<p>Il modo tramite il quale gli istituti di formazione continua possono presentare le informazioni sulle offerte di formazione, cos\u00ec da consentire alle persone interessate di scegliere in maniera ponderata il corso.&nbsp;<\/p>\n<\/div><\/div>\n\n\n\n<hr class=\"wp-block-separator has-alpha-channel-opacity is-style-wide\"\/>\n\n\n\n<div class=\"wp-block-media-text alignwide is-stacked-on-mobile is-style-icon-text\"><figure class=\"wp-block-media-text__media\"><a href=\"https:\/\/alice.ch\/it\/qualita\/qualita-nella-formazione-continua\/checklist-per-i-partecipanti-ai-corsi\/\"><img decoding=\"async\" width=\"417\" height=\"500\" src=\"https:\/\/alice.ch\/app\/uploads\/2024\/08\/icon-checkliste.png\" alt=\"\" class=\"wp-image-61727 size-full\" srcset=\"https:\/\/alice.ch\/app\/uploads\/2024\/08\/icon-checkliste.png 417w, https:\/\/alice.ch\/app\/uploads\/2024\/08\/icon-checkliste-250x300.png 250w\" sizes=\"(max-width: 417px) 100vw, 417px\" \/><\/a><\/figure><div class=\"wp-block-media-text__content\">\n<h2 class=\"wp-block-heading\"><a href=\"https:\/\/alice.ch\/it\/qualita\/qualita-nella-formazione-continua\/checklist-per-i-partecipanti-ai-corsi\/\">Check-list per i partecipanti ai corsi<\/a><\/h2>\n\n\n\n<p>La check-list ha lo scopo di aiutare i potenziali partecipanti ai corsi a trovare un programma di formazione continua adeguato che soddisfi le loro esigenze e aspettative individuali.<\/p>\n<\/div><\/div>\n\n\n\n<hr class=\"wp-block-separator has-alpha-channel-opacity is-style-wide\"\/>\n\n\n\n<div class=\"wp-block-media-text alignwide is-stacked-on-mobile is-style-icon-text\"><figure class=\"wp-block-media-text__media\"><a href=\"https:\/\/alice.ch\/it\/qualita\/qualita-nella-formazione-continua\/faq-sul-tema-della-qualita\/\"><img decoding=\"async\" width=\"242\" height=\"257\" src=\"https:\/\/alice.ch\/app\/uploads\/2022\/10\/datenquellen.png\" alt=\"\" class=\"wp-image-5817 size-full\"\/><\/a><\/figure><div class=\"wp-block-media-text__content\">\n<h2 class=\"wp-block-heading\"><a href=\"https:\/\/alice.ch\/it\/qualita\/qualita-nella-formazione-continua\/faq-sul-tema-della-qualita\/\">FAQ sul tema della qualit\u00e0<\/a><\/h2>\n\n\n\n<p>L\u2019appartenenza alla FSEA \u00e8 di per s\u00e9 una garanzia di qualit\u00e0? Che cos\u2019\u00e8 il label eduQua e cosa dice riguardo ai corsi? Le domande pi\u00f9 frequenti sulla qualit\u00e0 della formazione continua trovano qui una risposta.<\/p>\n<\/div><\/div>\n\n\n\n<h2 class=\"wp-block-heading\">Contatto<\/h2>\n\n\n\n<div class=\"wp-block-columns is-layout-flex wp-container-core-columns-is-layout-28f84493 wp-block-columns-is-layout-flex\">\n<div class=\"wp-block-column is-layout-flow wp-block-column-is-layout-flow\" style=\"flex-basis:50%\"><div class=\"contact-persons\">\n\n\t\t\t\t\t<div class=\"contact-person\">\n\t\t\t\t\tSegretariato FSEA della Svizzera italiana<br \/>\t\t\t\t\t\t\t\t\t\t<br \/>\n\t\t\t\t\tVia Besso 84<br \/>\r\n6900 Lugano-Massagno<br \/>\t\t\t\t\t<a href=\"tel:+41 (0)91 950 84 16\">+41 (0)91 950 84 16<\/a><br \/>\t\t\t\t\t<a href=\"mailto:fseaticino@alice.ch\">fseaticino@alice.ch<\/a><br \/>\t\t\t\t\t<\/div>\n\t\t\t\t\t<\/div>\n<\/div>\n\n\n\n<div class=\"wp-block-column is-layout-flow wp-block-column-is-layout-flow\" style=\"flex-basis:50%\"><\/div>\n<\/div>\n<\/div>\n<\/div>\n","protected":false},"excerpt":{"rendered":"<p>Qualit\u00e0 nella formazione continua \u2013 un tema centrale per tutte le parti interessate Alla formazione continua spetta un ruolo centrale [&hellip;]<\/p>\n","protected":false},"author":4,"featured_media":20799,"parent":17407,"menu_order":253,"comment_status":"closed","ping_status":"closed","template":"","meta":{"_acf_changed":false,"inline_featured_image":false,"footnotes":""},"class_list":["post-11251","page","type-page","status-publish","has-post-thumbnail","hentry"],"acf":[],"yoast_head":"<!-- This site is optimized with the Yoast SEO plugin v27.3 - https:\/\/yoast.com\/product\/yoast-seo-wordpress\/ -->\n<title>Qualit\u00e0 nella formazione continua - FSEA<\/title>\n<meta name=\"description\" content=\"La FSEA sostiene gli sforzi di qualit\u00e0 dei fornitori e incoraggia il dibattito pubblico sulla qualit\u00e0 della formazione continua.\" \/>\n<meta name=\"robots\" content=\"index, follow, max-snippet:-1, max-image-preview:large, max-video-preview:-1\" \/>\n<link rel=\"canonical\" href=\"https:\/\/alice.ch\/it\/qualita\/qualita-nella-formazione-continua\/\" \/>\n<meta property=\"og:locale\" content=\"it_IT\" \/>\n<meta property=\"og:type\" content=\"article\" \/>\n<meta property=\"og:title\" content=\"Qualit\u00e0 nella formazione continua - FSEA\" \/>\n<meta property=\"og:description\" content=\"La FSEA sostiene gli sforzi di qualit\u00e0 dei fornitori e incoraggia il dibattito pubblico sulla qualit\u00e0 della formazione continua.\" \/>\n<meta property=\"og:url\" content=\"https:\/\/alice.ch\/it\/qualita\/qualita-nella-formazione-continua\/\" \/>\n<meta property=\"og:site_name\" content=\"SVEB\" \/>\n<meta property=\"article:modified_time\" content=\"2025-06-19T13:26:02+00:00\" \/>\n<meta property=\"og:image\" content=\"https:\/\/alice.ch\/app\/uploads\/2022\/10\/icon-q-management.png\" \/>\n\t<meta property=\"og:image:width\" content=\"466\" \/>\n\t<meta property=\"og:image:height\" content=\"387\" \/>\n\t<meta property=\"og:image:type\" content=\"image\/png\" \/>\n<meta name=\"twitter:card\" content=\"summary_large_image\" \/>\n<meta name=\"twitter:label1\" content=\"Tempo di lettura stimato\" \/>\n\t<meta name=\"twitter:data1\" content=\"3 minuti\" \/>\n<script type=\"application\/ld+json\" class=\"yoast-schema-graph\">{\"@context\":\"https:\\\/\\\/schema.org\",\"@graph\":[{\"@type\":\"WebPage\",\"@id\":\"https:\\\/\\\/alice.ch\\\/it\\\/qualita\\\/qualita-nella-formazione-continua\\\/\",\"url\":\"https:\\\/\\\/alice.ch\\\/it\\\/qualita\\\/qualita-nella-formazione-continua\\\/\",\"name\":\"Qualit\u00e0 nella formazione continua - FSEA\",\"isPartOf\":{\"@id\":\"https:\\\/\\\/alice.ch\\\/it\\\/#website\"},\"primaryImageOfPage\":{\"@id\":\"https:\\\/\\\/alice.ch\\\/it\\\/qualita\\\/qualita-nella-formazione-continua\\\/#primaryimage\"},\"image\":{\"@id\":\"https:\\\/\\\/alice.ch\\\/it\\\/qualita\\\/qualita-nella-formazione-continua\\\/#primaryimage\"},\"thumbnailUrl\":\"https:\\\/\\\/alice.ch\\\/app\\\/uploads\\\/2022\\\/11\\\/default.jpg\",\"datePublished\":\"2022-08-16T15:50:29+00:00\",\"dateModified\":\"2025-06-19T13:26:02+00:00\",\"description\":\"La FSEA sostiene gli sforzi di qualit\u00e0 dei fornitori e incoraggia il dibattito pubblico sulla qualit\u00e0 della formazione continua.\",\"breadcrumb\":{\"@id\":\"https:\\\/\\\/alice.ch\\\/it\\\/qualita\\\/qualita-nella-formazione-continua\\\/#breadcrumb\"},\"inLanguage\":\"it-IT\",\"potentialAction\":[{\"@type\":\"ReadAction\",\"target\":[\"https:\\\/\\\/alice.ch\\\/it\\\/qualita\\\/qualita-nella-formazione-continua\\\/\"]}]},{\"@type\":\"ImageObject\",\"inLanguage\":\"it-IT\",\"@id\":\"https:\\\/\\\/alice.ch\\\/it\\\/qualita\\\/qualita-nella-formazione-continua\\\/#primaryimage\",\"url\":\"https:\\\/\\\/alice.ch\\\/app\\\/uploads\\\/2022\\\/11\\\/default.jpg\",\"contentUrl\":\"https:\\\/\\\/alice.ch\\\/app\\\/uploads\\\/2022\\\/11\\\/default.jpg\",\"width\":1600,\"height\":900},{\"@type\":\"BreadcrumbList\",\"@id\":\"https:\\\/\\\/alice.ch\\\/it\\\/qualita\\\/qualita-nella-formazione-continua\\\/#breadcrumb\",\"itemListElement\":[{\"@type\":\"ListItem\",\"position\":1,\"name\":\"Pagina iniziale\",\"item\":\"https:\\\/\\\/alice.ch\\\/it\\\/\"},{\"@type\":\"ListItem\",\"position\":2,\"name\":\"Qualit\u00e0\",\"item\":\"https:\\\/\\\/alice.ch\\\/it\\\/qualita\\\/\"},{\"@type\":\"ListItem\",\"position\":3,\"name\":\"Qualit\u00e0 nella formazione continua\"}]},{\"@type\":\"WebSite\",\"@id\":\"https:\\\/\\\/alice.ch\\\/it\\\/#website\",\"url\":\"https:\\\/\\\/alice.ch\\\/it\\\/\",\"name\":\"alice.ch (Adult Learning Information Center) ist das Portal der Weiterbildung in der Schweiz.\",\"description\":\"Schweizerischer Verband f\u00fcr Weiterbildung\",\"publisher\":{\"@id\":\"https:\\\/\\\/alice.ch\\\/it\\\/#organization\"},\"potentialAction\":[{\"@type\":\"SearchAction\",\"target\":{\"@type\":\"EntryPoint\",\"urlTemplate\":\"https:\\\/\\\/alice.ch\\\/it\\\/?s={search_term_string}\"},\"query-input\":{\"@type\":\"PropertyValueSpecification\",\"valueRequired\":true,\"valueName\":\"search_term_string\"}}],\"inLanguage\":\"it-IT\"},{\"@type\":\"Organization\",\"@id\":\"https:\\\/\\\/alice.ch\\\/it\\\/#organization\",\"name\":\"FSEA Federazione svizzera per la formazione continua\",\"url\":\"https:\\\/\\\/alice.ch\\\/it\\\/\",\"logo\":{\"@type\":\"ImageObject\",\"inLanguage\":\"it-IT\",\"@id\":\"https:\\\/\\\/alice.ch\\\/it\\\/#\\\/schema\\\/logo\\\/image\\\/\",\"url\":\"https:\\\/\\\/alice.ch\\\/app\\\/uploads\\\/2022\\\/07\\\/logo-sveb.png\",\"contentUrl\":\"https:\\\/\\\/alice.ch\\\/app\\\/uploads\\\/2022\\\/07\\\/logo-sveb.png\",\"width\":145,\"height\":64,\"caption\":\"FSEA Federazione svizzera per la formazione continua\"},\"image\":{\"@id\":\"https:\\\/\\\/alice.ch\\\/it\\\/#\\\/schema\\\/logo\\\/image\\\/\"},\"sameAs\":[\"https:\\\/\\\/www.linkedin.com\\\/company\\\/schweizerischer-verband-fr-weiterbildung-sveb\\\/\"]}]}<\/script>\n<!-- \/ Yoast SEO plugin. -->","yoast_head_json":{"title":"Qualit\u00e0 nella formazione continua - FSEA","description":"La FSEA sostiene gli sforzi di qualit\u00e0 dei fornitori e incoraggia il dibattito pubblico sulla qualit\u00e0 della formazione continua.","robots":{"index":"index","follow":"follow","max-snippet":"max-snippet:-1","max-image-preview":"max-image-preview:large","max-video-preview":"max-video-preview:-1"},"canonical":"https:\/\/alice.ch\/it\/qualita\/qualita-nella-formazione-continua\/","og_locale":"it_IT","og_type":"article","og_title":"Qualit\u00e0 nella formazione continua - FSEA","og_description":"La FSEA sostiene gli sforzi di qualit\u00e0 dei fornitori e incoraggia il dibattito pubblico sulla qualit\u00e0 della formazione continua.","og_url":"https:\/\/alice.ch\/it\/qualita\/qualita-nella-formazione-continua\/","og_site_name":"SVEB","article_modified_time":"2025-06-19T13:26:02+00:00","og_image":[{"width":466,"height":387,"url":"https:\/\/alice.ch\/app\/uploads\/2022\/10\/icon-q-management.png","type":"image\/png"}],"twitter_card":"summary_large_image","twitter_misc":{"Tempo di lettura stimato":"3 minuti"},"schema":{"@context":"https:\/\/schema.org","@graph":[{"@type":"WebPage","@id":"https:\/\/alice.ch\/it\/qualita\/qualita-nella-formazione-continua\/","url":"https:\/\/alice.ch\/it\/qualita\/qualita-nella-formazione-continua\/","name":"Qualit\u00e0 nella formazione continua - FSEA","isPartOf":{"@id":"https:\/\/alice.ch\/it\/#website"},"primaryImageOfPage":{"@id":"https:\/\/alice.ch\/it\/qualita\/qualita-nella-formazione-continua\/#primaryimage"},"image":{"@id":"https:\/\/alice.ch\/it\/qualita\/qualita-nella-formazione-continua\/#primaryimage"},"thumbnailUrl":"https:\/\/alice.ch\/app\/uploads\/2022\/11\/default.jpg","datePublished":"2022-08-16T15:50:29+00:00","dateModified":"2025-06-19T13:26:02+00:00","description":"La FSEA sostiene gli sforzi di qualit\u00e0 dei fornitori e incoraggia il dibattito pubblico sulla qualit\u00e0 della formazione continua.","breadcrumb":{"@id":"https:\/\/alice.ch\/it\/qualita\/qualita-nella-formazione-continua\/#breadcrumb"},"inLanguage":"it-IT","potentialAction":[{"@type":"ReadAction","target":["https:\/\/alice.ch\/it\/qualita\/qualita-nella-formazione-continua\/"]}]},{"@type":"ImageObject","inLanguage":"it-IT","@id":"https:\/\/alice.ch\/it\/qualita\/qualita-nella-formazione-continua\/#primaryimage","url":"https:\/\/alice.ch\/app\/uploads\/2022\/11\/default.jpg","contentUrl":"https:\/\/alice.ch\/app\/uploads\/2022\/11\/default.jpg","width":1600,"height":900},{"@type":"BreadcrumbList","@id":"https:\/\/alice.ch\/it\/qualita\/qualita-nella-formazione-continua\/#breadcrumb","itemListElement":[{"@type":"ListItem","position":1,"name":"Pagina iniziale","item":"https:\/\/alice.ch\/it\/"},{"@type":"ListItem","position":2,"name":"Qualit\u00e0","item":"https:\/\/alice.ch\/it\/qualita\/"},{"@type":"ListItem","position":3,"name":"Qualit\u00e0 nella formazione continua"}]},{"@type":"WebSite","@id":"https:\/\/alice.ch\/it\/#website","url":"https:\/\/alice.ch\/it\/","name":"alice.ch (Adult Learning Information Center) ist das Portal der Weiterbildung in der Schweiz.","description":"Schweizerischer Verband f\u00fcr Weiterbildung","publisher":{"@id":"https:\/\/alice.ch\/it\/#organization"},"potentialAction":[{"@type":"SearchAction","target":{"@type":"EntryPoint","urlTemplate":"https:\/\/alice.ch\/it\/?s={search_term_string}"},"query-input":{"@type":"PropertyValueSpecification","valueRequired":true,"valueName":"search_term_string"}}],"inLanguage":"it-IT"},{"@type":"Organization","@id":"https:\/\/alice.ch\/it\/#organization","name":"FSEA Federazione svizzera per la formazione continua","url":"https:\/\/alice.ch\/it\/","logo":{"@type":"ImageObject","inLanguage":"it-IT","@id":"https:\/\/alice.ch\/it\/#\/schema\/logo\/image\/","url":"https:\/\/alice.ch\/app\/uploads\/2022\/07\/logo-sveb.png","contentUrl":"https:\/\/alice.ch\/app\/uploads\/2022\/07\/logo-sveb.png","width":145,"height":64,"caption":"FSEA Federazione svizzera per la formazione continua"},"image":{"@id":"https:\/\/alice.ch\/it\/#\/schema\/logo\/image\/"},"sameAs":["https:\/\/www.linkedin.com\/company\/schweizerischer-verband-fr-weiterbildung-sveb\/"]}]}},"_links":{"self":[{"href":"https:\/\/alice.ch\/it\/wp-json\/wp\/v2\/pages\/11251","targetHints":{"allow":["GET"]}}],"collection":[{"href":"https:\/\/alice.ch\/it\/wp-json\/wp\/v2\/pages"}],"about":[{"href":"https:\/\/alice.ch\/it\/wp-json\/wp\/v2\/types\/page"}],"author":[{"embeddable":true,"href":"https:\/\/alice.ch\/it\/wp-json\/wp\/v2\/users\/4"}],"replies":[{"embeddable":true,"href":"https:\/\/alice.ch\/it\/wp-json\/wp\/v2\/comments?post=11251"}],"version-history":[{"count":31,"href":"https:\/\/alice.ch\/it\/wp-json\/wp\/v2\/pages\/11251\/revisions"}],"predecessor-version":[{"id":69129,"href":"https:\/\/alice.ch\/it\/wp-json\/wp\/v2\/pages\/11251\/revisions\/69129"}],"up":[{"embeddable":true,"href":"https:\/\/alice.ch\/it\/wp-json\/wp\/v2\/pages\/17407"}],"wp:featuredmedia":[{"embeddable":true,"href":"https:\/\/alice.ch\/it\/wp-json\/wp\/v2\/media\/20799"}],"wp:attachment":[{"href":"https:\/\/alice.ch\/it\/wp-json\/wp\/v2\/media?parent=11251"}],"curies":[{"name":"wp","href":"https:\/\/api.w.org\/{rel}","templated":true}]}}