{"id":11257,"date":"2022-10-03T10:12:41","date_gmt":"2022-10-03T08:12:41","guid":{"rendered":"https:\/\/projects.atxeit.ch\/sveb\/qualitaet-in-der-weiterbildung\/qualitaetslabels\/akkreditierung-von-business-und-management-schulen\/"},"modified":"2023-02-24T10:08:54","modified_gmt":"2023-02-24T09:08:54","slug":"accreditamento-internazionale-e-certificazione-di-scuole","status":"publish","type":"page","link":"https:\/\/alice.ch\/it\/qualita\/qualita-nella-formazione-continua\/i-label-di-qualita-nella-formazione-continua\/accreditamento-internazionale-e-certificazione-di-scuole\/","title":{"rendered":"Accreditamento internazionale e certificazione di scuole"},"content":{"rendered":"\n<div class=\"wp-block-group is-style-reduced-width is-layout-flow wp-block-group-is-layout-flow\">\n<h1 class=\"wp-block-heading\">Accreditamento internazionale e certificazione di scuole di business e management<\/h1>\n\n\n\n<p class=\"is-style-lead\">A livello internazionale esistono molteplici accreditamenti e certificazioni per le scuole di business e management, ovvero per i loro corsi e le loro formazioni. Alcuni importanti certificati vengono presentati qui di seguito (lista non esaustiva).<\/p>\n\n\n\n<h2 class=\"wp-block-heading\"><a href=\"https:\/\/www.associationofmbas.com\/\" target=\"_blank\" rel=\"noreferrer noopener\">AMBA<\/a>&nbsp;(Association of MBAs)<\/h2>\n\n\n\n<p>Marchio di qualit\u00e0 britannico per l\u2019accreditamento di scuole di business sulla base di standard di qualit\u00e0. AMBA si concentra sulla formazione in ambito economico, in particolare sui percorsi di studio MBA e i relativi gruppi target.<\/p>\n\n\n\n<p>In Svizzera diverse scuole universitarie e istituti di formazione internazionali possono esibire un accreditamento AMBA.<\/p>\n\n\n\n<h2 class=\"wp-block-heading\"><a href=\"https:\/\/www.aacsb.edu\/\" target=\"_blank\" rel=\"noreferrer noopener\">AACSB<\/a>&nbsp;(Association to Advance Collegiate Schools of Business)<\/h2>\n\n\n\n<p>Marchio di qualit\u00e0 americano per l\u2019accreditamento di scuole di business sulla base di standard di qualit\u00e0. AACSB \u00e8 orientato alla garanzia e allo sviluppo della qualit\u00e0 della formazione nell\u2019ambito dell\u2019economia (aziendale).<\/p>\n\n\n\n<p>In Svizzera alcune scuole universitarie e istituti di formazione internazionali possono esibire un accreditamento AMBA.<\/p>\n\n\n\n<h2 class=\"wp-block-heading\"><a href=\"https:\/\/www.efmdglobal.org\/accreditations\/business-schools\/equis\/\" target=\"_blank\" rel=\"noreferrer noopener\">EQUIS<\/a>&nbsp;(European Quality Improvement System<strong>)<\/strong><\/h2>\n\n\n\n<p>Marchio di qualit\u00e0 europeo per scuole di business che si basa sul miglioramento della qualit\u00e0 e l\u2019informazione dei gruppi di interesse come i ranking. In Svizzera circa 15 scuole di business sono membri dell\u2019EQUIS.<\/p>\n\n\n\n<h2 class=\"wp-block-heading\"><a href=\"https:\/\/www.fibaa.org\/\" target=\"_blank\" rel=\"noreferrer noopener\">FIBAA<\/a>&nbsp;(Foundation for International Business Administration Accreditation)<\/h2>\n\n\n\n<p>La FIBAA \u00e8 un marchio di qualit\u00e0 tedesco per scuole universitarie, programmi di studio e corsi di formazione continua. Il principale ambito di attivit\u00e0 della FIBAA \u00e8 la valutazione dei programmi di studio orientati all\u2019economia, al diritto e alle scienze sociali.<\/p>\n\n\n\n<p>In Svizzera diversi corsi di studio e programmi orientati all\u2019economia sono accreditati presso la FIBAA.<\/p>\n\n\n\n<p>Ulteriori marchi di qualit\u00e0 sono&nbsp;<a href=\"https:\/\/acbsp.org\/\" target=\"_blank\" rel=\"noreferrer noopener\"><strong>ACBSP<\/strong><\/a>&nbsp;(Accreditation Council for Business Schools and Programs) e&nbsp;<a href=\"https:\/\/iacbe.org\/\" target=\"_blank\" rel=\"noreferrer noopener\"><strong>IACBE<\/strong><\/a>&nbsp;(International Accreditation Council for Business Education), che sono specializzati nell\u2019accreditamento di scuole e programmi di business.<\/p>\n\n\n\n<p>Fonti: siti web delle istituzioni internazionali di accreditamento.<\/p>\n\n\n\n<h2 class=\"wp-block-heading\">Contatto<\/h2>\n\n\n\n<div class=\"wp-block-columns is-layout-flex wp-container-core-columns-is-layout-28f84493 wp-block-columns-is-layout-flex\">\n<div class=\"wp-block-column is-layout-flow wp-block-column-is-layout-flow\" style=\"flex-basis:50%\"><div class=\"contact-persons\">\n\n\t\t\t\t\t<div class=\"contact-person\">\n\t\t\t\t\tSegretariato regionale eduQua<br \/>\t\t\t\t\t\t\t\t\t\t<br \/>\n\t\t\t\t\tvia Besso 84<br \/>\r\n6900 Lugano-Massagno<br \/>\t\t\t\t\t<a href=\"tel:+41 (0)91 950 84 16\">+41 (0)91 950 84 16<\/a><br \/>\t\t\t\t\t<a href=\"mailto:fseaticino@alice.ch\">fseaticino@alice.ch<\/a><br \/>\t\t\t\t\t<\/div>\n\t\t\t\t\t<\/div>\n<\/div>\n\n\n\n<div class=\"wp-block-column is-layout-flow wp-block-column-is-layout-flow\" style=\"flex-basis:50%\"><\/div>\n<\/div>\n<\/div>\n","protected":false},"excerpt":{"rendered":"<p>Accreditamento internazionale e certificazione di scuole di business e management A livello internazionale esistono molteplici accreditamenti e certificazioni per le [&hellip;]<\/p>\n","protected":false},"author":4,"featured_media":20799,"parent":11255,"menu_order":305,"comment_status":"closed","ping_status":"closed","template":"","meta":{"_acf_changed":false,"inline_featured_image":false,"footnotes":""},"class_list":["post-11257","page","type-page","status-publish","has-post-thumbnail","hentry"],"acf":[],"yoast_head":"<!-- This site is optimized with the Yoast SEO plugin v27.3 - https:\/\/yoast.com\/product\/yoast-seo-wordpress\/ -->\n<title>Accreditamento internazionale e certificazione di scuole - FSEA<\/title>\n<meta name=\"robots\" content=\"index, follow, max-snippet:-1, max-image-preview:large, max-video-preview:-1\" \/>\n<link rel=\"canonical\" href=\"https:\/\/alice.ch\/it\/qualita\/qualita-nella-formazione-continua\/i-label-di-qualita-nella-formazione-continua\/accreditamento-internazionale-e-certificazione-di-scuole\/\" \/>\n<meta property=\"og:locale\" content=\"it_IT\" \/>\n<meta property=\"og:type\" content=\"article\" \/>\n<meta property=\"og:title\" content=\"Accreditamento internazionale e certificazione di scuole - FSEA\" \/>\n<meta property=\"og:description\" content=\"Accreditamento internazionale e certificazione di scuole di business e management A livello internazionale esistono molteplici accreditamenti e certificazioni per le [&hellip;]\" \/>\n<meta property=\"og:url\" content=\"https:\/\/alice.ch\/it\/qualita\/qualita-nella-formazione-continua\/i-label-di-qualita-nella-formazione-continua\/accreditamento-internazionale-e-certificazione-di-scuole\/\" \/>\n<meta property=\"og:site_name\" content=\"SVEB\" \/>\n<meta property=\"article:modified_time\" content=\"2023-02-24T09:08:54+00:00\" \/>\n<meta name=\"twitter:card\" content=\"summary_large_image\" \/>\n<meta name=\"twitter:label1\" content=\"Tempo di lettura stimato\" \/>\n\t<meta name=\"twitter:data1\" content=\"2 minuti\" \/>\n<script type=\"application\/ld+json\" class=\"yoast-schema-graph\">{\"@context\":\"https:\\\/\\\/schema.org\",\"@graph\":[{\"@type\":\"WebPage\",\"@id\":\"https:\\\/\\\/alice.ch\\\/it\\\/qualita\\\/qualita-nella-formazione-continua\\\/i-label-di-qualita-nella-formazione-continua\\\/accreditamento-internazionale-e-certificazione-di-scuole\\\/\",\"url\":\"https:\\\/\\\/alice.ch\\\/it\\\/qualita\\\/qualita-nella-formazione-continua\\\/i-label-di-qualita-nella-formazione-continua\\\/accreditamento-internazionale-e-certificazione-di-scuole\\\/\",\"name\":\"Accreditamento internazionale e certificazione di scuole - FSEA\",\"isPartOf\":{\"@id\":\"https:\\\/\\\/alice.ch\\\/it\\\/#website\"},\"primaryImageOfPage\":{\"@id\":\"https:\\\/\\\/alice.ch\\\/it\\\/qualita\\\/qualita-nella-formazione-continua\\\/i-label-di-qualita-nella-formazione-continua\\\/accreditamento-internazionale-e-certificazione-di-scuole\\\/#primaryimage\"},\"image\":{\"@id\":\"https:\\\/\\\/alice.ch\\\/it\\\/qualita\\\/qualita-nella-formazione-continua\\\/i-label-di-qualita-nella-formazione-continua\\\/accreditamento-internazionale-e-certificazione-di-scuole\\\/#primaryimage\"},\"thumbnailUrl\":\"https:\\\/\\\/alice.ch\\\/app\\\/uploads\\\/2022\\\/11\\\/default.jpg\",\"datePublished\":\"2022-10-03T08:12:41+00:00\",\"dateModified\":\"2023-02-24T09:08:54+00:00\",\"breadcrumb\":{\"@id\":\"https:\\\/\\\/alice.ch\\\/it\\\/qualita\\\/qualita-nella-formazione-continua\\\/i-label-di-qualita-nella-formazione-continua\\\/accreditamento-internazionale-e-certificazione-di-scuole\\\/#breadcrumb\"},\"inLanguage\":\"it-IT\",\"potentialAction\":[{\"@type\":\"ReadAction\",\"target\":[\"https:\\\/\\\/alice.ch\\\/it\\\/qualita\\\/qualita-nella-formazione-continua\\\/i-label-di-qualita-nella-formazione-continua\\\/accreditamento-internazionale-e-certificazione-di-scuole\\\/\"]}]},{\"@type\":\"ImageObject\",\"inLanguage\":\"it-IT\",\"@id\":\"https:\\\/\\\/alice.ch\\\/it\\\/qualita\\\/qualita-nella-formazione-continua\\\/i-label-di-qualita-nella-formazione-continua\\\/accreditamento-internazionale-e-certificazione-di-scuole\\\/#primaryimage\",\"url\":\"https:\\\/\\\/alice.ch\\\/app\\\/uploads\\\/2022\\\/11\\\/default.jpg\",\"contentUrl\":\"https:\\\/\\\/alice.ch\\\/app\\\/uploads\\\/2022\\\/11\\\/default.jpg\",\"width\":1600,\"height\":900},{\"@type\":\"BreadcrumbList\",\"@id\":\"https:\\\/\\\/alice.ch\\\/it\\\/qualita\\\/qualita-nella-formazione-continua\\\/i-label-di-qualita-nella-formazione-continua\\\/accreditamento-internazionale-e-certificazione-di-scuole\\\/#breadcrumb\",\"itemListElement\":[{\"@type\":\"ListItem\",\"position\":1,\"name\":\"Pagina iniziale\",\"item\":\"https:\\\/\\\/alice.ch\\\/it\\\/\"},{\"@type\":\"ListItem\",\"position\":2,\"name\":\"Qualit\u00e0\",\"item\":\"https:\\\/\\\/alice.ch\\\/it\\\/qualita\\\/\"},{\"@type\":\"ListItem\",\"position\":3,\"name\":\"Qualit\u00e0 nella formazione continua\",\"item\":\"https:\\\/\\\/alice.ch\\\/it\\\/qualita\\\/qualita-nella-formazione-continua\\\/\"},{\"@type\":\"ListItem\",\"position\":4,\"name\":\"I label di qualit\u00e0 nella formazione continua\",\"item\":\"https:\\\/\\\/alice.ch\\\/it\\\/qualita\\\/qualita-nella-formazione-continua\\\/i-label-di-qualita-nella-formazione-continua\\\/\"},{\"@type\":\"ListItem\",\"position\":5,\"name\":\"Accreditamento internazionale e certificazione di scuole\"}]},{\"@type\":\"WebSite\",\"@id\":\"https:\\\/\\\/alice.ch\\\/it\\\/#website\",\"url\":\"https:\\\/\\\/alice.ch\\\/it\\\/\",\"name\":\"alice.ch (Adult Learning Information Center) ist das Portal der Weiterbildung in der Schweiz.\",\"description\":\"Schweizerischer Verband f\u00fcr Weiterbildung\",\"publisher\":{\"@id\":\"https:\\\/\\\/alice.ch\\\/it\\\/#organization\"},\"potentialAction\":[{\"@type\":\"SearchAction\",\"target\":{\"@type\":\"EntryPoint\",\"urlTemplate\":\"https:\\\/\\\/alice.ch\\\/it\\\/?s={search_term_string}\"},\"query-input\":{\"@type\":\"PropertyValueSpecification\",\"valueRequired\":true,\"valueName\":\"search_term_string\"}}],\"inLanguage\":\"it-IT\"},{\"@type\":\"Organization\",\"@id\":\"https:\\\/\\\/alice.ch\\\/it\\\/#organization\",\"name\":\"FSEA Federazione svizzera per la formazione continua\",\"url\":\"https:\\\/\\\/alice.ch\\\/it\\\/\",\"logo\":{\"@type\":\"ImageObject\",\"inLanguage\":\"it-IT\",\"@id\":\"https:\\\/\\\/alice.ch\\\/it\\\/#\\\/schema\\\/logo\\\/image\\\/\",\"url\":\"https:\\\/\\\/alice.ch\\\/app\\\/uploads\\\/2022\\\/07\\\/logo-sveb.png\",\"contentUrl\":\"https:\\\/\\\/alice.ch\\\/app\\\/uploads\\\/2022\\\/07\\\/logo-sveb.png\",\"width\":145,\"height\":64,\"caption\":\"FSEA Federazione svizzera per la formazione continua\"},\"image\":{\"@id\":\"https:\\\/\\\/alice.ch\\\/it\\\/#\\\/schema\\\/logo\\\/image\\\/\"},\"sameAs\":[\"https:\\\/\\\/www.linkedin.com\\\/company\\\/schweizerischer-verband-fr-weiterbildung-sveb\\\/\"]}]}<\/script>\n<!-- \/ Yoast SEO plugin. -->","yoast_head_json":{"title":"Accreditamento internazionale e certificazione di scuole - FSEA","robots":{"index":"index","follow":"follow","max-snippet":"max-snippet:-1","max-image-preview":"max-image-preview:large","max-video-preview":"max-video-preview:-1"},"canonical":"https:\/\/alice.ch\/it\/qualita\/qualita-nella-formazione-continua\/i-label-di-qualita-nella-formazione-continua\/accreditamento-internazionale-e-certificazione-di-scuole\/","og_locale":"it_IT","og_type":"article","og_title":"Accreditamento internazionale e certificazione di scuole - FSEA","og_description":"Accreditamento internazionale e certificazione di scuole di business e management A livello internazionale esistono molteplici accreditamenti e certificazioni per le [&hellip;]","og_url":"https:\/\/alice.ch\/it\/qualita\/qualita-nella-formazione-continua\/i-label-di-qualita-nella-formazione-continua\/accreditamento-internazionale-e-certificazione-di-scuole\/","og_site_name":"SVEB","article_modified_time":"2023-02-24T09:08:54+00:00","twitter_card":"summary_large_image","twitter_misc":{"Tempo di lettura stimato":"2 minuti"},"schema":{"@context":"https:\/\/schema.org","@graph":[{"@type":"WebPage","@id":"https:\/\/alice.ch\/it\/qualita\/qualita-nella-formazione-continua\/i-label-di-qualita-nella-formazione-continua\/accreditamento-internazionale-e-certificazione-di-scuole\/","url":"https:\/\/alice.ch\/it\/qualita\/qualita-nella-formazione-continua\/i-label-di-qualita-nella-formazione-continua\/accreditamento-internazionale-e-certificazione-di-scuole\/","name":"Accreditamento internazionale e certificazione di scuole - FSEA","isPartOf":{"@id":"https:\/\/alice.ch\/it\/#website"},"primaryImageOfPage":{"@id":"https:\/\/alice.ch\/it\/qualita\/qualita-nella-formazione-continua\/i-label-di-qualita-nella-formazione-continua\/accreditamento-internazionale-e-certificazione-di-scuole\/#primaryimage"},"image":{"@id":"https:\/\/alice.ch\/it\/qualita\/qualita-nella-formazione-continua\/i-label-di-qualita-nella-formazione-continua\/accreditamento-internazionale-e-certificazione-di-scuole\/#primaryimage"},"thumbnailUrl":"https:\/\/alice.ch\/app\/uploads\/2022\/11\/default.jpg","datePublished":"2022-10-03T08:12:41+00:00","dateModified":"2023-02-24T09:08:54+00:00","breadcrumb":{"@id":"https:\/\/alice.ch\/it\/qualita\/qualita-nella-formazione-continua\/i-label-di-qualita-nella-formazione-continua\/accreditamento-internazionale-e-certificazione-di-scuole\/#breadcrumb"},"inLanguage":"it-IT","potentialAction":[{"@type":"ReadAction","target":["https:\/\/alice.ch\/it\/qualita\/qualita-nella-formazione-continua\/i-label-di-qualita-nella-formazione-continua\/accreditamento-internazionale-e-certificazione-di-scuole\/"]}]},{"@type":"ImageObject","inLanguage":"it-IT","@id":"https:\/\/alice.ch\/it\/qualita\/qualita-nella-formazione-continua\/i-label-di-qualita-nella-formazione-continua\/accreditamento-internazionale-e-certificazione-di-scuole\/#primaryimage","url":"https:\/\/alice.ch\/app\/uploads\/2022\/11\/default.jpg","contentUrl":"https:\/\/alice.ch\/app\/uploads\/2022\/11\/default.jpg","width":1600,"height":900},{"@type":"BreadcrumbList","@id":"https:\/\/alice.ch\/it\/qualita\/qualita-nella-formazione-continua\/i-label-di-qualita-nella-formazione-continua\/accreditamento-internazionale-e-certificazione-di-scuole\/#breadcrumb","itemListElement":[{"@type":"ListItem","position":1,"name":"Pagina iniziale","item":"https:\/\/alice.ch\/it\/"},{"@type":"ListItem","position":2,"name":"Qualit\u00e0","item":"https:\/\/alice.ch\/it\/qualita\/"},{"@type":"ListItem","position":3,"name":"Qualit\u00e0 nella formazione continua","item":"https:\/\/alice.ch\/it\/qualita\/qualita-nella-formazione-continua\/"},{"@type":"ListItem","position":4,"name":"I label di qualit\u00e0 nella formazione continua","item":"https:\/\/alice.ch\/it\/qualita\/qualita-nella-formazione-continua\/i-label-di-qualita-nella-formazione-continua\/"},{"@type":"ListItem","position":5,"name":"Accreditamento internazionale e certificazione di scuole"}]},{"@type":"WebSite","@id":"https:\/\/alice.ch\/it\/#website","url":"https:\/\/alice.ch\/it\/","name":"alice.ch (Adult Learning Information Center) ist das Portal der Weiterbildung in der Schweiz.","description":"Schweizerischer Verband f\u00fcr Weiterbildung","publisher":{"@id":"https:\/\/alice.ch\/it\/#organization"},"potentialAction":[{"@type":"SearchAction","target":{"@type":"EntryPoint","urlTemplate":"https:\/\/alice.ch\/it\/?s={search_term_string}"},"query-input":{"@type":"PropertyValueSpecification","valueRequired":true,"valueName":"search_term_string"}}],"inLanguage":"it-IT"},{"@type":"Organization","@id":"https:\/\/alice.ch\/it\/#organization","name":"FSEA Federazione svizzera per la formazione continua","url":"https:\/\/alice.ch\/it\/","logo":{"@type":"ImageObject","inLanguage":"it-IT","@id":"https:\/\/alice.ch\/it\/#\/schema\/logo\/image\/","url":"https:\/\/alice.ch\/app\/uploads\/2022\/07\/logo-sveb.png","contentUrl":"https:\/\/alice.ch\/app\/uploads\/2022\/07\/logo-sveb.png","width":145,"height":64,"caption":"FSEA Federazione svizzera per la formazione continua"},"image":{"@id":"https:\/\/alice.ch\/it\/#\/schema\/logo\/image\/"},"sameAs":["https:\/\/www.linkedin.com\/company\/schweizerischer-verband-fr-weiterbildung-sveb\/"]}]}},"_links":{"self":[{"href":"https:\/\/alice.ch\/it\/wp-json\/wp\/v2\/pages\/11257","targetHints":{"allow":["GET"]}}],"collection":[{"href":"https:\/\/alice.ch\/it\/wp-json\/wp\/v2\/pages"}],"about":[{"href":"https:\/\/alice.ch\/it\/wp-json\/wp\/v2\/types\/page"}],"author":[{"embeddable":true,"href":"https:\/\/alice.ch\/it\/wp-json\/wp\/v2\/users\/4"}],"replies":[{"embeddable":true,"href":"https:\/\/alice.ch\/it\/wp-json\/wp\/v2\/comments?post=11257"}],"version-history":[{"count":3,"href":"https:\/\/alice.ch\/it\/wp-json\/wp\/v2\/pages\/11257\/revisions"}],"predecessor-version":[{"id":45841,"href":"https:\/\/alice.ch\/it\/wp-json\/wp\/v2\/pages\/11257\/revisions\/45841"}],"up":[{"embeddable":true,"href":"https:\/\/alice.ch\/it\/wp-json\/wp\/v2\/pages\/11255"}],"wp:featuredmedia":[{"embeddable":true,"href":"https:\/\/alice.ch\/it\/wp-json\/wp\/v2\/media\/20799"}],"wp:attachment":[{"href":"https:\/\/alice.ch\/it\/wp-json\/wp\/v2\/media?parent=11257"}],"curies":[{"name":"wp","href":"https:\/\/api.w.org\/{rel}","templated":true}]}}