{"id":11259,"date":"2022-10-03T10:16:36","date_gmt":"2022-10-03T08:16:36","guid":{"rendered":"https:\/\/projects.atxeit.ch\/sveb\/qualitaet-in-der-weiterbildung\/qualitaetslabels\/internationale-qualitaetslabels-fuer-sprachschulen\/"},"modified":"2022-11-21T15:46:21","modified_gmt":"2022-11-21T14:46:21","slug":"label-di-qualita-internazionali-per-scuole-di-lingua","status":"publish","type":"page","link":"https:\/\/alice.ch\/it\/qualita\/qualita-nella-formazione-continua\/i-label-di-qualita-nella-formazione-continua\/label-di-qualita-internazionali-per-scuole-di-lingua\/","title":{"rendered":"Label di qualit\u00e0 internazionali per scuole di lingua"},"content":{"rendered":"\n<div class=\"wp-block-group is-style-reduced-width is-layout-flow wp-block-group-is-layout-flow\">\n<h1 class=\"wp-block-heading\">Label di qualit\u00e0 internazionali per scuole di lingua<\/h1>\n\n\n\n<p class=\"is-style-lead\">Per le scuole di lingua esiste una serie di certificati di qualit\u00e0 internazionali e delle regioni linguistiche cos\u00ec come associazioni di settore con standard di qualit\u00e0 comuni. La lista seguente non \u00e8 esaustiva.<\/p>\n\n\n\n<p><a href=\"https:\/\/ihworld.com\/about\/quality-and-inspections\/\" target=\"_blank\" rel=\"noreferrer noopener\"><strong>IH International House World Organisation<\/strong><\/a>&nbsp;\u00e8 un\u2019organizzazione internazionale che riunisce circa 160 scuole di lingua indipendenti in oltre 50 paesi. Gli standard di qualit\u00e0 delle scuole concernenti le lezioni, la formazione di base e continua degli impiegati, i locali e la gestione interna della qualit\u00e0 vengono verificati regolarmente da ispettori esterni.&nbsp;<\/p>\n\n\n\n<p><a href=\"https:\/\/www.eaquals.org\/accreditation\/\" target=\"_blank\" rel=\"noreferrer noopener\"><strong>EAQUALS Excellence in Language Education<\/strong><\/a>&nbsp;\u00e8 l\u2019organizzazione europea che ispeziona le scuole di lingua e promuove la qualit\u00e0 riguardo agli studenti, i dipendenti e gli stakeholder. Le scuole di lingua possono farsi accreditare tramite un processo a pi\u00f9 livelli. EAQUALS lavora insieme al Consiglio d\u2019Europa e lo consiglia al fine di migliorare l\u2019offerta di corsi di lingua per migranti adulti.<\/p>\n\n\n\n<p><a href=\"https:\/\/www.ialc.org\/about-us\/ialc-quality-standards\/\" target=\"_blank\" rel=\"noreferrer noopener\"><strong>IALC International Association of Language Centres<\/strong><\/a>&nbsp;\u00e8 un\u2019associazione di circa 140 scuole di lingua indipendenti che si concentrano sull\u2019insegnamento della\/e lingua\/e nazionale\/i. Per l\u2019accreditamento le scuole devono soddisfare gli standard di qualit\u00e0 definiti dall\u2019associazione nell\u2019ambito delle dimensioni, delle lezioni e dell\u2019alloggio.<\/p>\n\n\n\n<p><a href=\"https:\/\/icc-languages.eu\/about-us\/\" target=\"_blank\" rel=\"noreferrer noopener\"><strong>ICC The International Certificate Conference \u2013 The International Language Association e.V.<\/strong><\/a>&nbsp;promuove la qualit\u00e0 delle lezioni di lingua straniera assicurando la qualit\u00e0 dei corsi e offrendo linee guida e criteri per la valutazione di scuole e corsi.<\/p>\n\n\n\n<p>Il&nbsp;<a href=\"https:\/\/www.britishcouncil.org\/school-resources\/accreditation\" target=\"_blank\" rel=\"noreferrer noopener\"><strong>British Council<\/strong><\/a>, come ente benfico, promuove la comprensione delle persone in Gran Bretagna e in altri paesi attraverso arte e cultura, formazione e lingua. Il British Council riconosce le scuole o le premia per prestazioni particolari.<\/p>\n\n\n\n<p>Il label di qualit\u00e0&nbsp;<a href=\"https:\/\/www.fle.fr\/Le-label-qualite-FLE\" target=\"_blank\" rel=\"noreferrer noopener\"><strong>FLE Fran\u00e7ais Langue \u00c9trang\u00e8re<\/strong><\/a>&nbsp;viene assegnato da tre ministeri francesi a scuole di lingua. Vengono verificati accoglienza, locali, gestione, insegnanti e programmi dei corsi.<\/p>\n\n\n\n<p><a href=\"https:\/\/www.asils.it\/en\/numbers-and-quality\/\" target=\"_blank\" rel=\"noreferrer noopener\"><strong>A.S.I.L.S. Association of Schools of Italian as a Second Language<\/strong><\/a>&nbsp;riunisce numerose scuole di lingua italiana in Italia e altri paesi che vengono verificate regolarmente da organismi di certificazione indipendenti.<\/p>\n\n\n\n<p>Fonti: siti web dei certificati e delle organizzazioni di qualit\u00e0 internazionali<\/p>\n\n\n\n<h2 class=\"wp-block-heading\">Contatto<\/h2>\n\n\n\n<div class=\"wp-block-columns is-layout-flex wp-container-core-columns-is-layout-28f84493 wp-block-columns-is-layout-flex\">\n<div class=\"wp-block-column is-layout-flow wp-block-column-is-layout-flow\" style=\"flex-basis:50%\"><div class=\"contact-persons\">\n\n\t\t\t\t\t<div class=\"contact-person\">\n\t\t\t\t\tSegretariato regionale eduQua<br \/>\t\t\t\t\t\t\t\t\t\t<br \/>\n\t\t\t\t\tvia Besso 84<br \/>\r\n6900 Lugano-Massagno<br \/>\t\t\t\t\t<a href=\"tel:+41 (0)91 950 84 16\">+41 (0)91 950 84 16<\/a><br \/>\t\t\t\t\t<a href=\"mailto:fseaticino@alice.ch\">fseaticino@alice.ch<\/a><br \/>\t\t\t\t\t<\/div>\n\t\t\t\t\t<\/div>\n<\/div>\n\n\n\n<div class=\"wp-block-column is-layout-flow wp-block-column-is-layout-flow\" style=\"flex-basis:50%\"><\/div>\n<\/div>\n<\/div>\n","protected":false},"excerpt":{"rendered":"<p>Label di qualit\u00e0 internazionali per scuole di lingua Per le scuole di lingua esiste una serie di certificati di qualit\u00e0 [&hellip;]<\/p>\n","protected":false},"author":4,"featured_media":20799,"parent":11255,"menu_order":312,"comment_status":"closed","ping_status":"closed","template":"","meta":{"_acf_changed":false,"inline_featured_image":false,"footnotes":""},"class_list":["post-11259","page","type-page","status-publish","has-post-thumbnail","hentry"],"acf":[],"yoast_head":"<!-- This site is optimized with the Yoast SEO plugin v27.3 - https:\/\/yoast.com\/product\/yoast-seo-wordpress\/ -->\n<title>Label di qualit\u00e0 internazionali per scuole di lingua - FSEA<\/title>\n<meta name=\"robots\" content=\"index, follow, max-snippet:-1, max-image-preview:large, max-video-preview:-1\" \/>\n<link rel=\"canonical\" href=\"https:\/\/alice.ch\/it\/qualita\/qualita-nella-formazione-continua\/i-label-di-qualita-nella-formazione-continua\/label-di-qualita-internazionali-per-scuole-di-lingua\/\" \/>\n<meta property=\"og:locale\" content=\"it_IT\" \/>\n<meta property=\"og:type\" content=\"article\" \/>\n<meta property=\"og:title\" content=\"Label di qualit\u00e0 internazionali per scuole di lingua - FSEA\" \/>\n<meta property=\"og:description\" content=\"Label di qualit\u00e0 internazionali per scuole di lingua Per le scuole di lingua esiste una serie di certificati di qualit\u00e0 [&hellip;]\" \/>\n<meta property=\"og:url\" content=\"https:\/\/alice.ch\/it\/qualita\/qualita-nella-formazione-continua\/i-label-di-qualita-nella-formazione-continua\/label-di-qualita-internazionali-per-scuole-di-lingua\/\" \/>\n<meta property=\"og:site_name\" content=\"SVEB\" \/>\n<meta property=\"article:modified_time\" content=\"2022-11-21T14:46:21+00:00\" \/>\n<meta property=\"og:image\" content=\"https:\/\/alice.ch\/app\/uploads\/2022\/11\/default.jpg\" \/>\n\t<meta property=\"og:image:width\" content=\"1600\" \/>\n\t<meta property=\"og:image:height\" content=\"900\" \/>\n\t<meta property=\"og:image:type\" content=\"image\/jpeg\" \/>\n<meta name=\"twitter:card\" content=\"summary_large_image\" \/>\n<meta name=\"twitter:label1\" content=\"Tempo di lettura stimato\" \/>\n\t<meta name=\"twitter:data1\" content=\"2 minuti\" \/>\n<script type=\"application\/ld+json\" class=\"yoast-schema-graph\">{\"@context\":\"https:\\\/\\\/schema.org\",\"@graph\":[{\"@type\":\"WebPage\",\"@id\":\"https:\\\/\\\/alice.ch\\\/it\\\/qualita\\\/qualita-nella-formazione-continua\\\/i-label-di-qualita-nella-formazione-continua\\\/label-di-qualita-internazionali-per-scuole-di-lingua\\\/\",\"url\":\"https:\\\/\\\/alice.ch\\\/it\\\/qualita\\\/qualita-nella-formazione-continua\\\/i-label-di-qualita-nella-formazione-continua\\\/label-di-qualita-internazionali-per-scuole-di-lingua\\\/\",\"name\":\"Label di qualit\u00e0 internazionali per scuole di lingua - FSEA\",\"isPartOf\":{\"@id\":\"https:\\\/\\\/alice.ch\\\/it\\\/#website\"},\"primaryImageOfPage\":{\"@id\":\"https:\\\/\\\/alice.ch\\\/it\\\/qualita\\\/qualita-nella-formazione-continua\\\/i-label-di-qualita-nella-formazione-continua\\\/label-di-qualita-internazionali-per-scuole-di-lingua\\\/#primaryimage\"},\"image\":{\"@id\":\"https:\\\/\\\/alice.ch\\\/it\\\/qualita\\\/qualita-nella-formazione-continua\\\/i-label-di-qualita-nella-formazione-continua\\\/label-di-qualita-internazionali-per-scuole-di-lingua\\\/#primaryimage\"},\"thumbnailUrl\":\"https:\\\/\\\/alice.ch\\\/app\\\/uploads\\\/2022\\\/11\\\/default.jpg\",\"datePublished\":\"2022-10-03T08:16:36+00:00\",\"dateModified\":\"2022-11-21T14:46:21+00:00\",\"breadcrumb\":{\"@id\":\"https:\\\/\\\/alice.ch\\\/it\\\/qualita\\\/qualita-nella-formazione-continua\\\/i-label-di-qualita-nella-formazione-continua\\\/label-di-qualita-internazionali-per-scuole-di-lingua\\\/#breadcrumb\"},\"inLanguage\":\"it-IT\",\"potentialAction\":[{\"@type\":\"ReadAction\",\"target\":[\"https:\\\/\\\/alice.ch\\\/it\\\/qualita\\\/qualita-nella-formazione-continua\\\/i-label-di-qualita-nella-formazione-continua\\\/label-di-qualita-internazionali-per-scuole-di-lingua\\\/\"]}]},{\"@type\":\"ImageObject\",\"inLanguage\":\"it-IT\",\"@id\":\"https:\\\/\\\/alice.ch\\\/it\\\/qualita\\\/qualita-nella-formazione-continua\\\/i-label-di-qualita-nella-formazione-continua\\\/label-di-qualita-internazionali-per-scuole-di-lingua\\\/#primaryimage\",\"url\":\"https:\\\/\\\/alice.ch\\\/app\\\/uploads\\\/2022\\\/11\\\/default.jpg\",\"contentUrl\":\"https:\\\/\\\/alice.ch\\\/app\\\/uploads\\\/2022\\\/11\\\/default.jpg\",\"width\":1600,\"height\":900},{\"@type\":\"BreadcrumbList\",\"@id\":\"https:\\\/\\\/alice.ch\\\/it\\\/qualita\\\/qualita-nella-formazione-continua\\\/i-label-di-qualita-nella-formazione-continua\\\/label-di-qualita-internazionali-per-scuole-di-lingua\\\/#breadcrumb\",\"itemListElement\":[{\"@type\":\"ListItem\",\"position\":1,\"name\":\"Pagina iniziale\",\"item\":\"https:\\\/\\\/alice.ch\\\/it\\\/\"},{\"@type\":\"ListItem\",\"position\":2,\"name\":\"Qualit\u00e0\",\"item\":\"https:\\\/\\\/alice.ch\\\/it\\\/qualita\\\/\"},{\"@type\":\"ListItem\",\"position\":3,\"name\":\"Qualit\u00e0 nella formazione continua\",\"item\":\"https:\\\/\\\/alice.ch\\\/it\\\/qualita\\\/qualita-nella-formazione-continua\\\/\"},{\"@type\":\"ListItem\",\"position\":4,\"name\":\"I label di qualit\u00e0 nella formazione continua\",\"item\":\"https:\\\/\\\/alice.ch\\\/it\\\/qualita\\\/qualita-nella-formazione-continua\\\/i-label-di-qualita-nella-formazione-continua\\\/\"},{\"@type\":\"ListItem\",\"position\":5,\"name\":\"Label di qualit\u00e0 internazionali per scuole di lingua\"}]},{\"@type\":\"WebSite\",\"@id\":\"https:\\\/\\\/alice.ch\\\/it\\\/#website\",\"url\":\"https:\\\/\\\/alice.ch\\\/it\\\/\",\"name\":\"alice.ch (Adult Learning Information Center) ist das Portal der Weiterbildung in der Schweiz.\",\"description\":\"Schweizerischer Verband f\u00fcr Weiterbildung\",\"publisher\":{\"@id\":\"https:\\\/\\\/alice.ch\\\/it\\\/#organization\"},\"potentialAction\":[{\"@type\":\"SearchAction\",\"target\":{\"@type\":\"EntryPoint\",\"urlTemplate\":\"https:\\\/\\\/alice.ch\\\/it\\\/?s={search_term_string}\"},\"query-input\":{\"@type\":\"PropertyValueSpecification\",\"valueRequired\":true,\"valueName\":\"search_term_string\"}}],\"inLanguage\":\"it-IT\"},{\"@type\":\"Organization\",\"@id\":\"https:\\\/\\\/alice.ch\\\/it\\\/#organization\",\"name\":\"FSEA Federazione svizzera per la formazione continua\",\"url\":\"https:\\\/\\\/alice.ch\\\/it\\\/\",\"logo\":{\"@type\":\"ImageObject\",\"inLanguage\":\"it-IT\",\"@id\":\"https:\\\/\\\/alice.ch\\\/it\\\/#\\\/schema\\\/logo\\\/image\\\/\",\"url\":\"https:\\\/\\\/alice.ch\\\/app\\\/uploads\\\/2022\\\/07\\\/logo-sveb.png\",\"contentUrl\":\"https:\\\/\\\/alice.ch\\\/app\\\/uploads\\\/2022\\\/07\\\/logo-sveb.png\",\"width\":145,\"height\":64,\"caption\":\"FSEA Federazione svizzera per la formazione continua\"},\"image\":{\"@id\":\"https:\\\/\\\/alice.ch\\\/it\\\/#\\\/schema\\\/logo\\\/image\\\/\"},\"sameAs\":[\"https:\\\/\\\/www.linkedin.com\\\/company\\\/schweizerischer-verband-fr-weiterbildung-sveb\\\/\"]}]}<\/script>\n<!-- \/ Yoast SEO plugin. -->","yoast_head_json":{"title":"Label di qualit\u00e0 internazionali per scuole di lingua - FSEA","robots":{"index":"index","follow":"follow","max-snippet":"max-snippet:-1","max-image-preview":"max-image-preview:large","max-video-preview":"max-video-preview:-1"},"canonical":"https:\/\/alice.ch\/it\/qualita\/qualita-nella-formazione-continua\/i-label-di-qualita-nella-formazione-continua\/label-di-qualita-internazionali-per-scuole-di-lingua\/","og_locale":"it_IT","og_type":"article","og_title":"Label di qualit\u00e0 internazionali per scuole di lingua - FSEA","og_description":"Label di qualit\u00e0 internazionali per scuole di lingua Per le scuole di lingua esiste una serie di certificati di qualit\u00e0 [&hellip;]","og_url":"https:\/\/alice.ch\/it\/qualita\/qualita-nella-formazione-continua\/i-label-di-qualita-nella-formazione-continua\/label-di-qualita-internazionali-per-scuole-di-lingua\/","og_site_name":"SVEB","article_modified_time":"2022-11-21T14:46:21+00:00","og_image":[{"width":1600,"height":900,"url":"https:\/\/alice.ch\/app\/uploads\/2022\/11\/default.jpg","type":"image\/jpeg"}],"twitter_card":"summary_large_image","twitter_misc":{"Tempo di lettura stimato":"2 minuti"},"schema":{"@context":"https:\/\/schema.org","@graph":[{"@type":"WebPage","@id":"https:\/\/alice.ch\/it\/qualita\/qualita-nella-formazione-continua\/i-label-di-qualita-nella-formazione-continua\/label-di-qualita-internazionali-per-scuole-di-lingua\/","url":"https:\/\/alice.ch\/it\/qualita\/qualita-nella-formazione-continua\/i-label-di-qualita-nella-formazione-continua\/label-di-qualita-internazionali-per-scuole-di-lingua\/","name":"Label di qualit\u00e0 internazionali per scuole di lingua - FSEA","isPartOf":{"@id":"https:\/\/alice.ch\/it\/#website"},"primaryImageOfPage":{"@id":"https:\/\/alice.ch\/it\/qualita\/qualita-nella-formazione-continua\/i-label-di-qualita-nella-formazione-continua\/label-di-qualita-internazionali-per-scuole-di-lingua\/#primaryimage"},"image":{"@id":"https:\/\/alice.ch\/it\/qualita\/qualita-nella-formazione-continua\/i-label-di-qualita-nella-formazione-continua\/label-di-qualita-internazionali-per-scuole-di-lingua\/#primaryimage"},"thumbnailUrl":"https:\/\/alice.ch\/app\/uploads\/2022\/11\/default.jpg","datePublished":"2022-10-03T08:16:36+00:00","dateModified":"2022-11-21T14:46:21+00:00","breadcrumb":{"@id":"https:\/\/alice.ch\/it\/qualita\/qualita-nella-formazione-continua\/i-label-di-qualita-nella-formazione-continua\/label-di-qualita-internazionali-per-scuole-di-lingua\/#breadcrumb"},"inLanguage":"it-IT","potentialAction":[{"@type":"ReadAction","target":["https:\/\/alice.ch\/it\/qualita\/qualita-nella-formazione-continua\/i-label-di-qualita-nella-formazione-continua\/label-di-qualita-internazionali-per-scuole-di-lingua\/"]}]},{"@type":"ImageObject","inLanguage":"it-IT","@id":"https:\/\/alice.ch\/it\/qualita\/qualita-nella-formazione-continua\/i-label-di-qualita-nella-formazione-continua\/label-di-qualita-internazionali-per-scuole-di-lingua\/#primaryimage","url":"https:\/\/alice.ch\/app\/uploads\/2022\/11\/default.jpg","contentUrl":"https:\/\/alice.ch\/app\/uploads\/2022\/11\/default.jpg","width":1600,"height":900},{"@type":"BreadcrumbList","@id":"https:\/\/alice.ch\/it\/qualita\/qualita-nella-formazione-continua\/i-label-di-qualita-nella-formazione-continua\/label-di-qualita-internazionali-per-scuole-di-lingua\/#breadcrumb","itemListElement":[{"@type":"ListItem","position":1,"name":"Pagina iniziale","item":"https:\/\/alice.ch\/it\/"},{"@type":"ListItem","position":2,"name":"Qualit\u00e0","item":"https:\/\/alice.ch\/it\/qualita\/"},{"@type":"ListItem","position":3,"name":"Qualit\u00e0 nella formazione continua","item":"https:\/\/alice.ch\/it\/qualita\/qualita-nella-formazione-continua\/"},{"@type":"ListItem","position":4,"name":"I label di qualit\u00e0 nella formazione continua","item":"https:\/\/alice.ch\/it\/qualita\/qualita-nella-formazione-continua\/i-label-di-qualita-nella-formazione-continua\/"},{"@type":"ListItem","position":5,"name":"Label di qualit\u00e0 internazionali per scuole di lingua"}]},{"@type":"WebSite","@id":"https:\/\/alice.ch\/it\/#website","url":"https:\/\/alice.ch\/it\/","name":"alice.ch (Adult Learning Information Center) ist das Portal der Weiterbildung in der Schweiz.","description":"Schweizerischer Verband f\u00fcr Weiterbildung","publisher":{"@id":"https:\/\/alice.ch\/it\/#organization"},"potentialAction":[{"@type":"SearchAction","target":{"@type":"EntryPoint","urlTemplate":"https:\/\/alice.ch\/it\/?s={search_term_string}"},"query-input":{"@type":"PropertyValueSpecification","valueRequired":true,"valueName":"search_term_string"}}],"inLanguage":"it-IT"},{"@type":"Organization","@id":"https:\/\/alice.ch\/it\/#organization","name":"FSEA Federazione svizzera per la formazione continua","url":"https:\/\/alice.ch\/it\/","logo":{"@type":"ImageObject","inLanguage":"it-IT","@id":"https:\/\/alice.ch\/it\/#\/schema\/logo\/image\/","url":"https:\/\/alice.ch\/app\/uploads\/2022\/07\/logo-sveb.png","contentUrl":"https:\/\/alice.ch\/app\/uploads\/2022\/07\/logo-sveb.png","width":145,"height":64,"caption":"FSEA Federazione svizzera per la formazione continua"},"image":{"@id":"https:\/\/alice.ch\/it\/#\/schema\/logo\/image\/"},"sameAs":["https:\/\/www.linkedin.com\/company\/schweizerischer-verband-fr-weiterbildung-sveb\/"]}]}},"_links":{"self":[{"href":"https:\/\/alice.ch\/it\/wp-json\/wp\/v2\/pages\/11259","targetHints":{"allow":["GET"]}}],"collection":[{"href":"https:\/\/alice.ch\/it\/wp-json\/wp\/v2\/pages"}],"about":[{"href":"https:\/\/alice.ch\/it\/wp-json\/wp\/v2\/types\/page"}],"author":[{"embeddable":true,"href":"https:\/\/alice.ch\/it\/wp-json\/wp\/v2\/users\/4"}],"replies":[{"embeddable":true,"href":"https:\/\/alice.ch\/it\/wp-json\/wp\/v2\/comments?post=11259"}],"version-history":[{"count":2,"href":"https:\/\/alice.ch\/it\/wp-json\/wp\/v2\/pages\/11259\/revisions"}],"predecessor-version":[{"id":15666,"href":"https:\/\/alice.ch\/it\/wp-json\/wp\/v2\/pages\/11259\/revisions\/15666"}],"up":[{"embeddable":true,"href":"https:\/\/alice.ch\/it\/wp-json\/wp\/v2\/pages\/11255"}],"wp:featuredmedia":[{"embeddable":true,"href":"https:\/\/alice.ch\/it\/wp-json\/wp\/v2\/media\/20799"}],"wp:attachment":[{"href":"https:\/\/alice.ch\/it\/wp-json\/wp\/v2\/media?parent=11259"}],"curies":[{"name":"wp","href":"https:\/\/api.w.org\/{rel}","templated":true}]}}