{"id":11263,"date":"2022-10-03T10:43:17","date_gmt":"2022-10-03T08:43:17","guid":{"rendered":"https:\/\/projects.atxeit.ch\/sveb\/qualitaet-in-der-weiterbildung\/transparente-kursausschreibungen\/"},"modified":"2024-08-13T14:11:59","modified_gmt":"2024-08-13T12:11:59","slug":"pubblicazione-trasparente-dei-corsi","status":"publish","type":"page","link":"https:\/\/alice.ch\/it\/qualita\/qualita-nella-formazione-continua\/pubblicazione-trasparente-dei-corsi\/","title":{"rendered":"Pubblicazione trasparente dei corsi"},"content":{"rendered":"\n<div class=\"wp-block-group alignwide is-style-reduced-width is-layout-flow wp-block-group-is-layout-flow\">\n<h1 class=\"wp-block-heading\">Pubblicazione trasparente dei corsi in internet<\/h1>\n\n\n\n<p class=\"is-style-lead\">La ricerca di una formazione continua adatta non \u00e8 diventata pi\u00f9 semplice per le persone interessate, nonostante i motori di ricerca e le piattaforme online. Non solo \u00e8 difficile confrontare le offerte, ma anche le informazioni rilevanti per il processo decisionale sono talvolta difficili da paragonare nei materiali promozionali che si trovano ad esempio online.<\/p>\n\n\n\n<p>I costi, ad esempio, non sempre indicano in modo trasparente se si tratta di costi totali o se \u00e8 necessario prevedere costi aggiuntivi per materiale didattico, esami, certificati, ecc. Spesso la descrizione del pubblico di riferimento non include il livello di ingresso o ancora, i contenuti sono descritti in modo parziale.<a href=\"https:\/\/alice.ch\/it\/pubblicazione-trasparente\/carta-per-la-pubblicazione-trasparente-dei-corsi\/\"><\/a><\/p>\n\n\n\n<div class=\"wp-block-columns is-layout-flex wp-container-core-columns-is-layout-28f84493 wp-block-columns-is-layout-flex\">\n<div class=\"wp-block-column is-layout-flow wp-block-column-is-layout-flow\" style=\"flex-basis:20%\">\n<figure class=\"wp-block-image size-full is-style-no-border\"><a href=\"https:\/\/alice.ch\/it\/qualita\/qualita-nella-formazione-continua\/pubblicazione-trasparente-dei-corsi\/carta-per-la-pubblicazione-trasparente-dei-corsi\/\"><img decoding=\"async\" width=\"441\" height=\"482\" src=\"https:\/\/alice.ch\/app\/uploads\/2022\/11\/icon-transparente-kursausschreibung.jpeg\" alt=\"\" class=\"wp-image-6705\" srcset=\"https:\/\/alice.ch\/app\/uploads\/2022\/11\/icon-transparente-kursausschreibung.jpeg 441w, https:\/\/alice.ch\/app\/uploads\/2022\/11\/icon-transparente-kursausschreibung-274x300.jpeg 274w\" sizes=\"(max-width: 441px) 100vw, 441px\" \/><\/a><\/figure>\n<\/div>\n\n\n\n<div class=\"wp-block-column is-layout-flow wp-block-column-is-layout-flow\" style=\"flex-basis:80%\">\n<h2 class=\"wp-block-heading\">Carta per la pubblicazione trasparente dei corsi<\/h2>\n\n\n\n<p>Attraverso la Carta vorremmo motivare tutti gli enti erogatori di formazione a dare un segnale per una maggiore trasparenza nella formazione continua.<\/p>\n<\/div>\n<\/div>\n\n\n\n<div class=\"wp-block-columns is-layout-flex wp-container-core-columns-is-layout-28f84493 wp-block-columns-is-layout-flex\">\n<div class=\"wp-block-column is-layout-flow wp-block-column-is-layout-flow\">\n<div class=\"wp-block-buttons is-layout-flex wp-block-buttons-is-layout-flex\">\n<div class=\"wp-block-button is-style-outline is-style-outline--1\"><a class=\"wp-block-button__link wp-element-button\" href=\"https:\/\/alice.ch\/it\/qualita\/qualita-nella-formazione-continua\/pubblicazione-trasparente-dei-corsi\/carta-per-la-pubblicazione-trasparente-dei-corsi\/\">Carta per la pubblicazione trasparente dei corsi<\/a><\/div>\n<\/div>\n<\/div>\n\n\n\n<div class=\"wp-block-column is-layout-flow wp-block-column-is-layout-flow\"><\/div>\n<\/div>\n\n\n\n<h2 class=\"wp-block-heading\">Linee guida per una maggiore qualit\u00e0 dell&#8217;informazione<\/h2>\n\n\n\n<p>La FSEA, insieme a degli esperti della formazione continua, ha definito dei criteri per una buona qualit\u00e0 dell&#8217;informazione nella pubblicazione delle offerte formative (corsi, moduli, percorsi formativi). Per i corsi che non portano all\u2019ottenimento di titoli si possono adottare dei criteri minimi, mentre sono necessarie informazioni maggiormente dettagliate per la pubblicazione dei corsi che portano a una qualifica. Si opera quindi una distinzione nella definizione dei criteri da applicare in base agli obiettivi del corso. I criteri di trasparenza dovrebbero servire come linee guida generali per la pubblicazione dei corsi su internet.<\/p>\n\n\n\n<div class=\"wp-block-columns is-layout-flex wp-container-core-columns-is-layout-28f84493 wp-block-columns-is-layout-flex\">\n<div class=\"wp-block-column is-layout-flow wp-block-column-is-layout-flow\" style=\"flex-basis:50%\">\n<div class=\"wp-block-file is-style-minimal\"><a id=\"wp-block-file--media-cf18d065-6795-4e8a-9c70-4096fc9b80fe\" href=\"https:\/\/alice.ch\/app\/uploads\/2022\/11\/Criteri_di_trasparenza_per_la_pubblicazione_dei_corsi_Transparente_Kursausschreibung_I_01-1.pdf\" target=\"_blank\" rel=\"noreferrer noopener\">Lista dei criteri per una pubblicazione trasparente dei corsi (PDF)<br \/>PDF &#8211; 64 KB<\/a><\/div>\n<\/div>\n<\/div>\n\n\n\n<h2 class=\"wp-block-heading\">Guida all&#8217;orientamento per chi cerca corsi<\/h2>\n\n\n\n<p>La seguente check-list ha lo scopo di aiutare i potenziali partecipanti ai corsi a trovare un programma di formazione continua adeguato che soddisfi le loro esigenze e aspettative individuali e soddisfi gli standard di qualit\u00e0 di base per la formazione continua.<\/p>\n\n\n\n<div class=\"wp-block-columns is-layout-flex wp-container-core-columns-is-layout-28f84493 wp-block-columns-is-layout-flex\">\n<div class=\"wp-block-column is-layout-flow wp-block-column-is-layout-flow\">\n<div class=\"wp-block-buttons is-layout-flex wp-block-buttons-is-layout-flex\">\n<div class=\"wp-block-button is-style-outline is-style-outline--2\"><a class=\"wp-block-button__link wp-element-button\" href=\"https:\/\/alice.ch\/it\/qualita\/qualita-nella-formazione-continua\/checklist-per-i-partecipanti-ai-corsi\/\">Check-list per i partecipanti ai corsi<\/a><\/div>\n<\/div>\n<\/div>\n\n\n\n<div class=\"wp-block-column is-layout-flow wp-block-column-is-layout-flow\"><\/div>\n<\/div>\n\n\n\n<h2 class=\"wp-block-heading\">Contatto<\/h2>\n\n\n\n<div class=\"wp-block-columns is-layout-flex wp-container-core-columns-is-layout-28f84493 wp-block-columns-is-layout-flex\">\n<div class=\"wp-block-column is-layout-flow wp-block-column-is-layout-flow\" style=\"flex-basis:50%\"><div class=\"contact-persons\">\n\n\t\t\t\t\t<div class=\"contact-person\">\n\t\t\t\t\tMichelle Mathys<br \/>\t\t\t\t\tResponsabile del settore marketing<br \/>\t\t\t\t\t<br \/>\n\t\t\t\t\t\t\t\t\t\t<a href=\"tel:+41 (0)44 319 71 55\">+41 (0)44 319 71 55<\/a><br \/>\t\t\t\t\t<a href=\"mailto:michelle.mathys@alice.ch\">michelle.mathys@alice.ch<\/a><br \/>\t\t\t\t\t<\/div>\n\t\t\t\t\t<\/div>\n<\/div>\n\n\n\n<div class=\"wp-block-column is-layout-flow wp-block-column-is-layout-flow\" style=\"flex-basis:50%\"><\/div>\n<\/div>\n<\/div>\n","protected":false},"excerpt":{"rendered":"<p>Pubblicazione trasparente dei corsi in internet La ricerca di una formazione continua adatta non \u00e8 diventata pi\u00f9 semplice per le [&hellip;]<\/p>\n","protected":false},"author":4,"featured_media":20799,"parent":11251,"menu_order":269,"comment_status":"closed","ping_status":"closed","template":"","meta":{"_acf_changed":false,"inline_featured_image":false,"footnotes":""},"class_list":["post-11263","page","type-page","status-publish","has-post-thumbnail","hentry"],"acf":[],"yoast_head":"<!-- This site is optimized with the Yoast SEO plugin v27.3 - https:\/\/yoast.com\/product\/yoast-seo-wordpress\/ -->\n<title>Pubblicazione trasparente dei corsi - FSEA<\/title>\n<meta name=\"description\" content=\"Con la sua carta per la pubblicit\u00e0 trasparente dei corsi, la FSEA incoraggia i fornitori di corsi a essere pi\u00f9 trasparenti.\" \/>\n<meta name=\"robots\" content=\"index, follow, max-snippet:-1, max-image-preview:large, max-video-preview:-1\" \/>\n<link rel=\"canonical\" href=\"https:\/\/alice.ch\/it\/qualita\/qualita-nella-formazione-continua\/pubblicazione-trasparente-dei-corsi\/\" \/>\n<meta property=\"og:locale\" content=\"it_IT\" \/>\n<meta property=\"og:type\" content=\"article\" \/>\n<meta property=\"og:title\" content=\"Pubblicazione trasparente dei corsi - FSEA\" \/>\n<meta property=\"og:description\" content=\"Con la sua carta per la pubblicit\u00e0 trasparente dei corsi, la FSEA incoraggia i fornitori di corsi a essere pi\u00f9 trasparenti.\" \/>\n<meta property=\"og:url\" content=\"https:\/\/alice.ch\/it\/qualita\/qualita-nella-formazione-continua\/pubblicazione-trasparente-dei-corsi\/\" \/>\n<meta property=\"og:site_name\" content=\"SVEB\" \/>\n<meta property=\"article:modified_time\" content=\"2024-08-13T12:11:59+00:00\" \/>\n<meta property=\"og:image\" content=\"https:\/\/alice.ch\/app\/uploads\/2022\/11\/icon-transparente-kursausschreibung.jpeg\" \/>\n<meta name=\"twitter:card\" content=\"summary_large_image\" \/>\n<meta name=\"twitter:label1\" content=\"Tempo di lettura stimato\" \/>\n\t<meta name=\"twitter:data1\" content=\"2 minuti\" \/>\n<script type=\"application\/ld+json\" class=\"yoast-schema-graph\">{\"@context\":\"https:\\\/\\\/schema.org\",\"@graph\":[{\"@type\":\"WebPage\",\"@id\":\"https:\\\/\\\/alice.ch\\\/it\\\/qualita\\\/qualita-nella-formazione-continua\\\/pubblicazione-trasparente-dei-corsi\\\/\",\"url\":\"https:\\\/\\\/alice.ch\\\/it\\\/qualita\\\/qualita-nella-formazione-continua\\\/pubblicazione-trasparente-dei-corsi\\\/\",\"name\":\"Pubblicazione trasparente dei corsi - FSEA\",\"isPartOf\":{\"@id\":\"https:\\\/\\\/alice.ch\\\/it\\\/#website\"},\"primaryImageOfPage\":{\"@id\":\"https:\\\/\\\/alice.ch\\\/it\\\/qualita\\\/qualita-nella-formazione-continua\\\/pubblicazione-trasparente-dei-corsi\\\/#primaryimage\"},\"image\":{\"@id\":\"https:\\\/\\\/alice.ch\\\/it\\\/qualita\\\/qualita-nella-formazione-continua\\\/pubblicazione-trasparente-dei-corsi\\\/#primaryimage\"},\"thumbnailUrl\":\"https:\\\/\\\/alice.ch\\\/app\\\/uploads\\\/2022\\\/11\\\/default.jpg\",\"datePublished\":\"2022-10-03T08:43:17+00:00\",\"dateModified\":\"2024-08-13T12:11:59+00:00\",\"description\":\"Con la sua carta per la pubblicit\u00e0 trasparente dei corsi, la FSEA incoraggia i fornitori di corsi a essere pi\u00f9 trasparenti.\",\"breadcrumb\":{\"@id\":\"https:\\\/\\\/alice.ch\\\/it\\\/qualita\\\/qualita-nella-formazione-continua\\\/pubblicazione-trasparente-dei-corsi\\\/#breadcrumb\"},\"inLanguage\":\"it-IT\",\"potentialAction\":[{\"@type\":\"ReadAction\",\"target\":[\"https:\\\/\\\/alice.ch\\\/it\\\/qualita\\\/qualita-nella-formazione-continua\\\/pubblicazione-trasparente-dei-corsi\\\/\"]}]},{\"@type\":\"ImageObject\",\"inLanguage\":\"it-IT\",\"@id\":\"https:\\\/\\\/alice.ch\\\/it\\\/qualita\\\/qualita-nella-formazione-continua\\\/pubblicazione-trasparente-dei-corsi\\\/#primaryimage\",\"url\":\"https:\\\/\\\/alice.ch\\\/app\\\/uploads\\\/2022\\\/11\\\/default.jpg\",\"contentUrl\":\"https:\\\/\\\/alice.ch\\\/app\\\/uploads\\\/2022\\\/11\\\/default.jpg\",\"width\":1600,\"height\":900},{\"@type\":\"BreadcrumbList\",\"@id\":\"https:\\\/\\\/alice.ch\\\/it\\\/qualita\\\/qualita-nella-formazione-continua\\\/pubblicazione-trasparente-dei-corsi\\\/#breadcrumb\",\"itemListElement\":[{\"@type\":\"ListItem\",\"position\":1,\"name\":\"Pagina iniziale\",\"item\":\"https:\\\/\\\/alice.ch\\\/it\\\/\"},{\"@type\":\"ListItem\",\"position\":2,\"name\":\"Qualit\u00e0\",\"item\":\"https:\\\/\\\/alice.ch\\\/it\\\/qualita\\\/\"},{\"@type\":\"ListItem\",\"position\":3,\"name\":\"Qualit\u00e0 nella formazione continua\",\"item\":\"https:\\\/\\\/alice.ch\\\/it\\\/qualita\\\/qualita-nella-formazione-continua\\\/\"},{\"@type\":\"ListItem\",\"position\":4,\"name\":\"Pubblicazione trasparente dei corsi\"}]},{\"@type\":\"WebSite\",\"@id\":\"https:\\\/\\\/alice.ch\\\/it\\\/#website\",\"url\":\"https:\\\/\\\/alice.ch\\\/it\\\/\",\"name\":\"alice.ch (Adult Learning Information Center) ist das Portal der Weiterbildung in der Schweiz.\",\"description\":\"Schweizerischer Verband f\u00fcr Weiterbildung\",\"publisher\":{\"@id\":\"https:\\\/\\\/alice.ch\\\/it\\\/#organization\"},\"potentialAction\":[{\"@type\":\"SearchAction\",\"target\":{\"@type\":\"EntryPoint\",\"urlTemplate\":\"https:\\\/\\\/alice.ch\\\/it\\\/?s={search_term_string}\"},\"query-input\":{\"@type\":\"PropertyValueSpecification\",\"valueRequired\":true,\"valueName\":\"search_term_string\"}}],\"inLanguage\":\"it-IT\"},{\"@type\":\"Organization\",\"@id\":\"https:\\\/\\\/alice.ch\\\/it\\\/#organization\",\"name\":\"FSEA Federazione svizzera per la formazione continua\",\"url\":\"https:\\\/\\\/alice.ch\\\/it\\\/\",\"logo\":{\"@type\":\"ImageObject\",\"inLanguage\":\"it-IT\",\"@id\":\"https:\\\/\\\/alice.ch\\\/it\\\/#\\\/schema\\\/logo\\\/image\\\/\",\"url\":\"https:\\\/\\\/alice.ch\\\/app\\\/uploads\\\/2022\\\/07\\\/logo-sveb.png\",\"contentUrl\":\"https:\\\/\\\/alice.ch\\\/app\\\/uploads\\\/2022\\\/07\\\/logo-sveb.png\",\"width\":145,\"height\":64,\"caption\":\"FSEA Federazione svizzera per la formazione continua\"},\"image\":{\"@id\":\"https:\\\/\\\/alice.ch\\\/it\\\/#\\\/schema\\\/logo\\\/image\\\/\"},\"sameAs\":[\"https:\\\/\\\/www.linkedin.com\\\/company\\\/schweizerischer-verband-fr-weiterbildung-sveb\\\/\"]}]}<\/script>\n<!-- \/ Yoast SEO plugin. -->","yoast_head_json":{"title":"Pubblicazione trasparente dei corsi - FSEA","description":"Con la sua carta per la pubblicit\u00e0 trasparente dei corsi, la FSEA incoraggia i fornitori di corsi a essere pi\u00f9 trasparenti.","robots":{"index":"index","follow":"follow","max-snippet":"max-snippet:-1","max-image-preview":"max-image-preview:large","max-video-preview":"max-video-preview:-1"},"canonical":"https:\/\/alice.ch\/it\/qualita\/qualita-nella-formazione-continua\/pubblicazione-trasparente-dei-corsi\/","og_locale":"it_IT","og_type":"article","og_title":"Pubblicazione trasparente dei corsi - FSEA","og_description":"Con la sua carta per la pubblicit\u00e0 trasparente dei corsi, la FSEA incoraggia i fornitori di corsi a essere pi\u00f9 trasparenti.","og_url":"https:\/\/alice.ch\/it\/qualita\/qualita-nella-formazione-continua\/pubblicazione-trasparente-dei-corsi\/","og_site_name":"SVEB","article_modified_time":"2024-08-13T12:11:59+00:00","og_image":[{"url":"https:\/\/alice.ch\/app\/uploads\/2022\/11\/icon-transparente-kursausschreibung.jpeg","type":"","width":"","height":""}],"twitter_card":"summary_large_image","twitter_misc":{"Tempo di lettura stimato":"2 minuti"},"schema":{"@context":"https:\/\/schema.org","@graph":[{"@type":"WebPage","@id":"https:\/\/alice.ch\/it\/qualita\/qualita-nella-formazione-continua\/pubblicazione-trasparente-dei-corsi\/","url":"https:\/\/alice.ch\/it\/qualita\/qualita-nella-formazione-continua\/pubblicazione-trasparente-dei-corsi\/","name":"Pubblicazione trasparente dei corsi - FSEA","isPartOf":{"@id":"https:\/\/alice.ch\/it\/#website"},"primaryImageOfPage":{"@id":"https:\/\/alice.ch\/it\/qualita\/qualita-nella-formazione-continua\/pubblicazione-trasparente-dei-corsi\/#primaryimage"},"image":{"@id":"https:\/\/alice.ch\/it\/qualita\/qualita-nella-formazione-continua\/pubblicazione-trasparente-dei-corsi\/#primaryimage"},"thumbnailUrl":"https:\/\/alice.ch\/app\/uploads\/2022\/11\/default.jpg","datePublished":"2022-10-03T08:43:17+00:00","dateModified":"2024-08-13T12:11:59+00:00","description":"Con la sua carta per la pubblicit\u00e0 trasparente dei corsi, la FSEA incoraggia i fornitori di corsi a essere pi\u00f9 trasparenti.","breadcrumb":{"@id":"https:\/\/alice.ch\/it\/qualita\/qualita-nella-formazione-continua\/pubblicazione-trasparente-dei-corsi\/#breadcrumb"},"inLanguage":"it-IT","potentialAction":[{"@type":"ReadAction","target":["https:\/\/alice.ch\/it\/qualita\/qualita-nella-formazione-continua\/pubblicazione-trasparente-dei-corsi\/"]}]},{"@type":"ImageObject","inLanguage":"it-IT","@id":"https:\/\/alice.ch\/it\/qualita\/qualita-nella-formazione-continua\/pubblicazione-trasparente-dei-corsi\/#primaryimage","url":"https:\/\/alice.ch\/app\/uploads\/2022\/11\/default.jpg","contentUrl":"https:\/\/alice.ch\/app\/uploads\/2022\/11\/default.jpg","width":1600,"height":900},{"@type":"BreadcrumbList","@id":"https:\/\/alice.ch\/it\/qualita\/qualita-nella-formazione-continua\/pubblicazione-trasparente-dei-corsi\/#breadcrumb","itemListElement":[{"@type":"ListItem","position":1,"name":"Pagina iniziale","item":"https:\/\/alice.ch\/it\/"},{"@type":"ListItem","position":2,"name":"Qualit\u00e0","item":"https:\/\/alice.ch\/it\/qualita\/"},{"@type":"ListItem","position":3,"name":"Qualit\u00e0 nella formazione continua","item":"https:\/\/alice.ch\/it\/qualita\/qualita-nella-formazione-continua\/"},{"@type":"ListItem","position":4,"name":"Pubblicazione trasparente dei corsi"}]},{"@type":"WebSite","@id":"https:\/\/alice.ch\/it\/#website","url":"https:\/\/alice.ch\/it\/","name":"alice.ch (Adult Learning Information Center) ist das Portal der Weiterbildung in der Schweiz.","description":"Schweizerischer Verband f\u00fcr Weiterbildung","publisher":{"@id":"https:\/\/alice.ch\/it\/#organization"},"potentialAction":[{"@type":"SearchAction","target":{"@type":"EntryPoint","urlTemplate":"https:\/\/alice.ch\/it\/?s={search_term_string}"},"query-input":{"@type":"PropertyValueSpecification","valueRequired":true,"valueName":"search_term_string"}}],"inLanguage":"it-IT"},{"@type":"Organization","@id":"https:\/\/alice.ch\/it\/#organization","name":"FSEA Federazione svizzera per la formazione continua","url":"https:\/\/alice.ch\/it\/","logo":{"@type":"ImageObject","inLanguage":"it-IT","@id":"https:\/\/alice.ch\/it\/#\/schema\/logo\/image\/","url":"https:\/\/alice.ch\/app\/uploads\/2022\/07\/logo-sveb.png","contentUrl":"https:\/\/alice.ch\/app\/uploads\/2022\/07\/logo-sveb.png","width":145,"height":64,"caption":"FSEA Federazione svizzera per la formazione continua"},"image":{"@id":"https:\/\/alice.ch\/it\/#\/schema\/logo\/image\/"},"sameAs":["https:\/\/www.linkedin.com\/company\/schweizerischer-verband-fr-weiterbildung-sveb\/"]}]}},"_links":{"self":[{"href":"https:\/\/alice.ch\/it\/wp-json\/wp\/v2\/pages\/11263","targetHints":{"allow":["GET"]}}],"collection":[{"href":"https:\/\/alice.ch\/it\/wp-json\/wp\/v2\/pages"}],"about":[{"href":"https:\/\/alice.ch\/it\/wp-json\/wp\/v2\/types\/page"}],"author":[{"embeddable":true,"href":"https:\/\/alice.ch\/it\/wp-json\/wp\/v2\/users\/4"}],"replies":[{"embeddable":true,"href":"https:\/\/alice.ch\/it\/wp-json\/wp\/v2\/comments?post=11263"}],"version-history":[{"count":10,"href":"https:\/\/alice.ch\/it\/wp-json\/wp\/v2\/pages\/11263\/revisions"}],"predecessor-version":[{"id":61453,"href":"https:\/\/alice.ch\/it\/wp-json\/wp\/v2\/pages\/11263\/revisions\/61453"}],"up":[{"embeddable":true,"href":"https:\/\/alice.ch\/it\/wp-json\/wp\/v2\/pages\/11251"}],"wp:featuredmedia":[{"embeddable":true,"href":"https:\/\/alice.ch\/it\/wp-json\/wp\/v2\/media\/20799"}],"wp:attachment":[{"href":"https:\/\/alice.ch\/it\/wp-json\/wp\/v2\/media?parent=11263"}],"curies":[{"name":"wp","href":"https:\/\/api.w.org\/{rel}","templated":true}]}}